{"id":9291,"date":"2016-03-30T12:19:09","date_gmt":"2016-03-30T10:19:09","guid":{"rendered":"http:\/\/nitorlack.com\/barniz\/sin%20categorizar\/grain-acqua-fillers\/"},"modified":"2026-04-14T00:32:49","modified_gmt":"2026-04-13T22:32:49","slug":"grain-acqua-fillers","status":"publish","type":"product","link":"https:\/\/nitorlack.com\/it\/barniz\/accesori\/grain-fillers-it-2\/grain-acqua-fillers\/","title":{"rendered":"GRAIN ACQUA FILLERS"},"content":{"rendered":"<div class=\"wpb-content-wrapper\"><p>[vc_row][vc_column][vc_column_text]<\/p>\n<h1 style=\"text-align: center;\">Riempie facilmente il poro del legno con lo stucco Grain<\/h1>\n<p>[\/vc_column_text][\/vc_column][\/vc_row][vc_row][vc_column][vc_video link=&#8221;https:\/\/youtu.be\/l_AtSQL2b2Y?si=zxcgh2xBiJzFH1VS&#8221; el_width=&#8221;70&#8243; align=&#8221;center&#8221; css=&#8221;&#8221;][\/vc_column][\/vc_row][vc_row][vc_column][vc_video link=&#8221;https:\/\/www.youtube.com\/watch?v=C3I7ZTgyLwA&amp;feature=youtu.be&#8221; el_width=&#8221;70&#8243; align=&#8221;center&#8221;][\/vc_column][\/vc_row][vc_row][vc_column][vc_column_text]<\/p>\n<h2>\u00a0Il primo passo per una verniciatura impeccabile<\/h2>\n<p>Lo stucco per venature Nitorlack \u00e8 un prodotto studiato per riempire i pori del legno e preparare la superficie al processo di verniciatura, in modo che risulti il pi\u00f9 professionale possibile.<\/p>\n<p>Il prodotto \u00e8 compatibile con i nostri coloranti a base d&#8217;acqua per ottenere la tonalit\u00e0 desiderata.<\/p>\n<p>\u00c8 possibile regolare la densit\u00e0 con acqua, \u00e8 facile da applicare, si asciuga rapidamente, non si screpola e ha una buona carteggiatura.<\/p>\n<p>\u00c8 particolarmente indicato per legni a poro aperto e di grandi dimensioni come il mogano, il frassino o il palissandro.<\/p>\n<h2>Questo prodotto \u00e8 la scelta migliore per riempire e livellare i pori del legno prima della verniciatura<\/h2>\n<ul>\n<li style=\"list-style-type: none;\">\n<ul>\n<li>Tutto il necessario per una finitura professionale<\/li>\n<li>Riempie i pori del legno senza cedimenti, restringimenti o crepe<\/li>\n<li>Compatibile con tutte le finiture<\/li>\n<li>Compatibile con tutte le macchie, i sottosmalti e i rivestimenti<\/li>\n<li>Colori sviluppati appositamente per gli strument<\/li>\n<li>Neutral \u00e8 perfetto per tinte personalizzate con coloranti<\/li>\n<li>Facile da applicare, asciuga velocemente e sabbia facilmente<\/li>\n<li>Non tossico, senza solventi e non infiammabile<\/li>\n<li>Grain Filler \u00e8 fornito come una polvere fine, pronta da mescolare con acqua (un rapporto 1: 2 di acqua per riempire funziona per noi). Applicare sul legno<\/li>\n<li>Rimuovere l&#8217;eccesso, lasciare asciugare, levigare la superficie a livello e pulire con un panno umido &#8211; \u00e8 facile! Ora sei pronto a spruzzare una finitura liscia, impeccabile e professionale<\/li>\n<\/ul>\n<\/li>\n<\/ul>\n<p>Non c&#8217;\u00e8 bisogno di preoccuparsi della durata di conservazione: se conservato all&#8217;asciutto, il filler durer\u00e0 indefinitamente.<\/p>\n<p class=\"line-height-150 cke-line-height\">Confezione da 250 ml<\/p>\n<p><em><strong><span class=\"hpverdanaFF0000\">PREPARAZIONE<\/span><\/strong><\/em><\/p>\n<p>Mettere lo stucco di grano in una ciotola con circa il 10% di acqua calda e mescolarlo fino a che non sia privo di grumi e abbia una consistenza adatta all&#8217;applicazione.<\/p>\n<p><img loading=\"lazy\" decoding=\"async\" class=\"alignleft size-thumbnail wp-image-48100\" src=\"http:\/\/nitorlack.com\/wp-content\/uploads\/2016\/03\/5035-1-150x108.jpg\" alt=\"\" width=\"150\" height=\"108\" srcset=\"https:\/\/nitorlack.com\/wp-content\/uploads\/2016\/03\/5035-1-150x108.jpg 150w, https:\/\/nitorlack.com\/wp-content\/uploads\/2016\/03\/5035-1-160x116.jpg 160w, https:\/\/nitorlack.com\/wp-content\/uploads\/2016\/03\/5035-1.jpg 180w\" sizes=\"auto, (max-width: 150px) 100vw, 150px\" \/><\/p>\n<p>&nbsp;<\/p>\n<p>&nbsp;<\/p>\n<p>&nbsp;<\/p>\n<p>&nbsp;<\/p>\n<p><em><strong><span class=\"hpverdanaFF0000\">APPLICAC<\/span><span class=\"hpverdanaFF0000\">ION<\/span><\/strong><\/em>.<\/p>\n<p><b>1.<\/b> Preparare la superficie carteggiando con carta vetrata a grana 400 e rimuovere qualsiasi solvente o olio residuo.<\/p>\n<p><img loading=\"lazy\" decoding=\"async\" class=\"alignleft size-thumbnail wp-image-48096\" src=\"http:\/\/nitorlack.com\/wp-content\/uploads\/2016\/03\/5035-2-150x100.jpg\" alt=\"\" width=\"150\" height=\"100\" srcset=\"https:\/\/nitorlack.com\/wp-content\/uploads\/2016\/03\/5035-2-150x100.jpg 150w, https:\/\/nitorlack.com\/wp-content\/uploads\/2016\/03\/5035-2-160x107.jpg 160w, https:\/\/nitorlack.com\/wp-content\/uploads\/2016\/03\/5035-2.jpg 180w\" sizes=\"auto, (max-width: 150px) 100vw, 150px\" \/><\/p>\n<p>&nbsp;<\/p>\n<p>&nbsp;<\/p>\n<p>&nbsp;<\/p>\n<p><b>2.<\/b> Applicare lo stucco in direzione della venatura e poi contro la venatura. Lasciare asciugare per 10 minuti.<\/p>\n<p><img loading=\"lazy\" decoding=\"async\" class=\"alignleft size-thumbnail wp-image-48092\" src=\"http:\/\/nitorlack.com\/wp-content\/uploads\/2016\/03\/5035-3-150x108.jpg\" alt=\"\" width=\"150\" height=\"108\" srcset=\"https:\/\/nitorlack.com\/wp-content\/uploads\/2016\/03\/5035-3-150x108.jpg 150w, https:\/\/nitorlack.com\/wp-content\/uploads\/2016\/03\/5035-3-160x116.jpg 160w, https:\/\/nitorlack.com\/wp-content\/uploads\/2016\/03\/5035-3.jpg 180w\" sizes=\"auto, (max-width: 150px) 100vw, 150px\" \/><\/p>\n<p>&nbsp;<\/p>\n<p>&nbsp;<\/p>\n<p>&nbsp;<\/p>\n<p>&nbsp;<\/p>\n<p><b>3.<\/b> Usare una spatola con un angolo di 45 gradi per rimuovere lo stucco di grano in eccesso.<\/p>\n<p><img loading=\"lazy\" decoding=\"async\" class=\"alignleft size-thumbnail wp-image-48088\" src=\"http:\/\/nitorlack.com\/wp-content\/uploads\/2016\/03\/5035-4-150x108.jpg\" alt=\"\" width=\"150\" height=\"108\" srcset=\"https:\/\/nitorlack.com\/wp-content\/uploads\/2016\/03\/5035-4-150x108.jpg 150w, https:\/\/nitorlack.com\/wp-content\/uploads\/2016\/03\/5035-4-160x116.jpg 160w, https:\/\/nitorlack.com\/wp-content\/uploads\/2016\/03\/5035-4.jpg 180w\" sizes=\"auto, (max-width: 150px) 100vw, 150px\" \/><\/p>\n<p>&nbsp;<\/p>\n<p>&nbsp;<\/p>\n<p>&nbsp;<\/p>\n<p>&nbsp;<\/p>\n<p><b>4.<\/b> Una volta asciutto, eliminare i residui con un panno pulito e asciutto.<\/p>\n<p><img loading=\"lazy\" decoding=\"async\" class=\"alignleft size-thumbnail wp-image-48084\" src=\"http:\/\/nitorlack.com\/wp-content\/uploads\/2016\/03\/5035-5-150x108.jpg\" alt=\"\" width=\"150\" height=\"108\" srcset=\"https:\/\/nitorlack.com\/wp-content\/uploads\/2016\/03\/5035-5-150x108.jpg 150w, https:\/\/nitorlack.com\/wp-content\/uploads\/2016\/03\/5035-5-160x116.jpg 160w, https:\/\/nitorlack.com\/wp-content\/uploads\/2016\/03\/5035-5.jpg 180w\" sizes=\"auto, (max-width: 150px) 100vw, 150px\" \/><\/p>\n<p>&nbsp;<\/p>\n<p>&nbsp;<\/p>\n<p>&nbsp;<\/p>\n<p>&nbsp;<\/p>\n<p><b>5.<\/b> Levigare la superficie con carta vetrata a grana 400<\/p>\n<p><img loading=\"lazy\" decoding=\"async\" class=\"alignleft size-thumbnail wp-image-48104\" src=\"http:\/\/nitorlack.com\/wp-content\/uploads\/2016\/03\/5035-6-150x108.jpg\" alt=\"\" width=\"150\" height=\"108\" srcset=\"https:\/\/nitorlack.com\/wp-content\/uploads\/2016\/03\/5035-6-150x108.jpg 150w, https:\/\/nitorlack.com\/wp-content\/uploads\/2016\/03\/5035-6-160x116.jpg 160w, https:\/\/nitorlack.com\/wp-content\/uploads\/2016\/03\/5035-6.jpg 180w\" sizes=\"auto, (max-width: 150px) 100vw, 150px\" \/><\/p>\n<p>&nbsp;<\/p>\n<p>&nbsp;<\/p>\n<p>&nbsp;<\/p>\n<p>&nbsp;<\/p>\n<p>NOTE<\/p>\n<ul>\n<li>Se \u00e8 necessaria un&#8217;applicazione successiva di stucco per cereali, lasciare asciugare per 30 minuti.<\/li>\n<li>Il colore dello stucco di grano pu\u00f2 essere colorato con i nostri coloranti a base d&#8217;acqua.<\/li>\n<li>Attendere 24 ore prima di applicare qualsiasi finitura dopo lo stucco di grano.<\/li>\n<li>Non tossico.<\/li>\n<\/ul>\n<p>Con la garanzia di <a href=\"https:\/\/valresa.com\/\">Valresa Coatings S.A.<\/a><\/p>\n<p>Ecco un <a href=\"https:\/\/nitorlack.com\/it\/blog\/applicazione-grain-filler\/\">link a un articolo<\/a> del nostro blog in cui \u00e8 possibile vedere come chiudere correttamente il poro del legno.[\/vc_column_text][\/vc_column][\/vc_row][vc_row][vc_column][\/vc_column][\/vc_row]<\/p>\n<\/div>","protected":false},"excerpt":{"rendered":"<p>NATURALE &#8211; BLACK- MAHOGANY-\u00a0ROSEWOOD<\/p>\n<p>Prodotto destinato a riempire per legno e preparare la superficie per le successive mani di finitura.<\/p>\n<p>Il prodotto \u00e8 compatibile con i nostri coloranti acqua per dare il tono desiderato.<\/p>\n<p>250 ml contenitore.<\/p>\n","protected":false},"featured_media":72061,"comment_status":"open","ping_status":"closed","template":"","meta":{"om_disable_all_campaigns":false,"site-sidebar-layout":"no-sidebar","site-content-layout":"plain-container","ast-site-content-layout":"normal-width-container","site-content-style":"unboxed","site-sidebar-style":"unboxed","ast-global-header-display":"","ast-banner-title-visibility":"","ast-main-header-display":"","ast-hfb-above-header-display":"","ast-hfb-below-header-display":"","ast-hfb-mobile-header-display":"","site-post-title":"disabled","ast-breadcrumbs-content":"","ast-featured-img":"disabled","footer-sml-layout":"","ast-disable-related-posts":"","theme-transparent-header-meta":"default","adv-header-id-meta":"","stick-header-meta":"default","header-above-stick-meta":"","header-main-stick-meta":"","header-below-stick-meta":"","astra-migrate-meta-layouts":"set","ast-page-background-enabled":"default","ast-page-background-meta":{"desktop":{"background-color":"var(--ast-global-color-4)","background-image":"","background-repeat":"repeat","background-position":"center center","background-size":"auto","background-attachment":"scroll","background-type":"","background-media":"","overlay-type":"","overlay-color":"","overlay-opacity":"","overlay-gradient":""},"tablet":{"background-color":"","background-image":"","background-repeat":"repeat","background-position":"center center","background-size":"auto","background-attachment":"scroll","background-type":"","background-media":"","overlay-type":"","overlay-color":"","overlay-opacity":"","overlay-gradient":""},"mobile":{"background-color":"","background-image":"","background-repeat":"repeat","background-position":"center center","background-size":"auto","background-attachment":"scroll","background-type":"","background-media":"","overlay-type":"","overlay-color":"","overlay-opacity":"","overlay-gradient":""}},"ast-content-background-meta":{"desktop":{"background-color":"var(--ast-global-color-5)","background-image":"","background-repeat":"repeat","background-position":"center center","background-size":"auto","background-attachment":"scroll","background-type":"","background-media":"","overlay-type":"","overlay-color":"","overlay-opacity":"","overlay-gradient":""},"tablet":{"background-color":"var(--ast-global-color-5)","background-image":"","background-repeat":"repeat","background-position":"center center","background-size":"auto","background-attachment":"scroll","background-type":"","background-media":"","overlay-type":"","overlay-color":"","overlay-opacity":"","overlay-gradient":""},"mobile":{"background-color":"var(--ast-global-color-5)","background-image":"","background-repeat":"repeat","background-position":"center center","background-size":"auto","background-attachment":"scroll","background-type":"","background-media":"","overlay-type":"","overlay-color":"","overlay-opacity":"","overlay-gradient":""}}},"product_brand":[],"product_cat":[95,339],"product_tag":[],"class_list":{"0":"post-9291","1":"product","2":"type-product","3":"status-publish","4":"has-post-thumbnail","6":"product_cat-accesori","7":"product_cat-grain-fillers-it-2","8":"desktop-align-center","9":"tablet-align-center","10":"mobile-align-center","11":"ast-product-gallery-layout-horizontal-slider","12":"ast-product-single-variable","13":"ast-product-tabs-layout-horizontal","15":"first","16":"instock","17":"taxable","18":"shipping-taxable","19":"purchasable","20":"product-type-variable"},"bundled_by":[],"bundle_stock_status":"instock","bundle_stock_quantity":5000,"bundle_virtual":false,"bundle_layout":"","bundle_add_to_cart_form_location":"","bundle_editable_in_cart":false,"bundle_sold_individually_context":"","bundle_item_grouping":"","bundle_min_size":"","bundle_max_size":"","bundle_price":[],"bundled_items":[],"bundle_sell_ids":[],"yoast_head":"<!-- This site is optimized with the Yoast SEO plugin v27.3 - https:\/\/yoast.com\/product\/yoast-seo-wordpress\/ -->\n<title>Tappi per pori per legno | NITORLACK<\/title>\n<meta name=\"description\" content=\"Lo stucco per legno Nitorlack \u00e8 un prodotto studiato per riempire i pori del legno e preparare la superficie alla verniciatura.\" \/>\n<meta name=\"robots\" content=\"index, follow, max-snippet:-1, max-image-preview:large, max-video-preview:-1\" \/>\n<link rel=\"canonical\" href=\"https:\/\/nitorlack.com\/it\/barniz\/accesori\/grain-fillers-it-2\/grain-acqua-fillers\/\" \/>\n<meta property=\"og:locale\" content=\"it_IT\" \/>\n<meta property=\"og:type\" content=\"article\" \/>\n<meta property=\"og:title\" content=\"Tappi per pori per legno | NITORLACK\" \/>\n<meta property=\"og:description\" content=\"Lo stucco per legno Nitorlack \u00e8 un prodotto studiato per riempire i pori del legno e preparare la superficie alla verniciatura.\" \/>\n<meta property=\"og:url\" content=\"https:\/\/nitorlack.com\/it\/barniz\/accesori\/grain-fillers-it-2\/grain-acqua-fillers\/\" \/>\n<meta property=\"og:site_name\" content=\"Nitorlack\" \/>\n<meta property=\"article:modified_time\" content=\"2026-04-13T22:32:49+00:00\" \/>\n<meta property=\"og:image\" content=\"https:\/\/nitorlack.com\/wp-content\/uploads\/2024\/05\/BOTE-1.jpg\" \/>\n\t<meta property=\"og:image:width\" content=\"1200\" \/>\n\t<meta property=\"og:image:height\" content=\"1200\" \/>\n\t<meta property=\"og:image:type\" content=\"image\/jpeg\" \/>\n<meta name=\"twitter:card\" content=\"summary_large_image\" \/>\n<meta name=\"twitter:label1\" content=\"Tempo di lettura stimato\" \/>\n\t<meta name=\"twitter:data1\" content=\"4 minuti\" \/>\n<script type=\"application\/ld+json\" class=\"yoast-schema-graph\">{\"@context\":\"https:\\\/\\\/schema.org\",\"@graph\":[{\"@type\":\"WebPage\",\"@id\":\"https:\\\/\\\/nitorlack.com\\\/it\\\/barniz\\\/accesori\\\/grain-fillers-it-2\\\/grain-acqua-fillers\\\/\",\"url\":\"https:\\\/\\\/nitorlack.com\\\/it\\\/barniz\\\/accesori\\\/grain-fillers-it-2\\\/grain-acqua-fillers\\\/\",\"name\":\"Tappi per pori per legno | NITORLACK\",\"isPartOf\":{\"@id\":\"https:\\\/\\\/nitorlack.com\\\/it\\\/#website\"},\"primaryImageOfPage\":{\"@id\":\"https:\\\/\\\/nitorlack.com\\\/it\\\/barniz\\\/accesori\\\/grain-fillers-it-2\\\/grain-acqua-fillers\\\/#primaryimage\"},\"image\":{\"@id\":\"https:\\\/\\\/nitorlack.com\\\/it\\\/barniz\\\/accesori\\\/grain-fillers-it-2\\\/grain-acqua-fillers\\\/#primaryimage\"},\"thumbnailUrl\":\"https:\\\/\\\/nitorlack.com\\\/wp-content\\\/uploads\\\/2024\\\/05\\\/BOTE-1.jpg\",\"datePublished\":\"2016-03-30T10:19:09+00:00\",\"dateModified\":\"2026-04-13T22:32:49+00:00\",\"description\":\"Lo stucco per legno Nitorlack \u00e8 un prodotto studiato per riempire i pori del legno e preparare la superficie alla verniciatura.\",\"breadcrumb\":{\"@id\":\"https:\\\/\\\/nitorlack.com\\\/it\\\/barniz\\\/accesori\\\/grain-fillers-it-2\\\/grain-acqua-fillers\\\/#breadcrumb\"},\"inLanguage\":\"it-IT\",\"potentialAction\":[{\"@type\":\"ReadAction\",\"target\":[\"https:\\\/\\\/nitorlack.com\\\/it\\\/barniz\\\/accesori\\\/grain-fillers-it-2\\\/grain-acqua-fillers\\\/\"]}]},{\"@type\":\"ImageObject\",\"inLanguage\":\"it-IT\",\"@id\":\"https:\\\/\\\/nitorlack.com\\\/it\\\/barniz\\\/accesori\\\/grain-fillers-it-2\\\/grain-acqua-fillers\\\/#primaryimage\",\"url\":\"https:\\\/\\\/nitorlack.com\\\/wp-content\\\/uploads\\\/2024\\\/05\\\/BOTE-1.jpg\",\"contentUrl\":\"https:\\\/\\\/nitorlack.com\\\/wp-content\\\/uploads\\\/2024\\\/05\\\/BOTE-1.jpg\",\"width\":1200,\"height\":1200,\"caption\":\"tapa poros - grain filler\"},{\"@type\":\"BreadcrumbList\",\"@id\":\"https:\\\/\\\/nitorlack.com\\\/it\\\/barniz\\\/accesori\\\/grain-fillers-it-2\\\/grain-acqua-fillers\\\/#breadcrumb\",\"itemListElement\":[{\"@type\":\"ListItem\",\"position\":1,\"name\":\"Copertina\",\"item\":\"https:\\\/\\\/nitorlack.com\\\/it\\\/\"},{\"@type\":\"ListItem\",\"position\":2,\"name\":\"Negozio\",\"item\":\"https:\\\/\\\/nitorlack.com\\\/it\\\/negozio\\\/\"},{\"@type\":\"ListItem\",\"position\":3,\"name\":\"GRAIN ACQUA FILLERS\"}]},{\"@type\":\"WebSite\",\"@id\":\"https:\\\/\\\/nitorlack.com\\\/it\\\/#website\",\"url\":\"https:\\\/\\\/nitorlack.com\\\/it\\\/\",\"name\":\"Nitorlack\",\"description\":\"Guitar Lacquers\",\"publisher\":{\"@id\":\"https:\\\/\\\/nitorlack.com\\\/it\\\/#organization\"},\"potentialAction\":[{\"@type\":\"SearchAction\",\"target\":{\"@type\":\"EntryPoint\",\"urlTemplate\":\"https:\\\/\\\/nitorlack.com\\\/it\\\/?s={search_term_string}\"},\"query-input\":{\"@type\":\"PropertyValueSpecification\",\"valueRequired\":true,\"valueName\":\"search_term_string\"}}],\"inLanguage\":\"it-IT\"},{\"@type\":\"Organization\",\"@id\":\"https:\\\/\\\/nitorlack.com\\\/it\\\/#organization\",\"name\":\"Nitorlack\",\"url\":\"https:\\\/\\\/nitorlack.com\\\/it\\\/\",\"logo\":{\"@type\":\"ImageObject\",\"inLanguage\":\"it-IT\",\"@id\":\"https:\\\/\\\/nitorlack.com\\\/it\\\/#\\\/schema\\\/logo\\\/image\\\/\",\"url\":\"http:\\\/\\\/nitorlack.com\\\/wp-content\\\/uploads\\\/2016\\\/02\\\/cropped-galleta-negra-1.jpg\",\"contentUrl\":\"http:\\\/\\\/nitorlack.com\\\/wp-content\\\/uploads\\\/2016\\\/02\\\/cropped-galleta-negra-1.jpg\",\"width\":512,\"height\":512,\"caption\":\"Nitorlack\"},\"image\":{\"@id\":\"https:\\\/\\\/nitorlack.com\\\/it\\\/#\\\/schema\\\/logo\\\/image\\\/\"}}]}<\/script>\n<!-- \/ Yoast SEO plugin. -->","yoast_head_json":{"title":"Tappi per pori per legno | NITORLACK","description":"Lo stucco per legno Nitorlack \u00e8 un prodotto studiato per riempire i pori del legno e preparare la superficie alla verniciatura.","robots":{"index":"index","follow":"follow","max-snippet":"max-snippet:-1","max-image-preview":"max-image-preview:large","max-video-preview":"max-video-preview:-1"},"canonical":"https:\/\/nitorlack.com\/it\/barniz\/accesori\/grain-fillers-it-2\/grain-acqua-fillers\/","og_locale":"it_IT","og_type":"article","og_title":"Tappi per pori per legno | NITORLACK","og_description":"Lo stucco per legno Nitorlack \u00e8 un prodotto studiato per riempire i pori del legno e preparare la superficie alla verniciatura.","og_url":"https:\/\/nitorlack.com\/it\/barniz\/accesori\/grain-fillers-it-2\/grain-acqua-fillers\/","og_site_name":"Nitorlack","article_modified_time":"2026-04-13T22:32:49+00:00","og_image":[{"width":1200,"height":1200,"url":"https:\/\/nitorlack.com\/wp-content\/uploads\/2024\/05\/BOTE-1.jpg","type":"image\/jpeg"}],"twitter_card":"summary_large_image","twitter_misc":{"Tempo di lettura stimato":"4 minuti"},"schema":{"@context":"https:\/\/schema.org","@graph":[{"@type":"WebPage","@id":"https:\/\/nitorlack.com\/it\/barniz\/accesori\/grain-fillers-it-2\/grain-acqua-fillers\/","url":"https:\/\/nitorlack.com\/it\/barniz\/accesori\/grain-fillers-it-2\/grain-acqua-fillers\/","name":"Tappi per pori per legno | NITORLACK","isPartOf":{"@id":"https:\/\/nitorlack.com\/it\/#website"},"primaryImageOfPage":{"@id":"https:\/\/nitorlack.com\/it\/barniz\/accesori\/grain-fillers-it-2\/grain-acqua-fillers\/#primaryimage"},"image":{"@id":"https:\/\/nitorlack.com\/it\/barniz\/accesori\/grain-fillers-it-2\/grain-acqua-fillers\/#primaryimage"},"thumbnailUrl":"https:\/\/nitorlack.com\/wp-content\/uploads\/2024\/05\/BOTE-1.jpg","datePublished":"2016-03-30T10:19:09+00:00","dateModified":"2026-04-13T22:32:49+00:00","description":"Lo stucco per legno Nitorlack \u00e8 un prodotto studiato per riempire i pori del legno e preparare la superficie alla verniciatura.","breadcrumb":{"@id":"https:\/\/nitorlack.com\/it\/barniz\/accesori\/grain-fillers-it-2\/grain-acqua-fillers\/#breadcrumb"},"inLanguage":"it-IT","potentialAction":[{"@type":"ReadAction","target":["https:\/\/nitorlack.com\/it\/barniz\/accesori\/grain-fillers-it-2\/grain-acqua-fillers\/"]}]},{"@type":"ImageObject","inLanguage":"it-IT","@id":"https:\/\/nitorlack.com\/it\/barniz\/accesori\/grain-fillers-it-2\/grain-acqua-fillers\/#primaryimage","url":"https:\/\/nitorlack.com\/wp-content\/uploads\/2024\/05\/BOTE-1.jpg","contentUrl":"https:\/\/nitorlack.com\/wp-content\/uploads\/2024\/05\/BOTE-1.jpg","width":1200,"height":1200,"caption":"tapa poros - grain filler"},{"@type":"BreadcrumbList","@id":"https:\/\/nitorlack.com\/it\/barniz\/accesori\/grain-fillers-it-2\/grain-acqua-fillers\/#breadcrumb","itemListElement":[{"@type":"ListItem","position":1,"name":"Copertina","item":"https:\/\/nitorlack.com\/it\/"},{"@type":"ListItem","position":2,"name":"Negozio","item":"https:\/\/nitorlack.com\/it\/negozio\/"},{"@type":"ListItem","position":3,"name":"GRAIN ACQUA FILLERS"}]},{"@type":"WebSite","@id":"https:\/\/nitorlack.com\/it\/#website","url":"https:\/\/nitorlack.com\/it\/","name":"Nitorlack","description":"Guitar Lacquers","publisher":{"@id":"https:\/\/nitorlack.com\/it\/#organization"},"potentialAction":[{"@type":"SearchAction","target":{"@type":"EntryPoint","urlTemplate":"https:\/\/nitorlack.com\/it\/?s={search_term_string}"},"query-input":{"@type":"PropertyValueSpecification","valueRequired":true,"valueName":"search_term_string"}}],"inLanguage":"it-IT"},{"@type":"Organization","@id":"https:\/\/nitorlack.com\/it\/#organization","name":"Nitorlack","url":"https:\/\/nitorlack.com\/it\/","logo":{"@type":"ImageObject","inLanguage":"it-IT","@id":"https:\/\/nitorlack.com\/it\/#\/schema\/logo\/image\/","url":"http:\/\/nitorlack.com\/wp-content\/uploads\/2016\/02\/cropped-galleta-negra-1.jpg","contentUrl":"http:\/\/nitorlack.com\/wp-content\/uploads\/2016\/02\/cropped-galleta-negra-1.jpg","width":512,"height":512,"caption":"Nitorlack"},"image":{"@id":"https:\/\/nitorlack.com\/it\/#\/schema\/logo\/image\/"}}]}},"_links":{"self":[{"href":"https:\/\/nitorlack.com\/it\/wp-json\/wp\/v2\/product\/9291","targetHints":{"allow":["GET"]}}],"collection":[{"href":"https:\/\/nitorlack.com\/it\/wp-json\/wp\/v2\/product"}],"about":[{"href":"https:\/\/nitorlack.com\/it\/wp-json\/wp\/v2\/types\/product"}],"replies":[{"embeddable":true,"href":"https:\/\/nitorlack.com\/it\/wp-json\/wp\/v2\/comments?post=9291"}],"wp:featuredmedia":[{"embeddable":true,"href":"https:\/\/nitorlack.com\/it\/wp-json\/wp\/v2\/media\/72061"}],"wp:attachment":[{"href":"https:\/\/nitorlack.com\/it\/wp-json\/wp\/v2\/media?parent=9291"}],"wp:term":[{"taxonomy":"product_brand","embeddable":true,"href":"https:\/\/nitorlack.com\/it\/wp-json\/wp\/v2\/product_brand?post=9291"},{"taxonomy":"product_cat","embeddable":true,"href":"https:\/\/nitorlack.com\/it\/wp-json\/wp\/v2\/product_cat?post=9291"},{"taxonomy":"product_tag","embeddable":true,"href":"https:\/\/nitorlack.com\/it\/wp-json\/wp\/v2\/product_tag?post=9291"}],"curies":[{"name":"wp","href":"https:\/\/api.w.org\/{rel}","templated":true}]}}