{"id":86351,"date":"2026-03-06T11:38:35","date_gmt":"2026-03-06T09:38:35","guid":{"rendered":"https:\/\/nitorlack.com\/barniz\/senza-categoria\/antinebbia\/"},"modified":"2026-03-18T11:02:22","modified_gmt":"2026-03-18T09:02:22","slug":"antinebbia","status":"publish","type":"product","link":"https:\/\/nitorlack.com\/it\/barniz\/accesori\/antinebbia\/","title":{"rendered":"ANTINEBBIA"},"content":{"rendered":"<div class=\"wpb-content-wrapper\"><p>[vc_row][vc_column][vc_video link=&#8221;https:\/\/youtu.be\/XfehcvNvTxE?si=pURVg_u6rbffIjS2&#8243; el_width=&#8221;80&#8243; align=&#8221;center&#8221;][\/vc_column][\/vc_row][vc_row][vc_column][vc_column_text]<\/p>\n<h1 data-path-to-node=\"4\">Cos&#8217;\u00e8 lo sbiancamento (blushing) della vernice?<\/h1>\n<p data-path-to-node=\"5\">Lo <b>sbiancamento<\/b> (o <i data-path-to-node=\"5\" data-index-in-node=\"13\">blushing<\/i>) \u00e8 un effetto opaco e biancastro che appare sulla pellicola di vernice, generalmente causato dall&#8217;<b>umidit\u00e0 ambientale intrappolata<\/b> durante l&#8217;essiccazione o da un&#8217;applicazione errata. Nella maggior parte dei casi, la comparsa di questo <b>alone<\/b> \u00e8 dovuta all&#8217;applicazione della vernice in zone con molta umidit\u00e0 e\/o calore eccessivo.<\/p>\n<p data-path-to-node=\"6\">Questo spray agisce riaprendo la struttura superficiale della vernice per rilasciare l&#8217;umidit\u00e0, ripristinando la trasparenza originale senza compromettere l&#8217;integrit\u00e0 o l&#8217;adesione della finitura.<\/p>\n<hr data-path-to-node=\"7\" \/>\n<h2 data-path-to-node=\"8\">Istruzioni per l&#8217;uso:<\/h2>\n<ul data-path-to-node=\"9\">\n<li>\n<p data-path-to-node=\"9,0,0\"><b data-path-to-node=\"9,0,0\" data-index-in-node=\"0\">Versatilit\u00e0:<\/b> pu\u00f2 essere utilizzato durante il processo di verniciatura (su bagnato) o una volta che la vernice \u00e8 asciutta in superficie.<\/p>\n<\/li>\n<li>\n<p data-path-to-node=\"9,1,0\"><b data-path-to-node=\"9,1,0\" data-index-in-node=\"0\">Preparazione:<\/b> agitare bene il contenitore per 20\u201330 secondi.<\/p>\n<\/li>\n<li>\n<p data-path-to-node=\"9,2,0\"><b data-path-to-node=\"9,2,0\" data-index-in-node=\"0\">Applicazione:<\/b> spruzzare uniformemente a una distanza di <b data-path-to-node=\"9,2,0\" data-index-in-node=\"60\">15\u201325 cm<\/b> sulla zona interessata.<\/p>\n<\/li>\n<li>\n<p data-path-to-node=\"9,3,0\"><b data-path-to-node=\"9,3,0\" data-index-in-node=\"0\">Risultato:<\/b> vedrete come <b>l&#8217;opacit\u00e0<\/b> scompare mentre la vernice si livella. <b data-path-to-node=\"9,3,0\" data-index-in-node=\"66\">Lasciare asciugare completamente.<\/b><\/p>\n<\/li>\n<\/ul>\n<p data-path-to-node=\"9,3,0\"><strong>Consiglio:<\/strong> se lo <b>sbiancamento<\/b> non \u00e8 stato eliminato completamente dopo la prima mano, ripetere il processo fino a raggiungere l&#8217;obiettivo.<\/p>\n<p data-path-to-node=\"9,3,0\"><b data-path-to-node=\"9,3,0\" data-index-in-node=\"66\"><\/b><b style=\"font-style: inherit;\" data-path-to-node=\"10,0\" data-index-in-node=\"13\">Nota tecnica:<\/b><span style=\"font-size: 16px;\"> non \u00e8 necessario strofinare. Il prodotto evapora senza lasciare residui. Se dopo l&#8217;essiccazione totale si desidera livellare la lucentezza con il resto del pezzo, \u00e8 possibile eseguire una lucidatura delicata con un panno in microfibra.<\/span><\/p>\n<hr data-path-to-node=\"11\" \/>\n<h2 data-path-to-node=\"12\">Domande Frequenti (FAQ)<\/h2>\n<p data-path-to-node=\"13\"><b data-path-to-node=\"13\" data-index-in-node=\"0\">\u00c8 adatto per vernici poliuretaniche e alla nitrocellulosa?<\/b> S\u00ec. Lo spray \u00e8 sicuro ed efficace sulla maggior parte delle vernici e lacche a solvente, inclusi il poliuretano bicomponente e la nitrocellulosa per liuteria.<\/p>\n<p data-path-to-node=\"14\"><b data-path-to-node=\"14\" data-index-in-node=\"0\">Si pu\u00f2 usare su legno non trattato?<\/b> No. Questo prodotto \u00e8 progettato esclusivamente per agire su finiture (vernice o lacca). Il suo utilizzo su legno vergine non avr\u00e0 effetto e potrebbe macchiare il poro.<\/p>\n<p data-path-to-node=\"15\"><b data-path-to-node=\"15\" data-index-in-node=\"0\">\u00c8 facile da applicare?<\/b> Assolutamente. \u00c8 una soluzione &#8220;one-step&#8221;. Richiede solo di spruzzare sulla zona opaca e lasciare che la chimica del prodotto faccia il suo lavoro. Non lascia segni n\u00e9 residui di solvente.<\/p>\n<p data-path-to-node=\"16\"><b data-path-to-node=\"16\" data-index-in-node=\"0\">Elimina macchie d&#8217;acqua profonde?<\/b> \u00c8 ideale per lo <b>sbiancamento<\/b> ambientale (umidit\u00e0). Per macchie d&#8217;acqua penetrate profondamente nel legno o segni di bicchieri (bruciature bianche), pu\u00f2 aiutare ad attenuarle, ma la sua funzione principale \u00e8 la correzione durante la verniciatura.<\/p>\n<p data-path-to-node=\"17\"><b data-path-to-node=\"17\" data-index-in-node=\"0\">Quanto tempo impiega ad asciugare?<\/b> \u00c8 un processo rapido. A seconda della temperatura e della ventilazione, la superficie si stabilizzer\u00e0 in pochi minuti.<\/p>\n<p>[\/vc_column_text][\/vc_column][\/vc_row]<\/p>\n<\/div>","protected":false},"excerpt":{"rendered":"<p data-path-to-node=\"4\">L&#8217;<b>Antinebbia<\/b> \u00e8 una soluzione tecnica progettata per eliminare lo sbiancamento biancastro che appare durante il processo di verniciatura, generalmente causato dall&#8217;umidit\u00e0 ambientale intrappolata nella pellicola di nitrocellulosa.<\/p>\n<p data-path-to-node=\"5\">A differenza di un solvente standard, la sua formula permette di riaprire la superficie della vernice quanto basta per far fuoriuscire l&#8217;umidit\u00e0, restituendo trasparenza e brillantezza alla finitura senza necessit\u00e0 di carteggiare e ricominciare da capo.<\/p>\n<h3 data-path-to-node=\"6\"><b data-path-to-node=\"6\" data-index-in-node=\"0\">Caratteristiche principali:<\/b><\/h3>\n<ul data-path-to-node=\"7\">\n<li>\n<p data-path-to-node=\"7,0,0\"><b data-path-to-node=\"7,0,0\" data-index-in-node=\"0\">Eliminazione dello sbiancamento:<\/b> Agisce rapidamente sulle macchie bianche e sull&#8217;opacit\u00e0.<\/p>\n<\/li>\n<li>\n<p data-path-to-node=\"7,1,0\"><b data-path-to-node=\"7,1,0\" data-index-in-node=\"0\">Ripristino della finitura:<\/b> Restituisce la brillantezza originale senza danneggiare gli strati precedenti di vernice.<\/p>\n<\/li>\n<li>\n<p data-path-to-node=\"7,2,0\"><b data-path-to-node=\"7,2,0\" data-index-in-node=\"0\">Applicazione pulita:<\/b> Non lascia residui, macchie o aloni dopo l&#8217;evaporazione.<\/p>\n<\/li>\n<li>\n<p data-path-to-node=\"7,3,0\"><b data-path-to-node=\"7,3,0\" data-index-in-node=\"0\">Uso professionale:<\/b> Formula di facile applicazione in spray per correzioni immediate.<\/p>\n<\/li>\n<\/ul>\n","protected":false},"featured_media":86231,"comment_status":"open","ping_status":"closed","template":"","meta":{"om_disable_all_campaigns":false,"site-sidebar-layout":"no-sidebar","site-content-layout":"plain-container","ast-site-content-layout":"default","site-content-style":"default","site-sidebar-style":"default","ast-global-header-display":"","ast-banner-title-visibility":"","ast-main-header-display":"","ast-hfb-above-header-display":"","ast-hfb-below-header-display":"","ast-hfb-mobile-header-display":"","site-post-title":"disabled","ast-breadcrumbs-content":"","ast-featured-img":"disabled","footer-sml-layout":"","ast-disable-related-posts":"","theme-transparent-header-meta":"default","adv-header-id-meta":"","stick-header-meta":"default","header-above-stick-meta":"","header-main-stick-meta":"","header-below-stick-meta":"","astra-migrate-meta-layouts":"default","ast-page-background-enabled":"default","ast-page-background-meta":{"desktop":{"background-color":"var(--ast-global-color-4)","background-image":"","background-repeat":"repeat","background-position":"center center","background-size":"auto","background-attachment":"scroll","background-type":"","background-media":"","overlay-type":"","overlay-color":"","overlay-opacity":"","overlay-gradient":""},"tablet":{"background-color":"","background-image":"","background-repeat":"repeat","background-position":"center center","background-size":"auto","background-attachment":"scroll","background-type":"","background-media":"","overlay-type":"","overlay-color":"","overlay-opacity":"","overlay-gradient":""},"mobile":{"background-color":"","background-image":"","background-repeat":"repeat","background-position":"center center","background-size":"auto","background-attachment":"scroll","background-type":"","background-media":"","overlay-type":"","overlay-color":"","overlay-opacity":"","overlay-gradient":""}},"ast-content-background-meta":{"desktop":{"background-color":"var(--ast-global-color-5)","background-image":"","background-repeat":"repeat","background-position":"center center","background-size":"auto","background-attachment":"scroll","background-type":"","background-media":"","overlay-type":"","overlay-color":"","overlay-opacity":"","overlay-gradient":""},"tablet":{"background-color":"var(--ast-global-color-5)","background-image":"","background-repeat":"repeat","background-position":"center center","background-size":"auto","background-attachment":"scroll","background-type":"","background-media":"","overlay-type":"","overlay-color":"","overlay-opacity":"","overlay-gradient":""},"mobile":{"background-color":"var(--ast-global-color-5)","background-image":"","background-repeat":"repeat","background-position":"center center","background-size":"auto","background-attachment":"scroll","background-type":"","background-media":"","overlay-type":"","overlay-color":"","overlay-opacity":"","overlay-gradient":""}}},"product_brand":[],"product_cat":[95],"product_tag":[],"class_list":{"0":"post-86351","1":"product","2":"type-product","3":"status-publish","4":"has-post-thumbnail","6":"product_cat-accesori","7":"desktop-align-center","8":"tablet-align-center","9":"mobile-align-center","10":"ast-product-gallery-layout-horizontal-slider","11":"ast-product-tabs-layout-horizontal","13":"first","14":"instock","15":"taxable","16":"shipping-taxable","17":"purchasable","18":"product-type-simple"},"bundled_by":[],"bundle_stock_status":"instock","bundle_stock_quantity":null,"bundle_virtual":false,"bundle_layout":"","bundle_add_to_cart_form_location":"","bundle_editable_in_cart":false,"bundle_sold_individually_context":"","bundle_item_grouping":"","bundle_min_size":"","bundle_max_size":"","bundle_price":[],"bundled_items":[],"bundle_sell_ids":[],"yoast_head":"<!-- This site is optimized with the Yoast SEO plugin v27.4 - https:\/\/yoast.com\/product\/yoast-seo-wordpress\/ -->\n<title>ANTINEBBIA | Nitorlack<\/title>\n<meta name=\"description\" content=\"Nitorlack -Vernice alla nitrocellulosa per chitarre, colori vintage e tutorial su come dipingere la tua chitarra. Scoprire ANTINEBBIA\" \/>\n<meta name=\"robots\" content=\"index, follow, max-snippet:-1, max-image-preview:large, max-video-preview:-1\" \/>\n<link rel=\"canonical\" href=\"https:\/\/nitorlack.com\/it\/barniz\/accesori\/antinebbia\/\" \/>\n<meta property=\"og:locale\" content=\"it_IT\" \/>\n<meta property=\"og:type\" content=\"article\" \/>\n<meta property=\"og:title\" content=\"ANTINEBBIA | Nitorlack\" \/>\n<meta property=\"og:description\" content=\"Nitorlack -Vernice alla nitrocellulosa per chitarre, colori vintage e tutorial su come dipingere la tua chitarra. Scoprire ANTINEBBIA\" \/>\n<meta property=\"og:url\" content=\"https:\/\/nitorlack.com\/it\/barniz\/accesori\/antinebbia\/\" \/>\n<meta property=\"og:site_name\" content=\"Nitorlack\" \/>\n<meta property=\"article:modified_time\" content=\"2026-03-18T09:02:22+00:00\" \/>\n<meta property=\"og:image\" content=\"https:\/\/nitorlack.com\/wp-content\/uploads\/2026\/03\/BOTE-BLUSH-REMOVER.jpg\" \/>\n\t<meta property=\"og:image:width\" content=\"1200\" \/>\n\t<meta property=\"og:image:height\" content=\"1200\" \/>\n\t<meta property=\"og:image:type\" content=\"image\/jpeg\" \/>\n<meta name=\"twitter:card\" content=\"summary_large_image\" \/>\n<meta name=\"twitter:label1\" content=\"Tempo di lettura stimato\" \/>\n\t<meta name=\"twitter:data1\" content=\"2 minuti\" \/>\n<script type=\"application\/ld+json\" class=\"yoast-schema-graph\">{\"@context\":\"https:\\\/\\\/schema.org\",\"@graph\":[{\"@type\":\"WebPage\",\"@id\":\"https:\\\/\\\/nitorlack.com\\\/it\\\/barniz\\\/accesori\\\/antinebbia\\\/\",\"url\":\"https:\\\/\\\/nitorlack.com\\\/it\\\/barniz\\\/accesori\\\/antinebbia\\\/\",\"name\":\"ANTINEBBIA | Nitorlack\",\"isPartOf\":{\"@id\":\"https:\\\/\\\/nitorlack.com\\\/it\\\/#website\"},\"primaryImageOfPage\":{\"@id\":\"https:\\\/\\\/nitorlack.com\\\/it\\\/barniz\\\/accesori\\\/antinebbia\\\/#primaryimage\"},\"image\":{\"@id\":\"https:\\\/\\\/nitorlack.com\\\/it\\\/barniz\\\/accesori\\\/antinebbia\\\/#primaryimage\"},\"thumbnailUrl\":\"https:\\\/\\\/nitorlack.com\\\/wp-content\\\/uploads\\\/2026\\\/03\\\/BOTE-BLUSH-REMOVER.jpg\",\"datePublished\":\"2026-03-06T09:38:35+00:00\",\"dateModified\":\"2026-03-18T09:02:22+00:00\",\"description\":\"Nitorlack -Vernice alla nitrocellulosa per chitarre, colori vintage e tutorial su come dipingere la tua chitarra. Scoprire ANTINEBBIA\",\"breadcrumb\":{\"@id\":\"https:\\\/\\\/nitorlack.com\\\/it\\\/barniz\\\/accesori\\\/antinebbia\\\/#breadcrumb\"},\"inLanguage\":\"it-IT\",\"potentialAction\":[{\"@type\":\"ReadAction\",\"target\":[\"https:\\\/\\\/nitorlack.com\\\/it\\\/barniz\\\/accesori\\\/antinebbia\\\/\"]}]},{\"@type\":\"ImageObject\",\"inLanguage\":\"it-IT\",\"@id\":\"https:\\\/\\\/nitorlack.com\\\/it\\\/barniz\\\/accesori\\\/antinebbia\\\/#primaryimage\",\"url\":\"https:\\\/\\\/nitorlack.com\\\/wp-content\\\/uploads\\\/2026\\\/03\\\/BOTE-BLUSH-REMOVER.jpg\",\"contentUrl\":\"https:\\\/\\\/nitorlack.com\\\/wp-content\\\/uploads\\\/2026\\\/03\\\/BOTE-BLUSH-REMOVER.jpg\",\"width\":1200,\"height\":1200,\"caption\":\"Antinebbia spray\"},{\"@type\":\"BreadcrumbList\",\"@id\":\"https:\\\/\\\/nitorlack.com\\\/it\\\/barniz\\\/accesori\\\/antinebbia\\\/#breadcrumb\",\"itemListElement\":[{\"@type\":\"ListItem\",\"position\":1,\"name\":\"Copertina\",\"item\":\"https:\\\/\\\/nitorlack.com\\\/it\\\/\"},{\"@type\":\"ListItem\",\"position\":2,\"name\":\"Negozio\",\"item\":\"https:\\\/\\\/nitorlack.com\\\/it\\\/negozio\\\/\"},{\"@type\":\"ListItem\",\"position\":3,\"name\":\"ANTINEBBIA\"}]},{\"@type\":\"WebSite\",\"@id\":\"https:\\\/\\\/nitorlack.com\\\/it\\\/#website\",\"url\":\"https:\\\/\\\/nitorlack.com\\\/it\\\/\",\"name\":\"Nitorlack\",\"description\":\"Guitar Lacquers\",\"publisher\":{\"@id\":\"https:\\\/\\\/nitorlack.com\\\/it\\\/#organization\"},\"potentialAction\":[{\"@type\":\"SearchAction\",\"target\":{\"@type\":\"EntryPoint\",\"urlTemplate\":\"https:\\\/\\\/nitorlack.com\\\/it\\\/?s={search_term_string}\"},\"query-input\":{\"@type\":\"PropertyValueSpecification\",\"valueRequired\":true,\"valueName\":\"search_term_string\"}}],\"inLanguage\":\"it-IT\"},{\"@type\":\"Organization\",\"@id\":\"https:\\\/\\\/nitorlack.com\\\/it\\\/#organization\",\"name\":\"Nitorlack\",\"url\":\"https:\\\/\\\/nitorlack.com\\\/it\\\/\",\"logo\":{\"@type\":\"ImageObject\",\"inLanguage\":\"it-IT\",\"@id\":\"https:\\\/\\\/nitorlack.com\\\/it\\\/#\\\/schema\\\/logo\\\/image\\\/\",\"url\":\"http:\\\/\\\/nitorlack.com\\\/wp-content\\\/uploads\\\/2016\\\/02\\\/cropped-galleta-negra-1.jpg\",\"contentUrl\":\"http:\\\/\\\/nitorlack.com\\\/wp-content\\\/uploads\\\/2016\\\/02\\\/cropped-galleta-negra-1.jpg\",\"width\":512,\"height\":512,\"caption\":\"Nitorlack\"},\"image\":{\"@id\":\"https:\\\/\\\/nitorlack.com\\\/it\\\/#\\\/schema\\\/logo\\\/image\\\/\"}}]}<\/script>\n<!-- \/ Yoast SEO plugin. -->","yoast_head_json":{"title":"ANTINEBBIA | Nitorlack","description":"Nitorlack -Vernice alla nitrocellulosa per chitarre, colori vintage e tutorial su come dipingere la tua chitarra. Scoprire ANTINEBBIA","robots":{"index":"index","follow":"follow","max-snippet":"max-snippet:-1","max-image-preview":"max-image-preview:large","max-video-preview":"max-video-preview:-1"},"canonical":"https:\/\/nitorlack.com\/it\/barniz\/accesori\/antinebbia\/","og_locale":"it_IT","og_type":"article","og_title":"ANTINEBBIA | Nitorlack","og_description":"Nitorlack -Vernice alla nitrocellulosa per chitarre, colori vintage e tutorial su come dipingere la tua chitarra. Scoprire ANTINEBBIA","og_url":"https:\/\/nitorlack.com\/it\/barniz\/accesori\/antinebbia\/","og_site_name":"Nitorlack","article_modified_time":"2026-03-18T09:02:22+00:00","og_image":[{"width":1200,"height":1200,"url":"https:\/\/nitorlack.com\/wp-content\/uploads\/2026\/03\/BOTE-BLUSH-REMOVER.jpg","type":"image\/jpeg"}],"twitter_card":"summary_large_image","twitter_misc":{"Tempo di lettura stimato":"2 minuti"},"schema":{"@context":"https:\/\/schema.org","@graph":[{"@type":"WebPage","@id":"https:\/\/nitorlack.com\/it\/barniz\/accesori\/antinebbia\/","url":"https:\/\/nitorlack.com\/it\/barniz\/accesori\/antinebbia\/","name":"ANTINEBBIA | Nitorlack","isPartOf":{"@id":"https:\/\/nitorlack.com\/it\/#website"},"primaryImageOfPage":{"@id":"https:\/\/nitorlack.com\/it\/barniz\/accesori\/antinebbia\/#primaryimage"},"image":{"@id":"https:\/\/nitorlack.com\/it\/barniz\/accesori\/antinebbia\/#primaryimage"},"thumbnailUrl":"https:\/\/nitorlack.com\/wp-content\/uploads\/2026\/03\/BOTE-BLUSH-REMOVER.jpg","datePublished":"2026-03-06T09:38:35+00:00","dateModified":"2026-03-18T09:02:22+00:00","description":"Nitorlack -Vernice alla nitrocellulosa per chitarre, colori vintage e tutorial su come dipingere la tua chitarra. Scoprire ANTINEBBIA","breadcrumb":{"@id":"https:\/\/nitorlack.com\/it\/barniz\/accesori\/antinebbia\/#breadcrumb"},"inLanguage":"it-IT","potentialAction":[{"@type":"ReadAction","target":["https:\/\/nitorlack.com\/it\/barniz\/accesori\/antinebbia\/"]}]},{"@type":"ImageObject","inLanguage":"it-IT","@id":"https:\/\/nitorlack.com\/it\/barniz\/accesori\/antinebbia\/#primaryimage","url":"https:\/\/nitorlack.com\/wp-content\/uploads\/2026\/03\/BOTE-BLUSH-REMOVER.jpg","contentUrl":"https:\/\/nitorlack.com\/wp-content\/uploads\/2026\/03\/BOTE-BLUSH-REMOVER.jpg","width":1200,"height":1200,"caption":"Antinebbia spray"},{"@type":"BreadcrumbList","@id":"https:\/\/nitorlack.com\/it\/barniz\/accesori\/antinebbia\/#breadcrumb","itemListElement":[{"@type":"ListItem","position":1,"name":"Copertina","item":"https:\/\/nitorlack.com\/it\/"},{"@type":"ListItem","position":2,"name":"Negozio","item":"https:\/\/nitorlack.com\/it\/negozio\/"},{"@type":"ListItem","position":3,"name":"ANTINEBBIA"}]},{"@type":"WebSite","@id":"https:\/\/nitorlack.com\/it\/#website","url":"https:\/\/nitorlack.com\/it\/","name":"Nitorlack","description":"Guitar Lacquers","publisher":{"@id":"https:\/\/nitorlack.com\/it\/#organization"},"potentialAction":[{"@type":"SearchAction","target":{"@type":"EntryPoint","urlTemplate":"https:\/\/nitorlack.com\/it\/?s={search_term_string}"},"query-input":{"@type":"PropertyValueSpecification","valueRequired":true,"valueName":"search_term_string"}}],"inLanguage":"it-IT"},{"@type":"Organization","@id":"https:\/\/nitorlack.com\/it\/#organization","name":"Nitorlack","url":"https:\/\/nitorlack.com\/it\/","logo":{"@type":"ImageObject","inLanguage":"it-IT","@id":"https:\/\/nitorlack.com\/it\/#\/schema\/logo\/image\/","url":"http:\/\/nitorlack.com\/wp-content\/uploads\/2016\/02\/cropped-galleta-negra-1.jpg","contentUrl":"http:\/\/nitorlack.com\/wp-content\/uploads\/2016\/02\/cropped-galleta-negra-1.jpg","width":512,"height":512,"caption":"Nitorlack"},"image":{"@id":"https:\/\/nitorlack.com\/it\/#\/schema\/logo\/image\/"}}]}},"_links":{"self":[{"href":"https:\/\/nitorlack.com\/it\/wp-json\/wp\/v2\/product\/86351","targetHints":{"allow":["GET"]}}],"collection":[{"href":"https:\/\/nitorlack.com\/it\/wp-json\/wp\/v2\/product"}],"about":[{"href":"https:\/\/nitorlack.com\/it\/wp-json\/wp\/v2\/types\/product"}],"replies":[{"embeddable":true,"href":"https:\/\/nitorlack.com\/it\/wp-json\/wp\/v2\/comments?post=86351"}],"wp:featuredmedia":[{"embeddable":true,"href":"https:\/\/nitorlack.com\/it\/wp-json\/wp\/v2\/media\/86231"}],"wp:attachment":[{"href":"https:\/\/nitorlack.com\/it\/wp-json\/wp\/v2\/media?parent=86351"}],"wp:term":[{"taxonomy":"product_brand","embeddable":true,"href":"https:\/\/nitorlack.com\/it\/wp-json\/wp\/v2\/product_brand?post=86351"},{"taxonomy":"product_cat","embeddable":true,"href":"https:\/\/nitorlack.com\/it\/wp-json\/wp\/v2\/product_cat?post=86351"},{"taxonomy":"product_tag","embeddable":true,"href":"https:\/\/nitorlack.com\/it\/wp-json\/wp\/v2\/product_tag?post=86351"}],"curies":[{"name":"wp","href":"https:\/\/api.w.org\/{rel}","templated":true}]}}