{"id":85871,"date":"2026-02-27T11:01:16","date_gmt":"2026-02-27T09:01:16","guid":{"rendered":"https:\/\/nitorlack.com\/?post_type=product&#038;p=85871"},"modified":"2026-03-09T12:51:02","modified_gmt":"2026-03-09T10:51:02","slug":"spray-congelante","status":"publish","type":"product","link":"https:\/\/nitorlack.com\/it\/barniz\/accesori\/varie-it\/spray-congelante\/","title":{"rendered":"SPRAY CONGELANTE"},"content":{"rendered":"<div class=\"wpb-content-wrapper\"><p>[vc_row][vc_column][vc_video link=&#8221;https:\/\/youtu.be\/2WgmS2FRBfI&#8221; el_width=&#8221;70&#8243; align=&#8221;center&#8221; css=&#8221;&#8221;][vc_column_text css=&#8221;&#8221;]<\/p>\n<h1 data-path-to-node=\"5\"><b data-path-to-node=\"5\" data-index-in-node=\"0\">L&#8217;arte dell&#8217;effetto crackle: in cosa consiste e di cosa hai bisogno per ottenerlo?<\/b><\/h1>\n<p data-path-to-node=\"6\">L&#8217;autentico carattere vintage nasce dalla base. Mentre le nostre lacche Relic e Golden Age, grazie all&#8217;assenza di plastificanti e alla loro composizione, offrono la possibilit\u00e0 di creparsi facilmente, il nostro Spray refrigerante agisce come l&#8217;alleato perfetto per ottenere quell&#8217;aspetto vintage che tanto desideri.<\/p>\n<p>Con lo spray refrigerante potrai controllare facilmente il tipo e l&#8217;intensit\u00e0 del crackle. Se lo applichi a breve distanza, raffredderai zone pi\u00f9 piccole e otterrai una screpolatura pi\u00f9 serrata, con un motivo a &#8220;ragnatela&#8221;.<\/p>\n<p>Invece, se lo applichi da una distanza maggiore e in modo pi\u00f9 generale, raffredderai aree pi\u00f9 ampie e otterrai un crackle pi\u00f9 aperto e largo.<br \/>\nIn definitiva, pi\u00f9 avvicini lo spray, pi\u00f9 fine e compatto sar\u00e0 il crackle; pi\u00f9 lo allontani, pi\u00f9 grande e separato sar\u00e0 il disegno.<\/p>\n<p>&nbsp;<\/p>\n<h2><strong> Istruzioni per l&#8217;Uso:<\/strong><\/h2>\n<ol>\n<li>Verificare che la lacca nitrocellulosa sia completamente polimerizzata. Per un effetto molto pi\u00f9 realistico, raccomandiamo un&#8217;essiccazione dello strato di nitrocellulosa Golden Age o Relic di 2 o 3 settimane.<\/li>\n<li>Agitare lo spray per 20\u201330 secondi, finch\u00e9 non si forma il sottile strato di ghiaccio sulla zona.<\/li>\n<li>Applicare a 15\u201325 cm di distanza.<\/li>\n<li>Spruzzare per zone in base al motivo desiderato, pi\u00f9 dettagliato o pi\u00f9 generale.<\/li>\n<li>Ripetere il processo \u00e8 opzionale, a seconda dell&#8217;obiettivo di ogni cliente.<\/li>\n<\/ol>\n<p><strong>Consiglio:<\/strong> Maggiore \u00e8 la differenza termica tra l&#8217;ambiente e lo spray, maggiore sar\u00e0 l&#8217;effetto sul crackle.<\/p>\n<p>&nbsp;<\/p>\n<h2><strong>Domande Frequenti (FAQ)<\/strong><\/h2>\n<p><strong>Funziona su finiture in poliuretano, poliestere o a base d&#8217;acqua?<\/strong><\/p>\n<p>No. Questo spray \u00e8 progettato specificamente per <strong>vernice nitrocellulosa<\/strong>. Altre finiture non reagiranno correttamente allo spray.<\/p>\n<p><strong>Pu\u00f2 danneggiare la chitarra?<\/strong><\/p>\n<p>Se usato correttamente su nitrocellulosa polimerizzata, interesser\u00e0 solo lo strato superficiale generando l&#8217;effetto desiderato. Si raccomanda una prova preliminare.<\/p>\n<p><strong>Quanto tempo ci vuole perch\u00e9 appaia il crackle?<\/strong><\/p>\n<p>L&#8217;effetto \u00e8 solitamente immediato o visibile in pochi secondi dopo l&#8217;applicazione, una volta che il sottile strato di ghiaccio scompare.<\/p>\n<p><strong>Si pu\u00f2 controllare il motivo del crackle?<\/strong><\/p>\n<p>S\u00ec. La distanza, l&#8217;intensit\u00e0 e le condizioni ambientali influenzano direttamente il risultato. Tuttavia, non \u00e8 possibile controllare l&#8217;orientamento delle crepe.<\/p>\n<p><strong>L&#8217;effetto \u00e8 reversibile?<\/strong><\/p>\n<p>No. Il crackle \u00e8 permanente, poich\u00e9 modifica fisicamente lo strato di lacca.<\/p>\n<p><strong>Ho bisogno di prodotti aggiuntivi?<\/strong><\/p>\n<p>No. Solo lo spray. Ma \u00e8 consigliabile utilizzare il prodotto Relic Patina, per riempire e marcare le sottili linee che lo spray creer\u00e0.[\/vc_column_text][\/vc_column][\/vc_row]<\/p>\n<\/div>","protected":false},"excerpt":{"rendered":"<p><strong>Crea un autentico effetto crackle vintage sulla tua chitarra.<\/strong><\/p>\n<p>Lo <strong>spray refrigerante <\/strong>\u00e8 lo strumento ideale per ottenere un <strong>effetto crackle (checking)<\/strong> realistico su chitarre con finitura in lacca nitrocellulosa. Produce un raffreddamento istantaneo che genera uno shock termico controllato, replicando l&#8217;invecchiamento naturale degli strumenti vintage e permettendo di esaltare questo effetto in zone specifiche della chitarra.<\/p>\n<ul>\n<li>Raffreddamento estremo istantaneo<\/li>\n<li>Specialmente progettato per lacca nitrocellulosa<\/li>\n<li>Genera crepe sottili, naturali e realistiche<\/li>\n<li>Non lascia residui n\u00e9 umidit\u00e0<\/li>\n<li>Applicazione precisa e controllata<\/li>\n<li>Ideale per progetti relic e restauro vintage<\/li>\n<\/ul>\n<p><strong>Spray 400 ml<\/strong><\/p>\n","protected":false},"featured_media":86205,"comment_status":"closed","ping_status":"closed","template":"","meta":{"om_disable_all_campaigns":false,"site-sidebar-layout":"no-sidebar","site-content-layout":"plain-container","ast-site-content-layout":"default","site-content-style":"default","site-sidebar-style":"default","ast-global-header-display":"","ast-banner-title-visibility":"","ast-main-header-display":"","ast-hfb-above-header-display":"","ast-hfb-below-header-display":"","ast-hfb-mobile-header-display":"","site-post-title":"disabled","ast-breadcrumbs-content":"","ast-featured-img":"disabled","footer-sml-layout":"","ast-disable-related-posts":"","theme-transparent-header-meta":"default","adv-header-id-meta":"","stick-header-meta":"default","header-above-stick-meta":"","header-main-stick-meta":"","header-below-stick-meta":"","astra-migrate-meta-layouts":"set","ast-page-background-enabled":"default","ast-page-background-meta":{"desktop":{"background-color":"var(--ast-global-color-4)","background-image":"","background-repeat":"repeat","background-position":"center center","background-size":"auto","background-attachment":"scroll","background-type":"","background-media":"","overlay-type":"","overlay-color":"","overlay-opacity":"","overlay-gradient":""},"tablet":{"background-color":"","background-image":"","background-repeat":"repeat","background-position":"center center","background-size":"auto","background-attachment":"scroll","background-type":"","background-media":"","overlay-type":"","overlay-color":"","overlay-opacity":"","overlay-gradient":""},"mobile":{"background-color":"","background-image":"","background-repeat":"repeat","background-position":"center center","background-size":"auto","background-attachment":"scroll","background-type":"","background-media":"","overlay-type":"","overlay-color":"","overlay-opacity":"","overlay-gradient":""}},"ast-content-background-meta":{"desktop":{"background-color":"var(--ast-global-color-5)","background-image":"","background-repeat":"repeat","background-position":"center center","background-size":"auto","background-attachment":"scroll","background-type":"","background-media":"","overlay-type":"","overlay-color":"","overlay-opacity":"","overlay-gradient":""},"tablet":{"background-color":"var(--ast-global-color-5)","background-image":"","background-repeat":"repeat","background-position":"center center","background-size":"auto","background-attachment":"scroll","background-type":"","background-media":"","overlay-type":"","overlay-color":"","overlay-opacity":"","overlay-gradient":""},"mobile":{"background-color":"var(--ast-global-color-5)","background-image":"","background-repeat":"repeat","background-position":"center center","background-size":"auto","background-attachment":"scroll","background-type":"","background-media":"","overlay-type":"","overlay-color":"","overlay-opacity":"","overlay-gradient":""}}},"product_brand":[],"product_cat":[95,342],"product_tag":[],"class_list":{"0":"post-85871","1":"product","2":"type-product","3":"status-publish","4":"has-post-thumbnail","6":"product_cat-accesori","7":"product_cat-varie-it","8":"desktop-align-center","9":"tablet-align-center","10":"mobile-align-center","11":"ast-product-gallery-layout-horizontal-slider","12":"ast-product-tabs-layout-horizontal","14":"first","15":"instock","16":"taxable","17":"shipping-taxable","18":"purchasable","19":"product-type-simple"},"bundled_by":[],"bundle_stock_status":"instock","bundle_stock_quantity":null,"bundle_virtual":false,"bundle_layout":"","bundle_add_to_cart_form_location":"","bundle_editable_in_cart":false,"bundle_sold_individually_context":"","bundle_item_grouping":"","bundle_min_size":"","bundle_max_size":"","bundle_price":[],"bundled_items":[],"bundle_sell_ids":[66294],"yoast_head":"<!-- This site is optimized with the Yoast SEO plugin v27.4 - https:\/\/yoast.com\/product\/yoast-seo-wordpress\/ -->\n<title>SPRAY CONGELANTE | Nitorlack<\/title>\n<meta name=\"description\" content=\"Spray congelante per processi di invecchiamento di precisione. Crea sottili micro-crepe e completa le tue lacche Relic o Golden Age con uno shock termico controllato.\" \/>\n<meta name=\"robots\" content=\"index, follow, max-snippet:-1, max-image-preview:large, max-video-preview:-1\" \/>\n<link rel=\"canonical\" href=\"https:\/\/nitorlack.com\/it\/barniz\/accesori\/varie-it\/spray-congelante\/\" \/>\n<meta property=\"og:locale\" content=\"it_IT\" \/>\n<meta property=\"og:type\" content=\"article\" \/>\n<meta property=\"og:title\" content=\"SPRAY CONGELANTE | Nitorlack\" \/>\n<meta property=\"og:description\" content=\"Spray congelante per processi di invecchiamento di precisione. Crea sottili micro-crepe e completa le tue lacche Relic o Golden Age con uno shock termico controllato.\" \/>\n<meta property=\"og:url\" content=\"https:\/\/nitorlack.com\/it\/barniz\/accesori\/varie-it\/spray-congelante\/\" \/>\n<meta property=\"og:site_name\" content=\"Nitorlack\" \/>\n<meta property=\"article:modified_time\" content=\"2026-03-09T10:51:02+00:00\" \/>\n<meta property=\"og:image\" content=\"https:\/\/nitorlack.com\/wp-content\/uploads\/2026\/02\/ChatGPT-Image-5-mar-2026-16_26_37-2.png\" \/>\n\t<meta property=\"og:image:width\" content=\"1536\" \/>\n\t<meta property=\"og:image:height\" content=\"1536\" \/>\n\t<meta property=\"og:image:type\" content=\"image\/png\" \/>\n<meta name=\"twitter:card\" content=\"summary_large_image\" \/>\n<meta name=\"twitter:label1\" content=\"Tempo di lettura stimato\" \/>\n\t<meta name=\"twitter:data1\" content=\"2 minuti\" \/>\n<script type=\"application\/ld+json\" class=\"yoast-schema-graph\">{\"@context\":\"https:\\\/\\\/schema.org\",\"@graph\":[{\"@type\":\"WebPage\",\"@id\":\"https:\\\/\\\/nitorlack.com\\\/it\\\/barniz\\\/accesori\\\/varie-it\\\/spray-congelante\\\/\",\"url\":\"https:\\\/\\\/nitorlack.com\\\/it\\\/barniz\\\/accesori\\\/varie-it\\\/spray-congelante\\\/\",\"name\":\"SPRAY CONGELANTE | Nitorlack\",\"isPartOf\":{\"@id\":\"https:\\\/\\\/nitorlack.com\\\/it\\\/#website\"},\"primaryImageOfPage\":{\"@id\":\"https:\\\/\\\/nitorlack.com\\\/it\\\/barniz\\\/accesori\\\/varie-it\\\/spray-congelante\\\/#primaryimage\"},\"image\":{\"@id\":\"https:\\\/\\\/nitorlack.com\\\/it\\\/barniz\\\/accesori\\\/varie-it\\\/spray-congelante\\\/#primaryimage\"},\"thumbnailUrl\":\"https:\\\/\\\/nitorlack.com\\\/wp-content\\\/uploads\\\/2026\\\/02\\\/BOTE-freezer-WEB.jpg\",\"datePublished\":\"2026-02-27T09:01:16+00:00\",\"dateModified\":\"2026-03-09T10:51:02+00:00\",\"description\":\"Spray congelante per processi di invecchiamento di precisione. Crea sottili micro-crepe e completa le tue lacche Relic o Golden Age con uno shock termico controllato.\",\"breadcrumb\":{\"@id\":\"https:\\\/\\\/nitorlack.com\\\/it\\\/barniz\\\/accesori\\\/varie-it\\\/spray-congelante\\\/#breadcrumb\"},\"inLanguage\":\"it-IT\",\"potentialAction\":[{\"@type\":\"ReadAction\",\"target\":[\"https:\\\/\\\/nitorlack.com\\\/it\\\/barniz\\\/accesori\\\/varie-it\\\/spray-congelante\\\/\"]}]},{\"@type\":\"ImageObject\",\"inLanguage\":\"it-IT\",\"@id\":\"https:\\\/\\\/nitorlack.com\\\/it\\\/barniz\\\/accesori\\\/varie-it\\\/spray-congelante\\\/#primaryimage\",\"url\":\"https:\\\/\\\/nitorlack.com\\\/wp-content\\\/uploads\\\/2026\\\/02\\\/BOTE-freezer-WEB.jpg\",\"contentUrl\":\"https:\\\/\\\/nitorlack.com\\\/wp-content\\\/uploads\\\/2026\\\/02\\\/BOTE-freezer-WEB.jpg\",\"width\":1200,\"height\":1200,\"caption\":\"spray comgelante\"},{\"@type\":\"BreadcrumbList\",\"@id\":\"https:\\\/\\\/nitorlack.com\\\/it\\\/barniz\\\/accesori\\\/varie-it\\\/spray-congelante\\\/#breadcrumb\",\"itemListElement\":[{\"@type\":\"ListItem\",\"position\":1,\"name\":\"Copertina\",\"item\":\"https:\\\/\\\/nitorlack.com\\\/it\\\/\"},{\"@type\":\"ListItem\",\"position\":2,\"name\":\"Negozio\",\"item\":\"https:\\\/\\\/nitorlack.com\\\/it\\\/negozio\\\/\"},{\"@type\":\"ListItem\",\"position\":3,\"name\":\"SPRAY CONGELANTE\"}]},{\"@type\":\"WebSite\",\"@id\":\"https:\\\/\\\/nitorlack.com\\\/it\\\/#website\",\"url\":\"https:\\\/\\\/nitorlack.com\\\/it\\\/\",\"name\":\"Nitorlack\",\"description\":\"Guitar Lacquers\",\"publisher\":{\"@id\":\"https:\\\/\\\/nitorlack.com\\\/it\\\/#organization\"},\"potentialAction\":[{\"@type\":\"SearchAction\",\"target\":{\"@type\":\"EntryPoint\",\"urlTemplate\":\"https:\\\/\\\/nitorlack.com\\\/it\\\/?s={search_term_string}\"},\"query-input\":{\"@type\":\"PropertyValueSpecification\",\"valueRequired\":true,\"valueName\":\"search_term_string\"}}],\"inLanguage\":\"it-IT\"},{\"@type\":\"Organization\",\"@id\":\"https:\\\/\\\/nitorlack.com\\\/it\\\/#organization\",\"name\":\"Nitorlack\",\"url\":\"https:\\\/\\\/nitorlack.com\\\/it\\\/\",\"logo\":{\"@type\":\"ImageObject\",\"inLanguage\":\"it-IT\",\"@id\":\"https:\\\/\\\/nitorlack.com\\\/it\\\/#\\\/schema\\\/logo\\\/image\\\/\",\"url\":\"http:\\\/\\\/nitorlack.com\\\/wp-content\\\/uploads\\\/2016\\\/02\\\/cropped-galleta-negra-1.jpg\",\"contentUrl\":\"http:\\\/\\\/nitorlack.com\\\/wp-content\\\/uploads\\\/2016\\\/02\\\/cropped-galleta-negra-1.jpg\",\"width\":512,\"height\":512,\"caption\":\"Nitorlack\"},\"image\":{\"@id\":\"https:\\\/\\\/nitorlack.com\\\/it\\\/#\\\/schema\\\/logo\\\/image\\\/\"}}]}<\/script>\n<!-- \/ Yoast SEO plugin. -->","yoast_head_json":{"title":"SPRAY CONGELANTE | Nitorlack","description":"Spray congelante per processi di invecchiamento di precisione. Crea sottili micro-crepe e completa le tue lacche Relic o Golden Age con uno shock termico controllato.","robots":{"index":"index","follow":"follow","max-snippet":"max-snippet:-1","max-image-preview":"max-image-preview:large","max-video-preview":"max-video-preview:-1"},"canonical":"https:\/\/nitorlack.com\/it\/barniz\/accesori\/varie-it\/spray-congelante\/","og_locale":"it_IT","og_type":"article","og_title":"SPRAY CONGELANTE | Nitorlack","og_description":"Spray congelante per processi di invecchiamento di precisione. Crea sottili micro-crepe e completa le tue lacche Relic o Golden Age con uno shock termico controllato.","og_url":"https:\/\/nitorlack.com\/it\/barniz\/accesori\/varie-it\/spray-congelante\/","og_site_name":"Nitorlack","article_modified_time":"2026-03-09T10:51:02+00:00","og_image":[{"width":1536,"height":1536,"url":"https:\/\/nitorlack.com\/wp-content\/uploads\/2026\/02\/ChatGPT-Image-5-mar-2026-16_26_37-2.png","type":"image\/png"}],"twitter_card":"summary_large_image","twitter_misc":{"Tempo di lettura stimato":"2 minuti"},"schema":{"@context":"https:\/\/schema.org","@graph":[{"@type":"WebPage","@id":"https:\/\/nitorlack.com\/it\/barniz\/accesori\/varie-it\/spray-congelante\/","url":"https:\/\/nitorlack.com\/it\/barniz\/accesori\/varie-it\/spray-congelante\/","name":"SPRAY CONGELANTE | Nitorlack","isPartOf":{"@id":"https:\/\/nitorlack.com\/it\/#website"},"primaryImageOfPage":{"@id":"https:\/\/nitorlack.com\/it\/barniz\/accesori\/varie-it\/spray-congelante\/#primaryimage"},"image":{"@id":"https:\/\/nitorlack.com\/it\/barniz\/accesori\/varie-it\/spray-congelante\/#primaryimage"},"thumbnailUrl":"https:\/\/nitorlack.com\/wp-content\/uploads\/2026\/02\/BOTE-freezer-WEB.jpg","datePublished":"2026-02-27T09:01:16+00:00","dateModified":"2026-03-09T10:51:02+00:00","description":"Spray congelante per processi di invecchiamento di precisione. Crea sottili micro-crepe e completa le tue lacche Relic o Golden Age con uno shock termico controllato.","breadcrumb":{"@id":"https:\/\/nitorlack.com\/it\/barniz\/accesori\/varie-it\/spray-congelante\/#breadcrumb"},"inLanguage":"it-IT","potentialAction":[{"@type":"ReadAction","target":["https:\/\/nitorlack.com\/it\/barniz\/accesori\/varie-it\/spray-congelante\/"]}]},{"@type":"ImageObject","inLanguage":"it-IT","@id":"https:\/\/nitorlack.com\/it\/barniz\/accesori\/varie-it\/spray-congelante\/#primaryimage","url":"https:\/\/nitorlack.com\/wp-content\/uploads\/2026\/02\/BOTE-freezer-WEB.jpg","contentUrl":"https:\/\/nitorlack.com\/wp-content\/uploads\/2026\/02\/BOTE-freezer-WEB.jpg","width":1200,"height":1200,"caption":"spray comgelante"},{"@type":"BreadcrumbList","@id":"https:\/\/nitorlack.com\/it\/barniz\/accesori\/varie-it\/spray-congelante\/#breadcrumb","itemListElement":[{"@type":"ListItem","position":1,"name":"Copertina","item":"https:\/\/nitorlack.com\/it\/"},{"@type":"ListItem","position":2,"name":"Negozio","item":"https:\/\/nitorlack.com\/it\/negozio\/"},{"@type":"ListItem","position":3,"name":"SPRAY CONGELANTE"}]},{"@type":"WebSite","@id":"https:\/\/nitorlack.com\/it\/#website","url":"https:\/\/nitorlack.com\/it\/","name":"Nitorlack","description":"Guitar Lacquers","publisher":{"@id":"https:\/\/nitorlack.com\/it\/#organization"},"potentialAction":[{"@type":"SearchAction","target":{"@type":"EntryPoint","urlTemplate":"https:\/\/nitorlack.com\/it\/?s={search_term_string}"},"query-input":{"@type":"PropertyValueSpecification","valueRequired":true,"valueName":"search_term_string"}}],"inLanguage":"it-IT"},{"@type":"Organization","@id":"https:\/\/nitorlack.com\/it\/#organization","name":"Nitorlack","url":"https:\/\/nitorlack.com\/it\/","logo":{"@type":"ImageObject","inLanguage":"it-IT","@id":"https:\/\/nitorlack.com\/it\/#\/schema\/logo\/image\/","url":"http:\/\/nitorlack.com\/wp-content\/uploads\/2016\/02\/cropped-galleta-negra-1.jpg","contentUrl":"http:\/\/nitorlack.com\/wp-content\/uploads\/2016\/02\/cropped-galleta-negra-1.jpg","width":512,"height":512,"caption":"Nitorlack"},"image":{"@id":"https:\/\/nitorlack.com\/it\/#\/schema\/logo\/image\/"}}]}},"_links":{"self":[{"href":"https:\/\/nitorlack.com\/it\/wp-json\/wp\/v2\/product\/85871","targetHints":{"allow":["GET"]}}],"collection":[{"href":"https:\/\/nitorlack.com\/it\/wp-json\/wp\/v2\/product"}],"about":[{"href":"https:\/\/nitorlack.com\/it\/wp-json\/wp\/v2\/types\/product"}],"replies":[{"embeddable":true,"href":"https:\/\/nitorlack.com\/it\/wp-json\/wp\/v2\/comments?post=85871"}],"wp:featuredmedia":[{"embeddable":true,"href":"https:\/\/nitorlack.com\/it\/wp-json\/wp\/v2\/media\/86205"}],"wp:attachment":[{"href":"https:\/\/nitorlack.com\/it\/wp-json\/wp\/v2\/media?parent=85871"}],"wp:term":[{"taxonomy":"product_brand","embeddable":true,"href":"https:\/\/nitorlack.com\/it\/wp-json\/wp\/v2\/product_brand?post=85871"},{"taxonomy":"product_cat","embeddable":true,"href":"https:\/\/nitorlack.com\/it\/wp-json\/wp\/v2\/product_cat?post=85871"},{"taxonomy":"product_tag","embeddable":true,"href":"https:\/\/nitorlack.com\/it\/wp-json\/wp\/v2\/product_tag?post=85871"}],"curies":[{"name":"wp","href":"https:\/\/api.w.org\/{rel}","templated":true}]}}