{"id":73900,"date":"2024-07-29T15:31:22","date_gmt":"2024-07-29T13:31:22","guid":{"rendered":"https:\/\/nitorlack.com\/barniz\/sin%20categor\u00eda\/pistola-per-vernicitaura-14-mm\/"},"modified":"2026-04-27T17:57:30","modified_gmt":"2026-04-27T15:57:30","slug":"pistola-per-vernicitaura-14-mm","status":"publish","type":"product","link":"https:\/\/nitorlack.com\/it\/barniz\/accesori\/pistola-a-spruzzo\/pistola-per-vernicitaura-14-mm\/","title":{"rendered":"PISTOLA PER VERNICITAURA 1,4 mm"},"content":{"rendered":"<h3>Raccomandazioni per l&#8217;uso:<\/h3>\n<ul>\n<li><strong>Prove preliminari<\/strong>: prima di iniziare, eseguire prove di spruzzatura su un materiale di scarto per regolare le impostazioni ottimali della pistola.<\/li>\n<li><strong>Dispositivi di protezione personale<\/strong>: indossare sempre maschere e occhiali per proteggersi da vapori e particelle durante il funzionamento.<\/li>\n<li><strong>Pulizia dopo l&#8217;uso<\/strong>: dopo ogni utilizzo, pulire il serbatoio e l&#8217;ugello per evitare intasamenti e garantire una spruzzatura efficace.<\/li>\n<li><strong>Conservazione corretta<\/strong>: conservare la pistola in un luogo fresco e asciutto, evitando l&#8217;esposizione a temperature estreme e all&#8217;umidit\u00e0 eccessiva per mantenere l&#8217;integrit\u00e0 dei componenti interni.<\/li>\n<li><strong>Ventilazione adeguata<\/strong>: lavorare in un&#8217;area ben ventilata per evitare l&#8217;accumulo di fumi tossici.<\/li>\n<\/ul>\n<h3>Raccomandazioni per la manutenzione:<\/h3>\n<ul>\n<li><strong>Pulizia regolare<\/strong>: smontare e pulire regolarmente l&#8217;ugello e l&#8217;ago per evitare l&#8217;accumulo di vernice secca, che pu\u00f2 influire sulle prestazioni della pistola.<\/li>\n<li><strong>Ispezione di guarnizioni e sigilli<\/strong>: eseguire controlli regolari di guarnizioni e sigilli per evitare perdite d&#8217;aria o di vernice, che possono ridurre l&#8217;efficienza della pistola.<\/li>\n<li><strong>Sostituzione delle parti usurate<\/strong>: sostituire immediatamente le parti usurate o danneggiate per mantenere le prestazioni ottimali della pistola.<\/li>\n<\/ul>\n","protected":false},"excerpt":{"rendered":"<p>La pistola a spruzzo per verniciatura a gravit\u00e0 HVLP Nitorlack \u00e8 uno strumento altamente efficiente, ideale per lavori di verniciatura professionali. Costruita con un robusto corpo in acciaio e alluminio, questa pistola garantisce durata e facilit\u00e0 di applicazione. Consigliata a chi vuole fare un passo avanti nell&#8217;applicazione di vernici e pitture.<\/p>\n<h3>Specifiche tecniche:<\/h3>\n<ul>\n<li><strong>Ugello standard da 1,4 mm<\/strong>: questo ugello \u00e8 gi\u00e0 montato sulla pistola a spruzzo. Viene solitamente utilizzato per colori e finiture.<\/li>\n<li><strong>Ugello opzionale da 1,7 mm: <\/strong>\u00e8 possibile acquistare come opzione un ugello di questa dimensione, pi\u00f9 adatto ai prodotti a base d&#8217;acqua e ai fondi, che di solito richiedono un aspetto pi\u00f9 denso per la loro applicazione.<\/li>\n<li><strong>Ventola regolabile<\/strong>: la ventola da 160-225 mm consente un&#8217;applicazione precisa e uniforme del materiale, adattandosi alle diverse esigenze di lavoro.<\/li>\n<li><strong>Regolazione del prodotto e del flusso d&#8217;aria:<\/strong> consente un controllo assoluto della quantit\u00e0 di vernice e della pressione di applicazione.<\/li>\n<li><strong>Serbatoio da 600 CC: <\/strong>sistema antigoccia incorporato.<\/li>\n<\/ul>\n","protected":false},"featured_media":73873,"comment_status":"open","ping_status":"closed","template":"","meta":{"om_disable_all_campaigns":false,"site-sidebar-layout":"default","site-content-layout":"","ast-site-content-layout":"default","site-content-style":"default","site-sidebar-style":"default","ast-global-header-display":"","ast-banner-title-visibility":"","ast-main-header-display":"","ast-hfb-above-header-display":"","ast-hfb-below-header-display":"","ast-hfb-mobile-header-display":"","site-post-title":"disabled","ast-breadcrumbs-content":"","ast-featured-img":"disabled","footer-sml-layout":"","ast-disable-related-posts":"","theme-transparent-header-meta":"default","adv-header-id-meta":"","stick-header-meta":"default","header-above-stick-meta":"","header-main-stick-meta":"","header-below-stick-meta":"","astra-migrate-meta-layouts":"set","ast-page-background-enabled":"default","ast-page-background-meta":{"desktop":{"background-color":"var(--ast-global-color-4)","background-image":"","background-repeat":"repeat","background-position":"center center","background-size":"auto","background-attachment":"scroll","background-type":"","background-media":"","overlay-type":"","overlay-color":"","overlay-opacity":"","overlay-gradient":""},"tablet":{"background-color":"","background-image":"","background-repeat":"repeat","background-position":"center center","background-size":"auto","background-attachment":"scroll","background-type":"","background-media":"","overlay-type":"","overlay-color":"","overlay-opacity":"","overlay-gradient":""},"mobile":{"background-color":"","background-image":"","background-repeat":"repeat","background-position":"center center","background-size":"auto","background-attachment":"scroll","background-type":"","background-media":"","overlay-type":"","overlay-color":"","overlay-opacity":"","overlay-gradient":""}},"ast-content-background-meta":{"desktop":{"background-color":"var(--ast-global-color-5)","background-image":"","background-repeat":"repeat","background-position":"center center","background-size":"auto","background-attachment":"scroll","background-type":"","background-media":"","overlay-type":"","overlay-color":"","overlay-opacity":"","overlay-gradient":""},"tablet":{"background-color":"var(--ast-global-color-5)","background-image":"","background-repeat":"repeat","background-position":"center center","background-size":"auto","background-attachment":"scroll","background-type":"","background-media":"","overlay-type":"","overlay-color":"","overlay-opacity":"","overlay-gradient":""},"mobile":{"background-color":"var(--ast-global-color-5)","background-image":"","background-repeat":"repeat","background-position":"center center","background-size":"auto","background-attachment":"scroll","background-type":"","background-media":"","overlay-type":"","overlay-color":"","overlay-opacity":"","overlay-gradient":""}}},"product_brand":[],"product_cat":[95,7915],"product_tag":[],"class_list":{"0":"post-73900","1":"product","2":"type-product","3":"status-publish","4":"has-post-thumbnail","6":"product_cat-accesori","7":"product_cat-pistola-a-spruzzo","8":"desktop-align-center","9":"tablet-align-center","10":"mobile-align-center","11":"ast-product-gallery-layout-horizontal-slider","12":"ast-product-tabs-layout-horizontal","14":"first","15":"instock","16":"taxable","17":"shipping-taxable","18":"purchasable","19":"product-type-simple"},"bundled_by":[],"bundle_stock_status":"instock","bundle_stock_quantity":172,"bundle_virtual":false,"bundle_layout":"","bundle_add_to_cart_form_location":"","bundle_editable_in_cart":false,"bundle_sold_individually_context":"","bundle_item_grouping":"","bundle_min_size":"","bundle_max_size":"","bundle_price":[],"bundled_items":[],"bundle_sell_ids":[73903],"yoast_head":"<!-- This site is optimized with the Yoast SEO plugin v27.5 - https:\/\/yoast.com\/product\/yoast-seo-wordpress\/ -->\n<title>PISTOLA PER VERNICITAURA 1,4 mm | Nitorlack<\/title>\n<meta name=\"description\" content=\"Pistola a spruzzo a gravit\u00e0. Con questa pistola a spruzzo potrete eseguire lavori di pittura e verniciatura professionali. Resistente, precisa e facile da usare.\" \/>\n<meta name=\"robots\" content=\"index, follow, max-snippet:-1, max-image-preview:large, max-video-preview:-1\" \/>\n<link rel=\"canonical\" href=\"https:\/\/nitorlack.com\/it\/barniz\/accesori\/pistola-a-spruzzo\/pistola-per-vernicitaura-14-mm\/\" \/>\n<meta property=\"og:locale\" content=\"it_IT\" \/>\n<meta property=\"og:type\" content=\"article\" \/>\n<meta property=\"og:title\" content=\"PISTOLA PER VERNICITAURA 1,4 mm | Nitorlack\" \/>\n<meta property=\"og:description\" content=\"Pistola a spruzzo a gravit\u00e0. Con questa pistola a spruzzo potrete eseguire lavori di pittura e verniciatura professionali. Resistente, precisa e facile da usare.\" \/>\n<meta property=\"og:url\" content=\"https:\/\/nitorlack.com\/it\/barniz\/accesori\/pistola-a-spruzzo\/pistola-per-vernicitaura-14-mm\/\" \/>\n<meta property=\"og:site_name\" content=\"Nitorlack\" \/>\n<meta property=\"article:modified_time\" content=\"2026-04-27T15:57:30+00:00\" \/>\n<meta property=\"og:image\" content=\"https:\/\/nitorlack.com\/wp-content\/uploads\/2024\/07\/PISTOLA-GRANDE-ACCESORIOS.jpg\" \/>\n\t<meta property=\"og:image:width\" content=\"1200\" \/>\n\t<meta property=\"og:image:height\" content=\"1200\" \/>\n\t<meta property=\"og:image:type\" content=\"image\/jpeg\" \/>\n<meta name=\"twitter:card\" content=\"summary_large_image\" \/>\n<meta name=\"twitter:label1\" content=\"Tempo di lettura stimato\" \/>\n\t<meta name=\"twitter:data1\" content=\"1 minuto\" \/>\n<script type=\"application\/ld+json\" class=\"yoast-schema-graph\">{\"@context\":\"https:\\\/\\\/schema.org\",\"@graph\":[{\"@type\":\"WebPage\",\"@id\":\"https:\\\/\\\/nitorlack.com\\\/it\\\/barniz\\\/accesori\\\/pistola-a-spruzzo\\\/pistola-per-vernicitaura-14-mm\\\/\",\"url\":\"https:\\\/\\\/nitorlack.com\\\/it\\\/barniz\\\/accesori\\\/pistola-a-spruzzo\\\/pistola-per-vernicitaura-14-mm\\\/\",\"name\":\"PISTOLA PER VERNICITAURA 1,4 mm | Nitorlack\",\"isPartOf\":{\"@id\":\"https:\\\/\\\/nitorlack.com\\\/it\\\/#website\"},\"primaryImageOfPage\":{\"@id\":\"https:\\\/\\\/nitorlack.com\\\/it\\\/barniz\\\/accesori\\\/pistola-a-spruzzo\\\/pistola-per-vernicitaura-14-mm\\\/#primaryimage\"},\"image\":{\"@id\":\"https:\\\/\\\/nitorlack.com\\\/it\\\/barniz\\\/accesori\\\/pistola-a-spruzzo\\\/pistola-per-vernicitaura-14-mm\\\/#primaryimage\"},\"thumbnailUrl\":\"https:\\\/\\\/nitorlack.com\\\/wp-content\\\/uploads\\\/2024\\\/07\\\/PISTOLA-GRANDE-ACCESORIOS.jpg\",\"datePublished\":\"2024-07-29T13:31:22+00:00\",\"dateModified\":\"2026-04-27T15:57:30+00:00\",\"description\":\"Pistola a spruzzo a gravit\u00e0. Con questa pistola a spruzzo potrete eseguire lavori di pittura e verniciatura professionali. Resistente, precisa e facile da usare.\",\"breadcrumb\":{\"@id\":\"https:\\\/\\\/nitorlack.com\\\/it\\\/barniz\\\/accesori\\\/pistola-a-spruzzo\\\/pistola-per-vernicitaura-14-mm\\\/#breadcrumb\"},\"inLanguage\":\"it-IT\",\"potentialAction\":[{\"@type\":\"ReadAction\",\"target\":[\"https:\\\/\\\/nitorlack.com\\\/it\\\/barniz\\\/accesori\\\/pistola-a-spruzzo\\\/pistola-per-vernicitaura-14-mm\\\/\"]}]},{\"@type\":\"ImageObject\",\"inLanguage\":\"it-IT\",\"@id\":\"https:\\\/\\\/nitorlack.com\\\/it\\\/barniz\\\/accesori\\\/pistola-a-spruzzo\\\/pistola-per-vernicitaura-14-mm\\\/#primaryimage\",\"url\":\"https:\\\/\\\/nitorlack.com\\\/wp-content\\\/uploads\\\/2024\\\/07\\\/PISTOLA-GRANDE-ACCESORIOS.jpg\",\"contentUrl\":\"https:\\\/\\\/nitorlack.com\\\/wp-content\\\/uploads\\\/2024\\\/07\\\/PISTOLA-GRANDE-ACCESORIOS.jpg\",\"width\":1200,\"height\":1200,\"caption\":\"UGELLO 1,7 MM\"},{\"@type\":\"BreadcrumbList\",\"@id\":\"https:\\\/\\\/nitorlack.com\\\/it\\\/barniz\\\/accesori\\\/pistola-a-spruzzo\\\/pistola-per-vernicitaura-14-mm\\\/#breadcrumb\",\"itemListElement\":[{\"@type\":\"ListItem\",\"position\":1,\"name\":\"Copertina\",\"item\":\"https:\\\/\\\/nitorlack.com\\\/it\\\/\"},{\"@type\":\"ListItem\",\"position\":2,\"name\":\"Negozio\",\"item\":\"https:\\\/\\\/nitorlack.com\\\/it\\\/negozio\\\/\"},{\"@type\":\"ListItem\",\"position\":3,\"name\":\"PISTOLA PER VERNICITAURA 1,4 mm\"}]},{\"@type\":\"WebSite\",\"@id\":\"https:\\\/\\\/nitorlack.com\\\/it\\\/#website\",\"url\":\"https:\\\/\\\/nitorlack.com\\\/it\\\/\",\"name\":\"Nitorlack\",\"description\":\"Guitar Lacquers\",\"publisher\":{\"@id\":\"https:\\\/\\\/nitorlack.com\\\/it\\\/#organization\"},\"potentialAction\":[{\"@type\":\"SearchAction\",\"target\":{\"@type\":\"EntryPoint\",\"urlTemplate\":\"https:\\\/\\\/nitorlack.com\\\/it\\\/?s={search_term_string}\"},\"query-input\":{\"@type\":\"PropertyValueSpecification\",\"valueRequired\":true,\"valueName\":\"search_term_string\"}}],\"inLanguage\":\"it-IT\"},{\"@type\":\"Organization\",\"@id\":\"https:\\\/\\\/nitorlack.com\\\/it\\\/#organization\",\"name\":\"Nitorlack\",\"url\":\"https:\\\/\\\/nitorlack.com\\\/it\\\/\",\"logo\":{\"@type\":\"ImageObject\",\"inLanguage\":\"it-IT\",\"@id\":\"https:\\\/\\\/nitorlack.com\\\/it\\\/#\\\/schema\\\/logo\\\/image\\\/\",\"url\":\"http:\\\/\\\/nitorlack.com\\\/wp-content\\\/uploads\\\/2016\\\/02\\\/cropped-galleta-negra-1.jpg\",\"contentUrl\":\"http:\\\/\\\/nitorlack.com\\\/wp-content\\\/uploads\\\/2016\\\/02\\\/cropped-galleta-negra-1.jpg\",\"width\":512,\"height\":512,\"caption\":\"Nitorlack\"},\"image\":{\"@id\":\"https:\\\/\\\/nitorlack.com\\\/it\\\/#\\\/schema\\\/logo\\\/image\\\/\"}}]}<\/script>\n<!-- \/ Yoast SEO plugin. -->","yoast_head_json":{"title":"PISTOLA PER VERNICITAURA 1,4 mm | Nitorlack","description":"Pistola a spruzzo a gravit\u00e0. Con questa pistola a spruzzo potrete eseguire lavori di pittura e verniciatura professionali. Resistente, precisa e facile da usare.","robots":{"index":"index","follow":"follow","max-snippet":"max-snippet:-1","max-image-preview":"max-image-preview:large","max-video-preview":"max-video-preview:-1"},"canonical":"https:\/\/nitorlack.com\/it\/barniz\/accesori\/pistola-a-spruzzo\/pistola-per-vernicitaura-14-mm\/","og_locale":"it_IT","og_type":"article","og_title":"PISTOLA PER VERNICITAURA 1,4 mm | Nitorlack","og_description":"Pistola a spruzzo a gravit\u00e0. Con questa pistola a spruzzo potrete eseguire lavori di pittura e verniciatura professionali. Resistente, precisa e facile da usare.","og_url":"https:\/\/nitorlack.com\/it\/barniz\/accesori\/pistola-a-spruzzo\/pistola-per-vernicitaura-14-mm\/","og_site_name":"Nitorlack","article_modified_time":"2026-04-27T15:57:30+00:00","og_image":[{"width":1200,"height":1200,"url":"https:\/\/nitorlack.com\/wp-content\/uploads\/2024\/07\/PISTOLA-GRANDE-ACCESORIOS.jpg","type":"image\/jpeg"}],"twitter_card":"summary_large_image","twitter_misc":{"Tempo di lettura stimato":"1 minuto"},"schema":{"@context":"https:\/\/schema.org","@graph":[{"@type":"WebPage","@id":"https:\/\/nitorlack.com\/it\/barniz\/accesori\/pistola-a-spruzzo\/pistola-per-vernicitaura-14-mm\/","url":"https:\/\/nitorlack.com\/it\/barniz\/accesori\/pistola-a-spruzzo\/pistola-per-vernicitaura-14-mm\/","name":"PISTOLA PER VERNICITAURA 1,4 mm | Nitorlack","isPartOf":{"@id":"https:\/\/nitorlack.com\/it\/#website"},"primaryImageOfPage":{"@id":"https:\/\/nitorlack.com\/it\/barniz\/accesori\/pistola-a-spruzzo\/pistola-per-vernicitaura-14-mm\/#primaryimage"},"image":{"@id":"https:\/\/nitorlack.com\/it\/barniz\/accesori\/pistola-a-spruzzo\/pistola-per-vernicitaura-14-mm\/#primaryimage"},"thumbnailUrl":"https:\/\/nitorlack.com\/wp-content\/uploads\/2024\/07\/PISTOLA-GRANDE-ACCESORIOS.jpg","datePublished":"2024-07-29T13:31:22+00:00","dateModified":"2026-04-27T15:57:30+00:00","description":"Pistola a spruzzo a gravit\u00e0. Con questa pistola a spruzzo potrete eseguire lavori di pittura e verniciatura professionali. Resistente, precisa e facile da usare.","breadcrumb":{"@id":"https:\/\/nitorlack.com\/it\/barniz\/accesori\/pistola-a-spruzzo\/pistola-per-vernicitaura-14-mm\/#breadcrumb"},"inLanguage":"it-IT","potentialAction":[{"@type":"ReadAction","target":["https:\/\/nitorlack.com\/it\/barniz\/accesori\/pistola-a-spruzzo\/pistola-per-vernicitaura-14-mm\/"]}]},{"@type":"ImageObject","inLanguage":"it-IT","@id":"https:\/\/nitorlack.com\/it\/barniz\/accesori\/pistola-a-spruzzo\/pistola-per-vernicitaura-14-mm\/#primaryimage","url":"https:\/\/nitorlack.com\/wp-content\/uploads\/2024\/07\/PISTOLA-GRANDE-ACCESORIOS.jpg","contentUrl":"https:\/\/nitorlack.com\/wp-content\/uploads\/2024\/07\/PISTOLA-GRANDE-ACCESORIOS.jpg","width":1200,"height":1200,"caption":"UGELLO 1,7 MM"},{"@type":"BreadcrumbList","@id":"https:\/\/nitorlack.com\/it\/barniz\/accesori\/pistola-a-spruzzo\/pistola-per-vernicitaura-14-mm\/#breadcrumb","itemListElement":[{"@type":"ListItem","position":1,"name":"Copertina","item":"https:\/\/nitorlack.com\/it\/"},{"@type":"ListItem","position":2,"name":"Negozio","item":"https:\/\/nitorlack.com\/it\/negozio\/"},{"@type":"ListItem","position":3,"name":"PISTOLA PER VERNICITAURA 1,4 mm"}]},{"@type":"WebSite","@id":"https:\/\/nitorlack.com\/it\/#website","url":"https:\/\/nitorlack.com\/it\/","name":"Nitorlack","description":"Guitar Lacquers","publisher":{"@id":"https:\/\/nitorlack.com\/it\/#organization"},"potentialAction":[{"@type":"SearchAction","target":{"@type":"EntryPoint","urlTemplate":"https:\/\/nitorlack.com\/it\/?s={search_term_string}"},"query-input":{"@type":"PropertyValueSpecification","valueRequired":true,"valueName":"search_term_string"}}],"inLanguage":"it-IT"},{"@type":"Organization","@id":"https:\/\/nitorlack.com\/it\/#organization","name":"Nitorlack","url":"https:\/\/nitorlack.com\/it\/","logo":{"@type":"ImageObject","inLanguage":"it-IT","@id":"https:\/\/nitorlack.com\/it\/#\/schema\/logo\/image\/","url":"http:\/\/nitorlack.com\/wp-content\/uploads\/2016\/02\/cropped-galleta-negra-1.jpg","contentUrl":"http:\/\/nitorlack.com\/wp-content\/uploads\/2016\/02\/cropped-galleta-negra-1.jpg","width":512,"height":512,"caption":"Nitorlack"},"image":{"@id":"https:\/\/nitorlack.com\/it\/#\/schema\/logo\/image\/"}}]}},"_links":{"self":[{"href":"https:\/\/nitorlack.com\/it\/wp-json\/wp\/v2\/product\/73900","targetHints":{"allow":["GET"]}}],"collection":[{"href":"https:\/\/nitorlack.com\/it\/wp-json\/wp\/v2\/product"}],"about":[{"href":"https:\/\/nitorlack.com\/it\/wp-json\/wp\/v2\/types\/product"}],"replies":[{"embeddable":true,"href":"https:\/\/nitorlack.com\/it\/wp-json\/wp\/v2\/comments?post=73900"}],"wp:featuredmedia":[{"embeddable":true,"href":"https:\/\/nitorlack.com\/it\/wp-json\/wp\/v2\/media\/73873"}],"wp:attachment":[{"href":"https:\/\/nitorlack.com\/it\/wp-json\/wp\/v2\/media?parent=73900"}],"wp:term":[{"taxonomy":"product_brand","embeddable":true,"href":"https:\/\/nitorlack.com\/it\/wp-json\/wp\/v2\/product_brand?post=73900"},{"taxonomy":"product_cat","embeddable":true,"href":"https:\/\/nitorlack.com\/it\/wp-json\/wp\/v2\/product_cat?post=73900"},{"taxonomy":"product_tag","embeddable":true,"href":"https:\/\/nitorlack.com\/it\/wp-json\/wp\/v2\/product_tag?post=73900"}],"curies":[{"name":"wp","href":"https:\/\/api.w.org\/{rel}","templated":true}]}}