{"id":73550,"date":"2024-07-15T10:30:09","date_gmt":"2024-07-15T08:48:18","guid":{"rendered":"https:\/\/nitorlack.com\/?post_type=product&#038;p=73550"},"modified":"2026-03-16T17:10:07","modified_gmt":"2026-03-16T15:10:07","slug":"camaleonte","status":"publish","type":"product","link":"https:\/\/nitorlack.com\/it\/barniz\/colores-it\/solido\/camaleonte\/","title":{"rendered":"CAMALEONTE"},"content":{"rendered":"<div class=\"wpb-content-wrapper\"><p>[vc_row css=&#8221;.vc_custom_1593585132184{background-color: #ffffff !important;}&#8221;][vc_column width=&#8221;1\/2&#8243;][vc_column_text]<\/p>\n<h2>I nostri colori di ispirazione vintage<\/h2>\n<p>I colori Nitorlack si basano sui colori originali <strong>Fender e Gibson<\/strong>. La creazione di questi colori \u00e8 preceduta da un grande lavoro e da uno studio esaustivo da parte del nostro laboratorio e del nostro ufficio tecnico. Grazie a questo, siamo riusciti a ricreare fedelmente le tonalit\u00e0 delle chitarre Fender e Gibson degli anni &#8217;50 e &#8217;60<strong>.<\/strong><\/p>\n<p>Da quegli anni fino ai giorni nostri, bisogna tenere conto del fatto che i <strong>colori delle chitarre<\/strong> vintage sono cambiati molto nel corso degli anni a causa dell&#8217;invecchiamento della <strong>lacca di nitrocellulosa<\/strong> e dei cambiamenti nei colori del marchio stesso.<\/p>\n<p>Pertanto, due chitarre finite nel 1960 con i colori fender possono essere totalmente diverse l&#8217;una dall&#8217;altra o da una chitarra pi\u00f9 moderna.<\/p>\n<p>[\/vc_column_text][\/vc_column][vc_column width=&#8221;1\/2&#8243;][vc_single_image image=&#8221;73601&#8243; img_size=&#8221;large&#8221; alignment=&#8221;center&#8221; css=&#8221;&#8221;][\/vc_column][\/vc_row][vc_row][vc_column][vc_column_text css=&#8221;&#8221;]<\/p>\n<h3>Guida all&#8217;implementazione:<\/h3>\n<ul>\n<li>Il processo di verniciatura inizia una volta che la chitarra \u00e8 stata trattata con il Nitorlack Primer<strong>. Importante<\/strong>: questo passaggio non sar\u00e0 necessario nei processi di riverniciatura, cio\u00e8 quando la chitarra \u00e8 gi\u00e0 stata verniciata per coprire tutti i pori del legno e la superficie \u00e8 uniforme. Pertanto, se la superficie \u00e8 gi\u00e0 preparata per iniziare la verniciatura, NON SARA&#8217; NECESSARIO USARE IL PRIMER NITORLACK.<\/li>\n<li>Quando iniziamo il lavoro di verniciatura, i pori devono essere chiusi e le venature non devono essere segnate.<\/li>\n<li>Prima di iniziare a utilizzare questo colore, \u00e8 necessario applicare una mano di <a href=\"https:\/\/nitorlack.com\/it\/barniz\/colores-it\/solido\/nitorlack-deep-black\/\">Black Gloss<\/a> o <a href=\"https:\/\/nitorlack.com\/it\/barniz\/colores-it\/solido\/nitorlack-deep-black\/\">Deep Black Gloss<\/a>.<\/li>\n<li>Applicare il prodotto a spruzzo o con la pistola a spruzzo a una distanza di circa <strong>25 cm.<\/strong><\/li>\n<li>Quando si applica, bisogna seguire uno schema di applicazione, <strong>prima in orizzontale e poi in verticale<\/strong>, stendendo la vernice in modo uniforme.<\/li>\n<li>Applicare pi\u00f9 mani, lasciando asciugare <strong>24 ore<\/strong> tra una e l&#8217;altra e carteggiando per migliorare l&#8217;aderenza e rimuovere le impurit\u00e0 che rimangono dopo ogni applicazione di vernice.<\/li>\n<li>Il lavoro \u00e8 terminato quando la superficie \u00e8 completamente liscia e priva di imperfezioni.<\/li>\n<\/ul>\n<p>&nbsp;<\/p>\n<h3>Domande frequenti:<\/h3>\n<p>&nbsp;<\/p>\n<h4>Quanti spray servono per verniciare una chitarra?<\/h4>\n<p>Se la superficie \u00e8 ben coperta e non \u00e8 il vostro primo progetto di verniciatura, potete farlo con una bomboletta spray, anche se non applicherete molte mani. Tuttavia, se non siete esperti, vi consigliamo di utilizzare 2 spruzzi per ottenere una finitura ottimale.<\/p>\n<p>&nbsp;<\/p>\n<h4>A che temperatura deve essere la chitarra durante e dopo il processo?<\/h4>\n<p>Si consiglia di farlo in un luogo in cui la temperatura sia compresa tra 15 e 25 gradi Celsius. Se il processo di pittura o di verniciatura viene eseguito in condizioni molto calde o fredde, il risultato finale potrebbe non essere buono.<\/p>\n<h4>Dove devo eseguire il processo?<\/h4>\n<p>\u00c8 essenziale che il sito sia pulito, per evitare che particelle di sporco o polvere aderiscano alla superficie.<\/p>\n<p>&nbsp;<\/p>\n<h4>\u00c8 obbligatorio carteggiare tra una mano e l&#8217;altra?<\/h4>\n<p>Non si tratta di un&#8217;operazione da eseguire sempre, ma \u00e8 consigliabile per eliminare le imperfezioni lasciate dalla vernice alla fine di ogni mano e le particelle che possono aderire.[\/vc_column_text][\/vc_column][\/vc_row][vc_row][vc_column][vc_column_text]<\/p>\n<p>[vc_row][vc_column][vc_column_text]<\/p>\n<h4 style=\"text-align: center;\" data-mce-style=\"text-align: center;\">Condividete il vostro lavoro sui social media utilizzando il nostro hashtag<\/h4>\n<h2 style=\"text-align: center;\" data-mce-style=\"text-align: center;\">#myNitorlack<\/h2>\n<hr>\n<p>[\/vc_column_text][\/vc_column][\/vc_row][vc_column width=&#8221;1\/2&#8243;][\/vc_column][vc_column width=&#8221;1\/2&#8243;][\/vc_column]<\/p>\n<\/div>","protected":false},"excerpt":{"rendered":"<p>Il colore Camaleonte<strong> \u00e8 un colore che cambia tonalit\u00e0 a seconda dell&#8217;angolo di visione<\/strong> e del modo in cui la luce lo colpisce, creando un effetto visivo unico, poich\u00e9 la chitarra non appare mai dello stesso colore in tutte le sue parti.<\/p>\n<p>Si tratta quindi di un colore ideale per i chitarristi alla ricerca di un look distintivo. Questo colore si distingue per il suo aspetto brillante, con sfumature che vanno dai verdi e dai blu ai viola e agli ori.<\/p>\n<p><strong>IMPORTANTE:<\/strong> prima di applicare questo colore \u00e8 necessario che la chitarra abbia una mano di nero (Black Gloss o Deep Black).<\/p>\n<p>Questo colore \u00e8 disponibile in:<\/p>\n<ul>\n<li><strong>Spray da 400 ml.<\/strong><\/li>\n<li><strong>Bomboletta da 500 ml<\/strong>, che si consiglia di diluire con un diluente al 10%.<\/li>\n<\/ul>\n","protected":false},"featured_media":73193,"comment_status":"closed","ping_status":"closed","template":"","meta":{"om_disable_all_campaigns":false,"site-sidebar-layout":"no-sidebar","site-content-layout":"plain-container","ast-site-content-layout":"default","site-content-style":"default","site-sidebar-style":"default","ast-global-header-display":"","ast-banner-title-visibility":"","ast-main-header-display":"","ast-hfb-above-header-display":"","ast-hfb-below-header-display":"","ast-hfb-mobile-header-display":"","site-post-title":"disabled","ast-breadcrumbs-content":"","ast-featured-img":"disabled","footer-sml-layout":"","ast-disable-related-posts":"","theme-transparent-header-meta":"default","adv-header-id-meta":"","stick-header-meta":"default","header-above-stick-meta":"","header-main-stick-meta":"","header-below-stick-meta":"","astra-migrate-meta-layouts":"set","ast-page-background-enabled":"default","ast-page-background-meta":{"desktop":{"background-color":"var(--ast-global-color-4)","background-image":"","background-repeat":"repeat","background-position":"center center","background-size":"auto","background-attachment":"scroll","background-type":"","background-media":"","overlay-type":"","overlay-color":"","overlay-opacity":"","overlay-gradient":""},"tablet":{"background-color":"","background-image":"","background-repeat":"repeat","background-position":"center center","background-size":"auto","background-attachment":"scroll","background-type":"","background-media":"","overlay-type":"","overlay-color":"","overlay-opacity":"","overlay-gradient":""},"mobile":{"background-color":"","background-image":"","background-repeat":"repeat","background-position":"center center","background-size":"auto","background-attachment":"scroll","background-type":"","background-media":"","overlay-type":"","overlay-color":"","overlay-opacity":"","overlay-gradient":""}},"ast-content-background-meta":{"desktop":{"background-color":"var(--ast-global-color-5)","background-image":"","background-repeat":"repeat","background-position":"center center","background-size":"auto","background-attachment":"scroll","background-type":"","background-media":"","overlay-type":"","overlay-color":"","overlay-opacity":"","overlay-gradient":""},"tablet":{"background-color":"var(--ast-global-color-5)","background-image":"","background-repeat":"repeat","background-position":"center center","background-size":"auto","background-attachment":"scroll","background-type":"","background-media":"","overlay-type":"","overlay-color":"","overlay-opacity":"","overlay-gradient":""},"mobile":{"background-color":"var(--ast-global-color-5)","background-image":"","background-repeat":"repeat","background-position":"center center","background-size":"auto","background-attachment":"scroll","background-type":"","background-media":"","overlay-type":"","overlay-color":"","overlay-opacity":"","overlay-gradient":""}}},"product_brand":[],"product_cat":[7028,7424],"product_tag":[],"class_list":{"0":"post-73550","1":"product","2":"type-product","3":"status-publish","4":"has-post-thumbnail","6":"product_cat-colores-it","7":"product_cat-solido","8":"desktop-align-center","9":"tablet-align-center","10":"mobile-align-center","11":"ast-product-gallery-layout-horizontal-slider","12":"ast-product-single-variable","13":"ast-product-tabs-layout-horizontal","15":"first","16":"instock","17":"taxable","18":"shipping-taxable","19":"purchasable","20":"product-type-variable"},"bundled_by":[],"bundle_stock_status":"instock","bundle_stock_quantity":5000,"bundle_virtual":false,"bundle_layout":"","bundle_add_to_cart_form_location":"","bundle_editable_in_cart":false,"bundle_sold_individually_context":"","bundle_item_grouping":"","bundle_min_size":"","bundle_max_size":"","bundle_price":[],"bundled_items":[],"bundle_sell_ids":[],"yoast_head":"<!-- This site is optimized with the Yoast SEO plugin v27.3 - https:\/\/yoast.com\/product\/yoast-seo-wordpress\/ -->\n<title>CAMALEONTE Colore | Nitorlack<\/title>\n<meta name=\"description\" content=\"Vernice Camaleonte. Questo colore cambia a seconda di come la luce lo colpisce. Passa dal viola al blu, al verde o all&#039;oro.\" \/>\n<meta name=\"robots\" content=\"index, follow, max-snippet:-1, max-image-preview:large, max-video-preview:-1\" \/>\n<link rel=\"canonical\" href=\"https:\/\/nitorlack.com\/it\/barniz\/colores-it\/solido\/camaleonte\/\" \/>\n<meta property=\"og:locale\" content=\"it_IT\" \/>\n<meta property=\"og:type\" content=\"article\" \/>\n<meta property=\"og:title\" content=\"CAMALEONTE Colore | Nitorlack\" \/>\n<meta property=\"og:description\" content=\"Vernice Camaleonte. Questo colore cambia a seconda di come la luce lo colpisce. Passa dal viola al blu, al verde o all&#039;oro.\" \/>\n<meta property=\"og:url\" content=\"https:\/\/nitorlack.com\/it\/barniz\/colores-it\/solido\/camaleonte\/\" \/>\n<meta property=\"og:site_name\" content=\"Nitorlack\" \/>\n<meta property=\"article:modified_time\" content=\"2026-03-16T15:10:07+00:00\" \/>\n<meta property=\"og:image\" content=\"https:\/\/nitorlack.com\/wp-content\/uploads\/2024\/06\/SESION-2-GUITARRA-10-1-B.jpg\" \/>\n\t<meta property=\"og:image:width\" content=\"1200\" \/>\n\t<meta property=\"og:image:height\" content=\"1200\" \/>\n\t<meta property=\"og:image:type\" content=\"image\/jpeg\" \/>\n<meta name=\"twitter:card\" content=\"summary_large_image\" \/>\n<meta name=\"twitter:label1\" content=\"Tempo di lettura stimato\" \/>\n\t<meta name=\"twitter:data1\" content=\"3 minuti\" \/>\n<script type=\"application\/ld+json\" class=\"yoast-schema-graph\">{\"@context\":\"https:\\\/\\\/schema.org\",\"@graph\":[{\"@type\":\"WebPage\",\"@id\":\"https:\\\/\\\/nitorlack.com\\\/it\\\/barniz\\\/colores-it\\\/solido\\\/camaleonte\\\/\",\"url\":\"https:\\\/\\\/nitorlack.com\\\/it\\\/barniz\\\/colores-it\\\/solido\\\/camaleonte\\\/\",\"name\":\"CAMALEONTE Colore | Nitorlack\",\"isPartOf\":{\"@id\":\"https:\\\/\\\/nitorlack.com\\\/it\\\/#website\"},\"primaryImageOfPage\":{\"@id\":\"https:\\\/\\\/nitorlack.com\\\/it\\\/barniz\\\/colores-it\\\/solido\\\/camaleonte\\\/#primaryimage\"},\"image\":{\"@id\":\"https:\\\/\\\/nitorlack.com\\\/it\\\/barniz\\\/colores-it\\\/solido\\\/camaleonte\\\/#primaryimage\"},\"thumbnailUrl\":\"https:\\\/\\\/nitorlack.com\\\/wp-content\\\/uploads\\\/2024\\\/06\\\/SESION-2-GUITARRA-10-2-B.jpg\",\"datePublished\":\"2024-07-15T08:48:18+00:00\",\"dateModified\":\"2026-03-16T15:10:07+00:00\",\"description\":\"Vernice Camaleonte. Questo colore cambia a seconda di come la luce lo colpisce. Passa dal viola al blu, al verde o all'oro.\",\"breadcrumb\":{\"@id\":\"https:\\\/\\\/nitorlack.com\\\/it\\\/barniz\\\/colores-it\\\/solido\\\/camaleonte\\\/#breadcrumb\"},\"inLanguage\":\"it-IT\",\"potentialAction\":[{\"@type\":\"ReadAction\",\"target\":[\"https:\\\/\\\/nitorlack.com\\\/it\\\/barniz\\\/colores-it\\\/solido\\\/camaleonte\\\/\"]}]},{\"@type\":\"ImageObject\",\"inLanguage\":\"it-IT\",\"@id\":\"https:\\\/\\\/nitorlack.com\\\/it\\\/barniz\\\/colores-it\\\/solido\\\/camaleonte\\\/#primaryimage\",\"url\":\"https:\\\/\\\/nitorlack.com\\\/wp-content\\\/uploads\\\/2024\\\/06\\\/SESION-2-GUITARRA-10-2-B.jpg\",\"contentUrl\":\"https:\\\/\\\/nitorlack.com\\\/wp-content\\\/uploads\\\/2024\\\/06\\\/SESION-2-GUITARRA-10-2-B.jpg\",\"width\":1200,\"height\":1200,\"caption\":\"color tornasolado\"},{\"@type\":\"BreadcrumbList\",\"@id\":\"https:\\\/\\\/nitorlack.com\\\/it\\\/barniz\\\/colores-it\\\/solido\\\/camaleonte\\\/#breadcrumb\",\"itemListElement\":[{\"@type\":\"ListItem\",\"position\":1,\"name\":\"Copertina\",\"item\":\"https:\\\/\\\/nitorlack.com\\\/it\\\/\"},{\"@type\":\"ListItem\",\"position\":2,\"name\":\"Negozio\",\"item\":\"https:\\\/\\\/nitorlack.com\\\/it\\\/negozio\\\/\"},{\"@type\":\"ListItem\",\"position\":3,\"name\":\"CAMALEONTE\"}]},{\"@type\":\"WebSite\",\"@id\":\"https:\\\/\\\/nitorlack.com\\\/it\\\/#website\",\"url\":\"https:\\\/\\\/nitorlack.com\\\/it\\\/\",\"name\":\"Nitorlack\",\"description\":\"Guitar Lacquers\",\"publisher\":{\"@id\":\"https:\\\/\\\/nitorlack.com\\\/it\\\/#organization\"},\"potentialAction\":[{\"@type\":\"SearchAction\",\"target\":{\"@type\":\"EntryPoint\",\"urlTemplate\":\"https:\\\/\\\/nitorlack.com\\\/it\\\/?s={search_term_string}\"},\"query-input\":{\"@type\":\"PropertyValueSpecification\",\"valueRequired\":true,\"valueName\":\"search_term_string\"}}],\"inLanguage\":\"it-IT\"},{\"@type\":\"Organization\",\"@id\":\"https:\\\/\\\/nitorlack.com\\\/it\\\/#organization\",\"name\":\"Nitorlack\",\"url\":\"https:\\\/\\\/nitorlack.com\\\/it\\\/\",\"logo\":{\"@type\":\"ImageObject\",\"inLanguage\":\"it-IT\",\"@id\":\"https:\\\/\\\/nitorlack.com\\\/it\\\/#\\\/schema\\\/logo\\\/image\\\/\",\"url\":\"http:\\\/\\\/nitorlack.com\\\/wp-content\\\/uploads\\\/2016\\\/02\\\/cropped-galleta-negra-1.jpg\",\"contentUrl\":\"http:\\\/\\\/nitorlack.com\\\/wp-content\\\/uploads\\\/2016\\\/02\\\/cropped-galleta-negra-1.jpg\",\"width\":512,\"height\":512,\"caption\":\"Nitorlack\"},\"image\":{\"@id\":\"https:\\\/\\\/nitorlack.com\\\/it\\\/#\\\/schema\\\/logo\\\/image\\\/\"}}]}<\/script>\n<!-- \/ Yoast SEO plugin. -->","yoast_head_json":{"title":"CAMALEONTE Colore | Nitorlack","description":"Vernice Camaleonte. Questo colore cambia a seconda di come la luce lo colpisce. Passa dal viola al blu, al verde o all'oro.","robots":{"index":"index","follow":"follow","max-snippet":"max-snippet:-1","max-image-preview":"max-image-preview:large","max-video-preview":"max-video-preview:-1"},"canonical":"https:\/\/nitorlack.com\/it\/barniz\/colores-it\/solido\/camaleonte\/","og_locale":"it_IT","og_type":"article","og_title":"CAMALEONTE Colore | Nitorlack","og_description":"Vernice Camaleonte. Questo colore cambia a seconda di come la luce lo colpisce. Passa dal viola al blu, al verde o all'oro.","og_url":"https:\/\/nitorlack.com\/it\/barniz\/colores-it\/solido\/camaleonte\/","og_site_name":"Nitorlack","article_modified_time":"2026-03-16T15:10:07+00:00","og_image":[{"width":1200,"height":1200,"url":"https:\/\/nitorlack.com\/wp-content\/uploads\/2024\/06\/SESION-2-GUITARRA-10-1-B.jpg","type":"image\/jpeg"}],"twitter_card":"summary_large_image","twitter_misc":{"Tempo di lettura stimato":"3 minuti"},"schema":{"@context":"https:\/\/schema.org","@graph":[{"@type":"WebPage","@id":"https:\/\/nitorlack.com\/it\/barniz\/colores-it\/solido\/camaleonte\/","url":"https:\/\/nitorlack.com\/it\/barniz\/colores-it\/solido\/camaleonte\/","name":"CAMALEONTE Colore | Nitorlack","isPartOf":{"@id":"https:\/\/nitorlack.com\/it\/#website"},"primaryImageOfPage":{"@id":"https:\/\/nitorlack.com\/it\/barniz\/colores-it\/solido\/camaleonte\/#primaryimage"},"image":{"@id":"https:\/\/nitorlack.com\/it\/barniz\/colores-it\/solido\/camaleonte\/#primaryimage"},"thumbnailUrl":"https:\/\/nitorlack.com\/wp-content\/uploads\/2024\/06\/SESION-2-GUITARRA-10-2-B.jpg","datePublished":"2024-07-15T08:48:18+00:00","dateModified":"2026-03-16T15:10:07+00:00","description":"Vernice Camaleonte. Questo colore cambia a seconda di come la luce lo colpisce. Passa dal viola al blu, al verde o all'oro.","breadcrumb":{"@id":"https:\/\/nitorlack.com\/it\/barniz\/colores-it\/solido\/camaleonte\/#breadcrumb"},"inLanguage":"it-IT","potentialAction":[{"@type":"ReadAction","target":["https:\/\/nitorlack.com\/it\/barniz\/colores-it\/solido\/camaleonte\/"]}]},{"@type":"ImageObject","inLanguage":"it-IT","@id":"https:\/\/nitorlack.com\/it\/barniz\/colores-it\/solido\/camaleonte\/#primaryimage","url":"https:\/\/nitorlack.com\/wp-content\/uploads\/2024\/06\/SESION-2-GUITARRA-10-2-B.jpg","contentUrl":"https:\/\/nitorlack.com\/wp-content\/uploads\/2024\/06\/SESION-2-GUITARRA-10-2-B.jpg","width":1200,"height":1200,"caption":"color tornasolado"},{"@type":"BreadcrumbList","@id":"https:\/\/nitorlack.com\/it\/barniz\/colores-it\/solido\/camaleonte\/#breadcrumb","itemListElement":[{"@type":"ListItem","position":1,"name":"Copertina","item":"https:\/\/nitorlack.com\/it\/"},{"@type":"ListItem","position":2,"name":"Negozio","item":"https:\/\/nitorlack.com\/it\/negozio\/"},{"@type":"ListItem","position":3,"name":"CAMALEONTE"}]},{"@type":"WebSite","@id":"https:\/\/nitorlack.com\/it\/#website","url":"https:\/\/nitorlack.com\/it\/","name":"Nitorlack","description":"Guitar Lacquers","publisher":{"@id":"https:\/\/nitorlack.com\/it\/#organization"},"potentialAction":[{"@type":"SearchAction","target":{"@type":"EntryPoint","urlTemplate":"https:\/\/nitorlack.com\/it\/?s={search_term_string}"},"query-input":{"@type":"PropertyValueSpecification","valueRequired":true,"valueName":"search_term_string"}}],"inLanguage":"it-IT"},{"@type":"Organization","@id":"https:\/\/nitorlack.com\/it\/#organization","name":"Nitorlack","url":"https:\/\/nitorlack.com\/it\/","logo":{"@type":"ImageObject","inLanguage":"it-IT","@id":"https:\/\/nitorlack.com\/it\/#\/schema\/logo\/image\/","url":"http:\/\/nitorlack.com\/wp-content\/uploads\/2016\/02\/cropped-galleta-negra-1.jpg","contentUrl":"http:\/\/nitorlack.com\/wp-content\/uploads\/2016\/02\/cropped-galleta-negra-1.jpg","width":512,"height":512,"caption":"Nitorlack"},"image":{"@id":"https:\/\/nitorlack.com\/it\/#\/schema\/logo\/image\/"}}]}},"_links":{"self":[{"href":"https:\/\/nitorlack.com\/it\/wp-json\/wp\/v2\/product\/73550","targetHints":{"allow":["GET"]}}],"collection":[{"href":"https:\/\/nitorlack.com\/it\/wp-json\/wp\/v2\/product"}],"about":[{"href":"https:\/\/nitorlack.com\/it\/wp-json\/wp\/v2\/types\/product"}],"replies":[{"embeddable":true,"href":"https:\/\/nitorlack.com\/it\/wp-json\/wp\/v2\/comments?post=73550"}],"wp:featuredmedia":[{"embeddable":true,"href":"https:\/\/nitorlack.com\/it\/wp-json\/wp\/v2\/media\/73193"}],"wp:attachment":[{"href":"https:\/\/nitorlack.com\/it\/wp-json\/wp\/v2\/media?parent=73550"}],"wp:term":[{"taxonomy":"product_brand","embeddable":true,"href":"https:\/\/nitorlack.com\/it\/wp-json\/wp\/v2\/product_brand?post=73550"},{"taxonomy":"product_cat","embeddable":true,"href":"https:\/\/nitorlack.com\/it\/wp-json\/wp\/v2\/product_cat?post=73550"},{"taxonomy":"product_tag","embeddable":true,"href":"https:\/\/nitorlack.com\/it\/wp-json\/wp\/v2\/product_tag?post=73550"}],"curies":[{"name":"wp","href":"https:\/\/api.w.org\/{rel}","templated":true}]}}