{"id":69269,"date":"2023-12-21T15:42:23","date_gmt":"2023-12-21T13:42:23","guid":{"rendered":"https:\/\/nitorlack.com\/barniz\/senza-categoria\/wine-red\/"},"modified":"2026-02-18T15:48:07","modified_gmt":"2026-02-18T13:48:07","slug":"wine-red","status":"publish","type":"product","link":"https:\/\/nitorlack.com\/it\/barniz\/colores-it\/translucido\/wine-red\/","title":{"rendered":"WINE RED"},"content":{"rendered":"<div class=\"wpb-content-wrapper\"><p>[vc_row css=&#8221;.vc_custom_1593585132184{background-color: #ffffff !important;}&#8221;][vc_column width=&#8221;1\/2&#8243;][vc_column_text]<\/p>\n<h2>I nostri colori di ispirazione vintage<\/h2>\n<p>I colori Nitorlack si basano sui colori originali di <strong>Fender e Gibson<\/strong>. La creazione di questi colori \u00e8 preceduta da un grande lavoro e da uno studio esaustivo da parte del nostro laboratorio e del nostro ufficio tecnico. Grazie a ci\u00f2, siamo riusciti a ricreare fedelmente i toni delle chitarre Fender e Gibson degli anni &#8217;50 e &#8217;60.<\/p>\n<p>Da quegli anni a oggi, va notato che i <strong>colori delle chitarre vintage<\/strong> sono cambiati molto nel corso degli anni a causa dell&#8217;invecchiamento della <strong>lacca di nitrocellulosa<\/strong> e dei cambiamenti nei colori del marchio stesso.<\/p>\n<p>Pertanto, due chitarre rifinite nel 1960 con i colori fender possono essere totalmente diverse l&#8217;una dall&#8217;altra o da una chitarra pi\u00f9 moderna.[\/vc_column_text][\/vc_column][vc_column width=&#8221;1\/2&#8243;][vc_single_image image=&#8221;71078&#8243; img_size=&#8221;1000&#215;800&#8243; alignment=&#8221;center&#8221;][\/vc_column][\/vc_row][vc_row][vc_column][vc_column_text]<\/p>\n<h3>Guida all&#8217;implementazione:<\/h3>\n<ul>\n<li>Si inizia ad applicare il colore una volta che la chitarra \u00e8 stata fusa con il <strong>Nitorlack Primer.<\/strong>.<\/li>\n<li>Quando iniziamo il lavoro di verniciatura, i pori devono essere chiusi e le venature non devono essere segnate.<\/li>\n<li>Applicare il prodotto a spruzzo o con pistola a spruzzo a una distanza di <strong>25 cm<\/strong>.<\/li>\n<li>Durante l&#8217;applicazione dobbiamo seguire uno schema di applicazione, <strong>prima orizzontale e poi verticale<\/strong>, applicando la vernice in modo uniforme.<\/li>\n<li>Applicare pi\u00f9 mani, lasciando asciugare <strong>24 ore<\/strong> tra l&#8217;una e l&#8217;altra e carteggiando per rimuovere eventuali impurit\u00e0 residue.<\/li>\n<li>Questo lavoro sar\u00e0 completato quando la superficie sar\u00e0 completamente liscia e priva di imperfezioni.<\/li>\n<\/ul>\n<p>&nbsp;<\/p>\n<h3>Domande frequenti:<\/h3>\n<p>&nbsp;<\/p>\n<h4>Quanti spray servono per verniciare una chitarra?<\/h4>\n<p>&#8211; Se la superficie \u00e8 ben coperta e non \u00e8 il vostro primo progetto di verniciatura, potete farlo con una bomboletta spray, anche se non applicherete molte mani. Tuttavia, se non siete esperti, vi consigliamo di utilizzare 2 spruzzi per ottenere una finitura ottimale.<\/p>\n<p>&nbsp;<\/p>\n<h4>A che temperatura deve essere la chitarra durante e dopo il processo?<\/h4>\n<p>&#8211; Si consiglia di farlo in un luogo in cui la temperatura sia compresa tra 15 e 25 gradi Celsius. Se il processo di pittura o di verniciatura viene eseguito in condizioni molto calde o fredde, il risultato finale potrebbe non essere buono.<\/p>\n<p>&nbsp;<\/p>\n<h4>Dove devo eseguire il processo?<\/h4>\n<p>\u00c8 essenziale che il sito sia pulito, per evitare che particelle di sporco o polvere aderiscano alla superficie.<\/p>\n<p>&nbsp;<\/p>\n<h4>\u00c8 obbligatorio carteggiare tra una mano e l&#8217;altra?<\/h4>\n<p>No es algo que deba siempre, pero es recomendable para as\u00ed eliminar las imperfecciones que queden en la pintura al final de cada capa, as\u00ed como las part\u00edculas que puedan adherirse.[\/vc_column_text][\/vc_column][\/vc_row][vc_row][vc_column][vc_column_text]<\/p>\n<p>[vc_row][vc_column][vc_column_text]<\/p>\n<h4 style=\"text-align: center;\">Comparte tus trabajos en redes sociales usando nuestro hashtag<\/h4>\n<h2 style=\"text-align: center;\">#myNitorlack<\/h2>\n<hr \/>\n<p>[\/vc_column_text][\/vc_column][\/vc_row][vc_column width=&#8221;1\/2&#8243;][\/vc_column][vc_column width=&#8221;1\/2&#8243;][\/vc_column]<\/p>\n<\/div>","protected":false},"excerpt":{"rendered":"<p>Il colore &#8220;Wine Red&#8221; \u00e8 un colore <strong>traslucido<\/strong> che lascia trasparire le venature del legno.<\/p>\n<p>Affonda le sue radici nell&#8217;estetica classica dell&#8217;industria musicale. Utilizzato principalmente da Gibson sui modelli Les Paul Studio, Custom e Les Paul Deluxe degli anni Settanta.<\/p>\n<p>Ispirata alla profondit\u00e0 e alla ricchezza del <strong>wine red<\/strong>, questa tonalit\u00e0 \u00e8 diventata iconica. Fondendo il classico con il moderno, questo colore ha superato la prova del tempo. Dai modelli vintage alle creazioni contemporanee, il rosso vino rimane una scelta che evoca tradizione e stile nella scena musicale.<\/p>\n<p><strong>Importante<\/strong>: trattandosi di un colore traslucido, per ottenere la stessa tonalit\u00e0 mostrata nella foto \u00e8 importante utilizzare il colore\u00a0<strong>su legno di mogano<\/strong>\u00a0o un tono simile (scuro).<\/p>\n<p>Questo colore \u00e8 disponibile in:<\/p>\n<ul>\n<li><strong>Spray 400 ml.<\/strong><\/li>\n<li>, si consiglia di diluire con il 10% di solvente.<\/li>\n<\/ul>\n","protected":false},"featured_media":71070,"comment_status":"open","ping_status":"closed","template":"","meta":{"om_disable_all_campaigns":false,"site-sidebar-layout":"no-sidebar","site-content-layout":"plain-container","ast-site-content-layout":"default","site-content-style":"default","site-sidebar-style":"default","ast-global-header-display":"","ast-banner-title-visibility":"","ast-main-header-display":"","ast-hfb-above-header-display":"","ast-hfb-below-header-display":"","ast-hfb-mobile-header-display":"","site-post-title":"disabled","ast-breadcrumbs-content":"","ast-featured-img":"disabled","footer-sml-layout":"","ast-disable-related-posts":"","theme-transparent-header-meta":"default","adv-header-id-meta":"","stick-header-meta":"default","header-above-stick-meta":"","header-main-stick-meta":"","header-below-stick-meta":"","astra-migrate-meta-layouts":"set","ast-page-background-enabled":"default","ast-page-background-meta":{"desktop":{"background-color":"var(--ast-global-color-4)","background-image":"","background-repeat":"repeat","background-position":"center center","background-size":"auto","background-attachment":"scroll","background-type":"","background-media":"","overlay-type":"","overlay-color":"","overlay-opacity":"","overlay-gradient":""},"tablet":{"background-color":"","background-image":"","background-repeat":"repeat","background-position":"center center","background-size":"auto","background-attachment":"scroll","background-type":"","background-media":"","overlay-type":"","overlay-color":"","overlay-opacity":"","overlay-gradient":""},"mobile":{"background-color":"","background-image":"","background-repeat":"repeat","background-position":"center center","background-size":"auto","background-attachment":"scroll","background-type":"","background-media":"","overlay-type":"","overlay-color":"","overlay-opacity":"","overlay-gradient":""}},"ast-content-background-meta":{"desktop":{"background-color":"var(--ast-global-color-5)","background-image":"","background-repeat":"repeat","background-position":"center center","background-size":"auto","background-attachment":"scroll","background-type":"","background-media":"","overlay-type":"","overlay-color":"","overlay-opacity":"","overlay-gradient":""},"tablet":{"background-color":"var(--ast-global-color-5)","background-image":"","background-repeat":"repeat","background-position":"center center","background-size":"auto","background-attachment":"scroll","background-type":"","background-media":"","overlay-type":"","overlay-color":"","overlay-opacity":"","overlay-gradient":""},"mobile":{"background-color":"var(--ast-global-color-5)","background-image":"","background-repeat":"repeat","background-position":"center center","background-size":"auto","background-attachment":"scroll","background-type":"","background-media":"","overlay-type":"","overlay-color":"","overlay-opacity":"","overlay-gradient":""}}},"product_brand":[],"product_cat":[7028,7427],"product_tag":[],"class_list":{"0":"post-69269","1":"product","2":"type-product","3":"status-publish","4":"has-post-thumbnail","6":"product_cat-colores-it","7":"product_cat-translucido","8":"desktop-align-center","9":"tablet-align-center","10":"mobile-align-center","11":"ast-product-gallery-layout-horizontal-slider","12":"ast-product-single-variable","13":"ast-product-tabs-layout-horizontal","15":"first","16":"instock","17":"taxable","18":"shipping-taxable","19":"purchasable","20":"product-type-variable"},"bundled_by":[],"bundle_stock_status":"instock","bundle_stock_quantity":5000,"bundle_virtual":false,"bundle_layout":"","bundle_add_to_cart_form_location":"","bundle_editable_in_cart":false,"bundle_sold_individually_context":"","bundle_item_grouping":"","bundle_min_size":"","bundle_max_size":"","bundle_price":[],"bundled_items":[],"bundle_sell_ids":[],"yoast_head":"<!-- This site is optimized with the Yoast SEO plugin v27.4 - https:\/\/yoast.com\/product\/yoast-seo-wordpress\/ -->\n<title>WINE RED | Vernice Nitorlack<\/title>\n<meta name=\"description\" content=\"Colore Wine Red, caratteristico del marchio Fender negli anni &#039;60. Disponibile in nitrocellulosa o poliuretano, in formato spray o in bomboletta da 500 ml.\" \/>\n<meta name=\"robots\" content=\"index, follow, max-snippet:-1, max-image-preview:large, max-video-preview:-1\" \/>\n<link rel=\"canonical\" href=\"https:\/\/nitorlack.com\/it\/barniz\/colores-it\/translucido\/wine-red\/\" \/>\n<meta property=\"og:locale\" content=\"it_IT\" \/>\n<meta property=\"og:type\" content=\"article\" \/>\n<meta property=\"og:title\" content=\"WINE RED | Vernice Nitorlack\" \/>\n<meta property=\"og:description\" content=\"Colore Wine Red, caratteristico del marchio Fender negli anni &#039;60. Disponibile in nitrocellulosa o poliuretano, in formato spray o in bomboletta da 500 ml.\" \/>\n<meta property=\"og:url\" content=\"https:\/\/nitorlack.com\/it\/barniz\/colores-it\/translucido\/wine-red\/\" \/>\n<meta property=\"og:site_name\" content=\"Nitorlack\" \/>\n<meta property=\"article:modified_time\" content=\"2026-02-18T13:48:07+00:00\" \/>\n<meta property=\"og:image\" content=\"https:\/\/nitorlack.com\/wp-content\/uploads\/2023\/12\/frontal-wine.jpg\" \/>\n\t<meta property=\"og:image:width\" content=\"1200\" \/>\n\t<meta property=\"og:image:height\" content=\"1198\" \/>\n\t<meta property=\"og:image:type\" content=\"image\/jpeg\" \/>\n<meta name=\"twitter:card\" content=\"summary_large_image\" \/>\n<meta name=\"twitter:label1\" content=\"Tempo di lettura stimato\" \/>\n\t<meta name=\"twitter:data1\" content=\"2 minuti\" \/>\n<script type=\"application\/ld+json\" class=\"yoast-schema-graph\">{\"@context\":\"https:\\\/\\\/schema.org\",\"@graph\":[{\"@type\":\"WebPage\",\"@id\":\"https:\\\/\\\/nitorlack.com\\\/it\\\/barniz\\\/colores-it\\\/translucido\\\/wine-red\\\/\",\"url\":\"https:\\\/\\\/nitorlack.com\\\/it\\\/barniz\\\/colores-it\\\/translucido\\\/wine-red\\\/\",\"name\":\"WINE RED | Vernice Nitorlack\",\"isPartOf\":{\"@id\":\"https:\\\/\\\/nitorlack.com\\\/it\\\/#website\"},\"primaryImageOfPage\":{\"@id\":\"https:\\\/\\\/nitorlack.com\\\/it\\\/barniz\\\/colores-it\\\/translucido\\\/wine-red\\\/#primaryimage\"},\"image\":{\"@id\":\"https:\\\/\\\/nitorlack.com\\\/it\\\/barniz\\\/colores-it\\\/translucido\\\/wine-red\\\/#primaryimage\"},\"thumbnailUrl\":\"https:\\\/\\\/nitorlack.com\\\/wp-content\\\/uploads\\\/2023\\\/12\\\/frontal-wine-perspectiva.jpg\",\"datePublished\":\"2023-12-21T13:42:23+00:00\",\"dateModified\":\"2026-02-18T13:48:07+00:00\",\"description\":\"Colore Wine Red, caratteristico del marchio Fender negli anni '60. Disponibile in nitrocellulosa o poliuretano, in formato spray o in bomboletta da 500 ml.\",\"breadcrumb\":{\"@id\":\"https:\\\/\\\/nitorlack.com\\\/it\\\/barniz\\\/colores-it\\\/translucido\\\/wine-red\\\/#breadcrumb\"},\"inLanguage\":\"it-IT\",\"potentialAction\":[{\"@type\":\"ReadAction\",\"target\":[\"https:\\\/\\\/nitorlack.com\\\/it\\\/barniz\\\/colores-it\\\/translucido\\\/wine-red\\\/\"]}]},{\"@type\":\"ImageObject\",\"inLanguage\":\"it-IT\",\"@id\":\"https:\\\/\\\/nitorlack.com\\\/it\\\/barniz\\\/colores-it\\\/translucido\\\/wine-red\\\/#primaryimage\",\"url\":\"https:\\\/\\\/nitorlack.com\\\/wp-content\\\/uploads\\\/2023\\\/12\\\/frontal-wine-perspectiva.jpg\",\"contentUrl\":\"https:\\\/\\\/nitorlack.com\\\/wp-content\\\/uploads\\\/2023\\\/12\\\/frontal-wine-perspectiva.jpg\",\"width\":1200,\"height\":1233,\"caption\":\"wine red color\"},{\"@type\":\"BreadcrumbList\",\"@id\":\"https:\\\/\\\/nitorlack.com\\\/it\\\/barniz\\\/colores-it\\\/translucido\\\/wine-red\\\/#breadcrumb\",\"itemListElement\":[{\"@type\":\"ListItem\",\"position\":1,\"name\":\"Copertina\",\"item\":\"https:\\\/\\\/nitorlack.com\\\/it\\\/\"},{\"@type\":\"ListItem\",\"position\":2,\"name\":\"Negozio\",\"item\":\"https:\\\/\\\/nitorlack.com\\\/it\\\/negozio\\\/\"},{\"@type\":\"ListItem\",\"position\":3,\"name\":\"WINE RED\"}]},{\"@type\":\"WebSite\",\"@id\":\"https:\\\/\\\/nitorlack.com\\\/it\\\/#website\",\"url\":\"https:\\\/\\\/nitorlack.com\\\/it\\\/\",\"name\":\"Nitorlack\",\"description\":\"Guitar Lacquers\",\"publisher\":{\"@id\":\"https:\\\/\\\/nitorlack.com\\\/it\\\/#organization\"},\"potentialAction\":[{\"@type\":\"SearchAction\",\"target\":{\"@type\":\"EntryPoint\",\"urlTemplate\":\"https:\\\/\\\/nitorlack.com\\\/it\\\/?s={search_term_string}\"},\"query-input\":{\"@type\":\"PropertyValueSpecification\",\"valueRequired\":true,\"valueName\":\"search_term_string\"}}],\"inLanguage\":\"it-IT\"},{\"@type\":\"Organization\",\"@id\":\"https:\\\/\\\/nitorlack.com\\\/it\\\/#organization\",\"name\":\"Nitorlack\",\"url\":\"https:\\\/\\\/nitorlack.com\\\/it\\\/\",\"logo\":{\"@type\":\"ImageObject\",\"inLanguage\":\"it-IT\",\"@id\":\"https:\\\/\\\/nitorlack.com\\\/it\\\/#\\\/schema\\\/logo\\\/image\\\/\",\"url\":\"http:\\\/\\\/nitorlack.com\\\/wp-content\\\/uploads\\\/2016\\\/02\\\/cropped-galleta-negra-1.jpg\",\"contentUrl\":\"http:\\\/\\\/nitorlack.com\\\/wp-content\\\/uploads\\\/2016\\\/02\\\/cropped-galleta-negra-1.jpg\",\"width\":512,\"height\":512,\"caption\":\"Nitorlack\"},\"image\":{\"@id\":\"https:\\\/\\\/nitorlack.com\\\/it\\\/#\\\/schema\\\/logo\\\/image\\\/\"}}]}<\/script>\n<!-- \/ Yoast SEO plugin. -->","yoast_head_json":{"title":"WINE RED | Vernice Nitorlack","description":"Colore Wine Red, caratteristico del marchio Fender negli anni '60. Disponibile in nitrocellulosa o poliuretano, in formato spray o in bomboletta da 500 ml.","robots":{"index":"index","follow":"follow","max-snippet":"max-snippet:-1","max-image-preview":"max-image-preview:large","max-video-preview":"max-video-preview:-1"},"canonical":"https:\/\/nitorlack.com\/it\/barniz\/colores-it\/translucido\/wine-red\/","og_locale":"it_IT","og_type":"article","og_title":"WINE RED | Vernice Nitorlack","og_description":"Colore Wine Red, caratteristico del marchio Fender negli anni '60. Disponibile in nitrocellulosa o poliuretano, in formato spray o in bomboletta da 500 ml.","og_url":"https:\/\/nitorlack.com\/it\/barniz\/colores-it\/translucido\/wine-red\/","og_site_name":"Nitorlack","article_modified_time":"2026-02-18T13:48:07+00:00","og_image":[{"width":1200,"height":1198,"url":"https:\/\/nitorlack.com\/wp-content\/uploads\/2023\/12\/frontal-wine.jpg","type":"image\/jpeg"}],"twitter_card":"summary_large_image","twitter_misc":{"Tempo di lettura stimato":"2 minuti"},"schema":{"@context":"https:\/\/schema.org","@graph":[{"@type":"WebPage","@id":"https:\/\/nitorlack.com\/it\/barniz\/colores-it\/translucido\/wine-red\/","url":"https:\/\/nitorlack.com\/it\/barniz\/colores-it\/translucido\/wine-red\/","name":"WINE RED | Vernice Nitorlack","isPartOf":{"@id":"https:\/\/nitorlack.com\/it\/#website"},"primaryImageOfPage":{"@id":"https:\/\/nitorlack.com\/it\/barniz\/colores-it\/translucido\/wine-red\/#primaryimage"},"image":{"@id":"https:\/\/nitorlack.com\/it\/barniz\/colores-it\/translucido\/wine-red\/#primaryimage"},"thumbnailUrl":"https:\/\/nitorlack.com\/wp-content\/uploads\/2023\/12\/frontal-wine-perspectiva.jpg","datePublished":"2023-12-21T13:42:23+00:00","dateModified":"2026-02-18T13:48:07+00:00","description":"Colore Wine Red, caratteristico del marchio Fender negli anni '60. Disponibile in nitrocellulosa o poliuretano, in formato spray o in bomboletta da 500 ml.","breadcrumb":{"@id":"https:\/\/nitorlack.com\/it\/barniz\/colores-it\/translucido\/wine-red\/#breadcrumb"},"inLanguage":"it-IT","potentialAction":[{"@type":"ReadAction","target":["https:\/\/nitorlack.com\/it\/barniz\/colores-it\/translucido\/wine-red\/"]}]},{"@type":"ImageObject","inLanguage":"it-IT","@id":"https:\/\/nitorlack.com\/it\/barniz\/colores-it\/translucido\/wine-red\/#primaryimage","url":"https:\/\/nitorlack.com\/wp-content\/uploads\/2023\/12\/frontal-wine-perspectiva.jpg","contentUrl":"https:\/\/nitorlack.com\/wp-content\/uploads\/2023\/12\/frontal-wine-perspectiva.jpg","width":1200,"height":1233,"caption":"wine red color"},{"@type":"BreadcrumbList","@id":"https:\/\/nitorlack.com\/it\/barniz\/colores-it\/translucido\/wine-red\/#breadcrumb","itemListElement":[{"@type":"ListItem","position":1,"name":"Copertina","item":"https:\/\/nitorlack.com\/it\/"},{"@type":"ListItem","position":2,"name":"Negozio","item":"https:\/\/nitorlack.com\/it\/negozio\/"},{"@type":"ListItem","position":3,"name":"WINE RED"}]},{"@type":"WebSite","@id":"https:\/\/nitorlack.com\/it\/#website","url":"https:\/\/nitorlack.com\/it\/","name":"Nitorlack","description":"Guitar Lacquers","publisher":{"@id":"https:\/\/nitorlack.com\/it\/#organization"},"potentialAction":[{"@type":"SearchAction","target":{"@type":"EntryPoint","urlTemplate":"https:\/\/nitorlack.com\/it\/?s={search_term_string}"},"query-input":{"@type":"PropertyValueSpecification","valueRequired":true,"valueName":"search_term_string"}}],"inLanguage":"it-IT"},{"@type":"Organization","@id":"https:\/\/nitorlack.com\/it\/#organization","name":"Nitorlack","url":"https:\/\/nitorlack.com\/it\/","logo":{"@type":"ImageObject","inLanguage":"it-IT","@id":"https:\/\/nitorlack.com\/it\/#\/schema\/logo\/image\/","url":"http:\/\/nitorlack.com\/wp-content\/uploads\/2016\/02\/cropped-galleta-negra-1.jpg","contentUrl":"http:\/\/nitorlack.com\/wp-content\/uploads\/2016\/02\/cropped-galleta-negra-1.jpg","width":512,"height":512,"caption":"Nitorlack"},"image":{"@id":"https:\/\/nitorlack.com\/it\/#\/schema\/logo\/image\/"}}]}},"_links":{"self":[{"href":"https:\/\/nitorlack.com\/it\/wp-json\/wp\/v2\/product\/69269","targetHints":{"allow":["GET"]}}],"collection":[{"href":"https:\/\/nitorlack.com\/it\/wp-json\/wp\/v2\/product"}],"about":[{"href":"https:\/\/nitorlack.com\/it\/wp-json\/wp\/v2\/types\/product"}],"replies":[{"embeddable":true,"href":"https:\/\/nitorlack.com\/it\/wp-json\/wp\/v2\/comments?post=69269"}],"wp:featuredmedia":[{"embeddable":true,"href":"https:\/\/nitorlack.com\/it\/wp-json\/wp\/v2\/media\/71070"}],"wp:attachment":[{"href":"https:\/\/nitorlack.com\/it\/wp-json\/wp\/v2\/media?parent=69269"}],"wp:term":[{"taxonomy":"product_brand","embeddable":true,"href":"https:\/\/nitorlack.com\/it\/wp-json\/wp\/v2\/product_brand?post=69269"},{"taxonomy":"product_cat","embeddable":true,"href":"https:\/\/nitorlack.com\/it\/wp-json\/wp\/v2\/product_cat?post=69269"},{"taxonomy":"product_tag","embeddable":true,"href":"https:\/\/nitorlack.com\/it\/wp-json\/wp\/v2\/product_tag?post=69269"}],"curies":[{"name":"wp","href":"https:\/\/api.w.org\/{rel}","templated":true}]}}