{"id":66437,"date":"2023-07-06T11:13:49","date_gmt":"2023-07-06T09:13:52","guid":{"rendered":"https:\/\/nitorlack.com\/?post_type=product&#038;p=66437"},"modified":"2026-04-04T14:36:22","modified_gmt":"2026-04-04T12:36:22","slug":"aztec-gold","status":"publish","type":"product","link":"https:\/\/nitorlack.com\/it\/barniz\/colores-it\/metallizzati\/aztec-gold\/","title":{"rendered":"AZTEC GOLD"},"content":{"rendered":"<div class=\"wpb-content-wrapper\"><p>[vc_row][vc_column width=&#8221;2\/3&#8243;][vc_column_text]L&#8217;Aztec Gold \u00e8 una tonalit\u00e0 metallica utilizzata sulle chitarre che offre un aspetto distinto e sorprendente. Questa tonalit\u00e0 ricorda l&#8217;oro antico ed emana un bagliore caldo e attraente.<\/p>\n<p>Questo colore \u00e8 stato aggiunto al catalogo Fender nel 1983 come colore personalizzato della serie Elite (Giappone 1983-1986).<\/p>\n<p>Da quella data in poi \u00e8 stato utilizzato su diverse serie di Fender Jazzmaster, Telecaster e Stratocaster, come la \u00a0LINCOLN BREWSTER signature. \u00c8 un colore basato sulla leggendaria auto Buick GSX del 1972.<\/p>\n<p>Sebbene condivida alcune somiglianze con altri colori metallici utilizzati sulle chitarre, come Goldtop e Aged Goldtop, Aztec Gold presenta caratteristiche uniche che lo distinguono.<\/p>\n<p>Mentre il Goldtop brilla con una tonalit\u00e0 d&#8217;oro brillante, l&#8217;Aztec Gold offre una tonalit\u00e0 meno intensa\u00a0 D&#8217;altra parte, l&#8217;Aged Goldtop \u00e8 caratterizzato da una tonalit\u00e0 d&#8217;oro invecchiata che simula la naturale usura del tempo.<\/p>\n<p>[\/vc_column_text][\/vc_column][vc_column width=&#8221;1\/3&#8243;][vc_single_image image=&#8221;72753&#8243; img_size=&#8221;full&#8221; css=&#8221;&#8221;][\/vc_column][\/vc_row][vc_row][vc_column][vc_column_text][\/vc_column_text][vc_column_text]<\/p>\n<h3>Guida all&#8217;implementazione:<\/h3>\n<ul>\n<li>Si inizia ad applicare il colore una volta che la chitarra \u00e8 stata fusa con il <strong>Nitorlack Primer.<\/strong>.<\/li>\n<li>Quando iniziamo il lavoro di verniciatura, i pori devono essere chiusi e le venature non devono essere segnate.<\/li>\n<li>Applicare il prodotto a spruzzo o con pistola a spruzzo a una distanza di <strong>25 cm<\/strong>.<\/li>\n<li>Durante l&#8217;applicazione dobbiamo seguire uno schema di applicazione, <strong>prima orizzontale e poi verticale<\/strong>, applicando la vernice in modo uniforme.<\/li>\n<li>Applicare pi\u00f9 mani, lasciando asciugare <strong>24 ore<\/strong> tra l&#8217;una e l&#8217;altra e carteggiando per rimuovere eventuali impurit\u00e0 residue.<\/li>\n<li>Questo lavoro sar\u00e0 completato quando la superficie sar\u00e0 completamente liscia e priva di imperfezioni.<\/li>\n<\/ul>\n<h3>Domande frequenti:<\/h3>\n<h4>Quanti spray servono per verniciare una chitarra?<\/h4>\n<p>&#8211; Se la superficie \u00e8 ben coperta e non \u00e8 il vostro primo progetto di verniciatura, potete farlo con una bomboletta spray, anche se non applicherete molte mani. Tuttavia, se non siete esperti, vi consigliamo di utilizzare 2 spruzzi per ottenere una finitura ottimale.<\/p>\n<h4>A che temperatura deve essere la chitarra durante e dopo il processo?<\/h4>\n<p>&#8211; Si consiglia di farlo in un luogo in cui la temperatura sia compresa tra 15 e 25 gradi Celsius. Se il processo di pittura o di verniciatura viene eseguito in condizioni molto calde o fredde, il risultato finale potrebbe non essere buono.<\/p>\n<h4>Dove devo eseguire il processo?<\/h4>\n<p>\u00c8 essenziale che il sito sia pulito, per evitare che particelle di sporco o polvere aderiscano alla superficie.<\/p>\n<h4>\u00c8 obbligatorio carteggiare tra una mano e l&#8217;altra?<\/h4>\n<p>Non si tratta di un&#8217;operazione da eseguire sempre, ma \u00e8 consigliabile per eliminare le imperfezioni lasciate dalla vernice alla fine di ogni mano e le particelle che possono aderire.[\/vc_column_text][\/vc_column][\/vc_row][vc_row][vc_column][vc_column_text]<\/p>\n<h4 style=\"text-align: center;\">Condividete il vostro lavoro sui social media utilizzando il nostro hashtag<\/h4>\n<h2 style=\"text-align: center;\">#myNitorlack<\/h2>\n<p>[\/vc_column_text][\/vc_column][\/vc_row][vc_row][vc_column][\/vc_column][\/vc_row][vc_column][vc_column_text]<\/p>\n<h4 style=\"text-align: center;\">Con la garanzia di\u00a0 <a href=\"https:\/\/valresa.com\/\">Valresa Coatings SA<\/a>.<\/h4>\n<p>[\/vc_column_text][\/vc_column][vc_column width=&#8221;1\/2&#8243;][\/vc_column][vc_column width=&#8221;1\/2&#8243;][\/vc_column]<\/p>\n<\/div>","protected":false},"excerpt":{"rendered":"<p>Il colore Aztec gold \u00e8 stato aggiunto al catalogo Fender nel 1983 come colore personalizzato della serie Elite (Giappone 1983-1986).<\/p>\n<p>Da quella data in poi \u00e8 stato utilizzato su diverse serie di Fender Jazzmaster, Telecaster e Stratocaster, come la \u00a0LINCOLN BREWSTER signature. \u00c8 un colore basato sulla leggendaria auto Buick GSX del 1972.<\/p>\n<p>Questo colore \u00e8 disponibile in:<\/p>\n<ul>\n<li><strong>400 ml di spray.<\/strong><\/li>\n<li><strong>Bottiglia da 500 ml<\/strong>, che si consiglia di diluire con il 10% di solvente.<\/li>\n<\/ul>\n","protected":false},"featured_media":72745,"comment_status":"open","ping_status":"closed","template":"","meta":{"om_disable_all_campaigns":false,"site-sidebar-layout":"no-sidebar","site-content-layout":"plain-container","ast-site-content-layout":"normal-width-container","site-content-style":"unboxed","site-sidebar-style":"unboxed","ast-global-header-display":"","ast-banner-title-visibility":"","ast-main-header-display":"","ast-hfb-above-header-display":"","ast-hfb-below-header-display":"","ast-hfb-mobile-header-display":"","site-post-title":"disabled","ast-breadcrumbs-content":"","ast-featured-img":"disabled","footer-sml-layout":"","ast-disable-related-posts":"","theme-transparent-header-meta":"default","adv-header-id-meta":"","stick-header-meta":"default","header-above-stick-meta":"","header-main-stick-meta":"","header-below-stick-meta":"","astra-migrate-meta-layouts":"set","ast-page-background-enabled":"default","ast-page-background-meta":{"desktop":{"background-color":"var(--ast-global-color-4)","background-image":"","background-repeat":"repeat","background-position":"center center","background-size":"auto","background-attachment":"scroll","background-type":"","background-media":"","overlay-type":"","overlay-color":"","overlay-opacity":"","overlay-gradient":""},"tablet":{"background-color":"","background-image":"","background-repeat":"repeat","background-position":"center center","background-size":"auto","background-attachment":"scroll","background-type":"","background-media":"","overlay-type":"","overlay-color":"","overlay-opacity":"","overlay-gradient":""},"mobile":{"background-color":"","background-image":"","background-repeat":"repeat","background-position":"center center","background-size":"auto","background-attachment":"scroll","background-type":"","background-media":"","overlay-type":"","overlay-color":"","overlay-opacity":"","overlay-gradient":""}},"ast-content-background-meta":{"desktop":{"background-color":"var(--ast-global-color-5)","background-image":"","background-repeat":"repeat","background-position":"center center","background-size":"auto","background-attachment":"scroll","background-type":"","background-media":"","overlay-type":"","overlay-color":"","overlay-opacity":"","overlay-gradient":""},"tablet":{"background-color":"var(--ast-global-color-5)","background-image":"","background-repeat":"repeat","background-position":"center center","background-size":"auto","background-attachment":"scroll","background-type":"","background-media":"","overlay-type":"","overlay-color":"","overlay-opacity":"","overlay-gradient":""},"mobile":{"background-color":"var(--ast-global-color-5)","background-image":"","background-repeat":"repeat","background-position":"center center","background-size":"auto","background-attachment":"scroll","background-type":"","background-media":"","overlay-type":"","overlay-color":"","overlay-opacity":"","overlay-gradient":""}}},"product_brand":[],"product_cat":[7028,7421],"product_tag":[],"class_list":{"0":"post-66437","1":"product","2":"type-product","3":"status-publish","4":"has-post-thumbnail","6":"product_cat-colores-it","7":"product_cat-metallizzati","8":"desktop-align-center","9":"tablet-align-center","10":"mobile-align-center","11":"ast-product-gallery-layout-horizontal-slider","12":"ast-product-single-variable","13":"ast-product-tabs-layout-horizontal","15":"first","16":"instock","17":"taxable","18":"shipping-taxable","19":"purchasable","20":"product-type-variable"},"bundled_by":[],"bundle_stock_status":"instock","bundle_stock_quantity":5000,"bundle_virtual":false,"bundle_layout":"","bundle_add_to_cart_form_location":"","bundle_editable_in_cart":false,"bundle_sold_individually_context":"","bundle_item_grouping":"","bundle_min_size":"","bundle_max_size":"","bundle_price":[],"bundled_items":[],"bundle_sell_ids":[],"yoast_head":"<!-- This site is optimized with the Yoast SEO plugin v27.3 - https:\/\/yoast.com\/product\/yoast-seo-wordpress\/ -->\n<title>AZTEC GOLD | Nitorlack<\/title>\n<meta name=\"description\" content=\"Aztec Gold \u00e8 una tonalit\u00e0 metallica utilizzata sulle chitarre che offre un aspetto distinto e sorprendente. Disponibile in spray alla nitrocellulosa o in bomboletta da 500 ml.\" \/>\n<meta name=\"robots\" content=\"index, follow, max-snippet:-1, max-image-preview:large, max-video-preview:-1\" \/>\n<link rel=\"canonical\" href=\"https:\/\/nitorlack.com\/it\/barniz\/colores-it\/metallizzati\/aztec-gold\/\" \/>\n<meta property=\"og:locale\" content=\"it_IT\" \/>\n<meta property=\"og:type\" content=\"article\" \/>\n<meta property=\"og:title\" content=\"AZTEC GOLD | Nitorlack\" \/>\n<meta property=\"og:description\" content=\"Aztec Gold \u00e8 una tonalit\u00e0 metallica utilizzata sulle chitarre che offre un aspetto distinto e sorprendente. Disponibile in spray alla nitrocellulosa o in bomboletta da 500 ml.\" \/>\n<meta property=\"og:url\" content=\"https:\/\/nitorlack.com\/it\/barniz\/colores-it\/metallizzati\/aztec-gold\/\" \/>\n<meta property=\"og:site_name\" content=\"Nitorlack\" \/>\n<meta property=\"article:modified_time\" content=\"2026-04-04T12:36:22+00:00\" \/>\n<meta property=\"og:image\" content=\"https:\/\/nitorlack.com\/wp-content\/uploads\/2024\/06\/SESION-2-GUITARRA-1-1.jpg\" \/>\n\t<meta property=\"og:image:width\" content=\"1200\" \/>\n\t<meta property=\"og:image:height\" content=\"1200\" \/>\n\t<meta property=\"og:image:type\" content=\"image\/jpeg\" \/>\n<meta name=\"twitter:card\" content=\"summary_large_image\" \/>\n<meta name=\"twitter:label1\" content=\"Tempo di lettura stimato\" \/>\n\t<meta name=\"twitter:data1\" content=\"3 minuti\" \/>\n<script type=\"application\/ld+json\" class=\"yoast-schema-graph\">{\"@context\":\"https:\\\/\\\/schema.org\",\"@graph\":[{\"@type\":\"WebPage\",\"@id\":\"https:\\\/\\\/nitorlack.com\\\/it\\\/barniz\\\/colores-it\\\/metallizzati\\\/aztec-gold\\\/\",\"url\":\"https:\\\/\\\/nitorlack.com\\\/it\\\/barniz\\\/colores-it\\\/metallizzati\\\/aztec-gold\\\/\",\"name\":\"AZTEC GOLD | Nitorlack\",\"isPartOf\":{\"@id\":\"https:\\\/\\\/nitorlack.com\\\/it\\\/#website\"},\"primaryImageOfPage\":{\"@id\":\"https:\\\/\\\/nitorlack.com\\\/it\\\/barniz\\\/colores-it\\\/metallizzati\\\/aztec-gold\\\/#primaryimage\"},\"image\":{\"@id\":\"https:\\\/\\\/nitorlack.com\\\/it\\\/barniz\\\/colores-it\\\/metallizzati\\\/aztec-gold\\\/#primaryimage\"},\"thumbnailUrl\":\"https:\\\/\\\/nitorlack.com\\\/wp-content\\\/uploads\\\/2024\\\/06\\\/SESION-2-GUITARRA-1-2.jpg\",\"datePublished\":\"2023-07-06T09:13:52+00:00\",\"dateModified\":\"2026-04-04T12:36:22+00:00\",\"description\":\"Aztec Gold \u00e8 una tonalit\u00e0 metallica utilizzata sulle chitarre che offre un aspetto distinto e sorprendente. Disponibile in spray alla nitrocellulosa o in bomboletta da 500 ml.\",\"breadcrumb\":{\"@id\":\"https:\\\/\\\/nitorlack.com\\\/it\\\/barniz\\\/colores-it\\\/metallizzati\\\/aztec-gold\\\/#breadcrumb\"},\"inLanguage\":\"it-IT\",\"potentialAction\":[{\"@type\":\"ReadAction\",\"target\":[\"https:\\\/\\\/nitorlack.com\\\/it\\\/barniz\\\/colores-it\\\/metallizzati\\\/aztec-gold\\\/\"]}]},{\"@type\":\"ImageObject\",\"inLanguage\":\"it-IT\",\"@id\":\"https:\\\/\\\/nitorlack.com\\\/it\\\/barniz\\\/colores-it\\\/metallizzati\\\/aztec-gold\\\/#primaryimage\",\"url\":\"https:\\\/\\\/nitorlack.com\\\/wp-content\\\/uploads\\\/2024\\\/06\\\/SESION-2-GUITARRA-1-2.jpg\",\"contentUrl\":\"https:\\\/\\\/nitorlack.com\\\/wp-content\\\/uploads\\\/2024\\\/06\\\/SESION-2-GUITARRA-1-2.jpg\",\"width\":1200,\"height\":1200,\"caption\":\"aztec gold brillo\"},{\"@type\":\"BreadcrumbList\",\"@id\":\"https:\\\/\\\/nitorlack.com\\\/it\\\/barniz\\\/colores-it\\\/metallizzati\\\/aztec-gold\\\/#breadcrumb\",\"itemListElement\":[{\"@type\":\"ListItem\",\"position\":1,\"name\":\"Copertina\",\"item\":\"https:\\\/\\\/nitorlack.com\\\/it\\\/\"},{\"@type\":\"ListItem\",\"position\":2,\"name\":\"Negozio\",\"item\":\"https:\\\/\\\/nitorlack.com\\\/it\\\/negozio\\\/\"},{\"@type\":\"ListItem\",\"position\":3,\"name\":\"AZTEC GOLD\"}]},{\"@type\":\"WebSite\",\"@id\":\"https:\\\/\\\/nitorlack.com\\\/it\\\/#website\",\"url\":\"https:\\\/\\\/nitorlack.com\\\/it\\\/\",\"name\":\"Nitorlack\",\"description\":\"Guitar Lacquers\",\"publisher\":{\"@id\":\"https:\\\/\\\/nitorlack.com\\\/it\\\/#organization\"},\"potentialAction\":[{\"@type\":\"SearchAction\",\"target\":{\"@type\":\"EntryPoint\",\"urlTemplate\":\"https:\\\/\\\/nitorlack.com\\\/it\\\/?s={search_term_string}\"},\"query-input\":{\"@type\":\"PropertyValueSpecification\",\"valueRequired\":true,\"valueName\":\"search_term_string\"}}],\"inLanguage\":\"it-IT\"},{\"@type\":\"Organization\",\"@id\":\"https:\\\/\\\/nitorlack.com\\\/it\\\/#organization\",\"name\":\"Nitorlack\",\"url\":\"https:\\\/\\\/nitorlack.com\\\/it\\\/\",\"logo\":{\"@type\":\"ImageObject\",\"inLanguage\":\"it-IT\",\"@id\":\"https:\\\/\\\/nitorlack.com\\\/it\\\/#\\\/schema\\\/logo\\\/image\\\/\",\"url\":\"http:\\\/\\\/nitorlack.com\\\/wp-content\\\/uploads\\\/2016\\\/02\\\/cropped-galleta-negra-1.jpg\",\"contentUrl\":\"http:\\\/\\\/nitorlack.com\\\/wp-content\\\/uploads\\\/2016\\\/02\\\/cropped-galleta-negra-1.jpg\",\"width\":512,\"height\":512,\"caption\":\"Nitorlack\"},\"image\":{\"@id\":\"https:\\\/\\\/nitorlack.com\\\/it\\\/#\\\/schema\\\/logo\\\/image\\\/\"}}]}<\/script>\n<!-- \/ Yoast SEO plugin. -->","yoast_head_json":{"title":"AZTEC GOLD | Nitorlack","description":"Aztec Gold \u00e8 una tonalit\u00e0 metallica utilizzata sulle chitarre che offre un aspetto distinto e sorprendente. Disponibile in spray alla nitrocellulosa o in bomboletta da 500 ml.","robots":{"index":"index","follow":"follow","max-snippet":"max-snippet:-1","max-image-preview":"max-image-preview:large","max-video-preview":"max-video-preview:-1"},"canonical":"https:\/\/nitorlack.com\/it\/barniz\/colores-it\/metallizzati\/aztec-gold\/","og_locale":"it_IT","og_type":"article","og_title":"AZTEC GOLD | Nitorlack","og_description":"Aztec Gold \u00e8 una tonalit\u00e0 metallica utilizzata sulle chitarre che offre un aspetto distinto e sorprendente. Disponibile in spray alla nitrocellulosa o in bomboletta da 500 ml.","og_url":"https:\/\/nitorlack.com\/it\/barniz\/colores-it\/metallizzati\/aztec-gold\/","og_site_name":"Nitorlack","article_modified_time":"2026-04-04T12:36:22+00:00","og_image":[{"width":1200,"height":1200,"url":"https:\/\/nitorlack.com\/wp-content\/uploads\/2024\/06\/SESION-2-GUITARRA-1-1.jpg","type":"image\/jpeg"}],"twitter_card":"summary_large_image","twitter_misc":{"Tempo di lettura stimato":"3 minuti"},"schema":{"@context":"https:\/\/schema.org","@graph":[{"@type":"WebPage","@id":"https:\/\/nitorlack.com\/it\/barniz\/colores-it\/metallizzati\/aztec-gold\/","url":"https:\/\/nitorlack.com\/it\/barniz\/colores-it\/metallizzati\/aztec-gold\/","name":"AZTEC GOLD | Nitorlack","isPartOf":{"@id":"https:\/\/nitorlack.com\/it\/#website"},"primaryImageOfPage":{"@id":"https:\/\/nitorlack.com\/it\/barniz\/colores-it\/metallizzati\/aztec-gold\/#primaryimage"},"image":{"@id":"https:\/\/nitorlack.com\/it\/barniz\/colores-it\/metallizzati\/aztec-gold\/#primaryimage"},"thumbnailUrl":"https:\/\/nitorlack.com\/wp-content\/uploads\/2024\/06\/SESION-2-GUITARRA-1-2.jpg","datePublished":"2023-07-06T09:13:52+00:00","dateModified":"2026-04-04T12:36:22+00:00","description":"Aztec Gold \u00e8 una tonalit\u00e0 metallica utilizzata sulle chitarre che offre un aspetto distinto e sorprendente. Disponibile in spray alla nitrocellulosa o in bomboletta da 500 ml.","breadcrumb":{"@id":"https:\/\/nitorlack.com\/it\/barniz\/colores-it\/metallizzati\/aztec-gold\/#breadcrumb"},"inLanguage":"it-IT","potentialAction":[{"@type":"ReadAction","target":["https:\/\/nitorlack.com\/it\/barniz\/colores-it\/metallizzati\/aztec-gold\/"]}]},{"@type":"ImageObject","inLanguage":"it-IT","@id":"https:\/\/nitorlack.com\/it\/barniz\/colores-it\/metallizzati\/aztec-gold\/#primaryimage","url":"https:\/\/nitorlack.com\/wp-content\/uploads\/2024\/06\/SESION-2-GUITARRA-1-2.jpg","contentUrl":"https:\/\/nitorlack.com\/wp-content\/uploads\/2024\/06\/SESION-2-GUITARRA-1-2.jpg","width":1200,"height":1200,"caption":"aztec gold brillo"},{"@type":"BreadcrumbList","@id":"https:\/\/nitorlack.com\/it\/barniz\/colores-it\/metallizzati\/aztec-gold\/#breadcrumb","itemListElement":[{"@type":"ListItem","position":1,"name":"Copertina","item":"https:\/\/nitorlack.com\/it\/"},{"@type":"ListItem","position":2,"name":"Negozio","item":"https:\/\/nitorlack.com\/it\/negozio\/"},{"@type":"ListItem","position":3,"name":"AZTEC GOLD"}]},{"@type":"WebSite","@id":"https:\/\/nitorlack.com\/it\/#website","url":"https:\/\/nitorlack.com\/it\/","name":"Nitorlack","description":"Guitar Lacquers","publisher":{"@id":"https:\/\/nitorlack.com\/it\/#organization"},"potentialAction":[{"@type":"SearchAction","target":{"@type":"EntryPoint","urlTemplate":"https:\/\/nitorlack.com\/it\/?s={search_term_string}"},"query-input":{"@type":"PropertyValueSpecification","valueRequired":true,"valueName":"search_term_string"}}],"inLanguage":"it-IT"},{"@type":"Organization","@id":"https:\/\/nitorlack.com\/it\/#organization","name":"Nitorlack","url":"https:\/\/nitorlack.com\/it\/","logo":{"@type":"ImageObject","inLanguage":"it-IT","@id":"https:\/\/nitorlack.com\/it\/#\/schema\/logo\/image\/","url":"http:\/\/nitorlack.com\/wp-content\/uploads\/2016\/02\/cropped-galleta-negra-1.jpg","contentUrl":"http:\/\/nitorlack.com\/wp-content\/uploads\/2016\/02\/cropped-galleta-negra-1.jpg","width":512,"height":512,"caption":"Nitorlack"},"image":{"@id":"https:\/\/nitorlack.com\/it\/#\/schema\/logo\/image\/"}}]}},"_links":{"self":[{"href":"https:\/\/nitorlack.com\/it\/wp-json\/wp\/v2\/product\/66437","targetHints":{"allow":["GET"]}}],"collection":[{"href":"https:\/\/nitorlack.com\/it\/wp-json\/wp\/v2\/product"}],"about":[{"href":"https:\/\/nitorlack.com\/it\/wp-json\/wp\/v2\/types\/product"}],"replies":[{"embeddable":true,"href":"https:\/\/nitorlack.com\/it\/wp-json\/wp\/v2\/comments?post=66437"}],"wp:featuredmedia":[{"embeddable":true,"href":"https:\/\/nitorlack.com\/it\/wp-json\/wp\/v2\/media\/72745"}],"wp:attachment":[{"href":"https:\/\/nitorlack.com\/it\/wp-json\/wp\/v2\/media?parent=66437"}],"wp:term":[{"taxonomy":"product_brand","embeddable":true,"href":"https:\/\/nitorlack.com\/it\/wp-json\/wp\/v2\/product_brand?post=66437"},{"taxonomy":"product_cat","embeddable":true,"href":"https:\/\/nitorlack.com\/it\/wp-json\/wp\/v2\/product_cat?post=66437"},{"taxonomy":"product_tag","embeddable":true,"href":"https:\/\/nitorlack.com\/it\/wp-json\/wp\/v2\/product_tag?post=66437"}],"curies":[{"name":"wp","href":"https:\/\/api.w.org\/{rel}","templated":true}]}}