{"id":66419,"date":"2023-07-06T09:01:54","date_gmt":"2023-07-06T07:01:58","guid":{"rendered":"https:\/\/nitorlack.com\/?post_type=product&#038;p=66419"},"modified":"2026-03-18T01:06:40","modified_gmt":"2026-03-17T23:06:40","slug":"aged-goldtop-copia","status":"publish","type":"product","link":"https:\/\/nitorlack.com\/it\/barniz\/colores-it\/translucido\/aged-goldtop-copia\/","title":{"rendered":"TV-YELLOW"},"content":{"rendered":"<div class=\"wpb-content-wrapper\"><p>[vc_row][vc_column][vc_video link=&#8221;https:\/\/www.youtube.com\/watch?v=nMXNE4U54eE&#8221; el_width=&#8221;80&#8243; align=&#8221;center&#8221; css=&#8221;&#8221;][vc_column_text]<\/p>\n<h2>Tutto sul colore Giallo TV<\/h2>\n<p>Giallo TV, un nome intrigante per un colore di Gibson<\/p>\n<p>Nel <strong>1954<\/strong> Gibson lanci\u00f2 la <strong>Les Paul Junior<\/strong> come versione economica per studenti del modello Gold Top.<\/p>\n<p>Inizialmente disponibile in versione sunburst, fu presto lanciata in un colore particolare chiamato <strong>TV Yellow<\/strong>. Questa finitura ha un <strong>tono giallastro leggermente pallido<\/strong> ed \u00e8 semi-traslucida, in modo da far trasparire parte delle venature del legno.<\/p>\n<p>Nel 1955, il TV Yellow apparve anche sull&#8217;allora nuovo modello Les Paul Special. Nel 1960 entrambi i modelli passarono alla forma SG e Gibson elimin\u00f2 del tutto il TV Yellow.<\/p>\n<p>Ci sono ancora molte speculazioni sul perch\u00e9 Gibson abbia scelto questo nome per la sua finitura. Alcuni sostengono che sia stato scelto appositamente per avere un bell&#8217;aspetto sui televisori in bianco e nero. Oppure che sia stata creata perch\u00e9 il giallo e il bianco ordinari non si vedevano bene sui primi televisori a colori (allora nuovi). Queste teorie, sebbene spesso citate, sembrano inverosimili. Non avrebbe avuto molto senso per Gibson sviluppare un colore destinato ai musicisti professionisti che si esibivano dal vivo in televisione e poi utilizzarlo per i modelli entry-level pi\u00f9 economici. Sembra quindi ovvio che all&#8217;epoca Gibson avrebbe preferito che gli artisti suonassero in televisione i suoi modelli Gold Top e Custom, pi\u00f9 lussuosi.<\/p>\n<p>Tuttavia, esiste un&#8217;altra teoria che sembra pi\u00f9 credibile. In primo luogo, i televisori dei primi anni Cinquanta avevano mobili in legno rifiniti nei colori allora di moda, come il <strong>&#8220;mogano imbiancato&#8221;<\/strong>. Questa vernice era facilmente reperibile, in quanto di uso comune, un vantaggio per Gibson che intendeva produrre in serie una chitarra di base. Il nome TV Yellow sarebbe stato attraente e familiare per il grande pubblico degli Stati Uniti.<\/p>\n<p>Qualunque sia il motivo per cui Gibson l&#8217;ha chiamata TV Yellow, questa finitura \u00e8 sicuramente di grande effetto su questi modelli Gibson degli anni &#8217;50. Tuttavia, pu\u00f2 essere costosa da riprodurre con precisione e il tono finale dipender\u00e0 da una serie di fattori. Un colore giallo chiaro su un corpo in mogano pi\u00f9 scuro ha bisogno di un sottosmalto, ma la venatura del legno dovrebbe rimanere leggermente visibile.[\/vc_column_text][vc_single_image image=&#8221;71902&#8243; img_size=&#8221;large&#8221; alignment=&#8221;center&#8221; css=&#8221;&#8221;][\/vc_column][\/vc_row][vc_row][vc_column][vc_column_text][\/vc_column_text][vc_column_text]<\/p>\n<h2>Come si fa?<\/h2>\n<ol>\n<li><strong>Carteggiatura:<\/strong> Si consiglia di carteggiare accuratamente la superficie della chitarra per eliminare eventuali imperfezioni e prepararla per il processo di verniciatura.<\/li>\n<li><strong>Fondo bianco:<\/strong> Si applica una mano di fondo bianca con un <a href=\"https:\/\/nitorlack.com\/it\/barniz\/sigillantis\/nitrocellulosa-it-5\/nitorlack-primer-2\/\">primer bianco<\/a>. Si utilizza del nastro adesivo per proteggere le aree che non si desiderano verniciare.<\/li>\n<li><strong>Riempimento dei pori:<\/strong> Si applica un <a href=\"https:\/\/nitorlack.com\/it\/barniz\/accesori\/grain-fillers-it-2\/grain-acqua-fillers\/\">Grain Filler Rosewood<\/a> per evidenziare la venatura del legno. Si utilizza un panno o una spatola per applicare e rimuovere l&#8217;eccesso di riempitivo.<\/li>\n<li><strong>Carteggiatura:<\/strong> In questa fase, si dovrebbe ottenere una superficie livellata prima di applicare il colore.<\/li>\n<li><strong>Mano di colore:<\/strong> Si applica il colore <strong>TV Yellow<\/strong>. A seconda della quantit\u00e0 di mani applicate, l&#8217;intensit\u00e0 del colore sar\u00e0 maggiore o minore.<\/li>\n<li><strong>Mano di finitura:<\/strong> Si applicano diverse mani di <a href=\"https:\/\/nitorlack.com\/it\/barniz\/finiture\/nitrocellulosa-it-4\/nitorlack-lacquer-gloss-2\/\">finitura trasparente<\/a> per proteggere il colore e fornire una finitura lucida. Si consiglia di applicare un numero sufficiente di mani per consentire la carteggiatura e la lucidatura senza intaccare il colore.<\/li>\n<li><strong>Carteggiatura e lucidatura:<\/strong> Dopo che la lacca si \u00e8 asciugata e indurita, l&#8217;intera superficie dovr\u00e0 essere lucidata per ottenere una superficie il pi\u00f9 liscia e brillante possibile.<\/li>\n<\/ol>\n<h3><\/h3>\n<p>&nbsp;<\/p>\n<h3>Domande frequenti:<\/h3>\n<p>&nbsp;<\/p>\n<h4>Quanti spray mi servono per verniciare una chitarra?<\/h4>\n<p>&#8211; Se la superficie \u00e8 ben coperta e non \u00e8 il tuo primo progetto di verniciatura, potrai farlo con uno spray, anche se non applicherai molte mani. Tuttavia, se non sei un esperto, ti consigliamo di usare 2 spray per una finitura ottimale.<\/p>\n<p>&nbsp;<\/p>\n<h4>A quale temperatura deve essere la chitarra durante e dopo il processo?<\/h4>\n<p>&#8211; Si consiglia di farlo in un luogo la cui temperatura sia tra i 15 e i 25 gradi Celsius. Se il processo di verniciatura o laccatura viene eseguito in condizioni di calore o freddo eccessivi, il risultato finale potrebbe non essere buono.<\/p>\n<p>&nbsp;<\/p>\n<h4>Dove devo eseguire il processo?<\/h4>\n<p>Un luogo pulito sar\u00e0 fondamentale per evitare che sporco o particelle di polvere aderiscano alla superficie.<\/p>\n<p>&nbsp;<\/p>\n<h4>\u00c8 obbligatorio carteggiare tra una mano e l&#8217;altra?<\/h4>\n<p>Non \u00e8 sempre necessario, ma \u00e8 consigliabile per eliminare le imperfezioni che rimangono nella vernice alla fine di ogni mano, cos\u00ec come le particelle che potrebbero aderire.[\/vc_column_text][\/vc_column][\/vc_row][vc_row][vc_column][vc_column_text]<\/p>\n<h4 style=\"text-align: center;\">Condividete il vostro lavoro sui social media utilizzando il nostro hashtag<\/h4>\n<h2 style=\"text-align: center;\">#myNitorlack<\/h2>\n<p>[\/vc_column_text][\/vc_column][\/vc_row][vc_row][vc_column][\/vc_column][\/vc_row][vc_column][vc_column_text]<\/p>\n<h4 style=\"text-align: center;\">Con la garanzia di\u00a0 <a href=\"https:\/\/valresa.com\/\">Valresa Coatings SA<\/a>.<\/h4>\n<p>[\/vc_column_text][\/vc_column][vc_column width=&#8221;1\/2&#8243;][\/vc_column][vc_column width=&#8221;1\/2&#8243;][\/vc_column]<\/p>\n<\/div>","protected":false},"excerpt":{"rendered":"<p>Colore traslucido della gamma Gibson.<\/p>\n<p>Questo colore inizi\u00f2 a essere utilizzato sulle chitarre nel 1954, quando Gibson lo introdusse nella versione Gold Top. L&#8217;uso di questo colore sulle chitarre crebbe fino a diventare uno dei colori pi\u00f9 popolari dell&#8217;epoca.<\/p>\n<p>Ha un aspetto giallastro che rivela le venature del legno. Tuttavia, l&#8217;aspetto finale dipende dal tipo di legno utilizzato e dal processo seguito.<\/p>\n<p>Questo colore \u00e8 disponibile in:<\/p>\n<ul>\n<li><strong>400 ml di spray.<\/strong><\/li>\n<li><strong>Bottiglia da 500 ml<\/strong>, che si consiglia di diluire con il 10% di solvente.<\/li>\n<\/ul>\n","protected":false},"featured_media":71918,"comment_status":"open","ping_status":"closed","template":"","meta":{"om_disable_all_campaigns":false,"site-sidebar-layout":"no-sidebar","site-content-layout":"plain-container","ast-site-content-layout":"normal-width-container","site-content-style":"unboxed","site-sidebar-style":"unboxed","ast-global-header-display":"","ast-banner-title-visibility":"","ast-main-header-display":"","ast-hfb-above-header-display":"","ast-hfb-below-header-display":"","ast-hfb-mobile-header-display":"","site-post-title":"disabled","ast-breadcrumbs-content":"","ast-featured-img":"disabled","footer-sml-layout":"","ast-disable-related-posts":"","theme-transparent-header-meta":"default","adv-header-id-meta":"","stick-header-meta":"default","header-above-stick-meta":"","header-main-stick-meta":"","header-below-stick-meta":"","astra-migrate-meta-layouts":"default","ast-page-background-enabled":"default","ast-page-background-meta":{"desktop":{"background-color":"var(--ast-global-color-4)","background-image":"","background-repeat":"repeat","background-position":"center center","background-size":"auto","background-attachment":"scroll","background-type":"","background-media":"","overlay-type":"","overlay-color":"","overlay-opacity":"","overlay-gradient":""},"tablet":{"background-color":"","background-image":"","background-repeat":"repeat","background-position":"center center","background-size":"auto","background-attachment":"scroll","background-type":"","background-media":"","overlay-type":"","overlay-color":"","overlay-opacity":"","overlay-gradient":""},"mobile":{"background-color":"","background-image":"","background-repeat":"repeat","background-position":"center center","background-size":"auto","background-attachment":"scroll","background-type":"","background-media":"","overlay-type":"","overlay-color":"","overlay-opacity":"","overlay-gradient":""}},"ast-content-background-meta":{"desktop":{"background-color":"var(--ast-global-color-5)","background-image":"","background-repeat":"repeat","background-position":"center center","background-size":"auto","background-attachment":"scroll","background-type":"","background-media":"","overlay-type":"","overlay-color":"","overlay-opacity":"","overlay-gradient":""},"tablet":{"background-color":"var(--ast-global-color-5)","background-image":"","background-repeat":"repeat","background-position":"center center","background-size":"auto","background-attachment":"scroll","background-type":"","background-media":"","overlay-type":"","overlay-color":"","overlay-opacity":"","overlay-gradient":""},"mobile":{"background-color":"var(--ast-global-color-5)","background-image":"","background-repeat":"repeat","background-position":"center center","background-size":"auto","background-attachment":"scroll","background-type":"","background-media":"","overlay-type":"","overlay-color":"","overlay-opacity":"","overlay-gradient":""}}},"product_brand":[],"product_cat":[7028,7427],"product_tag":[],"class_list":{"0":"post-66419","1":"product","2":"type-product","3":"status-publish","4":"has-post-thumbnail","6":"product_cat-colores-it","7":"product_cat-translucido","8":"desktop-align-center","9":"tablet-align-center","10":"mobile-align-center","11":"ast-product-gallery-layout-horizontal-slider","12":"ast-product-single-variable","13":"ast-product-tabs-layout-horizontal","15":"first","16":"instock","17":"taxable","18":"shipping-taxable","19":"purchasable","20":"product-type-variable"},"bundled_by":[],"bundle_stock_status":"instock","bundle_stock_quantity":5000,"bundle_virtual":false,"bundle_layout":"","bundle_add_to_cart_form_location":"","bundle_editable_in_cart":false,"bundle_sold_individually_context":"","bundle_item_grouping":"","bundle_min_size":"","bundle_max_size":"","bundle_price":[],"bundled_items":[],"bundle_sell_ids":[],"yoast_head":"<!-- This site is optimized with the Yoast SEO plugin v27.3 - https:\/\/yoast.com\/product\/yoast-seo-wordpress\/ -->\n<title>TV-YELLOW | Nitorlack<\/title>\n<meta name=\"description\" content=\"Colore Tv Yellow traslucido. Disponibile in nitrocellulosa o poliuretano, in formato spray o in bomboletta da 500 ml.\" \/>\n<meta name=\"robots\" content=\"index, follow, max-snippet:-1, max-image-preview:large, max-video-preview:-1\" \/>\n<link rel=\"canonical\" href=\"https:\/\/nitorlack.com\/it\/barniz\/colores-it\/translucido\/aged-goldtop-copia\/\" \/>\n<meta property=\"og:locale\" content=\"it_IT\" \/>\n<meta property=\"og:type\" content=\"article\" \/>\n<meta property=\"og:title\" content=\"TV-YELLOW | Nitorlack\" \/>\n<meta property=\"og:description\" content=\"Colore Tv Yellow traslucido. Disponibile in nitrocellulosa o poliuretano, in formato spray o in bomboletta da 500 ml.\" \/>\n<meta property=\"og:url\" content=\"https:\/\/nitorlack.com\/it\/barniz\/colores-it\/translucido\/aged-goldtop-copia\/\" \/>\n<meta property=\"og:site_name\" content=\"Nitorlack\" \/>\n<meta property=\"article:modified_time\" content=\"2026-03-17T23:06:40+00:00\" \/>\n<meta property=\"og:image\" content=\"https:\/\/nitorlack.com\/wp-content\/uploads\/2024\/06\/NARANJA-GASTADO-FRONTAL.jpg\" \/>\n\t<meta property=\"og:image:width\" content=\"1200\" \/>\n\t<meta property=\"og:image:height\" content=\"1200\" \/>\n\t<meta property=\"og:image:type\" content=\"image\/jpeg\" \/>\n<meta name=\"twitter:card\" content=\"summary_large_image\" \/>\n<meta name=\"twitter:label1\" content=\"Tempo di lettura stimato\" \/>\n\t<meta name=\"twitter:data1\" content=\"4 minuti\" \/>\n<script type=\"application\/ld+json\" class=\"yoast-schema-graph\">{\"@context\":\"https:\\\/\\\/schema.org\",\"@graph\":[{\"@type\":\"WebPage\",\"@id\":\"https:\\\/\\\/nitorlack.com\\\/it\\\/barniz\\\/colores-it\\\/translucido\\\/aged-goldtop-copia\\\/\",\"url\":\"https:\\\/\\\/nitorlack.com\\\/it\\\/barniz\\\/colores-it\\\/translucido\\\/aged-goldtop-copia\\\/\",\"name\":\"TV-YELLOW | Nitorlack\",\"isPartOf\":{\"@id\":\"https:\\\/\\\/nitorlack.com\\\/it\\\/#website\"},\"primaryImageOfPage\":{\"@id\":\"https:\\\/\\\/nitorlack.com\\\/it\\\/barniz\\\/colores-it\\\/translucido\\\/aged-goldtop-copia\\\/#primaryimage\"},\"image\":{\"@id\":\"https:\\\/\\\/nitorlack.com\\\/it\\\/barniz\\\/colores-it\\\/translucido\\\/aged-goldtop-copia\\\/#primaryimage\"},\"thumbnailUrl\":\"https:\\\/\\\/nitorlack.com\\\/wp-content\\\/uploads\\\/2024\\\/05\\\/NARANJA-GASTADO-LATERAL-1.jpg\",\"datePublished\":\"2023-07-06T07:01:58+00:00\",\"dateModified\":\"2026-03-17T23:06:40+00:00\",\"description\":\"Colore Tv Yellow traslucido. Disponibile in nitrocellulosa o poliuretano, in formato spray o in bomboletta da 500 ml.\",\"breadcrumb\":{\"@id\":\"https:\\\/\\\/nitorlack.com\\\/it\\\/barniz\\\/colores-it\\\/translucido\\\/aged-goldtop-copia\\\/#breadcrumb\"},\"inLanguage\":\"it-IT\",\"potentialAction\":[{\"@type\":\"ReadAction\",\"target\":[\"https:\\\/\\\/nitorlack.com\\\/it\\\/barniz\\\/colores-it\\\/translucido\\\/aged-goldtop-copia\\\/\"]}]},{\"@type\":\"ImageObject\",\"inLanguage\":\"it-IT\",\"@id\":\"https:\\\/\\\/nitorlack.com\\\/it\\\/barniz\\\/colores-it\\\/translucido\\\/aged-goldtop-copia\\\/#primaryimage\",\"url\":\"https:\\\/\\\/nitorlack.com\\\/wp-content\\\/uploads\\\/2024\\\/05\\\/NARANJA-GASTADO-LATERAL-1.jpg\",\"contentUrl\":\"https:\\\/\\\/nitorlack.com\\\/wp-content\\\/uploads\\\/2024\\\/05\\\/NARANJA-GASTADO-LATERAL-1.jpg\",\"width\":1200,\"height\":1200,\"caption\":\"guitarra color tv yellow\"},{\"@type\":\"BreadcrumbList\",\"@id\":\"https:\\\/\\\/nitorlack.com\\\/it\\\/barniz\\\/colores-it\\\/translucido\\\/aged-goldtop-copia\\\/#breadcrumb\",\"itemListElement\":[{\"@type\":\"ListItem\",\"position\":1,\"name\":\"Copertina\",\"item\":\"https:\\\/\\\/nitorlack.com\\\/it\\\/\"},{\"@type\":\"ListItem\",\"position\":2,\"name\":\"Negozio\",\"item\":\"https:\\\/\\\/nitorlack.com\\\/it\\\/negozio\\\/\"},{\"@type\":\"ListItem\",\"position\":3,\"name\":\"TV-YELLOW\"}]},{\"@type\":\"WebSite\",\"@id\":\"https:\\\/\\\/nitorlack.com\\\/it\\\/#website\",\"url\":\"https:\\\/\\\/nitorlack.com\\\/it\\\/\",\"name\":\"Nitorlack\",\"description\":\"Guitar Lacquers\",\"publisher\":{\"@id\":\"https:\\\/\\\/nitorlack.com\\\/it\\\/#organization\"},\"potentialAction\":[{\"@type\":\"SearchAction\",\"target\":{\"@type\":\"EntryPoint\",\"urlTemplate\":\"https:\\\/\\\/nitorlack.com\\\/it\\\/?s={search_term_string}\"},\"query-input\":{\"@type\":\"PropertyValueSpecification\",\"valueRequired\":true,\"valueName\":\"search_term_string\"}}],\"inLanguage\":\"it-IT\"},{\"@type\":\"Organization\",\"@id\":\"https:\\\/\\\/nitorlack.com\\\/it\\\/#organization\",\"name\":\"Nitorlack\",\"url\":\"https:\\\/\\\/nitorlack.com\\\/it\\\/\",\"logo\":{\"@type\":\"ImageObject\",\"inLanguage\":\"it-IT\",\"@id\":\"https:\\\/\\\/nitorlack.com\\\/it\\\/#\\\/schema\\\/logo\\\/image\\\/\",\"url\":\"http:\\\/\\\/nitorlack.com\\\/wp-content\\\/uploads\\\/2016\\\/02\\\/cropped-galleta-negra-1.jpg\",\"contentUrl\":\"http:\\\/\\\/nitorlack.com\\\/wp-content\\\/uploads\\\/2016\\\/02\\\/cropped-galleta-negra-1.jpg\",\"width\":512,\"height\":512,\"caption\":\"Nitorlack\"},\"image\":{\"@id\":\"https:\\\/\\\/nitorlack.com\\\/it\\\/#\\\/schema\\\/logo\\\/image\\\/\"}}]}<\/script>\n<!-- \/ Yoast SEO plugin. -->","yoast_head_json":{"title":"TV-YELLOW | Nitorlack","description":"Colore Tv Yellow traslucido. Disponibile in nitrocellulosa o poliuretano, in formato spray o in bomboletta da 500 ml.","robots":{"index":"index","follow":"follow","max-snippet":"max-snippet:-1","max-image-preview":"max-image-preview:large","max-video-preview":"max-video-preview:-1"},"canonical":"https:\/\/nitorlack.com\/it\/barniz\/colores-it\/translucido\/aged-goldtop-copia\/","og_locale":"it_IT","og_type":"article","og_title":"TV-YELLOW | Nitorlack","og_description":"Colore Tv Yellow traslucido. Disponibile in nitrocellulosa o poliuretano, in formato spray o in bomboletta da 500 ml.","og_url":"https:\/\/nitorlack.com\/it\/barniz\/colores-it\/translucido\/aged-goldtop-copia\/","og_site_name":"Nitorlack","article_modified_time":"2026-03-17T23:06:40+00:00","og_image":[{"width":1200,"height":1200,"url":"https:\/\/nitorlack.com\/wp-content\/uploads\/2024\/06\/NARANJA-GASTADO-FRONTAL.jpg","type":"image\/jpeg"}],"twitter_card":"summary_large_image","twitter_misc":{"Tempo di lettura stimato":"4 minuti"},"schema":{"@context":"https:\/\/schema.org","@graph":[{"@type":"WebPage","@id":"https:\/\/nitorlack.com\/it\/barniz\/colores-it\/translucido\/aged-goldtop-copia\/","url":"https:\/\/nitorlack.com\/it\/barniz\/colores-it\/translucido\/aged-goldtop-copia\/","name":"TV-YELLOW | Nitorlack","isPartOf":{"@id":"https:\/\/nitorlack.com\/it\/#website"},"primaryImageOfPage":{"@id":"https:\/\/nitorlack.com\/it\/barniz\/colores-it\/translucido\/aged-goldtop-copia\/#primaryimage"},"image":{"@id":"https:\/\/nitorlack.com\/it\/barniz\/colores-it\/translucido\/aged-goldtop-copia\/#primaryimage"},"thumbnailUrl":"https:\/\/nitorlack.com\/wp-content\/uploads\/2024\/05\/NARANJA-GASTADO-LATERAL-1.jpg","datePublished":"2023-07-06T07:01:58+00:00","dateModified":"2026-03-17T23:06:40+00:00","description":"Colore Tv Yellow traslucido. Disponibile in nitrocellulosa o poliuretano, in formato spray o in bomboletta da 500 ml.","breadcrumb":{"@id":"https:\/\/nitorlack.com\/it\/barniz\/colores-it\/translucido\/aged-goldtop-copia\/#breadcrumb"},"inLanguage":"it-IT","potentialAction":[{"@type":"ReadAction","target":["https:\/\/nitorlack.com\/it\/barniz\/colores-it\/translucido\/aged-goldtop-copia\/"]}]},{"@type":"ImageObject","inLanguage":"it-IT","@id":"https:\/\/nitorlack.com\/it\/barniz\/colores-it\/translucido\/aged-goldtop-copia\/#primaryimage","url":"https:\/\/nitorlack.com\/wp-content\/uploads\/2024\/05\/NARANJA-GASTADO-LATERAL-1.jpg","contentUrl":"https:\/\/nitorlack.com\/wp-content\/uploads\/2024\/05\/NARANJA-GASTADO-LATERAL-1.jpg","width":1200,"height":1200,"caption":"guitarra color tv yellow"},{"@type":"BreadcrumbList","@id":"https:\/\/nitorlack.com\/it\/barniz\/colores-it\/translucido\/aged-goldtop-copia\/#breadcrumb","itemListElement":[{"@type":"ListItem","position":1,"name":"Copertina","item":"https:\/\/nitorlack.com\/it\/"},{"@type":"ListItem","position":2,"name":"Negozio","item":"https:\/\/nitorlack.com\/it\/negozio\/"},{"@type":"ListItem","position":3,"name":"TV-YELLOW"}]},{"@type":"WebSite","@id":"https:\/\/nitorlack.com\/it\/#website","url":"https:\/\/nitorlack.com\/it\/","name":"Nitorlack","description":"Guitar Lacquers","publisher":{"@id":"https:\/\/nitorlack.com\/it\/#organization"},"potentialAction":[{"@type":"SearchAction","target":{"@type":"EntryPoint","urlTemplate":"https:\/\/nitorlack.com\/it\/?s={search_term_string}"},"query-input":{"@type":"PropertyValueSpecification","valueRequired":true,"valueName":"search_term_string"}}],"inLanguage":"it-IT"},{"@type":"Organization","@id":"https:\/\/nitorlack.com\/it\/#organization","name":"Nitorlack","url":"https:\/\/nitorlack.com\/it\/","logo":{"@type":"ImageObject","inLanguage":"it-IT","@id":"https:\/\/nitorlack.com\/it\/#\/schema\/logo\/image\/","url":"http:\/\/nitorlack.com\/wp-content\/uploads\/2016\/02\/cropped-galleta-negra-1.jpg","contentUrl":"http:\/\/nitorlack.com\/wp-content\/uploads\/2016\/02\/cropped-galleta-negra-1.jpg","width":512,"height":512,"caption":"Nitorlack"},"image":{"@id":"https:\/\/nitorlack.com\/it\/#\/schema\/logo\/image\/"}}]}},"_links":{"self":[{"href":"https:\/\/nitorlack.com\/it\/wp-json\/wp\/v2\/product\/66419","targetHints":{"allow":["GET"]}}],"collection":[{"href":"https:\/\/nitorlack.com\/it\/wp-json\/wp\/v2\/product"}],"about":[{"href":"https:\/\/nitorlack.com\/it\/wp-json\/wp\/v2\/types\/product"}],"replies":[{"embeddable":true,"href":"https:\/\/nitorlack.com\/it\/wp-json\/wp\/v2\/comments?post=66419"}],"wp:featuredmedia":[{"embeddable":true,"href":"https:\/\/nitorlack.com\/it\/wp-json\/wp\/v2\/media\/71918"}],"wp:attachment":[{"href":"https:\/\/nitorlack.com\/it\/wp-json\/wp\/v2\/media?parent=66419"}],"wp:term":[{"taxonomy":"product_brand","embeddable":true,"href":"https:\/\/nitorlack.com\/it\/wp-json\/wp\/v2\/product_brand?post=66419"},{"taxonomy":"product_cat","embeddable":true,"href":"https:\/\/nitorlack.com\/it\/wp-json\/wp\/v2\/product_cat?post=66419"},{"taxonomy":"product_tag","embeddable":true,"href":"https:\/\/nitorlack.com\/it\/wp-json\/wp\/v2\/product_tag?post=66419"}],"curies":[{"name":"wp","href":"https:\/\/api.w.org\/{rel}","templated":true}]}}