{"id":66193,"date":"2023-06-19T10:23:07","date_gmt":"2023-06-19T08:23:07","guid":{"rendered":"https:\/\/nitorlack.com\/barniz\/senza-categoria\/purple-metallic\/"},"modified":"2026-04-24T11:59:16","modified_gmt":"2026-04-24T09:59:16","slug":"purple-metallic","status":"publish","type":"product","link":"https:\/\/nitorlack.com\/it\/barniz\/colores-it\/metallizzati\/purple-metallic\/","title":{"rendered":"PURPLE METALLIC"},"content":{"rendered":"<div class=\"wpb-content-wrapper\"><p>[vc_row css=&#8221;.vc_custom_1593585132184{background-color: #ffffff !important;}&#8221;][vc_column width=&#8221;2\/3&#8243;][vc_column_text]<\/p>\n<h2>La storia di Purple Metallic<\/h2>\n<p>La finitura viola \u00e8 un colore molto speciale perch\u00e9 non \u00e8 stato un colore di linea di produzione per <strong>Fender e Gibson.<\/strong>.<\/p>\n<p>La sua esclusivit\u00e0 \u00e8 dovuta all&#8217;utilizzo in chitarre <strong>Custom Shop<\/strong>, masterbuilders e in edizione limitata.<\/p>\n<p>Questo colore \u00e8 stato un punto di riferimento per essere stato utilizzato sulla leggendaria chitarra di Prince, il suo modello Symbol, realizzato dal liutaio Jerry Auerswald.\u00a0 \u00a0 Nel 1993, Prince \u00e8 stato coinvolto in una disputa contrattuale con la sua etichetta discografica, la Warner Brothers, che ha cercato di limitare la sua prolifica produzione per adattarla ai ritmi del reparto marketing. Per reclamare la sua indipendenza artistica, cambi\u00f2 il suo nome in <strong>&#8220;symbol&#8221;<\/strong> e inizi\u00f2 a presentarsi ai concerti con la parola &#8220;slave&#8221; scritta in faccia per protestare contro l&#8217;industria.<\/p>\n<p>Nell&#8217;ambito della sua nuova identit\u00e0 di artista precedentemente noto come Prince, ha commissionato al costruttore di strumenti Jerry Auerswald la progettazione e la costruzione di questa chitarra con la forma del suo omonimo simbolo. Prince ha utilizzato varianti e copie di questo strumento nelle esibizioni dal vivo, tra cui l&#8217;half-time show del Super Bowl del 2007.[\/vc_column_text][\/vc_column][vc_column width=&#8221;1\/3&#8243; css=&#8221;.vc_custom_1687169792513{margin-top: 30px !important;}&#8221;][vc_single_image image=&#8221;66138&#8243; img_size=&#8221;720 x 720&#8243; alignment=&#8221;center&#8221; css=&#8221;.vc_custom_1687169400519{margin-top: 100px !important;}&#8221;][\/vc_column][\/vc_row][vc_row css=&#8221;.vc_custom_1593585132184{background-color: #ffffff !important;}&#8221;][vc_column width=&#8221;1\/2&#8243;][vc_column_text]<\/p>\n<h2>I nostri colori di ispirazione vintage<\/h2>\n<p>I colori Nitorlack si basano sui colori originali di <strong>Fender e Gibson<\/strong>. La creazione di questi colori \u00e8 preceduta da un grande lavoro e da uno studio esaustivo da parte del nostro laboratorio e del nostro ufficio tecnico. Grazie a ci\u00f2, siamo riusciti a ricreare fedelmente le tonalit\u00e0 delle chitarre Fender e Gibson degli anni &#8217;50 e &#8217;60.<\/p>\n<p>Da quegli anni a oggi, va notato che i <strong>colori delle chitarre vintage<\/strong> sono cambiati molto nel corso degli anni a causa dell&#8217;invecchiamento della <strong>lacca di nitrocellulosa<\/strong> e dei cambiamenti nei colori del marchio.<\/p>\n<p>Pertanto, due chitarre rifinite nel 1960 con i colori fender possono essere totalmente diverse l&#8217;una dall&#8217;altra o da una chitarra pi\u00f9 moderna.[\/vc_column_text][\/vc_column][vc_column width=&#8221;1\/2&#8243;][\/vc_column][\/vc_row][vc_row][vc_column][vc_column_text]<\/p>\n<h3>Guida all&#8217;implementazione:<\/h3>\n<ul>\n<li>Si inizia ad applicare il colore una volta che la chitarra \u00e8 stata fusa con il <strong>Nitorlack Primer.<\/strong>.<\/li>\n<li>Quando iniziamo il lavoro di verniciatura, i pori devono essere chiusi e le venature non devono essere segnate.<\/li>\n<li>Applicare il prodotto a spruzzo o con pistola a spruzzo a una distanza di <strong>25 cm<\/strong>.<\/li>\n<li>Durante l&#8217;applicazione dobbiamo seguire uno schema di applicazione, <strong>prima orizzontale e poi verticale<\/strong>, applicando la vernice in modo uniforme.<\/li>\n<li>Applicare diverse mani, lasciando asciugare <strong>24 ore<\/strong> tra l&#8217;una e l&#8217;altra e carteggiando per rimuovere eventuali impurit\u00e0 residue.<\/li>\n<li>Questo lavoro sar\u00e0 completato quando la superficie sar\u00e0 completamente liscia e priva di imperfezioni.<\/li>\n<\/ul>\n<h3>Domande frequenti:<\/h3>\n<h4>Quanti spray servono per verniciare una chitarra?<\/h4>\n<p>&#8211; Se la superficie \u00e8 ben coperta e non \u00e8 il vostro primo progetto di verniciatura, potete farlo con una bomboletta spray, anche se non applicherete molte mani. Tuttavia, se non siete esperti, vi consigliamo di utilizzare 2 spruzzi per ottenere una finitura ottimale.<\/p>\n<h4>A che temperatura deve essere la chitarra durante e dopo il processo?<\/h4>\n<p>&#8211; Si consiglia di eseguirlo in un luogo in cui la temperatura sia compresa tra 15 e 25 gradi Celsius. Se il processo di pittura o di verniciatura viene eseguito in condizioni molto calde o fredde, il risultato finale potrebbe non essere buono.<\/p>\n<h4>Dove devo eseguire il processo?<\/h4>\n<p>\u00c8 essenziale che il sito sia pulito, per evitare che particelle di sporco o polvere aderiscano alla superficie.<\/p>\n<h4>\u00c8 obbligatorio carteggiare tra una mano e l&#8217;altra?<\/h4>\n<p>Non si tratta di un&#8217;operazione da eseguire sempre, ma \u00e8 consigliabile per eliminare le imperfezioni lasciate dalla vernice alla fine di ogni mano e le particelle che possono aderire.[\/vc_column_text][\/vc_column][\/vc_row][vc_row][vc_column][vc_column_text]<\/p>\n<h4 style=\"text-align: center;\">Condividete il vostro lavoro sui social media utilizzando il nostro hashtag<\/h4>\n<h2 style=\"text-align: center;\">#myNitorlack<\/h2>\n<p>[\/vc_column_text][\/vc_column][\/vc_row][vc_column][vc_column_text]<\/p>\n<h4 style=\"text-align: center;\">Con la garanzia di <a href=\"https:\/\/valresa.com\/\">Valresa Coatings SA<\/a><\/h4>\n<p>[\/vc_column_text][\/vc_column][vc_column width=&#8221;1\/2&#8243;][\/vc_column][vc_column width=&#8221;1\/2&#8243;][\/vc_column]<\/p>\n<\/div>","protected":false},"excerpt":{"rendered":"<p>Il colore <strong>PURPLE METALLIC<\/strong>\u00a0\u00e8 un colore molto speciale perch\u00e9 non \u00e8 stato un colore di produzione per Fender e Gibson.<\/p>\n<p>La sua esclusivit\u00e0 \u00e8 dovuta all&#8217;utilizzo in chitarre Custom Shop, masterbuilders e in edizione limitata.<\/p>\n<p>Questo colore \u00e8 stato un colore storico per essere stato utilizzato nella <strong>mitica chitarra di Prince, il suo modello Symbol.<\/strong>.<\/p>\n<p><strong>Importante:<\/strong> trattandosi di un colore metallico, l&#8217;ultimo strato di colore non deve essere carteggiato prima di iniziare il processo di verniciatura.<\/p>\n<p>Questo colore \u00e8 disponibile in:<\/p>\n<ul>\n<li><strong>400 ml di spray.<\/strong><\/li>\n<li><strong>Bottiglia da 500 ml<\/strong>, che si consiglia di diluire con il 10% di solvente.<\/li>\n<\/ul>\n","protected":false},"featured_media":83396,"comment_status":"open","ping_status":"closed","template":"","meta":{"om_disable_all_campaigns":false,"site-sidebar-layout":"no-sidebar","site-content-layout":"plain-container","ast-site-content-layout":"normal-width-container","site-content-style":"unboxed","site-sidebar-style":"unboxed","ast-global-header-display":"","ast-banner-title-visibility":"","ast-main-header-display":"","ast-hfb-above-header-display":"","ast-hfb-below-header-display":"","ast-hfb-mobile-header-display":"","site-post-title":"disabled","ast-breadcrumbs-content":"","ast-featured-img":"disabled","footer-sml-layout":"","ast-disable-related-posts":"","theme-transparent-header-meta":"default","adv-header-id-meta":"","stick-header-meta":"default","header-above-stick-meta":"","header-main-stick-meta":"","header-below-stick-meta":"","astra-migrate-meta-layouts":"default","ast-page-background-enabled":"default","ast-page-background-meta":{"desktop":{"background-color":"var(--ast-global-color-4)","background-image":"","background-repeat":"repeat","background-position":"center center","background-size":"auto","background-attachment":"scroll","background-type":"","background-media":"","overlay-type":"","overlay-color":"","overlay-opacity":"","overlay-gradient":""},"tablet":{"background-color":"","background-image":"","background-repeat":"repeat","background-position":"center center","background-size":"auto","background-attachment":"scroll","background-type":"","background-media":"","overlay-type":"","overlay-color":"","overlay-opacity":"","overlay-gradient":""},"mobile":{"background-color":"","background-image":"","background-repeat":"repeat","background-position":"center center","background-size":"auto","background-attachment":"scroll","background-type":"","background-media":"","overlay-type":"","overlay-color":"","overlay-opacity":"","overlay-gradient":""}},"ast-content-background-meta":{"desktop":{"background-color":"var(--ast-global-color-5)","background-image":"","background-repeat":"repeat","background-position":"center center","background-size":"auto","background-attachment":"scroll","background-type":"","background-media":"","overlay-type":"","overlay-color":"","overlay-opacity":"","overlay-gradient":""},"tablet":{"background-color":"var(--ast-global-color-5)","background-image":"","background-repeat":"repeat","background-position":"center center","background-size":"auto","background-attachment":"scroll","background-type":"","background-media":"","overlay-type":"","overlay-color":"","overlay-opacity":"","overlay-gradient":""},"mobile":{"background-color":"var(--ast-global-color-5)","background-image":"","background-repeat":"repeat","background-position":"center center","background-size":"auto","background-attachment":"scroll","background-type":"","background-media":"","overlay-type":"","overlay-color":"","overlay-opacity":"","overlay-gradient":""}}},"product_brand":[],"product_cat":[7028,7421],"product_tag":[],"class_list":{"0":"post-66193","1":"product","2":"type-product","3":"status-publish","4":"has-post-thumbnail","6":"product_cat-colores-it","7":"product_cat-metallizzati","8":"desktop-align-center","9":"tablet-align-center","10":"mobile-align-center","11":"ast-product-gallery-layout-horizontal-slider","12":"ast-product-single-variable","13":"ast-product-tabs-layout-horizontal","15":"first","16":"instock","17":"taxable","18":"shipping-taxable","19":"purchasable","20":"product-type-variable"},"bundled_by":[],"bundle_stock_status":"instock","bundle_stock_quantity":5000,"bundle_virtual":false,"bundle_layout":"","bundle_add_to_cart_form_location":"","bundle_editable_in_cart":false,"bundle_sold_individually_context":"","bundle_item_grouping":"","bundle_min_size":"","bundle_max_size":"","bundle_price":[],"bundled_items":[],"bundle_sell_ids":[],"yoast_head":"<!-- This site is optimized with the Yoast SEO plugin v27.4 - https:\/\/yoast.com\/product\/yoast-seo-wordpress\/ -->\n<title>PURPLE METALLIC | Colore Nitorlack<\/title>\n<meta name=\"description\" content=\"Colore Purple Metallizzato, caratteristico del marchio Fender negli anni &#039;60. Disponibile in nitrocellulosa o poliuretano, in formato spray o in bomboletta da 500 ml.\" \/>\n<meta name=\"robots\" content=\"index, follow, max-snippet:-1, max-image-preview:large, max-video-preview:-1\" \/>\n<link rel=\"canonical\" href=\"https:\/\/nitorlack.com\/it\/barniz\/colores-it\/metallizzati\/purple-metallic\/\" \/>\n<meta property=\"og:locale\" content=\"it_IT\" \/>\n<meta property=\"og:type\" content=\"article\" \/>\n<meta property=\"og:title\" content=\"PURPLE METALLIC | Colore Nitorlack\" \/>\n<meta property=\"og:description\" content=\"Colore Purple Metallizzato, caratteristico del marchio Fender negli anni &#039;60. Disponibile in nitrocellulosa o poliuretano, in formato spray o in bomboletta da 500 ml.\" \/>\n<meta property=\"og:url\" content=\"https:\/\/nitorlack.com\/it\/barniz\/colores-it\/metallizzati\/purple-metallic\/\" \/>\n<meta property=\"og:site_name\" content=\"Nitorlack\" \/>\n<meta property=\"article:modified_time\" content=\"2026-04-24T09:59:16+00:00\" \/>\n<meta property=\"og:image\" content=\"https:\/\/nitorlack.com\/wp-content\/uploads\/2023\/06\/purple-guitar.jpg\" \/>\n\t<meta property=\"og:image:width\" content=\"850\" \/>\n\t<meta property=\"og:image:height\" content=\"842\" \/>\n\t<meta property=\"og:image:type\" content=\"image\/jpeg\" \/>\n<meta name=\"twitter:card\" content=\"summary_large_image\" \/>\n<meta name=\"twitter:label1\" content=\"Tempo di lettura stimato\" \/>\n\t<meta name=\"twitter:data1\" content=\"4 minuti\" \/>\n<script type=\"application\/ld+json\" class=\"yoast-schema-graph\">{\"@context\":\"https:\\\/\\\/schema.org\",\"@graph\":[{\"@type\":\"WebPage\",\"@id\":\"https:\\\/\\\/nitorlack.com\\\/it\\\/barniz\\\/colores-it\\\/metallizzati\\\/purple-metallic\\\/\",\"url\":\"https:\\\/\\\/nitorlack.com\\\/it\\\/barniz\\\/colores-it\\\/metallizzati\\\/purple-metallic\\\/\",\"name\":\"PURPLE METALLIC | Colore Nitorlack\",\"isPartOf\":{\"@id\":\"https:\\\/\\\/nitorlack.com\\\/it\\\/#website\"},\"primaryImageOfPage\":{\"@id\":\"https:\\\/\\\/nitorlack.com\\\/it\\\/barniz\\\/colores-it\\\/metallizzati\\\/purple-metallic\\\/#primaryimage\"},\"image\":{\"@id\":\"https:\\\/\\\/nitorlack.com\\\/it\\\/barniz\\\/colores-it\\\/metallizzati\\\/purple-metallic\\\/#primaryimage\"},\"thumbnailUrl\":\"https:\\\/\\\/nitorlack.com\\\/wp-content\\\/uploads\\\/2025\\\/10\\\/Purple-4.jpg\",\"datePublished\":\"2023-06-19T08:23:07+00:00\",\"dateModified\":\"2026-04-24T09:59:16+00:00\",\"description\":\"Colore Purple Metallizzato, caratteristico del marchio Fender negli anni '60. Disponibile in nitrocellulosa o poliuretano, in formato spray o in bomboletta da 500 ml.\",\"breadcrumb\":{\"@id\":\"https:\\\/\\\/nitorlack.com\\\/it\\\/barniz\\\/colores-it\\\/metallizzati\\\/purple-metallic\\\/#breadcrumb\"},\"inLanguage\":\"it-IT\",\"potentialAction\":[{\"@type\":\"ReadAction\",\"target\":[\"https:\\\/\\\/nitorlack.com\\\/it\\\/barniz\\\/colores-it\\\/metallizzati\\\/purple-metallic\\\/\"]}]},{\"@type\":\"ImageObject\",\"inLanguage\":\"it-IT\",\"@id\":\"https:\\\/\\\/nitorlack.com\\\/it\\\/barniz\\\/colores-it\\\/metallizzati\\\/purple-metallic\\\/#primaryimage\",\"url\":\"https:\\\/\\\/nitorlack.com\\\/wp-content\\\/uploads\\\/2025\\\/10\\\/Purple-4.jpg\",\"contentUrl\":\"https:\\\/\\\/nitorlack.com\\\/wp-content\\\/uploads\\\/2025\\\/10\\\/Purple-4.jpg\",\"width\":1200,\"height\":1200,\"caption\":\"Purple guitarra\"},{\"@type\":\"BreadcrumbList\",\"@id\":\"https:\\\/\\\/nitorlack.com\\\/it\\\/barniz\\\/colores-it\\\/metallizzati\\\/purple-metallic\\\/#breadcrumb\",\"itemListElement\":[{\"@type\":\"ListItem\",\"position\":1,\"name\":\"Copertina\",\"item\":\"https:\\\/\\\/nitorlack.com\\\/it\\\/\"},{\"@type\":\"ListItem\",\"position\":2,\"name\":\"Negozio\",\"item\":\"https:\\\/\\\/nitorlack.com\\\/it\\\/negozio\\\/\"},{\"@type\":\"ListItem\",\"position\":3,\"name\":\"PURPLE METALLIC\"}]},{\"@type\":\"WebSite\",\"@id\":\"https:\\\/\\\/nitorlack.com\\\/it\\\/#website\",\"url\":\"https:\\\/\\\/nitorlack.com\\\/it\\\/\",\"name\":\"Nitorlack\",\"description\":\"Guitar Lacquers\",\"publisher\":{\"@id\":\"https:\\\/\\\/nitorlack.com\\\/it\\\/#organization\"},\"potentialAction\":[{\"@type\":\"SearchAction\",\"target\":{\"@type\":\"EntryPoint\",\"urlTemplate\":\"https:\\\/\\\/nitorlack.com\\\/it\\\/?s={search_term_string}\"},\"query-input\":{\"@type\":\"PropertyValueSpecification\",\"valueRequired\":true,\"valueName\":\"search_term_string\"}}],\"inLanguage\":\"it-IT\"},{\"@type\":\"Organization\",\"@id\":\"https:\\\/\\\/nitorlack.com\\\/it\\\/#organization\",\"name\":\"Nitorlack\",\"url\":\"https:\\\/\\\/nitorlack.com\\\/it\\\/\",\"logo\":{\"@type\":\"ImageObject\",\"inLanguage\":\"it-IT\",\"@id\":\"https:\\\/\\\/nitorlack.com\\\/it\\\/#\\\/schema\\\/logo\\\/image\\\/\",\"url\":\"http:\\\/\\\/nitorlack.com\\\/wp-content\\\/uploads\\\/2016\\\/02\\\/cropped-galleta-negra-1.jpg\",\"contentUrl\":\"http:\\\/\\\/nitorlack.com\\\/wp-content\\\/uploads\\\/2016\\\/02\\\/cropped-galleta-negra-1.jpg\",\"width\":512,\"height\":512,\"caption\":\"Nitorlack\"},\"image\":{\"@id\":\"https:\\\/\\\/nitorlack.com\\\/it\\\/#\\\/schema\\\/logo\\\/image\\\/\"}}]}<\/script>\n<!-- \/ Yoast SEO plugin. -->","yoast_head_json":{"title":"PURPLE METALLIC | Colore Nitorlack","description":"Colore Purple Metallizzato, caratteristico del marchio Fender negli anni '60. Disponibile in nitrocellulosa o poliuretano, in formato spray o in bomboletta da 500 ml.","robots":{"index":"index","follow":"follow","max-snippet":"max-snippet:-1","max-image-preview":"max-image-preview:large","max-video-preview":"max-video-preview:-1"},"canonical":"https:\/\/nitorlack.com\/it\/barniz\/colores-it\/metallizzati\/purple-metallic\/","og_locale":"it_IT","og_type":"article","og_title":"PURPLE METALLIC | Colore Nitorlack","og_description":"Colore Purple Metallizzato, caratteristico del marchio Fender negli anni '60. Disponibile in nitrocellulosa o poliuretano, in formato spray o in bomboletta da 500 ml.","og_url":"https:\/\/nitorlack.com\/it\/barniz\/colores-it\/metallizzati\/purple-metallic\/","og_site_name":"Nitorlack","article_modified_time":"2026-04-24T09:59:16+00:00","og_image":[{"width":850,"height":842,"url":"https:\/\/nitorlack.com\/wp-content\/uploads\/2023\/06\/purple-guitar.jpg","type":"image\/jpeg"}],"twitter_card":"summary_large_image","twitter_misc":{"Tempo di lettura stimato":"4 minuti"},"schema":{"@context":"https:\/\/schema.org","@graph":[{"@type":"WebPage","@id":"https:\/\/nitorlack.com\/it\/barniz\/colores-it\/metallizzati\/purple-metallic\/","url":"https:\/\/nitorlack.com\/it\/barniz\/colores-it\/metallizzati\/purple-metallic\/","name":"PURPLE METALLIC | Colore Nitorlack","isPartOf":{"@id":"https:\/\/nitorlack.com\/it\/#website"},"primaryImageOfPage":{"@id":"https:\/\/nitorlack.com\/it\/barniz\/colores-it\/metallizzati\/purple-metallic\/#primaryimage"},"image":{"@id":"https:\/\/nitorlack.com\/it\/barniz\/colores-it\/metallizzati\/purple-metallic\/#primaryimage"},"thumbnailUrl":"https:\/\/nitorlack.com\/wp-content\/uploads\/2025\/10\/Purple-4.jpg","datePublished":"2023-06-19T08:23:07+00:00","dateModified":"2026-04-24T09:59:16+00:00","description":"Colore Purple Metallizzato, caratteristico del marchio Fender negli anni '60. Disponibile in nitrocellulosa o poliuretano, in formato spray o in bomboletta da 500 ml.","breadcrumb":{"@id":"https:\/\/nitorlack.com\/it\/barniz\/colores-it\/metallizzati\/purple-metallic\/#breadcrumb"},"inLanguage":"it-IT","potentialAction":[{"@type":"ReadAction","target":["https:\/\/nitorlack.com\/it\/barniz\/colores-it\/metallizzati\/purple-metallic\/"]}]},{"@type":"ImageObject","inLanguage":"it-IT","@id":"https:\/\/nitorlack.com\/it\/barniz\/colores-it\/metallizzati\/purple-metallic\/#primaryimage","url":"https:\/\/nitorlack.com\/wp-content\/uploads\/2025\/10\/Purple-4.jpg","contentUrl":"https:\/\/nitorlack.com\/wp-content\/uploads\/2025\/10\/Purple-4.jpg","width":1200,"height":1200,"caption":"Purple guitarra"},{"@type":"BreadcrumbList","@id":"https:\/\/nitorlack.com\/it\/barniz\/colores-it\/metallizzati\/purple-metallic\/#breadcrumb","itemListElement":[{"@type":"ListItem","position":1,"name":"Copertina","item":"https:\/\/nitorlack.com\/it\/"},{"@type":"ListItem","position":2,"name":"Negozio","item":"https:\/\/nitorlack.com\/it\/negozio\/"},{"@type":"ListItem","position":3,"name":"PURPLE METALLIC"}]},{"@type":"WebSite","@id":"https:\/\/nitorlack.com\/it\/#website","url":"https:\/\/nitorlack.com\/it\/","name":"Nitorlack","description":"Guitar Lacquers","publisher":{"@id":"https:\/\/nitorlack.com\/it\/#organization"},"potentialAction":[{"@type":"SearchAction","target":{"@type":"EntryPoint","urlTemplate":"https:\/\/nitorlack.com\/it\/?s={search_term_string}"},"query-input":{"@type":"PropertyValueSpecification","valueRequired":true,"valueName":"search_term_string"}}],"inLanguage":"it-IT"},{"@type":"Organization","@id":"https:\/\/nitorlack.com\/it\/#organization","name":"Nitorlack","url":"https:\/\/nitorlack.com\/it\/","logo":{"@type":"ImageObject","inLanguage":"it-IT","@id":"https:\/\/nitorlack.com\/it\/#\/schema\/logo\/image\/","url":"http:\/\/nitorlack.com\/wp-content\/uploads\/2016\/02\/cropped-galleta-negra-1.jpg","contentUrl":"http:\/\/nitorlack.com\/wp-content\/uploads\/2016\/02\/cropped-galleta-negra-1.jpg","width":512,"height":512,"caption":"Nitorlack"},"image":{"@id":"https:\/\/nitorlack.com\/it\/#\/schema\/logo\/image\/"}}]}},"_links":{"self":[{"href":"https:\/\/nitorlack.com\/it\/wp-json\/wp\/v2\/product\/66193","targetHints":{"allow":["GET"]}}],"collection":[{"href":"https:\/\/nitorlack.com\/it\/wp-json\/wp\/v2\/product"}],"about":[{"href":"https:\/\/nitorlack.com\/it\/wp-json\/wp\/v2\/types\/product"}],"replies":[{"embeddable":true,"href":"https:\/\/nitorlack.com\/it\/wp-json\/wp\/v2\/comments?post=66193"}],"wp:featuredmedia":[{"embeddable":true,"href":"https:\/\/nitorlack.com\/it\/wp-json\/wp\/v2\/media\/83396"}],"wp:attachment":[{"href":"https:\/\/nitorlack.com\/it\/wp-json\/wp\/v2\/media?parent=66193"}],"wp:term":[{"taxonomy":"product_brand","embeddable":true,"href":"https:\/\/nitorlack.com\/it\/wp-json\/wp\/v2\/product_brand?post=66193"},{"taxonomy":"product_cat","embeddable":true,"href":"https:\/\/nitorlack.com\/it\/wp-json\/wp\/v2\/product_cat?post=66193"},{"taxonomy":"product_tag","embeddable":true,"href":"https:\/\/nitorlack.com\/it\/wp-json\/wp\/v2\/product_tag?post=66193"}],"curies":[{"name":"wp","href":"https:\/\/api.w.org\/{rel}","templated":true}]}}