{"id":64460,"date":"2023-03-23T11:45:43","date_gmt":"2023-03-23T09:45:43","guid":{"rendered":"https:\/\/nitorlack.com\/barniz\/senza-categoria\/lacquer-golden-age\/"},"modified":"2026-04-16T15:23:39","modified_gmt":"2026-04-16T13:23:39","slug":"lacquer-golden-age","status":"publish","type":"product","link":"https:\/\/nitorlack.com\/it\/barniz\/finiture\/nitrocellulosa-it-4\/lacquer-golden-age\/","title":{"rendered":"LACQUER GOLDEN AGE"},"content":{"rendered":"<div class=\"wpb-content-wrapper\"><p>[vc_row][vc_column][vc_raw_html]JTVCQmVzdF9Xb3JkcHJlc3NfR2FsbGVyeSUyMGlkJTNEJTIyNyUyMiU1RA==[\/vc_raw_html][\/vc_column][\/vc_row][vc_row][vc_column][vc_video link=&#8221;https:\/\/www.youtube.com\/watch?v=-T8k55tjnA4&#8243; el_width=&#8221;70&#8243; align=&#8221;center&#8221; css=&#8221;&#8221;][\/vc_column][\/vc_row][vc_row][vc_column][vc_video link=&#8221;https:\/\/youtu.be\/2WgmS2FRBfI?si=l7xtLQ3ojYjKg0TZ&#8221; el_width=&#8221;70&#8243; align=&#8221;center&#8221; css=&#8221;&#8221;][\/vc_column][\/vc_row][vc_row][vc_column][vc_column_text css=&#8221;&#8221;]<\/p>\n<h2>Cos&#8217;\u00e8 la nuova nitro senza plastificanti?<\/h2>\n<p>Questa nuova nitrocellulosa consiste nella ricreazione della nitrocellulosa utilizzata da Fender e Gibson nel corso degli anni &#8217;60. In essa viene modificata la formulazione arrivando a eliminare i plastificanti per aumentarne la rigidit\u00e0 e ottenere una vernice che permetta di ottenere facilmente un aspetto pi\u00f9 naturale e vintage.<\/p>\n<p>Il principale vantaggio rispetto alle diverse vernici nitrocellulosiche \u00e8 la sua rapidit\u00e0 di evaporazione e fusione tra gli strati, permettendo cos\u00ec di dare un effetto lucido pi\u00f9 evidente e una maggiore vibrazione del legno.<\/p>\n<h2>Guida all&#8217;applicazione:<\/h2>\n<p>&#8211; Prima di iniziare il processo, la superficie deve essere correttamente preparata. Per fare ci\u00f2, il poro deve essere stato chiuso precedentemente.<\/p>\n<p>&#8211; Iniziamo verniciando prima i laterali per poi proseguire con la parte frontale e quella posteriore.<\/p>\n<p>&#8211; <strong>I movimenti devono essere lineari<\/strong>, prima orizzontali e poi verticali, e non si deve caricare eccessivamente la superficie.<\/p>\n<p>&#8211; La distanza alla quale si deve applicare il prodotto \u00e8 di circa <strong>25 cm<\/strong>.<\/p>\n<p>&#8211; Per ottenere i migliori risultati, la temperatura nel luogo di applicazione deve essere compresa tra <strong>15 e 25 gradi<\/strong>.<\/p>\n<p>&nbsp;<\/p>\n<h2><strong>Domande frequenti:<\/strong><\/h2>\n<p>&nbsp;<\/p>\n<h4>Di quante bombolette spray ho bisogno per verniciare la mia chitarra?<\/h4>\n<p>Questo dipender\u00e0 dallo spessore degli strati e dall&#8217;abilit\u00e0 nell&#8217;uso dello spray. Se \u00e8 il tuo primo progetto, ti consiglio di usare 2 bombolette spray per una finitura ottimale. Se sei pi\u00f9 esperto, una pu\u00f2 essere sufficiente.<\/p>\n<p>&nbsp;<\/p>\n<h4>Dove devo eseguire il processo?<\/h4>\n<p>Un luogo pulito sar\u00e0 fondamentale per evitare che sporco o particelle di polvere aderiscano alla superficie. Sar\u00e0 inoltre importante che non sia un ambiente con eccessiva umidit\u00e0 o temperature estreme.<\/p>\n<p>&nbsp;<\/p>\n<h4>\u00c8 obbligatorio carteggiare tra uno strato e l&#8217;altro?<\/h4>\n<p>Non \u00e8 un passaggio sempre obbligatorio, ma \u00e8 consigliabile per eliminare le imperfezioni che rimangono nella vernice alla fine di ogni strato, cos\u00ec come le particelle che potrebbero aderire.<\/p>\n<p>&nbsp;<\/p>\n<h4>Questa vernice si creper\u00e0 forzando sbalzi di temperatura?<\/h4>\n<p>Le linee dovrebbero apparire non appena tolta dal congelatore se hai seguito correttamente i passaggi precedenti. La cosa pi\u00f9 importante \u00e8 rispettare i tempi di asciugatura della nitrocellulosa, poich\u00e9 se non \u00e8 asciutta il processo di crepatura sar\u00e0 pi\u00f9 complesso.<\/p>\n<p>&nbsp;<\/p>\n<h4>Posso ottenere facilmente un effetto &#8220;cracked&#8221; (crepato) con questa vernice?<\/h4>\n<p>Se metti la chitarra al freddo e, all&#8217;uscita, copri la superficie con la nostra Relic Patina, le linee, nonostante siano sottili, si segneranno facilmente.<\/p>\n<p>Una volta che la chitarra torna a temperatura ambiente, si pu\u00f2 continuare a ripetere il processo di congelamento utilizzando lo <a href=\"https:\/\/nitorlack.com\/it\/barniz\/accesori\/varie-it\/spray-congelante\/\">Spray di congelamento<\/a> + <a href=\"https:\/\/nitorlack.com\/it\/barniz\/accesori\/relic-patina-it\/relic-patina\/\">Relic Patina<\/a>. Con questo processo potrai fare in modo che certe zone della chitarra abbiano una crepatura pi\u00f9 pronunciata rispetto al resto, permettendo cos\u00ec di personalizzare leggermente l&#8217;effetto finale ottenuto.<\/p>\n<p>Per l&#8217;uso di questi due prodotti, dovrai seguire le raccomandazioni presenti nella loro scheda prodotto.<\/p>\n<p>Seguendo le nostre istruzioni e combinando entrambi i prodotti con la vernice Golden Age, potrai ottenere l&#8217;effetto desiderato sulla tua chitarra.<\/p>\n<p>&nbsp;<\/p>\n<h2>IMPORTANTE:<\/h2>\n<ul>\n<li>Il prodotto spray contiene una maggiore quantit\u00e0 di solvente e pertanto non produce crepature molto marcate. Se utilizzerai lo spray e desideri una crepatura pi\u00f9 pronunciata, devi usare <a href=\"https:\/\/nitorlack.com\/it\/barniz\/finiture\/nitrocellulosa-it-4\/nitorlack-relic-gloss\/\">Relic Gloss<\/a>.<\/li>\n<li>Il prodotto in barattolo da 1L deve essere miscelato approssimativamente con un <strong>15%<\/strong> di <a href=\"https:\/\/nitorlack.com\/it\/barniz\/solventi\/solventi-it\/solvent-medium-copiar\/\">solvente<\/a>. Maggiore \u00e8 la proporzione di solvente, meno aggressiva sar\u00e0 la crepatura prodotta.<\/li>\n<\/ul>\n<p><strong>Suggerimento extra:<\/strong> Qualunque sia il formato in cui utilizzi il prodotto, se dopo la prima uscita dal congelatore le crepe non appaiono, ripeti il processo di congelamento altre 2-3 volte. Combinare questo processo con lo Spray di Congelamento render\u00e0 il tutto pi\u00f9 efficace e personalizzato.[\/vc_column_text][\/vc_column][\/vc_row][vc_row][vc_column][vc_column_text]<\/p>\n<h4 style=\"text-align: center;\">Condividi i tuoi lavori sui social network usando il nostro hashtag<\/h4>\n<h2 style=\"text-align: center;\">#myNitorlack<\/h2>\n<p>[\/vc_column_text][\/vc_column][\/vc_row]<\/p>\n<\/div>","protected":false},"excerpt":{"rendered":"<p>Nuova formula senza additivi, simile a quella utilizzata nelle chitarre Fender e Gibson negli anni &#8217;60.<\/p>\n<ul>\n<li><strong>Non contiene plastificanti nella sua formula<\/strong><\/li>\n<li>Si ottiene un effetto meno plastico sulla finitura della chitarra, con poca elasticit\u00e0 e un invecchiamento pi\u00f9 rapido rispetto alla nitrocellulosa tradizionale.<\/li>\n<li>Gli sbalzi di temperatura causano la formazione di crepe sulla superficie, con linee molto pi\u00f9 sottili e naturali rispetto a quelle prodotte dalle reliquie alla nitro.<\/li>\n<li>Si distingue dalle altre formule per la sua elevata brillantezza.<\/li>\n<li>Si raccomanda l&#8217;uso in combinazione con lo <a href=\"https:\/\/nitorlack.com\/it\/barniz\/accesori\/varie-it\/spray-congelante\/\"><b data-path-to-node=\"7\" data-index-in-node=\"43\">Spray congelante<\/b><\/a> + <a href=\"https:\/\/nitorlack.com\/it\/barniz\/accesori\/relic-patina-it\/relic-patina\/\"><b data-path-to-node=\"7\" data-index-in-node=\"62\">Relic Patina<\/b><\/a> per esaltare facilmente il suo aspetto invecchiato.<\/li>\n<li>Se le linee non compaiono, ripetere il processo di raffreddamento a intervalli di 12 ore.<\/li>\n<\/ul>\n<p>Disponibile in <strong>SPRAY<\/strong>\u00a0e <strong>CAN da 1 o 5 litri<\/strong>.<\/p>\n","protected":false},"featured_media":64440,"comment_status":"open","ping_status":"closed","template":"","meta":{"om_disable_all_campaigns":false,"site-sidebar-layout":"no-sidebar","site-content-layout":"plain-container","ast-site-content-layout":"normal-width-container","site-content-style":"unboxed","site-sidebar-style":"unboxed","ast-global-header-display":"","ast-banner-title-visibility":"","ast-main-header-display":"","ast-hfb-above-header-display":"","ast-hfb-below-header-display":"","ast-hfb-mobile-header-display":"","site-post-title":"disabled","ast-breadcrumbs-content":"","ast-featured-img":"disabled","footer-sml-layout":"","ast-disable-related-posts":"","theme-transparent-header-meta":"default","adv-header-id-meta":"","stick-header-meta":"default","header-above-stick-meta":"","header-main-stick-meta":"","header-below-stick-meta":"","astra-migrate-meta-layouts":"set","ast-page-background-enabled":"default","ast-page-background-meta":{"desktop":{"background-color":"var(--ast-global-color-4)","background-image":"","background-repeat":"repeat","background-position":"center center","background-size":"auto","background-attachment":"scroll","background-type":"","background-media":"","overlay-type":"","overlay-color":"","overlay-opacity":"","overlay-gradient":""},"tablet":{"background-color":"","background-image":"","background-repeat":"repeat","background-position":"center center","background-size":"auto","background-attachment":"scroll","background-type":"","background-media":"","overlay-type":"","overlay-color":"","overlay-opacity":"","overlay-gradient":""},"mobile":{"background-color":"","background-image":"","background-repeat":"repeat","background-position":"center center","background-size":"auto","background-attachment":"scroll","background-type":"","background-media":"","overlay-type":"","overlay-color":"","overlay-opacity":"","overlay-gradient":""}},"ast-content-background-meta":{"desktop":{"background-color":"var(--ast-global-color-5)","background-image":"","background-repeat":"repeat","background-position":"center center","background-size":"auto","background-attachment":"scroll","background-type":"","background-media":"","overlay-type":"","overlay-color":"","overlay-opacity":"","overlay-gradient":""},"tablet":{"background-color":"var(--ast-global-color-5)","background-image":"","background-repeat":"repeat","background-position":"center center","background-size":"auto","background-attachment":"scroll","background-type":"","background-media":"","overlay-type":"","overlay-color":"","overlay-opacity":"","overlay-gradient":""},"mobile":{"background-color":"var(--ast-global-color-5)","background-image":"","background-repeat":"repeat","background-position":"center center","background-size":"auto","background-attachment":"scroll","background-type":"","background-media":"","overlay-type":"","overlay-color":"","overlay-opacity":"","overlay-gradient":""}}},"product_brand":[],"product_cat":[90,284],"product_tag":[],"class_list":{"0":"post-64460","1":"product","2":"type-product","3":"status-publish","4":"has-post-thumbnail","6":"product_cat-finiture","7":"product_cat-nitrocellulosa-it-4","8":"desktop-align-center","9":"tablet-align-center","10":"mobile-align-center","11":"ast-product-gallery-layout-horizontal-slider","12":"ast-product-single-variable","13":"ast-product-tabs-layout-horizontal","15":"first","16":"instock","17":"taxable","18":"shipping-taxable","19":"purchasable","20":"product-type-variable"},"bundled_by":[],"bundle_stock_status":"instock","bundle_stock_quantity":5000,"bundle_virtual":false,"bundle_layout":"","bundle_add_to_cart_form_location":"","bundle_editable_in_cart":false,"bundle_sold_individually_context":"","bundle_item_grouping":"","bundle_min_size":"","bundle_max_size":"","bundle_price":[],"bundled_items":[],"bundle_sell_ids":[66294],"yoast_head":"<!-- This site is optimized with the Yoast SEO plugin v27.4 - https:\/\/yoast.com\/product\/yoast-seo-wordpress\/ -->\n<title>LACQUER GOLDEN AGE | Nitorlack<\/title>\n<meta name=\"description\" content=\"Vernice nitro utilizzata negli anni &#039;60 da Fender e Gibson. Alta lucentezza e rapido invecchiamento per un rapido effetto vintage.\" \/>\n<meta name=\"robots\" content=\"index, follow, max-snippet:-1, max-image-preview:large, max-video-preview:-1\" \/>\n<link rel=\"canonical\" href=\"https:\/\/nitorlack.com\/it\/barniz\/finiture\/nitrocellulosa-it-4\/lacquer-golden-age\/\" \/>\n<meta property=\"og:locale\" content=\"it_IT\" \/>\n<meta property=\"og:type\" content=\"article\" \/>\n<meta property=\"og:title\" content=\"LACQUER GOLDEN AGE | Nitorlack\" \/>\n<meta property=\"og:description\" content=\"Vernice nitro utilizzata negli anni &#039;60 da Fender e Gibson. Alta lucentezza e rapido invecchiamento per un rapido effetto vintage.\" \/>\n<meta property=\"og:url\" content=\"https:\/\/nitorlack.com\/it\/barniz\/finiture\/nitrocellulosa-it-4\/lacquer-golden-age\/\" \/>\n<meta property=\"og:site_name\" content=\"Nitorlack\" \/>\n<meta property=\"article:modified_time\" content=\"2026-04-16T13:23:39+00:00\" \/>\n<meta property=\"og:image\" content=\"https:\/\/nitorlack.com\/wp-content\/uploads\/2023\/03\/GOLDEN-AGE.jpg\" \/>\n\t<meta property=\"og:image:width\" content=\"1039\" \/>\n\t<meta property=\"og:image:height\" content=\"1016\" \/>\n\t<meta property=\"og:image:type\" content=\"image\/jpeg\" \/>\n<meta name=\"twitter:card\" content=\"summary_large_image\" \/>\n<meta name=\"twitter:label1\" content=\"Tempo di lettura stimato\" \/>\n\t<meta name=\"twitter:data1\" content=\"3 minuti\" \/>\n<script type=\"application\/ld+json\" class=\"yoast-schema-graph\">{\"@context\":\"https:\\\/\\\/schema.org\",\"@graph\":[{\"@type\":\"WebPage\",\"@id\":\"https:\\\/\\\/nitorlack.com\\\/it\\\/barniz\\\/finiture\\\/nitrocellulosa-it-4\\\/lacquer-golden-age\\\/\",\"url\":\"https:\\\/\\\/nitorlack.com\\\/it\\\/barniz\\\/finiture\\\/nitrocellulosa-it-4\\\/lacquer-golden-age\\\/\",\"name\":\"LACQUER GOLDEN AGE | Nitorlack\",\"isPartOf\":{\"@id\":\"https:\\\/\\\/nitorlack.com\\\/it\\\/#website\"},\"primaryImageOfPage\":{\"@id\":\"https:\\\/\\\/nitorlack.com\\\/it\\\/barniz\\\/finiture\\\/nitrocellulosa-it-4\\\/lacquer-golden-age\\\/#primaryimage\"},\"image\":{\"@id\":\"https:\\\/\\\/nitorlack.com\\\/it\\\/barniz\\\/finiture\\\/nitrocellulosa-it-4\\\/lacquer-golden-age\\\/#primaryimage\"},\"thumbnailUrl\":\"https:\\\/\\\/nitorlack.com\\\/wp-content\\\/uploads\\\/2023\\\/03\\\/GOLDEN-AGE.jpg\",\"datePublished\":\"2023-03-23T09:45:43+00:00\",\"dateModified\":\"2026-04-16T13:23:39+00:00\",\"description\":\"Vernice nitro utilizzata negli anni '60 da Fender e Gibson. Alta lucentezza e rapido invecchiamento per un rapido effetto vintage.\",\"breadcrumb\":{\"@id\":\"https:\\\/\\\/nitorlack.com\\\/it\\\/barniz\\\/finiture\\\/nitrocellulosa-it-4\\\/lacquer-golden-age\\\/#breadcrumb\"},\"inLanguage\":\"it-IT\",\"potentialAction\":[{\"@type\":\"ReadAction\",\"target\":[\"https:\\\/\\\/nitorlack.com\\\/it\\\/barniz\\\/finiture\\\/nitrocellulosa-it-4\\\/lacquer-golden-age\\\/\"]}]},{\"@type\":\"ImageObject\",\"inLanguage\":\"it-IT\",\"@id\":\"https:\\\/\\\/nitorlack.com\\\/it\\\/barniz\\\/finiture\\\/nitrocellulosa-it-4\\\/lacquer-golden-age\\\/#primaryimage\",\"url\":\"https:\\\/\\\/nitorlack.com\\\/wp-content\\\/uploads\\\/2023\\\/03\\\/GOLDEN-AGE.jpg\",\"contentUrl\":\"https:\\\/\\\/nitorlack.com\\\/wp-content\\\/uploads\\\/2023\\\/03\\\/GOLDEN-AGE.jpg\",\"width\":1039,\"height\":1016,\"caption\":\"nitrocelulosa golden age\"},{\"@type\":\"BreadcrumbList\",\"@id\":\"https:\\\/\\\/nitorlack.com\\\/it\\\/barniz\\\/finiture\\\/nitrocellulosa-it-4\\\/lacquer-golden-age\\\/#breadcrumb\",\"itemListElement\":[{\"@type\":\"ListItem\",\"position\":1,\"name\":\"Copertina\",\"item\":\"https:\\\/\\\/nitorlack.com\\\/it\\\/\"},{\"@type\":\"ListItem\",\"position\":2,\"name\":\"Negozio\",\"item\":\"https:\\\/\\\/nitorlack.com\\\/it\\\/negozio\\\/\"},{\"@type\":\"ListItem\",\"position\":3,\"name\":\"LACQUER GOLDEN AGE\"}]},{\"@type\":\"WebSite\",\"@id\":\"https:\\\/\\\/nitorlack.com\\\/it\\\/#website\",\"url\":\"https:\\\/\\\/nitorlack.com\\\/it\\\/\",\"name\":\"Nitorlack\",\"description\":\"Guitar Lacquers\",\"publisher\":{\"@id\":\"https:\\\/\\\/nitorlack.com\\\/it\\\/#organization\"},\"potentialAction\":[{\"@type\":\"SearchAction\",\"target\":{\"@type\":\"EntryPoint\",\"urlTemplate\":\"https:\\\/\\\/nitorlack.com\\\/it\\\/?s={search_term_string}\"},\"query-input\":{\"@type\":\"PropertyValueSpecification\",\"valueRequired\":true,\"valueName\":\"search_term_string\"}}],\"inLanguage\":\"it-IT\"},{\"@type\":\"Organization\",\"@id\":\"https:\\\/\\\/nitorlack.com\\\/it\\\/#organization\",\"name\":\"Nitorlack\",\"url\":\"https:\\\/\\\/nitorlack.com\\\/it\\\/\",\"logo\":{\"@type\":\"ImageObject\",\"inLanguage\":\"it-IT\",\"@id\":\"https:\\\/\\\/nitorlack.com\\\/it\\\/#\\\/schema\\\/logo\\\/image\\\/\",\"url\":\"http:\\\/\\\/nitorlack.com\\\/wp-content\\\/uploads\\\/2016\\\/02\\\/cropped-galleta-negra-1.jpg\",\"contentUrl\":\"http:\\\/\\\/nitorlack.com\\\/wp-content\\\/uploads\\\/2016\\\/02\\\/cropped-galleta-negra-1.jpg\",\"width\":512,\"height\":512,\"caption\":\"Nitorlack\"},\"image\":{\"@id\":\"https:\\\/\\\/nitorlack.com\\\/it\\\/#\\\/schema\\\/logo\\\/image\\\/\"}}]}<\/script>\n<!-- \/ Yoast SEO plugin. -->","yoast_head_json":{"title":"LACQUER GOLDEN AGE | Nitorlack","description":"Vernice nitro utilizzata negli anni '60 da Fender e Gibson. Alta lucentezza e rapido invecchiamento per un rapido effetto vintage.","robots":{"index":"index","follow":"follow","max-snippet":"max-snippet:-1","max-image-preview":"max-image-preview:large","max-video-preview":"max-video-preview:-1"},"canonical":"https:\/\/nitorlack.com\/it\/barniz\/finiture\/nitrocellulosa-it-4\/lacquer-golden-age\/","og_locale":"it_IT","og_type":"article","og_title":"LACQUER GOLDEN AGE | Nitorlack","og_description":"Vernice nitro utilizzata negli anni '60 da Fender e Gibson. Alta lucentezza e rapido invecchiamento per un rapido effetto vintage.","og_url":"https:\/\/nitorlack.com\/it\/barniz\/finiture\/nitrocellulosa-it-4\/lacquer-golden-age\/","og_site_name":"Nitorlack","article_modified_time":"2026-04-16T13:23:39+00:00","og_image":[{"width":1039,"height":1016,"url":"https:\/\/nitorlack.com\/wp-content\/uploads\/2023\/03\/GOLDEN-AGE.jpg","type":"image\/jpeg"}],"twitter_card":"summary_large_image","twitter_misc":{"Tempo di lettura stimato":"3 minuti"},"schema":{"@context":"https:\/\/schema.org","@graph":[{"@type":"WebPage","@id":"https:\/\/nitorlack.com\/it\/barniz\/finiture\/nitrocellulosa-it-4\/lacquer-golden-age\/","url":"https:\/\/nitorlack.com\/it\/barniz\/finiture\/nitrocellulosa-it-4\/lacquer-golden-age\/","name":"LACQUER GOLDEN AGE | Nitorlack","isPartOf":{"@id":"https:\/\/nitorlack.com\/it\/#website"},"primaryImageOfPage":{"@id":"https:\/\/nitorlack.com\/it\/barniz\/finiture\/nitrocellulosa-it-4\/lacquer-golden-age\/#primaryimage"},"image":{"@id":"https:\/\/nitorlack.com\/it\/barniz\/finiture\/nitrocellulosa-it-4\/lacquer-golden-age\/#primaryimage"},"thumbnailUrl":"https:\/\/nitorlack.com\/wp-content\/uploads\/2023\/03\/GOLDEN-AGE.jpg","datePublished":"2023-03-23T09:45:43+00:00","dateModified":"2026-04-16T13:23:39+00:00","description":"Vernice nitro utilizzata negli anni '60 da Fender e Gibson. Alta lucentezza e rapido invecchiamento per un rapido effetto vintage.","breadcrumb":{"@id":"https:\/\/nitorlack.com\/it\/barniz\/finiture\/nitrocellulosa-it-4\/lacquer-golden-age\/#breadcrumb"},"inLanguage":"it-IT","potentialAction":[{"@type":"ReadAction","target":["https:\/\/nitorlack.com\/it\/barniz\/finiture\/nitrocellulosa-it-4\/lacquer-golden-age\/"]}]},{"@type":"ImageObject","inLanguage":"it-IT","@id":"https:\/\/nitorlack.com\/it\/barniz\/finiture\/nitrocellulosa-it-4\/lacquer-golden-age\/#primaryimage","url":"https:\/\/nitorlack.com\/wp-content\/uploads\/2023\/03\/GOLDEN-AGE.jpg","contentUrl":"https:\/\/nitorlack.com\/wp-content\/uploads\/2023\/03\/GOLDEN-AGE.jpg","width":1039,"height":1016,"caption":"nitrocelulosa golden age"},{"@type":"BreadcrumbList","@id":"https:\/\/nitorlack.com\/it\/barniz\/finiture\/nitrocellulosa-it-4\/lacquer-golden-age\/#breadcrumb","itemListElement":[{"@type":"ListItem","position":1,"name":"Copertina","item":"https:\/\/nitorlack.com\/it\/"},{"@type":"ListItem","position":2,"name":"Negozio","item":"https:\/\/nitorlack.com\/it\/negozio\/"},{"@type":"ListItem","position":3,"name":"LACQUER GOLDEN AGE"}]},{"@type":"WebSite","@id":"https:\/\/nitorlack.com\/it\/#website","url":"https:\/\/nitorlack.com\/it\/","name":"Nitorlack","description":"Guitar Lacquers","publisher":{"@id":"https:\/\/nitorlack.com\/it\/#organization"},"potentialAction":[{"@type":"SearchAction","target":{"@type":"EntryPoint","urlTemplate":"https:\/\/nitorlack.com\/it\/?s={search_term_string}"},"query-input":{"@type":"PropertyValueSpecification","valueRequired":true,"valueName":"search_term_string"}}],"inLanguage":"it-IT"},{"@type":"Organization","@id":"https:\/\/nitorlack.com\/it\/#organization","name":"Nitorlack","url":"https:\/\/nitorlack.com\/it\/","logo":{"@type":"ImageObject","inLanguage":"it-IT","@id":"https:\/\/nitorlack.com\/it\/#\/schema\/logo\/image\/","url":"http:\/\/nitorlack.com\/wp-content\/uploads\/2016\/02\/cropped-galleta-negra-1.jpg","contentUrl":"http:\/\/nitorlack.com\/wp-content\/uploads\/2016\/02\/cropped-galleta-negra-1.jpg","width":512,"height":512,"caption":"Nitorlack"},"image":{"@id":"https:\/\/nitorlack.com\/it\/#\/schema\/logo\/image\/"}}]}},"_links":{"self":[{"href":"https:\/\/nitorlack.com\/it\/wp-json\/wp\/v2\/product\/64460","targetHints":{"allow":["GET"]}}],"collection":[{"href":"https:\/\/nitorlack.com\/it\/wp-json\/wp\/v2\/product"}],"about":[{"href":"https:\/\/nitorlack.com\/it\/wp-json\/wp\/v2\/types\/product"}],"replies":[{"embeddable":true,"href":"https:\/\/nitorlack.com\/it\/wp-json\/wp\/v2\/comments?post=64460"}],"wp:featuredmedia":[{"embeddable":true,"href":"https:\/\/nitorlack.com\/it\/wp-json\/wp\/v2\/media\/64440"}],"wp:attachment":[{"href":"https:\/\/nitorlack.com\/it\/wp-json\/wp\/v2\/media?parent=64460"}],"wp:term":[{"taxonomy":"product_brand","embeddable":true,"href":"https:\/\/nitorlack.com\/it\/wp-json\/wp\/v2\/product_brand?post=64460"},{"taxonomy":"product_cat","embeddable":true,"href":"https:\/\/nitorlack.com\/it\/wp-json\/wp\/v2\/product_cat?post=64460"},{"taxonomy":"product_tag","embeddable":true,"href":"https:\/\/nitorlack.com\/it\/wp-json\/wp\/v2\/product_tag?post=64460"}],"curies":[{"name":"wp","href":"https:\/\/api.w.org\/{rel}","templated":true}]}}