{"id":60057,"date":"2022-07-11T10:33:29","date_gmt":"2022-07-11T08:33:29","guid":{"rendered":"https:\/\/nitorlack.com\/?post_type=product&#038;p=60057"},"modified":"2026-03-16T17:10:05","modified_gmt":"2026-03-16T15:10:05","slug":"vernice-conduttiva","status":"publish","type":"product","link":"https:\/\/nitorlack.com\/it\/barniz\/accesori\/vernice-conduttiva\/vernice-conduttiva\/","title":{"rendered":"VERNICE CONDUTTIVA"},"content":{"rendered":"<div class=\"wpb-content-wrapper\"><p>[vc_row][vc_column][vc_column_text]<\/p>\n<h1 style=\"text-align: center;\">Vernice conduttiva per chitarra<\/h1>\n<p>[\/vc_column_text][\/vc_column][\/vc_row][vc_row][vc_column][vc_video link=&#8221;https:\/\/youtu.be\/SCDxFz4qShE?si=4c4Bli9NIxfAHoRR&#8221; el_width=&#8221;70&#8243; align=&#8221;center&#8221; css=&#8221;&#8221;][\/vc_column][\/vc_row][vc_row][vc_column][vc_column_text]<\/p>\n<h3>Tutorial per l&#8217;applicazione:<\/h3>\n<p>1- Smontare tutti gli elementi elettronici della parte elettronica della chitarra, in questo modo sar\u00e0 pi\u00f9 facile applicare la vernice. Se la chitarra \u00e8 dotata di battipenna, \u00e8 possibile applicare la vernice solo svitando il battipenna e facendo attenzione a non macchiare i fili, come ad esempio in una telecaster o stratocaster. Anche se consigliamo di smontare tutto per facilitare l&#8217;operazione.<\/p>\n<p>2 &#8211; Pulire la superficie da qualsiasi sporcizia che potrebbe causare la mancata tenuta della vernice, come polvere, grasso, ecc.<\/p>\n<p>Applicare la vernice conduttiva nitorlack con un pennellino, con pennellate sottili e facendo attenzione a lasciare la superficie perfettamente coperta. Lasciare asciugare la vernice per 2 o 3 ore.<\/p>\n<p>4- Applicare una seconda mano di vernice per garantire una buona conduttivit\u00e0 e che l&#8217;intera area sia perfettamente verniciata.<\/p>\n<p>5- Dobbiamo dipingere l&#8217;area della cavit\u00e0 dell&#8217;elettronica e il coperchio o il battipenna della chitarra in modo che, quando \u00e8 chiusa, si crei un buon contatto tra le parti e una buona conduttivit\u00e0.<\/p>\n<p>6- Collegare un cavo con una vite a qualsiasi area della cavit\u00e0 dipinta con vernice conduttiva; questo cavo deve essere collegato a terra per il corretto funzionamento. La massa pu\u00f2 essere qualsiasi area dei potenziometri o direttamente la massa del jack di uscita.<\/p>\n<p>7- Reinstallare tutte le elettroniche e chiudere la cavit\u00e0 della chitarra. Se tutto \u00e8 stato fatto bene, ci sar\u00e0 un miglioramento molto importante delle interferenze e dei rumori esterni sulla nostra chitarra.[\/vc_column_text][\/vc_column][\/vc_row][vc_row][vc_column][vc_column_text][\/vc_column_text][\/vc_column][\/vc_row]<\/p>\n<\/div>","protected":false},"excerpt":{"rendered":"<p>La vernice conduttiva Nitorlack ha lo scopo principale di <strong>ridurre le interferenze degli agenti esterni nella chitarra, grazie alla protezione isolante<\/strong> che possiede:<\/p>\n<ul>\n<li>Riduce il rumore e le interferenze all&#8217;interno della chitarra.<\/li>\n<li>Protegge le cavit\u00e0 interne della chitarra<\/li>\n<li>Facile da applicare e da usare<\/li>\n<li>Prodotto a base d&#8217;acqua, certificato come rispettoso dell&#8217;ambiente e della salute umana.<\/li>\n<li>Con un solo flacone \u00e8 possibile schermare da 5 a 10 chitarre.<\/li>\n<\/ul>\n","protected":false},"featured_media":60150,"comment_status":"open","ping_status":"closed","template":"","meta":{"om_disable_all_campaigns":false,"site-sidebar-layout":"no-sidebar","site-content-layout":"plain-container","ast-site-content-layout":"normal-width-container","site-content-style":"unboxed","site-sidebar-style":"unboxed","ast-global-header-display":"","ast-banner-title-visibility":"","ast-main-header-display":"","ast-hfb-above-header-display":"","ast-hfb-below-header-display":"","ast-hfb-mobile-header-display":"","site-post-title":"disabled","ast-breadcrumbs-content":"","ast-featured-img":"disabled","footer-sml-layout":"","ast-disable-related-posts":"","theme-transparent-header-meta":"default","adv-header-id-meta":"","stick-header-meta":"default","header-above-stick-meta":"","header-main-stick-meta":"","header-below-stick-meta":"","astra-migrate-meta-layouts":"set","ast-page-background-enabled":"default","ast-page-background-meta":{"desktop":{"background-color":"var(--ast-global-color-4)","background-image":"","background-repeat":"repeat","background-position":"center center","background-size":"auto","background-attachment":"scroll","background-type":"","background-media":"","overlay-type":"","overlay-color":"","overlay-opacity":"","overlay-gradient":""},"tablet":{"background-color":"","background-image":"","background-repeat":"repeat","background-position":"center center","background-size":"auto","background-attachment":"scroll","background-type":"","background-media":"","overlay-type":"","overlay-color":"","overlay-opacity":"","overlay-gradient":""},"mobile":{"background-color":"","background-image":"","background-repeat":"repeat","background-position":"center center","background-size":"auto","background-attachment":"scroll","background-type":"","background-media":"","overlay-type":"","overlay-color":"","overlay-opacity":"","overlay-gradient":""}},"ast-content-background-meta":{"desktop":{"background-color":"var(--ast-global-color-5)","background-image":"","background-repeat":"repeat","background-position":"center center","background-size":"auto","background-attachment":"scroll","background-type":"","background-media":"","overlay-type":"","overlay-color":"","overlay-opacity":"","overlay-gradient":""},"tablet":{"background-color":"var(--ast-global-color-5)","background-image":"","background-repeat":"repeat","background-position":"center center","background-size":"auto","background-attachment":"scroll","background-type":"","background-media":"","overlay-type":"","overlay-color":"","overlay-opacity":"","overlay-gradient":""},"mobile":{"background-color":"var(--ast-global-color-5)","background-image":"","background-repeat":"repeat","background-position":"center center","background-size":"auto","background-attachment":"scroll","background-type":"","background-media":"","overlay-type":"","overlay-color":"","overlay-opacity":"","overlay-gradient":""}}},"product_brand":[],"product_cat":[7826],"product_tag":[],"class_list":{"0":"post-60057","1":"product","2":"type-product","3":"status-publish","4":"has-post-thumbnail","6":"product_cat-vernice-conduttiva","7":"desktop-align-center","8":"tablet-align-center","9":"mobile-align-center","10":"ast-product-gallery-layout-horizontal-slider","11":"ast-product-tabs-layout-horizontal","13":"first","14":"instock","15":"taxable","16":"shipping-taxable","17":"purchasable","18":"product-type-simple"},"bundled_by":[],"bundle_stock_status":"instock","bundle_stock_quantity":3865,"bundle_virtual":false,"bundle_layout":"","bundle_add_to_cart_form_location":"","bundle_editable_in_cart":false,"bundle_sold_individually_context":"","bundle_item_grouping":"","bundle_min_size":"","bundle_max_size":"","bundle_price":[],"bundled_items":[],"bundle_sell_ids":[2915],"yoast_head":"<!-- This site is optimized with the Yoast SEO plugin v27.3 - https:\/\/yoast.com\/product\/yoast-seo-wordpress\/ -->\n<title>VERNICE CONDUTTIVA | Nitorlack<\/title>\n<meta name=\"description\" content=\"Vernice conduttiva per STACCARE la chitarra, ottenere un miglioramento del suono con questo prodotto conduttivo, progettato esclusivamente per le chitarre.\" \/>\n<meta name=\"robots\" content=\"index, follow, max-snippet:-1, max-image-preview:large, max-video-preview:-1\" \/>\n<link rel=\"canonical\" href=\"https:\/\/nitorlack.com\/it\/barniz\/accesori\/vernice-conduttiva\/vernice-conduttiva\/\" \/>\n<meta property=\"og:locale\" content=\"it_IT\" \/>\n<meta property=\"og:type\" content=\"article\" \/>\n<meta property=\"og:title\" content=\"VERNICE CONDUTTIVA | Nitorlack\" \/>\n<meta property=\"og:description\" content=\"Vernice conduttiva per STACCARE la chitarra, ottenere un miglioramento del suono con questo prodotto conduttivo, progettato esclusivamente per le chitarre.\" \/>\n<meta property=\"og:url\" content=\"https:\/\/nitorlack.com\/it\/barniz\/accesori\/vernice-conduttiva\/vernice-conduttiva\/\" \/>\n<meta property=\"og:site_name\" content=\"Nitorlack\" \/>\n<meta property=\"article:modified_time\" content=\"2026-03-16T15:10:05+00:00\" \/>\n<meta property=\"og:image\" content=\"https:\/\/nitorlack.com\/wp-content\/uploads\/2022\/07\/IMG_9383-FONDOBLANCO.jpg\" \/>\n\t<meta property=\"og:image:width\" content=\"1000\" \/>\n\t<meta property=\"og:image:height\" content=\"1000\" \/>\n\t<meta property=\"og:image:type\" content=\"image\/jpeg\" \/>\n<meta name=\"twitter:card\" content=\"summary_large_image\" \/>\n<meta name=\"twitter:label1\" content=\"Tempo di lettura stimato\" \/>\n\t<meta name=\"twitter:data1\" content=\"2 minuti\" \/>\n<script type=\"application\/ld+json\" class=\"yoast-schema-graph\">{\"@context\":\"https:\\\/\\\/schema.org\",\"@graph\":[{\"@type\":\"WebPage\",\"@id\":\"https:\\\/\\\/nitorlack.com\\\/it\\\/barniz\\\/accesori\\\/vernice-conduttiva\\\/vernice-conduttiva\\\/\",\"url\":\"https:\\\/\\\/nitorlack.com\\\/it\\\/barniz\\\/accesori\\\/vernice-conduttiva\\\/vernice-conduttiva\\\/\",\"name\":\"VERNICE CONDUTTIVA | Nitorlack\",\"isPartOf\":{\"@id\":\"https:\\\/\\\/nitorlack.com\\\/it\\\/#website\"},\"primaryImageOfPage\":{\"@id\":\"https:\\\/\\\/nitorlack.com\\\/it\\\/barniz\\\/accesori\\\/vernice-conduttiva\\\/vernice-conduttiva\\\/#primaryimage\"},\"image\":{\"@id\":\"https:\\\/\\\/nitorlack.com\\\/it\\\/barniz\\\/accesori\\\/vernice-conduttiva\\\/vernice-conduttiva\\\/#primaryimage\"},\"thumbnailUrl\":\"https:\\\/\\\/nitorlack.com\\\/wp-content\\\/uploads\\\/2022\\\/07\\\/IMG_9383-FONDOBLANCO.jpg\",\"datePublished\":\"2022-07-11T08:33:29+00:00\",\"dateModified\":\"2026-03-16T15:10:05+00:00\",\"description\":\"Vernice conduttiva per STACCARE la chitarra, ottenere un miglioramento del suono con questo prodotto conduttivo, progettato esclusivamente per le chitarre.\",\"breadcrumb\":{\"@id\":\"https:\\\/\\\/nitorlack.com\\\/it\\\/barniz\\\/accesori\\\/vernice-conduttiva\\\/vernice-conduttiva\\\/#breadcrumb\"},\"inLanguage\":\"it-IT\",\"potentialAction\":[{\"@type\":\"ReadAction\",\"target\":[\"https:\\\/\\\/nitorlack.com\\\/it\\\/barniz\\\/accesori\\\/vernice-conduttiva\\\/vernice-conduttiva\\\/\"]}]},{\"@type\":\"ImageObject\",\"inLanguage\":\"it-IT\",\"@id\":\"https:\\\/\\\/nitorlack.com\\\/it\\\/barniz\\\/accesori\\\/vernice-conduttiva\\\/vernice-conduttiva\\\/#primaryimage\",\"url\":\"https:\\\/\\\/nitorlack.com\\\/wp-content\\\/uploads\\\/2022\\\/07\\\/IMG_9383-FONDOBLANCO.jpg\",\"contentUrl\":\"https:\\\/\\\/nitorlack.com\\\/wp-content\\\/uploads\\\/2022\\\/07\\\/IMG_9383-FONDOBLANCO.jpg\",\"width\":1000,\"height\":1000,\"caption\":\"VERNICE CONDUTTIVA\"},{\"@type\":\"BreadcrumbList\",\"@id\":\"https:\\\/\\\/nitorlack.com\\\/it\\\/barniz\\\/accesori\\\/vernice-conduttiva\\\/vernice-conduttiva\\\/#breadcrumb\",\"itemListElement\":[{\"@type\":\"ListItem\",\"position\":1,\"name\":\"Copertina\",\"item\":\"https:\\\/\\\/nitorlack.com\\\/it\\\/\"},{\"@type\":\"ListItem\",\"position\":2,\"name\":\"Negozio\",\"item\":\"https:\\\/\\\/nitorlack.com\\\/it\\\/negozio\\\/\"},{\"@type\":\"ListItem\",\"position\":3,\"name\":\"VERNICE CONDUTTIVA\"}]},{\"@type\":\"WebSite\",\"@id\":\"https:\\\/\\\/nitorlack.com\\\/it\\\/#website\",\"url\":\"https:\\\/\\\/nitorlack.com\\\/it\\\/\",\"name\":\"Nitorlack\",\"description\":\"Guitar Lacquers\",\"publisher\":{\"@id\":\"https:\\\/\\\/nitorlack.com\\\/it\\\/#organization\"},\"potentialAction\":[{\"@type\":\"SearchAction\",\"target\":{\"@type\":\"EntryPoint\",\"urlTemplate\":\"https:\\\/\\\/nitorlack.com\\\/it\\\/?s={search_term_string}\"},\"query-input\":{\"@type\":\"PropertyValueSpecification\",\"valueRequired\":true,\"valueName\":\"search_term_string\"}}],\"inLanguage\":\"it-IT\"},{\"@type\":\"Organization\",\"@id\":\"https:\\\/\\\/nitorlack.com\\\/it\\\/#organization\",\"name\":\"Nitorlack\",\"url\":\"https:\\\/\\\/nitorlack.com\\\/it\\\/\",\"logo\":{\"@type\":\"ImageObject\",\"inLanguage\":\"it-IT\",\"@id\":\"https:\\\/\\\/nitorlack.com\\\/it\\\/#\\\/schema\\\/logo\\\/image\\\/\",\"url\":\"http:\\\/\\\/nitorlack.com\\\/wp-content\\\/uploads\\\/2016\\\/02\\\/cropped-galleta-negra-1.jpg\",\"contentUrl\":\"http:\\\/\\\/nitorlack.com\\\/wp-content\\\/uploads\\\/2016\\\/02\\\/cropped-galleta-negra-1.jpg\",\"width\":512,\"height\":512,\"caption\":\"Nitorlack\"},\"image\":{\"@id\":\"https:\\\/\\\/nitorlack.com\\\/it\\\/#\\\/schema\\\/logo\\\/image\\\/\"}}]}<\/script>\n<!-- \/ Yoast SEO plugin. -->","yoast_head_json":{"title":"VERNICE CONDUTTIVA | Nitorlack","description":"Vernice conduttiva per STACCARE la chitarra, ottenere un miglioramento del suono con questo prodotto conduttivo, progettato esclusivamente per le chitarre.","robots":{"index":"index","follow":"follow","max-snippet":"max-snippet:-1","max-image-preview":"max-image-preview:large","max-video-preview":"max-video-preview:-1"},"canonical":"https:\/\/nitorlack.com\/it\/barniz\/accesori\/vernice-conduttiva\/vernice-conduttiva\/","og_locale":"it_IT","og_type":"article","og_title":"VERNICE CONDUTTIVA | Nitorlack","og_description":"Vernice conduttiva per STACCARE la chitarra, ottenere un miglioramento del suono con questo prodotto conduttivo, progettato esclusivamente per le chitarre.","og_url":"https:\/\/nitorlack.com\/it\/barniz\/accesori\/vernice-conduttiva\/vernice-conduttiva\/","og_site_name":"Nitorlack","article_modified_time":"2026-03-16T15:10:05+00:00","og_image":[{"width":1000,"height":1000,"url":"https:\/\/nitorlack.com\/wp-content\/uploads\/2022\/07\/IMG_9383-FONDOBLANCO.jpg","type":"image\/jpeg"}],"twitter_card":"summary_large_image","twitter_misc":{"Tempo di lettura stimato":"2 minuti"},"schema":{"@context":"https:\/\/schema.org","@graph":[{"@type":"WebPage","@id":"https:\/\/nitorlack.com\/it\/barniz\/accesori\/vernice-conduttiva\/vernice-conduttiva\/","url":"https:\/\/nitorlack.com\/it\/barniz\/accesori\/vernice-conduttiva\/vernice-conduttiva\/","name":"VERNICE CONDUTTIVA | Nitorlack","isPartOf":{"@id":"https:\/\/nitorlack.com\/it\/#website"},"primaryImageOfPage":{"@id":"https:\/\/nitorlack.com\/it\/barniz\/accesori\/vernice-conduttiva\/vernice-conduttiva\/#primaryimage"},"image":{"@id":"https:\/\/nitorlack.com\/it\/barniz\/accesori\/vernice-conduttiva\/vernice-conduttiva\/#primaryimage"},"thumbnailUrl":"https:\/\/nitorlack.com\/wp-content\/uploads\/2022\/07\/IMG_9383-FONDOBLANCO.jpg","datePublished":"2022-07-11T08:33:29+00:00","dateModified":"2026-03-16T15:10:05+00:00","description":"Vernice conduttiva per STACCARE la chitarra, ottenere un miglioramento del suono con questo prodotto conduttivo, progettato esclusivamente per le chitarre.","breadcrumb":{"@id":"https:\/\/nitorlack.com\/it\/barniz\/accesori\/vernice-conduttiva\/vernice-conduttiva\/#breadcrumb"},"inLanguage":"it-IT","potentialAction":[{"@type":"ReadAction","target":["https:\/\/nitorlack.com\/it\/barniz\/accesori\/vernice-conduttiva\/vernice-conduttiva\/"]}]},{"@type":"ImageObject","inLanguage":"it-IT","@id":"https:\/\/nitorlack.com\/it\/barniz\/accesori\/vernice-conduttiva\/vernice-conduttiva\/#primaryimage","url":"https:\/\/nitorlack.com\/wp-content\/uploads\/2022\/07\/IMG_9383-FONDOBLANCO.jpg","contentUrl":"https:\/\/nitorlack.com\/wp-content\/uploads\/2022\/07\/IMG_9383-FONDOBLANCO.jpg","width":1000,"height":1000,"caption":"VERNICE CONDUTTIVA"},{"@type":"BreadcrumbList","@id":"https:\/\/nitorlack.com\/it\/barniz\/accesori\/vernice-conduttiva\/vernice-conduttiva\/#breadcrumb","itemListElement":[{"@type":"ListItem","position":1,"name":"Copertina","item":"https:\/\/nitorlack.com\/it\/"},{"@type":"ListItem","position":2,"name":"Negozio","item":"https:\/\/nitorlack.com\/it\/negozio\/"},{"@type":"ListItem","position":3,"name":"VERNICE CONDUTTIVA"}]},{"@type":"WebSite","@id":"https:\/\/nitorlack.com\/it\/#website","url":"https:\/\/nitorlack.com\/it\/","name":"Nitorlack","description":"Guitar Lacquers","publisher":{"@id":"https:\/\/nitorlack.com\/it\/#organization"},"potentialAction":[{"@type":"SearchAction","target":{"@type":"EntryPoint","urlTemplate":"https:\/\/nitorlack.com\/it\/?s={search_term_string}"},"query-input":{"@type":"PropertyValueSpecification","valueRequired":true,"valueName":"search_term_string"}}],"inLanguage":"it-IT"},{"@type":"Organization","@id":"https:\/\/nitorlack.com\/it\/#organization","name":"Nitorlack","url":"https:\/\/nitorlack.com\/it\/","logo":{"@type":"ImageObject","inLanguage":"it-IT","@id":"https:\/\/nitorlack.com\/it\/#\/schema\/logo\/image\/","url":"http:\/\/nitorlack.com\/wp-content\/uploads\/2016\/02\/cropped-galleta-negra-1.jpg","contentUrl":"http:\/\/nitorlack.com\/wp-content\/uploads\/2016\/02\/cropped-galleta-negra-1.jpg","width":512,"height":512,"caption":"Nitorlack"},"image":{"@id":"https:\/\/nitorlack.com\/it\/#\/schema\/logo\/image\/"}}]}},"_links":{"self":[{"href":"https:\/\/nitorlack.com\/it\/wp-json\/wp\/v2\/product\/60057","targetHints":{"allow":["GET"]}}],"collection":[{"href":"https:\/\/nitorlack.com\/it\/wp-json\/wp\/v2\/product"}],"about":[{"href":"https:\/\/nitorlack.com\/it\/wp-json\/wp\/v2\/types\/product"}],"replies":[{"embeddable":true,"href":"https:\/\/nitorlack.com\/it\/wp-json\/wp\/v2\/comments?post=60057"}],"wp:featuredmedia":[{"embeddable":true,"href":"https:\/\/nitorlack.com\/it\/wp-json\/wp\/v2\/media\/60150"}],"wp:attachment":[{"href":"https:\/\/nitorlack.com\/it\/wp-json\/wp\/v2\/media?parent=60057"}],"wp:term":[{"taxonomy":"product_brand","embeddable":true,"href":"https:\/\/nitorlack.com\/it\/wp-json\/wp\/v2\/product_brand?post=60057"},{"taxonomy":"product_cat","embeddable":true,"href":"https:\/\/nitorlack.com\/it\/wp-json\/wp\/v2\/product_cat?post=60057"},{"taxonomy":"product_tag","embeddable":true,"href":"https:\/\/nitorlack.com\/it\/wp-json\/wp\/v2\/product_tag?post=60057"}],"curies":[{"name":"wp","href":"https:\/\/api.w.org\/{rel}","templated":true}]}}