{"id":57182,"date":"2022-01-20T16:32:57","date_gmt":"2022-01-20T14:32:57","guid":{"rendered":"https:\/\/nitorlack.com\/barniz\/senza-categoria\/nitoraqua-stain-blue-jean\/"},"modified":"2026-04-05T21:40:16","modified_gmt":"2026-04-05T19:40:16","slug":"nitoraqua-stain-blue-jean","status":"publish","type":"product","link":"https:\/\/nitorlack.com\/it\/barniz\/easy-paint-it\/coloranti-a-base-dacqua\/nitoraqua-stain-blue-jean\/","title":{"rendered":"STAIN Blue Jean"},"content":{"rendered":"<div class=\"wpb-content-wrapper\"><p>[vc_row][vc_column][vc_column_text]<br \/>\nCon i <strong>NitorAqua Stains<\/strong> si possono ottenere i <strong>colori delle TOP marche di chitarre<\/strong> e dare quell&#8217;effetto 3D nei legni fiammati e trapuntati, evidenziando in essi la trasparenza e la resistenza alla luce che si ottiene.<\/p>\n<p><strong>Puoi mischiarli insieme e ottenere effetti Burst e doppie tinte.<\/strong> L&#8217;unico limite \u00e8 la vostra immaginazione con queste macchie.<\/p>\n<p>Nel video che segue c&#8217;\u00e8 una breve guida su come applicare la tintura e sotto un manuale scritto con consigli per l&#8217;applicazione.<br \/>\n[\/vc_column_text][vc_video link=&#8221;https:\/\/www.youtube.com\/watch?v=YGVCuKhSj60&amp;t=22s&#8221; el_width=&#8221;70&#8243; align=&#8221;center&#8221;][\/vc_column][\/vc_row][vc_row][vc_column][vc_column_text css=&#8221;&#8221;]<br \/>\nPrima di tutto ti consigliamo di avere <strong>ben chiaro il disegno della macchia<\/strong> che vuoi realizzare e una volta scelto il colore, <strong>usa un legno campione<\/strong> il pi\u00f9 simile possibile a quello della chitarra per poter fare una prova.<\/p>\n<p>Utilizzare una piccola spugna o un manichino di pezza per applicare il mordente e fare le prove necessarie prima di applicarlo definitivamente alla chitarra. Soprattutto, controlla se l&#8217;intensit\u00e0 del colore direttamente dal barattolo \u00e8 quella che ti serve e se ottieni il colore desiderato con gli strati che applichi. Si <strong>pu\u00f2 sempre diluire con acqua<\/strong> per ottenere il colore finale con pi\u00f9 mani.<\/p>\n<p>Una volta che sei sicuro del colore e del disegno che vuoi ottenere, \u00e8 il momento di applicarlo alla chitarra.<\/p>\n<h2>Come applicare il mordente al legno della tua chitarra:<\/h2>\n<ul>\n<li>Preparare la chitarra con <strong>carta vetrata P240<\/strong> fino a che la superficie sia liscia.<\/li>\n<li><strong>Inumidire la superficie della chitarra<\/strong> con dell&#8217;acqua e lasciarla asciugare per rimuovere il peeling.<\/li>\n<li>Carteggiare con carta vetrata P400 per rimuovere la vernice e <strong>lasciare la chitarra pronta per l&#8217;applicazione.<\/strong><\/li>\n<li>Copriamo con del nastro adesivo le superfici che non vogliamo macchiare.<\/li>\n<li>MOLTO IMPORTANTE. <strong>Agitare bene il barattolo<\/strong> prima di caricare la spugna o il panno di spugna.<\/li>\n<li><strong>Metti 4 o 5 gocce di colorante<\/strong> su un piccolo pezzo di spugna e applicalo direttamente sulla chitarra. Stendere bene facendo dei movimenti longitudinali su tutta la chitarra fino a che la tintura sia perfettamente distribuita.<\/li>\n<li><strong>Lavorare in sezioni<\/strong>, per esempio iniziare dal lato pi\u00f9 basso e lavorare verso l&#8217;alto. Applicare dal centro della sezione verso l&#8217;esterno per evitare di rovesciare i lati.<\/li>\n<li>Se vogliamo una <strong>maggiore intensit\u00e0 di colore<\/strong>, possiamo applicare un&#8217;altra mano di mordente, carteggiando leggermente con P400 prima.<\/li>\n<\/ul>\n<h3 style=\"font-weight: 400;\">Opzionale:<\/h3>\n<p>&#8211; <strong>Applicare una seconda mano<\/strong> per intensificare il colore.<\/p>\n<p>&#8211; Per una doppia macchia, lasciare asciugare la prima mano per almeno 30 minuti, carteggiare fino a quando la macchia \u00e8 nei grani pi\u00f9 aperti o fino a quando si desidera. Applicare una seconda mano di mordente.<\/p>\n<p>&#8211; Per una doppia tintura bicolore, normalmente il colore pi\u00f9 scuro viene applicato per primo.<\/p>\n<p>&#8211; Per un effetto burst si applica prima <strong>il colore pi\u00f9 chiaro.<\/strong><\/p>\n<h2 style=\"font-weight: 400;\">Come applicare la finitura:<\/h2>\n<p>Per fare la finitura, puoi usare uno qualsiasi dei processi che mostriamo nei tutorial, dalla nitrocellulosa, al poliuretano o alla finitura ad acqua, in tutti vedrai il processo completo fatto da un professionista.<\/p>\n<p>Consigliamo un processo di PRIMER e poi LACQUER, anche se se il legno non \u00e8 molto poroso si pu\u00f2 usare direttamente la finitura (per esempio sull&#8217;acero).<br \/>\n[\/vc_column_text][\/vc_column][\/vc_row]<\/p>\n<\/div>","protected":false},"excerpt":{"rendered":"<p>I mordenti all&#8217;acqua NitorAqua Stain sono<strong> molto facili da applicare a mano<\/strong>, con una piccola spugna o una spatola.<\/p>\n<p>Sono mordenti a base d&#8217;acqua che fanno risaltare il colore tra le parti dure e morbide del legno della chitarra, oltre a evidenziare il poro in legni come il frassino.<\/p>\n<p>Evidenziano i legni ad effetto fiammato e trapuntato per ottenere effetti 3D.<\/p>\n<p>Una volta applicata, la chitarra pu\u00f2 essere rifinita con qualsiasi prodotto Nitorlack, a base di acqua, nitrocellulosa o poliuretano<\/p>\n","protected":false},"featured_media":57719,"comment_status":"open","ping_status":"closed","template":"","meta":{"om_disable_all_campaigns":false,"site-sidebar-layout":"no-sidebar","site-content-layout":"plain-container","ast-site-content-layout":"normal-width-container","site-content-style":"unboxed","site-sidebar-style":"unboxed","ast-global-header-display":"","ast-banner-title-visibility":"","ast-main-header-display":"","ast-hfb-above-header-display":"","ast-hfb-below-header-display":"","ast-hfb-mobile-header-display":"","site-post-title":"disabled","ast-breadcrumbs-content":"","ast-featured-img":"disabled","footer-sml-layout":"","ast-disable-related-posts":"","theme-transparent-header-meta":"default","adv-header-id-meta":"","stick-header-meta":"default","header-above-stick-meta":"","header-main-stick-meta":"","header-below-stick-meta":"","astra-migrate-meta-layouts":"set","ast-page-background-enabled":"default","ast-page-background-meta":{"desktop":{"background-color":"var(--ast-global-color-4)","background-image":"","background-repeat":"repeat","background-position":"center center","background-size":"auto","background-attachment":"scroll","background-type":"","background-media":"","overlay-type":"","overlay-color":"","overlay-opacity":"","overlay-gradient":""},"tablet":{"background-color":"","background-image":"","background-repeat":"repeat","background-position":"center center","background-size":"auto","background-attachment":"scroll","background-type":"","background-media":"","overlay-type":"","overlay-color":"","overlay-opacity":"","overlay-gradient":""},"mobile":{"background-color":"","background-image":"","background-repeat":"repeat","background-position":"center center","background-size":"auto","background-attachment":"scroll","background-type":"","background-media":"","overlay-type":"","overlay-color":"","overlay-opacity":"","overlay-gradient":""}},"ast-content-background-meta":{"desktop":{"background-color":"var(--ast-global-color-5)","background-image":"","background-repeat":"repeat","background-position":"center center","background-size":"auto","background-attachment":"scroll","background-type":"","background-media":"","overlay-type":"","overlay-color":"","overlay-opacity":"","overlay-gradient":""},"tablet":{"background-color":"var(--ast-global-color-5)","background-image":"","background-repeat":"repeat","background-position":"center center","background-size":"auto","background-attachment":"scroll","background-type":"","background-media":"","overlay-type":"","overlay-color":"","overlay-opacity":"","overlay-gradient":""},"mobile":{"background-color":"var(--ast-global-color-5)","background-image":"","background-repeat":"repeat","background-position":"center center","background-size":"auto","background-attachment":"scroll","background-type":"","background-media":"","overlay-type":"","overlay-color":"","overlay-opacity":"","overlay-gradient":""}}},"product_brand":[],"product_cat":[7748,7747],"product_tag":[],"class_list":{"0":"post-57182","1":"product","2":"type-product","3":"status-publish","4":"has-post-thumbnail","6":"product_cat-coloranti-a-base-dacqua","7":"product_cat-easy-paint-it","8":"desktop-align-center","9":"tablet-align-center","10":"mobile-align-center","11":"ast-product-gallery-layout-horizontal-slider","12":"ast-product-tabs-layout-horizontal","14":"first","15":"instock","16":"taxable","17":"shipping-taxable","18":"purchasable","19":"product-type-simple"},"bundled_by":[],"bundle_stock_status":"instock","bundle_stock_quantity":4831,"bundle_virtual":false,"bundle_layout":"","bundle_add_to_cart_form_location":"","bundle_editable_in_cart":false,"bundle_sold_individually_context":"","bundle_item_grouping":"","bundle_min_size":"","bundle_max_size":"","bundle_price":[],"bundled_items":[],"bundle_sell_ids":[],"yoast_head":"<!-- This site is optimized with the Yoast SEO plugin v27.3 - https:\/\/yoast.com\/product\/yoast-seo-wordpress\/ -->\n<title>STAIN Blue Jean | Nitorlack<\/title>\n<meta name=\"description\" content=\"Mordente BLUE JEAN a base d&#039;acqua: esalta la bellezza del legno della chitarra evidenziando le venature e i pori. Facile applicazione manuale con spugna. Compatibile con le finiture Nitorlack.\" \/>\n<meta name=\"robots\" content=\"index, follow, max-snippet:-1, max-image-preview:large, max-video-preview:-1\" \/>\n<link rel=\"canonical\" href=\"https:\/\/nitorlack.com\/it\/barniz\/easy-paint-it\/coloranti-a-base-dacqua\/nitoraqua-stain-blue-jean\/\" \/>\n<meta property=\"og:locale\" content=\"it_IT\" \/>\n<meta property=\"og:type\" content=\"article\" \/>\n<meta property=\"og:title\" content=\"STAIN Blue Jean | Nitorlack\" \/>\n<meta property=\"og:description\" content=\"Mordente BLUE JEAN a base d&#039;acqua: esalta la bellezza del legno della chitarra evidenziando le venature e i pori. Facile applicazione manuale con spugna. Compatibile con le finiture Nitorlack.\" \/>\n<meta property=\"og:url\" content=\"https:\/\/nitorlack.com\/it\/barniz\/easy-paint-it\/coloranti-a-base-dacqua\/nitoraqua-stain-blue-jean\/\" \/>\n<meta property=\"og:site_name\" content=\"Nitorlack\" \/>\n<meta property=\"article:modified_time\" content=\"2026-04-05T19:40:16+00:00\" \/>\n<meta property=\"og:image\" content=\"https:\/\/nitorlack.com\/wp-content\/uploads\/2022\/04\/AZ4-DSC00187-bajaLOGO.jpg\" \/>\n\t<meta property=\"og:image:width\" content=\"672\" \/>\n\t<meta property=\"og:image:height\" content=\"672\" \/>\n\t<meta property=\"og:image:type\" content=\"image\/jpeg\" \/>\n<meta name=\"twitter:card\" content=\"summary_large_image\" \/>\n<meta name=\"twitter:label1\" content=\"Tempo di lettura stimato\" \/>\n\t<meta name=\"twitter:data1\" content=\"3 minuti\" \/>\n<script type=\"application\/ld+json\" class=\"yoast-schema-graph\">{\"@context\":\"https:\\\/\\\/schema.org\",\"@graph\":[{\"@type\":\"WebPage\",\"@id\":\"https:\\\/\\\/nitorlack.com\\\/it\\\/barniz\\\/easy-paint-it\\\/coloranti-a-base-dacqua\\\/nitoraqua-stain-blue-jean\\\/\",\"url\":\"https:\\\/\\\/nitorlack.com\\\/it\\\/barniz\\\/easy-paint-it\\\/coloranti-a-base-dacqua\\\/nitoraqua-stain-blue-jean\\\/\",\"name\":\"STAIN Blue Jean | Nitorlack\",\"isPartOf\":{\"@id\":\"https:\\\/\\\/nitorlack.com\\\/it\\\/#website\"},\"primaryImageOfPage\":{\"@id\":\"https:\\\/\\\/nitorlack.com\\\/it\\\/barniz\\\/easy-paint-it\\\/coloranti-a-base-dacqua\\\/nitoraqua-stain-blue-jean\\\/#primaryimage\"},\"image\":{\"@id\":\"https:\\\/\\\/nitorlack.com\\\/it\\\/barniz\\\/easy-paint-it\\\/coloranti-a-base-dacqua\\\/nitoraqua-stain-blue-jean\\\/#primaryimage\"},\"thumbnailUrl\":\"https:\\\/\\\/nitorlack.com\\\/wp-content\\\/uploads\\\/2022\\\/04\\\/AZ4-DSC00187-bajaLOGO.jpg\",\"datePublished\":\"2022-01-20T14:32:57+00:00\",\"dateModified\":\"2026-04-05T19:40:16+00:00\",\"description\":\"Mordente BLUE JEAN a base d'acqua: esalta la bellezza del legno della chitarra evidenziando le venature e i pori. Facile applicazione manuale con spugna. Compatibile con le finiture Nitorlack.\",\"breadcrumb\":{\"@id\":\"https:\\\/\\\/nitorlack.com\\\/it\\\/barniz\\\/easy-paint-it\\\/coloranti-a-base-dacqua\\\/nitoraqua-stain-blue-jean\\\/#breadcrumb\"},\"inLanguage\":\"it-IT\",\"potentialAction\":[{\"@type\":\"ReadAction\",\"target\":[\"https:\\\/\\\/nitorlack.com\\\/it\\\/barniz\\\/easy-paint-it\\\/coloranti-a-base-dacqua\\\/nitoraqua-stain-blue-jean\\\/\"]}]},{\"@type\":\"ImageObject\",\"inLanguage\":\"it-IT\",\"@id\":\"https:\\\/\\\/nitorlack.com\\\/it\\\/barniz\\\/easy-paint-it\\\/coloranti-a-base-dacqua\\\/nitoraqua-stain-blue-jean\\\/#primaryimage\",\"url\":\"https:\\\/\\\/nitorlack.com\\\/wp-content\\\/uploads\\\/2022\\\/04\\\/AZ4-DSC00187-bajaLOGO.jpg\",\"contentUrl\":\"https:\\\/\\\/nitorlack.com\\\/wp-content\\\/uploads\\\/2022\\\/04\\\/AZ4-DSC00187-bajaLOGO.jpg\",\"width\":672,\"height\":672,\"caption\":\"TINTURA blue\"},{\"@type\":\"BreadcrumbList\",\"@id\":\"https:\\\/\\\/nitorlack.com\\\/it\\\/barniz\\\/easy-paint-it\\\/coloranti-a-base-dacqua\\\/nitoraqua-stain-blue-jean\\\/#breadcrumb\",\"itemListElement\":[{\"@type\":\"ListItem\",\"position\":1,\"name\":\"Copertina\",\"item\":\"https:\\\/\\\/nitorlack.com\\\/it\\\/\"},{\"@type\":\"ListItem\",\"position\":2,\"name\":\"Negozio\",\"item\":\"https:\\\/\\\/nitorlack.com\\\/it\\\/negozio\\\/\"},{\"@type\":\"ListItem\",\"position\":3,\"name\":\"STAIN Blue Jean\"}]},{\"@type\":\"WebSite\",\"@id\":\"https:\\\/\\\/nitorlack.com\\\/it\\\/#website\",\"url\":\"https:\\\/\\\/nitorlack.com\\\/it\\\/\",\"name\":\"Nitorlack\",\"description\":\"Guitar Lacquers\",\"publisher\":{\"@id\":\"https:\\\/\\\/nitorlack.com\\\/it\\\/#organization\"},\"potentialAction\":[{\"@type\":\"SearchAction\",\"target\":{\"@type\":\"EntryPoint\",\"urlTemplate\":\"https:\\\/\\\/nitorlack.com\\\/it\\\/?s={search_term_string}\"},\"query-input\":{\"@type\":\"PropertyValueSpecification\",\"valueRequired\":true,\"valueName\":\"search_term_string\"}}],\"inLanguage\":\"it-IT\"},{\"@type\":\"Organization\",\"@id\":\"https:\\\/\\\/nitorlack.com\\\/it\\\/#organization\",\"name\":\"Nitorlack\",\"url\":\"https:\\\/\\\/nitorlack.com\\\/it\\\/\",\"logo\":{\"@type\":\"ImageObject\",\"inLanguage\":\"it-IT\",\"@id\":\"https:\\\/\\\/nitorlack.com\\\/it\\\/#\\\/schema\\\/logo\\\/image\\\/\",\"url\":\"http:\\\/\\\/nitorlack.com\\\/wp-content\\\/uploads\\\/2016\\\/02\\\/cropped-galleta-negra-1.jpg\",\"contentUrl\":\"http:\\\/\\\/nitorlack.com\\\/wp-content\\\/uploads\\\/2016\\\/02\\\/cropped-galleta-negra-1.jpg\",\"width\":512,\"height\":512,\"caption\":\"Nitorlack\"},\"image\":{\"@id\":\"https:\\\/\\\/nitorlack.com\\\/it\\\/#\\\/schema\\\/logo\\\/image\\\/\"}}]}<\/script>\n<!-- \/ Yoast SEO plugin. -->","yoast_head_json":{"title":"STAIN Blue Jean | Nitorlack","description":"Mordente BLUE JEAN a base d'acqua: esalta la bellezza del legno della chitarra evidenziando le venature e i pori. Facile applicazione manuale con spugna. Compatibile con le finiture Nitorlack.","robots":{"index":"index","follow":"follow","max-snippet":"max-snippet:-1","max-image-preview":"max-image-preview:large","max-video-preview":"max-video-preview:-1"},"canonical":"https:\/\/nitorlack.com\/it\/barniz\/easy-paint-it\/coloranti-a-base-dacqua\/nitoraqua-stain-blue-jean\/","og_locale":"it_IT","og_type":"article","og_title":"STAIN Blue Jean | Nitorlack","og_description":"Mordente BLUE JEAN a base d'acqua: esalta la bellezza del legno della chitarra evidenziando le venature e i pori. Facile applicazione manuale con spugna. Compatibile con le finiture Nitorlack.","og_url":"https:\/\/nitorlack.com\/it\/barniz\/easy-paint-it\/coloranti-a-base-dacqua\/nitoraqua-stain-blue-jean\/","og_site_name":"Nitorlack","article_modified_time":"2026-04-05T19:40:16+00:00","og_image":[{"width":672,"height":672,"url":"https:\/\/nitorlack.com\/wp-content\/uploads\/2022\/04\/AZ4-DSC00187-bajaLOGO.jpg","type":"image\/jpeg"}],"twitter_card":"summary_large_image","twitter_misc":{"Tempo di lettura stimato":"3 minuti"},"schema":{"@context":"https:\/\/schema.org","@graph":[{"@type":"WebPage","@id":"https:\/\/nitorlack.com\/it\/barniz\/easy-paint-it\/coloranti-a-base-dacqua\/nitoraqua-stain-blue-jean\/","url":"https:\/\/nitorlack.com\/it\/barniz\/easy-paint-it\/coloranti-a-base-dacqua\/nitoraqua-stain-blue-jean\/","name":"STAIN Blue Jean | Nitorlack","isPartOf":{"@id":"https:\/\/nitorlack.com\/it\/#website"},"primaryImageOfPage":{"@id":"https:\/\/nitorlack.com\/it\/barniz\/easy-paint-it\/coloranti-a-base-dacqua\/nitoraqua-stain-blue-jean\/#primaryimage"},"image":{"@id":"https:\/\/nitorlack.com\/it\/barniz\/easy-paint-it\/coloranti-a-base-dacqua\/nitoraqua-stain-blue-jean\/#primaryimage"},"thumbnailUrl":"https:\/\/nitorlack.com\/wp-content\/uploads\/2022\/04\/AZ4-DSC00187-bajaLOGO.jpg","datePublished":"2022-01-20T14:32:57+00:00","dateModified":"2026-04-05T19:40:16+00:00","description":"Mordente BLUE JEAN a base d'acqua: esalta la bellezza del legno della chitarra evidenziando le venature e i pori. Facile applicazione manuale con spugna. Compatibile con le finiture Nitorlack.","breadcrumb":{"@id":"https:\/\/nitorlack.com\/it\/barniz\/easy-paint-it\/coloranti-a-base-dacqua\/nitoraqua-stain-blue-jean\/#breadcrumb"},"inLanguage":"it-IT","potentialAction":[{"@type":"ReadAction","target":["https:\/\/nitorlack.com\/it\/barniz\/easy-paint-it\/coloranti-a-base-dacqua\/nitoraqua-stain-blue-jean\/"]}]},{"@type":"ImageObject","inLanguage":"it-IT","@id":"https:\/\/nitorlack.com\/it\/barniz\/easy-paint-it\/coloranti-a-base-dacqua\/nitoraqua-stain-blue-jean\/#primaryimage","url":"https:\/\/nitorlack.com\/wp-content\/uploads\/2022\/04\/AZ4-DSC00187-bajaLOGO.jpg","contentUrl":"https:\/\/nitorlack.com\/wp-content\/uploads\/2022\/04\/AZ4-DSC00187-bajaLOGO.jpg","width":672,"height":672,"caption":"TINTURA blue"},{"@type":"BreadcrumbList","@id":"https:\/\/nitorlack.com\/it\/barniz\/easy-paint-it\/coloranti-a-base-dacqua\/nitoraqua-stain-blue-jean\/#breadcrumb","itemListElement":[{"@type":"ListItem","position":1,"name":"Copertina","item":"https:\/\/nitorlack.com\/it\/"},{"@type":"ListItem","position":2,"name":"Negozio","item":"https:\/\/nitorlack.com\/it\/negozio\/"},{"@type":"ListItem","position":3,"name":"STAIN Blue Jean"}]},{"@type":"WebSite","@id":"https:\/\/nitorlack.com\/it\/#website","url":"https:\/\/nitorlack.com\/it\/","name":"Nitorlack","description":"Guitar Lacquers","publisher":{"@id":"https:\/\/nitorlack.com\/it\/#organization"},"potentialAction":[{"@type":"SearchAction","target":{"@type":"EntryPoint","urlTemplate":"https:\/\/nitorlack.com\/it\/?s={search_term_string}"},"query-input":{"@type":"PropertyValueSpecification","valueRequired":true,"valueName":"search_term_string"}}],"inLanguage":"it-IT"},{"@type":"Organization","@id":"https:\/\/nitorlack.com\/it\/#organization","name":"Nitorlack","url":"https:\/\/nitorlack.com\/it\/","logo":{"@type":"ImageObject","inLanguage":"it-IT","@id":"https:\/\/nitorlack.com\/it\/#\/schema\/logo\/image\/","url":"http:\/\/nitorlack.com\/wp-content\/uploads\/2016\/02\/cropped-galleta-negra-1.jpg","contentUrl":"http:\/\/nitorlack.com\/wp-content\/uploads\/2016\/02\/cropped-galleta-negra-1.jpg","width":512,"height":512,"caption":"Nitorlack"},"image":{"@id":"https:\/\/nitorlack.com\/it\/#\/schema\/logo\/image\/"}}]}},"_links":{"self":[{"href":"https:\/\/nitorlack.com\/it\/wp-json\/wp\/v2\/product\/57182","targetHints":{"allow":["GET"]}}],"collection":[{"href":"https:\/\/nitorlack.com\/it\/wp-json\/wp\/v2\/product"}],"about":[{"href":"https:\/\/nitorlack.com\/it\/wp-json\/wp\/v2\/types\/product"}],"replies":[{"embeddable":true,"href":"https:\/\/nitorlack.com\/it\/wp-json\/wp\/v2\/comments?post=57182"}],"wp:featuredmedia":[{"embeddable":true,"href":"https:\/\/nitorlack.com\/it\/wp-json\/wp\/v2\/media\/57719"}],"wp:attachment":[{"href":"https:\/\/nitorlack.com\/it\/wp-json\/wp\/v2\/media?parent=57182"}],"wp:term":[{"taxonomy":"product_brand","embeddable":true,"href":"https:\/\/nitorlack.com\/it\/wp-json\/wp\/v2\/product_brand?post=57182"},{"taxonomy":"product_cat","embeddable":true,"href":"https:\/\/nitorlack.com\/it\/wp-json\/wp\/v2\/product_cat?post=57182"},{"taxonomy":"product_tag","embeddable":true,"href":"https:\/\/nitorlack.com\/it\/wp-json\/wp\/v2\/product_tag?post=57182"}],"curies":[{"name":"wp","href":"https:\/\/api.w.org\/{rel}","templated":true}]}}