{"id":55266,"date":"2021-11-05T10:20:18","date_gmt":"2021-11-05T08:20:18","guid":{"rendered":"http:\/\/nitorlack.com\/barniz\/senza-categoria\/3-tone-sunburst-kit\/"},"modified":"2025-10-30T13:51:10","modified_gmt":"2025-10-30T11:51:10","slug":"3-tone-sunburst-kit","status":"publish","type":"product","link":"https:\/\/nitorlack.com\/it\/barniz\/kits-it\/3-tone-sunburst-kit\/","title":{"rendered":"3 TONE SUNBURST KIT"},"content":{"rendered":"<div class=\"wpb-content-wrapper\"><p>[vc_row][vc_column][vc_video link=&#8221;https:\/\/www.youtube.com\/watch?v=X0xxSVJek4E&#8221; el_width=&#8221;80&#8243; align=&#8221;center&#8221; css=&#8221;&#8221;][vc_column_text css=&#8221;&#8221;]<\/p>\n<h1 style=\"text-align: center;\">Sunburst con Spray: Come dipingere la tua chitarra<\/h1>\n<h3><\/h3>\n<p><strong>1- PREPARAZIONE DEL SUPPORTO<\/strong><\/p>\n<p>Iniziamo con un corpo di chitarra gi\u00e0 ancorato e pronto per applicare il kit sunburst.<br \/>\nPuoi vedere l&#8217;intero processo di preparazione e comprare i prodotti con <a href=\"https:\/\/nitorlack.com\/it\/barniz\/kits-it\/kit-chitarra-transparente\/\">questo kit.<\/a><\/p>\n<p><strong>2- APPLICAZIONE DI COLORANTE A BASE GIALLA<\/strong><\/p>\n<p>Carteggiamo con carta vetrata di <a href=\"https:\/\/nitorlack.com\/it\/barniz\/accesori\/carta-vetrata-it\/carta-vetrata-con-schiuma-grano-1200\/\">grana P800<\/a> fino a quando tutta la chitarra \u00e8 perfettamente opaca, con questo otterremo una base perfettamente liscia e aderente per la tinta gialla.<br \/>\nApplicare NitorTint Yellow Spray uniformemente su entrambi i lati della chitarra, incrociando l&#8217;applicazione per renderla il pi\u00f9 uniforme possibile, non \u00e8 necessario applicare i bordi perch\u00e9 la copriremo in seguito.<br \/>\nFissare il colorante con 1 strato sottile di <a href=\"http:\/\/nitorlack.com\/barniz\/fondos\/fodos-nitrocelulosa\/laca-selladora-nitro-incolora-guitarras-750\/\">NitorLack Primer.<\/a><br \/>\nLasciare asciugare per almeno 1 ora. (preferibilmente da 2 a 3 ore)<\/p>\n<p><strong>3- APPLICAZIONE DEL COLORANTE NERO<\/strong><\/p>\n<p>Carteggiare con carta vetrata di <a href=\"https:\/\/nitorlack.com\/it\/barniz\/accesori\/carta-vetrata-it\/carta-vetrata-con-schiuma-grano-1200\/\">grana P800<\/a> fino a quando tutta la chitarra \u00e8 sfumata, facendo attenzione a non arrivare alla tinta gialla, si corre il rischio di spellatura.<br \/>\nApplicare NitorTint Black Spray lungo il bordo della chitarra fino a coprirlo. Cercate di applicare dall&#8217;interno verso l&#8217;esterno per non macchiare il centro.<br \/>\nSe c&#8217;\u00e8 una goccia di colore al centro della chitarra che vogliamo rimuovere, lo faremo ora carteggiando con P800 molto delicatamente. Sempre prima di fissare la tintura.<br \/>\nUna volta finito, fissiamo il colorante con 1 strato sottile di <a href=\"http:\/\/nitorlack.com\/barniz\/fondos\/fodos-nitrocelulosa\/laca-selladora-nitro-incolora-guitarras-750\/\">NitorLack Primer.<\/a><br \/>\nLasciare asciugare per almeno 1 ora. (preferibilmente da 2 a 3 ore)<\/p>\n<p><strong>4- APPLICAZIONE DELLA COLORANTE ROSSA<\/strong><\/p>\n<p>Carteggiare con carta vetrata di grana P800 fino a quando tutta la chitarra \u00e8 sfumata, fare attenzione a non ottenere la tintura gialla o nera sui bordi, si corre il rischio di spellatura.<br \/>\nApplicare NitorTint Black Spray tra il nero e il giallo. Cercate di applicare dall&#8217;interno verso l&#8217;esterno per non macchiare il centro.<br \/>\nSe c&#8217;\u00e8 una goccia di colorante al centro che vogliamo rimuovere, lo faremo ora carteggiando con P800 molto delicatamente. Sempre prima di fissare la tintura.<br \/>\nUna volta finito, fissiamo il colorante con 1 strato sottile di NitorLack Primer.<br \/>\nLasciare asciugare per almeno 1 ora. (preferibilmente da 2 a 3 ore)<\/p>\n<p>5- FINITURA FINALE DELLA CHITARRA<\/p>\n<p>Puoi vedere l&#8217;intero processo di finitura e comprare i prodotti con <a href=\"https:\/\/nitorlack.com\/it\/barniz\/kits-it\/kit-chitarra-transparente\/\">questo kit.<\/a><\/p>\n<p><strong>RACCOMANDAZIONI GENERALI<\/strong><\/p>\n<p>Agitare vigorosamente gli spray per 3-5 minuti prima dell&#8217;applicazione. Applicare su una superficie testimone prima di applicare alla chitarra.<br \/>\n<strong>Una finitura SUNBURST<\/strong> con Nitorlack, a seconda dei diversi fattori, dovrebbe avere un totale di 6 a 10 mani in totale, contando base &#8211; colore &#8211; finitura, con un minimo di 3-4 mani di finitura lucida. Questo dar\u00e0 uno spessore di circa 150 micron (0,15 mm) a seconda di quanta levigatura viene fatta, quanta lacca viene applicata in ogni mano e quale spessore di finitura si desidera.<br \/>\nSe non avete mai finito uno strumento prima, \u00e8 consigliabile applicare da 9 a 12 mani, in modo da essere sicuri di non levigare o lucidare troppo la finitura, lasciando parti con legno &#8220;nudo&#8221;. Man mano che si acquisisce maggiore esperienza con il prodotto e il metodo di finitura, saranno necessarie meno mani e si potranno ottenere finiture pi\u00f9 fini.<br \/>\nSe, durante l&#8217;applicazione, si ottiene accidentalmente una &#8220;goccia&#8221; o un &#8220;gocciolamento&#8221;, lasciare asciugare la finitura per 24 ore e livellare carteggiando con carta vetrata P400, preferibilmente su un blocco di carteggiatura dura. In alternativa, il gocciolamento pu\u00f2 essere &#8220;tagliato&#8221; con una lama di rasoio, che \u00e8 un metodo pi\u00f9 rapido ed evita gli incidenti che possono derivare da una levigatura eccessiva. Per familiarizzare con il processo, \u00e8 una buona idea provare il processo su legno di scarto, al fine di valutare da soli le caratteristiche del processo di finitura di una chitarra.<br \/>\n\u00c8 anche consigliabile utilizzare una superficie di &#8220;controllo&#8221; su cui applicare gli strati di lacca contemporaneamente al pezzo da finire. Un pezzo di carta attaccato con nastro adesivo a un supporto rigido (legno, cartone spesso) \u00e8 un suggerimento. Cos\u00ec, misurando prima lo spessore della carta con un calibro e poi misurando lo spessore risultante degli strati successivi una volta che sono asciutti, si avr\u00e0 un&#8217;idea abbastanza precisa dello spessore dello strato da applicare e quindi si potr\u00e0 avere un&#8217;idea migliore dello spessore dello strato. Uno spessore da 150 a 180 micron (da 0,15 a 0,18 mm) garantisce una finitura fine, che rispetta le vibrazioni proprie dello strumento, e allo stesso tempo lo protegge, evitando spessori eccessivi.<br \/>\nApplicare sempre strati sottili. Lasciare asciugare per 24 ore e carteggiare tra le mani. Applicare in strati incrociati per stendere bene il prodotto. Applicare con una distanza approssimativa di 15-20 cm.<\/p>\n<p><strong>RACCOMANDAZIONI DI SICUREZZA<\/strong><\/p>\n<p>Applicare in luoghi ventilati o estratti. Indossare guanti, indumenti, occhiali e maschera protettivi. Lavare accuratamente dopo la manipolazione. In caso di contatto con gli occhi: Sciacquare abbondantemente con acqua per diversi minuti. Rimuovere le lenti a contatto quando \u00e8 presente e facile da fare. Continuare il risciacquo. Liquido e vapori altamente infiammabili. Provoca irritazione della pelle. Provoca gravi danni agli occhi. Pu\u00f2 causare sonnolenza o vertigini.<\/p>\n<h2><\/h2>\n<p>[\/vc_column_text][\/vc_column][\/vc_row]<\/p>\n<\/div>","protected":false},"excerpt":{"rendered":"<p>Tutti i coloranti spray di cui hai bisogno per dipingere la tua chitarra in 3 toni sunburst facilmente e semplicemente con la vernice spray, senza bisogno di attrezzature per la pittura. Spieghiamo tutti i passi da seguire con tutorial e video.<\/p>\n<p>Abbiamo anche un <a href=\"https:\/\/nitorlack.com\/it\/barniz\/kits-it\/kit-chitarra-transparente\/\">kit di finitura trasparente<\/a> disponibile, con i prodotti necessari per eseguire il processo Primer e Finish, aggiungilo a questo kit per avere il processo completo.<\/p>\n<p>Contenuto del kit:<\/p>\n<p>1 x NitorTint Giallo Spray<br \/>\n1 x NitorTint Red Spray<br \/>\n1 x NitorTint Black Spray<br \/>\n1 x NitorLack Primer Spray<\/p>\n","protected":false},"featured_media":55154,"comment_status":"closed","ping_status":"closed","template":"","meta":{"om_disable_all_campaigns":false,"site-sidebar-layout":"no-sidebar","site-content-layout":"plain-container","ast-site-content-layout":"default","site-content-style":"default","site-sidebar-style":"default","ast-global-header-display":"","ast-banner-title-visibility":"","ast-main-header-display":"","ast-hfb-above-header-display":"","ast-hfb-below-header-display":"","ast-hfb-mobile-header-display":"","site-post-title":"disabled","ast-breadcrumbs-content":"","ast-featured-img":"disabled","footer-sml-layout":"","ast-disable-related-posts":"","theme-transparent-header-meta":"default","adv-header-id-meta":"","stick-header-meta":"default","header-above-stick-meta":"","header-main-stick-meta":"","header-below-stick-meta":"","astra-migrate-meta-layouts":"set","ast-page-background-enabled":"default","ast-page-background-meta":{"desktop":{"background-color":"var(--ast-global-color-4)","background-image":"","background-repeat":"repeat","background-position":"center center","background-size":"auto","background-attachment":"scroll","background-type":"","background-media":"","overlay-type":"","overlay-color":"","overlay-opacity":"","overlay-gradient":""},"tablet":{"background-color":"","background-image":"","background-repeat":"repeat","background-position":"center center","background-size":"auto","background-attachment":"scroll","background-type":"","background-media":"","overlay-type":"","overlay-color":"","overlay-opacity":"","overlay-gradient":""},"mobile":{"background-color":"","background-image":"","background-repeat":"repeat","background-position":"center center","background-size":"auto","background-attachment":"scroll","background-type":"","background-media":"","overlay-type":"","overlay-color":"","overlay-opacity":"","overlay-gradient":""}},"ast-content-background-meta":{"desktop":{"background-color":"var(--ast-global-color-5)","background-image":"","background-repeat":"repeat","background-position":"center center","background-size":"auto","background-attachment":"scroll","background-type":"","background-media":"","overlay-type":"","overlay-color":"","overlay-opacity":"","overlay-gradient":""},"tablet":{"background-color":"var(--ast-global-color-5)","background-image":"","background-repeat":"repeat","background-position":"center center","background-size":"auto","background-attachment":"scroll","background-type":"","background-media":"","overlay-type":"","overlay-color":"","overlay-opacity":"","overlay-gradient":""},"mobile":{"background-color":"var(--ast-global-color-5)","background-image":"","background-repeat":"repeat","background-position":"center center","background-size":"auto","background-attachment":"scroll","background-type":"","background-media":"","overlay-type":"","overlay-color":"","overlay-opacity":"","overlay-gradient":""}}},"product_brand":[],"product_cat":[7553],"product_tag":[],"class_list":{"0":"post-55266","1":"product","2":"type-product","3":"status-publish","4":"has-post-thumbnail","6":"product_cat-kits-it","7":"desktop-align-center","8":"tablet-align-center","9":"mobile-align-center","10":"ast-product-gallery-layout-horizontal-slider","11":"ast-product-tabs-layout-horizontal","13":"first","14":"instock","15":"virtual","16":"taxable","17":"purchasable","18":"product-type-bundle"},"bundled_by":[],"bundle_stock_status":"instock","bundle_stock_quantity":"","bundle_virtual":false,"bundle_layout":"default","bundle_add_to_cart_form_location":"default","bundle_editable_in_cart":false,"bundle_sold_individually_context":"product","bundle_item_grouping":"parent","bundle_min_size":"","bundle_max_size":"","bundle_price":{"price":{"min":{"incl_tax":"80.65","excl_tax":"80.65"},"max":{"incl_tax":"80.65","excl_tax":"80.65"}},"regular_price":{"min":{"incl_tax":"80.65","excl_tax":"80.65"},"max":{"incl_tax":"80.65","excl_tax":"80.65"}}},"bundled_items":[{"bundled_item_id":214,"product_id":55238,"menu_order":0,"quantity_min":1,"quantity_max":1,"quantity_default":1,"priced_individually":true,"shipped_individually":false,"override_title":true,"title":"","override_description":false,"description":"NITORTINT Red Spray SUN","optional":false,"hide_thumbnail":true,"discount":"","override_variations":false,"allowed_variations":[""],"override_default_variation_attributes":false,"default_variation_attributes":[],"single_product_visibility":"visible","cart_visibility":"visible","order_visibility":"visible","single_product_price_visibility":"hidden","cart_price_visibility":"hidden","order_price_visibility":"hidden","stock_status":"in_stock"},{"bundled_item_id":215,"product_id":55236,"menu_order":1,"quantity_min":1,"quantity_max":1,"quantity_default":1,"priced_individually":true,"shipped_individually":false,"override_title":true,"title":"","override_description":false,"description":"NITORTINT Yellow Spray SUN","optional":false,"hide_thumbnail":true,"discount":"","override_variations":false,"allowed_variations":[""],"override_default_variation_attributes":false,"default_variation_attributes":[],"single_product_visibility":"visible","cart_visibility":"visible","order_visibility":"visible","single_product_price_visibility":"hidden","cart_price_visibility":"hidden","order_price_visibility":"hidden","stock_status":"in_stock"},{"bundled_item_id":216,"product_id":55234,"menu_order":2,"quantity_min":1,"quantity_max":1,"quantity_default":1,"priced_individually":true,"shipped_individually":false,"override_title":true,"title":"","override_description":false,"description":"NITORTINT Black Spray SUN","optional":false,"hide_thumbnail":true,"discount":"","override_variations":false,"allowed_variations":[""],"override_default_variation_attributes":false,"default_variation_attributes":[],"single_product_visibility":"visible","cart_visibility":"visible","order_visibility":"visible","single_product_price_visibility":"hidden","cart_price_visibility":"hidden","order_price_visibility":"hidden","stock_status":"in_stock"},{"bundled_item_id":217,"product_id":40174,"menu_order":3,"quantity_min":1,"quantity_max":1,"quantity_default":1,"priced_individually":true,"shipped_individually":false,"override_title":true,"title":"","override_description":false,"description":"NITORLACK PRIMER CLEAR","optional":false,"hide_thumbnail":true,"discount":"","override_variations":false,"allowed_variations":[""],"override_default_variation_attributes":false,"default_variation_attributes":[],"single_product_visibility":"visible","cart_visibility":"visible","order_visibility":"visible","single_product_price_visibility":"hidden","cart_price_visibility":"hidden","order_price_visibility":"hidden","stock_status":"in_stock"}],"bundle_sell_ids":[],"yoast_head":"<!-- This site is optimized with the Yoast SEO plugin v27.3 - https:\/\/yoast.com\/product\/yoast-seo-wordpress\/ -->\n<title>3 tone sunburst - Nitorlack<\/title>\n<meta name=\"description\" content=\"Ottieni questa finitura Sunburst da Nitorlack - Impara come farlo con i nostri VIDEO E TUTORIAL di un professionista.\" \/>\n<meta name=\"robots\" content=\"index, follow, max-snippet:-1, max-image-preview:large, max-video-preview:-1\" \/>\n<link rel=\"canonical\" href=\"https:\/\/nitorlack.com\/it\/barniz\/kits-it\/3-tone-sunburst-kit\/\" \/>\n<meta property=\"og:locale\" content=\"it_IT\" \/>\n<meta property=\"og:type\" content=\"article\" \/>\n<meta property=\"og:title\" content=\"3 tone sunburst - Nitorlack\" \/>\n<meta property=\"og:description\" content=\"Ottieni questa finitura Sunburst da Nitorlack - Impara come farlo con i nostri VIDEO E TUTORIAL di un professionista.\" \/>\n<meta property=\"og:url\" content=\"https:\/\/nitorlack.com\/it\/barniz\/kits-it\/3-tone-sunburst-kit\/\" \/>\n<meta property=\"og:site_name\" content=\"Nitorlack\" \/>\n<meta property=\"article:modified_time\" content=\"2025-10-30T11:51:10+00:00\" \/>\n<meta property=\"og:image\" content=\"https:\/\/nitorlack.com\/wp-content\/uploads\/2021\/11\/IMG_8846.jpg\" \/>\n\t<meta property=\"og:image:width\" content=\"900\" \/>\n\t<meta property=\"og:image:height\" content=\"1200\" \/>\n\t<meta property=\"og:image:type\" content=\"image\/jpeg\" \/>\n<meta name=\"twitter:card\" content=\"summary_large_image\" \/>\n<meta name=\"twitter:label1\" content=\"Tempo di lettura stimato\" \/>\n\t<meta name=\"twitter:data1\" content=\"4 minuti\" \/>\n<script type=\"application\/ld+json\" class=\"yoast-schema-graph\">{\"@context\":\"https:\\\/\\\/schema.org\",\"@graph\":[{\"@type\":\"WebPage\",\"@id\":\"https:\\\/\\\/nitorlack.com\\\/it\\\/barniz\\\/kits-it\\\/3-tone-sunburst-kit\\\/\",\"url\":\"https:\\\/\\\/nitorlack.com\\\/it\\\/barniz\\\/kits-it\\\/3-tone-sunburst-kit\\\/\",\"name\":\"3 tone sunburst - Nitorlack\",\"isPartOf\":{\"@id\":\"https:\\\/\\\/nitorlack.com\\\/it\\\/#website\"},\"primaryImageOfPage\":{\"@id\":\"https:\\\/\\\/nitorlack.com\\\/it\\\/barniz\\\/kits-it\\\/3-tone-sunburst-kit\\\/#primaryimage\"},\"image\":{\"@id\":\"https:\\\/\\\/nitorlack.com\\\/it\\\/barniz\\\/kits-it\\\/3-tone-sunburst-kit\\\/#primaryimage\"},\"thumbnailUrl\":\"https:\\\/\\\/nitorlack.com\\\/wp-content\\\/uploads\\\/2021\\\/11\\\/IMG_8846.jpg\",\"datePublished\":\"2021-11-05T08:20:18+00:00\",\"dateModified\":\"2025-10-30T11:51:10+00:00\",\"description\":\"Ottieni questa finitura Sunburst da Nitorlack - Impara come farlo con i nostri VIDEO E TUTORIAL di un professionista.\",\"breadcrumb\":{\"@id\":\"https:\\\/\\\/nitorlack.com\\\/it\\\/barniz\\\/kits-it\\\/3-tone-sunburst-kit\\\/#breadcrumb\"},\"inLanguage\":\"it-IT\",\"potentialAction\":[{\"@type\":\"ReadAction\",\"target\":[\"https:\\\/\\\/nitorlack.com\\\/it\\\/barniz\\\/kits-it\\\/3-tone-sunburst-kit\\\/\"]}]},{\"@type\":\"ImageObject\",\"inLanguage\":\"it-IT\",\"@id\":\"https:\\\/\\\/nitorlack.com\\\/it\\\/barniz\\\/kits-it\\\/3-tone-sunburst-kit\\\/#primaryimage\",\"url\":\"https:\\\/\\\/nitorlack.com\\\/wp-content\\\/uploads\\\/2021\\\/11\\\/IMG_8846.jpg\",\"contentUrl\":\"https:\\\/\\\/nitorlack.com\\\/wp-content\\\/uploads\\\/2021\\\/11\\\/IMG_8846.jpg\",\"width\":900,\"height\":1200,\"caption\":\"surnbust\"},{\"@type\":\"BreadcrumbList\",\"@id\":\"https:\\\/\\\/nitorlack.com\\\/it\\\/barniz\\\/kits-it\\\/3-tone-sunburst-kit\\\/#breadcrumb\",\"itemListElement\":[{\"@type\":\"ListItem\",\"position\":1,\"name\":\"Copertina\",\"item\":\"https:\\\/\\\/nitorlack.com\\\/it\\\/\"},{\"@type\":\"ListItem\",\"position\":2,\"name\":\"Negozio\",\"item\":\"https:\\\/\\\/nitorlack.com\\\/it\\\/negozio\\\/\"},{\"@type\":\"ListItem\",\"position\":3,\"name\":\"3 TONE SUNBURST KIT\"}]},{\"@type\":\"WebSite\",\"@id\":\"https:\\\/\\\/nitorlack.com\\\/it\\\/#website\",\"url\":\"https:\\\/\\\/nitorlack.com\\\/it\\\/\",\"name\":\"Nitorlack\",\"description\":\"Guitar Lacquers\",\"publisher\":{\"@id\":\"https:\\\/\\\/nitorlack.com\\\/it\\\/#organization\"},\"potentialAction\":[{\"@type\":\"SearchAction\",\"target\":{\"@type\":\"EntryPoint\",\"urlTemplate\":\"https:\\\/\\\/nitorlack.com\\\/it\\\/?s={search_term_string}\"},\"query-input\":{\"@type\":\"PropertyValueSpecification\",\"valueRequired\":true,\"valueName\":\"search_term_string\"}}],\"inLanguage\":\"it-IT\"},{\"@type\":\"Organization\",\"@id\":\"https:\\\/\\\/nitorlack.com\\\/it\\\/#organization\",\"name\":\"Nitorlack\",\"url\":\"https:\\\/\\\/nitorlack.com\\\/it\\\/\",\"logo\":{\"@type\":\"ImageObject\",\"inLanguage\":\"it-IT\",\"@id\":\"https:\\\/\\\/nitorlack.com\\\/it\\\/#\\\/schema\\\/logo\\\/image\\\/\",\"url\":\"http:\\\/\\\/nitorlack.com\\\/wp-content\\\/uploads\\\/2016\\\/02\\\/cropped-galleta-negra-1.jpg\",\"contentUrl\":\"http:\\\/\\\/nitorlack.com\\\/wp-content\\\/uploads\\\/2016\\\/02\\\/cropped-galleta-negra-1.jpg\",\"width\":512,\"height\":512,\"caption\":\"Nitorlack\"},\"image\":{\"@id\":\"https:\\\/\\\/nitorlack.com\\\/it\\\/#\\\/schema\\\/logo\\\/image\\\/\"}}]}<\/script>\n<!-- \/ Yoast SEO plugin. -->","yoast_head_json":{"title":"3 tone sunburst - Nitorlack","description":"Ottieni questa finitura Sunburst da Nitorlack - Impara come farlo con i nostri VIDEO E TUTORIAL di un professionista.","robots":{"index":"index","follow":"follow","max-snippet":"max-snippet:-1","max-image-preview":"max-image-preview:large","max-video-preview":"max-video-preview:-1"},"canonical":"https:\/\/nitorlack.com\/it\/barniz\/kits-it\/3-tone-sunburst-kit\/","og_locale":"it_IT","og_type":"article","og_title":"3 tone sunburst - Nitorlack","og_description":"Ottieni questa finitura Sunburst da Nitorlack - Impara come farlo con i nostri VIDEO E TUTORIAL di un professionista.","og_url":"https:\/\/nitorlack.com\/it\/barniz\/kits-it\/3-tone-sunburst-kit\/","og_site_name":"Nitorlack","article_modified_time":"2025-10-30T11:51:10+00:00","og_image":[{"width":900,"height":1200,"url":"https:\/\/nitorlack.com\/wp-content\/uploads\/2021\/11\/IMG_8846.jpg","type":"image\/jpeg"}],"twitter_card":"summary_large_image","twitter_misc":{"Tempo di lettura stimato":"4 minuti"},"schema":{"@context":"https:\/\/schema.org","@graph":[{"@type":"WebPage","@id":"https:\/\/nitorlack.com\/it\/barniz\/kits-it\/3-tone-sunburst-kit\/","url":"https:\/\/nitorlack.com\/it\/barniz\/kits-it\/3-tone-sunburst-kit\/","name":"3 tone sunburst - Nitorlack","isPartOf":{"@id":"https:\/\/nitorlack.com\/it\/#website"},"primaryImageOfPage":{"@id":"https:\/\/nitorlack.com\/it\/barniz\/kits-it\/3-tone-sunburst-kit\/#primaryimage"},"image":{"@id":"https:\/\/nitorlack.com\/it\/barniz\/kits-it\/3-tone-sunburst-kit\/#primaryimage"},"thumbnailUrl":"https:\/\/nitorlack.com\/wp-content\/uploads\/2021\/11\/IMG_8846.jpg","datePublished":"2021-11-05T08:20:18+00:00","dateModified":"2025-10-30T11:51:10+00:00","description":"Ottieni questa finitura Sunburst da Nitorlack - Impara come farlo con i nostri VIDEO E TUTORIAL di un professionista.","breadcrumb":{"@id":"https:\/\/nitorlack.com\/it\/barniz\/kits-it\/3-tone-sunburst-kit\/#breadcrumb"},"inLanguage":"it-IT","potentialAction":[{"@type":"ReadAction","target":["https:\/\/nitorlack.com\/it\/barniz\/kits-it\/3-tone-sunburst-kit\/"]}]},{"@type":"ImageObject","inLanguage":"it-IT","@id":"https:\/\/nitorlack.com\/it\/barniz\/kits-it\/3-tone-sunburst-kit\/#primaryimage","url":"https:\/\/nitorlack.com\/wp-content\/uploads\/2021\/11\/IMG_8846.jpg","contentUrl":"https:\/\/nitorlack.com\/wp-content\/uploads\/2021\/11\/IMG_8846.jpg","width":900,"height":1200,"caption":"surnbust"},{"@type":"BreadcrumbList","@id":"https:\/\/nitorlack.com\/it\/barniz\/kits-it\/3-tone-sunburst-kit\/#breadcrumb","itemListElement":[{"@type":"ListItem","position":1,"name":"Copertina","item":"https:\/\/nitorlack.com\/it\/"},{"@type":"ListItem","position":2,"name":"Negozio","item":"https:\/\/nitorlack.com\/it\/negozio\/"},{"@type":"ListItem","position":3,"name":"3 TONE SUNBURST KIT"}]},{"@type":"WebSite","@id":"https:\/\/nitorlack.com\/it\/#website","url":"https:\/\/nitorlack.com\/it\/","name":"Nitorlack","description":"Guitar Lacquers","publisher":{"@id":"https:\/\/nitorlack.com\/it\/#organization"},"potentialAction":[{"@type":"SearchAction","target":{"@type":"EntryPoint","urlTemplate":"https:\/\/nitorlack.com\/it\/?s={search_term_string}"},"query-input":{"@type":"PropertyValueSpecification","valueRequired":true,"valueName":"search_term_string"}}],"inLanguage":"it-IT"},{"@type":"Organization","@id":"https:\/\/nitorlack.com\/it\/#organization","name":"Nitorlack","url":"https:\/\/nitorlack.com\/it\/","logo":{"@type":"ImageObject","inLanguage":"it-IT","@id":"https:\/\/nitorlack.com\/it\/#\/schema\/logo\/image\/","url":"http:\/\/nitorlack.com\/wp-content\/uploads\/2016\/02\/cropped-galleta-negra-1.jpg","contentUrl":"http:\/\/nitorlack.com\/wp-content\/uploads\/2016\/02\/cropped-galleta-negra-1.jpg","width":512,"height":512,"caption":"Nitorlack"},"image":{"@id":"https:\/\/nitorlack.com\/it\/#\/schema\/logo\/image\/"}}]}},"_links":{"self":[{"href":"https:\/\/nitorlack.com\/it\/wp-json\/wp\/v2\/product\/55266","targetHints":{"allow":["GET"]}}],"collection":[{"href":"https:\/\/nitorlack.com\/it\/wp-json\/wp\/v2\/product"}],"about":[{"href":"https:\/\/nitorlack.com\/it\/wp-json\/wp\/v2\/types\/product"}],"replies":[{"embeddable":true,"href":"https:\/\/nitorlack.com\/it\/wp-json\/wp\/v2\/comments?post=55266"}],"wp:featuredmedia":[{"embeddable":true,"href":"https:\/\/nitorlack.com\/it\/wp-json\/wp\/v2\/media\/55154"}],"wp:attachment":[{"href":"https:\/\/nitorlack.com\/it\/wp-json\/wp\/v2\/media?parent=55266"}],"wp:term":[{"taxonomy":"product_brand","embeddable":true,"href":"https:\/\/nitorlack.com\/it\/wp-json\/wp\/v2\/product_brand?post=55266"},{"taxonomy":"product_cat","embeddable":true,"href":"https:\/\/nitorlack.com\/it\/wp-json\/wp\/v2\/product_cat?post=55266"},{"taxonomy":"product_tag","embeddable":true,"href":"https:\/\/nitorlack.com\/it\/wp-json\/wp\/v2\/product_tag?post=55266"}],"curies":[{"name":"wp","href":"https:\/\/api.w.org\/{rel}","templated":true}]}}