{"id":55096,"date":"2021-11-04T11:46:38","date_gmt":"2021-11-04T09:46:38","guid":{"rendered":"http:\/\/nitorlack.com\/?post_type=product&#038;p=55096"},"modified":"2026-03-22T19:49:16","modified_gmt":"2026-03-22T17:49:16","slug":"kit-chitarra-transparente","status":"publish","type":"product","link":"https:\/\/nitorlack.com\/it\/barniz\/kits-it\/kit-chitarra-transparente\/","title":{"rendered":"CHITARRA TRANSPARENTE KIT"},"content":{"rendered":"<div class=\"wpb-content-wrapper\"><p>[vc_row][vc_column][vc_video link=&#8221;https:\/\/www.youtube.com\/watch?v=1FpnAQVYH5s&#8221; el_width=&#8221;80&#8243; align=&#8221;center&#8221; css=&#8221;&#8221;][vc_column_text]<\/p>\n<h2 style=\"text-align: center;\">Finitura trasparente per chitarra KIT<\/h2>\n<h2><\/h2>\n<h3>1- PREPARAZIONE DEL SUBSTRATO<\/h3>\n<p>Carteggiare il legno con carta vetrata di grana P240 e P400. Il legno deve essere privo di imperfezioni e macchie.<br \/>\nLo scopo di questa prima fase \u00e8 di ottenere una superficie perfettamente liscia senza difetti o rugosit\u00e0 per procedere con l&#8217;applicazione delle prime mani di primer.<\/p>\n<h3>2- APPLICAZIONE DEL PRIMER TRASPARENTE &#8211; PRIMER NITORLACK<\/h3>\n<p>Il primer \u00e8 lo strato di vernice che costruir\u00e0 la base della finitura, fornendo una superficie uniforme. \u00a0Raccomandiamo un minimo di 2 spruzzi per un buon sottosmalto.<br \/>\nCarteggiare con <a href=\"https:\/\/nitorlack.com\/it\/barniz\/accesori\/carta-vetrata-it\/carta-vetrata-con-schiuma-grano-1200\/\">grana P800<\/a> tra una mano e l&#8217;altra. Si raccomanda un minimo di 3 a 5 mani. Applicheremo il prodotto finch\u00e9 non vedremo che non ci sono imperfezioni, che \u00e8 perfettamente livellato e che il poro del legno \u00e8 completamente chiuso.<\/p>\n<h3>3- FINITURA LUCIDA O OPACA- LACCATURA NITORLACK<\/h3>\n<p>Il processo di applicazione della finitura \u00e8 lo stesso del rivestimento di base. Applichiamo le mani di finitura carteggiando tra di esse con P800, lasciando 24 ore di asciugatura tra le mani. Si raccomanda di applicare almeno 3-4 mani.<br \/>\nNel caso di una finitura GLOSS, una volta che vediamo che la finitura \u00e8 completamente uniforme e la chitarra \u00e8 finita a nostro piacimento, \u00e8 importante NON SABBIARE l&#8217;ultimo strato che abbiamo applicato e lasciarlo asciugare per 2 o 3 settimane per poter lucidare e ottenere la massima lucentezza.<br \/>\nNel caso di una finitura MATT, l&#8217;ultima mano sar\u00e0 la finitura finale e non potr\u00e0 essere levigata o lucidata. Lasciare asciugare solo per 48 &#8211; 72 ore.<\/p>\n<h3>5- LUCIDATURA<\/h3>\n<p>Carteggiare con un processo graduale con carta vetrata di grana 1200-1500-2000 fino alla scomparsa di tutte le imperfezioni dell&#8217;applicazione.<br \/>\nCercate di carteggiare in linea retta senza esercitare troppa pressione per non fare segni profondi che saranno difficili da rimuovere con il lucido. Si consiglia di applicare qualche goccia di sapone in acqua per facilitare la levigatura.<br \/>\nApplicare alcune gocce di polish sulla superficie della chitarra e sulla spugna di lucidatura.<br \/>\nSi raccomanda di <a href=\"https:\/\/nitorlack.com\/it\/barniz\/accesori\/carta-vetrata-it\/carta-vetrata-con-schiuma-grano-1200\/\">lucidare a 1500-2000<\/a> \u00a0senza pressione per evitare il surriscaldamento della finitura. Controllare regolarmente il riscaldamento durante la lucidatura.<br \/>\nEseguire una prima lucidatura con <a href=\"https:\/\/nitorlack.com\/it\/barniz\/accesori\/pasta-lucidatura\/mirka-polarshine-10-it\/\">MIRKA POLARSHINE 10<\/a> e la <a href=\"https:\/\/nitorlack.com\/it\/barniz\/accesori\/eponges-polir\/spugnas-lucidatura-80mm-bianco-corte\/\">spugna WHITE<\/a>. Si dovrebbe gi\u00e0 ottenere una finitura a specchio.<br \/>\nTerminare la lucidatura con <a href=\"https:\/\/nitorlack.com\/it\/barniz\/accesori\/pasta-lucidatura\/mirka-polarshine-5-it\/\">MIRKA POLARSHINE 5<\/a> e la <a href=\"https:\/\/nitorlack.com\/it\/barniz\/accesori\/eponges-polir\/spugnas-lucidatura-80mm-nero\/\">spugna BLACK<\/a>. Con quest&#8217;ultimo processo otterremo un&#8217;ulteriore brillantezza.<br \/>\nPulire i residui di lucidatura con un panno e la chitarra \u00e8 finita.<\/p>\n<h3>RACCOMANDAZIONI GENERALI<\/h3>\n<p>Agitare vigorosamente gli spray per 3-5 minuti prima dell&#8217;applicazione. Applicare su una superficie testimone prima di applicare alla chitarra.<br \/>\nUna finitura Nitorlack, a seconda dei diversi fattori, dovrebbe avere un totale di 6 a 10 mani in totale, contando base &#8211; colore &#8211; finitura, con un minimo di 3-4 mani di finitura lucida. Questo dar\u00e0 uno spessore di circa 150 micron (0,15 mm) a seconda di quanta levigatura viene fatta, quanta lacca viene applicata in ogni mano e quale spessore di finitura si desidera.<br \/>\nSe non avete mai finito uno strumento prima, \u00e8 consigliabile applicare da 9 a 12 mani, in modo da essere sicuri di non levigare o lucidare troppo la finitura, lasciando parti con legno &#8220;nudo&#8221;. Man mano che si acquisisce maggiore esperienza con il prodotto e il metodo di finitura, saranno necessarie meno mani e si potranno ottenere finiture pi\u00f9 fini.<br \/>\nSe, durante l&#8217;applicazione, si ottiene accidentalmente una &#8220;goccia&#8221; o un &#8220;gocciolamento&#8221;, lasciare asciugare la finitura per 24 ore e livellare carteggiando con carta vetrata P400, preferibilmente su un blocco di carteggiatura dura. In alternativa, il gocciolamento pu\u00f2 essere &#8220;tagliato&#8221; con una lama di rasoio, che \u00e8 un metodo pi\u00f9 veloce ed evita gli incidenti che possono derivare da una levigatura eccessiva. Per familiarizzare con il processo, \u00e8 una buona idea testare il processo di finitura di una chitarra con chitarre &#8220;Nitorlack&#8221; su legno scartato, al fine di valutare da soli le caratteristiche del processo.<br \/>\n\u00c8 anche consigliabile utilizzare una superficie di &#8220;controllo&#8221; su cui applicare gli strati di lacca contemporaneamente al pezzo da finire. Un pezzo di carta attaccato con nastro adesivo a un supporto rigido (legno, cartone spesso) \u00e8 un suggerimento. In questo modo, misurando prima lo spessore della carta con un calibro e poi misurando lo spessore risultante degli strati successivi una volta che sono asciutti, si avr\u00e0 un&#8217;idea abbastanza precisa dello spessore dello strato da applicare e quindi si potr\u00e0 avere un&#8217;idea migliore del suo spessore. Uno spessore da 150 a 180 micron (da 0,15 a 0,18 mm) garantisce una finitura fine, che rispetta le vibrazioni proprie dello strumento, e allo stesso tempo lo protegge, evitando spessori eccessivi.<br \/>\nApplicare sempre strati sottili. Lasciare asciugare per 24 ore e carteggiare tra le mani. Applicare in strati incrociati per stendere bene il prodotto. Applicare con una distanza approssimativa di 15-20 cm.<\/p>\n<h3>RACCOMANDAZIONI DI SICUREZZA<\/h3>\n<p>Applicare in luoghi ventilati o estratti. Indossare guanti, indumenti, occhiali e maschera protettivi. Lavare accuratamente dopo la manipolazione. In caso di contatto con gli occhi: Sciacquare abbondantemente con acqua per diversi minuti. Rimuovere le lenti a contatto quando \u00e8 presente e facile da fare. Continuare il risciacquo. Liquido e vapori altamente infiammabili. Provoca irritazione della pelle. Provoca gravi danni agli occhi. Pu\u00f2 causare sonnolenza o vertigini.[\/vc_column_text][\/vc_column][\/vc_row][vc_row][vc_column][\/vc_column][\/vc_row]<\/p>\n<\/div>","protected":false},"excerpt":{"rendered":"<p>Con questo kit avrete a disposizione gli spray necessari per verniciare la vostra chitarra in modo trasparente. In questo modo si evidenziano le venature e il tono del legno.<\/p>\n<p>Oltre a questi prodotti \u00e8 necessario utilizzare prodotti complementari come la carta vetrata o il lucidante, che non sono inclusi in questo kit.<\/p>\n<p>\u00c8 possibile ottenere un risultato professionale se si seguono i passaggi illustrati nel tutorial seguente.<\/p>\n","protected":false},"featured_media":62653,"comment_status":"open","ping_status":"closed","template":"","meta":{"om_disable_all_campaigns":false,"site-sidebar-layout":"default","site-content-layout":"default","ast-site-content-layout":"default","site-content-style":"default","site-sidebar-style":"default","ast-global-header-display":"","ast-banner-title-visibility":"","ast-main-header-display":"","ast-hfb-above-header-display":"","ast-hfb-below-header-display":"","ast-hfb-mobile-header-display":"","site-post-title":"","ast-breadcrumbs-content":"","ast-featured-img":"","footer-sml-layout":"","ast-disable-related-posts":"","theme-transparent-header-meta":"default","adv-header-id-meta":"","stick-header-meta":"default","header-above-stick-meta":"","header-main-stick-meta":"","header-below-stick-meta":"","astra-migrate-meta-layouts":"set","ast-page-background-enabled":"default","ast-page-background-meta":{"desktop":{"background-color":"var(--ast-global-color-4)","background-image":"","background-repeat":"repeat","background-position":"center center","background-size":"auto","background-attachment":"scroll","background-type":"","background-media":"","overlay-type":"","overlay-color":"","overlay-opacity":"","overlay-gradient":""},"tablet":{"background-color":"","background-image":"","background-repeat":"repeat","background-position":"center center","background-size":"auto","background-attachment":"scroll","background-type":"","background-media":"","overlay-type":"","overlay-color":"","overlay-opacity":"","overlay-gradient":""},"mobile":{"background-color":"","background-image":"","background-repeat":"repeat","background-position":"center center","background-size":"auto","background-attachment":"scroll","background-type":"","background-media":"","overlay-type":"","overlay-color":"","overlay-opacity":"","overlay-gradient":""}},"ast-content-background-meta":{"desktop":{"background-color":"var(--ast-global-color-5)","background-image":"","background-repeat":"repeat","background-position":"center center","background-size":"auto","background-attachment":"scroll","background-type":"","background-media":"","overlay-type":"","overlay-color":"","overlay-opacity":"","overlay-gradient":""},"tablet":{"background-color":"var(--ast-global-color-5)","background-image":"","background-repeat":"repeat","background-position":"center center","background-size":"auto","background-attachment":"scroll","background-type":"","background-media":"","overlay-type":"","overlay-color":"","overlay-opacity":"","overlay-gradient":""},"mobile":{"background-color":"var(--ast-global-color-5)","background-image":"","background-repeat":"repeat","background-position":"center center","background-size":"auto","background-attachment":"scroll","background-type":"","background-media":"","overlay-type":"","overlay-color":"","overlay-opacity":"","overlay-gradient":""}}},"product_brand":[],"product_cat":[7553],"product_tag":[],"class_list":{"0":"post-55096","1":"product","2":"type-product","3":"status-publish","4":"has-post-thumbnail","6":"product_cat-kits-it","7":"desktop-align-center","8":"tablet-align-center","9":"mobile-align-center","10":"ast-product-gallery-layout-horizontal-slider","11":"ast-product-tabs-layout-horizontal","13":"first","14":"instock","15":"virtual","16":"taxable","17":"purchasable","18":"product-type-bundle"},"bundled_by":[],"bundle_stock_status":"instock","bundle_stock_quantity":"","bundle_virtual":false,"bundle_layout":"tabular","bundle_add_to_cart_form_location":"default","bundle_editable_in_cart":false,"bundle_sold_individually_context":"product","bundle_item_grouping":"parent","bundle_min_size":"","bundle_max_size":"","bundle_price":{"price":{"min":{"incl_tax":"42.91","excl_tax":"42.91"},"max":{"incl_tax":"328.77","excl_tax":"328.77"}},"regular_price":{"min":{"incl_tax":"42.91","excl_tax":"42.91"},"max":{"incl_tax":"328.77","excl_tax":"328.77"}}},"bundled_items":[{"bundled_item_id":278,"product_id":79381,"menu_order":0,"quantity_min":2,"quantity_max":9,"quantity_default":2,"priced_individually":true,"shipped_individually":false,"override_title":true,"title":"","override_description":false,"description":"SPRAY PRIMER","optional":false,"hide_thumbnail":true,"discount":"","override_variations":true,"allowed_variations":[79395],"override_default_variation_attributes":false,"default_variation_attributes":[],"single_product_visibility":"visible","cart_visibility":"visible","order_visibility":"visible","single_product_price_visibility":"visible","cart_price_visibility":"visible","order_price_visibility":"visible","stock_status":"in_stock"},{"bundled_item_id":194,"product_id":40321,"menu_order":1,"quantity_min":1,"quantity_max":9,"quantity_default":1,"priced_individually":true,"shipped_individually":false,"override_title":true,"title":"Spray Finiture","override_description":true,"description":"Con la finitura andremo a proteggere il colore e a dare profondit\u00e0 al colore. Questa \u00e8 l'ultima fase e quella che ci d\u00e0 l'aspetto finale. Si consiglia di utilizzare 2 spray se si desidera una protezione extra o se si deve verniciare corpo e manico.","optional":false,"hide_thumbnail":true,"discount":"","override_variations":true,"allowed_variations":[76651,76646,40322,40323],"override_default_variation_attributes":false,"default_variation_attributes":[],"single_product_visibility":"visible","cart_visibility":"visible","order_visibility":"visible","single_product_price_visibility":"visible","cart_price_visibility":"visible","order_price_visibility":"hidden","stock_status":"in_stock"}],"bundle_sell_ids":[],"yoast_head":"<!-- This site is optimized with the Yoast SEO plugin v27.4 - https:\/\/yoast.com\/product\/yoast-seo-wordpress\/ -->\n<title>CHITARRA TRANSPARENTE KIT | NitorLACK<\/title>\n<meta name=\"description\" content=\"Dipingi la tua chitarra transparente con il nostro KIT. In esso ci sono tutti i prodotti per ottenere un risultato professionale.\" \/>\n<meta name=\"robots\" content=\"index, follow, max-snippet:-1, max-image-preview:large, max-video-preview:-1\" \/>\n<link rel=\"canonical\" href=\"https:\/\/nitorlack.com\/it\/barniz\/kits-it\/kit-chitarra-transparente\/\" \/>\n<meta property=\"og:locale\" content=\"it_IT\" \/>\n<meta property=\"og:type\" content=\"article\" \/>\n<meta property=\"og:title\" content=\"CHITARRA TRANSPARENTE KIT | NitorLACK\" \/>\n<meta property=\"og:description\" content=\"Dipingi la tua chitarra transparente con il nostro KIT. In esso ci sono tutti i prodotti per ottenere un risultato professionale.\" \/>\n<meta property=\"og:url\" content=\"https:\/\/nitorlack.com\/it\/barniz\/kits-it\/kit-chitarra-transparente\/\" \/>\n<meta property=\"og:site_name\" content=\"Nitorlack\" \/>\n<meta property=\"article:modified_time\" content=\"2026-03-22T17:49:16+00:00\" \/>\n<meta property=\"og:image\" content=\"https:\/\/nitorlack.com\/wp-content\/uploads\/2022\/12\/Guitarra-transparente.jpg\" \/>\n\t<meta property=\"og:image:width\" content=\"1000\" \/>\n\t<meta property=\"og:image:height\" content=\"993\" \/>\n\t<meta property=\"og:image:type\" content=\"image\/jpeg\" \/>\n<meta name=\"twitter:card\" content=\"summary_large_image\" \/>\n<meta name=\"twitter:label1\" content=\"Tempo di lettura stimato\" \/>\n\t<meta name=\"twitter:data1\" content=\"4 minuti\" \/>\n<script type=\"application\/ld+json\" class=\"yoast-schema-graph\">{\"@context\":\"https:\\\/\\\/schema.org\",\"@graph\":[{\"@type\":\"WebPage\",\"@id\":\"https:\\\/\\\/nitorlack.com\\\/it\\\/barniz\\\/kits-it\\\/kit-chitarra-transparente\\\/\",\"url\":\"https:\\\/\\\/nitorlack.com\\\/it\\\/barniz\\\/kits-it\\\/kit-chitarra-transparente\\\/\",\"name\":\"CHITARRA TRANSPARENTE KIT | NitorLACK\",\"isPartOf\":{\"@id\":\"https:\\\/\\\/nitorlack.com\\\/it\\\/#website\"},\"primaryImageOfPage\":{\"@id\":\"https:\\\/\\\/nitorlack.com\\\/it\\\/barniz\\\/kits-it\\\/kit-chitarra-transparente\\\/#primaryimage\"},\"image\":{\"@id\":\"https:\\\/\\\/nitorlack.com\\\/it\\\/barniz\\\/kits-it\\\/kit-chitarra-transparente\\\/#primaryimage\"},\"thumbnailUrl\":\"https:\\\/\\\/nitorlack.com\\\/wp-content\\\/uploads\\\/2022\\\/12\\\/Guitarra-transparente.jpg\",\"datePublished\":\"2021-11-04T09:46:38+00:00\",\"dateModified\":\"2026-03-22T17:49:16+00:00\",\"description\":\"Dipingi la tua chitarra transparente con il nostro KIT. In esso ci sono tutti i prodotti per ottenere un risultato professionale.\",\"breadcrumb\":{\"@id\":\"https:\\\/\\\/nitorlack.com\\\/it\\\/barniz\\\/kits-it\\\/kit-chitarra-transparente\\\/#breadcrumb\"},\"inLanguage\":\"it-IT\",\"potentialAction\":[{\"@type\":\"ReadAction\",\"target\":[\"https:\\\/\\\/nitorlack.com\\\/it\\\/barniz\\\/kits-it\\\/kit-chitarra-transparente\\\/\"]}]},{\"@type\":\"ImageObject\",\"inLanguage\":\"it-IT\",\"@id\":\"https:\\\/\\\/nitorlack.com\\\/it\\\/barniz\\\/kits-it\\\/kit-chitarra-transparente\\\/#primaryimage\",\"url\":\"https:\\\/\\\/nitorlack.com\\\/wp-content\\\/uploads\\\/2022\\\/12\\\/Guitarra-transparente.jpg\",\"contentUrl\":\"https:\\\/\\\/nitorlack.com\\\/wp-content\\\/uploads\\\/2022\\\/12\\\/Guitarra-transparente.jpg\",\"width\":1000,\"height\":993,\"caption\":\"dipingere chitarre da zero\"},{\"@type\":\"BreadcrumbList\",\"@id\":\"https:\\\/\\\/nitorlack.com\\\/it\\\/barniz\\\/kits-it\\\/kit-chitarra-transparente\\\/#breadcrumb\",\"itemListElement\":[{\"@type\":\"ListItem\",\"position\":1,\"name\":\"Copertina\",\"item\":\"https:\\\/\\\/nitorlack.com\\\/it\\\/\"},{\"@type\":\"ListItem\",\"position\":2,\"name\":\"Negozio\",\"item\":\"https:\\\/\\\/nitorlack.com\\\/it\\\/negozio\\\/\"},{\"@type\":\"ListItem\",\"position\":3,\"name\":\"CHITARRA TRANSPARENTE KIT\"}]},{\"@type\":\"WebSite\",\"@id\":\"https:\\\/\\\/nitorlack.com\\\/it\\\/#website\",\"url\":\"https:\\\/\\\/nitorlack.com\\\/it\\\/\",\"name\":\"Nitorlack\",\"description\":\"Guitar Lacquers\",\"publisher\":{\"@id\":\"https:\\\/\\\/nitorlack.com\\\/it\\\/#organization\"},\"potentialAction\":[{\"@type\":\"SearchAction\",\"target\":{\"@type\":\"EntryPoint\",\"urlTemplate\":\"https:\\\/\\\/nitorlack.com\\\/it\\\/?s={search_term_string}\"},\"query-input\":{\"@type\":\"PropertyValueSpecification\",\"valueRequired\":true,\"valueName\":\"search_term_string\"}}],\"inLanguage\":\"it-IT\"},{\"@type\":\"Organization\",\"@id\":\"https:\\\/\\\/nitorlack.com\\\/it\\\/#organization\",\"name\":\"Nitorlack\",\"url\":\"https:\\\/\\\/nitorlack.com\\\/it\\\/\",\"logo\":{\"@type\":\"ImageObject\",\"inLanguage\":\"it-IT\",\"@id\":\"https:\\\/\\\/nitorlack.com\\\/it\\\/#\\\/schema\\\/logo\\\/image\\\/\",\"url\":\"http:\\\/\\\/nitorlack.com\\\/wp-content\\\/uploads\\\/2016\\\/02\\\/cropped-galleta-negra-1.jpg\",\"contentUrl\":\"http:\\\/\\\/nitorlack.com\\\/wp-content\\\/uploads\\\/2016\\\/02\\\/cropped-galleta-negra-1.jpg\",\"width\":512,\"height\":512,\"caption\":\"Nitorlack\"},\"image\":{\"@id\":\"https:\\\/\\\/nitorlack.com\\\/it\\\/#\\\/schema\\\/logo\\\/image\\\/\"}}]}<\/script>\n<!-- \/ Yoast SEO plugin. -->","yoast_head_json":{"title":"CHITARRA TRANSPARENTE KIT | NitorLACK","description":"Dipingi la tua chitarra transparente con il nostro KIT. In esso ci sono tutti i prodotti per ottenere un risultato professionale.","robots":{"index":"index","follow":"follow","max-snippet":"max-snippet:-1","max-image-preview":"max-image-preview:large","max-video-preview":"max-video-preview:-1"},"canonical":"https:\/\/nitorlack.com\/it\/barniz\/kits-it\/kit-chitarra-transparente\/","og_locale":"it_IT","og_type":"article","og_title":"CHITARRA TRANSPARENTE KIT | NitorLACK","og_description":"Dipingi la tua chitarra transparente con il nostro KIT. In esso ci sono tutti i prodotti per ottenere un risultato professionale.","og_url":"https:\/\/nitorlack.com\/it\/barniz\/kits-it\/kit-chitarra-transparente\/","og_site_name":"Nitorlack","article_modified_time":"2026-03-22T17:49:16+00:00","og_image":[{"width":1000,"height":993,"url":"https:\/\/nitorlack.com\/wp-content\/uploads\/2022\/12\/Guitarra-transparente.jpg","type":"image\/jpeg"}],"twitter_card":"summary_large_image","twitter_misc":{"Tempo di lettura stimato":"4 minuti"},"schema":{"@context":"https:\/\/schema.org","@graph":[{"@type":"WebPage","@id":"https:\/\/nitorlack.com\/it\/barniz\/kits-it\/kit-chitarra-transparente\/","url":"https:\/\/nitorlack.com\/it\/barniz\/kits-it\/kit-chitarra-transparente\/","name":"CHITARRA TRANSPARENTE KIT | NitorLACK","isPartOf":{"@id":"https:\/\/nitorlack.com\/it\/#website"},"primaryImageOfPage":{"@id":"https:\/\/nitorlack.com\/it\/barniz\/kits-it\/kit-chitarra-transparente\/#primaryimage"},"image":{"@id":"https:\/\/nitorlack.com\/it\/barniz\/kits-it\/kit-chitarra-transparente\/#primaryimage"},"thumbnailUrl":"https:\/\/nitorlack.com\/wp-content\/uploads\/2022\/12\/Guitarra-transparente.jpg","datePublished":"2021-11-04T09:46:38+00:00","dateModified":"2026-03-22T17:49:16+00:00","description":"Dipingi la tua chitarra transparente con il nostro KIT. In esso ci sono tutti i prodotti per ottenere un risultato professionale.","breadcrumb":{"@id":"https:\/\/nitorlack.com\/it\/barniz\/kits-it\/kit-chitarra-transparente\/#breadcrumb"},"inLanguage":"it-IT","potentialAction":[{"@type":"ReadAction","target":["https:\/\/nitorlack.com\/it\/barniz\/kits-it\/kit-chitarra-transparente\/"]}]},{"@type":"ImageObject","inLanguage":"it-IT","@id":"https:\/\/nitorlack.com\/it\/barniz\/kits-it\/kit-chitarra-transparente\/#primaryimage","url":"https:\/\/nitorlack.com\/wp-content\/uploads\/2022\/12\/Guitarra-transparente.jpg","contentUrl":"https:\/\/nitorlack.com\/wp-content\/uploads\/2022\/12\/Guitarra-transparente.jpg","width":1000,"height":993,"caption":"dipingere chitarre da zero"},{"@type":"BreadcrumbList","@id":"https:\/\/nitorlack.com\/it\/barniz\/kits-it\/kit-chitarra-transparente\/#breadcrumb","itemListElement":[{"@type":"ListItem","position":1,"name":"Copertina","item":"https:\/\/nitorlack.com\/it\/"},{"@type":"ListItem","position":2,"name":"Negozio","item":"https:\/\/nitorlack.com\/it\/negozio\/"},{"@type":"ListItem","position":3,"name":"CHITARRA TRANSPARENTE KIT"}]},{"@type":"WebSite","@id":"https:\/\/nitorlack.com\/it\/#website","url":"https:\/\/nitorlack.com\/it\/","name":"Nitorlack","description":"Guitar Lacquers","publisher":{"@id":"https:\/\/nitorlack.com\/it\/#organization"},"potentialAction":[{"@type":"SearchAction","target":{"@type":"EntryPoint","urlTemplate":"https:\/\/nitorlack.com\/it\/?s={search_term_string}"},"query-input":{"@type":"PropertyValueSpecification","valueRequired":true,"valueName":"search_term_string"}}],"inLanguage":"it-IT"},{"@type":"Organization","@id":"https:\/\/nitorlack.com\/it\/#organization","name":"Nitorlack","url":"https:\/\/nitorlack.com\/it\/","logo":{"@type":"ImageObject","inLanguage":"it-IT","@id":"https:\/\/nitorlack.com\/it\/#\/schema\/logo\/image\/","url":"http:\/\/nitorlack.com\/wp-content\/uploads\/2016\/02\/cropped-galleta-negra-1.jpg","contentUrl":"http:\/\/nitorlack.com\/wp-content\/uploads\/2016\/02\/cropped-galleta-negra-1.jpg","width":512,"height":512,"caption":"Nitorlack"},"image":{"@id":"https:\/\/nitorlack.com\/it\/#\/schema\/logo\/image\/"}}]}},"_links":{"self":[{"href":"https:\/\/nitorlack.com\/it\/wp-json\/wp\/v2\/product\/55096","targetHints":{"allow":["GET"]}}],"collection":[{"href":"https:\/\/nitorlack.com\/it\/wp-json\/wp\/v2\/product"}],"about":[{"href":"https:\/\/nitorlack.com\/it\/wp-json\/wp\/v2\/types\/product"}],"replies":[{"embeddable":true,"href":"https:\/\/nitorlack.com\/it\/wp-json\/wp\/v2\/comments?post=55096"}],"wp:featuredmedia":[{"embeddable":true,"href":"https:\/\/nitorlack.com\/it\/wp-json\/wp\/v2\/media\/62653"}],"wp:attachment":[{"href":"https:\/\/nitorlack.com\/it\/wp-json\/wp\/v2\/media?parent=55096"}],"wp:term":[{"taxonomy":"product_brand","embeddable":true,"href":"https:\/\/nitorlack.com\/it\/wp-json\/wp\/v2\/product_brand?post=55096"},{"taxonomy":"product_cat","embeddable":true,"href":"https:\/\/nitorlack.com\/it\/wp-json\/wp\/v2\/product_cat?post=55096"},{"taxonomy":"product_tag","embeddable":true,"href":"https:\/\/nitorlack.com\/it\/wp-json\/wp\/v2\/product_tag?post=55096"}],"curies":[{"name":"wp","href":"https:\/\/api.w.org\/{rel}","templated":true}]}}