{"id":47800,"date":"2018-02-28T14:56:43","date_gmt":"2021-05-25T07:50:50","guid":{"rendered":"http:\/\/nitorlack.com\/barniz\/senza-categoria\/spray-preval-completo\/"},"modified":"2025-09-11T13:35:21","modified_gmt":"2025-09-11T11:35:21","slug":"spray-preval-ricaricabile-full-power","status":"publish","type":"product","link":"https:\/\/nitorlack.com\/it\/barniz\/accesori\/varie-it\/spray-preval-ricaricabile-full-power\/","title":{"rendered":"SPRAY PREVALENTE &#8211; RICARICABILE"},"content":{"rendered":"<h2><strong>Spray ricaricabile con flacone in vetro<\/strong><\/h2>\n<h3><strong>Quando utilizzare la bomboletta spray ricaricabile?<\/strong><\/h3>\n<p>Se non avete scelto di utilizzare il nostro spray alla nitrocellulosa e desiderate utilizzare una soluzione poliuretanica o a base d&#8217;acqua, ma non disponete di una pistola a spruzzo, lo spray ricaricabile fa al caso vostro.<\/p>\n<p>Lo spray ricaricabile consente di spruzzare la vernice, nitrocellulosa, poliuretanica o a base d&#8217;acqua per ottenere una finitura bella e uniforme.<\/p>\n<h3><strong>Con quali prodotti si pu\u00f2 abbinare la bomboletta spray ricaricabile?<\/strong><\/h3>\n<p>Lo spray ricaricabile pu\u00f2 essere utilizzato con i nostri prodotti a base di lacca, poliuretano a base d&#8217;acqua e nitrocellulosa. La proporzione in cui il prodotto deve essere diluito dipende dal prodotto da utilizzare.<\/p>\n<h3><strong>Preparazione e applicazione del prodotto:<\/strong><\/h3>\n<ol>\n<li>Lo spray ricaricabile \u00e8 composto da due parti, un flacone di vetro e uno spray ricaricabile.<\/li>\n<li>Riempire la bottiglia di vetro con non pi\u00f9 di 170 ml della vernice che si desidera utilizzare per la finitura del kit per chitarra. Assicurarsi di aver agitato la vernice in precedenza in modo che sia omogenea,<br \/>\nAvvitare l&#8217;articolo spray ricaricabile nel contenitore di vetro.<\/li>\n<li>Spruzzare la vernice sul corpo e sul manico della chitarra per ottenere la finitura desiderata.<\/li>\n<\/ol>\n<p>Si noti che la bomboletta di vetro \u00e8 riutilizzabile tutte le volte che \u00e8 necessario e che \u00e8 possibile acquistare solo ricariche per i prodotti spray, lasciando semplicemente la bomboletta pulita.<\/p>\n<p>La bomboletta di ricarica spruzza un totale di 500-600 ml di vernice con una pressione di 4,4 bar e un ugello da 4 mm.<br \/>\nSul nostro sito web \u00e8 disponibile anche <a href=\"https:\/\/nitorlack.com\/it\/barniz\/accesori\/varie-it\/ricarica-spray-preval-ricaricabile\/\">una ricarica<\/a> per prolungare la durata di questo prodotto.<\/p>\n<p><img loading=\"lazy\" decoding=\"async\" class=\"\" src=\"https:\/\/lacasadepinturas.com\/images\/15122016124809preval4.jpg\" width=\"725\" height=\"240\" \/><\/p>\n<h3><strong>DATI TECNICI<\/strong><\/h3>\n<ul>\n<li>Unit\u00e0 a gas: 3 oz. (85.05 gr) Propellente, con una resa liquida di 453,6 (16 once).<\/li>\n<li>ecologico e innocuo<\/li>\n<li>Pressione di spruzzo: 4,4 bar.<\/li>\n<li>Capacit\u00e0 della tazza di vetro a vite: 6 once \/ 170 ml (riutilizzabile)<\/li>\n<li>Viscosit\u00e0: 17 sec per 100 cc di liquidi Ugello da 4 mm (DIN EN ISO 2431).<\/li>\n<\/ul>\n<p>Con la garanzia del servizio di <a style=\"font-size: 16px; background-color: #ffffff;\" href=\"https:\/\/valresa.com\/\">valresa.com<\/a><\/p>\n","protected":false},"excerpt":{"rendered":"<ul>\n<li>Questo spray ricaricabile consente di applicare a spruzzo i prodotti in forma liquida, come quelli<strong> poliuretanici o a base d&#8217;acqua<\/strong>.<\/li>\n<li>Mettere il prodotto che si desidera applicare nel flacone di vetro, diluirlo e iniziare ad applicarlo fino ad ottenere un buon risultato.<\/li>\n<li>Si distingue per la <strong>facilit\u00e0 d&#8217;uso<\/strong> di tutti i nostri prodotti, per i clienti che non dispongono di una pistola professionale.<\/li>\n<\/ul>\n","protected":false},"featured_media":74690,"comment_status":"open","ping_status":"closed","template":"","meta":{"om_disable_all_campaigns":false,"site-sidebar-layout":"no-sidebar","site-content-layout":"plain-container","ast-site-content-layout":"normal-width-container","site-content-style":"unboxed","site-sidebar-style":"unboxed","ast-global-header-display":"","ast-banner-title-visibility":"","ast-main-header-display":"","ast-hfb-above-header-display":"","ast-hfb-below-header-display":"","ast-hfb-mobile-header-display":"","site-post-title":"disabled","ast-breadcrumbs-content":"","ast-featured-img":"disabled","footer-sml-layout":"","ast-disable-related-posts":"","theme-transparent-header-meta":"default","adv-header-id-meta":"","stick-header-meta":"default","header-above-stick-meta":"","header-main-stick-meta":"","header-below-stick-meta":"","astra-migrate-meta-layouts":"default","ast-page-background-enabled":"default","ast-page-background-meta":{"desktop":{"background-color":"var(--ast-global-color-4)","background-image":"","background-repeat":"repeat","background-position":"center center","background-size":"auto","background-attachment":"scroll","background-type":"","background-media":"","overlay-type":"","overlay-color":"","overlay-opacity":"","overlay-gradient":""},"tablet":{"background-color":"","background-image":"","background-repeat":"repeat","background-position":"center center","background-size":"auto","background-attachment":"scroll","background-type":"","background-media":"","overlay-type":"","overlay-color":"","overlay-opacity":"","overlay-gradient":""},"mobile":{"background-color":"","background-image":"","background-repeat":"repeat","background-position":"center center","background-size":"auto","background-attachment":"scroll","background-type":"","background-media":"","overlay-type":"","overlay-color":"","overlay-opacity":"","overlay-gradient":""}},"ast-content-background-meta":{"desktop":{"background-color":"var(--ast-global-color-5)","background-image":"","background-repeat":"repeat","background-position":"center center","background-size":"auto","background-attachment":"scroll","background-type":"","background-media":"","overlay-type":"","overlay-color":"","overlay-opacity":"","overlay-gradient":""},"tablet":{"background-color":"var(--ast-global-color-5)","background-image":"","background-repeat":"repeat","background-position":"center center","background-size":"auto","background-attachment":"scroll","background-type":"","background-media":"","overlay-type":"","overlay-color":"","overlay-opacity":"","overlay-gradient":""},"mobile":{"background-color":"var(--ast-global-color-5)","background-image":"","background-repeat":"repeat","background-position":"center center","background-size":"auto","background-attachment":"scroll","background-type":"","background-media":"","overlay-type":"","overlay-color":"","overlay-opacity":"","overlay-gradient":""}}},"product_brand":[],"product_cat":[95,7702,342],"product_tag":[],"class_list":{"0":"post-47800","1":"product","2":"type-product","3":"status-publish","4":"has-post-thumbnail","6":"product_cat-accesori","7":"product_cat-spray-recargable-it","8":"product_cat-varie-it","9":"desktop-align-center","10":"tablet-align-center","11":"mobile-align-center","12":"ast-product-gallery-layout-horizontal-slider","13":"ast-product-gallery-with-no-image","14":"ast-product-tabs-layout-horizontal","16":"first","17":"instock","18":"taxable","19":"shipping-taxable","20":"purchasable","21":"product-type-simple"},"bundled_by":[],"bundle_stock_status":"instock","bundle_stock_quantity":4991,"bundle_virtual":false,"bundle_layout":"","bundle_add_to_cart_form_location":"","bundle_editable_in_cart":false,"bundle_sold_individually_context":"","bundle_item_grouping":"","bundle_min_size":"","bundle_max_size":"","bundle_price":[],"bundled_items":[],"bundle_sell_ids":[47799],"yoast_head":"<!-- This site is optimized with the Yoast SEO plugin v27.3 - https:\/\/yoast.com\/product\/yoast-seo-wordpress\/ -->\n<title>Spray Prevalente - Ricaricabile | NITORLACK<\/title>\n<meta name=\"description\" content=\"Prodotto molto utile per spruzzare qualsiasi tipo di colore o vernice senza una pistola professionale. Consente di applicare prodotti liquidi in formato spray\" \/>\n<meta name=\"robots\" content=\"index, follow, max-snippet:-1, max-image-preview:large, max-video-preview:-1\" \/>\n<link rel=\"canonical\" href=\"https:\/\/nitorlack.com\/it\/barniz\/accesori\/varie-it\/spray-preval-ricaricabile-full-power\/\" \/>\n<meta property=\"og:locale\" content=\"it_IT\" \/>\n<meta property=\"og:type\" content=\"article\" \/>\n<meta property=\"og:title\" content=\"Spray Prevalente - Ricaricabile | NITORLACK\" \/>\n<meta property=\"og:description\" content=\"Prodotto molto utile per spruzzare qualsiasi tipo di colore o vernice senza una pistola professionale. Consente di applicare prodotti liquidi in formato spray\" \/>\n<meta property=\"og:url\" content=\"https:\/\/nitorlack.com\/it\/barniz\/accesori\/varie-it\/spray-preval-ricaricabile-full-power\/\" \/>\n<meta property=\"og:site_name\" content=\"Nitorlack\" \/>\n<meta property=\"article:modified_time\" content=\"2025-09-11T11:35:21+00:00\" \/>\n<meta property=\"og:image\" content=\"https:\/\/nitorlack.com\/wp-content\/uploads\/2022\/11\/PREVAL2.png\" \/>\n\t<meta property=\"og:image:width\" content=\"442\" \/>\n\t<meta property=\"og:image:height\" content=\"444\" \/>\n\t<meta property=\"og:image:type\" content=\"image\/png\" \/>\n<meta name=\"twitter:card\" content=\"summary_large_image\" \/>\n<meta name=\"twitter:label1\" content=\"Tempo di lettura stimato\" \/>\n\t<meta name=\"twitter:data1\" content=\"2 minuti\" \/>\n<script type=\"application\/ld+json\" class=\"yoast-schema-graph\">{\"@context\":\"https:\\\/\\\/schema.org\",\"@graph\":[{\"@type\":\"WebPage\",\"@id\":\"https:\\\/\\\/nitorlack.com\\\/it\\\/barniz\\\/accesori\\\/varie-it\\\/spray-preval-ricaricabile-full-power\\\/\",\"url\":\"https:\\\/\\\/nitorlack.com\\\/it\\\/barniz\\\/accesori\\\/varie-it\\\/spray-preval-ricaricabile-full-power\\\/\",\"name\":\"Spray Prevalente - Ricaricabile | NITORLACK\",\"isPartOf\":{\"@id\":\"https:\\\/\\\/nitorlack.com\\\/it\\\/#website\"},\"primaryImageOfPage\":{\"@id\":\"https:\\\/\\\/nitorlack.com\\\/it\\\/barniz\\\/accesori\\\/varie-it\\\/spray-preval-ricaricabile-full-power\\\/#primaryimage\"},\"image\":{\"@id\":\"https:\\\/\\\/nitorlack.com\\\/it\\\/barniz\\\/accesori\\\/varie-it\\\/spray-preval-ricaricabile-full-power\\\/#primaryimage\"},\"thumbnailUrl\":\"https:\\\/\\\/nitorlack.com\\\/wp-content\\\/uploads\\\/2024\\\/09\\\/Preval.jpg\",\"datePublished\":\"2021-05-25T07:50:50+00:00\",\"dateModified\":\"2025-09-11T11:35:21+00:00\",\"description\":\"Prodotto molto utile per spruzzare qualsiasi tipo di colore o vernice senza una pistola professionale. Consente di applicare prodotti liquidi in formato spray\",\"breadcrumb\":{\"@id\":\"https:\\\/\\\/nitorlack.com\\\/it\\\/barniz\\\/accesori\\\/varie-it\\\/spray-preval-ricaricabile-full-power\\\/#breadcrumb\"},\"inLanguage\":\"it-IT\",\"potentialAction\":[{\"@type\":\"ReadAction\",\"target\":[\"https:\\\/\\\/nitorlack.com\\\/it\\\/barniz\\\/accesori\\\/varie-it\\\/spray-preval-ricaricabile-full-power\\\/\"]}]},{\"@type\":\"ImageObject\",\"inLanguage\":\"it-IT\",\"@id\":\"https:\\\/\\\/nitorlack.com\\\/it\\\/barniz\\\/accesori\\\/varie-it\\\/spray-preval-ricaricabile-full-power\\\/#primaryimage\",\"url\":\"https:\\\/\\\/nitorlack.com\\\/wp-content\\\/uploads\\\/2024\\\/09\\\/Preval.jpg\",\"contentUrl\":\"https:\\\/\\\/nitorlack.com\\\/wp-content\\\/uploads\\\/2024\\\/09\\\/Preval.jpg\",\"width\":1500,\"height\":1500,\"caption\":\"Spray preval\"},{\"@type\":\"BreadcrumbList\",\"@id\":\"https:\\\/\\\/nitorlack.com\\\/it\\\/barniz\\\/accesori\\\/varie-it\\\/spray-preval-ricaricabile-full-power\\\/#breadcrumb\",\"itemListElement\":[{\"@type\":\"ListItem\",\"position\":1,\"name\":\"Copertina\",\"item\":\"https:\\\/\\\/nitorlack.com\\\/it\\\/\"},{\"@type\":\"ListItem\",\"position\":2,\"name\":\"Negozio\",\"item\":\"https:\\\/\\\/nitorlack.com\\\/it\\\/negozio\\\/\"},{\"@type\":\"ListItem\",\"position\":3,\"name\":\"SPRAY PREVALENTE &#8211; RICARICABILE\"}]},{\"@type\":\"WebSite\",\"@id\":\"https:\\\/\\\/nitorlack.com\\\/it\\\/#website\",\"url\":\"https:\\\/\\\/nitorlack.com\\\/it\\\/\",\"name\":\"Nitorlack\",\"description\":\"Guitar Lacquers\",\"publisher\":{\"@id\":\"https:\\\/\\\/nitorlack.com\\\/it\\\/#organization\"},\"potentialAction\":[{\"@type\":\"SearchAction\",\"target\":{\"@type\":\"EntryPoint\",\"urlTemplate\":\"https:\\\/\\\/nitorlack.com\\\/it\\\/?s={search_term_string}\"},\"query-input\":{\"@type\":\"PropertyValueSpecification\",\"valueRequired\":true,\"valueName\":\"search_term_string\"}}],\"inLanguage\":\"it-IT\"},{\"@type\":\"Organization\",\"@id\":\"https:\\\/\\\/nitorlack.com\\\/it\\\/#organization\",\"name\":\"Nitorlack\",\"url\":\"https:\\\/\\\/nitorlack.com\\\/it\\\/\",\"logo\":{\"@type\":\"ImageObject\",\"inLanguage\":\"it-IT\",\"@id\":\"https:\\\/\\\/nitorlack.com\\\/it\\\/#\\\/schema\\\/logo\\\/image\\\/\",\"url\":\"http:\\\/\\\/nitorlack.com\\\/wp-content\\\/uploads\\\/2016\\\/02\\\/cropped-galleta-negra-1.jpg\",\"contentUrl\":\"http:\\\/\\\/nitorlack.com\\\/wp-content\\\/uploads\\\/2016\\\/02\\\/cropped-galleta-negra-1.jpg\",\"width\":512,\"height\":512,\"caption\":\"Nitorlack\"},\"image\":{\"@id\":\"https:\\\/\\\/nitorlack.com\\\/it\\\/#\\\/schema\\\/logo\\\/image\\\/\"}}]}<\/script>\n<!-- \/ Yoast SEO plugin. -->","yoast_head_json":{"title":"Spray Prevalente - Ricaricabile | NITORLACK","description":"Prodotto molto utile per spruzzare qualsiasi tipo di colore o vernice senza una pistola professionale. Consente di applicare prodotti liquidi in formato spray","robots":{"index":"index","follow":"follow","max-snippet":"max-snippet:-1","max-image-preview":"max-image-preview:large","max-video-preview":"max-video-preview:-1"},"canonical":"https:\/\/nitorlack.com\/it\/barniz\/accesori\/varie-it\/spray-preval-ricaricabile-full-power\/","og_locale":"it_IT","og_type":"article","og_title":"Spray Prevalente - Ricaricabile | NITORLACK","og_description":"Prodotto molto utile per spruzzare qualsiasi tipo di colore o vernice senza una pistola professionale. Consente di applicare prodotti liquidi in formato spray","og_url":"https:\/\/nitorlack.com\/it\/barniz\/accesori\/varie-it\/spray-preval-ricaricabile-full-power\/","og_site_name":"Nitorlack","article_modified_time":"2025-09-11T11:35:21+00:00","og_image":[{"width":442,"height":444,"url":"https:\/\/nitorlack.com\/wp-content\/uploads\/2022\/11\/PREVAL2.png","type":"image\/png"}],"twitter_card":"summary_large_image","twitter_misc":{"Tempo di lettura stimato":"2 minuti"},"schema":{"@context":"https:\/\/schema.org","@graph":[{"@type":"WebPage","@id":"https:\/\/nitorlack.com\/it\/barniz\/accesori\/varie-it\/spray-preval-ricaricabile-full-power\/","url":"https:\/\/nitorlack.com\/it\/barniz\/accesori\/varie-it\/spray-preval-ricaricabile-full-power\/","name":"Spray Prevalente - Ricaricabile | NITORLACK","isPartOf":{"@id":"https:\/\/nitorlack.com\/it\/#website"},"primaryImageOfPage":{"@id":"https:\/\/nitorlack.com\/it\/barniz\/accesori\/varie-it\/spray-preval-ricaricabile-full-power\/#primaryimage"},"image":{"@id":"https:\/\/nitorlack.com\/it\/barniz\/accesori\/varie-it\/spray-preval-ricaricabile-full-power\/#primaryimage"},"thumbnailUrl":"https:\/\/nitorlack.com\/wp-content\/uploads\/2024\/09\/Preval.jpg","datePublished":"2021-05-25T07:50:50+00:00","dateModified":"2025-09-11T11:35:21+00:00","description":"Prodotto molto utile per spruzzare qualsiasi tipo di colore o vernice senza una pistola professionale. Consente di applicare prodotti liquidi in formato spray","breadcrumb":{"@id":"https:\/\/nitorlack.com\/it\/barniz\/accesori\/varie-it\/spray-preval-ricaricabile-full-power\/#breadcrumb"},"inLanguage":"it-IT","potentialAction":[{"@type":"ReadAction","target":["https:\/\/nitorlack.com\/it\/barniz\/accesori\/varie-it\/spray-preval-ricaricabile-full-power\/"]}]},{"@type":"ImageObject","inLanguage":"it-IT","@id":"https:\/\/nitorlack.com\/it\/barniz\/accesori\/varie-it\/spray-preval-ricaricabile-full-power\/#primaryimage","url":"https:\/\/nitorlack.com\/wp-content\/uploads\/2024\/09\/Preval.jpg","contentUrl":"https:\/\/nitorlack.com\/wp-content\/uploads\/2024\/09\/Preval.jpg","width":1500,"height":1500,"caption":"Spray preval"},{"@type":"BreadcrumbList","@id":"https:\/\/nitorlack.com\/it\/barniz\/accesori\/varie-it\/spray-preval-ricaricabile-full-power\/#breadcrumb","itemListElement":[{"@type":"ListItem","position":1,"name":"Copertina","item":"https:\/\/nitorlack.com\/it\/"},{"@type":"ListItem","position":2,"name":"Negozio","item":"https:\/\/nitorlack.com\/it\/negozio\/"},{"@type":"ListItem","position":3,"name":"SPRAY PREVALENTE &#8211; RICARICABILE"}]},{"@type":"WebSite","@id":"https:\/\/nitorlack.com\/it\/#website","url":"https:\/\/nitorlack.com\/it\/","name":"Nitorlack","description":"Guitar Lacquers","publisher":{"@id":"https:\/\/nitorlack.com\/it\/#organization"},"potentialAction":[{"@type":"SearchAction","target":{"@type":"EntryPoint","urlTemplate":"https:\/\/nitorlack.com\/it\/?s={search_term_string}"},"query-input":{"@type":"PropertyValueSpecification","valueRequired":true,"valueName":"search_term_string"}}],"inLanguage":"it-IT"},{"@type":"Organization","@id":"https:\/\/nitorlack.com\/it\/#organization","name":"Nitorlack","url":"https:\/\/nitorlack.com\/it\/","logo":{"@type":"ImageObject","inLanguage":"it-IT","@id":"https:\/\/nitorlack.com\/it\/#\/schema\/logo\/image\/","url":"http:\/\/nitorlack.com\/wp-content\/uploads\/2016\/02\/cropped-galleta-negra-1.jpg","contentUrl":"http:\/\/nitorlack.com\/wp-content\/uploads\/2016\/02\/cropped-galleta-negra-1.jpg","width":512,"height":512,"caption":"Nitorlack"},"image":{"@id":"https:\/\/nitorlack.com\/it\/#\/schema\/logo\/image\/"}}]}},"_links":{"self":[{"href":"https:\/\/nitorlack.com\/it\/wp-json\/wp\/v2\/product\/47800","targetHints":{"allow":["GET"]}}],"collection":[{"href":"https:\/\/nitorlack.com\/it\/wp-json\/wp\/v2\/product"}],"about":[{"href":"https:\/\/nitorlack.com\/it\/wp-json\/wp\/v2\/types\/product"}],"replies":[{"embeddable":true,"href":"https:\/\/nitorlack.com\/it\/wp-json\/wp\/v2\/comments?post=47800"}],"wp:featuredmedia":[{"embeddable":true,"href":"https:\/\/nitorlack.com\/it\/wp-json\/wp\/v2\/media\/74690"}],"wp:attachment":[{"href":"https:\/\/nitorlack.com\/it\/wp-json\/wp\/v2\/media?parent=47800"}],"wp:term":[{"taxonomy":"product_brand","embeddable":true,"href":"https:\/\/nitorlack.com\/it\/wp-json\/wp\/v2\/product_brand?post=47800"},{"taxonomy":"product_cat","embeddable":true,"href":"https:\/\/nitorlack.com\/it\/wp-json\/wp\/v2\/product_cat?post=47800"},{"taxonomy":"product_tag","embeddable":true,"href":"https:\/\/nitorlack.com\/it\/wp-json\/wp\/v2\/product_tag?post=47800"}],"curies":[{"name":"wp","href":"https:\/\/api.w.org\/{rel}","templated":true}]}}