{"id":46582,"date":"2021-03-15T15:41:49","date_gmt":"2021-03-15T15:01:03","guid":{"rendered":"http:\/\/nitorlack.com\/barniz\/senza-categoria\/orange-vintage\/"},"modified":"2026-04-03T18:38:27","modified_gmt":"2026-04-03T16:38:27","slug":"orange-vintage","status":"publish","type":"product","link":"https:\/\/nitorlack.com\/it\/barniz\/colores-it\/translucido\/orange-vintage\/","title":{"rendered":"ORANGE VINTAGE"},"content":{"rendered":"<div class=\"wpb-content-wrapper\"><h1 style=\"text-align: center;\">Nitrocelulosa guitarra ORANGE VINTAGE y todo lo necesario para pintar guitarra el\u00e9ctrica<\/h1>\n<p>[vc_row full_width=&#8221;stretch_row&#8221; css=&#8221;.vc_custom_1593585138596{background-color: #ffffff !important;}&#8221;][vc_column][vc_column_text]<\/p>\n<h1 style=\"text-align: center;\">#mynitorlack<\/h1>\n<hr \/>\n<p>[\/vc_column_text][\/vc_column][\/vc_row][vc_row css=&#8221;.vc_custom_1615475940538{background-color: #ffffff !important;}&#8221;][vc_column width=&#8221;1\/3&#8243;][\/vc_column][vc_column width=&#8221;1\/3&#8243;][\/vc_column][vc_column width=&#8221;1\/3&#8243;][\/vc_column][\/vc_row][vc_row css=&#8221;.vc_custom_1615458685232{background-color: #ffffff !important;}&#8221;][vc_column][vc_empty_space height=&#8221;50px&#8221;][\/vc_column][\/vc_row][vc_row css=&#8221;.vc_custom_1615458702733{background-color: #ffffff !important;}&#8221;][vc_column width=&#8221;2\/3&#8243;][vc_column_text]<\/p>\n<h2><strong>Ispirato al vintage<br \/>\n<\/strong><\/h2>\n<h5>Basato sui colori originali Fender e Gibson.<\/h5>\n<p><span style=\"color: #000000;\">Per sviluppare i nostri colori ci siamo affidati a campioni originali degli anni &#8217;50 e &#8217;60. <\/span><span style=\"color: #000000;\">Dopo un grande lavoro e uno studio approfondito da parte del nostro laboratorio e dell&#8217;ufficio tecnico, sono stati raggiunti colori che ricreano fedelmente i toni delle chitarre vintage Fender e Gibson.<br \/>\n<\/span><\/p>\n<p><span style=\"color: #000000;\">In quegli anni fino ad oggi, va tenuto presente che i colori delle chitarre vintage sono variati notevolmente nel corso degli anni a causa dell&#8217;invecchiamento della nitrocellulosa e dei cambiamenti nei colori dei marchi. Quindi due chitarre finite nel 1960 con i colori delle carte fender oggi possono essere totalmente diverse tra loro o rispetto ad una chitarra pi\u00f9 attuale.<br \/>\n<\/span>[\/vc_column_text][\/vc_column][vc_column width=&#8221;1\/3&#8243;][vc_single_image image=&#8221;27766&#8243; img_size=&#8221;medium&#8221;][\/vc_column][\/vc_row][vc_row][vc_column][vc_empty_space height=&#8221;80px&#8221;][\/vc_column][\/vc_row][vc_row][vc_column width=&#8221;1\/2&#8243;][vc_single_image image=&#8221;24894&#8243; img_size=&#8221;large&#8221;][\/vc_column][vc_column width=&#8221;1\/2&#8243;][vc_column_text]<\/p>\n<h2><strong>Spray nitrocellulosico<br \/>\n<\/strong><\/h2>\n<h5>Dipingi facilmente la tua chitarra con il nostro spray.<\/h5>\n<p>Affinch\u00e9 l&#8217;attrezzatura per la verniciatura non sia un ostacolo alla verniciatura della tua chitarra, in Nitorlack abbiamo sviluppato tutti i nostri colori in formato Spray. \u00c8 possibile ottenere una finitura professionale con tutta la nostra gamma di prodotti, dagli sfondi e l&#8217;intera gamma di colori, alle finiture lucide e opache.<\/p>\n<p><strong><u>Quanto prodotto devo acquistare in spray? <\/u><\/strong>Dipender\u00e0 molto dal tipo di legno e dalla quantit\u00e0 di prodotto che si applica per ogni mano e dalla finitura desiderata, effetto specchio o &#8220;poro aperto&#8221;. Ma in generale per una chitarra con un poro di legno medio, per un manico di chitarra elettrica: 2 spray di finitura (lucidi o opachi), per un corpo di chitarra elettrica: 1 spray di sottofondo e 3 spray di finitura (lucidi o opachi)), classica o acustica : 1 spray di fondo e 4 o 5 spray di finitura (lucidi o opachi) e Ukulele: 2 spray di finitura. (lucido o opaco). Se si desidera applicare qualsiasi colore, tra lo sfondo e la finitura \u00e8 necessario aggiungere 1 o 2 spruzzi del colore desiderato.<\/p>\n<p><strong><u>Suggerimenti per l&#8217;applicazione<\/u><\/strong>a spruzzo Agitare energicamente per 2-5 minuti prima dell&#8217;applicazione. Si consiglia di applicare lo spray in strati sottili e con un&#8217;umidit\u00e0 ambientale la pi\u00f9 bassa possibile. Applicare con movimento uniforme e ad una distanza di circa 20 cm. \u00c8 importante applicare un primer e carteggiare con 400 prima di applicare lo spray per ottenere una superficie uniforme prima della colorazione o della finitura. Carteggiare tra una mano e l&#8217;altra e lasciare asciugare per 12 &#8211; 24 ore tra una mano e l&#8217;altra. Applicare in aree ventilate.[\/vc_column_text][\/vc_column][\/vc_row][vc_row][vc_column][vc_empty_space height=&#8221;80px&#8221;][\/vc_column][\/vc_row][vc_row][vc_column width=&#8221;1\/2&#8243;][vc_column_text]<\/p>\n<h2><strong>Nitrocelulosa en lata<br \/>\n<\/strong><\/h2>\n<h5>Acabado profesional.<\/h5>\n<p>Si quieres conseguir en tu guitarra un acabado perfecto y dispones de un equipo de pintado (pistola y compresor) la mejor eleccion son los productos en lata, tienes un mayor rendimiento por un precio menor y con un equipo de pintado el resultado fin\u00e1l sera profesional con menos esfuerzo.<\/p>\n<p>Se recomienda diluir el producto con disolvente para ajustar la viscosidad y que la aplicaci\u00f3n sea perfecta, disponemos de dos tipos de disolventes. El disolvente habitual que se utiliza es <a href=\"http:\/\/nitorlack.com\/barniz\/disolventes\/disolventes-2\/solvent-nitorlack\/\"><strong>Solvent Medium<\/strong><\/a>, pero para condiciones ambientales de humedad y temperatura m\u00e1s extremas podemos utilizar <a href=\"http:\/\/nitorlack.com\/barniz\/disolventes\/disolventes-2\/solvent-nitorlack\/\"><strong>Solvent Retard<\/strong><\/a> para evitar hervidos y velados en el acabado. Las condiciones optimas de aplicaci\u00f3n son entre <strong>15 y 25 \u00baC de temperatura y 50 a 70 % de humedad<\/strong>. El porcentaje de diluci\u00f3n va a depender del equipo de pintura y su configuraci\u00f3n pero lo recomendable es entre un <strong>10 a 20% de disolvente<\/strong>. El <strong>pico de la pistola<\/strong> los m\u00e1s habitual es <strong>1.3 a 1.5<\/strong> y la presi\u00f3n del compresor sobre 2.5 a 3 bares.[\/vc_column_text][\/vc_column][vc_column width=&#8221;1\/2&#8243;][vc_single_image image=&#8221;24716&#8243; img_size=&#8221;large&#8221;][\/vc_column][\/vc_row]<\/p>\n<\/div>","protected":false},"excerpt":{"rendered":"<p>Vernice color nitrocellulosa, un po &#8216;pi\u00f9 arancione dell&#8217;Amber Vintage che offre un tono naturale nei primi strati e vicino ai colli Fender degli anni &#8217;70 quando applichiamo pi\u00f9 prodotto.<\/p>\n<p>Ottieni il tono basato su strati sottili di finitura tonica, fino a ottenere l&#8217;intensit\u00e0 che desideri.<\/p>\n","protected":false},"featured_media":46580,"comment_status":"closed","ping_status":"closed","template":"","meta":{"om_disable_all_campaigns":false,"site-sidebar-layout":"no-sidebar","site-content-layout":"plain-container","ast-site-content-layout":"default","site-content-style":"default","site-sidebar-style":"default","ast-global-header-display":"","ast-banner-title-visibility":"","ast-main-header-display":"","ast-hfb-above-header-display":"","ast-hfb-below-header-display":"","ast-hfb-mobile-header-display":"","site-post-title":"disabled","ast-breadcrumbs-content":"","ast-featured-img":"disabled","footer-sml-layout":"","ast-disable-related-posts":"","theme-transparent-header-meta":"default","adv-header-id-meta":"","stick-header-meta":"default","header-above-stick-meta":"","header-main-stick-meta":"","header-below-stick-meta":"","astra-migrate-meta-layouts":"default","ast-page-background-enabled":"default","ast-page-background-meta":{"desktop":{"background-color":"var(--ast-global-color-4)","background-image":"","background-repeat":"repeat","background-position":"center center","background-size":"auto","background-attachment":"scroll","background-type":"","background-media":"","overlay-type":"","overlay-color":"","overlay-opacity":"","overlay-gradient":""},"tablet":{"background-color":"","background-image":"","background-repeat":"repeat","background-position":"center center","background-size":"auto","background-attachment":"scroll","background-type":"","background-media":"","overlay-type":"","overlay-color":"","overlay-opacity":"","overlay-gradient":""},"mobile":{"background-color":"","background-image":"","background-repeat":"repeat","background-position":"center center","background-size":"auto","background-attachment":"scroll","background-type":"","background-media":"","overlay-type":"","overlay-color":"","overlay-opacity":"","overlay-gradient":""}},"ast-content-background-meta":{"desktop":{"background-color":"var(--ast-global-color-5)","background-image":"","background-repeat":"repeat","background-position":"center center","background-size":"auto","background-attachment":"scroll","background-type":"","background-media":"","overlay-type":"","overlay-color":"","overlay-opacity":"","overlay-gradient":""},"tablet":{"background-color":"var(--ast-global-color-5)","background-image":"","background-repeat":"repeat","background-position":"center center","background-size":"auto","background-attachment":"scroll","background-type":"","background-media":"","overlay-type":"","overlay-color":"","overlay-opacity":"","overlay-gradient":""},"mobile":{"background-color":"var(--ast-global-color-5)","background-image":"","background-repeat":"repeat","background-position":"center center","background-size":"auto","background-attachment":"scroll","background-type":"","background-media":"","overlay-type":"","overlay-color":"","overlay-opacity":"","overlay-gradient":""}}},"product_brand":[],"product_cat":[7028,7427],"product_tag":[],"class_list":{"0":"post-46582","1":"product","2":"type-product","3":"status-publish","4":"has-post-thumbnail","6":"product_cat-colores-it","7":"product_cat-translucido","8":"desktop-align-center","9":"tablet-align-center","10":"mobile-align-center","11":"ast-product-gallery-layout-horizontal-slider","12":"ast-product-gallery-with-no-image","13":"ast-product-single-variable","14":"ast-product-tabs-layout-horizontal","16":"first","17":"instock","18":"taxable","19":"shipping-taxable","20":"purchasable","21":"product-type-variable"},"bundled_by":[],"bundle_stock_status":"instock","bundle_stock_quantity":4932,"bundle_virtual":false,"bundle_layout":"","bundle_add_to_cart_form_location":"","bundle_editable_in_cart":false,"bundle_sold_individually_context":"","bundle_item_grouping":"","bundle_min_size":"","bundle_max_size":"","bundle_price":[],"bundled_items":[],"bundle_sell_ids":[],"yoast_head":"<!-- This site is optimized with the Yoast SEO plugin v27.3 - https:\/\/yoast.com\/product\/yoast-seo-wordpress\/ -->\n<title>ORANGE VINTAGE | vernice chitarra NitorLACK<\/title>\n<meta name=\"description\" content=\"Nitorlack -Vernice alla nitrocellulosa per chitarre, colori vintage e tutorial su come dipingere la tua chitarra. Scoprire ORANGE VINTAGE\" \/>\n<meta name=\"robots\" content=\"index, follow, max-snippet:-1, max-image-preview:large, max-video-preview:-1\" \/>\n<link rel=\"canonical\" href=\"https:\/\/nitorlack.com\/it\/barniz\/colores-it\/translucido\/orange-vintage\/\" \/>\n<meta property=\"og:locale\" content=\"it_IT\" \/>\n<meta property=\"og:type\" content=\"article\" \/>\n<meta property=\"og:title\" content=\"ORANGE VINTAGE | vernice chitarra NitorLACK\" \/>\n<meta property=\"og:description\" content=\"Nitorlack -Vernice alla nitrocellulosa per chitarre, colori vintage e tutorial su come dipingere la tua chitarra. Scoprire ORANGE VINTAGE\" \/>\n<meta property=\"og:url\" content=\"https:\/\/nitorlack.com\/it\/barniz\/colores-it\/translucido\/orange-vintage\/\" \/>\n<meta property=\"og:site_name\" content=\"Nitorlack\" \/>\n<meta property=\"article:modified_time\" content=\"2026-04-03T16:38:27+00:00\" \/>\n<meta property=\"og:image\" content=\"https:\/\/nitorlack.com\/wp-content\/uploads\/2021\/03\/preview_2-01.jpg\" \/>\n\t<meta property=\"og:image:width\" content=\"700\" \/>\n\t<meta property=\"og:image:height\" content=\"866\" \/>\n\t<meta property=\"og:image:type\" content=\"image\/jpeg\" \/>\n<meta name=\"twitter:card\" content=\"summary_large_image\" \/>\n<meta name=\"twitter:label1\" content=\"Tempo di lettura stimato\" \/>\n\t<meta name=\"twitter:data1\" content=\"4 minuti\" \/>\n<script type=\"application\/ld+json\" class=\"yoast-schema-graph\">{\"@context\":\"https:\\\/\\\/schema.org\",\"@graph\":[{\"@type\":\"WebPage\",\"@id\":\"https:\\\/\\\/nitorlack.com\\\/it\\\/barniz\\\/colores-it\\\/translucido\\\/orange-vintage\\\/\",\"url\":\"https:\\\/\\\/nitorlack.com\\\/it\\\/barniz\\\/colores-it\\\/translucido\\\/orange-vintage\\\/\",\"name\":\"ORANGE VINTAGE | vernice chitarra NitorLACK\",\"isPartOf\":{\"@id\":\"https:\\\/\\\/nitorlack.com\\\/it\\\/#website\"},\"primaryImageOfPage\":{\"@id\":\"https:\\\/\\\/nitorlack.com\\\/it\\\/barniz\\\/colores-it\\\/translucido\\\/orange-vintage\\\/#primaryimage\"},\"image\":{\"@id\":\"https:\\\/\\\/nitorlack.com\\\/it\\\/barniz\\\/colores-it\\\/translucido\\\/orange-vintage\\\/#primaryimage\"},\"thumbnailUrl\":\"https:\\\/\\\/nitorlack.com\\\/wp-content\\\/uploads\\\/2021\\\/03\\\/preview_2-01.jpg\",\"datePublished\":\"2021-03-15T15:01:03+00:00\",\"dateModified\":\"2026-04-03T16:38:27+00:00\",\"description\":\"Nitorlack -Vernice alla nitrocellulosa per chitarre, colori vintage e tutorial su come dipingere la tua chitarra. Scoprire ORANGE VINTAGE\",\"breadcrumb\":{\"@id\":\"https:\\\/\\\/nitorlack.com\\\/it\\\/barniz\\\/colores-it\\\/translucido\\\/orange-vintage\\\/#breadcrumb\"},\"inLanguage\":\"it-IT\",\"potentialAction\":[{\"@type\":\"ReadAction\",\"target\":[\"https:\\\/\\\/nitorlack.com\\\/it\\\/barniz\\\/colores-it\\\/translucido\\\/orange-vintage\\\/\"]}]},{\"@type\":\"ImageObject\",\"inLanguage\":\"it-IT\",\"@id\":\"https:\\\/\\\/nitorlack.com\\\/it\\\/barniz\\\/colores-it\\\/translucido\\\/orange-vintage\\\/#primaryimage\",\"url\":\"https:\\\/\\\/nitorlack.com\\\/wp-content\\\/uploads\\\/2021\\\/03\\\/preview_2-01.jpg\",\"contentUrl\":\"https:\\\/\\\/nitorlack.com\\\/wp-content\\\/uploads\\\/2021\\\/03\\\/preview_2-01.jpg\",\"width\":700,\"height\":866},{\"@type\":\"BreadcrumbList\",\"@id\":\"https:\\\/\\\/nitorlack.com\\\/it\\\/barniz\\\/colores-it\\\/translucido\\\/orange-vintage\\\/#breadcrumb\",\"itemListElement\":[{\"@type\":\"ListItem\",\"position\":1,\"name\":\"Copertina\",\"item\":\"https:\\\/\\\/nitorlack.com\\\/it\\\/\"},{\"@type\":\"ListItem\",\"position\":2,\"name\":\"Negozio\",\"item\":\"https:\\\/\\\/nitorlack.com\\\/it\\\/negozio\\\/\"},{\"@type\":\"ListItem\",\"position\":3,\"name\":\"ORANGE VINTAGE\"}]},{\"@type\":\"WebSite\",\"@id\":\"https:\\\/\\\/nitorlack.com\\\/it\\\/#website\",\"url\":\"https:\\\/\\\/nitorlack.com\\\/it\\\/\",\"name\":\"Nitorlack\",\"description\":\"Guitar Lacquers\",\"publisher\":{\"@id\":\"https:\\\/\\\/nitorlack.com\\\/it\\\/#organization\"},\"potentialAction\":[{\"@type\":\"SearchAction\",\"target\":{\"@type\":\"EntryPoint\",\"urlTemplate\":\"https:\\\/\\\/nitorlack.com\\\/it\\\/?s={search_term_string}\"},\"query-input\":{\"@type\":\"PropertyValueSpecification\",\"valueRequired\":true,\"valueName\":\"search_term_string\"}}],\"inLanguage\":\"it-IT\"},{\"@type\":\"Organization\",\"@id\":\"https:\\\/\\\/nitorlack.com\\\/it\\\/#organization\",\"name\":\"Nitorlack\",\"url\":\"https:\\\/\\\/nitorlack.com\\\/it\\\/\",\"logo\":{\"@type\":\"ImageObject\",\"inLanguage\":\"it-IT\",\"@id\":\"https:\\\/\\\/nitorlack.com\\\/it\\\/#\\\/schema\\\/logo\\\/image\\\/\",\"url\":\"http:\\\/\\\/nitorlack.com\\\/wp-content\\\/uploads\\\/2016\\\/02\\\/cropped-galleta-negra-1.jpg\",\"contentUrl\":\"http:\\\/\\\/nitorlack.com\\\/wp-content\\\/uploads\\\/2016\\\/02\\\/cropped-galleta-negra-1.jpg\",\"width\":512,\"height\":512,\"caption\":\"Nitorlack\"},\"image\":{\"@id\":\"https:\\\/\\\/nitorlack.com\\\/it\\\/#\\\/schema\\\/logo\\\/image\\\/\"}}]}<\/script>\n<!-- \/ Yoast SEO plugin. -->","yoast_head_json":{"title":"ORANGE VINTAGE | vernice chitarra NitorLACK","description":"Nitorlack -Vernice alla nitrocellulosa per chitarre, colori vintage e tutorial su come dipingere la tua chitarra. Scoprire ORANGE VINTAGE","robots":{"index":"index","follow":"follow","max-snippet":"max-snippet:-1","max-image-preview":"max-image-preview:large","max-video-preview":"max-video-preview:-1"},"canonical":"https:\/\/nitorlack.com\/it\/barniz\/colores-it\/translucido\/orange-vintage\/","og_locale":"it_IT","og_type":"article","og_title":"ORANGE VINTAGE | vernice chitarra NitorLACK","og_description":"Nitorlack -Vernice alla nitrocellulosa per chitarre, colori vintage e tutorial su come dipingere la tua chitarra. Scoprire ORANGE VINTAGE","og_url":"https:\/\/nitorlack.com\/it\/barniz\/colores-it\/translucido\/orange-vintage\/","og_site_name":"Nitorlack","article_modified_time":"2026-04-03T16:38:27+00:00","og_image":[{"width":700,"height":866,"url":"https:\/\/nitorlack.com\/wp-content\/uploads\/2021\/03\/preview_2-01.jpg","type":"image\/jpeg"}],"twitter_card":"summary_large_image","twitter_misc":{"Tempo di lettura stimato":"4 minuti"},"schema":{"@context":"https:\/\/schema.org","@graph":[{"@type":"WebPage","@id":"https:\/\/nitorlack.com\/it\/barniz\/colores-it\/translucido\/orange-vintage\/","url":"https:\/\/nitorlack.com\/it\/barniz\/colores-it\/translucido\/orange-vintage\/","name":"ORANGE VINTAGE | vernice chitarra NitorLACK","isPartOf":{"@id":"https:\/\/nitorlack.com\/it\/#website"},"primaryImageOfPage":{"@id":"https:\/\/nitorlack.com\/it\/barniz\/colores-it\/translucido\/orange-vintage\/#primaryimage"},"image":{"@id":"https:\/\/nitorlack.com\/it\/barniz\/colores-it\/translucido\/orange-vintage\/#primaryimage"},"thumbnailUrl":"https:\/\/nitorlack.com\/wp-content\/uploads\/2021\/03\/preview_2-01.jpg","datePublished":"2021-03-15T15:01:03+00:00","dateModified":"2026-04-03T16:38:27+00:00","description":"Nitorlack -Vernice alla nitrocellulosa per chitarre, colori vintage e tutorial su come dipingere la tua chitarra. Scoprire ORANGE VINTAGE","breadcrumb":{"@id":"https:\/\/nitorlack.com\/it\/barniz\/colores-it\/translucido\/orange-vintage\/#breadcrumb"},"inLanguage":"it-IT","potentialAction":[{"@type":"ReadAction","target":["https:\/\/nitorlack.com\/it\/barniz\/colores-it\/translucido\/orange-vintage\/"]}]},{"@type":"ImageObject","inLanguage":"it-IT","@id":"https:\/\/nitorlack.com\/it\/barniz\/colores-it\/translucido\/orange-vintage\/#primaryimage","url":"https:\/\/nitorlack.com\/wp-content\/uploads\/2021\/03\/preview_2-01.jpg","contentUrl":"https:\/\/nitorlack.com\/wp-content\/uploads\/2021\/03\/preview_2-01.jpg","width":700,"height":866},{"@type":"BreadcrumbList","@id":"https:\/\/nitorlack.com\/it\/barniz\/colores-it\/translucido\/orange-vintage\/#breadcrumb","itemListElement":[{"@type":"ListItem","position":1,"name":"Copertina","item":"https:\/\/nitorlack.com\/it\/"},{"@type":"ListItem","position":2,"name":"Negozio","item":"https:\/\/nitorlack.com\/it\/negozio\/"},{"@type":"ListItem","position":3,"name":"ORANGE VINTAGE"}]},{"@type":"WebSite","@id":"https:\/\/nitorlack.com\/it\/#website","url":"https:\/\/nitorlack.com\/it\/","name":"Nitorlack","description":"Guitar Lacquers","publisher":{"@id":"https:\/\/nitorlack.com\/it\/#organization"},"potentialAction":[{"@type":"SearchAction","target":{"@type":"EntryPoint","urlTemplate":"https:\/\/nitorlack.com\/it\/?s={search_term_string}"},"query-input":{"@type":"PropertyValueSpecification","valueRequired":true,"valueName":"search_term_string"}}],"inLanguage":"it-IT"},{"@type":"Organization","@id":"https:\/\/nitorlack.com\/it\/#organization","name":"Nitorlack","url":"https:\/\/nitorlack.com\/it\/","logo":{"@type":"ImageObject","inLanguage":"it-IT","@id":"https:\/\/nitorlack.com\/it\/#\/schema\/logo\/image\/","url":"http:\/\/nitorlack.com\/wp-content\/uploads\/2016\/02\/cropped-galleta-negra-1.jpg","contentUrl":"http:\/\/nitorlack.com\/wp-content\/uploads\/2016\/02\/cropped-galleta-negra-1.jpg","width":512,"height":512,"caption":"Nitorlack"},"image":{"@id":"https:\/\/nitorlack.com\/it\/#\/schema\/logo\/image\/"}}]}},"_links":{"self":[{"href":"https:\/\/nitorlack.com\/it\/wp-json\/wp\/v2\/product\/46582","targetHints":{"allow":["GET"]}}],"collection":[{"href":"https:\/\/nitorlack.com\/it\/wp-json\/wp\/v2\/product"}],"about":[{"href":"https:\/\/nitorlack.com\/it\/wp-json\/wp\/v2\/types\/product"}],"replies":[{"embeddable":true,"href":"https:\/\/nitorlack.com\/it\/wp-json\/wp\/v2\/comments?post=46582"}],"wp:featuredmedia":[{"embeddable":true,"href":"https:\/\/nitorlack.com\/it\/wp-json\/wp\/v2\/media\/46580"}],"wp:attachment":[{"href":"https:\/\/nitorlack.com\/it\/wp-json\/wp\/v2\/media?parent=46582"}],"wp:term":[{"taxonomy":"product_brand","embeddable":true,"href":"https:\/\/nitorlack.com\/it\/wp-json\/wp\/v2\/product_brand?post=46582"},{"taxonomy":"product_cat","embeddable":true,"href":"https:\/\/nitorlack.com\/it\/wp-json\/wp\/v2\/product_cat?post=46582"},{"taxonomy":"product_tag","embeddable":true,"href":"https:\/\/nitorlack.com\/it\/wp-json\/wp\/v2\/product_tag?post=46582"}],"curies":[{"name":"wp","href":"https:\/\/api.w.org\/{rel}","templated":true}]}}