{"id":40184,"date":"2020-10-29T16:12:23","date_gmt":"2020-10-29T14:12:23","guid":{"rendered":"http:\/\/nitorlack.com\/barniz\/senza-categoria\/amber-vintage-kit\/"},"modified":"2023-10-10T15:39:33","modified_gmt":"2023-10-10T13:39:33","slug":"amber-vintage-kit","status":"publish","type":"product","link":"https:\/\/nitorlack.com\/it\/barniz\/kits-it\/amber-vintage-kit\/","title":{"rendered":"AMBER VINTAGE KIT"},"content":{"rendered":"<h1 style=\"text-align: center;\">Kit completo para barnizar el m\u00e1stil de tu guitarra<\/h1>\n<p><strong>1.- PREPARAZIONE DEL SUPPORTO<\/strong><\/p>\n<ul>\n<li>Carteggiare il legno con carta vetrata grana P240 e P400 Il legno deve essere privo di imperfezioni e macchie.<br \/>\nL&#8217;obiettivo di questo primo passaggio \u00e8 quello di ottenere una superficie perfettamente liscia senza difetti o rugosit\u00e0 per procedere con l&#8217;applicazione dei primi fondi.<\/li>\n<\/ul>\n<p><strong>2.- APPLICAZIONE DEL FONDO TRASPARENTE &#8211; NITORLACK PRIMER<\/strong><\/p>\n<ul>\n<li>Lo sfondo \u00e8 lo strato di vernice che costituir\u00e0 la base della finitura, fornendo una superficie uniforme. Sceglieremo il bianco per le finiture solide o trasparente per le finiture trasparenti che mostrano le venature del legno. Si consiglia un minimo di 2 spruzzi per un buon processo di ancoraggio.<\/li>\n<li>Levigeremo con grana P800 tra le mani. Applicazione minima di 3. Applicheremo il prodotto fino a quando non vedremo che non ci sono imperfezioni, \u00e8 perfettamente livellato e il poro del legno \u00e8 completamente chiuso.<\/li>\n<\/ul>\n<p><strong>3.- APPLICAZIONE DEL COLORE &#8211; AMBER VINTAGE<\/strong><\/p>\n<ul>\n<li>Applichiamo strati di colore carteggiando tra loro con P800, lasciando asciugare 24 ore tra una mano e l&#8217;altra. Si consiglia di applicare un minimo di 2 mani e fino a ottenere la tonalit\u00e0 desiderata.<\/li>\n<li>Prestare particolare attenzione durante la levigatura dei primi strati di colore per evitare che si sfaldino.<\/li>\n<\/ul>\n<p><strong>4.- FINITURA LUCIDA &#8211; NITORLACK LACQUER<\/strong><\/p>\n<ul>\n<li>Il processo di applicazione della finitura \u00e8 lo stesso del primer. Applichiamo le mani di finitura carteggiando tra loro con P800, lasciando asciugare 24 ore tra le mani. Si consiglia di applicare un minimo di 3 mani.<\/li>\n<li>Una volta che vediamo che la finitura \u00e8 completamente uniforme e la chitarra \u00e8 finita a nostro piacimento, \u00e8 importante non SABBIARE l&#8217;ultimo strato che abbiamo applicato e lasciarlo asciugare per 2 o 3 settimane per poter lucidare e ottenere la massima lucentezza.<\/li>\n<\/ul>\n<p><strong>5.- LUCIDATO<\/strong><\/p>\n<ul>\n<li>Carteggiare con acqua in modo graduale con carta vetrata 1200-1500-2000 fino alla scomparsa di tutte le imperfezioni dell&#8217;applicazione.<br \/>\nProva a carteggiare in linea retta senza esercitare troppa pressione in modo da non fare segni profondi che con lo smalto sar\u00e0 difficile da rimuovere. Si consiglia di applicare all&#8217;acqua qualche goccia di sapone per facilitare la carteggiatura.<\/li>\n<li>Applicare alcune gocce di smalto sulla superficie della chitarra e sul tampone di lucidatura.<\/li>\n<li>Si consiglia di lucidare oltre 1500-2000 giri \/ min senza esercitare pressione per evitare il surriscaldamento della finitura. Controllare regolarmente il riscaldamento durante la lucidatura.<\/li>\n<li>Eseguire una prima lucidatura con MIRKA POLARSHINE 10 e la spugna BLANCA. Dobbiamo gi\u00e0 ottenere una finitura a specchio.<\/li>\n<li>Finire la lucidatura con MIRKA POLARSHINE 5 e la spugna NERA. Con questo ultimo processo avremo una lucentezza extra.<\/li>\n<li>Rimuovere i residui di smalto con un panno e la chitarra sar\u00e0 finita<\/li>\n<\/ul>\n<p><strong>RACCOMANDAZIONI GENERALI<\/strong><\/p>\n<ul>\n<li>Agitare vigorosamente gli spray per 3-5 minuti prima dell&#8217;applicazione. Applicare su una superficie del testimone prima di farlo sulla chitarra.<\/li>\n<li>Una finitura con Nitorlack, a seconda di diversi fattori, dovrebbe avere un totale di 6-10 mani in totale, contando sfondo &#8211; colore &#8211; finitura, con un minimo di 3-4 mani di finitura lucida.<\/li>\n<li>Questo dar\u00e0 uno spessore di circa 150 micron (0,15 mm) a seconda di quanto viene levigato, quanta vernice viene applicata su ciascuna mano e quale spessore di finitura si desidera.<\/li>\n<li>Se uno strumento non \u00e8 stato rifinito in precedenza, si consiglia di applicare dalle 9 alle 12 mani, in modo da essere sicuri di non carteggiare o lucidare la finitura in eccesso, lasciando parti con legno \u201cnudo\u201d. Man mano che si acquisisce pi\u00f9 esperienza con il prodotto e il metodo di finitura, saranno necessarie meno mani e sar\u00e0 possibile ottenere finiture pi\u00f9 fini.<\/li>\n<li>Se in fase di applicazione si verifica un &#8220;cedimento&#8221; o un &#8220;gocciolamento&#8221; accidentale, la finitura deve essere lasciata asciugare per 24 ore e livellata mediante carteggiatura con carta vetrata P400, preferibilmente su blocco di materiale duro. Puoi anche &#8220;tagliare&#8221; il gocciolamento con una lama di rasoio, un metodo pi\u00f9 veloce che evita incidenti che possono causare un&#8217;eccessiva levigatura.<\/li>\n<li>Per familiarizzare con il processo, \u00e8 conveniente fare delle prove su legno di scarto, in modo da valutare di persona le caratteristiche del processo di rifinitura di una chitarra con chitarre \u201cNitorlack\u201d.<\/li>\n<li>Si consiglia inoltre di utilizzare una superficie \u201ctestimone\u201d su cui applicare gli strati di lacca contemporaneamente al pezzo da rifinire. Un pezzo di carta incollato con nastro adesivo su un supporto rigido (legno, cartone spesso) \u00e8 un suggerimento. Quindi, misurando prima lo spessore della carta con un calibro e poi misurando lo spessore risultante degli strati successivi una volta asciutti, avrai un&#8217;idea abbastanza precisa dello spessore dello strato che viene applicato e quindi potrai avere un&#8217;idea pi\u00f9 precisa dello spessore Dello stesso. Uno spessore da 150 a 180 micron (da 0,15 a 0,18 mm) garantisce una finitura fine, che rispetta le vibrazioni dello strumento, proteggendolo, evitando spessori eccessivi<\/li>\n<li>Applicare sempre strati sottili. Lasciar asciugare 24 ore e carteggiare tra le mani.<\/li>\n<li>Applicare a mani incrociate per distribuire bene il prodotto. Applicare a una distanza di circa 15-20 cm.<\/li>\n<\/ul>\n<p><strong>RACCOMANDAZIONI DI SICUREZZA<\/strong><\/p>\n<ul>\n<li>Applicare in luoghi ventilati o con estrazione. Indossare guanti, indumenti, occhiali e una maschera protettivi. Lavarsi accuratamente dopo la manipolazione. In caso di contatto con gli occhi: Sciacquare accuratamente con acqua per diversi minuti.<\/li>\n<li>Rimuovere le lenti a contatto quando sono presenti e pu\u00f2 essere fatto facilmente. Continua con il lavaggio. Liquido e vapori altamente infiammabili. Provoca irritazione cutanea. Provoca gravi lesioni oculari. Pu\u00f2 provocare sonnolenza o vertigini<\/li>\n<\/ul>\n","protected":false},"excerpt":{"rendered":"<p>Dipingi facilmente il tuo collo con il nostro KIT VINTAGE NITROCELLULOSA AMBER SPRAY. Consigliamo i prodotti e le quantit\u00e0 necessarie. Ottieni questo tono giallastro vintage dai colli vintage. Alla fine del prodotto hai un tutorial completo su come dipingere.<\/p>\n","protected":false},"featured_media":27485,"comment_status":"open","ping_status":"closed","template":"","meta":{"om_disable_all_campaigns":false,"site-sidebar-layout":"default","site-content-layout":"","ast-site-content-layout":"default","site-content-style":"default","site-sidebar-style":"default","ast-global-header-display":"","ast-banner-title-visibility":"","ast-main-header-display":"","ast-hfb-above-header-display":"","ast-hfb-below-header-display":"","ast-hfb-mobile-header-display":"","site-post-title":"","ast-breadcrumbs-content":"","ast-featured-img":"","footer-sml-layout":"","ast-disable-related-posts":"","theme-transparent-header-meta":"default","adv-header-id-meta":"","stick-header-meta":"default","header-above-stick-meta":"","header-main-stick-meta":"","header-below-stick-meta":"","astra-migrate-meta-layouts":"default","ast-page-background-enabled":"default","ast-page-background-meta":{"desktop":{"background-color":"var(--ast-global-color-4)","background-image":"","background-repeat":"repeat","background-position":"center center","background-size":"auto","background-attachment":"scroll","background-type":"","background-media":"","overlay-type":"","overlay-color":"","overlay-opacity":"","overlay-gradient":""},"tablet":{"background-color":"","background-image":"","background-repeat":"repeat","background-position":"center center","background-size":"auto","background-attachment":"scroll","background-type":"","background-media":"","overlay-type":"","overlay-color":"","overlay-opacity":"","overlay-gradient":""},"mobile":{"background-color":"","background-image":"","background-repeat":"repeat","background-position":"center center","background-size":"auto","background-attachment":"scroll","background-type":"","background-media":"","overlay-type":"","overlay-color":"","overlay-opacity":"","overlay-gradient":""}},"ast-content-background-meta":{"desktop":{"background-color":"var(--ast-global-color-5)","background-image":"","background-repeat":"repeat","background-position":"center center","background-size":"auto","background-attachment":"scroll","background-type":"","background-media":"","overlay-type":"","overlay-color":"","overlay-opacity":"","overlay-gradient":""},"tablet":{"background-color":"var(--ast-global-color-5)","background-image":"","background-repeat":"repeat","background-position":"center center","background-size":"auto","background-attachment":"scroll","background-type":"","background-media":"","overlay-type":"","overlay-color":"","overlay-opacity":"","overlay-gradient":""},"mobile":{"background-color":"var(--ast-global-color-5)","background-image":"","background-repeat":"repeat","background-position":"center center","background-size":"auto","background-attachment":"scroll","background-type":"","background-media":"","overlay-type":"","overlay-color":"","overlay-opacity":"","overlay-gradient":""}}},"product_brand":[],"product_cat":[7553],"product_tag":[],"class_list":{"0":"post-40184","1":"product","2":"type-product","3":"status-publish","4":"has-post-thumbnail","6":"product_cat-kits-it","7":"desktop-align-center","8":"tablet-align-center","9":"mobile-align-center","10":"ast-product-gallery-layout-horizontal-slider","11":"ast-product-gallery-with-no-image","12":"ast-product-tabs-layout-horizontal","14":"first","15":"instock","16":"virtual","17":"taxable","18":"purchasable","19":"product-type-bundle"},"bundled_by":[],"bundle_stock_status":"instock","bundle_stock_quantity":"","bundle_virtual":false,"bundle_layout":"default","bundle_add_to_cart_form_location":"default","bundle_editable_in_cart":false,"bundle_sold_individually_context":"product","bundle_item_grouping":"parent","bundle_min_size":"","bundle_max_size":"","bundle_price":{"price":{"min":{"incl_tax":"50.86","excl_tax":"50.86"},"max":{"incl_tax":"237.32","excl_tax":"237.32"}},"regular_price":{"min":{"incl_tax":"50.86","excl_tax":"50.86"},"max":{"incl_tax":"237.32","excl_tax":"237.32"}}},"bundled_items":[{"bundled_item_id":126,"product_id":40174,"menu_order":0,"quantity_min":1,"quantity_max":1,"quantity_default":1,"priced_individually":true,"shipped_individually":false,"override_title":true,"title":"NitorLACK PRIMER Clear Spray ","override_description":true,"description":"Il processo di applicazione del primer \u00e8 molto importante per una buona preparazione del legno. Fondo in nitrocellulosa trasparente.1 x Spray 400 ml Nitrocellulosa","optional":false,"hide_thumbnail":true,"discount":"","override_variations":false,"allowed_variations":[""],"override_default_variation_attributes":false,"default_variation_attributes":[],"single_product_visibility":"visible","cart_visibility":"visible","order_visibility":"visible","single_product_price_visibility":"visible","cart_price_visibility":"visible","order_price_visibility":"visible","stock_status":"in_stock"},{"bundled_item_id":127,"product_id":40177,"menu_order":1,"quantity_min":1,"quantity_max":1,"quantity_default":1,"priced_individually":true,"shipped_individually":false,"override_title":true,"title":"NitorLACK AMBER Vintage Spray","override_description":true,"description":"Nitrocellulosa vintage color ambra. Spray nitrocellulosico dal tono giallo vintage. Applicare gli strati fino a ottenere la tonalit\u00e0 desiderata.1 x Spray 400 ml Nitrocellulosa","optional":false,"hide_thumbnail":true,"discount":"","override_variations":false,"allowed_variations":[""],"override_default_variation_attributes":false,"default_variation_attributes":[],"single_product_visibility":"visible","cart_visibility":"visible","order_visibility":"visible","single_product_price_visibility":"visible","cart_price_visibility":"visible","order_price_visibility":"visible","stock_status":"in_stock"},{"bundled_item_id":270,"product_id":40321,"menu_order":2,"quantity_min":1,"quantity_max":9,"quantity_default":1,"priced_individually":true,"shipped_individually":false,"override_title":true,"title":"SPRAY FINITURE NITRO","override_description":true,"description":"SPRAY FINITURE NITRO","optional":false,"hide_thumbnail":true,"discount":"","override_variations":true,"allowed_variations":[76651,76646,40322,40323],"override_default_variation_attributes":false,"default_variation_attributes":[],"single_product_visibility":"visible","cart_visibility":"visible","order_visibility":"visible","single_product_price_visibility":"visible","cart_price_visibility":"visible","order_price_visibility":"hidden","stock_status":"in_stock"}],"bundle_sell_ids":[],"yoast_head":"<!-- This site is optimized with the Yoast SEO plugin v27.3 - https:\/\/yoast.com\/product\/yoast-seo-wordpress\/ -->\n<title>AMBER VINTAGE KIT | vernice chitarra NitorLACK<\/title>\n<meta name=\"description\" content=\"Tutto il necessario per verniciare il manico della chitarra. Contattate il nostro supporto personalizzato\" \/>\n<meta name=\"robots\" content=\"index, follow, max-snippet:-1, max-image-preview:large, max-video-preview:-1\" \/>\n<link rel=\"canonical\" href=\"https:\/\/nitorlack.com\/it\/barniz\/kits-it\/amber-vintage-kit\/\" \/>\n<meta property=\"og:locale\" content=\"it_IT\" \/>\n<meta property=\"og:type\" content=\"article\" \/>\n<meta property=\"og:title\" content=\"AMBER VINTAGE KIT | vernice chitarra NitorLACK\" \/>\n<meta property=\"og:description\" content=\"Tutto il necessario per verniciare il manico della chitarra. Contattate il nostro supporto personalizzato\" \/>\n<meta property=\"og:url\" content=\"https:\/\/nitorlack.com\/it\/barniz\/kits-it\/amber-vintage-kit\/\" \/>\n<meta property=\"og:site_name\" content=\"Nitorlack\" \/>\n<meta property=\"article:modified_time\" content=\"2023-10-10T13:39:33+00:00\" \/>\n<meta property=\"og:image\" content=\"https:\/\/nitorlack.com\/wp-content\/uploads\/2016\/03\/palo-brillo-27.jpg\" \/>\n\t<meta property=\"og:image:width\" content=\"900\" \/>\n\t<meta property=\"og:image:height\" content=\"1200\" \/>\n\t<meta property=\"og:image:type\" content=\"image\/jpeg\" \/>\n<meta name=\"twitter:card\" content=\"summary_large_image\" \/>\n<meta name=\"twitter:label1\" content=\"Tempo di lettura stimato\" \/>\n\t<meta name=\"twitter:data1\" content=\"4 minuti\" \/>\n<script type=\"application\/ld+json\" class=\"yoast-schema-graph\">{\"@context\":\"https:\\\/\\\/schema.org\",\"@graph\":[{\"@type\":\"WebPage\",\"@id\":\"https:\\\/\\\/nitorlack.com\\\/it\\\/barniz\\\/kits-it\\\/amber-vintage-kit\\\/\",\"url\":\"https:\\\/\\\/nitorlack.com\\\/it\\\/barniz\\\/kits-it\\\/amber-vintage-kit\\\/\",\"name\":\"AMBER VINTAGE KIT | vernice chitarra NitorLACK\",\"isPartOf\":{\"@id\":\"https:\\\/\\\/nitorlack.com\\\/it\\\/#website\"},\"primaryImageOfPage\":{\"@id\":\"https:\\\/\\\/nitorlack.com\\\/it\\\/barniz\\\/kits-it\\\/amber-vintage-kit\\\/#primaryimage\"},\"image\":{\"@id\":\"https:\\\/\\\/nitorlack.com\\\/it\\\/barniz\\\/kits-it\\\/amber-vintage-kit\\\/#primaryimage\"},\"thumbnailUrl\":\"https:\\\/\\\/nitorlack.com\\\/wp-content\\\/uploads\\\/2016\\\/03\\\/palo-brillo-27.jpg\",\"datePublished\":\"2020-10-29T14:12:23+00:00\",\"dateModified\":\"2023-10-10T13:39:33+00:00\",\"description\":\"Tutto il necessario per verniciare il manico della chitarra. Contattate il nostro supporto personalizzato\",\"breadcrumb\":{\"@id\":\"https:\\\/\\\/nitorlack.com\\\/it\\\/barniz\\\/kits-it\\\/amber-vintage-kit\\\/#breadcrumb\"},\"inLanguage\":\"it-IT\",\"potentialAction\":[{\"@type\":\"ReadAction\",\"target\":[\"https:\\\/\\\/nitorlack.com\\\/it\\\/barniz\\\/kits-it\\\/amber-vintage-kit\\\/\"]}]},{\"@type\":\"ImageObject\",\"inLanguage\":\"it-IT\",\"@id\":\"https:\\\/\\\/nitorlack.com\\\/it\\\/barniz\\\/kits-it\\\/amber-vintage-kit\\\/#primaryimage\",\"url\":\"https:\\\/\\\/nitorlack.com\\\/wp-content\\\/uploads\\\/2016\\\/03\\\/palo-brillo-27.jpg\",\"contentUrl\":\"https:\\\/\\\/nitorlack.com\\\/wp-content\\\/uploads\\\/2016\\\/03\\\/palo-brillo-27.jpg\",\"width\":900,\"height\":1200,\"caption\":\"amber vintage kit\"},{\"@type\":\"BreadcrumbList\",\"@id\":\"https:\\\/\\\/nitorlack.com\\\/it\\\/barniz\\\/kits-it\\\/amber-vintage-kit\\\/#breadcrumb\",\"itemListElement\":[{\"@type\":\"ListItem\",\"position\":1,\"name\":\"Copertina\",\"item\":\"https:\\\/\\\/nitorlack.com\\\/it\\\/\"},{\"@type\":\"ListItem\",\"position\":2,\"name\":\"Negozio\",\"item\":\"https:\\\/\\\/nitorlack.com\\\/it\\\/negozio\\\/\"},{\"@type\":\"ListItem\",\"position\":3,\"name\":\"AMBER VINTAGE KIT\"}]},{\"@type\":\"WebSite\",\"@id\":\"https:\\\/\\\/nitorlack.com\\\/it\\\/#website\",\"url\":\"https:\\\/\\\/nitorlack.com\\\/it\\\/\",\"name\":\"Nitorlack\",\"description\":\"Guitar Lacquers\",\"publisher\":{\"@id\":\"https:\\\/\\\/nitorlack.com\\\/it\\\/#organization\"},\"potentialAction\":[{\"@type\":\"SearchAction\",\"target\":{\"@type\":\"EntryPoint\",\"urlTemplate\":\"https:\\\/\\\/nitorlack.com\\\/it\\\/?s={search_term_string}\"},\"query-input\":{\"@type\":\"PropertyValueSpecification\",\"valueRequired\":true,\"valueName\":\"search_term_string\"}}],\"inLanguage\":\"it-IT\"},{\"@type\":\"Organization\",\"@id\":\"https:\\\/\\\/nitorlack.com\\\/it\\\/#organization\",\"name\":\"Nitorlack\",\"url\":\"https:\\\/\\\/nitorlack.com\\\/it\\\/\",\"logo\":{\"@type\":\"ImageObject\",\"inLanguage\":\"it-IT\",\"@id\":\"https:\\\/\\\/nitorlack.com\\\/it\\\/#\\\/schema\\\/logo\\\/image\\\/\",\"url\":\"http:\\\/\\\/nitorlack.com\\\/wp-content\\\/uploads\\\/2016\\\/02\\\/cropped-galleta-negra-1.jpg\",\"contentUrl\":\"http:\\\/\\\/nitorlack.com\\\/wp-content\\\/uploads\\\/2016\\\/02\\\/cropped-galleta-negra-1.jpg\",\"width\":512,\"height\":512,\"caption\":\"Nitorlack\"},\"image\":{\"@id\":\"https:\\\/\\\/nitorlack.com\\\/it\\\/#\\\/schema\\\/logo\\\/image\\\/\"}}]}<\/script>\n<!-- \/ Yoast SEO plugin. -->","yoast_head_json":{"title":"AMBER VINTAGE KIT | vernice chitarra NitorLACK","description":"Tutto il necessario per verniciare il manico della chitarra. Contattate il nostro supporto personalizzato","robots":{"index":"index","follow":"follow","max-snippet":"max-snippet:-1","max-image-preview":"max-image-preview:large","max-video-preview":"max-video-preview:-1"},"canonical":"https:\/\/nitorlack.com\/it\/barniz\/kits-it\/amber-vintage-kit\/","og_locale":"it_IT","og_type":"article","og_title":"AMBER VINTAGE KIT | vernice chitarra NitorLACK","og_description":"Tutto il necessario per verniciare il manico della chitarra. Contattate il nostro supporto personalizzato","og_url":"https:\/\/nitorlack.com\/it\/barniz\/kits-it\/amber-vintage-kit\/","og_site_name":"Nitorlack","article_modified_time":"2023-10-10T13:39:33+00:00","og_image":[{"width":900,"height":1200,"url":"https:\/\/nitorlack.com\/wp-content\/uploads\/2016\/03\/palo-brillo-27.jpg","type":"image\/jpeg"}],"twitter_card":"summary_large_image","twitter_misc":{"Tempo di lettura stimato":"4 minuti"},"schema":{"@context":"https:\/\/schema.org","@graph":[{"@type":"WebPage","@id":"https:\/\/nitorlack.com\/it\/barniz\/kits-it\/amber-vintage-kit\/","url":"https:\/\/nitorlack.com\/it\/barniz\/kits-it\/amber-vintage-kit\/","name":"AMBER VINTAGE KIT | vernice chitarra NitorLACK","isPartOf":{"@id":"https:\/\/nitorlack.com\/it\/#website"},"primaryImageOfPage":{"@id":"https:\/\/nitorlack.com\/it\/barniz\/kits-it\/amber-vintage-kit\/#primaryimage"},"image":{"@id":"https:\/\/nitorlack.com\/it\/barniz\/kits-it\/amber-vintage-kit\/#primaryimage"},"thumbnailUrl":"https:\/\/nitorlack.com\/wp-content\/uploads\/2016\/03\/palo-brillo-27.jpg","datePublished":"2020-10-29T14:12:23+00:00","dateModified":"2023-10-10T13:39:33+00:00","description":"Tutto il necessario per verniciare il manico della chitarra. Contattate il nostro supporto personalizzato","breadcrumb":{"@id":"https:\/\/nitorlack.com\/it\/barniz\/kits-it\/amber-vintage-kit\/#breadcrumb"},"inLanguage":"it-IT","potentialAction":[{"@type":"ReadAction","target":["https:\/\/nitorlack.com\/it\/barniz\/kits-it\/amber-vintage-kit\/"]}]},{"@type":"ImageObject","inLanguage":"it-IT","@id":"https:\/\/nitorlack.com\/it\/barniz\/kits-it\/amber-vintage-kit\/#primaryimage","url":"https:\/\/nitorlack.com\/wp-content\/uploads\/2016\/03\/palo-brillo-27.jpg","contentUrl":"https:\/\/nitorlack.com\/wp-content\/uploads\/2016\/03\/palo-brillo-27.jpg","width":900,"height":1200,"caption":"amber vintage kit"},{"@type":"BreadcrumbList","@id":"https:\/\/nitorlack.com\/it\/barniz\/kits-it\/amber-vintage-kit\/#breadcrumb","itemListElement":[{"@type":"ListItem","position":1,"name":"Copertina","item":"https:\/\/nitorlack.com\/it\/"},{"@type":"ListItem","position":2,"name":"Negozio","item":"https:\/\/nitorlack.com\/it\/negozio\/"},{"@type":"ListItem","position":3,"name":"AMBER VINTAGE KIT"}]},{"@type":"WebSite","@id":"https:\/\/nitorlack.com\/it\/#website","url":"https:\/\/nitorlack.com\/it\/","name":"Nitorlack","description":"Guitar Lacquers","publisher":{"@id":"https:\/\/nitorlack.com\/it\/#organization"},"potentialAction":[{"@type":"SearchAction","target":{"@type":"EntryPoint","urlTemplate":"https:\/\/nitorlack.com\/it\/?s={search_term_string}"},"query-input":{"@type":"PropertyValueSpecification","valueRequired":true,"valueName":"search_term_string"}}],"inLanguage":"it-IT"},{"@type":"Organization","@id":"https:\/\/nitorlack.com\/it\/#organization","name":"Nitorlack","url":"https:\/\/nitorlack.com\/it\/","logo":{"@type":"ImageObject","inLanguage":"it-IT","@id":"https:\/\/nitorlack.com\/it\/#\/schema\/logo\/image\/","url":"http:\/\/nitorlack.com\/wp-content\/uploads\/2016\/02\/cropped-galleta-negra-1.jpg","contentUrl":"http:\/\/nitorlack.com\/wp-content\/uploads\/2016\/02\/cropped-galleta-negra-1.jpg","width":512,"height":512,"caption":"Nitorlack"},"image":{"@id":"https:\/\/nitorlack.com\/it\/#\/schema\/logo\/image\/"}}]}},"_links":{"self":[{"href":"https:\/\/nitorlack.com\/it\/wp-json\/wp\/v2\/product\/40184","targetHints":{"allow":["GET"]}}],"collection":[{"href":"https:\/\/nitorlack.com\/it\/wp-json\/wp\/v2\/product"}],"about":[{"href":"https:\/\/nitorlack.com\/it\/wp-json\/wp\/v2\/types\/product"}],"replies":[{"embeddable":true,"href":"https:\/\/nitorlack.com\/it\/wp-json\/wp\/v2\/comments?post=40184"}],"wp:featuredmedia":[{"embeddable":true,"href":"https:\/\/nitorlack.com\/it\/wp-json\/wp\/v2\/media\/27485"}],"wp:attachment":[{"href":"https:\/\/nitorlack.com\/it\/wp-json\/wp\/v2\/media?parent=40184"}],"wp:term":[{"taxonomy":"product_brand","embeddable":true,"href":"https:\/\/nitorlack.com\/it\/wp-json\/wp\/v2\/product_brand?post=40184"},{"taxonomy":"product_cat","embeddable":true,"href":"https:\/\/nitorlack.com\/it\/wp-json\/wp\/v2\/product_cat?post=40184"},{"taxonomy":"product_tag","embeddable":true,"href":"https:\/\/nitorlack.com\/it\/wp-json\/wp\/v2\/product_tag?post=40184"}],"curies":[{"name":"wp","href":"https:\/\/api.w.org\/{rel}","templated":true}]}}