{"id":40030,"date":"2020-10-27T15:11:03","date_gmt":"2020-10-27T13:11:03","guid":{"rendered":"http:\/\/nitorlack.com\/barniz\/senza-categoria\/cambia-colore-chitarra\/"},"modified":"2026-03-08T21:51:51","modified_gmt":"2026-03-08T19:51:51","slug":"cambia-colore-chitarra","status":"publish","type":"product","link":"https:\/\/nitorlack.com\/it\/barniz\/kits-it\/cambia-colore-chitarra\/","title":{"rendered":"CAMBIA COLORE CHITARRA"},"content":{"rendered":"<div class=\"wpb-content-wrapper\"><p>[vc_row][vc_column][vc_video link=&#8221;https:\/\/youtu.be\/Jmxhn1rO03A?si=nc0QNKfcf2njLQLi&#8221; el_width=&#8221;70&#8243; align=&#8221;center&#8221; css=&#8221;&#8221;][\/vc_column][\/vc_row][vc_row][vc_column][vc_column_text]<\/p>\n<h2 style=\"text-align: left;\">Kit completo per cambiare il colore della chitarra<\/h2>\n<p>&nbsp;<\/p>\n<h2>Tutorial<\/h2>\n<h3>1- PREPARAZIONE DEL SUPPORTO<\/h3>\n<ul>\n<li>Levigare il legno con carta vetrata a grana P800 fino a quando la vecchia finitura della chitarra \u00e8 completamente opaca per dare alla vernice una buona presa.<\/li>\n<li>Se la chitarra ha un colpo precedente, sarebbe necessario carteggiare fino a quando la superficie non \u00e8 uniforme, puoi usare carta vetrata pi\u00f9 spessa ma finire sempre con P800.<\/li>\n<\/ul>\n<h3>2- APPLICAZIONE DEL COLORE (1 o 2 spruzzi)<\/h3>\n<ul>\n<li>Applichiamo strati di colore carteggiando tra loro con P800, lasciando asciugare 24 ore tra una mano e l&#8217;altra. Si consiglia di applicare un minimo di 2 mani e fino ad ottenere una finitura uniforme.<\/li>\n<li>Prestare particolare attenzione durante la levigatura dei primi strati di colore per evitare che si sfaldino.<\/li>\n<li>Con uno spray ce n&#8217;\u00e8 abbastanza per dare 2 o 3 strati di colore a un corpo. Se \u00e8 stato precedentemente verniciato e ben levigato, 1 \u00e8 sufficiente. Se vuoi assicurarti di poter acquistare 2 spray.<\/li>\n<\/ul>\n<h3>3- FINITURA LUCIDA O OPACA &#8211; NITORLACK LACQUER (1 o 2 spruzzi)<\/h3>\n<ul>\n<li>Il processo di applicazione della finitura \u00e8 lo stesso del primer. Applichiamo le mani di finitura carteggiando tra loro con P800, lasciando asciugare 24 ore tra le mani. Si consiglia di applicare un minimo di 3-4 mani.<\/li>\n<li>Nel caso di una finitura GLOSS, una volta che vediamo che la finitura \u00e8 completamente uniforme e la chitarra \u00e8 finita a nostro piacimento, \u00e8 importante NON SABBIARE l&#8217;ultimo strato che abbiamo applicato e lasciarlo asciugare per 2 o 3 settimane per poter lucidare e ottenere il massimo luminosit\u00e0.<br \/>\nNel caso di una finitura OPACA, l&#8217;ultima mano sar\u00e0 la finitura finale, non pu\u00f2 essere levigata o lucidata. Lascia asciugare solo 48-72 ore.<br \/>\nCon uno spray \u00e8 sufficiente dare da 2 a 3 mani di finitura a un corpo. Se vuoi assicurarti di poter acquistare 2 spray.<\/li>\n<\/ul>\n<h3>4- LUCIDATO<\/h3>\n<ul>\n<li>Carteggiare con acqua in modo graduale con carta vetrata 1200-1500-2000 fino alla scomparsa di tutte le imperfezioni dell&#8217;applicazione.<\/li>\n<li>Prova a carteggiare in linea retta senza esercitare troppa pressione in modo da non fare segni profondi che con lo smalto sar\u00e0 difficile da rimuovere. Si consiglia di applicare all&#8217;acqua qualche goccia di sapone per facilitare la carteggiatura.<\/li>\n<li>Applicare alcune gocce di smalto sulla superficie della chitarra e sul tampone di lucidatura.<\/li>\n<li>Si consiglia di lucidare oltre 1500-2000 giri \/ min senza esercitare pressione per evitare il surriscaldamento della finitura. Controllare regolarmente il riscaldamento durante la lucidatura.<\/li>\n<li>Eseguire una prima lucidatura con MIRKA POLARSHINE 10 e la spugna BLANCA. Dobbiamo gi\u00e0 ottenere una finitura a specchio.<\/li>\n<li>Finire la lucidatura con MIRKA POLARSHINE 5 e la spugna NERA. Con questo ultimo processo avremo una lucentezza extra.<br \/>\nTogli i residui di smalto con un panno e la chitarra \u00e8 finita.<\/li>\n<\/ul>\n<h3>RACCOMANDAZIONI GENERALI<\/h3>\n<ul>\n<li>Agitare vigorosamente gli spray per 3-5 minuti prima dell&#8217;applicazione.<\/li>\n<li>Applicare su una superficie del testimone prima di farlo sulla chitarra.<\/li>\n<li>Una finitura con Nitorlack, a seconda di diversi fattori, dovrebbe avere un totale di 6-10 mani in totale, contando sfondo &#8211; colore &#8211; finitura, con un minimo di 3-4 mani di finitura lucida. Questo dar\u00e0 uno spessore di circa 150 micron (0,15 mm) a seconda di quanto viene levigato, quanta vernice viene applicata su ciascuna mano e quale spessore di finitura si desidera.<\/li>\n<li>Se uno strumento non \u00e8 stato rifinito in precedenza, si consiglia di applicare dalle 9 alle 12 mani, in modo da essere sicuri di non carteggiare o lucidare la finitura in eccesso, lasciando parti con legno \u201cnudo\u201d. Man mano che si acquisisce pi\u00f9 esperienza con il prodotto e il metodo di finitura, saranno necessarie meno mani e sar\u00e0 possibile ottenere finiture pi\u00f9 fini.<\/li>\n<li>Se in fase di applicazione si verifica un &#8220;cedimento&#8221; o un &#8220;gocciolamento&#8221; accidentale, la finitura deve essere lasciata asciugare per 24 ore e livellata mediante carteggiatura con carta vetrata P400, preferibilmente su blocco di materiale duro. Puoi anche &#8220;tagliare&#8221; il gocciolamento con una lama di rasoio, un metodo pi\u00f9 veloce che evita incidenti che possono causare un&#8217;eccessiva levigatura.<\/li>\n<li>Per familiarizzare con il processo, \u00e8 conveniente fare delle prove su legno di scarto, in modo da valutare di persona le caratteristiche del processo di rifinitura di una chitarra con chitarre \u201cNitorlack\u201d.<\/li>\n<li>Si consiglia inoltre di utilizzare una superficie \u201ctestimone\u201d su cui applicare gli strati di lacca contemporaneamente al pezzo da rifinire. Un pezzo di carta incollato con nastro adesivo su un supporto rigido (legno, cartone spesso) \u00e8 un suggerimento. Quindi, misurando prima lo spessore della carta con un calibro e poi misurando lo spessore risultante degli strati successivi una volta asciutti, avrai un&#8217;idea abbastanza precisa dello spessore dello strato che viene applicato e quindi potrai avere un&#8217;idea pi\u00f9 precisa dello spessore Dello stesso. Uno spessore da 150 a 180 micron (da 0,15 a 0,18 mm) garantisce una finitura fine, che rispetta le vibrazioni dello strumento, proteggendolo, evitando spessori eccessivi<\/li>\n<li>Applicare sempre strati sottili. Lasciar asciugare 24 ore e carteggiare tra le mani.<\/li>\n<li>Applicare a mani incrociate per distribuire bene il prodotto. Applicare a una distanza di circa 15-20 cm.<\/li>\n<\/ul>\n<h3>RACCOMANDAZIONI DI SICUREZZA<\/h3>\n<ul>\n<li>Applicare in luoghi ventilati o con estrazione. Indossare guanti, indumenti, occhiali e una maschera protettivi. Lavarsi accuratamente dopo la manipolazione. In caso di contatto con gli occhi: Sciacquare accuratamente con acqua per diversi minuti. Rimuovere le lenti a contatto quando sono presenti e pu\u00f2 essere fatto facilmente. Continua con il lavaggio. Liquido e vapori altamente infiammabili. Provoca irritazione cutanea. Provoca gravi lesioni oculari. Pu\u00f2 provocare sonnolenza o vertigini<\/li>\n<\/ul>\n<p>[\/vc_column_text][\/vc_column][\/vc_row]<\/p>\n<\/div>","protected":false},"excerpt":{"rendered":"<p>Cambia facilmente il colore della tua chitarra con il nostro spray nitrocellulosico. Consigliamo i prodotti e le quantit\u00e0 necessarie. Scegli il colore che pi\u00f9 ti piace. Alla fine del prodotto hai un tutorial completo su come dipingere.<\/p>\n","protected":false},"featured_media":62649,"comment_status":"open","ping_status":"closed","template":"","meta":{"om_disable_all_campaigns":false,"site-sidebar-layout":"default","site-content-layout":"default","ast-site-content-layout":"default","site-content-style":"default","site-sidebar-style":"default","ast-global-header-display":"","ast-banner-title-visibility":"","ast-main-header-display":"","ast-hfb-above-header-display":"","ast-hfb-below-header-display":"","ast-hfb-mobile-header-display":"","site-post-title":"","ast-breadcrumbs-content":"","ast-featured-img":"","footer-sml-layout":"","ast-disable-related-posts":"","theme-transparent-header-meta":"default","adv-header-id-meta":"","stick-header-meta":"default","header-above-stick-meta":"","header-main-stick-meta":"","header-below-stick-meta":"","astra-migrate-meta-layouts":"set","ast-page-background-enabled":"default","ast-page-background-meta":{"desktop":{"background-color":"var(--ast-global-color-4)","background-image":"","background-repeat":"repeat","background-position":"center center","background-size":"auto","background-attachment":"scroll","background-type":"","background-media":"","overlay-type":"","overlay-color":"","overlay-opacity":"","overlay-gradient":""},"tablet":{"background-color":"","background-image":"","background-repeat":"repeat","background-position":"center center","background-size":"auto","background-attachment":"scroll","background-type":"","background-media":"","overlay-type":"","overlay-color":"","overlay-opacity":"","overlay-gradient":""},"mobile":{"background-color":"","background-image":"","background-repeat":"repeat","background-position":"center center","background-size":"auto","background-attachment":"scroll","background-type":"","background-media":"","overlay-type":"","overlay-color":"","overlay-opacity":"","overlay-gradient":""}},"ast-content-background-meta":{"desktop":{"background-color":"var(--ast-global-color-5)","background-image":"","background-repeat":"repeat","background-position":"center center","background-size":"auto","background-attachment":"scroll","background-type":"","background-media":"","overlay-type":"","overlay-color":"","overlay-opacity":"","overlay-gradient":""},"tablet":{"background-color":"var(--ast-global-color-5)","background-image":"","background-repeat":"repeat","background-position":"center center","background-size":"auto","background-attachment":"scroll","background-type":"","background-media":"","overlay-type":"","overlay-color":"","overlay-opacity":"","overlay-gradient":""},"mobile":{"background-color":"var(--ast-global-color-5)","background-image":"","background-repeat":"repeat","background-position":"center center","background-size":"auto","background-attachment":"scroll","background-type":"","background-media":"","overlay-type":"","overlay-color":"","overlay-opacity":"","overlay-gradient":""}}},"product_brand":[],"product_cat":[7553],"product_tag":[],"class_list":{"0":"post-40030","1":"product","2":"type-product","3":"status-publish","4":"has-post-thumbnail","6":"product_cat-kits-it","7":"desktop-align-center","8":"tablet-align-center","9":"mobile-align-center","10":"ast-product-gallery-layout-horizontal-slider","11":"ast-product-gallery-with-no-image","12":"ast-product-tabs-layout-horizontal","14":"first","15":"instock","16":"virtual","17":"taxable","18":"purchasable","19":"product-type-bundle"},"bundled_by":[],"bundle_stock_status":"instock","bundle_stock_quantity":"","bundle_virtual":false,"bundle_layout":"tabular","bundle_add_to_cart_form_location":"default","bundle_editable_in_cart":false,"bundle_sold_individually_context":"product","bundle_item_grouping":"parent","bundle_min_size":"","bundle_max_size":"","bundle_price":{"price":{"min":{"incl_tax":"36.66","excl_tax":"36.66"},"max":{"incl_tax":"431.82","excl_tax":"431.82"}},"regular_price":{"min":{"incl_tax":"36.66","excl_tax":"36.66"},"max":{"incl_tax":"431.82","excl_tax":"431.82"}}},"bundled_items":[{"bundled_item_id":136,"product_id":40128,"menu_order":0,"quantity_min":1,"quantity_max":9,"quantity_default":1,"priced_individually":true,"shipped_individually":false,"override_title":false,"title":"SPRAY COLOR NITRO","override_description":true,"description":"Scegliete il colore che pi\u00f9 vi piace dalla nostra gamma di colori classici. Con 1 spruzzo si ha a disposizione una quantit\u00e0 sufficiente per applicare 2 o 3 strati su un corpo, scegliere 2 spruzzi per essere assolutamente sicuri che non mancheranno.","optional":false,"hide_thumbnail":true,"discount":"","override_variations":false,"allowed_variations":[77474,77093,77466,77453,77106,77473,77459,79343,40162,79415,40155,40156,39808,40159,40160,40154,40153,40147,40148,40149,40150,40151,40146,40145,40140,40141,40142,40143,40144,40135,40136,40137,40138,40139,40133,40134,40131,40132,40130,40129],"override_default_variation_attributes":false,"default_variation_attributes":[],"single_product_visibility":"visible","cart_visibility":"visible","order_visibility":"visible","single_product_price_visibility":"visible","cart_price_visibility":"visible","order_price_visibility":"visible","stock_status":"in_stock"},{"bundled_item_id":149,"product_id":40321,"menu_order":1,"quantity_min":1,"quantity_max":9,"quantity_default":1,"priced_individually":true,"shipped_individually":false,"override_title":false,"title":"SPRAY FINITURE NITRO","override_description":true,"description":"Con la finitura proteggeremo il colore e daremo profondit\u00e0 al colore. Questa \u00e8 l'ultima fase e quella che ci d\u00e0 l'aspetto finale. Si consiglia di utilizzare 2 spray se si desidera una maggiore protezione o se si deve verniciare corpo e collo.","optional":false,"hide_thumbnail":true,"discount":"","override_variations":true,"allowed_variations":[76651,76646,40322,40323],"override_default_variation_attributes":false,"default_variation_attributes":[],"single_product_visibility":"visible","cart_visibility":"visible","order_visibility":"visible","single_product_price_visibility":"visible","cart_price_visibility":"visible","order_price_visibility":"visible","stock_status":"in_stock"}],"bundle_sell_ids":[],"yoast_head":"<!-- This site is optimized with the Yoast SEO plugin v27.4 - https:\/\/yoast.com\/product\/yoast-seo-wordpress\/ -->\n<title>Kit completo per colorare la chitarra | NITORLACK<\/title>\n<meta name=\"description\" content=\"Tutti i prodotti necessari per cambiare il colore della chitarra. Tutorial passo dopo passo e servizio clienti professionale.\" \/>\n<meta name=\"robots\" content=\"index, follow, max-snippet:-1, max-image-preview:large, max-video-preview:-1\" \/>\n<link rel=\"canonical\" href=\"https:\/\/nitorlack.com\/it\/barniz\/kits-it\/cambia-colore-chitarra\/\" \/>\n<meta property=\"og:locale\" content=\"it_IT\" \/>\n<meta property=\"og:type\" content=\"article\" \/>\n<meta property=\"og:title\" content=\"Kit completo per colorare la chitarra | NITORLACK\" \/>\n<meta property=\"og:description\" content=\"Tutti i prodotti necessari per cambiare il colore della chitarra. Tutorial passo dopo passo e servizio clienti professionale.\" \/>\n<meta property=\"og:url\" content=\"https:\/\/nitorlack.com\/it\/barniz\/kits-it\/cambia-colore-chitarra\/\" \/>\n<meta property=\"og:site_name\" content=\"Nitorlack\" \/>\n<meta property=\"article:modified_time\" content=\"2026-03-08T19:51:51+00:00\" \/>\n<meta property=\"og:image\" content=\"https:\/\/nitorlack.com\/wp-content\/uploads\/2022\/12\/cambio-de-color.jpg\" \/>\n\t<meta property=\"og:image:width\" content=\"1000\" \/>\n\t<meta property=\"og:image:height\" content=\"999\" \/>\n\t<meta property=\"og:image:type\" content=\"image\/jpeg\" \/>\n<meta name=\"twitter:card\" content=\"summary_large_image\" \/>\n<meta name=\"twitter:label1\" content=\"Tempo di lettura stimato\" \/>\n\t<meta name=\"twitter:data1\" content=\"4 minuti\" \/>\n<script type=\"application\/ld+json\" class=\"yoast-schema-graph\">{\"@context\":\"https:\\\/\\\/schema.org\",\"@graph\":[{\"@type\":\"WebPage\",\"@id\":\"https:\\\/\\\/nitorlack.com\\\/it\\\/barniz\\\/kits-it\\\/cambia-colore-chitarra\\\/\",\"url\":\"https:\\\/\\\/nitorlack.com\\\/it\\\/barniz\\\/kits-it\\\/cambia-colore-chitarra\\\/\",\"name\":\"Kit completo per colorare la chitarra | NITORLACK\",\"isPartOf\":{\"@id\":\"https:\\\/\\\/nitorlack.com\\\/it\\\/#website\"},\"primaryImageOfPage\":{\"@id\":\"https:\\\/\\\/nitorlack.com\\\/it\\\/barniz\\\/kits-it\\\/cambia-colore-chitarra\\\/#primaryimage\"},\"image\":{\"@id\":\"https:\\\/\\\/nitorlack.com\\\/it\\\/barniz\\\/kits-it\\\/cambia-colore-chitarra\\\/#primaryimage\"},\"thumbnailUrl\":\"https:\\\/\\\/nitorlack.com\\\/wp-content\\\/uploads\\\/2022\\\/12\\\/cambio-de-color.jpg\",\"datePublished\":\"2020-10-27T13:11:03+00:00\",\"dateModified\":\"2026-03-08T19:51:51+00:00\",\"description\":\"Tutti i prodotti necessari per cambiare il colore della chitarra. Tutorial passo dopo passo e servizio clienti professionale.\",\"breadcrumb\":{\"@id\":\"https:\\\/\\\/nitorlack.com\\\/it\\\/barniz\\\/kits-it\\\/cambia-colore-chitarra\\\/#breadcrumb\"},\"inLanguage\":\"it-IT\",\"potentialAction\":[{\"@type\":\"ReadAction\",\"target\":[\"https:\\\/\\\/nitorlack.com\\\/it\\\/barniz\\\/kits-it\\\/cambia-colore-chitarra\\\/\"]}]},{\"@type\":\"ImageObject\",\"inLanguage\":\"it-IT\",\"@id\":\"https:\\\/\\\/nitorlack.com\\\/it\\\/barniz\\\/kits-it\\\/cambia-colore-chitarra\\\/#primaryimage\",\"url\":\"https:\\\/\\\/nitorlack.com\\\/wp-content\\\/uploads\\\/2022\\\/12\\\/cambio-de-color.jpg\",\"contentUrl\":\"https:\\\/\\\/nitorlack.com\\\/wp-content\\\/uploads\\\/2022\\\/12\\\/cambio-de-color.jpg\",\"width\":1000,\"height\":999,\"caption\":\"kit cambio de color guitarra\"},{\"@type\":\"BreadcrumbList\",\"@id\":\"https:\\\/\\\/nitorlack.com\\\/it\\\/barniz\\\/kits-it\\\/cambia-colore-chitarra\\\/#breadcrumb\",\"itemListElement\":[{\"@type\":\"ListItem\",\"position\":1,\"name\":\"Copertina\",\"item\":\"https:\\\/\\\/nitorlack.com\\\/it\\\/\"},{\"@type\":\"ListItem\",\"position\":2,\"name\":\"Negozio\",\"item\":\"https:\\\/\\\/nitorlack.com\\\/it\\\/negozio\\\/\"},{\"@type\":\"ListItem\",\"position\":3,\"name\":\"CAMBIA COLORE CHITARRA\"}]},{\"@type\":\"WebSite\",\"@id\":\"https:\\\/\\\/nitorlack.com\\\/it\\\/#website\",\"url\":\"https:\\\/\\\/nitorlack.com\\\/it\\\/\",\"name\":\"Nitorlack\",\"description\":\"Guitar Lacquers\",\"publisher\":{\"@id\":\"https:\\\/\\\/nitorlack.com\\\/it\\\/#organization\"},\"potentialAction\":[{\"@type\":\"SearchAction\",\"target\":{\"@type\":\"EntryPoint\",\"urlTemplate\":\"https:\\\/\\\/nitorlack.com\\\/it\\\/?s={search_term_string}\"},\"query-input\":{\"@type\":\"PropertyValueSpecification\",\"valueRequired\":true,\"valueName\":\"search_term_string\"}}],\"inLanguage\":\"it-IT\"},{\"@type\":\"Organization\",\"@id\":\"https:\\\/\\\/nitorlack.com\\\/it\\\/#organization\",\"name\":\"Nitorlack\",\"url\":\"https:\\\/\\\/nitorlack.com\\\/it\\\/\",\"logo\":{\"@type\":\"ImageObject\",\"inLanguage\":\"it-IT\",\"@id\":\"https:\\\/\\\/nitorlack.com\\\/it\\\/#\\\/schema\\\/logo\\\/image\\\/\",\"url\":\"http:\\\/\\\/nitorlack.com\\\/wp-content\\\/uploads\\\/2016\\\/02\\\/cropped-galleta-negra-1.jpg\",\"contentUrl\":\"http:\\\/\\\/nitorlack.com\\\/wp-content\\\/uploads\\\/2016\\\/02\\\/cropped-galleta-negra-1.jpg\",\"width\":512,\"height\":512,\"caption\":\"Nitorlack\"},\"image\":{\"@id\":\"https:\\\/\\\/nitorlack.com\\\/it\\\/#\\\/schema\\\/logo\\\/image\\\/\"}}]}<\/script>\n<!-- \/ Yoast SEO plugin. -->","yoast_head_json":{"title":"Kit completo per colorare la chitarra | NITORLACK","description":"Tutti i prodotti necessari per cambiare il colore della chitarra. Tutorial passo dopo passo e servizio clienti professionale.","robots":{"index":"index","follow":"follow","max-snippet":"max-snippet:-1","max-image-preview":"max-image-preview:large","max-video-preview":"max-video-preview:-1"},"canonical":"https:\/\/nitorlack.com\/it\/barniz\/kits-it\/cambia-colore-chitarra\/","og_locale":"it_IT","og_type":"article","og_title":"Kit completo per colorare la chitarra | NITORLACK","og_description":"Tutti i prodotti necessari per cambiare il colore della chitarra. Tutorial passo dopo passo e servizio clienti professionale.","og_url":"https:\/\/nitorlack.com\/it\/barniz\/kits-it\/cambia-colore-chitarra\/","og_site_name":"Nitorlack","article_modified_time":"2026-03-08T19:51:51+00:00","og_image":[{"width":1000,"height":999,"url":"https:\/\/nitorlack.com\/wp-content\/uploads\/2022\/12\/cambio-de-color.jpg","type":"image\/jpeg"}],"twitter_card":"summary_large_image","twitter_misc":{"Tempo di lettura stimato":"4 minuti"},"schema":{"@context":"https:\/\/schema.org","@graph":[{"@type":"WebPage","@id":"https:\/\/nitorlack.com\/it\/barniz\/kits-it\/cambia-colore-chitarra\/","url":"https:\/\/nitorlack.com\/it\/barniz\/kits-it\/cambia-colore-chitarra\/","name":"Kit completo per colorare la chitarra | NITORLACK","isPartOf":{"@id":"https:\/\/nitorlack.com\/it\/#website"},"primaryImageOfPage":{"@id":"https:\/\/nitorlack.com\/it\/barniz\/kits-it\/cambia-colore-chitarra\/#primaryimage"},"image":{"@id":"https:\/\/nitorlack.com\/it\/barniz\/kits-it\/cambia-colore-chitarra\/#primaryimage"},"thumbnailUrl":"https:\/\/nitorlack.com\/wp-content\/uploads\/2022\/12\/cambio-de-color.jpg","datePublished":"2020-10-27T13:11:03+00:00","dateModified":"2026-03-08T19:51:51+00:00","description":"Tutti i prodotti necessari per cambiare il colore della chitarra. Tutorial passo dopo passo e servizio clienti professionale.","breadcrumb":{"@id":"https:\/\/nitorlack.com\/it\/barniz\/kits-it\/cambia-colore-chitarra\/#breadcrumb"},"inLanguage":"it-IT","potentialAction":[{"@type":"ReadAction","target":["https:\/\/nitorlack.com\/it\/barniz\/kits-it\/cambia-colore-chitarra\/"]}]},{"@type":"ImageObject","inLanguage":"it-IT","@id":"https:\/\/nitorlack.com\/it\/barniz\/kits-it\/cambia-colore-chitarra\/#primaryimage","url":"https:\/\/nitorlack.com\/wp-content\/uploads\/2022\/12\/cambio-de-color.jpg","contentUrl":"https:\/\/nitorlack.com\/wp-content\/uploads\/2022\/12\/cambio-de-color.jpg","width":1000,"height":999,"caption":"kit cambio de color guitarra"},{"@type":"BreadcrumbList","@id":"https:\/\/nitorlack.com\/it\/barniz\/kits-it\/cambia-colore-chitarra\/#breadcrumb","itemListElement":[{"@type":"ListItem","position":1,"name":"Copertina","item":"https:\/\/nitorlack.com\/it\/"},{"@type":"ListItem","position":2,"name":"Negozio","item":"https:\/\/nitorlack.com\/it\/negozio\/"},{"@type":"ListItem","position":3,"name":"CAMBIA COLORE CHITARRA"}]},{"@type":"WebSite","@id":"https:\/\/nitorlack.com\/it\/#website","url":"https:\/\/nitorlack.com\/it\/","name":"Nitorlack","description":"Guitar Lacquers","publisher":{"@id":"https:\/\/nitorlack.com\/it\/#organization"},"potentialAction":[{"@type":"SearchAction","target":{"@type":"EntryPoint","urlTemplate":"https:\/\/nitorlack.com\/it\/?s={search_term_string}"},"query-input":{"@type":"PropertyValueSpecification","valueRequired":true,"valueName":"search_term_string"}}],"inLanguage":"it-IT"},{"@type":"Organization","@id":"https:\/\/nitorlack.com\/it\/#organization","name":"Nitorlack","url":"https:\/\/nitorlack.com\/it\/","logo":{"@type":"ImageObject","inLanguage":"it-IT","@id":"https:\/\/nitorlack.com\/it\/#\/schema\/logo\/image\/","url":"http:\/\/nitorlack.com\/wp-content\/uploads\/2016\/02\/cropped-galleta-negra-1.jpg","contentUrl":"http:\/\/nitorlack.com\/wp-content\/uploads\/2016\/02\/cropped-galleta-negra-1.jpg","width":512,"height":512,"caption":"Nitorlack"},"image":{"@id":"https:\/\/nitorlack.com\/it\/#\/schema\/logo\/image\/"}}]}},"_links":{"self":[{"href":"https:\/\/nitorlack.com\/it\/wp-json\/wp\/v2\/product\/40030","targetHints":{"allow":["GET"]}}],"collection":[{"href":"https:\/\/nitorlack.com\/it\/wp-json\/wp\/v2\/product"}],"about":[{"href":"https:\/\/nitorlack.com\/it\/wp-json\/wp\/v2\/types\/product"}],"replies":[{"embeddable":true,"href":"https:\/\/nitorlack.com\/it\/wp-json\/wp\/v2\/comments?post=40030"}],"wp:featuredmedia":[{"embeddable":true,"href":"https:\/\/nitorlack.com\/it\/wp-json\/wp\/v2\/media\/62649"}],"wp:attachment":[{"href":"https:\/\/nitorlack.com\/it\/wp-json\/wp\/v2\/media?parent=40030"}],"wp:term":[{"taxonomy":"product_brand","embeddable":true,"href":"https:\/\/nitorlack.com\/it\/wp-json\/wp\/v2\/product_brand?post=40030"},{"taxonomy":"product_cat","embeddable":true,"href":"https:\/\/nitorlack.com\/it\/wp-json\/wp\/v2\/product_cat?post=40030"},{"taxonomy":"product_tag","embeddable":true,"href":"https:\/\/nitorlack.com\/it\/wp-json\/wp\/v2\/product_tag?post=40030"}],"curies":[{"name":"wp","href":"https:\/\/api.w.org\/{rel}","templated":true}]}}