{"id":3576,"date":"2016-03-30T12:16:55","date_gmt":"2016-03-30T10:16:55","guid":{"rendered":"http:\/\/nitorlack.com\/product\/nitorpol-primer-2\/"},"modified":"2026-04-24T11:28:22","modified_gmt":"2026-04-24T09:28:22","slug":"nitorpol-primer-2-2","status":"publish","type":"product","link":"https:\/\/nitorlack.com\/it\/barniz\/sigillantis\/polyurethane-it-2\/nitorpol-primer-2-2\/","title":{"rendered":"NITORPOL PRIMER + CATALIZZATORE"},"content":{"rendered":"<div class=\"wpb-content-wrapper\"><p>[vc_row][vc_column][vc_column_text css=&#8221;&#8221;]<\/p>\n<h2>Applicazione NitorPOL Primer:<\/h2>\n<p><strong>\u00b7 Diluizione:<\/strong> Mescolare 2:1 con il catalizzatore PU 100144112 e aggiungere il 10% di Nitorlack Solvent.<\/p>\n<p>Si consiglia di utilizzare una pistola a spruzzo con ugello da 1.7 per i fondi.<\/p>\n<p><strong>\u00b7 Preparazione del legno:<\/strong> Il legno deve essere uniforme e privo di imperfezioni. Levigare progressivamente (240-400-800) sempre nella direzione della venatura.<\/p>\n<p><strong>\u00b7 Applicazione:<\/strong> Applicare con pistola a spruzzo in diverse mani incrociate fino a coprire completamente la superficie, evitando di caricare troppo prodotto per prevenire colature. Una volta asciutto, carteggiare con P400 per assicurare adesione e livellamento, quindi applicare una nuova mano.<\/p>\n<p>Ripetere il processo fino a quando la superficie non sar\u00e0 completamente liscia e priva di imperfezioni, riuscendo a chiudere il poro del legno.<\/p>\n<p><strong>\u00b7 Tempo di essiccazione:<\/strong> Lasciare almeno 5-6 ore tra una mano e l&#8217;altra. L&#8217;essiccazione finale si ottiene in 24 ore.[\/vc_column_text][\/vc_column][\/vc_row][vc_row][vc_column][vc_column_text css=&#8221;&#8221;]<\/p>\n<h3>Cos&#8217;\u00e8 un fondo?<\/h3>\n<p>Per &#8220;fondi&#8221; si intendono gli strati di vernice che vengono applicati come preparazione della finitura; ci\u00f2 include varie accezioni come sigillanti, turapori, ecc. I fondi sono molto importanti nel processo di verniciatura di una chitarra. Se vogliamo una finitura finale di massima qualit\u00e0 sul nostro strumento, \u00e8 importante utilizzare un fondo. Le caratteristiche di un fondo sono <strong>trasparenza, elasticit\u00e0, facile levigatura, livellamento, capacit\u00e0 di riempimento e rapidit\u00e0 di essiccazione.<\/strong><\/p>\n<h3>Funzioni dei fondi poliuretanici per chitarra:<\/h3>\n<p>La funzione principale di questi fondi \u00e8 quella di riempire e coprire i pori o le piccole imperfezioni che il legno pu\u00f2 avere, con l&#8217;obiettivo di ottenere superfici uniformi e livellate. Come regola generale, questi fondi dovrebbero essere formulati con agenti che facilitino la levigatura con la <strong>massima trasparenza<\/strong> se sono vernici incolori e con la <strong>massima elasticit\u00e0<\/strong> affinch\u00e9 non si rompano se sono vernici bianche.<\/p>\n<p>Devono avere una capacit\u00e0 sufficiente per coprire adeguatamente le superfici ed essere rapidi nell&#8217;essiccazione, poich\u00e9 sono strati che devono essere levigati prima di applicare lo strato di vernice di finitura.[\/vc_column_text][\/vc_column][\/vc_row]<\/p>\n<\/div>","protected":false},"excerpt":{"rendered":"<h3>Propriet\u00e0 del nostro fondo poliuretanico:<\/h3>\n<ul>\n<li>Grande resistenza e durezza<\/li>\n<li>Alto potere coprente<\/li>\n<li>Alta protezione alla luce<\/li>\n<li>Rapida essiccazione<\/li>\n<\/ul>\n<p><strong>Se sei un produttore industriale, contattaci per una proposta personalizzata.<\/strong><\/p>\n<p>A partire dal 24 agosto 2023 \u00e8 obbligatorio aver completato la formazione adeguata per l&#8217;uso industriale o professionale.<\/p>\n<p><b>USO SICURO DEI DIISOCIANATI: <\/b>A partire dal 24 agosto 2023 \u00e8 obbligatorio aver completato la formazione adeguata per l&#8217;uso industriale o professionale.<\/p>\n<p><strong>USO SICURO:<\/strong> Indossare guanti\/indumenti\/occhiali\/maschera di protezione. Lavarsi accuratamente dopo la manipolazione. Liquido e vapori altamente infiammabili. Provoca irritazione cutanea. Liquido e vapori altamente infiammabili.<\/p>\n","protected":false},"featured_media":40359,"comment_status":"open","ping_status":"closed","template":"","meta":{"om_disable_all_campaigns":false,"site-sidebar-layout":"no-sidebar","site-content-layout":"plain-container","ast-site-content-layout":"default","site-content-style":"default","site-sidebar-style":"default","ast-global-header-display":"","ast-banner-title-visibility":"","ast-main-header-display":"","ast-hfb-above-header-display":"","ast-hfb-below-header-display":"","ast-hfb-mobile-header-display":"","site-post-title":"disabled","ast-breadcrumbs-content":"","ast-featured-img":"disabled","footer-sml-layout":"","ast-disable-related-posts":"","theme-transparent-header-meta":"default","adv-header-id-meta":"","stick-header-meta":"default","header-above-stick-meta":"","header-main-stick-meta":"","header-below-stick-meta":"","astra-migrate-meta-layouts":"default","ast-page-background-enabled":"default","ast-page-background-meta":{"desktop":{"background-color":"var(--ast-global-color-4)","background-image":"","background-repeat":"repeat","background-position":"center center","background-size":"auto","background-attachment":"scroll","background-type":"","background-media":"","overlay-type":"","overlay-color":"","overlay-opacity":"","overlay-gradient":""},"tablet":{"background-color":"","background-image":"","background-repeat":"repeat","background-position":"center center","background-size":"auto","background-attachment":"scroll","background-type":"","background-media":"","overlay-type":"","overlay-color":"","overlay-opacity":"","overlay-gradient":""},"mobile":{"background-color":"","background-image":"","background-repeat":"repeat","background-position":"center center","background-size":"auto","background-attachment":"scroll","background-type":"","background-media":"","overlay-type":"","overlay-color":"","overlay-opacity":"","overlay-gradient":""}},"ast-content-background-meta":{"desktop":{"background-color":"var(--ast-global-color-5)","background-image":"","background-repeat":"repeat","background-position":"center center","background-size":"auto","background-attachment":"scroll","background-type":"","background-media":"","overlay-type":"","overlay-color":"","overlay-opacity":"","overlay-gradient":""},"tablet":{"background-color":"var(--ast-global-color-5)","background-image":"","background-repeat":"repeat","background-position":"center center","background-size":"auto","background-attachment":"scroll","background-type":"","background-media":"","overlay-type":"","overlay-color":"","overlay-opacity":"","overlay-gradient":""},"mobile":{"background-color":"var(--ast-global-color-5)","background-image":"","background-repeat":"repeat","background-position":"center center","background-size":"auto","background-attachment":"scroll","background-type":"","background-media":"","overlay-type":"","overlay-color":"","overlay-opacity":"","overlay-gradient":""}}},"product_brand":[],"product_cat":[397,129],"product_tag":[],"class_list":{"0":"post-3576","1":"product","2":"type-product","3":"status-publish","4":"has-post-thumbnail","6":"product_cat-polyurethane-it-2","7":"product_cat-sigillantis","8":"desktop-align-center","9":"tablet-align-center","10":"mobile-align-center","11":"ast-product-gallery-layout-horizontal-slider","12":"ast-product-gallery-with-no-image","13":"ast-product-single-variable","14":"ast-product-tabs-layout-horizontal","16":"first","17":"instock","18":"taxable","19":"shipping-taxable","20":"purchasable","21":"product-type-variable"},"bundled_by":[],"bundle_stock_status":"instock","bundle_stock_quantity":5000,"bundle_virtual":false,"bundle_layout":"","bundle_add_to_cart_form_location":"","bundle_editable_in_cart":false,"bundle_sold_individually_context":"","bundle_item_grouping":"","bundle_min_size":"","bundle_max_size":"","bundle_price":[],"bundled_items":[],"bundle_sell_ids":[],"yoast_head":"<!-- This site is optimized with the Yoast SEO plugin v27.5 - https:\/\/yoast.com\/product\/yoast-seo-wordpress\/ -->\n<title>NITORPOL PRIMER + CATALIZZATORE | vernice chitarra NitorLACK<\/title>\n<meta name=\"description\" content=\"Fondo poliuretanico per professionisti, liutai e produttori industriali che necessitano di un fondo resistente, a rapida essiccazione e ad alte prestazioni per le loro chitarre.\" \/>\n<meta name=\"robots\" content=\"index, follow, max-snippet:-1, max-image-preview:large, max-video-preview:-1\" \/>\n<link rel=\"canonical\" href=\"https:\/\/nitorlack.com\/it\/barniz\/sigillantis\/polyurethane-it-2\/nitorpol-primer-2-2\/\" \/>\n<meta property=\"og:locale\" content=\"it_IT\" \/>\n<meta property=\"og:type\" content=\"article\" \/>\n<meta property=\"og:title\" content=\"NITORPOL PRIMER + CATALIZZATORE | vernice chitarra NitorLACK\" \/>\n<meta property=\"og:description\" content=\"Fondo poliuretanico per professionisti, liutai e produttori industriali che necessitano di un fondo resistente, a rapida essiccazione e ad alte prestazioni per le loro chitarre.\" \/>\n<meta property=\"og:url\" content=\"https:\/\/nitorlack.com\/it\/barniz\/sigillantis\/polyurethane-it-2\/nitorpol-primer-2-2\/\" \/>\n<meta property=\"og:site_name\" content=\"Nitorlack\" \/>\n<meta property=\"article:modified_time\" content=\"2026-04-24T09:28:22+00:00\" \/>\n<meta property=\"og:image\" content=\"https:\/\/nitorlack.com\/wp-content\/uploads\/2016\/03\/NitorPOL-PRIMER-CATALIZADOR-e1671202984470.jpg\" \/>\n\t<meta property=\"og:image:width\" content=\"1071\" \/>\n\t<meta property=\"og:image:height\" content=\"1071\" \/>\n\t<meta property=\"og:image:type\" content=\"image\/jpeg\" \/>\n<meta name=\"twitter:card\" content=\"summary_large_image\" \/>\n<meta name=\"twitter:label1\" content=\"Tempo di lettura stimato\" \/>\n\t<meta name=\"twitter:data1\" content=\"2 minuti\" \/>\n<script type=\"application\/ld+json\" class=\"yoast-schema-graph\">{\"@context\":\"https:\\\/\\\/schema.org\",\"@graph\":[{\"@type\":\"WebPage\",\"@id\":\"https:\\\/\\\/nitorlack.com\\\/it\\\/barniz\\\/sigillantis\\\/polyurethane-it-2\\\/nitorpol-primer-2-2\\\/\",\"url\":\"https:\\\/\\\/nitorlack.com\\\/it\\\/barniz\\\/sigillantis\\\/polyurethane-it-2\\\/nitorpol-primer-2-2\\\/\",\"name\":\"NITORPOL PRIMER + CATALIZZATORE | vernice chitarra NitorLACK\",\"isPartOf\":{\"@id\":\"https:\\\/\\\/nitorlack.com\\\/it\\\/#website\"},\"primaryImageOfPage\":{\"@id\":\"https:\\\/\\\/nitorlack.com\\\/it\\\/barniz\\\/sigillantis\\\/polyurethane-it-2\\\/nitorpol-primer-2-2\\\/#primaryimage\"},\"image\":{\"@id\":\"https:\\\/\\\/nitorlack.com\\\/it\\\/barniz\\\/sigillantis\\\/polyurethane-it-2\\\/nitorpol-primer-2-2\\\/#primaryimage\"},\"thumbnailUrl\":\"https:\\\/\\\/nitorlack.com\\\/wp-content\\\/uploads\\\/2016\\\/03\\\/NitorPOL-PRIMER-CATALIZADOR-e1671197931304.jpg\",\"datePublished\":\"2016-03-30T10:16:55+00:00\",\"dateModified\":\"2026-04-24T09:28:22+00:00\",\"description\":\"Fondo poliuretanico per professionisti, liutai e produttori industriali che necessitano di un fondo resistente, a rapida essiccazione e ad alte prestazioni per le loro chitarre.\",\"breadcrumb\":{\"@id\":\"https:\\\/\\\/nitorlack.com\\\/it\\\/barniz\\\/sigillantis\\\/polyurethane-it-2\\\/nitorpol-primer-2-2\\\/#breadcrumb\"},\"inLanguage\":\"it-IT\",\"potentialAction\":[{\"@type\":\"ReadAction\",\"target\":[\"https:\\\/\\\/nitorlack.com\\\/it\\\/barniz\\\/sigillantis\\\/polyurethane-it-2\\\/nitorpol-primer-2-2\\\/\"]}]},{\"@type\":\"ImageObject\",\"inLanguage\":\"it-IT\",\"@id\":\"https:\\\/\\\/nitorlack.com\\\/it\\\/barniz\\\/sigillantis\\\/polyurethane-it-2\\\/nitorpol-primer-2-2\\\/#primaryimage\",\"url\":\"https:\\\/\\\/nitorlack.com\\\/wp-content\\\/uploads\\\/2016\\\/03\\\/NitorPOL-PRIMER-CATALIZADOR-e1671197931304.jpg\",\"contentUrl\":\"https:\\\/\\\/nitorlack.com\\\/wp-content\\\/uploads\\\/2016\\\/03\\\/NitorPOL-PRIMER-CATALIZADOR-e1671197931304.jpg\",\"width\":1071,\"height\":1071,\"caption\":\"POLIURETANO GUITARRA\"},{\"@type\":\"BreadcrumbList\",\"@id\":\"https:\\\/\\\/nitorlack.com\\\/it\\\/barniz\\\/sigillantis\\\/polyurethane-it-2\\\/nitorpol-primer-2-2\\\/#breadcrumb\",\"itemListElement\":[{\"@type\":\"ListItem\",\"position\":1,\"name\":\"Copertina\",\"item\":\"https:\\\/\\\/nitorlack.com\\\/it\\\/\"},{\"@type\":\"ListItem\",\"position\":2,\"name\":\"Negozio\",\"item\":\"https:\\\/\\\/nitorlack.com\\\/it\\\/negozio\\\/\"},{\"@type\":\"ListItem\",\"position\":3,\"name\":\"NITORPOL PRIMER + CATALIZZATORE\"}]},{\"@type\":\"WebSite\",\"@id\":\"https:\\\/\\\/nitorlack.com\\\/it\\\/#website\",\"url\":\"https:\\\/\\\/nitorlack.com\\\/it\\\/\",\"name\":\"Nitorlack\",\"description\":\"Guitar Lacquers\",\"publisher\":{\"@id\":\"https:\\\/\\\/nitorlack.com\\\/it\\\/#organization\"},\"potentialAction\":[{\"@type\":\"SearchAction\",\"target\":{\"@type\":\"EntryPoint\",\"urlTemplate\":\"https:\\\/\\\/nitorlack.com\\\/it\\\/?s={search_term_string}\"},\"query-input\":{\"@type\":\"PropertyValueSpecification\",\"valueRequired\":true,\"valueName\":\"search_term_string\"}}],\"inLanguage\":\"it-IT\"},{\"@type\":\"Organization\",\"@id\":\"https:\\\/\\\/nitorlack.com\\\/it\\\/#organization\",\"name\":\"Nitorlack\",\"url\":\"https:\\\/\\\/nitorlack.com\\\/it\\\/\",\"logo\":{\"@type\":\"ImageObject\",\"inLanguage\":\"it-IT\",\"@id\":\"https:\\\/\\\/nitorlack.com\\\/it\\\/#\\\/schema\\\/logo\\\/image\\\/\",\"url\":\"http:\\\/\\\/nitorlack.com\\\/wp-content\\\/uploads\\\/2016\\\/02\\\/cropped-galleta-negra-1.jpg\",\"contentUrl\":\"http:\\\/\\\/nitorlack.com\\\/wp-content\\\/uploads\\\/2016\\\/02\\\/cropped-galleta-negra-1.jpg\",\"width\":512,\"height\":512,\"caption\":\"Nitorlack\"},\"image\":{\"@id\":\"https:\\\/\\\/nitorlack.com\\\/it\\\/#\\\/schema\\\/logo\\\/image\\\/\"}}]}<\/script>\n<!-- \/ Yoast SEO plugin. -->","yoast_head_json":{"title":"NITORPOL PRIMER + CATALIZZATORE | vernice chitarra NitorLACK","description":"Fondo poliuretanico per professionisti, liutai e produttori industriali che necessitano di un fondo resistente, a rapida essiccazione e ad alte prestazioni per le loro chitarre.","robots":{"index":"index","follow":"follow","max-snippet":"max-snippet:-1","max-image-preview":"max-image-preview:large","max-video-preview":"max-video-preview:-1"},"canonical":"https:\/\/nitorlack.com\/it\/barniz\/sigillantis\/polyurethane-it-2\/nitorpol-primer-2-2\/","og_locale":"it_IT","og_type":"article","og_title":"NITORPOL PRIMER + CATALIZZATORE | vernice chitarra NitorLACK","og_description":"Fondo poliuretanico per professionisti, liutai e produttori industriali che necessitano di un fondo resistente, a rapida essiccazione e ad alte prestazioni per le loro chitarre.","og_url":"https:\/\/nitorlack.com\/it\/barniz\/sigillantis\/polyurethane-it-2\/nitorpol-primer-2-2\/","og_site_name":"Nitorlack","article_modified_time":"2026-04-24T09:28:22+00:00","og_image":[{"width":1071,"height":1071,"url":"https:\/\/nitorlack.com\/wp-content\/uploads\/2016\/03\/NitorPOL-PRIMER-CATALIZADOR-e1671202984470.jpg","type":"image\/jpeg"}],"twitter_card":"summary_large_image","twitter_misc":{"Tempo di lettura stimato":"2 minuti"},"schema":{"@context":"https:\/\/schema.org","@graph":[{"@type":"WebPage","@id":"https:\/\/nitorlack.com\/it\/barniz\/sigillantis\/polyurethane-it-2\/nitorpol-primer-2-2\/","url":"https:\/\/nitorlack.com\/it\/barniz\/sigillantis\/polyurethane-it-2\/nitorpol-primer-2-2\/","name":"NITORPOL PRIMER + CATALIZZATORE | vernice chitarra NitorLACK","isPartOf":{"@id":"https:\/\/nitorlack.com\/it\/#website"},"primaryImageOfPage":{"@id":"https:\/\/nitorlack.com\/it\/barniz\/sigillantis\/polyurethane-it-2\/nitorpol-primer-2-2\/#primaryimage"},"image":{"@id":"https:\/\/nitorlack.com\/it\/barniz\/sigillantis\/polyurethane-it-2\/nitorpol-primer-2-2\/#primaryimage"},"thumbnailUrl":"https:\/\/nitorlack.com\/wp-content\/uploads\/2016\/03\/NitorPOL-PRIMER-CATALIZADOR-e1671197931304.jpg","datePublished":"2016-03-30T10:16:55+00:00","dateModified":"2026-04-24T09:28:22+00:00","description":"Fondo poliuretanico per professionisti, liutai e produttori industriali che necessitano di un fondo resistente, a rapida essiccazione e ad alte prestazioni per le loro chitarre.","breadcrumb":{"@id":"https:\/\/nitorlack.com\/it\/barniz\/sigillantis\/polyurethane-it-2\/nitorpol-primer-2-2\/#breadcrumb"},"inLanguage":"it-IT","potentialAction":[{"@type":"ReadAction","target":["https:\/\/nitorlack.com\/it\/barniz\/sigillantis\/polyurethane-it-2\/nitorpol-primer-2-2\/"]}]},{"@type":"ImageObject","inLanguage":"it-IT","@id":"https:\/\/nitorlack.com\/it\/barniz\/sigillantis\/polyurethane-it-2\/nitorpol-primer-2-2\/#primaryimage","url":"https:\/\/nitorlack.com\/wp-content\/uploads\/2016\/03\/NitorPOL-PRIMER-CATALIZADOR-e1671197931304.jpg","contentUrl":"https:\/\/nitorlack.com\/wp-content\/uploads\/2016\/03\/NitorPOL-PRIMER-CATALIZADOR-e1671197931304.jpg","width":1071,"height":1071,"caption":"POLIURETANO GUITARRA"},{"@type":"BreadcrumbList","@id":"https:\/\/nitorlack.com\/it\/barniz\/sigillantis\/polyurethane-it-2\/nitorpol-primer-2-2\/#breadcrumb","itemListElement":[{"@type":"ListItem","position":1,"name":"Copertina","item":"https:\/\/nitorlack.com\/it\/"},{"@type":"ListItem","position":2,"name":"Negozio","item":"https:\/\/nitorlack.com\/it\/negozio\/"},{"@type":"ListItem","position":3,"name":"NITORPOL PRIMER + CATALIZZATORE"}]},{"@type":"WebSite","@id":"https:\/\/nitorlack.com\/it\/#website","url":"https:\/\/nitorlack.com\/it\/","name":"Nitorlack","description":"Guitar Lacquers","publisher":{"@id":"https:\/\/nitorlack.com\/it\/#organization"},"potentialAction":[{"@type":"SearchAction","target":{"@type":"EntryPoint","urlTemplate":"https:\/\/nitorlack.com\/it\/?s={search_term_string}"},"query-input":{"@type":"PropertyValueSpecification","valueRequired":true,"valueName":"search_term_string"}}],"inLanguage":"it-IT"},{"@type":"Organization","@id":"https:\/\/nitorlack.com\/it\/#organization","name":"Nitorlack","url":"https:\/\/nitorlack.com\/it\/","logo":{"@type":"ImageObject","inLanguage":"it-IT","@id":"https:\/\/nitorlack.com\/it\/#\/schema\/logo\/image\/","url":"http:\/\/nitorlack.com\/wp-content\/uploads\/2016\/02\/cropped-galleta-negra-1.jpg","contentUrl":"http:\/\/nitorlack.com\/wp-content\/uploads\/2016\/02\/cropped-galleta-negra-1.jpg","width":512,"height":512,"caption":"Nitorlack"},"image":{"@id":"https:\/\/nitorlack.com\/it\/#\/schema\/logo\/image\/"}}]}},"_links":{"self":[{"href":"https:\/\/nitorlack.com\/it\/wp-json\/wp\/v2\/product\/3576","targetHints":{"allow":["GET"]}}],"collection":[{"href":"https:\/\/nitorlack.com\/it\/wp-json\/wp\/v2\/product"}],"about":[{"href":"https:\/\/nitorlack.com\/it\/wp-json\/wp\/v2\/types\/product"}],"replies":[{"embeddable":true,"href":"https:\/\/nitorlack.com\/it\/wp-json\/wp\/v2\/comments?post=3576"}],"wp:featuredmedia":[{"embeddable":true,"href":"https:\/\/nitorlack.com\/it\/wp-json\/wp\/v2\/media\/40359"}],"wp:attachment":[{"href":"https:\/\/nitorlack.com\/it\/wp-json\/wp\/v2\/media?parent=3576"}],"wp:term":[{"taxonomy":"product_brand","embeddable":true,"href":"https:\/\/nitorlack.com\/it\/wp-json\/wp\/v2\/product_brand?post=3576"},{"taxonomy":"product_cat","embeddable":true,"href":"https:\/\/nitorlack.com\/it\/wp-json\/wp\/v2\/product_cat?post=3576"},{"taxonomy":"product_tag","embeddable":true,"href":"https:\/\/nitorlack.com\/it\/wp-json\/wp\/v2\/product_tag?post=3576"}],"curies":[{"name":"wp","href":"https:\/\/api.w.org\/{rel}","templated":true}]}}