{"id":3204,"date":"2016-03-30T12:18:26","date_gmt":"2016-03-30T10:18:26","guid":{"rendered":"http:\/\/nitorlack.com\/en\/product\/nitorlack-silversparkle\/"},"modified":"2026-03-22T13:36:43","modified_gmt":"2026-03-22T11:36:43","slug":"nitorlack-silversparkle","status":"publish","type":"product","link":"https:\/\/nitorlack.com\/it\/barniz\/colores-it\/metallizzati\/nitorlack-silversparkle\/","title":{"rendered":"SILVERSPARKLE"},"content":{"rendered":"<div class=\"wpb-content-wrapper\"><p>[vc_row css=&#8221;.vc_custom_1593585132184{background-color: #ffffff !important;}&#8221;][vc_column width=&#8221;2\/3&#8243;][vc_column_text]<\/p>\n<h2>I nostri colori d&#8217;ispirazione vintage<\/h2>\n<p>I colori Nitorlack sono basati sui colori originali <strong>Fender e Gibson<\/strong>. La creazione di questi colori \u00e8 il risultato di un grande lavoro e di uno studio approfondito da parte del nostro laboratorio e del nostro reparto tecnico. Grazie a ci\u00f2, siamo riusciti a ricreare fedelmente le tonalit\u00e0 delle chitarre Fender e Gibson degli anni &#8217;50 e &#8217;60.<\/p>\n<p>Durante questi anni fino ad oggi, \u00e8 importante notare che i <strong>colori delle chitarre<\/strong> vintage sono cambiati molto nel corso del tempo a causa dell&#8217;invecchiamento della <strong>vernice nitrocellulosica<\/strong> e delle modifiche ai colori originali dei marchi.<\/p>\n<p>Pertanto, due chitarre finite nel 1960 con i colori del catalogo Fender possono oggi essere totalmente diverse tra loro o rispetto a una chitarra pi\u00f9 recente.[\/vc_column_text][\/vc_column][vc_column width=&#8221;1\/3&#8243;][vc_single_image image=&#8221;82370&#8243; img_size=&#8221;large&#8221; css=&#8221;&#8221;][\/vc_column][\/vc_row][vc_row][vc_column][vc_column_text]<\/p>\n<h3>Guida all&#8217;applicazione:<\/h3>\n<ul>\n<li>Iniziamo ad applicare il colore una volta che abbiamo preparato la chitarra con Nitorlack Primer.<\/li>\n<li>Quando iniziamo il lavoro di verniciatura, i pori devono essere chiusi e la venatura non deve essere marcata.<\/li>\n<li>Applichiamo il prodotto sia con bomboletta spray che con pistola a circa 25 cm.<\/li>\n<li>Quando applichiamo, dobbiamo seguire uno schema di applicazione, prima orizzontalmente e poi verticalmente, applicando la vernice in modo uniforme.<\/li>\n<li>Applichiamo diverse mani, lasciando asciugare tra l&#8217;una e l&#8217;altra per circa 24 ore e carteggiando tra le mani per eliminare le impurit\u00e0 residue.<\/li>\n<li>Questo lavoro sar\u00e0 considerato terminato quando la superficie risulter\u00e0 totalmente liscia e priva di imperfezioni.<\/li>\n<\/ul>\n<p>&nbsp;<\/p>\n<h3>Domande frequenti:<\/h3>\n<p>&nbsp;<\/p>\n<h4>Di quante bombolette ho bisogno per verniciare una chitarra?<\/h4>\n<p>&#8211; Se la superficie \u00e8 ben coperta e non \u00e8 il tuo primo progetto, puoi farcela con una sola bomboletta, anche se non applicherai molte mani. Tuttavia, se non sei un esperto, ti consigliamo di usare 2 bombolette per una finitura ottimale.<\/p>\n<h4>A quale temperatura deve essere la chitarra durante e dopo il processo?<\/h4>\n<p>-Per ottenere i migliori risultati, ti consigliamo di applicarla in un luogo la cui temperatura sia compresa tra i 15 e i 25 gradi e l&#8217;umidit\u00e0 tra il 45% e il 60%.<\/p>\n<h4>Dove devo eseguire il processo?<\/h4>\n<p>-Un luogo pulito sar\u00e0 fondamentale per evitare che lo sporco o le particelle di polvere aderiscano alla superficie.[\/vc_column_text][\/vc_column][\/vc_row][vc_row][vc_column][vc_column_text]<\/p>\n<h4 style=\"text-align: center;\">Condividi i tuoi lavori sui social media usando il nostro hashtag<\/h4>\n<h2 style=\"text-align: center;\">#myNitorlack<\/h2>\n<p>[\/vc_column_text][\/vc_column][vc_column][\/vc_column][\/vc_row][vc_column width=&#8221;1\/2&#8243;][\/vc_column][vc_column width=&#8221;1\/2&#8243;][\/vc_column]<\/p>\n<\/div>","protected":false},"excerpt":{"rendered":"<p>Finitura Silversparkle. Adatta come finitura finale o come strato prima di una finitura traslucida per dare un effetto metallizzato. Questa finitura non \u00e8 comunemente prodotta da Fender, ma \u00e8 pi\u00f9 frequente sulle chitarre Fender Custom Shop e su quelle esclusive come la Brad Paisley Signature.<\/p>\n<p><strong>Not<\/strong><strong>a i<\/strong><strong>mportante<\/strong><em><strong>:<\/strong><\/em> Come per tutti i colori metallizzati, \u00e8 importante non carteggiare l&#8217;ultima mano di colore prima di iniziare a lucidare.<\/p>\n","protected":false},"featured_media":82350,"comment_status":"open","ping_status":"closed","template":"","meta":{"om_disable_all_campaigns":false,"site-sidebar-layout":"no-sidebar","site-content-layout":"plain-container","ast-site-content-layout":"normal-width-container","site-content-style":"unboxed","site-sidebar-style":"unboxed","ast-global-header-display":"","ast-banner-title-visibility":"","ast-main-header-display":"","ast-hfb-above-header-display":"","ast-hfb-below-header-display":"","ast-hfb-mobile-header-display":"","site-post-title":"disabled","ast-breadcrumbs-content":"","ast-featured-img":"disabled","footer-sml-layout":"","ast-disable-related-posts":"","theme-transparent-header-meta":"default","adv-header-id-meta":"","stick-header-meta":"default","header-above-stick-meta":"","header-main-stick-meta":"","header-below-stick-meta":"","astra-migrate-meta-layouts":"set","ast-page-background-enabled":"default","ast-page-background-meta":{"desktop":{"background-color":"var(--ast-global-color-4)","background-image":"","background-repeat":"repeat","background-position":"center center","background-size":"auto","background-attachment":"scroll","background-type":"","background-media":"","overlay-type":"","overlay-color":"","overlay-opacity":"","overlay-gradient":""},"tablet":{"background-color":"","background-image":"","background-repeat":"repeat","background-position":"center center","background-size":"auto","background-attachment":"scroll","background-type":"","background-media":"","overlay-type":"","overlay-color":"","overlay-opacity":"","overlay-gradient":""},"mobile":{"background-color":"","background-image":"","background-repeat":"repeat","background-position":"center center","background-size":"auto","background-attachment":"scroll","background-type":"","background-media":"","overlay-type":"","overlay-color":"","overlay-opacity":"","overlay-gradient":""}},"ast-content-background-meta":{"desktop":{"background-color":"var(--ast-global-color-5)","background-image":"","background-repeat":"repeat","background-position":"center center","background-size":"auto","background-attachment":"scroll","background-type":"","background-media":"","overlay-type":"","overlay-color":"","overlay-opacity":"","overlay-gradient":""},"tablet":{"background-color":"var(--ast-global-color-5)","background-image":"","background-repeat":"repeat","background-position":"center center","background-size":"auto","background-attachment":"scroll","background-type":"","background-media":"","overlay-type":"","overlay-color":"","overlay-opacity":"","overlay-gradient":""},"mobile":{"background-color":"var(--ast-global-color-5)","background-image":"","background-repeat":"repeat","background-position":"center center","background-size":"auto","background-attachment":"scroll","background-type":"","background-media":"","overlay-type":"","overlay-color":"","overlay-opacity":"","overlay-gradient":""}}},"product_brand":[],"product_cat":[7028,7421],"product_tag":[],"class_list":{"0":"post-3204","1":"product","2":"type-product","3":"status-publish","4":"has-post-thumbnail","6":"product_cat-colores-it","7":"product_cat-metallizzati","8":"desktop-align-center","9":"tablet-align-center","10":"mobile-align-center","11":"ast-product-gallery-layout-horizontal-slider","12":"ast-product-single-variable","13":"ast-product-tabs-layout-horizontal","15":"first","16":"instock","17":"taxable","18":"shipping-taxable","19":"purchasable","20":"product-type-variable"},"bundled_by":[],"bundle_stock_status":"instock","bundle_stock_quantity":5000,"bundle_virtual":false,"bundle_layout":"","bundle_add_to_cart_form_location":"","bundle_editable_in_cart":false,"bundle_sold_individually_context":"","bundle_item_grouping":"","bundle_min_size":"","bundle_max_size":"","bundle_price":[],"bundled_items":[],"bundle_sell_ids":[],"yoast_head":"<!-- This site is optimized with the Yoast SEO plugin v27.3 - https:\/\/yoast.com\/product\/yoast-seo-wordpress\/ -->\n<title>SILVERSPARKLE | Colore NitorLACK<\/title>\n<meta name=\"description\" content=\"Lacca alla nitrocellulosa Silver Sparkle e poliuretano per la pittura della chitarra. Vernice per chitarra vintage di alta qualit\u00e0. vernice spray per chitarra o lattina.\" \/>\n<meta name=\"robots\" content=\"index, follow, max-snippet:-1, max-image-preview:large, max-video-preview:-1\" \/>\n<link rel=\"canonical\" href=\"https:\/\/nitorlack.com\/it\/barniz\/colores-it\/metallizzati\/nitorlack-silversparkle\/\" \/>\n<meta property=\"og:locale\" content=\"it_IT\" \/>\n<meta property=\"og:type\" content=\"article\" \/>\n<meta property=\"og:title\" content=\"SILVERSPARKLE | Colore NitorLACK\" \/>\n<meta property=\"og:description\" content=\"Lacca alla nitrocellulosa Silver Sparkle e poliuretano per la pittura della chitarra. Vernice per chitarra vintage di alta qualit\u00e0. vernice spray per chitarra o lattina.\" \/>\n<meta property=\"og:url\" content=\"https:\/\/nitorlack.com\/it\/barniz\/colores-it\/metallizzati\/nitorlack-silversparkle\/\" \/>\n<meta property=\"og:site_name\" content=\"Nitorlack\" \/>\n<meta property=\"article:modified_time\" content=\"2026-03-22T11:36:43+00:00\" \/>\n<meta property=\"og:image\" content=\"https:\/\/nitorlack.com\/wp-content\/uploads\/2025\/09\/silversparkle-lat.jpg\" \/>\n\t<meta property=\"og:image:width\" content=\"1200\" \/>\n\t<meta property=\"og:image:height\" content=\"1200\" \/>\n\t<meta property=\"og:image:type\" content=\"image\/jpeg\" \/>\n<meta name=\"twitter:card\" content=\"summary_large_image\" \/>\n<meta name=\"twitter:label1\" content=\"Tempo di lettura stimato\" \/>\n\t<meta name=\"twitter:data1\" content=\"2 minuti\" \/>\n<script type=\"application\/ld+json\" class=\"yoast-schema-graph\">{\"@context\":\"https:\\\/\\\/schema.org\",\"@graph\":[{\"@type\":\"WebPage\",\"@id\":\"https:\\\/\\\/nitorlack.com\\\/it\\\/barniz\\\/colores-it\\\/metallizzati\\\/nitorlack-silversparkle\\\/\",\"url\":\"https:\\\/\\\/nitorlack.com\\\/it\\\/barniz\\\/colores-it\\\/metallizzati\\\/nitorlack-silversparkle\\\/\",\"name\":\"SILVERSPARKLE | Colore NitorLACK\",\"isPartOf\":{\"@id\":\"https:\\\/\\\/nitorlack.com\\\/it\\\/#website\"},\"primaryImageOfPage\":{\"@id\":\"https:\\\/\\\/nitorlack.com\\\/it\\\/barniz\\\/colores-it\\\/metallizzati\\\/nitorlack-silversparkle\\\/#primaryimage\"},\"image\":{\"@id\":\"https:\\\/\\\/nitorlack.com\\\/it\\\/barniz\\\/colores-it\\\/metallizzati\\\/nitorlack-silversparkle\\\/#primaryimage\"},\"thumbnailUrl\":\"https:\\\/\\\/nitorlack.com\\\/wp-content\\\/uploads\\\/2025\\\/09\\\/silversparkle-lat.jpg\",\"datePublished\":\"2016-03-30T10:18:26+00:00\",\"dateModified\":\"2026-03-22T11:36:43+00:00\",\"description\":\"Lacca alla nitrocellulosa Silver Sparkle e poliuretano per la pittura della chitarra. Vernice per chitarra vintage di alta qualit\u00e0. vernice spray per chitarra o lattina.\",\"breadcrumb\":{\"@id\":\"https:\\\/\\\/nitorlack.com\\\/it\\\/barniz\\\/colores-it\\\/metallizzati\\\/nitorlack-silversparkle\\\/#breadcrumb\"},\"inLanguage\":\"it-IT\",\"potentialAction\":[{\"@type\":\"ReadAction\",\"target\":[\"https:\\\/\\\/nitorlack.com\\\/it\\\/barniz\\\/colores-it\\\/metallizzati\\\/nitorlack-silversparkle\\\/\"]}]},{\"@type\":\"ImageObject\",\"inLanguage\":\"it-IT\",\"@id\":\"https:\\\/\\\/nitorlack.com\\\/it\\\/barniz\\\/colores-it\\\/metallizzati\\\/nitorlack-silversparkle\\\/#primaryimage\",\"url\":\"https:\\\/\\\/nitorlack.com\\\/wp-content\\\/uploads\\\/2025\\\/09\\\/silversparkle-lat.jpg\",\"contentUrl\":\"https:\\\/\\\/nitorlack.com\\\/wp-content\\\/uploads\\\/2025\\\/09\\\/silversparkle-lat.jpg\",\"width\":1200,\"height\":1200,\"caption\":\"silversparkle chitarra\"},{\"@type\":\"BreadcrumbList\",\"@id\":\"https:\\\/\\\/nitorlack.com\\\/it\\\/barniz\\\/colores-it\\\/metallizzati\\\/nitorlack-silversparkle\\\/#breadcrumb\",\"itemListElement\":[{\"@type\":\"ListItem\",\"position\":1,\"name\":\"Copertina\",\"item\":\"https:\\\/\\\/nitorlack.com\\\/it\\\/\"},{\"@type\":\"ListItem\",\"position\":2,\"name\":\"Negozio\",\"item\":\"https:\\\/\\\/nitorlack.com\\\/it\\\/negozio\\\/\"},{\"@type\":\"ListItem\",\"position\":3,\"name\":\"SILVERSPARKLE\"}]},{\"@type\":\"WebSite\",\"@id\":\"https:\\\/\\\/nitorlack.com\\\/it\\\/#website\",\"url\":\"https:\\\/\\\/nitorlack.com\\\/it\\\/\",\"name\":\"Nitorlack\",\"description\":\"Guitar Lacquers\",\"publisher\":{\"@id\":\"https:\\\/\\\/nitorlack.com\\\/it\\\/#organization\"},\"potentialAction\":[{\"@type\":\"SearchAction\",\"target\":{\"@type\":\"EntryPoint\",\"urlTemplate\":\"https:\\\/\\\/nitorlack.com\\\/it\\\/?s={search_term_string}\"},\"query-input\":{\"@type\":\"PropertyValueSpecification\",\"valueRequired\":true,\"valueName\":\"search_term_string\"}}],\"inLanguage\":\"it-IT\"},{\"@type\":\"Organization\",\"@id\":\"https:\\\/\\\/nitorlack.com\\\/it\\\/#organization\",\"name\":\"Nitorlack\",\"url\":\"https:\\\/\\\/nitorlack.com\\\/it\\\/\",\"logo\":{\"@type\":\"ImageObject\",\"inLanguage\":\"it-IT\",\"@id\":\"https:\\\/\\\/nitorlack.com\\\/it\\\/#\\\/schema\\\/logo\\\/image\\\/\",\"url\":\"http:\\\/\\\/nitorlack.com\\\/wp-content\\\/uploads\\\/2016\\\/02\\\/cropped-galleta-negra-1.jpg\",\"contentUrl\":\"http:\\\/\\\/nitorlack.com\\\/wp-content\\\/uploads\\\/2016\\\/02\\\/cropped-galleta-negra-1.jpg\",\"width\":512,\"height\":512,\"caption\":\"Nitorlack\"},\"image\":{\"@id\":\"https:\\\/\\\/nitorlack.com\\\/it\\\/#\\\/schema\\\/logo\\\/image\\\/\"}}]}<\/script>\n<!-- \/ Yoast SEO plugin. -->","yoast_head_json":{"title":"SILVERSPARKLE | Colore NitorLACK","description":"Lacca alla nitrocellulosa Silver Sparkle e poliuretano per la pittura della chitarra. Vernice per chitarra vintage di alta qualit\u00e0. vernice spray per chitarra o lattina.","robots":{"index":"index","follow":"follow","max-snippet":"max-snippet:-1","max-image-preview":"max-image-preview:large","max-video-preview":"max-video-preview:-1"},"canonical":"https:\/\/nitorlack.com\/it\/barniz\/colores-it\/metallizzati\/nitorlack-silversparkle\/","og_locale":"it_IT","og_type":"article","og_title":"SILVERSPARKLE | Colore NitorLACK","og_description":"Lacca alla nitrocellulosa Silver Sparkle e poliuretano per la pittura della chitarra. Vernice per chitarra vintage di alta qualit\u00e0. vernice spray per chitarra o lattina.","og_url":"https:\/\/nitorlack.com\/it\/barniz\/colores-it\/metallizzati\/nitorlack-silversparkle\/","og_site_name":"Nitorlack","article_modified_time":"2026-03-22T11:36:43+00:00","og_image":[{"width":1200,"height":1200,"url":"https:\/\/nitorlack.com\/wp-content\/uploads\/2025\/09\/silversparkle-lat.jpg","type":"image\/jpeg"}],"twitter_card":"summary_large_image","twitter_misc":{"Tempo di lettura stimato":"2 minuti"},"schema":{"@context":"https:\/\/schema.org","@graph":[{"@type":"WebPage","@id":"https:\/\/nitorlack.com\/it\/barniz\/colores-it\/metallizzati\/nitorlack-silversparkle\/","url":"https:\/\/nitorlack.com\/it\/barniz\/colores-it\/metallizzati\/nitorlack-silversparkle\/","name":"SILVERSPARKLE | Colore NitorLACK","isPartOf":{"@id":"https:\/\/nitorlack.com\/it\/#website"},"primaryImageOfPage":{"@id":"https:\/\/nitorlack.com\/it\/barniz\/colores-it\/metallizzati\/nitorlack-silversparkle\/#primaryimage"},"image":{"@id":"https:\/\/nitorlack.com\/it\/barniz\/colores-it\/metallizzati\/nitorlack-silversparkle\/#primaryimage"},"thumbnailUrl":"https:\/\/nitorlack.com\/wp-content\/uploads\/2025\/09\/silversparkle-lat.jpg","datePublished":"2016-03-30T10:18:26+00:00","dateModified":"2026-03-22T11:36:43+00:00","description":"Lacca alla nitrocellulosa Silver Sparkle e poliuretano per la pittura della chitarra. Vernice per chitarra vintage di alta qualit\u00e0. vernice spray per chitarra o lattina.","breadcrumb":{"@id":"https:\/\/nitorlack.com\/it\/barniz\/colores-it\/metallizzati\/nitorlack-silversparkle\/#breadcrumb"},"inLanguage":"it-IT","potentialAction":[{"@type":"ReadAction","target":["https:\/\/nitorlack.com\/it\/barniz\/colores-it\/metallizzati\/nitorlack-silversparkle\/"]}]},{"@type":"ImageObject","inLanguage":"it-IT","@id":"https:\/\/nitorlack.com\/it\/barniz\/colores-it\/metallizzati\/nitorlack-silversparkle\/#primaryimage","url":"https:\/\/nitorlack.com\/wp-content\/uploads\/2025\/09\/silversparkle-lat.jpg","contentUrl":"https:\/\/nitorlack.com\/wp-content\/uploads\/2025\/09\/silversparkle-lat.jpg","width":1200,"height":1200,"caption":"silversparkle chitarra"},{"@type":"BreadcrumbList","@id":"https:\/\/nitorlack.com\/it\/barniz\/colores-it\/metallizzati\/nitorlack-silversparkle\/#breadcrumb","itemListElement":[{"@type":"ListItem","position":1,"name":"Copertina","item":"https:\/\/nitorlack.com\/it\/"},{"@type":"ListItem","position":2,"name":"Negozio","item":"https:\/\/nitorlack.com\/it\/negozio\/"},{"@type":"ListItem","position":3,"name":"SILVERSPARKLE"}]},{"@type":"WebSite","@id":"https:\/\/nitorlack.com\/it\/#website","url":"https:\/\/nitorlack.com\/it\/","name":"Nitorlack","description":"Guitar Lacquers","publisher":{"@id":"https:\/\/nitorlack.com\/it\/#organization"},"potentialAction":[{"@type":"SearchAction","target":{"@type":"EntryPoint","urlTemplate":"https:\/\/nitorlack.com\/it\/?s={search_term_string}"},"query-input":{"@type":"PropertyValueSpecification","valueRequired":true,"valueName":"search_term_string"}}],"inLanguage":"it-IT"},{"@type":"Organization","@id":"https:\/\/nitorlack.com\/it\/#organization","name":"Nitorlack","url":"https:\/\/nitorlack.com\/it\/","logo":{"@type":"ImageObject","inLanguage":"it-IT","@id":"https:\/\/nitorlack.com\/it\/#\/schema\/logo\/image\/","url":"http:\/\/nitorlack.com\/wp-content\/uploads\/2016\/02\/cropped-galleta-negra-1.jpg","contentUrl":"http:\/\/nitorlack.com\/wp-content\/uploads\/2016\/02\/cropped-galleta-negra-1.jpg","width":512,"height":512,"caption":"Nitorlack"},"image":{"@id":"https:\/\/nitorlack.com\/it\/#\/schema\/logo\/image\/"}}]}},"_links":{"self":[{"href":"https:\/\/nitorlack.com\/it\/wp-json\/wp\/v2\/product\/3204","targetHints":{"allow":["GET"]}}],"collection":[{"href":"https:\/\/nitorlack.com\/it\/wp-json\/wp\/v2\/product"}],"about":[{"href":"https:\/\/nitorlack.com\/it\/wp-json\/wp\/v2\/types\/product"}],"replies":[{"embeddable":true,"href":"https:\/\/nitorlack.com\/it\/wp-json\/wp\/v2\/comments?post=3204"}],"wp:featuredmedia":[{"embeddable":true,"href":"https:\/\/nitorlack.com\/it\/wp-json\/wp\/v2\/media\/82350"}],"wp:attachment":[{"href":"https:\/\/nitorlack.com\/it\/wp-json\/wp\/v2\/media?parent=3204"}],"wp:term":[{"taxonomy":"product_brand","embeddable":true,"href":"https:\/\/nitorlack.com\/it\/wp-json\/wp\/v2\/product_brand?post=3204"},{"taxonomy":"product_cat","embeddable":true,"href":"https:\/\/nitorlack.com\/it\/wp-json\/wp\/v2\/product_cat?post=3204"},{"taxonomy":"product_tag","embeddable":true,"href":"https:\/\/nitorlack.com\/it\/wp-json\/wp\/v2\/product_tag?post=3204"}],"curies":[{"name":"wp","href":"https:\/\/api.w.org\/{rel}","templated":true}]}}