{"id":3192,"date":"2016-03-30T12:18:26","date_gmt":"2016-03-30T10:18:26","guid":{"rendered":"http:\/\/nitorlack.com\/en\/product\/nitorlack-pearly\/"},"modified":"2026-04-24T11:59:33","modified_gmt":"2026-04-24T09:59:33","slug":"nitorlack-pearly","status":"publish","type":"product","link":"https:\/\/nitorlack.com\/it\/barniz\/colores-it\/metallizzati\/nitorlack-pearly\/","title":{"rendered":"PEARLY"},"content":{"rendered":"<div class=\"wpb-content-wrapper\"><p>[vc_row css=&#8221;.vc_custom_1593585132184{background-color: #ffffff !important;}&#8221;][vc_column width=&#8221;2\/3&#8243;][vc_column_text]<\/p>\n<h2>I nostri colori di ispirazione vintage<\/h2>\n<p>I colori Nitorlack si basano sui colori originali di <strong>Fender e Gibson<\/strong>. La creazione di questi colori \u00e8 preceduta da un grande lavoro e da uno studio esaustivo da parte del nostro laboratorio e del nostro ufficio tecnico. Grazie a ci\u00f2, siamo riusciti a ricreare fedelmente i toni delle chitarre Fender e Gibson degli anni &#8217;50 e &#8217;60.<\/p>\n<p>Da quegli anni a oggi, va notato che i <strong>colori delle chitarre vintage<\/strong> sono cambiati molto nel corso degli anni a causa dell&#8217;invecchiamento della <strong>lacca di nitrocellulosa<\/strong> e dei cambiamenti nei colori del marchio stesso.<\/p>\n<p>Pertanto, due chitarre rifinite nel 1960 con i colori fender possono essere totalmente diverse l&#8217;una dall&#8217;altra o da una chitarra pi\u00f9 moderna.[\/vc_column_text][\/vc_column][vc_column width=&#8221;1\/3&#8243;][vc_single_image image=&#8221;82342&#8243; img_size=&#8221;large&#8221; css=&#8221;&#8221;][\/vc_column][\/vc_row][vc_row][vc_column][vc_column_text]<\/p>\n<h2>Guida all&#8217;applicazione:<\/h2>\n<ul>\n<li>Iniziamo ad applicare il colore una volta che abbiamo preparato la chitarra con <strong>Nitorlack Primer.<\/strong><\/li>\n<li>Quando iniziamo il lavoro di verniciatura, i pori devono essere chiusi e la venatura non deve essere marcata.<\/li>\n<li>Applichiamo il prodotto sia con bomboletta spray che con pistola a circa <strong>25 cm.<\/strong><\/li>\n<li>Quando applichiamo, dobbiamo seguire uno schema di applicazione, <strong>prima orizzontalmente e poi verticalmente<\/strong>, applicando la vernice in modo uniforme.<\/li>\n<li>Applichiamo diverse mani, lasciando asciugare tra l&#8217;una e l&#8217;altra per circa <strong>24 ore<\/strong> e carteggiando tra le mani per eliminare le impurit\u00e0 residue.<\/li>\n<li>Questo lavoro sar\u00e0 considerato terminato quando la superficie risulter\u00e0 totalmente liscia e priva di imperfezioni.<\/li>\n<\/ul>\n<p>&nbsp;<\/p>\n<h2>Domande frequenti:<\/h2>\n<p>&nbsp;<\/p>\n<h4>Di quante bombolette spray ho bisogno per verniciare una chitarra?<\/h4>\n<p>&#8211; Se la superficie \u00e8 ben coperta e non \u00e8 il tuo primo progetto di verniciatura, puoi farcela con una sola bomboletta spray, anche se non applicherai molte mani. Tuttavia, se non sei un esperto, ti consigliamo di usare 2 bombolette spray per una finitura ottimale.<\/p>\n<p>&nbsp;<\/p>\n<h4>A quale temperatura deve essere la chitarra durante e dopo il processo?<\/h4>\n<p>-Per ottenere i migliori risultati, ti consigliamo di applicarla in un luogo la cui temperatura sia compresa tra i 15 e i 25 gradi e l&#8217;umidit\u00e0 tra il 45% e il 60%.<\/p>\n<p>&nbsp;<\/p>\n<h4>Dove devo eseguire il processo?<\/h4>\n<p>-Un luogo pulito sar\u00e0 fondamentale per evitare che lo sporco o le particelle di polvere aderiscano alla superficie.<\/p>\n<p>&nbsp;<\/p>\n<h4>\u00c8 obbligatorio carteggiare tra le mani?<\/h4>\n<p>Non \u00e8 sempre obbligatorio, ma \u00e8 consigliabile per eliminare le imperfezioni che rimangono nella vernice alla fine di ogni mano, cos\u00ec come le particelle che potrebbero aderire.[\/vc_column_text][\/vc_column][\/vc_row][vc_row][vc_column][vc_column_text]<\/p>\n<h4 style=\"text-align: center;\">Condividete il vostro lavoro sui social media utilizzando il nostro hashtag<\/h4>\n<h2 style=\"text-align: center;\">#myNitorlack<\/h2>\n<p>&nbsp;<br \/>\n[\/vc_column_text][\/vc_column][\/vc_row][vc_column][vc_column_text]<\/p>\n<h4 style=\"text-align: center;\">Con la garanzia di\u00a0 <a href=\"https:\/\/valresa.com\/\">Valresa Coatings SA<\/a><\/h4>\n<p>[\/vc_column_text][\/vc_column][vc_column width=&#8221;1\/2&#8243;][\/vc_column][vc_column width=&#8221;1\/2&#8243;][\/vc_column]<\/p>\n<\/div>","protected":false},"excerpt":{"rendered":"<p>Finitura perlescente Nitro.<\/p>\n<p>Lacca nitro incolore che l&#8217;applicazione su qualsiasi colore sviluppa un effetto perlescente fine e liscia.<\/p>\n","protected":false},"featured_media":82326,"comment_status":"open","ping_status":"closed","template":"","meta":{"om_disable_all_campaigns":false,"site-sidebar-layout":"no-sidebar","site-content-layout":"plain-container","ast-site-content-layout":"normal-width-container","site-content-style":"unboxed","site-sidebar-style":"unboxed","ast-global-header-display":"","ast-banner-title-visibility":"","ast-main-header-display":"","ast-hfb-above-header-display":"","ast-hfb-below-header-display":"","ast-hfb-mobile-header-display":"","site-post-title":"disabled","ast-breadcrumbs-content":"","ast-featured-img":"disabled","footer-sml-layout":"","ast-disable-related-posts":"","theme-transparent-header-meta":"default","adv-header-id-meta":"","stick-header-meta":"default","header-above-stick-meta":"","header-main-stick-meta":"","header-below-stick-meta":"","astra-migrate-meta-layouts":"default","ast-page-background-enabled":"default","ast-page-background-meta":{"desktop":{"background-color":"var(--ast-global-color-4)","background-image":"","background-repeat":"repeat","background-position":"center center","background-size":"auto","background-attachment":"scroll","background-type":"","background-media":"","overlay-type":"","overlay-color":"","overlay-opacity":"","overlay-gradient":""},"tablet":{"background-color":"","background-image":"","background-repeat":"repeat","background-position":"center center","background-size":"auto","background-attachment":"scroll","background-type":"","background-media":"","overlay-type":"","overlay-color":"","overlay-opacity":"","overlay-gradient":""},"mobile":{"background-color":"","background-image":"","background-repeat":"repeat","background-position":"center center","background-size":"auto","background-attachment":"scroll","background-type":"","background-media":"","overlay-type":"","overlay-color":"","overlay-opacity":"","overlay-gradient":""}},"ast-content-background-meta":{"desktop":{"background-color":"var(--ast-global-color-5)","background-image":"","background-repeat":"repeat","background-position":"center center","background-size":"auto","background-attachment":"scroll","background-type":"","background-media":"","overlay-type":"","overlay-color":"","overlay-opacity":"","overlay-gradient":""},"tablet":{"background-color":"var(--ast-global-color-5)","background-image":"","background-repeat":"repeat","background-position":"center center","background-size":"auto","background-attachment":"scroll","background-type":"","background-media":"","overlay-type":"","overlay-color":"","overlay-opacity":"","overlay-gradient":""},"mobile":{"background-color":"var(--ast-global-color-5)","background-image":"","background-repeat":"repeat","background-position":"center center","background-size":"auto","background-attachment":"scroll","background-type":"","background-media":"","overlay-type":"","overlay-color":"","overlay-opacity":"","overlay-gradient":""}}},"product_brand":[],"product_cat":[7028,7421],"product_tag":[],"class_list":{"0":"post-3192","1":"product","2":"type-product","3":"status-publish","4":"has-post-thumbnail","6":"product_cat-colores-it","7":"product_cat-metallizzati","8":"desktop-align-center","9":"tablet-align-center","10":"mobile-align-center","11":"ast-product-gallery-layout-horizontal-slider","12":"ast-product-single-variable","13":"ast-product-tabs-layout-horizontal","15":"first","16":"instock","17":"taxable","18":"shipping-taxable","19":"purchasable","20":"product-type-variable"},"bundled_by":[],"bundle_stock_status":"instock","bundle_stock_quantity":5000,"bundle_virtual":false,"bundle_layout":"","bundle_add_to_cart_form_location":"","bundle_editable_in_cart":false,"bundle_sold_individually_context":"","bundle_item_grouping":"","bundle_min_size":"","bundle_max_size":"","bundle_price":[],"bundled_items":[],"bundle_sell_ids":[],"yoast_head":"<!-- This site is optimized with the Yoast SEO plugin v27.5 - https:\/\/yoast.com\/product\/yoast-seo-wordpress\/ -->\n<title>PEARLY | vernice NitorLACK<\/title>\n<meta name=\"description\" content=\"Colore pearly, tipico della linea Gibson degli anni Sessanta. Disponibile in nitrocellulosa o poliuretano, in spray da 400 ml e in bomboletta da 500 ml.\" \/>\n<meta name=\"robots\" content=\"index, follow, max-snippet:-1, max-image-preview:large, max-video-preview:-1\" \/>\n<link rel=\"canonical\" href=\"https:\/\/nitorlack.com\/it\/barniz\/colores-it\/metallizzati\/nitorlack-pearly\/\" \/>\n<meta property=\"og:locale\" content=\"it_IT\" \/>\n<meta property=\"og:type\" content=\"article\" \/>\n<meta property=\"og:title\" content=\"PEARLY | vernice NitorLACK\" \/>\n<meta property=\"og:description\" content=\"Colore pearly, tipico della linea Gibson degli anni Sessanta. Disponibile in nitrocellulosa o poliuretano, in spray da 400 ml e in bomboletta da 500 ml.\" \/>\n<meta property=\"og:url\" content=\"https:\/\/nitorlack.com\/it\/barniz\/colores-it\/metallizzati\/nitorlack-pearly\/\" \/>\n<meta property=\"og:site_name\" content=\"Nitorlack\" \/>\n<meta property=\"article:modified_time\" content=\"2026-04-24T09:59:33+00:00\" \/>\n<meta property=\"og:image\" content=\"https:\/\/nitorlack.com\/wp-content\/uploads\/2025\/09\/pearly-lateral.jpg\" \/>\n\t<meta property=\"og:image:width\" content=\"1200\" \/>\n\t<meta property=\"og:image:height\" content=\"1200\" \/>\n\t<meta property=\"og:image:type\" content=\"image\/jpeg\" \/>\n<meta name=\"twitter:card\" content=\"summary_large_image\" \/>\n<meta name=\"twitter:label1\" content=\"Tempo di lettura stimato\" \/>\n\t<meta name=\"twitter:data1\" content=\"4 minuti\" \/>\n<script type=\"application\/ld+json\" class=\"yoast-schema-graph\">{\"@context\":\"https:\\\/\\\/schema.org\",\"@graph\":[{\"@type\":\"WebPage\",\"@id\":\"https:\\\/\\\/nitorlack.com\\\/it\\\/barniz\\\/colores-it\\\/metallizzati\\\/nitorlack-pearly\\\/\",\"url\":\"https:\\\/\\\/nitorlack.com\\\/it\\\/barniz\\\/colores-it\\\/metallizzati\\\/nitorlack-pearly\\\/\",\"name\":\"PEARLY | vernice NitorLACK\",\"isPartOf\":{\"@id\":\"https:\\\/\\\/nitorlack.com\\\/it\\\/#website\"},\"primaryImageOfPage\":{\"@id\":\"https:\\\/\\\/nitorlack.com\\\/it\\\/barniz\\\/colores-it\\\/metallizzati\\\/nitorlack-pearly\\\/#primaryimage\"},\"image\":{\"@id\":\"https:\\\/\\\/nitorlack.com\\\/it\\\/barniz\\\/colores-it\\\/metallizzati\\\/nitorlack-pearly\\\/#primaryimage\"},\"thumbnailUrl\":\"https:\\\/\\\/nitorlack.com\\\/wp-content\\\/uploads\\\/2025\\\/09\\\/pearly-lateral.jpg\",\"datePublished\":\"2016-03-30T10:18:26+00:00\",\"dateModified\":\"2026-04-24T09:59:33+00:00\",\"description\":\"Colore pearly, tipico della linea Gibson degli anni Sessanta. Disponibile in nitrocellulosa o poliuretano, in spray da 400 ml e in bomboletta da 500 ml.\",\"breadcrumb\":{\"@id\":\"https:\\\/\\\/nitorlack.com\\\/it\\\/barniz\\\/colores-it\\\/metallizzati\\\/nitorlack-pearly\\\/#breadcrumb\"},\"inLanguage\":\"it-IT\",\"potentialAction\":[{\"@type\":\"ReadAction\",\"target\":[\"https:\\\/\\\/nitorlack.com\\\/it\\\/barniz\\\/colores-it\\\/metallizzati\\\/nitorlack-pearly\\\/\"]}]},{\"@type\":\"ImageObject\",\"inLanguage\":\"it-IT\",\"@id\":\"https:\\\/\\\/nitorlack.com\\\/it\\\/barniz\\\/colores-it\\\/metallizzati\\\/nitorlack-pearly\\\/#primaryimage\",\"url\":\"https:\\\/\\\/nitorlack.com\\\/wp-content\\\/uploads\\\/2025\\\/09\\\/pearly-lateral.jpg\",\"contentUrl\":\"https:\\\/\\\/nitorlack.com\\\/wp-content\\\/uploads\\\/2025\\\/09\\\/pearly-lateral.jpg\",\"width\":1200,\"height\":1200,\"caption\":\"Pearly guitar color\"},{\"@type\":\"BreadcrumbList\",\"@id\":\"https:\\\/\\\/nitorlack.com\\\/it\\\/barniz\\\/colores-it\\\/metallizzati\\\/nitorlack-pearly\\\/#breadcrumb\",\"itemListElement\":[{\"@type\":\"ListItem\",\"position\":1,\"name\":\"Copertina\",\"item\":\"https:\\\/\\\/nitorlack.com\\\/it\\\/\"},{\"@type\":\"ListItem\",\"position\":2,\"name\":\"Negozio\",\"item\":\"https:\\\/\\\/nitorlack.com\\\/it\\\/negozio\\\/\"},{\"@type\":\"ListItem\",\"position\":3,\"name\":\"PEARLY\"}]},{\"@type\":\"WebSite\",\"@id\":\"https:\\\/\\\/nitorlack.com\\\/it\\\/#website\",\"url\":\"https:\\\/\\\/nitorlack.com\\\/it\\\/\",\"name\":\"Nitorlack\",\"description\":\"Guitar Lacquers\",\"publisher\":{\"@id\":\"https:\\\/\\\/nitorlack.com\\\/it\\\/#organization\"},\"potentialAction\":[{\"@type\":\"SearchAction\",\"target\":{\"@type\":\"EntryPoint\",\"urlTemplate\":\"https:\\\/\\\/nitorlack.com\\\/it\\\/?s={search_term_string}\"},\"query-input\":{\"@type\":\"PropertyValueSpecification\",\"valueRequired\":true,\"valueName\":\"search_term_string\"}}],\"inLanguage\":\"it-IT\"},{\"@type\":\"Organization\",\"@id\":\"https:\\\/\\\/nitorlack.com\\\/it\\\/#organization\",\"name\":\"Nitorlack\",\"url\":\"https:\\\/\\\/nitorlack.com\\\/it\\\/\",\"logo\":{\"@type\":\"ImageObject\",\"inLanguage\":\"it-IT\",\"@id\":\"https:\\\/\\\/nitorlack.com\\\/it\\\/#\\\/schema\\\/logo\\\/image\\\/\",\"url\":\"http:\\\/\\\/nitorlack.com\\\/wp-content\\\/uploads\\\/2016\\\/02\\\/cropped-galleta-negra-1.jpg\",\"contentUrl\":\"http:\\\/\\\/nitorlack.com\\\/wp-content\\\/uploads\\\/2016\\\/02\\\/cropped-galleta-negra-1.jpg\",\"width\":512,\"height\":512,\"caption\":\"Nitorlack\"},\"image\":{\"@id\":\"https:\\\/\\\/nitorlack.com\\\/it\\\/#\\\/schema\\\/logo\\\/image\\\/\"}}]}<\/script>\n<!-- \/ Yoast SEO plugin. -->","yoast_head_json":{"title":"PEARLY | vernice NitorLACK","description":"Colore pearly, tipico della linea Gibson degli anni Sessanta. Disponibile in nitrocellulosa o poliuretano, in spray da 400 ml e in bomboletta da 500 ml.","robots":{"index":"index","follow":"follow","max-snippet":"max-snippet:-1","max-image-preview":"max-image-preview:large","max-video-preview":"max-video-preview:-1"},"canonical":"https:\/\/nitorlack.com\/it\/barniz\/colores-it\/metallizzati\/nitorlack-pearly\/","og_locale":"it_IT","og_type":"article","og_title":"PEARLY | vernice NitorLACK","og_description":"Colore pearly, tipico della linea Gibson degli anni Sessanta. Disponibile in nitrocellulosa o poliuretano, in spray da 400 ml e in bomboletta da 500 ml.","og_url":"https:\/\/nitorlack.com\/it\/barniz\/colores-it\/metallizzati\/nitorlack-pearly\/","og_site_name":"Nitorlack","article_modified_time":"2026-04-24T09:59:33+00:00","og_image":[{"width":1200,"height":1200,"url":"https:\/\/nitorlack.com\/wp-content\/uploads\/2025\/09\/pearly-lateral.jpg","type":"image\/jpeg"}],"twitter_card":"summary_large_image","twitter_misc":{"Tempo di lettura stimato":"4 minuti"},"schema":{"@context":"https:\/\/schema.org","@graph":[{"@type":"WebPage","@id":"https:\/\/nitorlack.com\/it\/barniz\/colores-it\/metallizzati\/nitorlack-pearly\/","url":"https:\/\/nitorlack.com\/it\/barniz\/colores-it\/metallizzati\/nitorlack-pearly\/","name":"PEARLY | vernice NitorLACK","isPartOf":{"@id":"https:\/\/nitorlack.com\/it\/#website"},"primaryImageOfPage":{"@id":"https:\/\/nitorlack.com\/it\/barniz\/colores-it\/metallizzati\/nitorlack-pearly\/#primaryimage"},"image":{"@id":"https:\/\/nitorlack.com\/it\/barniz\/colores-it\/metallizzati\/nitorlack-pearly\/#primaryimage"},"thumbnailUrl":"https:\/\/nitorlack.com\/wp-content\/uploads\/2025\/09\/pearly-lateral.jpg","datePublished":"2016-03-30T10:18:26+00:00","dateModified":"2026-04-24T09:59:33+00:00","description":"Colore pearly, tipico della linea Gibson degli anni Sessanta. Disponibile in nitrocellulosa o poliuretano, in spray da 400 ml e in bomboletta da 500 ml.","breadcrumb":{"@id":"https:\/\/nitorlack.com\/it\/barniz\/colores-it\/metallizzati\/nitorlack-pearly\/#breadcrumb"},"inLanguage":"it-IT","potentialAction":[{"@type":"ReadAction","target":["https:\/\/nitorlack.com\/it\/barniz\/colores-it\/metallizzati\/nitorlack-pearly\/"]}]},{"@type":"ImageObject","inLanguage":"it-IT","@id":"https:\/\/nitorlack.com\/it\/barniz\/colores-it\/metallizzati\/nitorlack-pearly\/#primaryimage","url":"https:\/\/nitorlack.com\/wp-content\/uploads\/2025\/09\/pearly-lateral.jpg","contentUrl":"https:\/\/nitorlack.com\/wp-content\/uploads\/2025\/09\/pearly-lateral.jpg","width":1200,"height":1200,"caption":"Pearly guitar color"},{"@type":"BreadcrumbList","@id":"https:\/\/nitorlack.com\/it\/barniz\/colores-it\/metallizzati\/nitorlack-pearly\/#breadcrumb","itemListElement":[{"@type":"ListItem","position":1,"name":"Copertina","item":"https:\/\/nitorlack.com\/it\/"},{"@type":"ListItem","position":2,"name":"Negozio","item":"https:\/\/nitorlack.com\/it\/negozio\/"},{"@type":"ListItem","position":3,"name":"PEARLY"}]},{"@type":"WebSite","@id":"https:\/\/nitorlack.com\/it\/#website","url":"https:\/\/nitorlack.com\/it\/","name":"Nitorlack","description":"Guitar Lacquers","publisher":{"@id":"https:\/\/nitorlack.com\/it\/#organization"},"potentialAction":[{"@type":"SearchAction","target":{"@type":"EntryPoint","urlTemplate":"https:\/\/nitorlack.com\/it\/?s={search_term_string}"},"query-input":{"@type":"PropertyValueSpecification","valueRequired":true,"valueName":"search_term_string"}}],"inLanguage":"it-IT"},{"@type":"Organization","@id":"https:\/\/nitorlack.com\/it\/#organization","name":"Nitorlack","url":"https:\/\/nitorlack.com\/it\/","logo":{"@type":"ImageObject","inLanguage":"it-IT","@id":"https:\/\/nitorlack.com\/it\/#\/schema\/logo\/image\/","url":"http:\/\/nitorlack.com\/wp-content\/uploads\/2016\/02\/cropped-galleta-negra-1.jpg","contentUrl":"http:\/\/nitorlack.com\/wp-content\/uploads\/2016\/02\/cropped-galleta-negra-1.jpg","width":512,"height":512,"caption":"Nitorlack"},"image":{"@id":"https:\/\/nitorlack.com\/it\/#\/schema\/logo\/image\/"}}]}},"_links":{"self":[{"href":"https:\/\/nitorlack.com\/it\/wp-json\/wp\/v2\/product\/3192","targetHints":{"allow":["GET"]}}],"collection":[{"href":"https:\/\/nitorlack.com\/it\/wp-json\/wp\/v2\/product"}],"about":[{"href":"https:\/\/nitorlack.com\/it\/wp-json\/wp\/v2\/types\/product"}],"replies":[{"embeddable":true,"href":"https:\/\/nitorlack.com\/it\/wp-json\/wp\/v2\/comments?post=3192"}],"wp:featuredmedia":[{"embeddable":true,"href":"https:\/\/nitorlack.com\/it\/wp-json\/wp\/v2\/media\/82326"}],"wp:attachment":[{"href":"https:\/\/nitorlack.com\/it\/wp-json\/wp\/v2\/media?parent=3192"}],"wp:term":[{"taxonomy":"product_brand","embeddable":true,"href":"https:\/\/nitorlack.com\/it\/wp-json\/wp\/v2\/product_brand?post=3192"},{"taxonomy":"product_cat","embeddable":true,"href":"https:\/\/nitorlack.com\/it\/wp-json\/wp\/v2\/product_cat?post=3192"},{"taxonomy":"product_tag","embeddable":true,"href":"https:\/\/nitorlack.com\/it\/wp-json\/wp\/v2\/product_tag?post=3192"}],"curies":[{"name":"wp","href":"https:\/\/api.w.org\/{rel}","templated":true}]}}