{"id":3165,"date":"2016-03-30T12:18:26","date_gmt":"2016-03-30T10:18:26","guid":{"rendered":"http:\/\/nitorlack.com\/en\/product\/nitoraqua-primer\/"},"modified":"2026-04-05T21:40:16","modified_gmt":"2026-04-05T19:40:16","slug":"nitoraqua-primer","status":"publish","type":"product","link":"https:\/\/nitorlack.com\/it\/barniz\/sigillantis\/base-dacqua-it\/nitoraqua-primer\/","title":{"rendered":"NITORAQUA PRIMER"},"content":{"rendered":"<div class=\"wpb-content-wrapper\"><p>[vc_row][vc_column][vc_column_text css=&#8221;&#8221;]<\/p>\n<h2>Applicazione NitorAqua Primer.<\/h2>\n<ul>\n<li><strong>Diluizione:<\/strong> 15-20% in acqua distillata, alcool o diluente. La proporzione dipender\u00e0 dal tipo di pistola e dalla sua configurazione. Si consiglia di utilizzare una pistola con ugello da 1.7 in su.<\/li>\n<li><strong>Preparazione del legno:<\/strong> Il legno deve essere uniforme e senza imperfezioni. Carteggiare progressivamente (240-400-800) sempre nella direzione della venatura.<\/li>\n<li><strong>Applicazione:<\/strong> Applicare con pistola in diverse mani incrociate fino a coprire totalmente la superficie evitando di caricare troppo prodotto per evitare colature. Una volta asciutto carteggiare con P400 per garantire aderenza e livellare, applicare una nuova mano.<\/li>\n<\/ul>\n<p>Ripetere il processo fino a quando la superficie non sar\u00e0 totalmente liscia e senza imperfezioni, riuscendo a chiudere il poro del legno.<\/p>\n<p>I prodotti all&#8217;acqua hanno un colore biancastro che scompare quando asciugano.<\/p>\n<ul>\n<li><strong>Tempo di asciugatura:<\/strong> Si devono lasciare almeno 7-8 ore tra le mani. L&#8217;asciugatura finale si ottiene in 24-48 ore.<\/li>\n<\/ul>\n<h2>Applicazione NitorAqua Primer con pennello di spugna:<\/h2>\n<ul>\n<li>Mescolare in un contenitore il NitorAqua Primer (60%) con acqua o acqua distillata (40%).<\/li>\n<li>Agitare bene per incorporare e stendere mediante un <a href=\"https:\/\/nitorlack.com\/it\/barniz\/accesori\/varie-it\/pennello-in-schiuma-2\/\">pennello di spugna<\/a> nel senso della venatura del legno. Una volta che tutta la superficie della chitarra \u00e8 coperta, lasciare asciugare per un tempo compreso tra 4 e 6 ore.<\/li>\n<li>Carteggiare con P800 per livellare la superficie e applicare un nuovo strato di NitorAqua Primer. Ripetere questo processo fino a quando il poro non \u00e8 stato coperto.<\/li>\n<li>A questo punto, la superficie sar\u00e0 pronta per iniziare ad applicare gli strati di <a href=\"https:\/\/nitorlack.com\/it\/barniz\/finiture\/acqua-it\/nitoraqua-lacquer-black-matt\/\">NitorAqua lacquer<\/a>.<\/li>\n<\/ul>\n<p>[\/vc_column_text][\/vc_column][\/vc_row][vc_row][vc_column][vc_column_text css=&#8221;&#8221;]<\/p>\n<h2>Cos&#8217;\u00e8 un fondo?<\/h2>\n<p>Per fondi si intendono gli strati di vernice che si applicano come preparazione della finitura; include varie accezioni, sigillanti, turapori, ecc. I fondi vernicianti sono molto importanti nel processo di verniciatura di una chitarra. Se vogliamo una finitura finale di massima qualit\u00e0 sul nostro strumento, \u00e8 importante utilizzare un fondo. Le caratteristiche di un fondo sono trasparenza, elasticit\u00e0, facile carteggiatura, livellamento, capacit\u00e0 di riempimento e rapidit\u00e0 di asciugatura.<\/p>\n<p>&nbsp;<\/p>\n<h3>Funzioni dei fondi:<\/h3>\n<p>La funzione principale di questi fondi vernicianti \u00e8 quella di riempire e tappare il poro o le piccole imperfezioni che il legno pu\u00f2 avere, con l&#8217;obiettivo di ottenere superfici uniformi e livellate. Come regola generale, questi fondi dovranno essere formulati con agenti che facilitino la carteggiatura con la massima trasparenza se sono vernici incolori e con la massima elasticit\u00e0 affinch\u00e9 non si rompano se sono vernici bianche.<\/p>\n<p>Dovranno avere capacit\u00e0 sufficiente a coprire adeguatamente le superfici ed essere rapidi nell&#8217;asciugatura, poich\u00e9 sono strati che devono essere carteggiati prima di applicare lo strato di vernice di finitura.<\/p>\n<p>&nbsp;<\/p>\n<h3>Propriet\u00e0:<\/h3>\n<p>Le propriet\u00e0 di un fondo sono la facilit\u00e0 di carteggiatura e il potere di riempimento.<\/p>\n<p>&nbsp;<\/p>\n<h3>Tipi di fondi:<\/h3>\n<p>I fondi possono essere di tutte le famiglie a seconda della natura chimica; fondi nitrocellulosici, poliuretanici, e all&#8217;acqua.<\/p>\n<p>Questi fondi possono anche essere trasparenti o bianchi in funzione del risultato finale della lavorazione; se nella nostra finitura vogliamo che si vedano le venature del legno utilizzeremo un fondo trasparente, e se vogliamo realizzare una finitura solida o metallizzata potremo utilizzare un fondo bianco.[\/vc_column_text][\/vc_column][\/vc_row]<\/p>\n<\/div>","protected":false},"excerpt":{"rendered":"<p>Vernice sigillante a base acquosa, MOLTO FACILE da applicare, incolore, con elevato potere riempitivo, facile carteggiabilit\u00e0, buona trasparenza ed eccellente tissotropia.<\/p>\n<p>La rapidit\u00e0 di asciugatura, la resistenza all&#8217;ingiallimento e l&#8217;assenza di odore ne fanno un prodotto tecnologicamente innovativo e rispettoso dell&#8217;ambiente.<\/p>\n<p>Pu\u00f2 essere facilmente applicato in verticale e pu\u00f2 essere pulito e diluito con acqua.<\/p>\n","protected":false},"featured_media":83123,"comment_status":"open","ping_status":"closed","template":"","meta":{"om_disable_all_campaigns":false,"site-sidebar-layout":"no-sidebar","site-content-layout":"plain-container","ast-site-content-layout":"normal-width-container","site-content-style":"unboxed","site-sidebar-style":"unboxed","ast-global-header-display":"","ast-banner-title-visibility":"","ast-main-header-display":"","ast-hfb-above-header-display":"","ast-hfb-below-header-display":"","ast-hfb-mobile-header-display":"","site-post-title":"disabled","ast-breadcrumbs-content":"","ast-featured-img":"disabled","footer-sml-layout":"","ast-disable-related-posts":"","theme-transparent-header-meta":"default","adv-header-id-meta":"","stick-header-meta":"default","header-above-stick-meta":"","header-main-stick-meta":"","header-below-stick-meta":"","astra-migrate-meta-layouts":"set","ast-page-background-enabled":"default","ast-page-background-meta":{"desktop":{"background-color":"var(--ast-global-color-4)","background-image":"","background-repeat":"repeat","background-position":"center center","background-size":"auto","background-attachment":"scroll","background-type":"","background-media":"","overlay-type":"","overlay-color":"","overlay-opacity":"","overlay-gradient":""},"tablet":{"background-color":"","background-image":"","background-repeat":"repeat","background-position":"center center","background-size":"auto","background-attachment":"scroll","background-type":"","background-media":"","overlay-type":"","overlay-color":"","overlay-opacity":"","overlay-gradient":""},"mobile":{"background-color":"","background-image":"","background-repeat":"repeat","background-position":"center center","background-size":"auto","background-attachment":"scroll","background-type":"","background-media":"","overlay-type":"","overlay-color":"","overlay-opacity":"","overlay-gradient":""}},"ast-content-background-meta":{"desktop":{"background-color":"var(--ast-global-color-5)","background-image":"","background-repeat":"repeat","background-position":"center center","background-size":"auto","background-attachment":"scroll","background-type":"","background-media":"","overlay-type":"","overlay-color":"","overlay-opacity":"","overlay-gradient":""},"tablet":{"background-color":"var(--ast-global-color-5)","background-image":"","background-repeat":"repeat","background-position":"center center","background-size":"auto","background-attachment":"scroll","background-type":"","background-media":"","overlay-type":"","overlay-color":"","overlay-opacity":"","overlay-gradient":""},"mobile":{"background-color":"var(--ast-global-color-5)","background-image":"","background-repeat":"repeat","background-position":"center center","background-size":"auto","background-attachment":"scroll","background-type":"","background-media":"","overlay-type":"","overlay-color":"","overlay-opacity":"","overlay-gradient":""}}},"product_brand":[],"product_cat":[379,129],"product_tag":[],"class_list":{"0":"post-3165","1":"product","2":"type-product","3":"status-publish","4":"has-post-thumbnail","6":"product_cat-base-dacqua-it","7":"product_cat-sigillantis","8":"desktop-align-center","9":"tablet-align-center","10":"mobile-align-center","11":"ast-product-gallery-layout-horizontal-slider","12":"ast-product-single-variable","13":"ast-product-tabs-layout-horizontal","15":"first","16":"instock","17":"taxable","18":"shipping-taxable","19":"purchasable","20":"product-type-variable"},"bundled_by":[],"bundle_stock_status":"instock","bundle_stock_quantity":5000,"bundle_virtual":false,"bundle_layout":"","bundle_add_to_cart_form_location":"","bundle_editable_in_cart":false,"bundle_sold_individually_context":"","bundle_item_grouping":"","bundle_min_size":"","bundle_max_size":"","bundle_price":[],"bundled_items":[],"bundle_sell_ids":[83630],"yoast_head":"<!-- This site is optimized with the Yoast SEO plugin v27.3 - https:\/\/yoast.com\/product\/yoast-seo-wordpress\/ -->\n<title>NITORAQUA PRIMER | Fondo a base d&#039;acqua<\/title>\n<meta name=\"description\" content=\"Vernice protettiva a base d&#039;acqua, progettata per ancorare il legno della chitarra nelle sue fasi iniziali. Non ha odore. Molto facile da applicare.\" \/>\n<meta name=\"robots\" content=\"index, follow, max-snippet:-1, max-image-preview:large, max-video-preview:-1\" \/>\n<link rel=\"canonical\" href=\"https:\/\/nitorlack.com\/it\/barniz\/sigillantis\/base-dacqua-it\/nitoraqua-primer\/\" \/>\n<meta property=\"og:locale\" content=\"it_IT\" \/>\n<meta property=\"og:type\" content=\"article\" \/>\n<meta property=\"og:title\" content=\"NITORAQUA PRIMER | Fondo a base d&#039;acqua\" \/>\n<meta property=\"og:description\" content=\"Vernice protettiva a base d&#039;acqua, progettata per ancorare il legno della chitarra nelle sue fasi iniziali. Non ha odore. Molto facile da applicare.\" \/>\n<meta property=\"og:url\" content=\"https:\/\/nitorlack.com\/it\/barniz\/sigillantis\/base-dacqua-it\/nitoraqua-primer\/\" \/>\n<meta property=\"og:site_name\" content=\"Nitorlack\" \/>\n<meta property=\"article:modified_time\" content=\"2026-04-05T19:40:16+00:00\" \/>\n<meta property=\"og:image\" content=\"https:\/\/nitorlack.com\/wp-content\/uploads\/2025\/10\/BOTE-9-A.jpg\" \/>\n\t<meta property=\"og:image:width\" content=\"1200\" \/>\n\t<meta property=\"og:image:height\" content=\"1200\" \/>\n\t<meta property=\"og:image:type\" content=\"image\/jpeg\" \/>\n<meta name=\"twitter:card\" content=\"summary_large_image\" \/>\n<meta name=\"twitter:label1\" content=\"Tempo di lettura stimato\" \/>\n\t<meta name=\"twitter:data1\" content=\"3 minuti\" \/>\n<script type=\"application\/ld+json\" class=\"yoast-schema-graph\">{\"@context\":\"https:\\\/\\\/schema.org\",\"@graph\":[{\"@type\":\"WebPage\",\"@id\":\"https:\\\/\\\/nitorlack.com\\\/it\\\/barniz\\\/sigillantis\\\/base-dacqua-it\\\/nitoraqua-primer\\\/\",\"url\":\"https:\\\/\\\/nitorlack.com\\\/it\\\/barniz\\\/sigillantis\\\/base-dacqua-it\\\/nitoraqua-primer\\\/\",\"name\":\"NITORAQUA PRIMER | Fondo a base d'acqua\",\"isPartOf\":{\"@id\":\"https:\\\/\\\/nitorlack.com\\\/it\\\/#website\"},\"primaryImageOfPage\":{\"@id\":\"https:\\\/\\\/nitorlack.com\\\/it\\\/barniz\\\/sigillantis\\\/base-dacqua-it\\\/nitoraqua-primer\\\/#primaryimage\"},\"image\":{\"@id\":\"https:\\\/\\\/nitorlack.com\\\/it\\\/barniz\\\/sigillantis\\\/base-dacqua-it\\\/nitoraqua-primer\\\/#primaryimage\"},\"thumbnailUrl\":\"https:\\\/\\\/nitorlack.com\\\/wp-content\\\/uploads\\\/2025\\\/10\\\/BOTE-9-A.jpg\",\"datePublished\":\"2016-03-30T10:18:26+00:00\",\"dateModified\":\"2026-04-05T19:40:16+00:00\",\"description\":\"Vernice protettiva a base d'acqua, progettata per ancorare il legno della chitarra nelle sue fasi iniziali. Non ha odore. Molto facile da applicare.\",\"breadcrumb\":{\"@id\":\"https:\\\/\\\/nitorlack.com\\\/it\\\/barniz\\\/sigillantis\\\/base-dacqua-it\\\/nitoraqua-primer\\\/#breadcrumb\"},\"inLanguage\":\"it-IT\",\"potentialAction\":[{\"@type\":\"ReadAction\",\"target\":[\"https:\\\/\\\/nitorlack.com\\\/it\\\/barniz\\\/sigillantis\\\/base-dacqua-it\\\/nitoraqua-primer\\\/\"]}]},{\"@type\":\"ImageObject\",\"inLanguage\":\"it-IT\",\"@id\":\"https:\\\/\\\/nitorlack.com\\\/it\\\/barniz\\\/sigillantis\\\/base-dacqua-it\\\/nitoraqua-primer\\\/#primaryimage\",\"url\":\"https:\\\/\\\/nitorlack.com\\\/wp-content\\\/uploads\\\/2025\\\/10\\\/BOTE-9-A.jpg\",\"contentUrl\":\"https:\\\/\\\/nitorlack.com\\\/wp-content\\\/uploads\\\/2025\\\/10\\\/BOTE-9-A.jpg\",\"width\":1200,\"height\":1200,\"caption\":\"base d'acqua\"},{\"@type\":\"BreadcrumbList\",\"@id\":\"https:\\\/\\\/nitorlack.com\\\/it\\\/barniz\\\/sigillantis\\\/base-dacqua-it\\\/nitoraqua-primer\\\/#breadcrumb\",\"itemListElement\":[{\"@type\":\"ListItem\",\"position\":1,\"name\":\"Copertina\",\"item\":\"https:\\\/\\\/nitorlack.com\\\/it\\\/\"},{\"@type\":\"ListItem\",\"position\":2,\"name\":\"Negozio\",\"item\":\"https:\\\/\\\/nitorlack.com\\\/it\\\/negozio\\\/\"},{\"@type\":\"ListItem\",\"position\":3,\"name\":\"NITORAQUA PRIMER\"}]},{\"@type\":\"WebSite\",\"@id\":\"https:\\\/\\\/nitorlack.com\\\/it\\\/#website\",\"url\":\"https:\\\/\\\/nitorlack.com\\\/it\\\/\",\"name\":\"Nitorlack\",\"description\":\"Guitar Lacquers\",\"publisher\":{\"@id\":\"https:\\\/\\\/nitorlack.com\\\/it\\\/#organization\"},\"potentialAction\":[{\"@type\":\"SearchAction\",\"target\":{\"@type\":\"EntryPoint\",\"urlTemplate\":\"https:\\\/\\\/nitorlack.com\\\/it\\\/?s={search_term_string}\"},\"query-input\":{\"@type\":\"PropertyValueSpecification\",\"valueRequired\":true,\"valueName\":\"search_term_string\"}}],\"inLanguage\":\"it-IT\"},{\"@type\":\"Organization\",\"@id\":\"https:\\\/\\\/nitorlack.com\\\/it\\\/#organization\",\"name\":\"Nitorlack\",\"url\":\"https:\\\/\\\/nitorlack.com\\\/it\\\/\",\"logo\":{\"@type\":\"ImageObject\",\"inLanguage\":\"it-IT\",\"@id\":\"https:\\\/\\\/nitorlack.com\\\/it\\\/#\\\/schema\\\/logo\\\/image\\\/\",\"url\":\"http:\\\/\\\/nitorlack.com\\\/wp-content\\\/uploads\\\/2016\\\/02\\\/cropped-galleta-negra-1.jpg\",\"contentUrl\":\"http:\\\/\\\/nitorlack.com\\\/wp-content\\\/uploads\\\/2016\\\/02\\\/cropped-galleta-negra-1.jpg\",\"width\":512,\"height\":512,\"caption\":\"Nitorlack\"},\"image\":{\"@id\":\"https:\\\/\\\/nitorlack.com\\\/it\\\/#\\\/schema\\\/logo\\\/image\\\/\"}}]}<\/script>\n<!-- \/ Yoast SEO plugin. -->","yoast_head_json":{"title":"NITORAQUA PRIMER | Fondo a base d'acqua","description":"Vernice protettiva a base d'acqua, progettata per ancorare il legno della chitarra nelle sue fasi iniziali. Non ha odore. Molto facile da applicare.","robots":{"index":"index","follow":"follow","max-snippet":"max-snippet:-1","max-image-preview":"max-image-preview:large","max-video-preview":"max-video-preview:-1"},"canonical":"https:\/\/nitorlack.com\/it\/barniz\/sigillantis\/base-dacqua-it\/nitoraqua-primer\/","og_locale":"it_IT","og_type":"article","og_title":"NITORAQUA PRIMER | Fondo a base d'acqua","og_description":"Vernice protettiva a base d'acqua, progettata per ancorare il legno della chitarra nelle sue fasi iniziali. Non ha odore. Molto facile da applicare.","og_url":"https:\/\/nitorlack.com\/it\/barniz\/sigillantis\/base-dacqua-it\/nitoraqua-primer\/","og_site_name":"Nitorlack","article_modified_time":"2026-04-05T19:40:16+00:00","og_image":[{"width":1200,"height":1200,"url":"https:\/\/nitorlack.com\/wp-content\/uploads\/2025\/10\/BOTE-9-A.jpg","type":"image\/jpeg"}],"twitter_card":"summary_large_image","twitter_misc":{"Tempo di lettura stimato":"3 minuti"},"schema":{"@context":"https:\/\/schema.org","@graph":[{"@type":"WebPage","@id":"https:\/\/nitorlack.com\/it\/barniz\/sigillantis\/base-dacqua-it\/nitoraqua-primer\/","url":"https:\/\/nitorlack.com\/it\/barniz\/sigillantis\/base-dacqua-it\/nitoraqua-primer\/","name":"NITORAQUA PRIMER | Fondo a base d'acqua","isPartOf":{"@id":"https:\/\/nitorlack.com\/it\/#website"},"primaryImageOfPage":{"@id":"https:\/\/nitorlack.com\/it\/barniz\/sigillantis\/base-dacqua-it\/nitoraqua-primer\/#primaryimage"},"image":{"@id":"https:\/\/nitorlack.com\/it\/barniz\/sigillantis\/base-dacqua-it\/nitoraqua-primer\/#primaryimage"},"thumbnailUrl":"https:\/\/nitorlack.com\/wp-content\/uploads\/2025\/10\/BOTE-9-A.jpg","datePublished":"2016-03-30T10:18:26+00:00","dateModified":"2026-04-05T19:40:16+00:00","description":"Vernice protettiva a base d'acqua, progettata per ancorare il legno della chitarra nelle sue fasi iniziali. Non ha odore. Molto facile da applicare.","breadcrumb":{"@id":"https:\/\/nitorlack.com\/it\/barniz\/sigillantis\/base-dacqua-it\/nitoraqua-primer\/#breadcrumb"},"inLanguage":"it-IT","potentialAction":[{"@type":"ReadAction","target":["https:\/\/nitorlack.com\/it\/barniz\/sigillantis\/base-dacqua-it\/nitoraqua-primer\/"]}]},{"@type":"ImageObject","inLanguage":"it-IT","@id":"https:\/\/nitorlack.com\/it\/barniz\/sigillantis\/base-dacqua-it\/nitoraqua-primer\/#primaryimage","url":"https:\/\/nitorlack.com\/wp-content\/uploads\/2025\/10\/BOTE-9-A.jpg","contentUrl":"https:\/\/nitorlack.com\/wp-content\/uploads\/2025\/10\/BOTE-9-A.jpg","width":1200,"height":1200,"caption":"base d'acqua"},{"@type":"BreadcrumbList","@id":"https:\/\/nitorlack.com\/it\/barniz\/sigillantis\/base-dacqua-it\/nitoraqua-primer\/#breadcrumb","itemListElement":[{"@type":"ListItem","position":1,"name":"Copertina","item":"https:\/\/nitorlack.com\/it\/"},{"@type":"ListItem","position":2,"name":"Negozio","item":"https:\/\/nitorlack.com\/it\/negozio\/"},{"@type":"ListItem","position":3,"name":"NITORAQUA PRIMER"}]},{"@type":"WebSite","@id":"https:\/\/nitorlack.com\/it\/#website","url":"https:\/\/nitorlack.com\/it\/","name":"Nitorlack","description":"Guitar Lacquers","publisher":{"@id":"https:\/\/nitorlack.com\/it\/#organization"},"potentialAction":[{"@type":"SearchAction","target":{"@type":"EntryPoint","urlTemplate":"https:\/\/nitorlack.com\/it\/?s={search_term_string}"},"query-input":{"@type":"PropertyValueSpecification","valueRequired":true,"valueName":"search_term_string"}}],"inLanguage":"it-IT"},{"@type":"Organization","@id":"https:\/\/nitorlack.com\/it\/#organization","name":"Nitorlack","url":"https:\/\/nitorlack.com\/it\/","logo":{"@type":"ImageObject","inLanguage":"it-IT","@id":"https:\/\/nitorlack.com\/it\/#\/schema\/logo\/image\/","url":"http:\/\/nitorlack.com\/wp-content\/uploads\/2016\/02\/cropped-galleta-negra-1.jpg","contentUrl":"http:\/\/nitorlack.com\/wp-content\/uploads\/2016\/02\/cropped-galleta-negra-1.jpg","width":512,"height":512,"caption":"Nitorlack"},"image":{"@id":"https:\/\/nitorlack.com\/it\/#\/schema\/logo\/image\/"}}]}},"_links":{"self":[{"href":"https:\/\/nitorlack.com\/it\/wp-json\/wp\/v2\/product\/3165","targetHints":{"allow":["GET"]}}],"collection":[{"href":"https:\/\/nitorlack.com\/it\/wp-json\/wp\/v2\/product"}],"about":[{"href":"https:\/\/nitorlack.com\/it\/wp-json\/wp\/v2\/types\/product"}],"replies":[{"embeddable":true,"href":"https:\/\/nitorlack.com\/it\/wp-json\/wp\/v2\/comments?post=3165"}],"wp:featuredmedia":[{"embeddable":true,"href":"https:\/\/nitorlack.com\/it\/wp-json\/wp\/v2\/media\/83123"}],"wp:attachment":[{"href":"https:\/\/nitorlack.com\/it\/wp-json\/wp\/v2\/media?parent=3165"}],"wp:term":[{"taxonomy":"product_brand","embeddable":true,"href":"https:\/\/nitorlack.com\/it\/wp-json\/wp\/v2\/product_brand?post=3165"},{"taxonomy":"product_cat","embeddable":true,"href":"https:\/\/nitorlack.com\/it\/wp-json\/wp\/v2\/product_cat?post=3165"},{"taxonomy":"product_tag","embeddable":true,"href":"https:\/\/nitorlack.com\/it\/wp-json\/wp\/v2\/product_tag?post=3165"}],"curies":[{"name":"wp","href":"https:\/\/api.w.org\/{rel}","templated":true}]}}