{"id":23913,"date":"2019-03-27T10:19:14","date_gmt":"2019-03-27T08:19:14","guid":{"rendered":"http:\/\/nitorlack.com\/barniz\/sincategorizar\/nitorlack-relic-gloss\/"},"modified":"2026-03-24T14:30:35","modified_gmt":"2026-03-24T12:30:35","slug":"nitorlack-relic-gloss","status":"publish","type":"product","link":"https:\/\/nitorlack.com\/it\/barniz\/finiture\/nitrocellulosa-it-4\/nitorlack-relic-gloss\/","title":{"rendered":"NITORLACK RELIC GLOSS"},"content":{"rendered":"<div class=\"wpb-content-wrapper\"><p>[vc_row][vc_column][vc_video link=&#8221;https:\/\/youtu.be\/V4B1Wlr0CcI?si=OSXBmlxAQYszAmbp&#8221; el_width=&#8221;80&#8243; align=&#8221;center&#8221; css=&#8221;&#8221;][\/vc_column][\/vc_row][vc_row][vc_column][vc_column_text css=&#8221;&#8221;]<\/p>\n<h3>Processo di verniciatura:<\/h3>\n<ul>\n<li>Se il legno della chitarra \u00e8 grezzo (senza precedente verniciatura), dovremo chiudere completamente il poro e coprire la venatura del legno fino a renderlo totalmente liscio, applicando 4-6 mani di <a href=\"https:\/\/nitorlack.com\/it\/barniz\/finiture\/nitrocellulosa-it-4\/nitorlack-lacquer-gloss-2\/\">Nitorlack Primer<\/a> (Fondo Nitro).<\/li>\n<li>Tuttavia, se il corpo della chitarra \u00e8 gi\u00e0 stato verniciato in precedenza, il lavoro sar\u00e0 pi\u00f9 semplice: baster\u00e0 carteggiare e applicare un sottile strato di Nitorlack Primer.<\/li>\n<li>Applicare il colore scelto, carteggiando tra una mano e l&#8217;altra per rendere la superficie uniforme e senza imperfezioni.<\/li>\n<li>Iniziare ad applicare la finitura relic in strati sottili.<\/li>\n<li>Dopo questo passaggio, si possono applicare da due a tre mani sottili di Nitrocellulosa Relic, carteggiando tra una mano e l&#8217;altra fino a coprire completamente la superficie.<\/li>\n<li>Il procedimento fino a questo punto \u00e8 identico a quello utilizzato con il <a href=\"https:\/\/nitorlack.com\/it\/barniz\/finiture\/nitrocellulosa-it-4\/nitorlack-lacquer-gloss-2\/\">Lacquer Gloss<\/a>, cambia solo il tipo di finitura finale.<\/li>\n<li>\u00c8 possibile lucidare la superficie prima che la nitro inizi a crepare; a seconda della percentuale di Relic utilizzata, la finitura potrebbe mostrare crepe gi\u00e0 durante l&#8217;asciugatura.<\/li>\n<li>Attendere circa 15 giorni prima di iniziare la fase successiva.<\/li>\n<\/ul>\n<h3>Processo di relic (invecchiamento):<\/h3>\n<ul>\n<li>Mettere la chitarra a una temperatura compresa tra -10 e -20 gradi Celsius, a intervalli di 4 ore.<\/li>\n<li>Non appena la chitarra viene esposta allo sbalzo termico, presenter\u00e0 delle crepe trasparenti (checking). Applicare quindi la <a href=\"https:\/\/nitorlack.com\/it\/barniz\/accesori\/relic-patina-it\/relic-patina\/\">RELIC PATINA<\/a> con un panno e pulire, lasciando il prodotto solo all&#8217;interno delle crepe.<\/li>\n<li>Il prodotto deve essere rimosso entro <strong>3-5 minuti<\/strong> dall&#8217;applicazione. In questo modo sar\u00e0 pi\u00f9 facile rimuovere l&#8217;eccesso, poich\u00e9 non si sar\u00e0 asciugato completamente.<\/li>\n<li>Se si desidera accentuare l&#8217;effetto relic in zone specifiche o su tutto il corpo, si consiglia l&#8217;uso del nostro <a href=\"https:\/\/nitorlack.com\/it\/barniz\/accesori\/varie-it\/spray-congelante\/\">SPRAY CONGELANTE<\/a>. \u00c8 possibile riempire queste nuove crepe con la Relic Patina.<\/li>\n<li>Lasciare la chitarra a temperatura ambiente per 4-6 ore.<\/li>\n<li>\u00c8 possibile ripetere il processo di shock termico, spray congelante e Relic Patina quante volte si desidera. Pi\u00f9 volte viene ripetuto, pi\u00f9 profonda sar\u00e0 la crepatura; solitamente 4-6 cicli sono sufficienti.<\/li>\n<\/ul>\n<p>&nbsp;<\/p>\n<p><strong>Importante:<\/strong> Lo spray Relic \u00e8 pronto all&#8217;uso. Tuttavia, il formato da 1 litro deve essere miscelato con il 40% di <a href=\"https:\/\/nitorlack.com\/it\/barniz\/finiture\/nitrocellulosa-it-4\/nitorlack-lacquer-gloss-2\/\">Lacquer Gloss<\/a> e il 10-15% di <a href=\"https:\/\/nitorlack.com\/it\/barniz\/solventi\/solventi-it\/solvent-medium-copiar\/\">solvente<\/a> per ottenere una crepatura meno &#8220;aggressiva&#8221;. All&#8217;aumentare della proporzione di Relic, le crepe saranno pi\u00f9 pronunciate e profonde.<\/p>\n<p>Con la garanzia di <a href=\"https:\/\/valresa.com\/\">Valresa Coatings S.A.<\/a>[\/vc_column_text][\/vc_column][\/vc_row][vc_row content_placement=&#8221;middle&#8221;][vc_column][vc_column_text]<\/p>\n<h2 style=\"text-align: center;\">#mynitorlack<\/h2>\n<p>&nbsp;<\/p>\n<h3 style=\"text-align: center;\">Condividete il vostro lavoro sui social media utilizzando il nostro hashtag<\/h3>\n<p>[\/vc_column_text][\/vc_column][\/vc_row][vc_row][vc_column][vc_raw_html]W0Jlc3RfV29yZHByZXNzX0dhbGxlcnkgaWQ9IjIiXQ==[\/vc_raw_html][\/vc_column][\/vc_row]<\/p>\n<\/div>","protected":false},"excerpt":{"rendered":"<p><b>Nitrocellulosa ad alta rigidit\u00e0, con la quale \u00e8 possibile ottenere diversi tipi di crepature sulla superficie della chitarra.<\/b><\/p>\n<p>Permette quindi di ottenere l&#8217;effetto &#8220;checking&#8221; in modo semplice, riproducendo il tipico aspetto vintage degli anni &#8217;60 proprio delle chitarre Fender e Gibson.<\/p>\n<ul>\n<li>La crepatura si verifica pochi giorni dopo l&#8217;applicazione del prodotto, man mano che la vernice si asciuga.<\/li>\n<li>Se si desidera una crepatura pi\u00f9 marcata, \u00e8 possibile ottenerla aumentando gli sbalzi termici sulla superficie della chitarra.<\/li>\n<li>Si raccomanda di miscelare con una proporzione del 40% di <a href=\"https:\/\/nitorlack.com\/it\/barniz\/finiture\/nitrocellulosa-it-4\/nitorlack-lacquer-gloss-2\/\">Lacquer Gloss<\/a> e il 10-15% di <a href=\"https:\/\/nitorlack.com\/it\/barniz\/solventi\/solventi-it\/solvent-medium-copiar\/\">solvente<\/a>, per ottenere una crepatura meno &#8220;aggressiva&#8221;. All&#8217;aumentare della proporzione di Relic, le crepe saranno pi\u00f9 pronunciate e profonde.<\/li>\n<li>Per risaltare le crepe e l&#8217;aspetto invecchiato, una volta terminato il processo, si consiglia di utilizzare il nostro <a href=\"https:\/\/nitorlack.com\/it\/barniz\/accesori\/varie-it\/spray-congelante\/\">Spray Congelante<\/a> combinato con la <a href=\"https:\/\/nitorlack.com\/it\/barniz\/accesori\/relic-patina-it\/relic-patina\/\">Relic Patina.<\/a><\/li>\n<\/ul>\n<p>Disponibile in spray e barattolo.<\/p>\n<p>&nbsp;<\/p>\n","protected":false},"featured_media":59019,"comment_status":"open","ping_status":"closed","template":"","meta":{"om_disable_all_campaigns":false,"site-sidebar-layout":"default","site-content-layout":"default","ast-site-content-layout":"default","site-content-style":"default","site-sidebar-style":"default","ast-global-header-display":"","ast-banner-title-visibility":"","ast-main-header-display":"","ast-hfb-above-header-display":"","ast-hfb-below-header-display":"","ast-hfb-mobile-header-display":"","site-post-title":"","ast-breadcrumbs-content":"","ast-featured-img":"","footer-sml-layout":"","ast-disable-related-posts":"","theme-transparent-header-meta":"default","adv-header-id-meta":"","stick-header-meta":"default","header-above-stick-meta":"","header-main-stick-meta":"","header-below-stick-meta":"","astra-migrate-meta-layouts":"default","ast-page-background-enabled":"default","ast-page-background-meta":{"desktop":{"background-color":"var(--ast-global-color-4)","background-image":"","background-repeat":"repeat","background-position":"center center","background-size":"auto","background-attachment":"scroll","background-type":"","background-media":"","overlay-type":"","overlay-color":"","overlay-opacity":"","overlay-gradient":""},"tablet":{"background-color":"","background-image":"","background-repeat":"repeat","background-position":"center center","background-size":"auto","background-attachment":"scroll","background-type":"","background-media":"","overlay-type":"","overlay-color":"","overlay-opacity":"","overlay-gradient":""},"mobile":{"background-color":"","background-image":"","background-repeat":"repeat","background-position":"center center","background-size":"auto","background-attachment":"scroll","background-type":"","background-media":"","overlay-type":"","overlay-color":"","overlay-opacity":"","overlay-gradient":""}},"ast-content-background-meta":{"desktop":{"background-color":"var(--ast-global-color-5)","background-image":"","background-repeat":"repeat","background-position":"center center","background-size":"auto","background-attachment":"scroll","background-type":"","background-media":"","overlay-type":"","overlay-color":"","overlay-opacity":"","overlay-gradient":""},"tablet":{"background-color":"var(--ast-global-color-5)","background-image":"","background-repeat":"repeat","background-position":"center center","background-size":"auto","background-attachment":"scroll","background-type":"","background-media":"","overlay-type":"","overlay-color":"","overlay-opacity":"","overlay-gradient":""},"mobile":{"background-color":"var(--ast-global-color-5)","background-image":"","background-repeat":"repeat","background-position":"center center","background-size":"auto","background-attachment":"scroll","background-type":"","background-media":"","overlay-type":"","overlay-color":"","overlay-opacity":"","overlay-gradient":""}}},"product_brand":[],"product_cat":[284],"product_tag":[],"class_list":{"0":"post-23913","1":"product","2":"type-product","3":"status-publish","4":"has-post-thumbnail","6":"product_cat-nitrocellulosa-it-4","7":"desktop-align-center","8":"tablet-align-center","9":"mobile-align-center","10":"ast-product-gallery-layout-horizontal-slider","11":"ast-product-single-variable","12":"ast-product-tabs-layout-horizontal","14":"first","15":"instock","16":"taxable","17":"shipping-taxable","18":"purchasable","19":"product-type-variable"},"bundled_by":[],"bundle_stock_status":"instock","bundle_stock_quantity":null,"bundle_virtual":false,"bundle_layout":"","bundle_add_to_cart_form_location":"","bundle_editable_in_cart":false,"bundle_sold_individually_context":"","bundle_item_grouping":"","bundle_min_size":"","bundle_max_size":"","bundle_price":[],"bundled_items":[],"bundle_sell_ids":[66294],"yoast_head":"<!-- This site is optimized with the Yoast SEO plugin v27.3 - https:\/\/yoast.com\/product\/yoast-seo-wordpress\/ -->\n<title>NITORLACK RELIC GLOSS | Vernice Effetto Vintage<\/title>\n<meta name=\"description\" content=\"Vernice nitro progettata per ottenere un effetto relic sulla chitarra. Questa vernice si screpola facilmente pochi giorni dopo l&#039;applicazione.\" \/>\n<meta name=\"robots\" content=\"index, follow, max-snippet:-1, max-image-preview:large, max-video-preview:-1\" \/>\n<link rel=\"canonical\" href=\"https:\/\/nitorlack.com\/it\/barniz\/finiture\/nitrocellulosa-it-4\/nitorlack-relic-gloss\/\" \/>\n<meta property=\"og:locale\" content=\"it_IT\" \/>\n<meta property=\"og:type\" content=\"article\" \/>\n<meta property=\"og:title\" content=\"NITORLACK RELIC GLOSS | Vernice Effetto Vintage\" \/>\n<meta property=\"og:description\" content=\"Vernice nitro progettata per ottenere un effetto relic sulla chitarra. Questa vernice si screpola facilmente pochi giorni dopo l&#039;applicazione.\" \/>\n<meta property=\"og:url\" content=\"https:\/\/nitorlack.com\/it\/barniz\/finiture\/nitrocellulosa-it-4\/nitorlack-relic-gloss\/\" \/>\n<meta property=\"og:site_name\" content=\"Nitorlack\" \/>\n<meta property=\"article:modified_time\" content=\"2026-03-24T12:30:35+00:00\" \/>\n<meta property=\"og:image\" content=\"https:\/\/nitorlack.com\/wp-content\/uploads\/2022\/05\/DSC00276-baja.jpg\" \/>\n\t<meta property=\"og:image:width\" content=\"1000\" \/>\n\t<meta property=\"og:image:height\" content=\"1000\" \/>\n\t<meta property=\"og:image:type\" content=\"image\/jpeg\" \/>\n<meta name=\"twitter:card\" content=\"summary_large_image\" \/>\n<meta name=\"twitter:label1\" content=\"Tempo di lettura stimato\" \/>\n\t<meta name=\"twitter:data1\" content=\"1 minuto\" \/>\n<script type=\"application\/ld+json\" class=\"yoast-schema-graph\">{\"@context\":\"https:\\\/\\\/schema.org\",\"@graph\":[{\"@type\":\"WebPage\",\"@id\":\"https:\\\/\\\/nitorlack.com\\\/it\\\/barniz\\\/finiture\\\/nitrocellulosa-it-4\\\/nitorlack-relic-gloss\\\/\",\"url\":\"https:\\\/\\\/nitorlack.com\\\/it\\\/barniz\\\/finiture\\\/nitrocellulosa-it-4\\\/nitorlack-relic-gloss\\\/\",\"name\":\"NITORLACK RELIC GLOSS | Vernice Effetto Vintage\",\"isPartOf\":{\"@id\":\"https:\\\/\\\/nitorlack.com\\\/it\\\/#website\"},\"primaryImageOfPage\":{\"@id\":\"https:\\\/\\\/nitorlack.com\\\/it\\\/barniz\\\/finiture\\\/nitrocellulosa-it-4\\\/nitorlack-relic-gloss\\\/#primaryimage\"},\"image\":{\"@id\":\"https:\\\/\\\/nitorlack.com\\\/it\\\/barniz\\\/finiture\\\/nitrocellulosa-it-4\\\/nitorlack-relic-gloss\\\/#primaryimage\"},\"thumbnailUrl\":\"https:\\\/\\\/nitorlack.com\\\/wp-content\\\/uploads\\\/2022\\\/05\\\/DSC00276-baja.jpg\",\"datePublished\":\"2019-03-27T08:19:14+00:00\",\"dateModified\":\"2026-03-24T12:30:35+00:00\",\"description\":\"Vernice nitro progettata per ottenere un effetto relic sulla chitarra. Questa vernice si screpola facilmente pochi giorni dopo l'applicazione.\",\"breadcrumb\":{\"@id\":\"https:\\\/\\\/nitorlack.com\\\/it\\\/barniz\\\/finiture\\\/nitrocellulosa-it-4\\\/nitorlack-relic-gloss\\\/#breadcrumb\"},\"inLanguage\":\"it-IT\",\"potentialAction\":[{\"@type\":\"ReadAction\",\"target\":[\"https:\\\/\\\/nitorlack.com\\\/it\\\/barniz\\\/finiture\\\/nitrocellulosa-it-4\\\/nitorlack-relic-gloss\\\/\"]}]},{\"@type\":\"ImageObject\",\"inLanguage\":\"it-IT\",\"@id\":\"https:\\\/\\\/nitorlack.com\\\/it\\\/barniz\\\/finiture\\\/nitrocellulosa-it-4\\\/nitorlack-relic-gloss\\\/#primaryimage\",\"url\":\"https:\\\/\\\/nitorlack.com\\\/wp-content\\\/uploads\\\/2022\\\/05\\\/DSC00276-baja.jpg\",\"contentUrl\":\"https:\\\/\\\/nitorlack.com\\\/wp-content\\\/uploads\\\/2022\\\/05\\\/DSC00276-baja.jpg\",\"width\":1000,\"height\":1000,\"caption\":\"relic guitar\"},{\"@type\":\"BreadcrumbList\",\"@id\":\"https:\\\/\\\/nitorlack.com\\\/it\\\/barniz\\\/finiture\\\/nitrocellulosa-it-4\\\/nitorlack-relic-gloss\\\/#breadcrumb\",\"itemListElement\":[{\"@type\":\"ListItem\",\"position\":1,\"name\":\"Copertina\",\"item\":\"https:\\\/\\\/nitorlack.com\\\/it\\\/\"},{\"@type\":\"ListItem\",\"position\":2,\"name\":\"Negozio\",\"item\":\"https:\\\/\\\/nitorlack.com\\\/it\\\/negozio\\\/\"},{\"@type\":\"ListItem\",\"position\":3,\"name\":\"NITORLACK RELIC GLOSS\"}]},{\"@type\":\"WebSite\",\"@id\":\"https:\\\/\\\/nitorlack.com\\\/it\\\/#website\",\"url\":\"https:\\\/\\\/nitorlack.com\\\/it\\\/\",\"name\":\"Nitorlack\",\"description\":\"Guitar Lacquers\",\"publisher\":{\"@id\":\"https:\\\/\\\/nitorlack.com\\\/it\\\/#organization\"},\"potentialAction\":[{\"@type\":\"SearchAction\",\"target\":{\"@type\":\"EntryPoint\",\"urlTemplate\":\"https:\\\/\\\/nitorlack.com\\\/it\\\/?s={search_term_string}\"},\"query-input\":{\"@type\":\"PropertyValueSpecification\",\"valueRequired\":true,\"valueName\":\"search_term_string\"}}],\"inLanguage\":\"it-IT\"},{\"@type\":\"Organization\",\"@id\":\"https:\\\/\\\/nitorlack.com\\\/it\\\/#organization\",\"name\":\"Nitorlack\",\"url\":\"https:\\\/\\\/nitorlack.com\\\/it\\\/\",\"logo\":{\"@type\":\"ImageObject\",\"inLanguage\":\"it-IT\",\"@id\":\"https:\\\/\\\/nitorlack.com\\\/it\\\/#\\\/schema\\\/logo\\\/image\\\/\",\"url\":\"http:\\\/\\\/nitorlack.com\\\/wp-content\\\/uploads\\\/2016\\\/02\\\/cropped-galleta-negra-1.jpg\",\"contentUrl\":\"http:\\\/\\\/nitorlack.com\\\/wp-content\\\/uploads\\\/2016\\\/02\\\/cropped-galleta-negra-1.jpg\",\"width\":512,\"height\":512,\"caption\":\"Nitorlack\"},\"image\":{\"@id\":\"https:\\\/\\\/nitorlack.com\\\/it\\\/#\\\/schema\\\/logo\\\/image\\\/\"}}]}<\/script>\n<!-- \/ Yoast SEO plugin. -->","yoast_head_json":{"title":"NITORLACK RELIC GLOSS | Vernice Effetto Vintage","description":"Vernice nitro progettata per ottenere un effetto relic sulla chitarra. Questa vernice si screpola facilmente pochi giorni dopo l'applicazione.","robots":{"index":"index","follow":"follow","max-snippet":"max-snippet:-1","max-image-preview":"max-image-preview:large","max-video-preview":"max-video-preview:-1"},"canonical":"https:\/\/nitorlack.com\/it\/barniz\/finiture\/nitrocellulosa-it-4\/nitorlack-relic-gloss\/","og_locale":"it_IT","og_type":"article","og_title":"NITORLACK RELIC GLOSS | Vernice Effetto Vintage","og_description":"Vernice nitro progettata per ottenere un effetto relic sulla chitarra. Questa vernice si screpola facilmente pochi giorni dopo l'applicazione.","og_url":"https:\/\/nitorlack.com\/it\/barniz\/finiture\/nitrocellulosa-it-4\/nitorlack-relic-gloss\/","og_site_name":"Nitorlack","article_modified_time":"2026-03-24T12:30:35+00:00","og_image":[{"width":1000,"height":1000,"url":"https:\/\/nitorlack.com\/wp-content\/uploads\/2022\/05\/DSC00276-baja.jpg","type":"image\/jpeg"}],"twitter_card":"summary_large_image","twitter_misc":{"Tempo di lettura stimato":"1 minuto"},"schema":{"@context":"https:\/\/schema.org","@graph":[{"@type":"WebPage","@id":"https:\/\/nitorlack.com\/it\/barniz\/finiture\/nitrocellulosa-it-4\/nitorlack-relic-gloss\/","url":"https:\/\/nitorlack.com\/it\/barniz\/finiture\/nitrocellulosa-it-4\/nitorlack-relic-gloss\/","name":"NITORLACK RELIC GLOSS | Vernice Effetto Vintage","isPartOf":{"@id":"https:\/\/nitorlack.com\/it\/#website"},"primaryImageOfPage":{"@id":"https:\/\/nitorlack.com\/it\/barniz\/finiture\/nitrocellulosa-it-4\/nitorlack-relic-gloss\/#primaryimage"},"image":{"@id":"https:\/\/nitorlack.com\/it\/barniz\/finiture\/nitrocellulosa-it-4\/nitorlack-relic-gloss\/#primaryimage"},"thumbnailUrl":"https:\/\/nitorlack.com\/wp-content\/uploads\/2022\/05\/DSC00276-baja.jpg","datePublished":"2019-03-27T08:19:14+00:00","dateModified":"2026-03-24T12:30:35+00:00","description":"Vernice nitro progettata per ottenere un effetto relic sulla chitarra. Questa vernice si screpola facilmente pochi giorni dopo l'applicazione.","breadcrumb":{"@id":"https:\/\/nitorlack.com\/it\/barniz\/finiture\/nitrocellulosa-it-4\/nitorlack-relic-gloss\/#breadcrumb"},"inLanguage":"it-IT","potentialAction":[{"@type":"ReadAction","target":["https:\/\/nitorlack.com\/it\/barniz\/finiture\/nitrocellulosa-it-4\/nitorlack-relic-gloss\/"]}]},{"@type":"ImageObject","inLanguage":"it-IT","@id":"https:\/\/nitorlack.com\/it\/barniz\/finiture\/nitrocellulosa-it-4\/nitorlack-relic-gloss\/#primaryimage","url":"https:\/\/nitorlack.com\/wp-content\/uploads\/2022\/05\/DSC00276-baja.jpg","contentUrl":"https:\/\/nitorlack.com\/wp-content\/uploads\/2022\/05\/DSC00276-baja.jpg","width":1000,"height":1000,"caption":"relic guitar"},{"@type":"BreadcrumbList","@id":"https:\/\/nitorlack.com\/it\/barniz\/finiture\/nitrocellulosa-it-4\/nitorlack-relic-gloss\/#breadcrumb","itemListElement":[{"@type":"ListItem","position":1,"name":"Copertina","item":"https:\/\/nitorlack.com\/it\/"},{"@type":"ListItem","position":2,"name":"Negozio","item":"https:\/\/nitorlack.com\/it\/negozio\/"},{"@type":"ListItem","position":3,"name":"NITORLACK RELIC GLOSS"}]},{"@type":"WebSite","@id":"https:\/\/nitorlack.com\/it\/#website","url":"https:\/\/nitorlack.com\/it\/","name":"Nitorlack","description":"Guitar Lacquers","publisher":{"@id":"https:\/\/nitorlack.com\/it\/#organization"},"potentialAction":[{"@type":"SearchAction","target":{"@type":"EntryPoint","urlTemplate":"https:\/\/nitorlack.com\/it\/?s={search_term_string}"},"query-input":{"@type":"PropertyValueSpecification","valueRequired":true,"valueName":"search_term_string"}}],"inLanguage":"it-IT"},{"@type":"Organization","@id":"https:\/\/nitorlack.com\/it\/#organization","name":"Nitorlack","url":"https:\/\/nitorlack.com\/it\/","logo":{"@type":"ImageObject","inLanguage":"it-IT","@id":"https:\/\/nitorlack.com\/it\/#\/schema\/logo\/image\/","url":"http:\/\/nitorlack.com\/wp-content\/uploads\/2016\/02\/cropped-galleta-negra-1.jpg","contentUrl":"http:\/\/nitorlack.com\/wp-content\/uploads\/2016\/02\/cropped-galleta-negra-1.jpg","width":512,"height":512,"caption":"Nitorlack"},"image":{"@id":"https:\/\/nitorlack.com\/it\/#\/schema\/logo\/image\/"}}]}},"_links":{"self":[{"href":"https:\/\/nitorlack.com\/it\/wp-json\/wp\/v2\/product\/23913","targetHints":{"allow":["GET"]}}],"collection":[{"href":"https:\/\/nitorlack.com\/it\/wp-json\/wp\/v2\/product"}],"about":[{"href":"https:\/\/nitorlack.com\/it\/wp-json\/wp\/v2\/types\/product"}],"replies":[{"embeddable":true,"href":"https:\/\/nitorlack.com\/it\/wp-json\/wp\/v2\/comments?post=23913"}],"wp:featuredmedia":[{"embeddable":true,"href":"https:\/\/nitorlack.com\/it\/wp-json\/wp\/v2\/media\/59019"}],"wp:attachment":[{"href":"https:\/\/nitorlack.com\/it\/wp-json\/wp\/v2\/media?parent=23913"}],"wp:term":[{"taxonomy":"product_brand","embeddable":true,"href":"https:\/\/nitorlack.com\/it\/wp-json\/wp\/v2\/product_brand?post=23913"},{"taxonomy":"product_cat","embeddable":true,"href":"https:\/\/nitorlack.com\/it\/wp-json\/wp\/v2\/product_cat?post=23913"},{"taxonomy":"product_tag","embeddable":true,"href":"https:\/\/nitorlack.com\/it\/wp-json\/wp\/v2\/product_tag?post=23913"}],"curies":[{"name":"wp","href":"https:\/\/api.w.org\/{rel}","templated":true}]}}