{"id":23325,"date":"2019-03-05T14:50:34","date_gmt":"2019-03-05T12:50:34","guid":{"rendered":"http:\/\/nitorlack.com\/?post_type=product&#038;p=23325"},"modified":"2026-02-03T00:30:14","modified_gmt":"2026-02-02T22:30:14","slug":"nitortint-rosso-flamenco-it","status":"publish","type":"product","link":"https:\/\/nitorlack.com\/it\/barniz\/coloranti\/clasica-flamenco\/nitortint-rosso-flamenco-it\/","title":{"rendered":"NITORTINT ROSSO FLAMENCO"},"content":{"rendered":"<div class=\"wpb-content-wrapper\"><h1 style=\"text-align: center;\">ROSSO FLAMENCO legno chitarra DYE e tutto ci\u00f2 che serve per dipingere le chitarre elettriche<\/h1>\n<p>.<br \/>\n[vc_row full_width=&#8221;stretch_row&#8221; css=&#8221;.vc_custom_159358585138596{background-colour: #ffffff !important;}&#8221;][vc_column][vc_column_text]<\/p>\n<h2 style=\"text-align: center;\">#mynitorlack<\/h2>\n<hr \/>\n<h2 style=\"text-align: center;\"><\/h2>\n<p>[vc_row full_width=&#8221;stretch_row&#8221; css=&#8221;.vc_custom_1581589797788{background-color: #e8e8e8e8 !important;}&#8221;][vc_column][vc_empty_space height=&#8221;50px&#8221;][\/vc_column][\/vc_row][vc_row][vc_row full_width=&#8221;stretch_row&#8221; css=&#8221;. vc_custom_1581589945399{background-color: #e8e8e8 !important;}&#8221;][vc_column width=&#8221;1\/2&#8243;][vc_column_text]<\/p>\n<h2><strong>Tintura Rosso flamenco per chitarra flamenca. Dai vita alla tua chitarra <\/strong><\/h2>\n<p>.<\/p>\n<h5>Bottiglia 250 ml<\/h5>\n<p>I colorantieRosso flamenco per chitarra flamenca NitorTINT sono appositamente studiati per cambiare il colore del legno con la massima trasparenza senza alterare la naturale maglia del legno. Coloranti concentrati con una doppia utilit\u00e0. Da un lato, possono essere diluiti con un solvente per essere applicati direttamente sul legno con una tintura per legno o un aerografo. D&#8217;altra parte, possono essere usati per colorare la vernice di finitura. Sono macchie universali che possono essere diluite in <a href=\"https:\/\/nitorlack.com\/it\/barniz\/solventi\/solventi-it\/solvent-medium-copiar\/\">solvente<\/a>, acqua o alcol. Nel caso di un&#8217;applicazione a tampone, si raccomanda di utilizzare acqua o un diluente Nitorlack Retard. I coloranti NitorTINT devono essere diluiti tra il 3% e il 10% a seconda del tipo di applicazione. [\/vc_column_text][\/vc_column][vc_column width=&#8221;1\/2&#8243;][vc_single_image image=&#8221;27178&#8243; img_size=&#8221;large&#8221;][\/vc_column][\/vc_row][vc_row][vc_column][vc_empty_space height=&#8221;80px&#8221;][\/vc_column][\/vc_row][vc_row][vc_column width=&#8221;1\/2&#8243;][vc_single_image image=&#8221;27727&#8243; img_size=&#8221;large&#8221;][\/vc_column][vc_column width=&#8221;1\/2&#8243;][vc_column_text]<\/p>\n<h2><strong>Mostra la venatura del legno. <\/strong><\/h2>\n<p>Esalta la bellezza di qualsiasi legno evidenziandone le venature con i coloranti NitorTINT. Diluire il mordente con Solvent Retard o acqua e usando un tampone di legno si pu\u00f2 ottenere questo effetto 3D sui piani di legni come l&#8217;acero trapuntato, l&#8217;acero fiammato e legni con venature molto pronunciate. Un trucco per evidenziare le venature del legno \u00e8 quello di applicare un mordente nero come base e carteggiare, poi applicare il mordente nel colore che preferite. Otterremo un effetto molto pi\u00f9 pronunciato in quanto la macchia nera rimarr\u00e0 sulle venature pi\u00f9 pronunciate del legno e il resto con il colore scelto[\/vc_column_text][\/vc_column][\/vc_row][vc_row][vc_row][vc_column][vc_empty_space height=&#8221;80px&#8221;][\/vc_column][\/vc_row][vc_row][vc_row][vc_column][vc_column width=&#8221;1\/2&#8243;][vc_column_text]<\/p>\n<h2 style=\"text-align: left;\">Tinture e vernici per chitarra classica e flamenco<\/h2>\n<p>.<br \/>\nIn Nitorlack non abbiamo voluto dimenticare le tinture per chitarra classica o flamenco. Abbiamo formulato appositamente i classici coloranti per chitarra spagnola, rosso flamenco, giallo, Rosso flamenco e oro antico. Si consiglia di diluire i coloranti NitorTINT dal 2 al 3% e di applicarli uniformemente fino ad ottenere il tono desiderato[\/vc_column_text][\/vc_column][vc_column][vc_column width=&#8221;1\/2&#8243;][vc_single_image image=&#8221;27734&#8243; img_size=&#8221;large&#8221;][\/vc_column][\/vc_row][vc_row][vc_column][vc_empty_space height=&#8221;80px&#8221;][\/vc_column][\/vc_row][vc_row][vc_column width=&#8221;1\/2&#8243;][vc_single_image image=&#8221;27739&#8243; img_size=&#8221;large&#8221;][\/vc_column][vc_column width=&#8221;1\/2&#8243;][vc_column_text]<\/p>\n<h2>Applica facilmente la tintura Rosso flamenco Flamenco Guitar.<\/h2>\n<h5>Preval spray ricaricabile<\/h5>\n<p>.<br \/>\nSe non avete una pistola ad aerografo, potete applicare il colorante molto facilmente con il sistema spray Preval. Questo sistema di spruzzatura sostituibile consiste in un serbatoio di vetro da 170 ml dove mettiamo la miscela di colorante con diluente e cartucce di spruzzatura sostituibili. Attraverso un processo di vuoto Venturi, estrae il mezzo dal serbatoio chiuso e fornisce una finitura professionale senza mescolare il propellente e il mezzo. Le cartucce sostituibili sono in grado di spruzzare fino a 650 ml. Il risultato \u00e8 una finitura senza difetti e senza cambiamenti di colore.[\/vc_column_text][\/vc_column][\/vc_row][vc_row][vc_column][vc_column_text]Garantito da <a href=\"https:\/\/valresa.com\/\">VALRESA COATINGS S.A<\/a>[\/vc_column_text][\/vc_column][\/vc_column][\/vc_row][\/vc_row]<\/p>\n<\/div>","protected":false},"excerpt":{"rendered":"<p>Classica tinta rosso per chitarra classica e flamenca Sono coloranti concentrati che vengono utilizzati per la tintura di tutti i tipi di strumenti. Possiedono un&#8217;elevata trasparenza, un buon potere di equalizzazione, rapida essiccazione e resistenza alla luce. Puoi diluire l&#8217;un l&#8217;altro con altri coloranti per ottenere il tono personalizzato di cui hai bisogno. Per diluire i coloranti concentrati useremo solvente, evaporazione media o lenta, acqua o alcool. Possiamo persino usarli per tonificare shellac.<\/p>\n<p><a href=\"https:\/\/nitorlack.com\/wp-content\/uploads\/2025\/10\/Etiqueta-de-480050-Tinte-Concentrado-050-Amarillo.jpg\" target=\"_blank\" rel=\"noopener\"><img loading=\"lazy\" decoding=\"async\" class=\"alignnone wp-image-83650\" src=\"https:\/\/nitorlack.com\/wp-content\/uploads\/2025\/10\/Etiqueta-de-480050-Tinte-Concentrado-050-Amarillo-300x270.jpg\" alt=\"\" width=\"202\" height=\"182\" srcset=\"https:\/\/nitorlack.com\/wp-content\/uploads\/2025\/10\/Etiqueta-de-480050-Tinte-Concentrado-050-Amarillo-300x270.jpg 300w, https:\/\/nitorlack.com\/wp-content\/uploads\/2025\/10\/Etiqueta-de-480050-Tinte-Concentrado-050-Amarillo-150x135.jpg 150w, https:\/\/nitorlack.com\/wp-content\/uploads\/2025\/10\/Etiqueta-de-480050-Tinte-Concentrado-050-Amarillo-768x691.jpg 768w, https:\/\/nitorlack.com\/wp-content\/uploads\/2025\/10\/Etiqueta-de-480050-Tinte-Concentrado-050-Amarillo.jpg 784w\" sizes=\"auto, (max-width: 202px) 100vw, 202px\" \/><\/a><\/p>\n","protected":false},"featured_media":71948,"comment_status":"open","ping_status":"closed","template":"","meta":{"om_disable_all_campaigns":false,"site-sidebar-layout":"no-sidebar","site-content-layout":"plain-container","ast-site-content-layout":"normal-width-container","site-content-style":"unboxed","site-sidebar-style":"unboxed","ast-global-header-display":"","ast-banner-title-visibility":"","ast-main-header-display":"","ast-hfb-above-header-display":"","ast-hfb-below-header-display":"","ast-hfb-mobile-header-display":"","site-post-title":"disabled","ast-breadcrumbs-content":"","ast-featured-img":"disabled","footer-sml-layout":"","ast-disable-related-posts":"","theme-transparent-header-meta":"default","adv-header-id-meta":"","stick-header-meta":"default","header-above-stick-meta":"","header-main-stick-meta":"","header-below-stick-meta":"","astra-migrate-meta-layouts":"default","ast-page-background-enabled":"default","ast-page-background-meta":{"desktop":{"background-color":"var(--ast-global-color-4)","background-image":"","background-repeat":"repeat","background-position":"center center","background-size":"auto","background-attachment":"scroll","background-type":"","background-media":"","overlay-type":"","overlay-color":"","overlay-opacity":"","overlay-gradient":""},"tablet":{"background-color":"","background-image":"","background-repeat":"repeat","background-position":"center center","background-size":"auto","background-attachment":"scroll","background-type":"","background-media":"","overlay-type":"","overlay-color":"","overlay-opacity":"","overlay-gradient":""},"mobile":{"background-color":"","background-image":"","background-repeat":"repeat","background-position":"center center","background-size":"auto","background-attachment":"scroll","background-type":"","background-media":"","overlay-type":"","overlay-color":"","overlay-opacity":"","overlay-gradient":""}},"ast-content-background-meta":{"desktop":{"background-color":"var(--ast-global-color-5)","background-image":"","background-repeat":"repeat","background-position":"center center","background-size":"auto","background-attachment":"scroll","background-type":"","background-media":"","overlay-type":"","overlay-color":"","overlay-opacity":"","overlay-gradient":""},"tablet":{"background-color":"var(--ast-global-color-5)","background-image":"","background-repeat":"repeat","background-position":"center center","background-size":"auto","background-attachment":"scroll","background-type":"","background-media":"","overlay-type":"","overlay-color":"","overlay-opacity":"","overlay-gradient":""},"mobile":{"background-color":"var(--ast-global-color-5)","background-image":"","background-repeat":"repeat","background-position":"center center","background-size":"auto","background-attachment":"scroll","background-type":"","background-media":"","overlay-type":"","overlay-color":"","overlay-opacity":"","overlay-gradient":""}}},"product_brand":[],"product_cat":[7359],"product_tag":[],"class_list":{"0":"post-23325","1":"product","2":"type-product","3":"status-publish","4":"has-post-thumbnail","6":"product_cat-clasica-flamenco","7":"desktop-align-center","8":"tablet-align-center","9":"mobile-align-center","10":"ast-product-gallery-layout-horizontal-slider","11":"ast-product-tabs-layout-horizontal","13":"first","14":"instock","15":"taxable","16":"shipping-taxable","17":"purchasable","18":"product-type-simple"},"bundled_by":[],"bundle_stock_status":"instock","bundle_stock_quantity":4807,"bundle_virtual":false,"bundle_layout":"","bundle_add_to_cart_form_location":"","bundle_editable_in_cart":false,"bundle_sold_individually_context":"","bundle_item_grouping":"","bundle_min_size":"","bundle_max_size":"","bundle_price":[],"bundled_items":[],"bundle_sell_ids":[],"yoast_head":"<!-- This site is optimized with the Yoast SEO plugin v27.3 - https:\/\/yoast.com\/product\/yoast-seo-wordpress\/ -->\n<title>NITORTINT ROSSO FLAMENCO | Macchie e vernice per chitarra NitorLACK<\/title>\n<meta name=\"description\" content=\"Nitorlack -Vernice alla nitrocellulosa per chitarre, colori vintage e tutorial su come dipingere la tua chitarra. Scoprire NITORTINT ROSSO FLAMENCO\" \/>\n<meta name=\"robots\" content=\"index, follow, max-snippet:-1, max-image-preview:large, max-video-preview:-1\" \/>\n<link rel=\"canonical\" href=\"https:\/\/nitorlack.com\/it\/barniz\/coloranti\/clasica-flamenco\/nitortint-rosso-flamenco-it\/\" \/>\n<meta property=\"og:locale\" content=\"it_IT\" \/>\n<meta property=\"og:type\" content=\"article\" \/>\n<meta property=\"og:title\" content=\"NITORTINT ROSSO FLAMENCO | Macchie e vernice per chitarra NitorLACK\" \/>\n<meta property=\"og:description\" content=\"Nitorlack -Vernice alla nitrocellulosa per chitarre, colori vintage e tutorial su come dipingere la tua chitarra. Scoprire NITORTINT ROSSO FLAMENCO\" \/>\n<meta property=\"og:url\" content=\"https:\/\/nitorlack.com\/it\/barniz\/coloranti\/clasica-flamenco\/nitortint-rosso-flamenco-it\/\" \/>\n<meta property=\"og:site_name\" content=\"Nitorlack\" \/>\n<meta property=\"article:modified_time\" content=\"2026-02-02T22:30:14+00:00\" \/>\n<meta property=\"og:image\" content=\"https:\/\/nitorlack.com\/wp-content\/uploads\/2019\/03\/CLASICA-ROJO-FRONTAL.jpg\" \/>\n\t<meta property=\"og:image:width\" content=\"1200\" \/>\n\t<meta property=\"og:image:height\" content=\"1200\" \/>\n\t<meta property=\"og:image:type\" content=\"image\/jpeg\" \/>\n<meta name=\"twitter:card\" content=\"summary_large_image\" \/>\n<meta name=\"twitter:label1\" content=\"Tempo di lettura stimato\" \/>\n\t<meta name=\"twitter:data1\" content=\"3 minuti\" \/>\n<script type=\"application\/ld+json\" class=\"yoast-schema-graph\">{\"@context\":\"https:\\\/\\\/schema.org\",\"@graph\":[{\"@type\":\"WebPage\",\"@id\":\"https:\\\/\\\/nitorlack.com\\\/it\\\/barniz\\\/coloranti\\\/clasica-flamenco\\\/nitortint-rosso-flamenco-it\\\/\",\"url\":\"https:\\\/\\\/nitorlack.com\\\/it\\\/barniz\\\/coloranti\\\/clasica-flamenco\\\/nitortint-rosso-flamenco-it\\\/\",\"name\":\"NITORTINT ROSSO FLAMENCO | Macchie e vernice per chitarra NitorLACK\",\"isPartOf\":{\"@id\":\"https:\\\/\\\/nitorlack.com\\\/it\\\/#website\"},\"primaryImageOfPage\":{\"@id\":\"https:\\\/\\\/nitorlack.com\\\/it\\\/barniz\\\/coloranti\\\/clasica-flamenco\\\/nitortint-rosso-flamenco-it\\\/#primaryimage\"},\"image\":{\"@id\":\"https:\\\/\\\/nitorlack.com\\\/it\\\/barniz\\\/coloranti\\\/clasica-flamenco\\\/nitortint-rosso-flamenco-it\\\/#primaryimage\"},\"thumbnailUrl\":\"https:\\\/\\\/nitorlack.com\\\/wp-content\\\/uploads\\\/2019\\\/03\\\/CLASICA-ROJO-FRONTAL.jpg\",\"datePublished\":\"2019-03-05T12:50:34+00:00\",\"dateModified\":\"2026-02-02T22:30:14+00:00\",\"description\":\"Nitorlack -Vernice alla nitrocellulosa per chitarre, colori vintage e tutorial su come dipingere la tua chitarra. Scoprire NITORTINT ROSSO FLAMENCO\",\"breadcrumb\":{\"@id\":\"https:\\\/\\\/nitorlack.com\\\/it\\\/barniz\\\/coloranti\\\/clasica-flamenco\\\/nitortint-rosso-flamenco-it\\\/#breadcrumb\"},\"inLanguage\":\"it-IT\",\"potentialAction\":[{\"@type\":\"ReadAction\",\"target\":[\"https:\\\/\\\/nitorlack.com\\\/it\\\/barniz\\\/coloranti\\\/clasica-flamenco\\\/nitortint-rosso-flamenco-it\\\/\"]}]},{\"@type\":\"ImageObject\",\"inLanguage\":\"it-IT\",\"@id\":\"https:\\\/\\\/nitorlack.com\\\/it\\\/barniz\\\/coloranti\\\/clasica-flamenco\\\/nitortint-rosso-flamenco-it\\\/#primaryimage\",\"url\":\"https:\\\/\\\/nitorlack.com\\\/wp-content\\\/uploads\\\/2019\\\/03\\\/CLASICA-ROJO-FRONTAL.jpg\",\"contentUrl\":\"https:\\\/\\\/nitorlack.com\\\/wp-content\\\/uploads\\\/2019\\\/03\\\/CLASICA-ROJO-FRONTAL.jpg\",\"width\":1200,\"height\":1200,\"caption\":\"tinte rojo para guitarra\"},{\"@type\":\"BreadcrumbList\",\"@id\":\"https:\\\/\\\/nitorlack.com\\\/it\\\/barniz\\\/coloranti\\\/clasica-flamenco\\\/nitortint-rosso-flamenco-it\\\/#breadcrumb\",\"itemListElement\":[{\"@type\":\"ListItem\",\"position\":1,\"name\":\"Copertina\",\"item\":\"https:\\\/\\\/nitorlack.com\\\/it\\\/\"},{\"@type\":\"ListItem\",\"position\":2,\"name\":\"Negozio\",\"item\":\"https:\\\/\\\/nitorlack.com\\\/it\\\/negozio\\\/\"},{\"@type\":\"ListItem\",\"position\":3,\"name\":\"NITORTINT ROSSO FLAMENCO\"}]},{\"@type\":\"WebSite\",\"@id\":\"https:\\\/\\\/nitorlack.com\\\/it\\\/#website\",\"url\":\"https:\\\/\\\/nitorlack.com\\\/it\\\/\",\"name\":\"Nitorlack\",\"description\":\"Guitar Lacquers\",\"publisher\":{\"@id\":\"https:\\\/\\\/nitorlack.com\\\/it\\\/#organization\"},\"potentialAction\":[{\"@type\":\"SearchAction\",\"target\":{\"@type\":\"EntryPoint\",\"urlTemplate\":\"https:\\\/\\\/nitorlack.com\\\/it\\\/?s={search_term_string}\"},\"query-input\":{\"@type\":\"PropertyValueSpecification\",\"valueRequired\":true,\"valueName\":\"search_term_string\"}}],\"inLanguage\":\"it-IT\"},{\"@type\":\"Organization\",\"@id\":\"https:\\\/\\\/nitorlack.com\\\/it\\\/#organization\",\"name\":\"Nitorlack\",\"url\":\"https:\\\/\\\/nitorlack.com\\\/it\\\/\",\"logo\":{\"@type\":\"ImageObject\",\"inLanguage\":\"it-IT\",\"@id\":\"https:\\\/\\\/nitorlack.com\\\/it\\\/#\\\/schema\\\/logo\\\/image\\\/\",\"url\":\"http:\\\/\\\/nitorlack.com\\\/wp-content\\\/uploads\\\/2016\\\/02\\\/cropped-galleta-negra-1.jpg\",\"contentUrl\":\"http:\\\/\\\/nitorlack.com\\\/wp-content\\\/uploads\\\/2016\\\/02\\\/cropped-galleta-negra-1.jpg\",\"width\":512,\"height\":512,\"caption\":\"Nitorlack\"},\"image\":{\"@id\":\"https:\\\/\\\/nitorlack.com\\\/it\\\/#\\\/schema\\\/logo\\\/image\\\/\"}}]}<\/script>\n<!-- \/ Yoast SEO plugin. -->","yoast_head_json":{"title":"NITORTINT ROSSO FLAMENCO | Macchie e vernice per chitarra NitorLACK","description":"Nitorlack -Vernice alla nitrocellulosa per chitarre, colori vintage e tutorial su come dipingere la tua chitarra. Scoprire NITORTINT ROSSO FLAMENCO","robots":{"index":"index","follow":"follow","max-snippet":"max-snippet:-1","max-image-preview":"max-image-preview:large","max-video-preview":"max-video-preview:-1"},"canonical":"https:\/\/nitorlack.com\/it\/barniz\/coloranti\/clasica-flamenco\/nitortint-rosso-flamenco-it\/","og_locale":"it_IT","og_type":"article","og_title":"NITORTINT ROSSO FLAMENCO | Macchie e vernice per chitarra NitorLACK","og_description":"Nitorlack -Vernice alla nitrocellulosa per chitarre, colori vintage e tutorial su come dipingere la tua chitarra. Scoprire NITORTINT ROSSO FLAMENCO","og_url":"https:\/\/nitorlack.com\/it\/barniz\/coloranti\/clasica-flamenco\/nitortint-rosso-flamenco-it\/","og_site_name":"Nitorlack","article_modified_time":"2026-02-02T22:30:14+00:00","og_image":[{"width":1200,"height":1200,"url":"https:\/\/nitorlack.com\/wp-content\/uploads\/2019\/03\/CLASICA-ROJO-FRONTAL.jpg","type":"image\/jpeg"}],"twitter_card":"summary_large_image","twitter_misc":{"Tempo di lettura stimato":"3 minuti"},"schema":{"@context":"https:\/\/schema.org","@graph":[{"@type":"WebPage","@id":"https:\/\/nitorlack.com\/it\/barniz\/coloranti\/clasica-flamenco\/nitortint-rosso-flamenco-it\/","url":"https:\/\/nitorlack.com\/it\/barniz\/coloranti\/clasica-flamenco\/nitortint-rosso-flamenco-it\/","name":"NITORTINT ROSSO FLAMENCO | Macchie e vernice per chitarra NitorLACK","isPartOf":{"@id":"https:\/\/nitorlack.com\/it\/#website"},"primaryImageOfPage":{"@id":"https:\/\/nitorlack.com\/it\/barniz\/coloranti\/clasica-flamenco\/nitortint-rosso-flamenco-it\/#primaryimage"},"image":{"@id":"https:\/\/nitorlack.com\/it\/barniz\/coloranti\/clasica-flamenco\/nitortint-rosso-flamenco-it\/#primaryimage"},"thumbnailUrl":"https:\/\/nitorlack.com\/wp-content\/uploads\/2019\/03\/CLASICA-ROJO-FRONTAL.jpg","datePublished":"2019-03-05T12:50:34+00:00","dateModified":"2026-02-02T22:30:14+00:00","description":"Nitorlack -Vernice alla nitrocellulosa per chitarre, colori vintage e tutorial su come dipingere la tua chitarra. Scoprire NITORTINT ROSSO FLAMENCO","breadcrumb":{"@id":"https:\/\/nitorlack.com\/it\/barniz\/coloranti\/clasica-flamenco\/nitortint-rosso-flamenco-it\/#breadcrumb"},"inLanguage":"it-IT","potentialAction":[{"@type":"ReadAction","target":["https:\/\/nitorlack.com\/it\/barniz\/coloranti\/clasica-flamenco\/nitortint-rosso-flamenco-it\/"]}]},{"@type":"ImageObject","inLanguage":"it-IT","@id":"https:\/\/nitorlack.com\/it\/barniz\/coloranti\/clasica-flamenco\/nitortint-rosso-flamenco-it\/#primaryimage","url":"https:\/\/nitorlack.com\/wp-content\/uploads\/2019\/03\/CLASICA-ROJO-FRONTAL.jpg","contentUrl":"https:\/\/nitorlack.com\/wp-content\/uploads\/2019\/03\/CLASICA-ROJO-FRONTAL.jpg","width":1200,"height":1200,"caption":"tinte rojo para guitarra"},{"@type":"BreadcrumbList","@id":"https:\/\/nitorlack.com\/it\/barniz\/coloranti\/clasica-flamenco\/nitortint-rosso-flamenco-it\/#breadcrumb","itemListElement":[{"@type":"ListItem","position":1,"name":"Copertina","item":"https:\/\/nitorlack.com\/it\/"},{"@type":"ListItem","position":2,"name":"Negozio","item":"https:\/\/nitorlack.com\/it\/negozio\/"},{"@type":"ListItem","position":3,"name":"NITORTINT ROSSO FLAMENCO"}]},{"@type":"WebSite","@id":"https:\/\/nitorlack.com\/it\/#website","url":"https:\/\/nitorlack.com\/it\/","name":"Nitorlack","description":"Guitar Lacquers","publisher":{"@id":"https:\/\/nitorlack.com\/it\/#organization"},"potentialAction":[{"@type":"SearchAction","target":{"@type":"EntryPoint","urlTemplate":"https:\/\/nitorlack.com\/it\/?s={search_term_string}"},"query-input":{"@type":"PropertyValueSpecification","valueRequired":true,"valueName":"search_term_string"}}],"inLanguage":"it-IT"},{"@type":"Organization","@id":"https:\/\/nitorlack.com\/it\/#organization","name":"Nitorlack","url":"https:\/\/nitorlack.com\/it\/","logo":{"@type":"ImageObject","inLanguage":"it-IT","@id":"https:\/\/nitorlack.com\/it\/#\/schema\/logo\/image\/","url":"http:\/\/nitorlack.com\/wp-content\/uploads\/2016\/02\/cropped-galleta-negra-1.jpg","contentUrl":"http:\/\/nitorlack.com\/wp-content\/uploads\/2016\/02\/cropped-galleta-negra-1.jpg","width":512,"height":512,"caption":"Nitorlack"},"image":{"@id":"https:\/\/nitorlack.com\/it\/#\/schema\/logo\/image\/"}}]}},"_links":{"self":[{"href":"https:\/\/nitorlack.com\/it\/wp-json\/wp\/v2\/product\/23325","targetHints":{"allow":["GET"]}}],"collection":[{"href":"https:\/\/nitorlack.com\/it\/wp-json\/wp\/v2\/product"}],"about":[{"href":"https:\/\/nitorlack.com\/it\/wp-json\/wp\/v2\/types\/product"}],"replies":[{"embeddable":true,"href":"https:\/\/nitorlack.com\/it\/wp-json\/wp\/v2\/comments?post=23325"}],"wp:featuredmedia":[{"embeddable":true,"href":"https:\/\/nitorlack.com\/it\/wp-json\/wp\/v2\/media\/71948"}],"wp:attachment":[{"href":"https:\/\/nitorlack.com\/it\/wp-json\/wp\/v2\/media?parent=23325"}],"wp:term":[{"taxonomy":"product_brand","embeddable":true,"href":"https:\/\/nitorlack.com\/it\/wp-json\/wp\/v2\/product_brand?post=23325"},{"taxonomy":"product_cat","embeddable":true,"href":"https:\/\/nitorlack.com\/it\/wp-json\/wp\/v2\/product_cat?post=23325"},{"taxonomy":"product_tag","embeddable":true,"href":"https:\/\/nitorlack.com\/it\/wp-json\/wp\/v2\/product_tag?post=23325"}],"curies":[{"name":"wp","href":"https:\/\/api.w.org\/{rel}","templated":true}]}}