{"id":74052,"date":"2024-08-09T13:22:51","date_gmt":"2024-08-09T11:22:51","guid":{"rendered":"https:\/\/nitorlack.com\/politica-sui-social-media\/"},"modified":"2025-05-19T12:15:11","modified_gmt":"2025-05-19T10:15:11","slug":"politica-sui-social-media","status":"publish","type":"page","link":"https:\/\/nitorlack.com\/it\/politica-sui-social-media\/","title":{"rendered":"Politica sui social media"},"content":{"rendered":"<div class=\"wpb-content-wrapper\"><p>[vc_row][vc_column][vc_column_text css=&#8221;&#8221;]<strong>Politica sui Social Media<\/strong><\/p>\n<ol>\n<li><strong>Identificazione del Titolare del Trattamento<\/strong><\/li>\n<\/ol>\n<p>&nbsp;<\/p>\n<table width=\"1072\">\n<tbody>\n<tr>\n<td width=\"100\"><strong>Entit\u00e0:<\/strong><\/td>\n<td width=\"486\"><strong>VALRESA COATINGS, S.A.<\/strong><\/td>\n<td width=\"486\"><\/td>\n<\/tr>\n<tr>\n<td width=\"100\"><strong>CIF\/NIF:<\/strong><\/td>\n<td width=\"486\"><strong>A46030169<\/strong><\/td>\n<td width=\"486\"><\/td>\n<\/tr>\n<tr>\n<td width=\"100\"><strong>Indirizzo postale:<\/strong><\/td>\n<td width=\"486\"><strong>Avda. dels Gremis, s\/n. 46190, Riba-roja del T\u00faria (Valencia) Spagna.<\/strong><\/td>\n<td width=\"486\"><\/td>\n<\/tr>\n<tr>\n<td width=\"100\"><strong>Telefono:<\/strong><\/td>\n<td width=\"486\"><strong>(+34) 961669560<\/strong><\/td>\n<td width=\"486\"><\/td>\n<\/tr>\n<tr>\n<td width=\"100\"><strong>Posta elettronica:<\/strong><\/td>\n<td width=\"486\"><strong>valresa@valresa.com<\/strong><\/td>\n<td width=\"486\"><\/td>\n<\/tr>\n<tr>\n<td width=\"100\"><strong>Oggetto sociale:<\/strong><\/td>\n<td width=\"486\"><strong>Fabbricazione e commercializzazione di pitture e vernici<\/strong><\/td>\n<td width=\"486\"><\/td>\n<\/tr>\n<tr>\n<td width=\"100\"><strong>Sito web:<\/strong><\/td>\n<td width=\"486\"><strong>https:\/\/nitorlack.com\/<\/strong><\/td>\n<td width=\"486\"><\/td>\n<\/tr>\n<tr>\n<td width=\"100\"><strong>Dati di registrazione:<\/strong><\/td>\n<td width=\"486\"><strong>Registro delle Imprese di VALENCIA Tomo 3226, Libro 540, Folio 88, Sezione 8, Foglio V 7601<\/strong><\/td>\n<td width=\"486\">\n<h1><\/h1>\n<\/td>\n<\/tr>\n<\/tbody>\n<\/table>\n<p><\/p>\n<ol start=\"2\">\n<li><strong>Presenza sui social network<\/strong><\/li>\n<\/ol>\n<p>In conformit\u00e0 con gli articoli da 13 a 24.2 del Regolamento Europeo sulla Protezione dei Dati 2016\/679 (GDPR) e la Legge 34\/2002 sui Servizi della Societ\u00e0 dell&#8217;Informazione e il Commercio Elettronico (LSSI-CE), il Titolare del Trattamento informa gli utenti di aver creato un profilo sui seguenti Social Network (SNS):<\/p>\n<ul>\n<li><a href=\"https:\/\/es-es.facebook.com\/nitorlack\/\">Facebook<\/a><\/li>\n<li><a href=\"https:\/\/www.instagram.com\/nitorlack\/?hl=es\">Instagram<\/a><\/li>\n<li><a href=\"https:\/\/www.youtube.com\/channel\/UCF0Oyo44SRnpoCRPVeya3SQ\/featured\">YouTube<\/a><\/li>\n<\/ul>\n<p>con la finalit\u00e0 principale di pubblicizzare i nostri servizi e contattare altri utenti.<\/p>\n<p>Se Lei come Utente dispone di un profilo nello stesso Social Network della nostra entit\u00e0, pu\u00f2 liberamente unirsi alla pagina creata da noi, mostrando cos\u00ec interesse per le informazioni che pubblichiamo in detto Network.<\/p>\n<p>Unendosi, ci offre visibilit\u00e0 di certi dati personali offerti pubblicamente da Lei nel suo profilo.<\/p>\n<p>Solo nel caso in cui si unisca alla nostra pagina dei Social Network dettagliati, i dati del suo profilo saranno trattati dalla nostra entit\u00e0 unicamente dentro il Social Network stesso e in nessun caso saranno trattati da noi fuori da questo senza il suo consenso previo.<\/p>\n<p>Lei come utente, pu\u00f2 accedere in ogni momento alle politiche sulla privacy del Social Network stesso, cos\u00ec come configurare il suo profilo per garantire la privacy di quei dati che non vuole rendere pubblici. Pu\u00f2 anche smettere di seguirci nel momento in cui lo desidera.<\/p>\n<ol start=\"3\">\n<li><strong>Pubblicazioni<\/strong><\/li>\n<\/ol>\n<p>Una volta si sia unito alla nostra pagina e se lo ritiene opportuno, potr\u00e0 pubblicare commenti, link, immagini, fotografie o qualsiasi altro tipo di contenuto multimediale supportato dal Social Network, ricordandole che, in tutti i casi, deve essere il titolare di questi, godere dei diritti d&#8217;autore e di propriet\u00e0 intellettuale o contare con il consenso dei terzi interessati.<\/p>\n<p>\u00c8 espressamente proibita qualsiasi pubblicazione sulla pagina, siano testi, grafici, fotografie, video, ecc. relazionati con minori, quelli che attentino o siano suscettibili di attentare contro l&#8217;onore, la morale, l&#8217;etica, il buon gusto, il decoro e\/o che infrangano, violino o infrangano i diritti di propriet\u00e0 intellettuale o industriale, il diritto all&#8217;immagine o qualsiasi altro che vada contro la Legge. In questi casi, la nostra entit\u00e0 si riserva il diritto a ritirare immediatamente il contenuto, potendo sollecitare il blocco permanente dell&#8217;utente.<\/p>\n<p>La nostra entit\u00e0 non si far\u00e0 responsabile dei contenuti che liberamente ha pubblicato un utente. L&#8217;utente deve tener presente che le sue pubblicazioni saranno conosciute da altri utenti, per cui sar\u00e0 l&#8217;unico responsabile delle sue pubblicazioni e della sua privacy.<\/p>\n<ol start=\"4\">\n<li><strong>Pubblicit\u00e0<\/strong><\/li>\n<\/ol>\n<p>La nostra entit\u00e0 potr\u00e0 utilizzare il Social Network per pubblicizzarsi, in ogni caso, compiendo le esigenze della Normativa vigente applicabile a Protezione dei Dati e della LSSI-CE.<\/p>\n<p>Non si considerer\u00e0 pubblicit\u00e0 il fatto di raccomandare ad altri utenti le nostre pagine perch\u00e9 anche loro possano godere delle promozioni o essere informati di eventi o attivit\u00e0 della nostra entit\u00e0.<\/p>\n<ol start=\"5\">\n<li><strong>Concorsi e promozioni<\/strong><\/li>\n<\/ol>\n<p>La nostra entit\u00e0 si riserva il diritto a realizzare concorsi e promozioni, nei quali potranno partecipare gli utenti che lo desiderino e che siano uniti alla nostra pagina. Le basi di ognuno di essi, quando si utilizzi per ci\u00f2 la piattaforma del Social Network, saranno pubblicate nella stessa, compiendo sempre con la Legge o norma che gli sia di applicazione.<\/p>\n<p>Il Social Network non sponsorizza, avalla n\u00e9 amministra, in alcun modo le nostre promozioni, n\u00e9 \u00e8 associata a nessuna di esse.<\/p>\n<p>&nbsp;<\/p>\n<ol start=\"6\">\n<li><strong>Dati personali<\/strong><\/li>\n<\/ol>\n<p>La nostra entit\u00e0 come Responsabile del Trattamento, realizzer\u00e0 le seguenti azioni:<\/p>\n<ul>\n<li>Accesso all&#8217;informazione pubblica del profilo dell&#8217;utente.<\/li>\n<li>Soddisfare le richieste degli utenti.<\/li>\n<li>Invio di messaggi individuali all&#8217;utente per mezzo dei canali del Social Network.<\/li>\n<li>Pubblicazione nel profilo dell&#8217;utente di informazioni relazionate con la nostra entit\u00e0.<\/li>\n<li>Aggiornamenti dello stato della pagina che si pubblicheranno nel profilo dell&#8217;utente<\/li>\n<\/ul>\n<p>L&#8217;utente pu\u00f2 smettere di seguire la nostra entit\u00e0 nei social network in qualsiasi momento, controllare le sue connessioni, eliminare i contenuti che smettano di interessargli e restringere con chi condivide le sue connessioni, per ci\u00f2 dovr\u00e0 accedere alla sua configurazione sulla privacy.<\/p>\n<p>Di seguito, specifichiamo i link alla politica sulla privacy delle differenti Reti Sociali:<\/p>\n<p>Facebook: <a href=\"https:\/\/www.facebook.com\/help\/323540651073243\/\">https:\/\/www.facebook.com\/help\/323540651073243\/<\/a><\/p>\n<p>Twitter: <a href=\"https:\/\/twitter.com\/privacy\">https:\/\/twitter.com\/privacy<\/a><\/p>\n<p>Instagram: <a href=\"https:\/\/es-la.facebook.com\/help\/instagram\/155833707900388\/\">https:\/\/es-la.facebook.com\/help\/instagram\/155833707900388\/ <\/a><\/p>\n<p>YouTube: <a href=\"https:\/\/www.youtube.com\/intl\/es\/about\/policies\/#community-guidelines\">https:\/\/www.youtube.com\/intl\/es\/about\/policies\/#community-guidelines<\/a><\/p>\n<p>LinkedIn: <a href=\"https:\/\/www.linkedin.com\/legal\/privacy-policy?_l=es_ES\">https:\/\/www.linkedin.com\/legal\/privacy-policy?_l=es_ES<\/a><\/p>\n<p>Vimeo: <a href=\"https:\/\/vimeo.com\/privacy\">https:\/\/vimeo.com\/privacy<\/a><\/p>\n<p>Pinterest: <a href=\"https:\/\/policy.pinterest.com\/es\/privacy-policy\">https:\/\/policy.pinterest.com\/es\/privacy-policy<\/a><\/p>\n<p>Tik Tok: <a href=\"https:\/\/www.tiktok.com\/legal\/page\/eea\/privacy-policy\/es\">https:\/\/www.tiktok.com\/legal\/page\/eea\/privacy-policy\/es<\/a><\/p>\n<ol start=\"7\">\n<li><strong>I Suoi Diritti<\/strong><\/li>\n<\/ol>\n<p>Lei ha diritto a conoscere se la nostra entit\u00e0 sta trattando i suoi dati personali; pertanto, ha diritto ad accedere ai suoi dati, rettificarli se sono inesatti o sollecitare la loro soppressione quando i dati non siano pi\u00f9 necessari, sempre che sia legalmente possibile.<\/p>\n<p>Pu\u00f2 anche esercitare il suo diritto di opposizione, limitazione o portabilit\u00e0 se cos\u00ec lo stima conveniente, persino potr\u00e0 revocare il suo consenso e per esercitare i suoi diritti dovr\u00e0 farlo per iscritto a <a href=\"mailto:valresa@valresa.com\">valresa@valresa.com<\/a> . In caso di agire in rappresentanza di un&#8217;altra persona, dovr\u00e0 accreditare detta rappresentanza.<\/p>\n<p>Se desidera trasferire qualsiasi suggerimento o consulta sul trattamento dei suoi dati personali, pu\u00f2 contattare i nostri consulenti di protezione dei dati:<\/p>\n<p>BUSINESS ADAPTER, S.L.<\/p>\n<p>Ronda Guglielmo Marconi, 11, 26, (Parque Tecnol\u00f3gico) 46980 Paterna (Valencia).<\/p>\n<p><a href=\"https:\/\/www.businessadapter.es\/contacta-con-el-delegado-de-proteccion-de-datos\">Formulario di attenzione all&#8217;interessato<\/a><\/p>\n<p>La informiamo che Lei ha diritto a realizzare un reclamo presso l&#8217;Agenzia Spagnola di Protezione dei Dati in: C\/ Jorge Juan, 6, 28001 Madrid o in <a href=\"http:\/\/www.aepd.es\">www.aepd.es<\/a>.<\/p>\n<p>Per maggiori informazioni sul trattamento di dati personali, pu\u00f2 consultare la nostra <a href=\"https:\/\/nitorlack.com\/it\/politica-privacita\/\">Politica sulla Privacy.<\/a><\/p>\n<ol start=\"8\">\n<li><strong>Aggiornamento di questa Politica<\/strong><\/li>\n<\/ol>\n<p>La nostra entit\u00e0 si riserva il diritto alla modifica di questa Politica senza preavviso. \u00c8 per questo, che raccomandiamo di consultarla ogni volta che visita la nostra web.<\/p>\n<p>Aggiornato il 15 maggio 2025.[\/vc_column_text][\/vc_column][\/vc_row]<\/p>\n<\/div>","protected":false},"excerpt":{"rendered":"<p>[vc_row][vc_column][vc_column_text css=&#8221;&#8221;]Politica sui Social Media Identificazione del Titolare del Trattamento &nbsp; Entit\u00e0: VALRESA [&hellip;]<\/p>\n","protected":false},"author":1,"featured_media":0,"parent":0,"menu_order":0,"comment_status":"closed","ping_status":"closed","template":"","meta":{"om_disable_all_campaigns":false,"site-sidebar-layout":"no-sidebar","site-content-layout":"plain-container","ast-site-content-layout":"default","site-content-style":"default","site-sidebar-style":"default","ast-global-header-display":"","ast-banner-title-visibility":"","ast-main-header-display":"","ast-hfb-above-header-display":"","ast-hfb-below-header-display":"","ast-hfb-mobile-header-display":"","site-post-title":"disabled","ast-breadcrumbs-content":"","ast-featured-img":"disabled","footer-sml-layout":"","ast-disable-related-posts":"","theme-transparent-header-meta":"default","adv-header-id-meta":"","stick-header-meta":"default","header-above-stick-meta":"","header-main-stick-meta":"","header-below-stick-meta":"","astra-migrate-meta-layouts":"default","ast-page-background-enabled":"default","ast-page-background-meta":{"desktop":{"background-color":"var(--ast-global-color-4)","background-image":"","background-repeat":"repeat","background-position":"center center","background-size":"auto","background-attachment":"scroll","background-type":"","background-media":"","overlay-type":"","overlay-color":"","overlay-opacity":"","overlay-gradient":""},"tablet":{"background-color":"","background-image":"","background-repeat":"repeat","background-position":"center center","background-size":"auto","background-attachment":"scroll","background-type":"","background-media":"","overlay-type":"","overlay-color":"","overlay-opacity":"","overlay-gradient":""},"mobile":{"background-color":"","background-image":"","background-repeat":"repeat","background-position":"center center","background-size":"auto","background-attachment":"scroll","background-type":"","background-media":"","overlay-type":"","overlay-color":"","overlay-opacity":"","overlay-gradient":""}},"ast-content-background-meta":{"desktop":{"background-color":"var(--ast-global-color-5)","background-image":"","background-repeat":"repeat","background-position":"center center","background-size":"auto","background-attachment":"scroll","background-type":"","background-media":"","overlay-type":"","overlay-color":"","overlay-opacity":"","overlay-gradient":""},"tablet":{"background-color":"var(--ast-global-color-5)","background-image":"","background-repeat":"repeat","background-position":"center center","background-size":"auto","background-attachment":"scroll","background-type":"","background-media":"","overlay-type":"","overlay-color":"","overlay-opacity":"","overlay-gradient":""},"mobile":{"background-color":"var(--ast-global-color-5)","background-image":"","background-repeat":"repeat","background-position":"center center","background-size":"auto","background-attachment":"scroll","background-type":"","background-media":"","overlay-type":"","overlay-color":"","overlay-opacity":"","overlay-gradient":""}},"footnotes":""},"class_list":["post-74052","page","type-page","status-publish","hentry"],"yoast_head":"<!-- This site is optimized with the Yoast SEO plugin v27.3 - https:\/\/yoast.com\/product\/yoast-seo-wordpress\/ -->\n<title>Politica sui social media | NitorLACK<\/title>\n<meta name=\"description\" content=\"Nitorlack Politica sui social media\" \/>\n<meta name=\"robots\" content=\"noindex, nofollow\" \/>\n<meta property=\"og:locale\" content=\"it_IT\" \/>\n<meta property=\"og:type\" content=\"article\" \/>\n<meta property=\"og:title\" content=\"Politica sui social media | NitorLACK\" \/>\n<meta property=\"og:description\" content=\"Nitorlack Politica sui social media\" \/>\n<meta property=\"og:url\" content=\"https:\/\/nitorlack.com\/it\/politica-sui-social-media\/\" \/>\n<meta property=\"og:site_name\" content=\"Nitorlack\" \/>\n<meta property=\"article:modified_time\" content=\"2025-05-19T10:15:11+00:00\" \/>\n<meta name=\"twitter:card\" content=\"summary_large_image\" \/>\n<meta name=\"twitter:label1\" content=\"Tempo di lettura stimato\" \/>\n\t<meta name=\"twitter:data1\" content=\"5 minuti\" \/>\n<script type=\"application\/ld+json\" class=\"yoast-schema-graph\">{\"@context\":\"https:\\\/\\\/schema.org\",\"@graph\":[{\"@type\":\"WebPage\",\"@id\":\"https:\\\/\\\/nitorlack.com\\\/it\\\/politica-sui-social-media\\\/\",\"url\":\"https:\\\/\\\/nitorlack.com\\\/it\\\/politica-sui-social-media\\\/\",\"name\":\"Politica sui social media | NitorLACK\",\"isPartOf\":{\"@id\":\"https:\\\/\\\/nitorlack.com\\\/it\\\/#website\"},\"datePublished\":\"2024-08-09T11:22:51+00:00\",\"dateModified\":\"2025-05-19T10:15:11+00:00\",\"description\":\"Nitorlack Politica sui social media\",\"breadcrumb\":{\"@id\":\"https:\\\/\\\/nitorlack.com\\\/it\\\/politica-sui-social-media\\\/#breadcrumb\"},\"inLanguage\":\"it-IT\",\"potentialAction\":[{\"@type\":\"ReadAction\",\"target\":[\"https:\\\/\\\/nitorlack.com\\\/it\\\/politica-sui-social-media\\\/\"]}]},{\"@type\":\"BreadcrumbList\",\"@id\":\"https:\\\/\\\/nitorlack.com\\\/it\\\/politica-sui-social-media\\\/#breadcrumb\",\"itemListElement\":[{\"@type\":\"ListItem\",\"position\":1,\"name\":\"Copertina\",\"item\":\"https:\\\/\\\/nitorlack.com\\\/it\\\/\"},{\"@type\":\"ListItem\",\"position\":2,\"name\":\"Politica sui social media\"}]},{\"@type\":\"WebSite\",\"@id\":\"https:\\\/\\\/nitorlack.com\\\/it\\\/#website\",\"url\":\"https:\\\/\\\/nitorlack.com\\\/it\\\/\",\"name\":\"Nitorlack\",\"description\":\"Guitar Lacquers\",\"publisher\":{\"@id\":\"https:\\\/\\\/nitorlack.com\\\/it\\\/#organization\"},\"potentialAction\":[{\"@type\":\"SearchAction\",\"target\":{\"@type\":\"EntryPoint\",\"urlTemplate\":\"https:\\\/\\\/nitorlack.com\\\/it\\\/?s={search_term_string}\"},\"query-input\":{\"@type\":\"PropertyValueSpecification\",\"valueRequired\":true,\"valueName\":\"search_term_string\"}}],\"inLanguage\":\"it-IT\"},{\"@type\":\"Organization\",\"@id\":\"https:\\\/\\\/nitorlack.com\\\/it\\\/#organization\",\"name\":\"Nitorlack\",\"url\":\"https:\\\/\\\/nitorlack.com\\\/it\\\/\",\"logo\":{\"@type\":\"ImageObject\",\"inLanguage\":\"it-IT\",\"@id\":\"https:\\\/\\\/nitorlack.com\\\/it\\\/#\\\/schema\\\/logo\\\/image\\\/\",\"url\":\"http:\\\/\\\/nitorlack.com\\\/wp-content\\\/uploads\\\/2016\\\/02\\\/cropped-galleta-negra-1.jpg\",\"contentUrl\":\"http:\\\/\\\/nitorlack.com\\\/wp-content\\\/uploads\\\/2016\\\/02\\\/cropped-galleta-negra-1.jpg\",\"width\":512,\"height\":512,\"caption\":\"Nitorlack\"},\"image\":{\"@id\":\"https:\\\/\\\/nitorlack.com\\\/it\\\/#\\\/schema\\\/logo\\\/image\\\/\"}}]}<\/script>\n<!-- \/ Yoast SEO plugin. -->","yoast_head_json":{"title":"Politica sui social media | NitorLACK","description":"Nitorlack Politica sui social media","robots":{"index":"noindex","follow":"nofollow"},"og_locale":"it_IT","og_type":"article","og_title":"Politica sui social media | NitorLACK","og_description":"Nitorlack Politica sui social media","og_url":"https:\/\/nitorlack.com\/it\/politica-sui-social-media\/","og_site_name":"Nitorlack","article_modified_time":"2025-05-19T10:15:11+00:00","twitter_card":"summary_large_image","twitter_misc":{"Tempo di lettura stimato":"5 minuti"},"schema":{"@context":"https:\/\/schema.org","@graph":[{"@type":"WebPage","@id":"https:\/\/nitorlack.com\/it\/politica-sui-social-media\/","url":"https:\/\/nitorlack.com\/it\/politica-sui-social-media\/","name":"Politica sui social media | NitorLACK","isPartOf":{"@id":"https:\/\/nitorlack.com\/it\/#website"},"datePublished":"2024-08-09T11:22:51+00:00","dateModified":"2025-05-19T10:15:11+00:00","description":"Nitorlack Politica sui social media","breadcrumb":{"@id":"https:\/\/nitorlack.com\/it\/politica-sui-social-media\/#breadcrumb"},"inLanguage":"it-IT","potentialAction":[{"@type":"ReadAction","target":["https:\/\/nitorlack.com\/it\/politica-sui-social-media\/"]}]},{"@type":"BreadcrumbList","@id":"https:\/\/nitorlack.com\/it\/politica-sui-social-media\/#breadcrumb","itemListElement":[{"@type":"ListItem","position":1,"name":"Copertina","item":"https:\/\/nitorlack.com\/it\/"},{"@type":"ListItem","position":2,"name":"Politica sui social media"}]},{"@type":"WebSite","@id":"https:\/\/nitorlack.com\/it\/#website","url":"https:\/\/nitorlack.com\/it\/","name":"Nitorlack","description":"Guitar Lacquers","publisher":{"@id":"https:\/\/nitorlack.com\/it\/#organization"},"potentialAction":[{"@type":"SearchAction","target":{"@type":"EntryPoint","urlTemplate":"https:\/\/nitorlack.com\/it\/?s={search_term_string}"},"query-input":{"@type":"PropertyValueSpecification","valueRequired":true,"valueName":"search_term_string"}}],"inLanguage":"it-IT"},{"@type":"Organization","@id":"https:\/\/nitorlack.com\/it\/#organization","name":"Nitorlack","url":"https:\/\/nitorlack.com\/it\/","logo":{"@type":"ImageObject","inLanguage":"it-IT","@id":"https:\/\/nitorlack.com\/it\/#\/schema\/logo\/image\/","url":"http:\/\/nitorlack.com\/wp-content\/uploads\/2016\/02\/cropped-galleta-negra-1.jpg","contentUrl":"http:\/\/nitorlack.com\/wp-content\/uploads\/2016\/02\/cropped-galleta-negra-1.jpg","width":512,"height":512,"caption":"Nitorlack"},"image":{"@id":"https:\/\/nitorlack.com\/it\/#\/schema\/logo\/image\/"}}]}},"_links":{"self":[{"href":"https:\/\/nitorlack.com\/it\/wp-json\/wp\/v2\/pages\/74052","targetHints":{"allow":["GET"]}}],"collection":[{"href":"https:\/\/nitorlack.com\/it\/wp-json\/wp\/v2\/pages"}],"about":[{"href":"https:\/\/nitorlack.com\/it\/wp-json\/wp\/v2\/types\/page"}],"author":[{"embeddable":true,"href":"https:\/\/nitorlack.com\/it\/wp-json\/wp\/v2\/users\/1"}],"replies":[{"embeddable":true,"href":"https:\/\/nitorlack.com\/it\/wp-json\/wp\/v2\/comments?post=74052"}],"version-history":[{"count":5,"href":"https:\/\/nitorlack.com\/it\/wp-json\/wp\/v2\/pages\/74052\/revisions"}],"predecessor-version":[{"id":80703,"href":"https:\/\/nitorlack.com\/it\/wp-json\/wp\/v2\/pages\/74052\/revisions\/80703"}],"wp:attachment":[{"href":"https:\/\/nitorlack.com\/it\/wp-json\/wp\/v2\/media?parent=74052"}],"curies":[{"name":"wp","href":"https:\/\/api.w.org\/{rel}","templated":true}]}}