{"id":2986,"date":"2016-03-09T14:06:59","date_gmt":"2016-03-09T14:06:59","guid":{"rendered":"http:\/\/nitorlack.com\/it\/responsabilidades\/"},"modified":"2016-11-23T12:05:11","modified_gmt":"2016-11-23T12:05:11","slug":"responsabilita","status":"publish","type":"page","link":"https:\/\/nitorlack.com\/it\/responsabilita\/","title":{"rendered":"Responsabilit\u00e0"},"content":{"rendered":"<p>Per qualsiasi informazione, si prega di contattare nitorlack@nitorlack.com<\/p>\n<p>Tutti i suoi contenuti, quali testi, immagini, suoni e qualsiasi altro materiale, sono di propriet\u00e0 di nitorlack o di terzi che hanno autorizzato il loro utilizzo per Nitorlack che si riserva tutti i diritti.<\/p>\n<p>Tutti i dati forniti dagli utenti di questo sito internet \u00e8 destinato esclusivamente per le finalit\u00e0 di cui in ogni caso, e saranno trattati in conformit\u00e0 con i principi di disposizioni sulla protezione dei dati della legge 15\/1999 del 13 dicembre, protezione dei dati personali.<\/p>\n<p><strong>Responsabilit\u00e0 Nitorlack:<\/strong><\/p>\n<p>Nitorlack non garantire l&#8217;accesso agli elementi e le informazioni contenute nel suo sito web, n\u00e9 la sua visione corretta o il download o l&#8217;utilit\u00e0, che pu\u00f2 essere prevenuta, ostacolati o interrotti da fattori o circostanze al di fuori del controllo di nitorlack.<br \/>\nNitorlack non si assume alcuna responsabilit\u00e0 per eventuali danni causati da interferenze, guasti telefonici o disconnessioni nel sistema elettronico o qualsiasi altro fattore o circostanza al di l\u00e0 del suo controllo.<br \/>\nNitorlack non garantisce che il vostro sito ed i suoi server siano privi di virus e malware di ogni genere, e non \u00e8 responsabile per eventuali danni causati da accesso al sito o dell&#8217;impossibilit\u00e0 di accedervi.<br \/>\nNitorlack non \u00e8 responsabile delle informazioni o di altri contenuti di terze parti collegati al sito. Allo stesso modo, non \u00e8 responsabile per qualsiasi informazione non contenuta in questa rete, e quindi non prodotti direttamente da nitorlack o dai suoi membri autorizzati.<\/p>\n<p><strong>Le responsabilit\u00e0 dell&#8217;Utente:<\/strong><\/p>\n<p>Non sei autorizzato ad utilizzare i contenuti di questo sito per scopi commerciali o pubblicitari.<br \/>\nNon \u00e8 consentito di riprodurre, distribuire, trasmettere, adattare o modificare, con qualsiasi strumento o con qualsiasi mezzo, n\u00e9 i contenuti di questo sito web o il suo design.<br \/>\nGli utenti di questo sito accettano di fornire informazioni veritiere e accurate su se stessi quando viene chiesto loro informazioni.<br \/>\nE &#8216;vietato, a meno che Nitorlack espressamente autorizzato, presentare le pagine web sotto cornici, segni distintivi, segni o altri nomi sociali o commerciali di un&#8217;altra persona, societ\u00e0 o ente.<br \/>\nNitorlack si riserva il diritto di modificare i termini e le condizioni stabilite nel presente documento.<br \/>\nIl titolo avverte che non essendo il titolare dei diritti di propriet\u00e0 intellettuale di tutte le informazioni in esso contenute, non \u00e8 responsabile per essere vero o che sia correttamente aggiornato.<\/p>\n<p>Per questo motivo, il proprietario non \u00e8 responsabile paternit\u00e0.<br \/>\nInoltre, il proprietario del sito non si identifica n\u00e9 responsabile per le opinioni espresse in esso dai suoi dipendenti, utenti del sito o utenti anonimi.<\/p>\n","protected":false},"excerpt":{"rendered":"<p>Per qualsiasi informazione, si prega di contattare nitorlack@nitorlack.com Tutti i suoi contenuti, quali [&hellip;]<\/p>\n","protected":false},"author":1,"featured_media":0,"parent":0,"menu_order":0,"comment_status":"closed","ping_status":"closed","template":"","meta":{"om_disable_all_campaigns":false,"site-sidebar-layout":"default","site-content-layout":"","ast-site-content-layout":"default","site-content-style":"default","site-sidebar-style":"default","ast-global-header-display":"","ast-banner-title-visibility":"","ast-main-header-display":"","ast-hfb-above-header-display":"","ast-hfb-below-header-display":"","ast-hfb-mobile-header-display":"","site-post-title":"","ast-breadcrumbs-content":"","ast-featured-img":"","footer-sml-layout":"","ast-disable-related-posts":"","theme-transparent-header-meta":"","adv-header-id-meta":"","stick-header-meta":"","header-above-stick-meta":"","header-main-stick-meta":"","header-below-stick-meta":"","astra-migrate-meta-layouts":"default","ast-page-background-enabled":"default","ast-page-background-meta":{"desktop":{"background-color":"var(--ast-global-color-4)","background-image":"","background-repeat":"repeat","background-position":"center center","background-size":"auto","background-attachment":"scroll","background-type":"","background-media":"","overlay-type":"","overlay-color":"","overlay-opacity":"","overlay-gradient":""},"tablet":{"background-color":"","background-image":"","background-repeat":"repeat","background-position":"center center","background-size":"auto","background-attachment":"scroll","background-type":"","background-media":"","overlay-type":"","overlay-color":"","overlay-opacity":"","overlay-gradient":""},"mobile":{"background-color":"","background-image":"","background-repeat":"repeat","background-position":"center center","background-size":"auto","background-attachment":"scroll","background-type":"","background-media":"","overlay-type":"","overlay-color":"","overlay-opacity":"","overlay-gradient":""}},"ast-content-background-meta":{"desktop":{"background-color":"var(--ast-global-color-5)","background-image":"","background-repeat":"repeat","background-position":"center center","background-size":"auto","background-attachment":"scroll","background-type":"","background-media":"","overlay-type":"","overlay-color":"","overlay-opacity":"","overlay-gradient":""},"tablet":{"background-color":"var(--ast-global-color-5)","background-image":"","background-repeat":"repeat","background-position":"center center","background-size":"auto","background-attachment":"scroll","background-type":"","background-media":"","overlay-type":"","overlay-color":"","overlay-opacity":"","overlay-gradient":""},"mobile":{"background-color":"var(--ast-global-color-5)","background-image":"","background-repeat":"repeat","background-position":"center center","background-size":"auto","background-attachment":"scroll","background-type":"","background-media":"","overlay-type":"","overlay-color":"","overlay-opacity":"","overlay-gradient":""}},"footnotes":""},"class_list":["post-2986","page","type-page","status-publish","hentry"],"yoast_head":"<!-- This site is optimized with the Yoast SEO plugin v27.4 - https:\/\/yoast.com\/product\/yoast-seo-wordpress\/ -->\n<title>Responsabilit\u00e0 | NitorLACK<\/title>\n<meta name=\"description\" content=\"Nitorlack -Vernice alla nitrocellulosa per chitarre, colori vintage e tutorial su come dipingere la tua chitarra. Scoprire Responsabilit\u00e0\" \/>\n<meta name=\"robots\" content=\"index, follow, max-snippet:-1, max-image-preview:large, max-video-preview:-1\" \/>\n<link rel=\"canonical\" href=\"https:\/\/nitorlack.com\/it\/responsabilita\/\" \/>\n<meta property=\"og:locale\" content=\"it_IT\" \/>\n<meta property=\"og:type\" content=\"article\" \/>\n<meta property=\"og:title\" content=\"Responsabilit\u00e0 | NitorLACK\" \/>\n<meta property=\"og:description\" content=\"Nitorlack -Vernice alla nitrocellulosa per chitarre, colori vintage e tutorial su come dipingere la tua chitarra. Scoprire Responsabilit\u00e0\" \/>\n<meta property=\"og:url\" content=\"https:\/\/nitorlack.com\/it\/responsabilita\/\" \/>\n<meta property=\"og:site_name\" content=\"Nitorlack\" \/>\n<meta property=\"article:modified_time\" content=\"2016-11-23T12:05:11+00:00\" \/>\n<meta name=\"twitter:card\" content=\"summary_large_image\" \/>\n<meta name=\"twitter:label1\" content=\"Tempo di lettura stimato\" \/>\n\t<meta name=\"twitter:data1\" content=\"2 minuti\" \/>\n<script type=\"application\/ld+json\" class=\"yoast-schema-graph\">{\"@context\":\"https:\\\/\\\/schema.org\",\"@graph\":[{\"@type\":\"WebPage\",\"@id\":\"https:\\\/\\\/nitorlack.com\\\/it\\\/responsabilita\\\/\",\"url\":\"https:\\\/\\\/nitorlack.com\\\/it\\\/responsabilita\\\/\",\"name\":\"Responsabilit\u00e0 | NitorLACK\",\"isPartOf\":{\"@id\":\"https:\\\/\\\/nitorlack.com\\\/it\\\/#website\"},\"datePublished\":\"2016-03-09T14:06:59+00:00\",\"dateModified\":\"2016-11-23T12:05:11+00:00\",\"description\":\"Nitorlack -Vernice alla nitrocellulosa per chitarre, colori vintage e tutorial su come dipingere la tua chitarra. Scoprire Responsabilit\u00e0\",\"breadcrumb\":{\"@id\":\"https:\\\/\\\/nitorlack.com\\\/it\\\/responsabilita\\\/#breadcrumb\"},\"inLanguage\":\"it-IT\",\"potentialAction\":[{\"@type\":\"ReadAction\",\"target\":[\"https:\\\/\\\/nitorlack.com\\\/it\\\/responsabilita\\\/\"]}]},{\"@type\":\"BreadcrumbList\",\"@id\":\"https:\\\/\\\/nitorlack.com\\\/it\\\/responsabilita\\\/#breadcrumb\",\"itemListElement\":[{\"@type\":\"ListItem\",\"position\":1,\"name\":\"Copertina\",\"item\":\"https:\\\/\\\/nitorlack.com\\\/it\\\/\"},{\"@type\":\"ListItem\",\"position\":2,\"name\":\"Responsabilit\u00e0\"}]},{\"@type\":\"WebSite\",\"@id\":\"https:\\\/\\\/nitorlack.com\\\/it\\\/#website\",\"url\":\"https:\\\/\\\/nitorlack.com\\\/it\\\/\",\"name\":\"Nitorlack\",\"description\":\"Guitar Lacquers\",\"publisher\":{\"@id\":\"https:\\\/\\\/nitorlack.com\\\/it\\\/#organization\"},\"potentialAction\":[{\"@type\":\"SearchAction\",\"target\":{\"@type\":\"EntryPoint\",\"urlTemplate\":\"https:\\\/\\\/nitorlack.com\\\/it\\\/?s={search_term_string}\"},\"query-input\":{\"@type\":\"PropertyValueSpecification\",\"valueRequired\":true,\"valueName\":\"search_term_string\"}}],\"inLanguage\":\"it-IT\"},{\"@type\":\"Organization\",\"@id\":\"https:\\\/\\\/nitorlack.com\\\/it\\\/#organization\",\"name\":\"Nitorlack\",\"url\":\"https:\\\/\\\/nitorlack.com\\\/it\\\/\",\"logo\":{\"@type\":\"ImageObject\",\"inLanguage\":\"it-IT\",\"@id\":\"https:\\\/\\\/nitorlack.com\\\/it\\\/#\\\/schema\\\/logo\\\/image\\\/\",\"url\":\"http:\\\/\\\/nitorlack.com\\\/wp-content\\\/uploads\\\/2016\\\/02\\\/cropped-galleta-negra-1.jpg\",\"contentUrl\":\"http:\\\/\\\/nitorlack.com\\\/wp-content\\\/uploads\\\/2016\\\/02\\\/cropped-galleta-negra-1.jpg\",\"width\":512,\"height\":512,\"caption\":\"Nitorlack\"},\"image\":{\"@id\":\"https:\\\/\\\/nitorlack.com\\\/it\\\/#\\\/schema\\\/logo\\\/image\\\/\"}}]}<\/script>\n<!-- \/ Yoast SEO plugin. -->","yoast_head_json":{"title":"Responsabilit\u00e0 | NitorLACK","description":"Nitorlack -Vernice alla nitrocellulosa per chitarre, colori vintage e tutorial su come dipingere la tua chitarra. Scoprire Responsabilit\u00e0","robots":{"index":"index","follow":"follow","max-snippet":"max-snippet:-1","max-image-preview":"max-image-preview:large","max-video-preview":"max-video-preview:-1"},"canonical":"https:\/\/nitorlack.com\/it\/responsabilita\/","og_locale":"it_IT","og_type":"article","og_title":"Responsabilit\u00e0 | NitorLACK","og_description":"Nitorlack -Vernice alla nitrocellulosa per chitarre, colori vintage e tutorial su come dipingere la tua chitarra. Scoprire Responsabilit\u00e0","og_url":"https:\/\/nitorlack.com\/it\/responsabilita\/","og_site_name":"Nitorlack","article_modified_time":"2016-11-23T12:05:11+00:00","twitter_card":"summary_large_image","twitter_misc":{"Tempo di lettura stimato":"2 minuti"},"schema":{"@context":"https:\/\/schema.org","@graph":[{"@type":"WebPage","@id":"https:\/\/nitorlack.com\/it\/responsabilita\/","url":"https:\/\/nitorlack.com\/it\/responsabilita\/","name":"Responsabilit\u00e0 | NitorLACK","isPartOf":{"@id":"https:\/\/nitorlack.com\/it\/#website"},"datePublished":"2016-03-09T14:06:59+00:00","dateModified":"2016-11-23T12:05:11+00:00","description":"Nitorlack -Vernice alla nitrocellulosa per chitarre, colori vintage e tutorial su come dipingere la tua chitarra. Scoprire Responsabilit\u00e0","breadcrumb":{"@id":"https:\/\/nitorlack.com\/it\/responsabilita\/#breadcrumb"},"inLanguage":"it-IT","potentialAction":[{"@type":"ReadAction","target":["https:\/\/nitorlack.com\/it\/responsabilita\/"]}]},{"@type":"BreadcrumbList","@id":"https:\/\/nitorlack.com\/it\/responsabilita\/#breadcrumb","itemListElement":[{"@type":"ListItem","position":1,"name":"Copertina","item":"https:\/\/nitorlack.com\/it\/"},{"@type":"ListItem","position":2,"name":"Responsabilit\u00e0"}]},{"@type":"WebSite","@id":"https:\/\/nitorlack.com\/it\/#website","url":"https:\/\/nitorlack.com\/it\/","name":"Nitorlack","description":"Guitar Lacquers","publisher":{"@id":"https:\/\/nitorlack.com\/it\/#organization"},"potentialAction":[{"@type":"SearchAction","target":{"@type":"EntryPoint","urlTemplate":"https:\/\/nitorlack.com\/it\/?s={search_term_string}"},"query-input":{"@type":"PropertyValueSpecification","valueRequired":true,"valueName":"search_term_string"}}],"inLanguage":"it-IT"},{"@type":"Organization","@id":"https:\/\/nitorlack.com\/it\/#organization","name":"Nitorlack","url":"https:\/\/nitorlack.com\/it\/","logo":{"@type":"ImageObject","inLanguage":"it-IT","@id":"https:\/\/nitorlack.com\/it\/#\/schema\/logo\/image\/","url":"http:\/\/nitorlack.com\/wp-content\/uploads\/2016\/02\/cropped-galleta-negra-1.jpg","contentUrl":"http:\/\/nitorlack.com\/wp-content\/uploads\/2016\/02\/cropped-galleta-negra-1.jpg","width":512,"height":512,"caption":"Nitorlack"},"image":{"@id":"https:\/\/nitorlack.com\/it\/#\/schema\/logo\/image\/"}}]}},"_links":{"self":[{"href":"https:\/\/nitorlack.com\/it\/wp-json\/wp\/v2\/pages\/2986","targetHints":{"allow":["GET"]}}],"collection":[{"href":"https:\/\/nitorlack.com\/it\/wp-json\/wp\/v2\/pages"}],"about":[{"href":"https:\/\/nitorlack.com\/it\/wp-json\/wp\/v2\/types\/page"}],"author":[{"embeddable":true,"href":"https:\/\/nitorlack.com\/it\/wp-json\/wp\/v2\/users\/1"}],"replies":[{"embeddable":true,"href":"https:\/\/nitorlack.com\/it\/wp-json\/wp\/v2\/comments?post=2986"}],"version-history":[{"count":0,"href":"https:\/\/nitorlack.com\/it\/wp-json\/wp\/v2\/pages\/2986\/revisions"}],"wp:attachment":[{"href":"https:\/\/nitorlack.com\/it\/wp-json\/wp\/v2\/media?parent=2986"}],"curies":[{"name":"wp","href":"https:\/\/api.w.org\/{rel}","templated":true}]}}