{"id":1667,"date":"2016-03-07T10:37:47","date_gmt":"2016-03-07T10:37:47","guid":{"rendered":"http:\/\/nitorlack.com\/it\/barnizado-vintage-white-nitrocelulosa-brillo\/"},"modified":"2016-04-04T07:57:43","modified_gmt":"2016-04-04T07:57:43","slug":"vintage-white-nitrocellulosa","status":"publish","type":"page","link":"https:\/\/nitorlack.com\/it\/vintage-white-nitrocellulosa\/","title":{"rendered":"Verniciatura Vintage White nitrocellulosa ."},"content":{"rendered":"<p>&nbsp;<\/p>\n<p><em>Vi spiegheremo in dettaglio come vernice\u00a0nostra chitarra di colore che ci piace.<\/em><\/p>\n<p><em>Iniziamo dall&#8217;inizio del processo con la preparazione del supporto, fino alla fase finale di lucidatura. In questo caso abbiamo scelto come il colore per la nostra chitarra, &#8220;Vintage Bianco&#8221;, ma siamo in grado di farlo con qualsiasi altro colore della RAL o colori personalizzati selezione.<\/em><\/p>\n<p><em>Siamo in grado di fare entrambe le cose chitarra acustica ed elettrica, cos\u00ec come altri strumenti, come pu\u00f2 essere violini, basso, &#8230;<\/em><\/p>\n<p><em>Il processo \u00e8 costituito dai seguenti: Pigmentaremos nostro corpo della chitarra grezza per dare il colore desiderato pigmentata finitura lucida. Utilizzare lacca nitro per l&#8217;intero processo per i seguenti motivi:<\/em><\/p>\n<p><em>\u2022 Facile da usare e l&#8217;applicazione, in quanto \u00e8 una vernice monocomponente.<img loading=\"lazy\" decoding=\"async\" class=\"alignright\" src=\"http:\/\/www.gak.co.uk\/rs\/pictures\/tn2_96063.jpg\" alt=\"\" width=\"282\" height=\"252\" \/><\/em><br \/>\n<em>\u2022 La fusione tra ogni strato di prodotto \u00e8 perfetto, che favorisce l&#8217;unificazione di molteplici strati sottili di prodotto.<\/em><br \/>\n<em>\u2022 \u00c8 un prodotto che non altera il suono dello strumento, rispettando sempre il suono naturale.<\/em><br \/>\n<em>\u2022 Si pu\u00f2 scegliere di applicare il colore sia con la pistola ed il compressore, come con spray.<\/em><\/p>\n<p><em>Nota: Per ottenere una finitura come gommalacca, utilizzare come ultima mano del processo finale di lacca acqua incolore lucida. L&#8217;acqua \u00e8 vernice trasparente lascia un aspetto finale di foglie simili alla chitarra gommalacca.<\/em><\/p>\n<p><strong><em>considerazioni:<\/em><\/strong><\/p>\n<p><em>Facilit\u00e0 processo: Non \u00e8 un processo difficile da fare, ma \u00e8 necessario pazienza per attuare l&#8217;intero processo con il numero di mani richieste dell&#8217;applicazione e nella giusta quantit\u00e0 di vernice. Non applicare una grande quantit\u00e0 di lacca per capelli finir\u00e0 prima o ottenere una migliore finitura, ma piuttosto il contrario.<\/em><\/p>\n<p><em>Un singolo prodotto: In questo caso si potrebbe finire l&#8217;intero processo con un unico prodotto. La finitura &#8220;Vintage White Gloss&#8221; con mano dopo l&#8217;altra, fino a quando sigillare il legno e ottenere la lucentezza, sentire e la durezza necessaria. Ma \u00e8 questa spiegazione del processo useremo bianco finitura lucida nitro come sigillante e quindi applicare il colore &#8220;Vintage Bianco Luminosit\u00e0&#8221; per porre fine alla nitro incolore + finitura lucida lucidato.<\/em><\/p>\n<p><em>Scelta di sostegno o di legno della nostra chitarra \u00e8 molto importante in qualsiasi processo di laccatura poro chiuso, selezionare un legno chiaro con piccoli pori, in quanto ci\u00f2 faciliter\u00e0 notevolmente il nostro processo di verniciatura nostra chitarra, risparmiando tempo, denaro e vernici. Oltre ad ottenere un risultato finale.<\/em><\/p>\n<p><em>Preparazione del supporto: La fase pi\u00f9 importante del processo sono le prime mani sigillo \/ ancoraggio della piastra. Se facciamo questa fase correttamente, non ottenere un buon risultato finale.<\/em><\/p>\n<p><em>Quantit\u00e0 di prodotto da applicare in ogni mano: Sempre applicare sempre sottili strati di materiale, per i seguenti motivi.<\/em><\/p>\n<p><em>a) Eviteremo abbassamenti<\/em><br \/>\n<em>b) Eviteremo materiale Bordones sui lati.<\/em><br \/>\n<em>c) si fonderanno meglio strato dopo strato di prodotto.<\/em><br \/>\n<em>d) Eviteremo le rughe e buccia d&#8217;arancia.<\/em><br \/>\n<em>e) migliorare l&#8217;evaporazione dei solventi.<\/em><\/p>\n<p><em>Spray pittura \/ o spruzzo: Possiamo selezionare uno o l&#8217;altro, ma si consiglia l&#8217;applicazione a spruzzo, ogni volta che siamo in grado di scegliere il modulo di domanda.<\/em><\/p>\n<p><em>Attenzione levigatura: Quando levigatura sempre eseguire la Dogfish utilizzare progressivamente meno grano 240-1500 o 2000 (diventando pi\u00f9 sottile). Non dovrebbe mai mettere troppa pressione sulla lacca, come si corre il rischio di far pelati o contrassegnare carta vetrata striscia in eccesso.<\/em><\/p>\n<p><em>Sempre sabbia nella stessa direzione (la venatura del legno). In questo caso si applica un colore chiaro, ma quando abbiamo dipingere i colori scuri, se usiamo carta vetrata inadeguati o mal condotto questo processo, difetti appaiono nelle ultime mani di brillantezza.<\/em><\/p>\n<p><strong><em>Materiale necessario:<\/em><\/strong><\/p>\n<p><em>\u2022 Nitorlak Chitarre &#8220;Vintage&#8221; White Gloss N. prodotto: 220.122 (Bote 0,750cc)<\/em><br \/>\n<em>\u2022 Nitorlak chitarre &#8220;vintage bianco&#8221; Gloss d&#8217;ordine: 260.712 (Bote 0,750cc)<\/em><br \/>\n<em>\u2022 Nitorlak Chitarre &#8220;Vintage&#8221; Gloss d&#8217;ordine: 220075 (Bote 0,750cc)<\/em><br \/>\n<em>\u2022 Evap Valdis universale diluente. Media non prodotto: 540421<\/em><\/p>\n<p><strong><em>Processo di applicazione:<\/em><\/strong><\/p>\n<p><em>Qui, in questo caso humedeceremos legno non gonfiare il beta del piatto, ma lo far\u00e0 in legno carta vetrata con grana 240-400, per mettere a punto la superficie. Una volta liscia e priva di multa segatura, applicare direttamente modalit\u00e0 di sfondo Gloss White Chitarre Nitorlak o sigillante, per la sua buona capacit\u00e0 di riempimento. Applicare mano dopo mano per fermare il supporto completamente sigillato. Possiamo ripetere il processo di applicazione, con un tempo di asciugatura intermedio di 8 ore e carteggiatura morbido tra le mani. Andremo il granello di sabbia 240-800.<\/em><\/p>\n<p><em>Pu\u00f2 abbassare il nitro bianco tra il 5 e il 10% con una media di evaporazione del solvente universale, ci\u00f2 contribuir\u00e0 a una migliore lacca tratto e non crede a buccia d&#8217;arancia. Non applicare il colore, fino a quando abbiamo il supporto totalmente bene in questa prima fase di tenuta.<\/em><\/p>\n<p><em>La fase successiva \u00e8 quella di applicare la prima mano di finitura di colore &#8220;Bianco Vintage&#8221;, applicare un minimo di 2 a 3 mani di colore. Per tagliare strisce di colore sulla chitarra e \u00e8 uniforme, \u00e8 consigliabile diversi cross con la pistola per unificare e distribuire uniformemente l&#8217;applicazione passa. Qui dobbiamo carteggiare con grana 800 e rispettare 8-10 ore di tempo tra le mani di essiccazione.<\/em><\/p>\n<p><em>Infine ci sar\u00e0 impostare la fase di colore nella nostra chitarra e mettere in evidenza la brillantezza finale. Qui si applica la lucentezza nitro finitura trasparente.<\/em><\/p>\n<p><em>Usiamo grinta 1500-2000 ed \u00e8 sempre consigliabile ridurre il 10% di solvente per evitare buccia d&#8217;arancia e ottenere una superficie pi\u00f9 diritta possibile. Per rendere la lucidatura \u00e8 necessario attendere un minimo di 3 a 4 settimane<\/em><\/p>\n<p>&nbsp;<\/p>\n<p>&nbsp;<\/p>\n","protected":false},"excerpt":{"rendered":"<p>&nbsp; Vi spiegheremo in dettaglio come vernice\u00a0nostra chitarra di colore che ci piace. [&hellip;]<\/p>\n","protected":false},"author":1,"featured_media":0,"parent":0,"menu_order":0,"comment_status":"closed","ping_status":"closed","template":"","meta":{"om_disable_all_campaigns":false,"site-sidebar-layout":"default","site-content-layout":"","ast-site-content-layout":"default","site-content-style":"default","site-sidebar-style":"default","ast-global-header-display":"","ast-banner-title-visibility":"","ast-main-header-display":"","ast-hfb-above-header-display":"","ast-hfb-below-header-display":"","ast-hfb-mobile-header-display":"","site-post-title":"","ast-breadcrumbs-content":"","ast-featured-img":"","footer-sml-layout":"","ast-disable-related-posts":"","theme-transparent-header-meta":"","adv-header-id-meta":"","stick-header-meta":"","header-above-stick-meta":"","header-main-stick-meta":"","header-below-stick-meta":"","astra-migrate-meta-layouts":"default","ast-page-background-enabled":"default","ast-page-background-meta":{"desktop":{"background-color":"var(--ast-global-color-4)","background-image":"","background-repeat":"repeat","background-position":"center center","background-size":"auto","background-attachment":"scroll","background-type":"","background-media":"","overlay-type":"","overlay-color":"","overlay-opacity":"","overlay-gradient":""},"tablet":{"background-color":"","background-image":"","background-repeat":"repeat","background-position":"center center","background-size":"auto","background-attachment":"scroll","background-type":"","background-media":"","overlay-type":"","overlay-color":"","overlay-opacity":"","overlay-gradient":""},"mobile":{"background-color":"","background-image":"","background-repeat":"repeat","background-position":"center center","background-size":"auto","background-attachment":"scroll","background-type":"","background-media":"","overlay-type":"","overlay-color":"","overlay-opacity":"","overlay-gradient":""}},"ast-content-background-meta":{"desktop":{"background-color":"var(--ast-global-color-5)","background-image":"","background-repeat":"repeat","background-position":"center center","background-size":"auto","background-attachment":"scroll","background-type":"","background-media":"","overlay-type":"","overlay-color":"","overlay-opacity":"","overlay-gradient":""},"tablet":{"background-color":"var(--ast-global-color-5)","background-image":"","background-repeat":"repeat","background-position":"center center","background-size":"auto","background-attachment":"scroll","background-type":"","background-media":"","overlay-type":"","overlay-color":"","overlay-opacity":"","overlay-gradient":""},"mobile":{"background-color":"var(--ast-global-color-5)","background-image":"","background-repeat":"repeat","background-position":"center center","background-size":"auto","background-attachment":"scroll","background-type":"","background-media":"","overlay-type":"","overlay-color":"","overlay-opacity":"","overlay-gradient":""}},"footnotes":""},"class_list":["post-1667","page","type-page","status-publish","hentry"],"yoast_head":"<!-- This site is optimized with the Yoast SEO plugin v27.3 - https:\/\/yoast.com\/product\/yoast-seo-wordpress\/ -->\n<title>Verniciatura Vintage White nitrocellulosa . | NitorLACK<\/title>\n<meta name=\"description\" content=\"Vintage white nitrocellulosa per chitarra e poliuretano per verniciatura chitarra. Vernice per chitarra vintage di alta qualit\u00e0. vernice spray per chitarra o bomboletta.\" \/>\n<meta name=\"robots\" content=\"index, follow, max-snippet:-1, max-image-preview:large, max-video-preview:-1\" \/>\n<link rel=\"canonical\" href=\"https:\/\/nitorlack.com\/it\/vintage-white-nitrocellulosa\/\" \/>\n<meta property=\"og:locale\" content=\"it_IT\" \/>\n<meta property=\"og:type\" content=\"article\" \/>\n<meta property=\"og:title\" content=\"Verniciatura Vintage White nitrocellulosa . | NitorLACK\" \/>\n<meta property=\"og:description\" content=\"Vintage white nitrocellulosa per chitarra e poliuretano per verniciatura chitarra. Vernice per chitarra vintage di alta qualit\u00e0. vernice spray per chitarra o bomboletta.\" \/>\n<meta property=\"og:url\" content=\"https:\/\/nitorlack.com\/it\/vintage-white-nitrocellulosa\/\" \/>\n<meta property=\"og:site_name\" content=\"Nitorlack\" \/>\n<meta property=\"article:modified_time\" content=\"2016-04-04T07:57:43+00:00\" \/>\n<meta property=\"og:image\" content=\"http:\/\/www.gak.co.uk\/rs\/pictures\/tn2_96063.jpg\" \/>\n<meta name=\"twitter:card\" content=\"summary_large_image\" \/>\n<meta name=\"twitter:label1\" content=\"Tempo di lettura stimato\" \/>\n\t<meta name=\"twitter:data1\" content=\"4 minuti\" \/>\n<script type=\"application\/ld+json\" class=\"yoast-schema-graph\">{\"@context\":\"https:\\\/\\\/schema.org\",\"@graph\":[{\"@type\":\"WebPage\",\"@id\":\"https:\\\/\\\/nitorlack.com\\\/it\\\/vintage-white-nitrocellulosa\\\/\",\"url\":\"https:\\\/\\\/nitorlack.com\\\/it\\\/vintage-white-nitrocellulosa\\\/\",\"name\":\"Verniciatura Vintage White nitrocellulosa . | NitorLACK\",\"isPartOf\":{\"@id\":\"https:\\\/\\\/nitorlack.com\\\/it\\\/#website\"},\"primaryImageOfPage\":{\"@id\":\"https:\\\/\\\/nitorlack.com\\\/it\\\/vintage-white-nitrocellulosa\\\/#primaryimage\"},\"image\":{\"@id\":\"https:\\\/\\\/nitorlack.com\\\/it\\\/vintage-white-nitrocellulosa\\\/#primaryimage\"},\"thumbnailUrl\":\"http:\\\/\\\/www.gak.co.uk\\\/rs\\\/pictures\\\/tn2_96063.jpg\",\"datePublished\":\"2016-03-07T10:37:47+00:00\",\"dateModified\":\"2016-04-04T07:57:43+00:00\",\"description\":\"Vintage white nitrocellulosa per chitarra e poliuretano per verniciatura chitarra. Vernice per chitarra vintage di alta qualit\u00e0. vernice spray per chitarra o bomboletta.\",\"breadcrumb\":{\"@id\":\"https:\\\/\\\/nitorlack.com\\\/it\\\/vintage-white-nitrocellulosa\\\/#breadcrumb\"},\"inLanguage\":\"it-IT\",\"potentialAction\":[{\"@type\":\"ReadAction\",\"target\":[\"https:\\\/\\\/nitorlack.com\\\/it\\\/vintage-white-nitrocellulosa\\\/\"]}]},{\"@type\":\"ImageObject\",\"inLanguage\":\"it-IT\",\"@id\":\"https:\\\/\\\/nitorlack.com\\\/it\\\/vintage-white-nitrocellulosa\\\/#primaryimage\",\"url\":\"http:\\\/\\\/www.gak.co.uk\\\/rs\\\/pictures\\\/tn2_96063.jpg\",\"contentUrl\":\"http:\\\/\\\/www.gak.co.uk\\\/rs\\\/pictures\\\/tn2_96063.jpg\"},{\"@type\":\"BreadcrumbList\",\"@id\":\"https:\\\/\\\/nitorlack.com\\\/it\\\/vintage-white-nitrocellulosa\\\/#breadcrumb\",\"itemListElement\":[{\"@type\":\"ListItem\",\"position\":1,\"name\":\"Copertina\",\"item\":\"https:\\\/\\\/nitorlack.com\\\/it\\\/\"},{\"@type\":\"ListItem\",\"position\":2,\"name\":\"Verniciatura Vintage White nitrocellulosa .\"}]},{\"@type\":\"WebSite\",\"@id\":\"https:\\\/\\\/nitorlack.com\\\/it\\\/#website\",\"url\":\"https:\\\/\\\/nitorlack.com\\\/it\\\/\",\"name\":\"Nitorlack\",\"description\":\"Guitar Lacquers\",\"publisher\":{\"@id\":\"https:\\\/\\\/nitorlack.com\\\/it\\\/#organization\"},\"potentialAction\":[{\"@type\":\"SearchAction\",\"target\":{\"@type\":\"EntryPoint\",\"urlTemplate\":\"https:\\\/\\\/nitorlack.com\\\/it\\\/?s={search_term_string}\"},\"query-input\":{\"@type\":\"PropertyValueSpecification\",\"valueRequired\":true,\"valueName\":\"search_term_string\"}}],\"inLanguage\":\"it-IT\"},{\"@type\":\"Organization\",\"@id\":\"https:\\\/\\\/nitorlack.com\\\/it\\\/#organization\",\"name\":\"Nitorlack\",\"url\":\"https:\\\/\\\/nitorlack.com\\\/it\\\/\",\"logo\":{\"@type\":\"ImageObject\",\"inLanguage\":\"it-IT\",\"@id\":\"https:\\\/\\\/nitorlack.com\\\/it\\\/#\\\/schema\\\/logo\\\/image\\\/\",\"url\":\"http:\\\/\\\/nitorlack.com\\\/wp-content\\\/uploads\\\/2016\\\/02\\\/cropped-galleta-negra-1.jpg\",\"contentUrl\":\"http:\\\/\\\/nitorlack.com\\\/wp-content\\\/uploads\\\/2016\\\/02\\\/cropped-galleta-negra-1.jpg\",\"width\":512,\"height\":512,\"caption\":\"Nitorlack\"},\"image\":{\"@id\":\"https:\\\/\\\/nitorlack.com\\\/it\\\/#\\\/schema\\\/logo\\\/image\\\/\"}}]}<\/script>\n<!-- \/ Yoast SEO plugin. -->","yoast_head_json":{"title":"Verniciatura Vintage White nitrocellulosa . | NitorLACK","description":"Vintage white nitrocellulosa per chitarra e poliuretano per verniciatura chitarra. Vernice per chitarra vintage di alta qualit\u00e0. vernice spray per chitarra o bomboletta.","robots":{"index":"index","follow":"follow","max-snippet":"max-snippet:-1","max-image-preview":"max-image-preview:large","max-video-preview":"max-video-preview:-1"},"canonical":"https:\/\/nitorlack.com\/it\/vintage-white-nitrocellulosa\/","og_locale":"it_IT","og_type":"article","og_title":"Verniciatura Vintage White nitrocellulosa . | NitorLACK","og_description":"Vintage white nitrocellulosa per chitarra e poliuretano per verniciatura chitarra. Vernice per chitarra vintage di alta qualit\u00e0. vernice spray per chitarra o bomboletta.","og_url":"https:\/\/nitorlack.com\/it\/vintage-white-nitrocellulosa\/","og_site_name":"Nitorlack","article_modified_time":"2016-04-04T07:57:43+00:00","og_image":[{"url":"http:\/\/www.gak.co.uk\/rs\/pictures\/tn2_96063.jpg","type":"","width":"","height":""}],"twitter_card":"summary_large_image","twitter_misc":{"Tempo di lettura stimato":"4 minuti"},"schema":{"@context":"https:\/\/schema.org","@graph":[{"@type":"WebPage","@id":"https:\/\/nitorlack.com\/it\/vintage-white-nitrocellulosa\/","url":"https:\/\/nitorlack.com\/it\/vintage-white-nitrocellulosa\/","name":"Verniciatura Vintage White nitrocellulosa . | NitorLACK","isPartOf":{"@id":"https:\/\/nitorlack.com\/it\/#website"},"primaryImageOfPage":{"@id":"https:\/\/nitorlack.com\/it\/vintage-white-nitrocellulosa\/#primaryimage"},"image":{"@id":"https:\/\/nitorlack.com\/it\/vintage-white-nitrocellulosa\/#primaryimage"},"thumbnailUrl":"http:\/\/www.gak.co.uk\/rs\/pictures\/tn2_96063.jpg","datePublished":"2016-03-07T10:37:47+00:00","dateModified":"2016-04-04T07:57:43+00:00","description":"Vintage white nitrocellulosa per chitarra e poliuretano per verniciatura chitarra. Vernice per chitarra vintage di alta qualit\u00e0. vernice spray per chitarra o bomboletta.","breadcrumb":{"@id":"https:\/\/nitorlack.com\/it\/vintage-white-nitrocellulosa\/#breadcrumb"},"inLanguage":"it-IT","potentialAction":[{"@type":"ReadAction","target":["https:\/\/nitorlack.com\/it\/vintage-white-nitrocellulosa\/"]}]},{"@type":"ImageObject","inLanguage":"it-IT","@id":"https:\/\/nitorlack.com\/it\/vintage-white-nitrocellulosa\/#primaryimage","url":"http:\/\/www.gak.co.uk\/rs\/pictures\/tn2_96063.jpg","contentUrl":"http:\/\/www.gak.co.uk\/rs\/pictures\/tn2_96063.jpg"},{"@type":"BreadcrumbList","@id":"https:\/\/nitorlack.com\/it\/vintage-white-nitrocellulosa\/#breadcrumb","itemListElement":[{"@type":"ListItem","position":1,"name":"Copertina","item":"https:\/\/nitorlack.com\/it\/"},{"@type":"ListItem","position":2,"name":"Verniciatura Vintage White nitrocellulosa ."}]},{"@type":"WebSite","@id":"https:\/\/nitorlack.com\/it\/#website","url":"https:\/\/nitorlack.com\/it\/","name":"Nitorlack","description":"Guitar Lacquers","publisher":{"@id":"https:\/\/nitorlack.com\/it\/#organization"},"potentialAction":[{"@type":"SearchAction","target":{"@type":"EntryPoint","urlTemplate":"https:\/\/nitorlack.com\/it\/?s={search_term_string}"},"query-input":{"@type":"PropertyValueSpecification","valueRequired":true,"valueName":"search_term_string"}}],"inLanguage":"it-IT"},{"@type":"Organization","@id":"https:\/\/nitorlack.com\/it\/#organization","name":"Nitorlack","url":"https:\/\/nitorlack.com\/it\/","logo":{"@type":"ImageObject","inLanguage":"it-IT","@id":"https:\/\/nitorlack.com\/it\/#\/schema\/logo\/image\/","url":"http:\/\/nitorlack.com\/wp-content\/uploads\/2016\/02\/cropped-galleta-negra-1.jpg","contentUrl":"http:\/\/nitorlack.com\/wp-content\/uploads\/2016\/02\/cropped-galleta-negra-1.jpg","width":512,"height":512,"caption":"Nitorlack"},"image":{"@id":"https:\/\/nitorlack.com\/it\/#\/schema\/logo\/image\/"}}]}},"_links":{"self":[{"href":"https:\/\/nitorlack.com\/it\/wp-json\/wp\/v2\/pages\/1667","targetHints":{"allow":["GET"]}}],"collection":[{"href":"https:\/\/nitorlack.com\/it\/wp-json\/wp\/v2\/pages"}],"about":[{"href":"https:\/\/nitorlack.com\/it\/wp-json\/wp\/v2\/types\/page"}],"author":[{"embeddable":true,"href":"https:\/\/nitorlack.com\/it\/wp-json\/wp\/v2\/users\/1"}],"replies":[{"embeddable":true,"href":"https:\/\/nitorlack.com\/it\/wp-json\/wp\/v2\/comments?post=1667"}],"version-history":[{"count":0,"href":"https:\/\/nitorlack.com\/it\/wp-json\/wp\/v2\/pages\/1667\/revisions"}],"wp:attachment":[{"href":"https:\/\/nitorlack.com\/it\/wp-json\/wp\/v2\/media?parent=1667"}],"curies":[{"name":"wp","href":"https:\/\/api.w.org\/{rel}","templated":true}]}}