{"id":1609,"date":"2016-03-09T14:07:22","date_gmt":"2016-03-09T14:07:22","guid":{"rendered":"http:\/\/nitorlack.com\/it\/aviso-legal\/"},"modified":"2023-04-17T13:54:21","modified_gmt":"2023-04-17T11:54:21","slug":"legali","status":"publish","type":"page","link":"https:\/\/nitorlack.com\/it\/legali\/","title":{"rendered":"Note legali"},"content":{"rendered":"<p><strong>Avviso legale<\/strong><\/p>\n<p><strong>\u00a0<\/strong><\/p>\n<ol>\n<li><strong>Informazioni legali<\/strong><\/li>\n<\/ol>\n<p>In conformit\u00e0 alle disposizioni dell&#8217;articolo 10 della Legge 34\/2002, dell&#8217;11 luglio, sui Servizi della Societ\u00e0 dell&#8217;Informazione e del Commercio Elettronico (di seguito, LSSI-CE), con la presente informiamo in modo esplicito, preciso e inequivocabile sia gli utenti, destinatari del servizio, sia gli organi competenti, dei seguenti aspetti relativi alla fornitura di servizi della societ\u00e0 dell&#8217;informazione:<\/p>\n<table style=\"height: 303px;\" width=\"1039\">\n<tbody>\n<tr>\n<td width=\"140\">\n<h6>Identit\u00e0 &#8211; Entit\u00e0<\/h6>\n<\/td>\n<td width=\"419\">\n<h6>VALRESA COATINGS, S.A<\/h6>\n<\/td>\n<\/tr>\n<tr>\n<td width=\"140\">\n<h6>CIF\/NIF<\/h6>\n<\/td>\n<td width=\"419\">\n<h6>A46030169<\/h6>\n<\/td>\n<\/tr>\n<tr>\n<td width=\"140\">\n<h6>Indirizzo postale<\/h6>\n<\/td>\n<td width=\"419\">\n<h6>Avda. dels Gremis, s\/n. 46190, Riba-roja del T\u00faria (Valencia) Espa\u00f1a.<\/h6>\n<\/td>\n<\/tr>\n<tr>\n<td width=\"140\">\n<h6>Telefono<\/h6>\n<\/td>\n<td width=\"419\">\n<h6>(+34) 961669560<\/h6>\n<\/td>\n<\/tr>\n<tr>\n<td width=\"140\">\n<h6>Indirizzo e-mail<\/h6>\n<\/td>\n<td width=\"419\">\n<h6>valresa@valresa.com<\/h6>\n<\/td>\n<\/tr>\n<tr>\n<td width=\"140\">\n<h6>Oggetto sociale<\/h6>\n<\/td>\n<td width=\"419\">\n<h6>Produzione e commercializzazione di pitture e vernici<\/h6>\n<\/td>\n<\/tr>\n<tr>\n<td width=\"140\">\n<h6>Sito web<\/h6>\n<\/td>\n<td width=\"419\">\n<h6>https:\/\/nitorlack.com\/<\/h6>\n<\/td>\n<\/tr>\n<tr>\n<td width=\"140\">\n<h6>Dati di registrazione<\/h6>\n<\/td>\n<td width=\"419\">\n<h6>Registro Mercantil de VALENCIA Tomo 3226, Libro 540, Folio 88, Secci\u00f3n 8, Hoja V 7601<\/h6>\n<\/td>\n<\/tr>\n<\/tbody>\n<\/table>\n<ol start=\"2\">\n<li><strong>Condizioni generali di utilizzo<\/strong><\/li>\n<\/ol>\n<p>El acceso a nuestra P\u00e1gina Web \/ Blog (en adelante Sitio Web) es libre y gratuito para todas las personas, sin que para ello sea necesario realizar una suscripci\u00f3n o contrataci\u00f3n previa de alg\u00fan servicio proporcionado por nuestra entidad.<\/p>\n<p>El usuario que utilice o navegue por nuestro sitio web acepta de manera impl\u00edcita las condiciones de uso y dem\u00e1s especificaciones del presente Aviso Legal.<\/p>\n<p>Alertamos a los usuarios que nuestra entidad se reserva el derecho a la modificaci\u00f3n de nuestro Aviso Legal sin previo aviso. Es por ello que recomendamos consultar este texto cada vez que visite nuestra web.<\/p>\n<p>Todas aquellas personas que accedan a nuestro sitio web est\u00e1n obligadas a hacer un uso basado en la buena fe, el respeto a la ley y a las obligaciones contenidas en el presente Aviso Legal. Asimismo, el usuario se compromete a hacer un buen uso de sus claves de acceso, as\u00ed como no introducir contenidos injuriosos o calumniosos en nuestro sitio web. Tampoco bloquear o da\u00f1ar de forma temporal o definitiva las funcionalidades, contenidos o infraestructura de la web que la perjudiquen en su uso.<\/p>\n<p>En caso de incumplimiento total y\/o parcial por parte del usuario de las condiciones de uso o cualquier otra especificaci\u00f3n de este Aviso Legal, nuestra entidad se reserva el derecho de denegar el acceso a nuestro sitio web, sin previo aviso al usuario infractor, as\u00ed como la toma de medidas legales en defensa de nuestros intereses.<\/p>\n<ol start=\"3\">\n<li><strong>Propriet\u00e0 intellettuale<\/strong><\/li>\n<\/ol>\n<p>Il codice sorgente, i disegni grafici, le immagini, le fotografie, i suoni, le animazioni, il software, i testi, cos\u00ec come le informazioni e i contenuti inclusi in questo sito web sono protetti dalla legislazione spagnola sui diritti di propriet\u00e0 intellettuale e industriale a favore della nostra entit\u00e0.<\/p>\n<p>Non \u00e8 consentita la riproduzione e\/o la pubblicazione, totale o parziale, del sito web della nostra entit\u00e0, n\u00e9 il suo trattamento informatico, la distribuzione, la diffusione, la modifica, la trasformazione o la decompilazione, o qualsiasi altro diritto legalmente riconosciuto del proprietario, senza la previa autorizzazione scritta della nostra entit\u00e0.<\/p>\n<p>Non \u00e8 consentita la riproduzione e\/o la pubblicazione, totale o parziale, del logo della nostra entit\u00e0, n\u00e9 il suo trattamento informatico, la distribuzione, la diffusione, la modifica, la trasformazione o la decompilazione, n\u00e9 qualsiasi altro diritto legalmente riconosciuto del suo proprietario, senza la previa autorizzazione scritta della nostra entit\u00e0.<\/p>\n<p>Gli utenti possono utilizzare il materiale che appare su questo sito web solo ed esclusivamente per uso personale e privato, mentre \u00e8 vietato il suo utilizzo per scopi professionali o commerciali o per attivit\u00e0 illegali. Tutti i diritti derivanti dalla propriet\u00e0 intellettuale sono espressamente riservati alla nostra azienda.<\/p>\n<p>La nostra azienda garantir\u00e0 il rispetto delle condizioni di cui sopra e l&#8217;uso corretto dei contenuti presentati sul proprio sito web e del logo rispettivamente, esercitando tutte le azioni civili e penali applicabili in caso di infrazione o violazione di tali diritti da parte dell&#8217;utente.<\/p>\n<ol start=\"4\">\n<li><strong>Utilizzo dei cookie e modifiche al sito web<\/strong><\/li>\n<\/ol>\n<p>Il nostro sito web utilizza cookie e\/o tecnologie simili che memorizzano e recuperano informazioni durante la navigazione. In generale, queste tecnologie possono essere utilizzate per un&#8217;ampia gamma di scopi, come, ad esempio, riconoscere l&#8217;utente, ottenere informazioni sulle sue abitudini di navigazione, inviargli pubblicit\u00e0 o personalizzare il modo in cui vengono visualizzati i contenuti.<\/p>\n<p>Per conoscere i tipi di cookie utilizzati dal nostro sito web, vi invitiamo a consultare la nostra Politica sui cookie.<\/p>\n<p>La nostra entit\u00e0 pu\u00f2 modificare, senza preavviso, le informazioni contenute nel suo sito web, nonch\u00e9 la sua configurazione e presentazione.<\/p>\n<ol start=\"5\">\n<li><strong>Impegni nei confronti dell&#8217;utente<\/strong><\/li>\n<\/ol>\n<p>La nostra azienda si impegna a non utilizzare questo mezzo per realizzare pubblicit\u00e0 ingannevole. A tal fine, pertanto, non saranno considerati pubblicit\u00e0 ingannevole gli errori formali o numerici che si possono riscontrare nei contenuti delle diverse sezioni di questo sito web, prodotti a causa di una manutenzione e\/o di un aggiornamento incompleto o difettoso delle informazioni contenute in tali sezioni. La nostra azienda, in conseguenza di quanto previsto dalla presente sezione, si impegna a correggerla non appena venga a conoscenza di tali errori.<\/p>\n<p>La nostra azienda si impegna a non inviare comunicazioni commerciali senza identificarle come tali e senza il vostro preventivo consenso, in conformit\u00e0 con le disposizioni della Legge 34\/2002 sui servizi della societ\u00e0 dell&#8217;informazione e il commercio elettronico. A tal fine, tutte le informazioni inviate ai nostri clienti non saranno considerate comunicazioni commerciali, a condizione che il loro scopo sia quello di mantenere il rapporto contrattuale esistente tra il cliente e la nostra azienda, nonch\u00e9 l&#8217;esecuzione dei compiti di informazione e di altre attivit\u00e0 del servizio che il cliente ha contratto con l&#8217;azienda.<\/p>\n<ol start=\"6\">\n<li><strong>Impegno per la protezione dei dati personali<\/strong><\/li>\n<\/ol>\n<p>Il nostro ente si impegna a trattare qualsiasi dato personale nel rigoroso rispetto delle disposizioni del Regolamento generale sulla protezione dei dati personali (RGPD 2016\/679) e della Legge organica 3\/2018, del 5 dicembre, sulla protezione dei dati personali e le garanzie dei diritti digitali (LOPDPGDD). Per maggiori informazioni, invitiamo tutti gli utenti a consultare la nostra Informativa sulla privacy.<\/p>\n<ol start=\"7\">\n<li><strong>Non conformit\u00e0 e responsabilit\u00e0<\/strong><\/li>\n<\/ol>\n<p>Il nostro ente non \u00e8 responsabile dell&#8217;inosservanza di qualsiasi norma applicabile in cui l&#8217;utente possa incorrere nell&#8217;accesso a questo sito web e\/o nell&#8217;uso delle informazioni in esso contenute.<\/p>\n<p>&nbsp;<\/p>\n<p>La nostra azienda non \u00e8 responsabile per i danni causati o che potrebbero essere causati, qualunque sia la loro natura, dall&#8217;uso delle informazioni, dei materiali contenuti in questo sito web e dei programmi in esso incorporati. I link e gli ipertesti che consentono all&#8217;utente, attraverso il sito web, di accedere a funzionalit\u00e0 e servizi offerti da terzi, non appartengono e non sono sotto il controllo della nostra azienda, per cui non siamo responsabili delle informazioni in essi contenute o di eventuali effetti che possono derivare da tali informazioni.<\/p>\n<ol start=\"8\">\n<li><strong>Legge applicabile e giurisdizione<\/strong><\/li>\n<\/ol>\n<p>Per tutte le questioni legali o relative ai siti web che dipendono dalla nostra entit\u00e0, si applicher\u00e0 la legislazione spagnola e le Corti e i Tribunali saranno competenti per la risoluzione di tutti i conflitti derivanti o correlati all&#8217;uso di questo sito web, in base alla competenza territoriale che corrisponde al fornitore di servizi della societ\u00e0 dell&#8217;informazione.<\/p>\n<p>Aggiornato l&#8217;8 febbraio 2023<\/p>\n","protected":false},"excerpt":{"rendered":"<p>Avviso legale \u00a0 Informazioni legali In conformit\u00e0 alle disposizioni dell&#8217;articolo 10 della Legge [&hellip;]<\/p>\n","protected":false},"author":1,"featured_media":0,"parent":0,"menu_order":0,"comment_status":"closed","ping_status":"closed","template":"","meta":{"om_disable_all_campaigns":false,"site-sidebar-layout":"default","site-content-layout":"default","ast-site-content-layout":"default","site-content-style":"default","site-sidebar-style":"default","ast-global-header-display":"","ast-banner-title-visibility":"","ast-main-header-display":"","ast-hfb-above-header-display":"","ast-hfb-below-header-display":"","ast-hfb-mobile-header-display":"","site-post-title":"","ast-breadcrumbs-content":"","ast-featured-img":"","footer-sml-layout":"","ast-disable-related-posts":"","theme-transparent-header-meta":"default","adv-header-id-meta":"","stick-header-meta":"default","header-above-stick-meta":"","header-main-stick-meta":"","header-below-stick-meta":"","astra-migrate-meta-layouts":"default","ast-page-background-enabled":"default","ast-page-background-meta":{"desktop":{"background-color":"var(--ast-global-color-4)","background-image":"","background-repeat":"repeat","background-position":"center center","background-size":"auto","background-attachment":"scroll","background-type":"","background-media":"","overlay-type":"","overlay-color":"","overlay-opacity":"","overlay-gradient":""},"tablet":{"background-color":"","background-image":"","background-repeat":"repeat","background-position":"center center","background-size":"auto","background-attachment":"scroll","background-type":"","background-media":"","overlay-type":"","overlay-color":"","overlay-opacity":"","overlay-gradient":""},"mobile":{"background-color":"","background-image":"","background-repeat":"repeat","background-position":"center center","background-size":"auto","background-attachment":"scroll","background-type":"","background-media":"","overlay-type":"","overlay-color":"","overlay-opacity":"","overlay-gradient":""}},"ast-content-background-meta":{"desktop":{"background-color":"var(--ast-global-color-5)","background-image":"","background-repeat":"repeat","background-position":"center center","background-size":"auto","background-attachment":"scroll","background-type":"","background-media":"","overlay-type":"","overlay-color":"","overlay-opacity":"","overlay-gradient":""},"tablet":{"background-color":"var(--ast-global-color-5)","background-image":"","background-repeat":"repeat","background-position":"center center","background-size":"auto","background-attachment":"scroll","background-type":"","background-media":"","overlay-type":"","overlay-color":"","overlay-opacity":"","overlay-gradient":""},"mobile":{"background-color":"var(--ast-global-color-5)","background-image":"","background-repeat":"repeat","background-position":"center center","background-size":"auto","background-attachment":"scroll","background-type":"","background-media":"","overlay-type":"","overlay-color":"","overlay-opacity":"","overlay-gradient":""}},"footnotes":""},"class_list":["post-1609","page","type-page","status-publish","hentry"],"yoast_head":"<!-- This site is optimized with the Yoast SEO plugin v27.3 - https:\/\/yoast.com\/product\/yoast-seo-wordpress\/ -->\n<title>Note legali | NitorLACK<\/title>\n<meta name=\"description\" content=\"NitorLACK\" \/>\n<meta name=\"robots\" content=\"noindex, nofollow\" \/>\n<meta property=\"og:locale\" content=\"it_IT\" \/>\n<meta property=\"og:type\" content=\"article\" \/>\n<meta property=\"og:title\" content=\"Note legali | NitorLACK\" \/>\n<meta property=\"og:description\" content=\"NitorLACK\" \/>\n<meta property=\"og:url\" content=\"https:\/\/nitorlack.com\/it\/legali\/\" \/>\n<meta property=\"og:site_name\" content=\"Nitorlack\" \/>\n<meta property=\"article:modified_time\" content=\"2023-04-17T11:54:21+00:00\" \/>\n<meta name=\"twitter:card\" content=\"summary_large_image\" \/>\n<meta name=\"twitter:label1\" content=\"Tempo di lettura stimato\" \/>\n\t<meta name=\"twitter:data1\" content=\"6 minuti\" \/>\n<script type=\"application\/ld+json\" class=\"yoast-schema-graph\">{\"@context\":\"https:\\\/\\\/schema.org\",\"@graph\":[{\"@type\":\"WebPage\",\"@id\":\"https:\\\/\\\/nitorlack.com\\\/it\\\/legali\\\/\",\"url\":\"https:\\\/\\\/nitorlack.com\\\/it\\\/legali\\\/\",\"name\":\"Note legali | NitorLACK\",\"isPartOf\":{\"@id\":\"https:\\\/\\\/nitorlack.com\\\/it\\\/#website\"},\"datePublished\":\"2016-03-09T14:07:22+00:00\",\"dateModified\":\"2023-04-17T11:54:21+00:00\",\"description\":\"NitorLACK\",\"breadcrumb\":{\"@id\":\"https:\\\/\\\/nitorlack.com\\\/it\\\/legali\\\/#breadcrumb\"},\"inLanguage\":\"it-IT\",\"potentialAction\":[{\"@type\":\"ReadAction\",\"target\":[\"https:\\\/\\\/nitorlack.com\\\/it\\\/legali\\\/\"]}]},{\"@type\":\"BreadcrumbList\",\"@id\":\"https:\\\/\\\/nitorlack.com\\\/it\\\/legali\\\/#breadcrumb\",\"itemListElement\":[{\"@type\":\"ListItem\",\"position\":1,\"name\":\"Copertina\",\"item\":\"https:\\\/\\\/nitorlack.com\\\/it\\\/\"},{\"@type\":\"ListItem\",\"position\":2,\"name\":\"Note legali\"}]},{\"@type\":\"WebSite\",\"@id\":\"https:\\\/\\\/nitorlack.com\\\/it\\\/#website\",\"url\":\"https:\\\/\\\/nitorlack.com\\\/it\\\/\",\"name\":\"Nitorlack\",\"description\":\"Guitar Lacquers\",\"publisher\":{\"@id\":\"https:\\\/\\\/nitorlack.com\\\/it\\\/#organization\"},\"potentialAction\":[{\"@type\":\"SearchAction\",\"target\":{\"@type\":\"EntryPoint\",\"urlTemplate\":\"https:\\\/\\\/nitorlack.com\\\/it\\\/?s={search_term_string}\"},\"query-input\":{\"@type\":\"PropertyValueSpecification\",\"valueRequired\":true,\"valueName\":\"search_term_string\"}}],\"inLanguage\":\"it-IT\"},{\"@type\":\"Organization\",\"@id\":\"https:\\\/\\\/nitorlack.com\\\/it\\\/#organization\",\"name\":\"Nitorlack\",\"url\":\"https:\\\/\\\/nitorlack.com\\\/it\\\/\",\"logo\":{\"@type\":\"ImageObject\",\"inLanguage\":\"it-IT\",\"@id\":\"https:\\\/\\\/nitorlack.com\\\/it\\\/#\\\/schema\\\/logo\\\/image\\\/\",\"url\":\"http:\\\/\\\/nitorlack.com\\\/wp-content\\\/uploads\\\/2016\\\/02\\\/cropped-galleta-negra-1.jpg\",\"contentUrl\":\"http:\\\/\\\/nitorlack.com\\\/wp-content\\\/uploads\\\/2016\\\/02\\\/cropped-galleta-negra-1.jpg\",\"width\":512,\"height\":512,\"caption\":\"Nitorlack\"},\"image\":{\"@id\":\"https:\\\/\\\/nitorlack.com\\\/it\\\/#\\\/schema\\\/logo\\\/image\\\/\"}}]}<\/script>\n<!-- \/ Yoast SEO plugin. -->","yoast_head_json":{"title":"Note legali | NitorLACK","description":"NitorLACK","robots":{"index":"noindex","follow":"nofollow"},"og_locale":"it_IT","og_type":"article","og_title":"Note legali | NitorLACK","og_description":"NitorLACK","og_url":"https:\/\/nitorlack.com\/it\/legali\/","og_site_name":"Nitorlack","article_modified_time":"2023-04-17T11:54:21+00:00","twitter_card":"summary_large_image","twitter_misc":{"Tempo di lettura stimato":"6 minuti"},"schema":{"@context":"https:\/\/schema.org","@graph":[{"@type":"WebPage","@id":"https:\/\/nitorlack.com\/it\/legali\/","url":"https:\/\/nitorlack.com\/it\/legali\/","name":"Note legali | NitorLACK","isPartOf":{"@id":"https:\/\/nitorlack.com\/it\/#website"},"datePublished":"2016-03-09T14:07:22+00:00","dateModified":"2023-04-17T11:54:21+00:00","description":"NitorLACK","breadcrumb":{"@id":"https:\/\/nitorlack.com\/it\/legali\/#breadcrumb"},"inLanguage":"it-IT","potentialAction":[{"@type":"ReadAction","target":["https:\/\/nitorlack.com\/it\/legali\/"]}]},{"@type":"BreadcrumbList","@id":"https:\/\/nitorlack.com\/it\/legali\/#breadcrumb","itemListElement":[{"@type":"ListItem","position":1,"name":"Copertina","item":"https:\/\/nitorlack.com\/it\/"},{"@type":"ListItem","position":2,"name":"Note legali"}]},{"@type":"WebSite","@id":"https:\/\/nitorlack.com\/it\/#website","url":"https:\/\/nitorlack.com\/it\/","name":"Nitorlack","description":"Guitar Lacquers","publisher":{"@id":"https:\/\/nitorlack.com\/it\/#organization"},"potentialAction":[{"@type":"SearchAction","target":{"@type":"EntryPoint","urlTemplate":"https:\/\/nitorlack.com\/it\/?s={search_term_string}"},"query-input":{"@type":"PropertyValueSpecification","valueRequired":true,"valueName":"search_term_string"}}],"inLanguage":"it-IT"},{"@type":"Organization","@id":"https:\/\/nitorlack.com\/it\/#organization","name":"Nitorlack","url":"https:\/\/nitorlack.com\/it\/","logo":{"@type":"ImageObject","inLanguage":"it-IT","@id":"https:\/\/nitorlack.com\/it\/#\/schema\/logo\/image\/","url":"http:\/\/nitorlack.com\/wp-content\/uploads\/2016\/02\/cropped-galleta-negra-1.jpg","contentUrl":"http:\/\/nitorlack.com\/wp-content\/uploads\/2016\/02\/cropped-galleta-negra-1.jpg","width":512,"height":512,"caption":"Nitorlack"},"image":{"@id":"https:\/\/nitorlack.com\/it\/#\/schema\/logo\/image\/"}}]}},"_links":{"self":[{"href":"https:\/\/nitorlack.com\/it\/wp-json\/wp\/v2\/pages\/1609","targetHints":{"allow":["GET"]}}],"collection":[{"href":"https:\/\/nitorlack.com\/it\/wp-json\/wp\/v2\/pages"}],"about":[{"href":"https:\/\/nitorlack.com\/it\/wp-json\/wp\/v2\/types\/page"}],"author":[{"embeddable":true,"href":"https:\/\/nitorlack.com\/it\/wp-json\/wp\/v2\/users\/1"}],"replies":[{"embeddable":true,"href":"https:\/\/nitorlack.com\/it\/wp-json\/wp\/v2\/comments?post=1609"}],"version-history":[{"count":0,"href":"https:\/\/nitorlack.com\/it\/wp-json\/wp\/v2\/pages\/1609\/revisions"}],"wp:attachment":[{"href":"https:\/\/nitorlack.com\/it\/wp-json\/wp\/v2\/media?parent=1609"}],"curies":[{"name":"wp","href":"https:\/\/api.w.org\/{rel}","templated":true}]}}