{"id":9288,"date":"2016-03-30T12:19:09","date_gmt":"2016-03-30T10:19:09","guid":{"rendered":"http:\/\/nitorlack.com\/barniz\/sin%20categorizar\/grain-acqua-fillers\/"},"modified":"2026-04-08T23:33:49","modified_gmt":"2026-04-08T21:33:49","slug":"grain-acqua-fillers","status":"publish","type":"product","link":"https:\/\/nitorlack.com\/fr\/barniz\/accessories\/grain-fillers-fr-2\/grain-acqua-fillers\/","title":{"rendered":"GRAIN ACQUA FILLERS"},"content":{"rendered":"<div class=\"wpb-content-wrapper\"><p>[vc_row][vc_column][vc_column_text]<\/p>\n<h1 style=\"text-align: center;\">Remplit facilement les pores du bois avec le mastic Nitorlack Grain<\/h1>\n<p>[\/vc_column_text][\/vc_column][\/vc_row][vc_row][vc_column][vc_video link=\u00a0\u00bbhttps:\/\/youtu.be\/l_AtSQL2b2Y?si=zxcgh2xBiJzFH1VS\u00a0\u00bb el_width=\u00a0\u00bb70&Prime; align=\u00a0\u00bbcenter\u00a0\u00bb css=\u00a0\u00bb\u00a0\u00bb][\/vc_column][\/vc_row][vc_row][vc_column][vc_video link=\u00a0\u00bbhttps:\/\/www.youtube.com\/watch?v=C3I7ZTgyLwA&amp;feature=youtu.be\u00a0\u00bb el_width=\u00a0\u00bb70&Prime; align=\u00a0\u00bbcenter\u00a0\u00bb][\/vc_column][\/vc_row][vc_row][vc_column][vc_column_text]<\/p>\n<h2>Colmater les pores du bois : la premi\u00e8re \u00e9tape d&rsquo;une finition laqu\u00e9e impeccable<\/h2>\n<p class=\"line-height-150 cke-line-height\">Le bouche-trou Nitorlack est un produit destin\u00e9 \u00e0 remplir les pores du bois et \u00e0 pr\u00e9parer la surface au processus de vernissage, afin qu&rsquo;elle soit la plus professionnelle possible.<\/p>\n<p class=\"line-height-150 cke-line-height\">Le produit est compatible avec nos teintures \u00e0 base d&rsquo;eau pour vous donner le ton que vous souhaitez.<\/p>\n<p class=\"line-height-150 cke-line-height\">Vous pouvez ajuster la densit\u00e9 avec de l&rsquo;eau, il est facile \u00e0 appliquer, s\u00e8che rapidement, ne se fissure pas et a un bon pon\u00e7age.<\/p>\n<p class=\"line-height-150 cke-line-height\">Il est particuli\u00e8rement adapt\u00e9 aux bois \u00e0 pores ouverts et de grande taille tels que l&rsquo;acajou, le fr\u00eane ou le palissandre.<\/p>\n<h3>Ce produit est le meilleur choix pour remplir et \u00e9galiser les pores du bois avant le vernissage<\/h3>\n<ul>\n<li>Tout ce dont vous avez besoin pour une finition professionnelle.<\/li>\n<li>Remplit les pores du bois sans s&rsquo;affaisser, r\u00e9tr\u00e9cir ou se fissurer.<\/li>\n<li>Compatible avec toutes les finitions<\/li>\n<li>Compatible avec toutes les teintures, appr\u00eats et couches de finition.<\/li>\n<li>Couleurs d\u00e9velopp\u00e9es sp\u00e9cialement pour les instruments.<\/li>\n<li>Neutre est parfait pour les teintures personnalis\u00e9es avec des colorants et des pigments.<\/li>\n<li>Facile \u00e0 appliquer, s\u00e8che rapidement et se ponce facilement.<\/li>\n<li>Non-toxique, sans solvant et ininflammable.<\/li>\n<li>Pr\u00eat \u00e0 \u00eatre m\u00e9lang\u00e9 avec de l&rsquo;eau (un rapport de 1:2 entre l&rsquo;eau et le produit de remplissage fonctionne pour nous). Appliquer sur le bois, gratter ou<\/li>\n<li>Grattez l&rsquo;exc\u00e9dent, laissez s\u00e9cher, poncez la surface \u00e0 niveau et essuyez avec un chiffon humide. C&rsquo;est facile ! Vous \u00eates maintenant pr\u00eat \u00e0 pulv\u00e9riser une finition lisse, impeccable et professionnelle.<\/li>\n<\/ul>\n<p>Pas besoin de s&rsquo;inqui\u00e9ter de la dur\u00e9e de conservation : stock\u00e9e au sec, la recharge durera ind\u00e9finiment.<\/p>\n<p>Paquet de 250 ml<\/p>\n<p><em><strong>PR\u00c9PARATION<\/strong><\/em><\/p>\n<p>Mettez le scellant \u00e0 base d&rsquo;eau dans un bol avec environ 10 % d&rsquo;eau chaude. M\u00e9langez le tout jusqu&rsquo;\u00e0 ce qu&rsquo;il soit exempt de grumeaux et ait une consistance ad\u00e9quate pour l&rsquo;application.<\/p>\n<p><img loading=\"lazy\" decoding=\"async\" class=\"alignleft wp-image-48100 \" src=\"http:\/\/nitorlack.com\/wp-content\/uploads\/2016\/03\/5035-1-150x108.jpg\" alt=\"como aplicar tapaporos\" width=\"181\" height=\"130\" srcset=\"https:\/\/nitorlack.com\/wp-content\/uploads\/2016\/03\/5035-1-150x108.jpg 150w, https:\/\/nitorlack.com\/wp-content\/uploads\/2016\/03\/5035-1-160x116.jpg 160w, https:\/\/nitorlack.com\/wp-content\/uploads\/2016\/03\/5035-1.jpg 180w\" sizes=\"auto, (max-width: 181px) 100vw, 181px\" \/><\/p>\n<p>&nbsp;<\/p>\n<p>&nbsp;<\/p>\n<p>&nbsp;<\/p>\n<p><em><strong>APPLICATION<\/strong><\/em><\/p>\n<p>1. pr\u00e9parez la surface en la pon\u00e7ant avec du papier de verre de 400 grains et \u00e9liminez les solvants ou huiles restants.<\/p>\n<p><img loading=\"lazy\" decoding=\"async\" class=\"alignleft wp-image-48096 \" src=\"http:\/\/nitorlack.com\/wp-content\/uploads\/2016\/03\/5035-2-150x100.jpg\" alt=\"tapaporos al agua para madera\" width=\"182\" height=\"121\" srcset=\"https:\/\/nitorlack.com\/wp-content\/uploads\/2016\/03\/5035-2-150x100.jpg 150w, https:\/\/nitorlack.com\/wp-content\/uploads\/2016\/03\/5035-2-160x107.jpg 160w, https:\/\/nitorlack.com\/wp-content\/uploads\/2016\/03\/5035-2.jpg 180w\" sizes=\"auto, (max-width: 182px) 100vw, 182px\" \/><\/p>\n<p>&nbsp;<\/p>\n<p>&nbsp;<\/p>\n<p>&nbsp;<\/p>\n<p>2. Appliquez le mastic dans le sens du grain, puis contre le grain. Laissez s\u00e9cher pendant 10 minutes<\/p>\n<p><img loading=\"lazy\" decoding=\"async\" class=\"alignleft wp-image-48092 \" src=\"http:\/\/nitorlack.com\/wp-content\/uploads\/2016\/03\/5035-3-150x108.jpg\" alt=\"como aplicar el tapaporos \" width=\"186\" height=\"134\" srcset=\"https:\/\/nitorlack.com\/wp-content\/uploads\/2016\/03\/5035-3-150x108.jpg 150w, https:\/\/nitorlack.com\/wp-content\/uploads\/2016\/03\/5035-3-160x116.jpg 160w, https:\/\/nitorlack.com\/wp-content\/uploads\/2016\/03\/5035-3.jpg 180w\" sizes=\"auto, (max-width: 186px) 100vw, 186px\" \/><\/p>\n<p>&nbsp;<\/p>\n<p>&nbsp;<\/p>\n<p>&nbsp;<\/p>\n<p>3. Utilisez une spatule \u00e0 un angle de 45 degr\u00e9s pour enlever l&rsquo;exc\u00e8s de produit.<\/p>\n<p><img loading=\"lazy\" decoding=\"async\" class=\"alignleft wp-image-48088 \" src=\"http:\/\/nitorlack.com\/wp-content\/uploads\/2016\/03\/5035-4-150x108.jpg\" alt=\"aplicaci\u00f3n del tapaporos antes de barnizar\" width=\"186\" height=\"134\" srcset=\"https:\/\/nitorlack.com\/wp-content\/uploads\/2016\/03\/5035-4-150x108.jpg 150w, https:\/\/nitorlack.com\/wp-content\/uploads\/2016\/03\/5035-4-160x116.jpg 160w, https:\/\/nitorlack.com\/wp-content\/uploads\/2016\/03\/5035-4.jpg 180w\" sizes=\"auto, (max-width: 186px) 100vw, 186px\" \/><\/p>\n<p>&nbsp;<\/p>\n<p>&nbsp;<\/p>\n<p>&nbsp;<\/p>\n<p>4.\u00a0Apr\u00e8s s\u00e9chage, essuyez les r\u00e9sidus restants avec un chiffon propre et sec.<\/p>\n<p><img loading=\"lazy\" decoding=\"async\" class=\"alignleft wp-image-48084 \" src=\"http:\/\/nitorlack.com\/wp-content\/uploads\/2016\/03\/5035-5-150x108.jpg\" alt=\"aplicaci\u00f3n del producto\" width=\"186\" height=\"134\" srcset=\"https:\/\/nitorlack.com\/wp-content\/uploads\/2016\/03\/5035-5-150x108.jpg 150w, https:\/\/nitorlack.com\/wp-content\/uploads\/2016\/03\/5035-5-160x116.jpg 160w, https:\/\/nitorlack.com\/wp-content\/uploads\/2016\/03\/5035-5.jpg 180w\" sizes=\"auto, (max-width: 186px) 100vw, 186px\" \/><\/p>\n<p>&nbsp;<\/p>\n<p>&nbsp;<\/p>\n<p>&nbsp;<\/p>\n<p>5.\u00a0Poncez la surface avec du papier de verre de 400 grains.<\/p>\n<p><img loading=\"lazy\" decoding=\"async\" class=\"alignleft wp-image-48104 \" src=\"http:\/\/nitorlack.com\/wp-content\/uploads\/2016\/03\/5035-6-150x108.jpg\" alt=\"lijar despu\u00e9s de aplicar el tapaporos\" width=\"185\" height=\"133\" srcset=\"https:\/\/nitorlack.com\/wp-content\/uploads\/2016\/03\/5035-6-150x108.jpg 150w, https:\/\/nitorlack.com\/wp-content\/uploads\/2016\/03\/5035-6-160x116.jpg 160w, https:\/\/nitorlack.com\/wp-content\/uploads\/2016\/03\/5035-6.jpg 180w\" sizes=\"auto, (max-width: 185px) 100vw, 185px\" \/><\/p>\n<p>&nbsp;<\/p>\n<p>&nbsp;<\/p>\n<p>&nbsp;<\/p>\n<p><em><strong>NOTES<\/strong><\/em><\/p>\n<ul class=\"flush\">\n<li>Si une application ult\u00e9rieure de l&rsquo;enduit est n\u00e9cessaire, laissez s\u00e9cher pendant 30 minutes.<\/li>\n<li>La couleur du produit peut \u00eatre teint\u00e9e avec nos teintures \u00e0 base d&rsquo;eau.<\/li>\n<li>Attendre 24 heures avant d&rsquo;appliquer tout autre rev\u00eatement de finition.<\/li>\n<li>Non-toxique.<\/li>\n<\/ul>\n<p>Avec la garantie de <a href=\"https:\/\/valresa.com\/\">Valresa Coatings S.A.<\/a><\/p>\n<p>Voici un lien vers<a href=\"https:\/\/nitorlack.com\/fr\/blog\/processus-grain-filler\/\"> un article de notre blog<\/a> o\u00f9 vous pouvez voir comment fermer correctement les pores du bois.[\/vc_column_text][\/vc_column][\/vc_row]<\/p>\n<\/div>","protected":false},"excerpt":{"rendered":"<p>NATURAL &#8211; NOIR- MAHOGANY- ROSEWOOD<\/p>\n<p>Produit destin\u00e9 \u00e0 remplir pour le bois et pr\u00e9parer la surface pour les couches de finition ult\u00e9rieures.<\/p>\n","protected":false},"featured_media":72060,"comment_status":"open","ping_status":"closed","template":"","meta":{"om_disable_all_campaigns":false,"site-sidebar-layout":"no-sidebar","site-content-layout":"plain-container","ast-site-content-layout":"normal-width-container","site-content-style":"unboxed","site-sidebar-style":"unboxed","ast-global-header-display":"","ast-banner-title-visibility":"","ast-main-header-display":"","ast-hfb-above-header-display":"","ast-hfb-below-header-display":"","ast-hfb-mobile-header-display":"","site-post-title":"disabled","ast-breadcrumbs-content":"","ast-featured-img":"disabled","footer-sml-layout":"","ast-disable-related-posts":"","theme-transparent-header-meta":"default","adv-header-id-meta":"","stick-header-meta":"default","header-above-stick-meta":"","header-main-stick-meta":"","header-below-stick-meta":"","astra-migrate-meta-layouts":"set","ast-page-background-enabled":"default","ast-page-background-meta":{"desktop":{"background-color":"var(--ast-global-color-4)","background-image":"","background-repeat":"repeat","background-position":"center center","background-size":"auto","background-attachment":"scroll","background-type":"","background-media":"","overlay-type":"","overlay-color":"","overlay-opacity":"","overlay-gradient":""},"tablet":{"background-color":"","background-image":"","background-repeat":"repeat","background-position":"center center","background-size":"auto","background-attachment":"scroll","background-type":"","background-media":"","overlay-type":"","overlay-color":"","overlay-opacity":"","overlay-gradient":""},"mobile":{"background-color":"","background-image":"","background-repeat":"repeat","background-position":"center center","background-size":"auto","background-attachment":"scroll","background-type":"","background-media":"","overlay-type":"","overlay-color":"","overlay-opacity":"","overlay-gradient":""}},"ast-content-background-meta":{"desktop":{"background-color":"var(--ast-global-color-5)","background-image":"","background-repeat":"repeat","background-position":"center center","background-size":"auto","background-attachment":"scroll","background-type":"","background-media":"","overlay-type":"","overlay-color":"","overlay-opacity":"","overlay-gradient":""},"tablet":{"background-color":"var(--ast-global-color-5)","background-image":"","background-repeat":"repeat","background-position":"center center","background-size":"auto","background-attachment":"scroll","background-type":"","background-media":"","overlay-type":"","overlay-color":"","overlay-opacity":"","overlay-gradient":""},"mobile":{"background-color":"var(--ast-global-color-5)","background-image":"","background-repeat":"repeat","background-position":"center center","background-size":"auto","background-attachment":"scroll","background-type":"","background-media":"","overlay-type":"","overlay-color":"","overlay-opacity":"","overlay-gradient":""}}},"product_brand":[],"product_cat":[85,335],"product_tag":[],"class_list":{"0":"post-9288","1":"product","2":"type-product","3":"status-publish","4":"has-post-thumbnail","6":"product_cat-accessories","7":"product_cat-grain-fillers-fr-2","8":"desktop-align-center","9":"tablet-align-center","10":"mobile-align-center","11":"ast-product-gallery-layout-horizontal-slider","12":"ast-product-single-variable","13":"ast-product-tabs-layout-horizontal","15":"first","16":"instock","17":"taxable","18":"shipping-taxable","19":"purchasable","20":"product-type-variable"},"bundled_by":[],"bundle_stock_status":"instock","bundle_stock_quantity":5000,"bundle_virtual":false,"bundle_layout":"","bundle_add_to_cart_form_location":"","bundle_editable_in_cart":false,"bundle_sold_individually_context":"","bundle_item_grouping":"","bundle_min_size":"","bundle_max_size":"","bundle_price":[],"bundled_items":[],"bundle_sell_ids":[],"yoast_head":"<!-- This site is optimized with the Yoast SEO plugin v27.3 - https:\/\/yoast.com\/product\/yoast-seo-wordpress\/ -->\n<title>Couvre-pores de guitare - NITORLACK<\/title>\n<meta name=\"description\" content=\"Couvrez les pores du bois de votre guitare, afin que la surface soit pr\u00eate \u00e0 commencer le processus de vernissage.\" \/>\n<meta name=\"robots\" content=\"index, follow, max-snippet:-1, max-image-preview:large, max-video-preview:-1\" \/>\n<link rel=\"canonical\" href=\"https:\/\/nitorlack.com\/fr\/barniz\/accessories\/grain-fillers-fr-2\/grain-acqua-fillers\/\" \/>\n<meta property=\"og:locale\" content=\"fr_FR\" \/>\n<meta property=\"og:type\" content=\"article\" \/>\n<meta property=\"og:title\" content=\"Couvre-pores de guitare - NITORLACK\" \/>\n<meta property=\"og:description\" content=\"Couvrez les pores du bois de votre guitare, afin que la surface soit pr\u00eate \u00e0 commencer le processus de vernissage.\" \/>\n<meta property=\"og:url\" content=\"https:\/\/nitorlack.com\/fr\/barniz\/accessories\/grain-fillers-fr-2\/grain-acqua-fillers\/\" \/>\n<meta property=\"og:site_name\" content=\"Nitorlack\" \/>\n<meta property=\"article:modified_time\" content=\"2026-04-08T21:33:49+00:00\" \/>\n<meta property=\"og:image\" content=\"https:\/\/nitorlack.com\/wp-content\/uploads\/2024\/05\/BOTE-1.jpg\" \/>\n\t<meta property=\"og:image:width\" content=\"1200\" \/>\n\t<meta property=\"og:image:height\" content=\"1200\" \/>\n\t<meta property=\"og:image:type\" content=\"image\/jpeg\" \/>\n<meta name=\"twitter:card\" content=\"summary_large_image\" \/>\n<meta name=\"twitter:label1\" content=\"Dur\u00e9e de lecture estim\u00e9e\" \/>\n\t<meta name=\"twitter:data1\" content=\"3 minutes\" \/>\n<script type=\"application\/ld+json\" class=\"yoast-schema-graph\">{\"@context\":\"https:\\\/\\\/schema.org\",\"@graph\":[{\"@type\":\"WebPage\",\"@id\":\"https:\\\/\\\/nitorlack.com\\\/fr\\\/barniz\\\/accessories\\\/grain-fillers-fr-2\\\/grain-acqua-fillers\\\/\",\"url\":\"https:\\\/\\\/nitorlack.com\\\/fr\\\/barniz\\\/accessories\\\/grain-fillers-fr-2\\\/grain-acqua-fillers\\\/\",\"name\":\"Couvre-pores de guitare - NITORLACK\",\"isPartOf\":{\"@id\":\"https:\\\/\\\/nitorlack.com\\\/fr\\\/#website\"},\"primaryImageOfPage\":{\"@id\":\"https:\\\/\\\/nitorlack.com\\\/fr\\\/barniz\\\/accessories\\\/grain-fillers-fr-2\\\/grain-acqua-fillers\\\/#primaryimage\"},\"image\":{\"@id\":\"https:\\\/\\\/nitorlack.com\\\/fr\\\/barniz\\\/accessories\\\/grain-fillers-fr-2\\\/grain-acqua-fillers\\\/#primaryimage\"},\"thumbnailUrl\":\"https:\\\/\\\/nitorlack.com\\\/wp-content\\\/uploads\\\/2024\\\/05\\\/BOTE-1.jpg\",\"datePublished\":\"2016-03-30T10:19:09+00:00\",\"dateModified\":\"2026-04-08T21:33:49+00:00\",\"description\":\"Couvrez les pores du bois de votre guitare, afin que la surface soit pr\u00eate \u00e0 commencer le processus de vernissage.\",\"breadcrumb\":{\"@id\":\"https:\\\/\\\/nitorlack.com\\\/fr\\\/barniz\\\/accessories\\\/grain-fillers-fr-2\\\/grain-acqua-fillers\\\/#breadcrumb\"},\"inLanguage\":\"fr-FR\",\"potentialAction\":[{\"@type\":\"ReadAction\",\"target\":[\"https:\\\/\\\/nitorlack.com\\\/fr\\\/barniz\\\/accessories\\\/grain-fillers-fr-2\\\/grain-acqua-fillers\\\/\"]}]},{\"@type\":\"ImageObject\",\"inLanguage\":\"fr-FR\",\"@id\":\"https:\\\/\\\/nitorlack.com\\\/fr\\\/barniz\\\/accessories\\\/grain-fillers-fr-2\\\/grain-acqua-fillers\\\/#primaryimage\",\"url\":\"https:\\\/\\\/nitorlack.com\\\/wp-content\\\/uploads\\\/2024\\\/05\\\/BOTE-1.jpg\",\"contentUrl\":\"https:\\\/\\\/nitorlack.com\\\/wp-content\\\/uploads\\\/2024\\\/05\\\/BOTE-1.jpg\",\"width\":1200,\"height\":1200,\"caption\":\"tapa poros - grain filler\"},{\"@type\":\"BreadcrumbList\",\"@id\":\"https:\\\/\\\/nitorlack.com\\\/fr\\\/barniz\\\/accessories\\\/grain-fillers-fr-2\\\/grain-acqua-fillers\\\/#breadcrumb\",\"itemListElement\":[{\"@type\":\"ListItem\",\"position\":1,\"name\":\"Page de Couverture\",\"item\":\"https:\\\/\\\/nitorlack.com\\\/fr\\\/\"},{\"@type\":\"ListItem\",\"position\":2,\"name\":\"Boutique\",\"item\":\"https:\\\/\\\/nitorlack.com\\\/fr\\\/boutique\\\/\"},{\"@type\":\"ListItem\",\"position\":3,\"name\":\"GRAIN ACQUA FILLERS\"}]},{\"@type\":\"WebSite\",\"@id\":\"https:\\\/\\\/nitorlack.com\\\/fr\\\/#website\",\"url\":\"https:\\\/\\\/nitorlack.com\\\/fr\\\/\",\"name\":\"Nitorlack\",\"description\":\"Guitar Lacquers\",\"publisher\":{\"@id\":\"https:\\\/\\\/nitorlack.com\\\/fr\\\/#organization\"},\"potentialAction\":[{\"@type\":\"SearchAction\",\"target\":{\"@type\":\"EntryPoint\",\"urlTemplate\":\"https:\\\/\\\/nitorlack.com\\\/fr\\\/?s={search_term_string}\"},\"query-input\":{\"@type\":\"PropertyValueSpecification\",\"valueRequired\":true,\"valueName\":\"search_term_string\"}}],\"inLanguage\":\"fr-FR\"},{\"@type\":\"Organization\",\"@id\":\"https:\\\/\\\/nitorlack.com\\\/fr\\\/#organization\",\"name\":\"Nitorlack\",\"url\":\"https:\\\/\\\/nitorlack.com\\\/fr\\\/\",\"logo\":{\"@type\":\"ImageObject\",\"inLanguage\":\"fr-FR\",\"@id\":\"https:\\\/\\\/nitorlack.com\\\/fr\\\/#\\\/schema\\\/logo\\\/image\\\/\",\"url\":\"http:\\\/\\\/nitorlack.com\\\/wp-content\\\/uploads\\\/2016\\\/02\\\/cropped-galleta-negra-1.jpg\",\"contentUrl\":\"http:\\\/\\\/nitorlack.com\\\/wp-content\\\/uploads\\\/2016\\\/02\\\/cropped-galleta-negra-1.jpg\",\"width\":512,\"height\":512,\"caption\":\"Nitorlack\"},\"image\":{\"@id\":\"https:\\\/\\\/nitorlack.com\\\/fr\\\/#\\\/schema\\\/logo\\\/image\\\/\"}}]}<\/script>\n<!-- \/ Yoast SEO plugin. -->","yoast_head_json":{"title":"Couvre-pores de guitare - NITORLACK","description":"Couvrez les pores du bois de votre guitare, afin que la surface soit pr\u00eate \u00e0 commencer le processus de vernissage.","robots":{"index":"index","follow":"follow","max-snippet":"max-snippet:-1","max-image-preview":"max-image-preview:large","max-video-preview":"max-video-preview:-1"},"canonical":"https:\/\/nitorlack.com\/fr\/barniz\/accessories\/grain-fillers-fr-2\/grain-acqua-fillers\/","og_locale":"fr_FR","og_type":"article","og_title":"Couvre-pores de guitare - NITORLACK","og_description":"Couvrez les pores du bois de votre guitare, afin que la surface soit pr\u00eate \u00e0 commencer le processus de vernissage.","og_url":"https:\/\/nitorlack.com\/fr\/barniz\/accessories\/grain-fillers-fr-2\/grain-acqua-fillers\/","og_site_name":"Nitorlack","article_modified_time":"2026-04-08T21:33:49+00:00","og_image":[{"width":1200,"height":1200,"url":"https:\/\/nitorlack.com\/wp-content\/uploads\/2024\/05\/BOTE-1.jpg","type":"image\/jpeg"}],"twitter_card":"summary_large_image","twitter_misc":{"Dur\u00e9e de lecture estim\u00e9e":"3 minutes"},"schema":{"@context":"https:\/\/schema.org","@graph":[{"@type":"WebPage","@id":"https:\/\/nitorlack.com\/fr\/barniz\/accessories\/grain-fillers-fr-2\/grain-acqua-fillers\/","url":"https:\/\/nitorlack.com\/fr\/barniz\/accessories\/grain-fillers-fr-2\/grain-acqua-fillers\/","name":"Couvre-pores de guitare - NITORLACK","isPartOf":{"@id":"https:\/\/nitorlack.com\/fr\/#website"},"primaryImageOfPage":{"@id":"https:\/\/nitorlack.com\/fr\/barniz\/accessories\/grain-fillers-fr-2\/grain-acqua-fillers\/#primaryimage"},"image":{"@id":"https:\/\/nitorlack.com\/fr\/barniz\/accessories\/grain-fillers-fr-2\/grain-acqua-fillers\/#primaryimage"},"thumbnailUrl":"https:\/\/nitorlack.com\/wp-content\/uploads\/2024\/05\/BOTE-1.jpg","datePublished":"2016-03-30T10:19:09+00:00","dateModified":"2026-04-08T21:33:49+00:00","description":"Couvrez les pores du bois de votre guitare, afin que la surface soit pr\u00eate \u00e0 commencer le processus de vernissage.","breadcrumb":{"@id":"https:\/\/nitorlack.com\/fr\/barniz\/accessories\/grain-fillers-fr-2\/grain-acqua-fillers\/#breadcrumb"},"inLanguage":"fr-FR","potentialAction":[{"@type":"ReadAction","target":["https:\/\/nitorlack.com\/fr\/barniz\/accessories\/grain-fillers-fr-2\/grain-acqua-fillers\/"]}]},{"@type":"ImageObject","inLanguage":"fr-FR","@id":"https:\/\/nitorlack.com\/fr\/barniz\/accessories\/grain-fillers-fr-2\/grain-acqua-fillers\/#primaryimage","url":"https:\/\/nitorlack.com\/wp-content\/uploads\/2024\/05\/BOTE-1.jpg","contentUrl":"https:\/\/nitorlack.com\/wp-content\/uploads\/2024\/05\/BOTE-1.jpg","width":1200,"height":1200,"caption":"tapa poros - grain filler"},{"@type":"BreadcrumbList","@id":"https:\/\/nitorlack.com\/fr\/barniz\/accessories\/grain-fillers-fr-2\/grain-acqua-fillers\/#breadcrumb","itemListElement":[{"@type":"ListItem","position":1,"name":"Page de Couverture","item":"https:\/\/nitorlack.com\/fr\/"},{"@type":"ListItem","position":2,"name":"Boutique","item":"https:\/\/nitorlack.com\/fr\/boutique\/"},{"@type":"ListItem","position":3,"name":"GRAIN ACQUA FILLERS"}]},{"@type":"WebSite","@id":"https:\/\/nitorlack.com\/fr\/#website","url":"https:\/\/nitorlack.com\/fr\/","name":"Nitorlack","description":"Guitar Lacquers","publisher":{"@id":"https:\/\/nitorlack.com\/fr\/#organization"},"potentialAction":[{"@type":"SearchAction","target":{"@type":"EntryPoint","urlTemplate":"https:\/\/nitorlack.com\/fr\/?s={search_term_string}"},"query-input":{"@type":"PropertyValueSpecification","valueRequired":true,"valueName":"search_term_string"}}],"inLanguage":"fr-FR"},{"@type":"Organization","@id":"https:\/\/nitorlack.com\/fr\/#organization","name":"Nitorlack","url":"https:\/\/nitorlack.com\/fr\/","logo":{"@type":"ImageObject","inLanguage":"fr-FR","@id":"https:\/\/nitorlack.com\/fr\/#\/schema\/logo\/image\/","url":"http:\/\/nitorlack.com\/wp-content\/uploads\/2016\/02\/cropped-galleta-negra-1.jpg","contentUrl":"http:\/\/nitorlack.com\/wp-content\/uploads\/2016\/02\/cropped-galleta-negra-1.jpg","width":512,"height":512,"caption":"Nitorlack"},"image":{"@id":"https:\/\/nitorlack.com\/fr\/#\/schema\/logo\/image\/"}}]}},"_links":{"self":[{"href":"https:\/\/nitorlack.com\/fr\/wp-json\/wp\/v2\/product\/9288","targetHints":{"allow":["GET"]}}],"collection":[{"href":"https:\/\/nitorlack.com\/fr\/wp-json\/wp\/v2\/product"}],"about":[{"href":"https:\/\/nitorlack.com\/fr\/wp-json\/wp\/v2\/types\/product"}],"replies":[{"embeddable":true,"href":"https:\/\/nitorlack.com\/fr\/wp-json\/wp\/v2\/comments?post=9288"}],"wp:featuredmedia":[{"embeddable":true,"href":"https:\/\/nitorlack.com\/fr\/wp-json\/wp\/v2\/media\/72060"}],"wp:attachment":[{"href":"https:\/\/nitorlack.com\/fr\/wp-json\/wp\/v2\/media?parent=9288"}],"wp:term":[{"taxonomy":"product_brand","embeddable":true,"href":"https:\/\/nitorlack.com\/fr\/wp-json\/wp\/v2\/product_brand?post=9288"},{"taxonomy":"product_cat","embeddable":true,"href":"https:\/\/nitorlack.com\/fr\/wp-json\/wp\/v2\/product_cat?post=9288"},{"taxonomy":"product_tag","embeddable":true,"href":"https:\/\/nitorlack.com\/fr\/wp-json\/wp\/v2\/product_tag?post=9288"}],"curies":[{"name":"wp","href":"https:\/\/api.w.org\/{rel}","templated":true}]}}