{"id":86350,"date":"2026-03-06T11:38:35","date_gmt":"2026-03-06T09:38:35","guid":{"rendered":"https:\/\/nitorlack.com\/barniz\/non%20class\u00e9\/anti-voile\/"},"modified":"2026-03-18T10:42:36","modified_gmt":"2026-03-18T08:42:36","slug":"anti-voile","status":"publish","type":"product","link":"https:\/\/nitorlack.com\/fr\/barniz\/accessories\/anti-voile\/","title":{"rendered":"ANTI-VOILE"},"content":{"rendered":"<div class=\"wpb-content-wrapper\"><p>[vc_row][vc_column][vc_video link=\u00a0\u00bbhttps:\/\/youtu.be\/XfehcvNvTxE?si=pURVg_u6rbffIjS2&Prime; el_width=\u00a0\u00bb80&Prime; align=\u00a0\u00bbcenter\u00a0\u00bb][\/vc_column][\/vc_row][vc_row][vc_column][vc_column_text]<\/p>\n<h1 data-path-to-node=\"4\">Qu&rsquo;est-ce que le voile de vernis ?<\/h1>\n<p data-path-to-node=\"5\">Le voile (ou <i data-path-to-node=\"5\" data-index-in-node=\"13\">blushing<\/i>) est un effet opaque et blanch\u00e2tre qui appara\u00eet dans le film de vernis, g\u00e9n\u00e9ralement caus\u00e9 par l&rsquo;<b>humidit\u00e9 ambiante emprisonn\u00e9e<\/b> pendant le s\u00e9chage ou par une application incorrecte. Dans la plupart des cas, l&rsquo;apparition de ce \u00ab voile \u00bb est due \u00e0 l&rsquo;application du vernis dans des zones tr\u00e8s humides et\/ou trop chaudes.<\/p>\n<p data-path-to-node=\"6\">Ce spray agit en rouvrant la structure superficielle du vernis pour lib\u00e9rer cette humidit\u00e9, restaurant la transparence d&rsquo;origine sans compromettre l&rsquo;int\u00e9grit\u00e9 ni l&rsquo;adh\u00e9rence de la finition.<\/p>\n<hr data-path-to-node=\"7\" \/>\n<h2 data-path-to-node=\"8\">Instructions d&rsquo;utilisation :<\/h2>\n<ul data-path-to-node=\"9\">\n<li>\n<p data-path-to-node=\"9,0,0\"><b data-path-to-node=\"9,0,0\" data-index-in-node=\"0\">Polyvalence :<\/b> Peut \u00eatre utilis\u00e9 pendant le processus de vernissage (humide sur humide) ou une fois que le vernis a s\u00e9ch\u00e9 en surface.<\/p>\n<\/li>\n<li>\n<p data-path-to-node=\"9,1,0\"><b data-path-to-node=\"9,1,0\" data-index-in-node=\"0\">Pr\u00e9paration :<\/b> Bien agiter le r\u00e9cipient pendant 20 \u00e0 30 secondes.<\/p>\n<\/li>\n<li>\n<p data-path-to-node=\"9,2,0\"><b data-path-to-node=\"9,2,0\" data-index-in-node=\"0\">Application :<\/b> Pulv\u00e9riser uniform\u00e9ment \u00e0 une distance de <b data-path-to-node=\"9,2,0\" data-index-in-node=\"60\">15\u201325 cm<\/b> sur la zone affect\u00e9e.<\/p>\n<\/li>\n<li>\n<p data-path-to-node=\"9,3,0\"><b data-path-to-node=\"9,3,0\" data-index-in-node=\"0\">R\u00e9sultat :<\/b> Vous verrez le voile dispara\u00eetre au fur et \u00e0 mesure que le vernis se tend. <b data-path-to-node=\"9,3,0\" data-index-in-node=\"66\">Laisser s\u00e9cher compl\u00e8tement.<\/b><\/p>\n<\/li>\n<\/ul>\n<p data-path-to-node=\"9,3,0\"><strong>Conseil :<\/strong> Si le voile n&rsquo;est pas compl\u00e8tement \u00e9limin\u00e9 apr\u00e8s la premi\u00e8re couche, r\u00e9p\u00e9tez le processus jusqu&rsquo;\u00e0 l&rsquo;obtention du r\u00e9sultat souhait\u00e9.<\/p>\n<p data-path-to-node=\"9,3,0\"><b data-path-to-node=\"9,3,0\" data-index-in-node=\"66\"><\/b><b style=\"font-style: inherit;\" data-path-to-node=\"10,0\" data-index-in-node=\"13\">Note technique :<\/b><span style=\"font-size: 16px;\"> Il n&rsquo;est pas n\u00e9cessaire de frotter. Le produit s&rsquo;\u00e9vapore sans laisser de r\u00e9sidus. Si, apr\u00e8s s\u00e9chage complet, vous souhaitez \u00e9galiser la brillance avec le reste de la pi\u00e8ce, vous pouvez effectuer un polissage doux avec un chiffon en microfibre.<\/span><\/p>\n<hr data-path-to-node=\"11\" \/>\n<h2 data-path-to-node=\"12\">Questions Fr\u00e9quemment Pos\u00e9es (FAQ)<\/h2>\n<p data-path-to-node=\"13\"><b data-path-to-node=\"13\" data-index-in-node=\"0\">Convient-il aux vernis polyur\u00e9thanes et nitrocellulosiques ?<\/b> Oui. Le spray est s\u00fbr et efficace sur la plupart des vernis et laques solvant\u00e9s, y compris le polyur\u00e9thane bi-composant et la nitrocellulose de lutherie.<\/p>\n<p data-path-to-node=\"14\"><b data-path-to-node=\"14\" data-index-in-node=\"0\">Peut-il \u00eatre utilis\u00e9 sur du bois brut ?<\/b> Non. Ce produit est exclusivement con\u00e7u pour agir sur les finitions (vernis ou laque). Son utilisation sur du bois vierge n&rsquo;aura aucun effet et pourrait tacher les pores.<\/p>\n<p data-path-to-node=\"15\"><b data-path-to-node=\"15\" data-index-in-node=\"0\">Est-il facile \u00e0 appliquer ?<\/b> Absolument. C&rsquo;est une solution en \u00ab une seule \u00e9tape \u00bb. Il suffit de pulv\u00e9riser sur la zone opaque et de laisser la chimie du produit agir. Il ne laisse ni marques ni restes de solvant.<\/p>\n<p data-path-to-node=\"16\"><b data-path-to-node=\"16\" data-index-in-node=\"0\">\u00c9limine-t-il les marques d&rsquo;eau profondes ?<\/b> Il est id\u00e9al pour le voile environnemental (humidit\u00e9). Pour les taches d&rsquo;eau ayant p\u00e9n\u00e9tr\u00e9 profond\u00e9ment dans le bois ou les marques de verres (br\u00fblures blanches), il peut aider \u00e0 les att\u00e9nuer, mais sa fonction principale est la correction pendant le vernissage.<\/p>\n<p data-path-to-node=\"17\"><b data-path-to-node=\"17\" data-index-in-node=\"0\">Combien de temps faut-il pour s\u00e9cher ?<\/b> C&rsquo;est un processus rapide. Selon la temp\u00e9rature et la ventilation, la surface sera stabilis\u00e9e en quelques minutes.<\/p>\n<p>[\/vc_column_text][\/vc_column][\/vc_row]<\/p>\n<\/div>","protected":false},"excerpt":{"rendered":"<p data-path-to-node=\"4\"><b data-path-to-node=\"4\" data-index-in-node=\"3\">Blush Remover<\/b> est une solution technique con\u00e7ue pour \u00e9liminer le voile blanch\u00e2tre qui appara\u00eet pendant le processus de vernissage, g\u00e9n\u00e9ralement caus\u00e9 par l&rsquo;humidit\u00e9 ambiante emprisonn\u00e9e dans le film de nitrocellulose.<\/p>\n<p data-path-to-node=\"5\">Contrairement \u00e0 un solvant standard, sa formule permet de rouvrir la surface du vernis juste assez pour que l&rsquo;humidit\u00e9 s&rsquo;\u00e9chappe, redonnant ainsi transparence et brillance \u00e0 la finition sans avoir \u00e0 poncer et recommencer.<\/p>\n<h3 data-path-to-node=\"6\"><b data-path-to-node=\"6\" data-index-in-node=\"0\">Caract\u00e9ristiques principales :<\/b><\/h3>\n<ul data-path-to-node=\"7\">\n<li>\n<p data-path-to-node=\"7,0,0\"><b data-path-to-node=\"7,0,0\" data-index-in-node=\"0\">\u00c9limination du voile :<\/b> Agit rapidement sur les taches blanches et l&rsquo;opacit\u00e9.<\/p>\n<\/li>\n<li>\n<p data-path-to-node=\"7,1,0\"><b data-path-to-node=\"7,1,0\" data-index-in-node=\"0\">Restauration de la finition :<\/b> Redonne la brillance d&rsquo;origine sans endommager les couches de vernis pr\u00e9c\u00e9dentes.<\/p>\n<\/li>\n<li>\n<p data-path-to-node=\"7,2,0\"><b data-path-to-node=\"7,2,0\" data-index-in-node=\"0\">Application propre :<\/b> ne laisse aucun r\u00e9sidu, tache ou marque apr\u00e8s \u00e9vaporation.<\/p>\n<\/li>\n<li>\n<p data-path-to-node=\"7,3,0\"><b data-path-to-node=\"7,3,0\" data-index-in-node=\"0\">Usage professionnel :<\/b> Formule en spray facile \u00e0 appliquer pour des corrections imm\u00e9diates.<\/p>\n<\/li>\n<\/ul>\n","protected":false},"featured_media":86230,"comment_status":"open","ping_status":"closed","template":"","meta":{"om_disable_all_campaigns":false,"site-sidebar-layout":"no-sidebar","site-content-layout":"plain-container","ast-site-content-layout":"default","site-content-style":"default","site-sidebar-style":"default","ast-global-header-display":"","ast-banner-title-visibility":"","ast-main-header-display":"","ast-hfb-above-header-display":"","ast-hfb-below-header-display":"","ast-hfb-mobile-header-display":"","site-post-title":"disabled","ast-breadcrumbs-content":"","ast-featured-img":"disabled","footer-sml-layout":"","ast-disable-related-posts":"","theme-transparent-header-meta":"default","adv-header-id-meta":"","stick-header-meta":"default","header-above-stick-meta":"","header-main-stick-meta":"","header-below-stick-meta":"","astra-migrate-meta-layouts":"default","ast-page-background-enabled":"default","ast-page-background-meta":{"desktop":{"background-color":"var(--ast-global-color-4)","background-image":"","background-repeat":"repeat","background-position":"center center","background-size":"auto","background-attachment":"scroll","background-type":"","background-media":"","overlay-type":"","overlay-color":"","overlay-opacity":"","overlay-gradient":""},"tablet":{"background-color":"","background-image":"","background-repeat":"repeat","background-position":"center center","background-size":"auto","background-attachment":"scroll","background-type":"","background-media":"","overlay-type":"","overlay-color":"","overlay-opacity":"","overlay-gradient":""},"mobile":{"background-color":"","background-image":"","background-repeat":"repeat","background-position":"center center","background-size":"auto","background-attachment":"scroll","background-type":"","background-media":"","overlay-type":"","overlay-color":"","overlay-opacity":"","overlay-gradient":""}},"ast-content-background-meta":{"desktop":{"background-color":"var(--ast-global-color-5)","background-image":"","background-repeat":"repeat","background-position":"center center","background-size":"auto","background-attachment":"scroll","background-type":"","background-media":"","overlay-type":"","overlay-color":"","overlay-opacity":"","overlay-gradient":""},"tablet":{"background-color":"var(--ast-global-color-5)","background-image":"","background-repeat":"repeat","background-position":"center center","background-size":"auto","background-attachment":"scroll","background-type":"","background-media":"","overlay-type":"","overlay-color":"","overlay-opacity":"","overlay-gradient":""},"mobile":{"background-color":"var(--ast-global-color-5)","background-image":"","background-repeat":"repeat","background-position":"center center","background-size":"auto","background-attachment":"scroll","background-type":"","background-media":"","overlay-type":"","overlay-color":"","overlay-opacity":"","overlay-gradient":""}}},"product_brand":[],"product_cat":[85],"product_tag":[],"class_list":{"0":"post-86350","1":"product","2":"type-product","3":"status-publish","4":"has-post-thumbnail","6":"product_cat-accessories","7":"desktop-align-center","8":"tablet-align-center","9":"mobile-align-center","10":"ast-product-gallery-layout-horizontal-slider","11":"ast-product-tabs-layout-horizontal","13":"first","14":"instock","15":"taxable","16":"shipping-taxable","17":"purchasable","18":"product-type-simple"},"bundled_by":[],"bundle_stock_status":"instock","bundle_stock_quantity":null,"bundle_virtual":false,"bundle_layout":"","bundle_add_to_cart_form_location":"","bundle_editable_in_cart":false,"bundle_sold_individually_context":"","bundle_item_grouping":"","bundle_min_size":"","bundle_max_size":"","bundle_price":[],"bundled_items":[],"bundle_sell_ids":[],"yoast_head":"<!-- This site is optimized with the Yoast SEO plugin v27.4 - https:\/\/yoast.com\/product\/yoast-seo-wordpress\/ -->\n<title>ANTI-VOILE | Nitorlack<\/title>\n<meta name=\"description\" content=\"Nitorlack - Peinture nitrocellulosique pour guitares, couleurs vintage et tutoriels pour peindre votre guitare. D\u00e9couvrir ANTI-VOILE\" \/>\n<meta name=\"robots\" content=\"index, follow, max-snippet:-1, max-image-preview:large, max-video-preview:-1\" \/>\n<link rel=\"canonical\" href=\"https:\/\/nitorlack.com\/fr\/barniz\/accessories\/anti-voile\/\" \/>\n<meta property=\"og:locale\" content=\"fr_FR\" \/>\n<meta property=\"og:type\" content=\"article\" \/>\n<meta property=\"og:title\" content=\"ANTI-VOILE | Nitorlack\" \/>\n<meta property=\"og:description\" content=\"Nitorlack - Peinture nitrocellulosique pour guitares, couleurs vintage et tutoriels pour peindre votre guitare. D\u00e9couvrir ANTI-VOILE\" \/>\n<meta property=\"og:url\" content=\"https:\/\/nitorlack.com\/fr\/barniz\/accessories\/anti-voile\/\" \/>\n<meta property=\"og:site_name\" content=\"Nitorlack\" \/>\n<meta property=\"article:modified_time\" content=\"2026-03-18T08:42:36+00:00\" \/>\n<meta property=\"og:image\" content=\"https:\/\/nitorlack.com\/wp-content\/uploads\/2026\/03\/BOTE-BLUSH-REMOVER.jpg\" \/>\n\t<meta property=\"og:image:width\" content=\"1200\" \/>\n\t<meta property=\"og:image:height\" content=\"1200\" \/>\n\t<meta property=\"og:image:type\" content=\"image\/jpeg\" \/>\n<meta name=\"twitter:card\" content=\"summary_large_image\" \/>\n<meta name=\"twitter:label1\" content=\"Dur\u00e9e de lecture estim\u00e9e\" \/>\n\t<meta name=\"twitter:data1\" content=\"2 minutes\" \/>\n<script type=\"application\/ld+json\" class=\"yoast-schema-graph\">{\"@context\":\"https:\\\/\\\/schema.org\",\"@graph\":[{\"@type\":\"WebPage\",\"@id\":\"https:\\\/\\\/nitorlack.com\\\/fr\\\/barniz\\\/accessories\\\/anti-voile\\\/\",\"url\":\"https:\\\/\\\/nitorlack.com\\\/fr\\\/barniz\\\/accessories\\\/anti-voile\\\/\",\"name\":\"ANTI-VOILE | Nitorlack\",\"isPartOf\":{\"@id\":\"https:\\\/\\\/nitorlack.com\\\/fr\\\/#website\"},\"primaryImageOfPage\":{\"@id\":\"https:\\\/\\\/nitorlack.com\\\/fr\\\/barniz\\\/accessories\\\/anti-voile\\\/#primaryimage\"},\"image\":{\"@id\":\"https:\\\/\\\/nitorlack.com\\\/fr\\\/barniz\\\/accessories\\\/anti-voile\\\/#primaryimage\"},\"thumbnailUrl\":\"https:\\\/\\\/nitorlack.com\\\/wp-content\\\/uploads\\\/2026\\\/03\\\/BOTE-BLUSH-REMOVER.jpg\",\"datePublished\":\"2026-03-06T09:38:35+00:00\",\"dateModified\":\"2026-03-18T08:42:36+00:00\",\"description\":\"Nitorlack - Peinture nitrocellulosique pour guitares, couleurs vintage et tutoriels pour peindre votre guitare. D\u00e9couvrir ANTI-VOILE\",\"breadcrumb\":{\"@id\":\"https:\\\/\\\/nitorlack.com\\\/fr\\\/barniz\\\/accessories\\\/anti-voile\\\/#breadcrumb\"},\"inLanguage\":\"fr-FR\",\"potentialAction\":[{\"@type\":\"ReadAction\",\"target\":[\"https:\\\/\\\/nitorlack.com\\\/fr\\\/barniz\\\/accessories\\\/anti-voile\\\/\"]}]},{\"@type\":\"ImageObject\",\"inLanguage\":\"fr-FR\",\"@id\":\"https:\\\/\\\/nitorlack.com\\\/fr\\\/barniz\\\/accessories\\\/anti-voile\\\/#primaryimage\",\"url\":\"https:\\\/\\\/nitorlack.com\\\/wp-content\\\/uploads\\\/2026\\\/03\\\/BOTE-BLUSH-REMOVER.jpg\",\"contentUrl\":\"https:\\\/\\\/nitorlack.com\\\/wp-content\\\/uploads\\\/2026\\\/03\\\/BOTE-BLUSH-REMOVER.jpg\",\"width\":1200,\"height\":1200,\"caption\":\"Anti-voile spray\"},{\"@type\":\"BreadcrumbList\",\"@id\":\"https:\\\/\\\/nitorlack.com\\\/fr\\\/barniz\\\/accessories\\\/anti-voile\\\/#breadcrumb\",\"itemListElement\":[{\"@type\":\"ListItem\",\"position\":1,\"name\":\"Page de Couverture\",\"item\":\"https:\\\/\\\/nitorlack.com\\\/fr\\\/\"},{\"@type\":\"ListItem\",\"position\":2,\"name\":\"Boutique\",\"item\":\"https:\\\/\\\/nitorlack.com\\\/fr\\\/boutique\\\/\"},{\"@type\":\"ListItem\",\"position\":3,\"name\":\"ANTI-VOILE\"}]},{\"@type\":\"WebSite\",\"@id\":\"https:\\\/\\\/nitorlack.com\\\/fr\\\/#website\",\"url\":\"https:\\\/\\\/nitorlack.com\\\/fr\\\/\",\"name\":\"Nitorlack\",\"description\":\"Guitar Lacquers\",\"publisher\":{\"@id\":\"https:\\\/\\\/nitorlack.com\\\/fr\\\/#organization\"},\"potentialAction\":[{\"@type\":\"SearchAction\",\"target\":{\"@type\":\"EntryPoint\",\"urlTemplate\":\"https:\\\/\\\/nitorlack.com\\\/fr\\\/?s={search_term_string}\"},\"query-input\":{\"@type\":\"PropertyValueSpecification\",\"valueRequired\":true,\"valueName\":\"search_term_string\"}}],\"inLanguage\":\"fr-FR\"},{\"@type\":\"Organization\",\"@id\":\"https:\\\/\\\/nitorlack.com\\\/fr\\\/#organization\",\"name\":\"Nitorlack\",\"url\":\"https:\\\/\\\/nitorlack.com\\\/fr\\\/\",\"logo\":{\"@type\":\"ImageObject\",\"inLanguage\":\"fr-FR\",\"@id\":\"https:\\\/\\\/nitorlack.com\\\/fr\\\/#\\\/schema\\\/logo\\\/image\\\/\",\"url\":\"http:\\\/\\\/nitorlack.com\\\/wp-content\\\/uploads\\\/2016\\\/02\\\/cropped-galleta-negra-1.jpg\",\"contentUrl\":\"http:\\\/\\\/nitorlack.com\\\/wp-content\\\/uploads\\\/2016\\\/02\\\/cropped-galleta-negra-1.jpg\",\"width\":512,\"height\":512,\"caption\":\"Nitorlack\"},\"image\":{\"@id\":\"https:\\\/\\\/nitorlack.com\\\/fr\\\/#\\\/schema\\\/logo\\\/image\\\/\"}}]}<\/script>\n<!-- \/ Yoast SEO plugin. -->","yoast_head_json":{"title":"ANTI-VOILE | Nitorlack","description":"Nitorlack - Peinture nitrocellulosique pour guitares, couleurs vintage et tutoriels pour peindre votre guitare. D\u00e9couvrir ANTI-VOILE","robots":{"index":"index","follow":"follow","max-snippet":"max-snippet:-1","max-image-preview":"max-image-preview:large","max-video-preview":"max-video-preview:-1"},"canonical":"https:\/\/nitorlack.com\/fr\/barniz\/accessories\/anti-voile\/","og_locale":"fr_FR","og_type":"article","og_title":"ANTI-VOILE | Nitorlack","og_description":"Nitorlack - Peinture nitrocellulosique pour guitares, couleurs vintage et tutoriels pour peindre votre guitare. D\u00e9couvrir ANTI-VOILE","og_url":"https:\/\/nitorlack.com\/fr\/barniz\/accessories\/anti-voile\/","og_site_name":"Nitorlack","article_modified_time":"2026-03-18T08:42:36+00:00","og_image":[{"width":1200,"height":1200,"url":"https:\/\/nitorlack.com\/wp-content\/uploads\/2026\/03\/BOTE-BLUSH-REMOVER.jpg","type":"image\/jpeg"}],"twitter_card":"summary_large_image","twitter_misc":{"Dur\u00e9e de lecture estim\u00e9e":"2 minutes"},"schema":{"@context":"https:\/\/schema.org","@graph":[{"@type":"WebPage","@id":"https:\/\/nitorlack.com\/fr\/barniz\/accessories\/anti-voile\/","url":"https:\/\/nitorlack.com\/fr\/barniz\/accessories\/anti-voile\/","name":"ANTI-VOILE | Nitorlack","isPartOf":{"@id":"https:\/\/nitorlack.com\/fr\/#website"},"primaryImageOfPage":{"@id":"https:\/\/nitorlack.com\/fr\/barniz\/accessories\/anti-voile\/#primaryimage"},"image":{"@id":"https:\/\/nitorlack.com\/fr\/barniz\/accessories\/anti-voile\/#primaryimage"},"thumbnailUrl":"https:\/\/nitorlack.com\/wp-content\/uploads\/2026\/03\/BOTE-BLUSH-REMOVER.jpg","datePublished":"2026-03-06T09:38:35+00:00","dateModified":"2026-03-18T08:42:36+00:00","description":"Nitorlack - Peinture nitrocellulosique pour guitares, couleurs vintage et tutoriels pour peindre votre guitare. D\u00e9couvrir ANTI-VOILE","breadcrumb":{"@id":"https:\/\/nitorlack.com\/fr\/barniz\/accessories\/anti-voile\/#breadcrumb"},"inLanguage":"fr-FR","potentialAction":[{"@type":"ReadAction","target":["https:\/\/nitorlack.com\/fr\/barniz\/accessories\/anti-voile\/"]}]},{"@type":"ImageObject","inLanguage":"fr-FR","@id":"https:\/\/nitorlack.com\/fr\/barniz\/accessories\/anti-voile\/#primaryimage","url":"https:\/\/nitorlack.com\/wp-content\/uploads\/2026\/03\/BOTE-BLUSH-REMOVER.jpg","contentUrl":"https:\/\/nitorlack.com\/wp-content\/uploads\/2026\/03\/BOTE-BLUSH-REMOVER.jpg","width":1200,"height":1200,"caption":"Anti-voile spray"},{"@type":"BreadcrumbList","@id":"https:\/\/nitorlack.com\/fr\/barniz\/accessories\/anti-voile\/#breadcrumb","itemListElement":[{"@type":"ListItem","position":1,"name":"Page de Couverture","item":"https:\/\/nitorlack.com\/fr\/"},{"@type":"ListItem","position":2,"name":"Boutique","item":"https:\/\/nitorlack.com\/fr\/boutique\/"},{"@type":"ListItem","position":3,"name":"ANTI-VOILE"}]},{"@type":"WebSite","@id":"https:\/\/nitorlack.com\/fr\/#website","url":"https:\/\/nitorlack.com\/fr\/","name":"Nitorlack","description":"Guitar Lacquers","publisher":{"@id":"https:\/\/nitorlack.com\/fr\/#organization"},"potentialAction":[{"@type":"SearchAction","target":{"@type":"EntryPoint","urlTemplate":"https:\/\/nitorlack.com\/fr\/?s={search_term_string}"},"query-input":{"@type":"PropertyValueSpecification","valueRequired":true,"valueName":"search_term_string"}}],"inLanguage":"fr-FR"},{"@type":"Organization","@id":"https:\/\/nitorlack.com\/fr\/#organization","name":"Nitorlack","url":"https:\/\/nitorlack.com\/fr\/","logo":{"@type":"ImageObject","inLanguage":"fr-FR","@id":"https:\/\/nitorlack.com\/fr\/#\/schema\/logo\/image\/","url":"http:\/\/nitorlack.com\/wp-content\/uploads\/2016\/02\/cropped-galleta-negra-1.jpg","contentUrl":"http:\/\/nitorlack.com\/wp-content\/uploads\/2016\/02\/cropped-galleta-negra-1.jpg","width":512,"height":512,"caption":"Nitorlack"},"image":{"@id":"https:\/\/nitorlack.com\/fr\/#\/schema\/logo\/image\/"}}]}},"_links":{"self":[{"href":"https:\/\/nitorlack.com\/fr\/wp-json\/wp\/v2\/product\/86350","targetHints":{"allow":["GET"]}}],"collection":[{"href":"https:\/\/nitorlack.com\/fr\/wp-json\/wp\/v2\/product"}],"about":[{"href":"https:\/\/nitorlack.com\/fr\/wp-json\/wp\/v2\/types\/product"}],"replies":[{"embeddable":true,"href":"https:\/\/nitorlack.com\/fr\/wp-json\/wp\/v2\/comments?post=86350"}],"wp:featuredmedia":[{"embeddable":true,"href":"https:\/\/nitorlack.com\/fr\/wp-json\/wp\/v2\/media\/86230"}],"wp:attachment":[{"href":"https:\/\/nitorlack.com\/fr\/wp-json\/wp\/v2\/media?parent=86350"}],"wp:term":[{"taxonomy":"product_brand","embeddable":true,"href":"https:\/\/nitorlack.com\/fr\/wp-json\/wp\/v2\/product_brand?post=86350"},{"taxonomy":"product_cat","embeddable":true,"href":"https:\/\/nitorlack.com\/fr\/wp-json\/wp\/v2\/product_cat?post=86350"},{"taxonomy":"product_tag","embeddable":true,"href":"https:\/\/nitorlack.com\/fr\/wp-json\/wp\/v2\/product_tag?post=86350"}],"curies":[{"name":"wp","href":"https:\/\/api.w.org\/{rel}","templated":true}]}}