{"id":85870,"date":"2026-02-27T11:01:16","date_gmt":"2026-02-27T09:01:16","guid":{"rendered":"https:\/\/nitorlack.com\/?post_type=product&#038;p=85870"},"modified":"2026-03-09T12:50:03","modified_gmt":"2026-03-09T10:50:03","slug":"spray-de-congelation","status":"publish","type":"product","link":"https:\/\/nitorlack.com\/fr\/barniz\/accessories\/divers-fr\/spray-de-congelation\/","title":{"rendered":"SPRAY DE CONG\u00c9LATION"},"content":{"rendered":"<div class=\"wpb-content-wrapper\"><p>[vc_row][vc_column][vc_video link=\u00a0\u00bbhttps:\/\/youtu.be\/2WgmS2FRBfI\u00a0\u00bb el_width=\u00a0\u00bb70&Prime; align=\u00a0\u00bbcenter\u00a0\u00bb css=\u00a0\u00bb\u00a0\u00bb][vc_column_text css=\u00a0\u00bb\u00a0\u00bb]<\/p>\n<h1 data-path-to-node=\"5\"><b data-path-to-node=\"5\" data-index-in-node=\"0\">L&rsquo;art du fa\u00efen\u00e7age : en quoi consiste-t-il et de quoi avez-vous besoin pour l&rsquo;obtenir ?<\/b><\/h1>\n<p data-path-to-node=\"6\">L&rsquo;authentique caract\u00e8re vintage na\u00eet de la base. Alors que nos laques Relic et Golden Age, gr\u00e2ce \u00e0 l&rsquo;absence de plastifiants et \u00e0 leur composition, offrent la possibilit\u00e9 de se fissurer facilement, notre Spray de cong\u00e9lation agit comme l&rsquo;alli\u00e9 parfait pour obtenir cet aspect vintage que vous d\u00e9sirez tant.<\/p>\n<p>Avec le spray de cong\u00e9lation, vous pourrez facilement contr\u00f4ler le type et l&rsquo;intensit\u00e9 du fa\u00efen\u00e7age. Si vous l&rsquo;appliquez \u00e0 courte distance, vous refroidirez des zones plus petites et obtiendrez un craquelage plus serr\u00e9, avec un motif de type \u00ab toile d&rsquo;araign\u00e9e \u00bb.<\/p>\n<p>En revanche, si vous l&rsquo;appliquez d&rsquo;une distance plus grande et de mani\u00e8re plus g\u00e9n\u00e9rale, vous refroidirez des zones plus larges et obtiendrez un fa\u00efen\u00e7age plus ouvert et \u00e9tendu.<br \/>\nEn d\u00e9finitive, plus vous rapprochez le spray, plus le craquelage sera fin et compact ; plus vous l&rsquo;\u00e9loignez, plus le dessin sera large et espac\u00e9.<\/p>\n<p>&nbsp;<\/p>\n<h2><strong> Instructions d&rsquo;Utilisation :<\/strong><\/h2>\n<ol>\n<li>V\u00e9rifier que la laque nitrocellulose est compl\u00e8tement durcie. Pour un effet beaucoup plus r\u00e9aliste, nous recommandons un s\u00e9chage de la couche de nitrocellulose Golden Age ou Relic de 2 ou 3 semaines.<\/li>\n<li>Agiter le spray pendant 20\u201330 secondes, jusqu&rsquo;\u00e0 ce qu&rsquo;une fine couche de givre se forme sur la zone.<\/li>\n<li>Appliquer \u00e0 15\u201325 cm de distance.<\/li>\n<li>Pulv\u00e9riser par zones selon le motif souhait\u00e9, plus d\u00e9taill\u00e9 ou plus g\u00e9n\u00e9ral.<\/li>\n<li>R\u00e9p\u00e9ter le processus est optionnel, selon l&rsquo;objectif de chaque client.<\/li>\n<\/ol>\n<p><strong>Conseil :<\/strong> Plus la diff\u00e9rence thermique entre l&rsquo;environnement et le spray est grande, plus l&rsquo;effet sur le fa\u00efen\u00e7age sera important.<\/p>\n<p>&nbsp;<\/p>\n<h2><strong>Questions Fr\u00e9quentes (FAQ)<\/strong><\/h2>\n<p><strong>Est-ce que cela fonctionne sur les finitions polyur\u00e9thane, polyester ou \u00e0 l&rsquo;eau ?<\/strong><\/p>\n<p>Non. Ce spray est con\u00e7u sp\u00e9cifiquement pour le <strong>vernis nitrocellulose<\/strong>. Les autres finitions ne r\u00e9agiront pas correctement au spray.<\/p>\n<p><strong>Peut-il endommager la guitare ?<\/strong><\/p>\n<p>S&rsquo;il est utilis\u00e9 correctement sur une nitrocellulose durcie, il n&rsquo;affectera que la couche superficielle en g\u00e9n\u00e9rant l&rsquo;effet d\u00e9sir\u00e9. Un essai pr\u00e9alable est recommand\u00e9.<\/p>\n<p><strong>Combien de temps faut-il pour que le fa\u00efen\u00e7age apparaisse ?<\/strong><\/p>\n<p>L&rsquo;effet est g\u00e9n\u00e9ralement imm\u00e9diat ou visible quelques secondes apr\u00e8s l&rsquo;application, une fois que la fine couche de givre dispara\u00eet.<\/p>\n<p><strong>Peut-on contr\u00f4ler le motif du fa\u00efen\u00e7age ?<\/strong><\/p>\n<p>Oui. La distance, l&rsquo;intensit\u00e9 et les conditions environnementales influencent directement le r\u00e9sultat. Cependant, il n&rsquo;est pas possible de contr\u00f4ler l&rsquo;orientation des craquelures.<\/p>\n<p><strong>L&rsquo;effet est-il r\u00e9versible ?<\/strong><\/p>\n<p>Non. Le fa\u00efen\u00e7age est permanent, car il modifie physiquement la couche de laque.<\/p>\n<p><strong>Ai-je besoin de produits suppl\u00e9mentaires ?<\/strong><\/p>\n<p>Non. Seulement le spray. Mais il est recommand\u00e9 d&rsquo;utiliser le produit Relic Patina pour remplir et marquer les fines lignes que le spray cr\u00e9era.[\/vc_column_text][\/vc_column][\/vc_row]<\/p>\n<\/div>","protected":false},"excerpt":{"rendered":"<p><strong>Cr\u00e9ez un authentique effet de fa\u00efen\u00e7age vintage sur votre guitare.<\/strong><\/p>\n<p>Le <strong>spray de cong\u00e9lation <\/strong>est l&rsquo;outil id\u00e9al pour obtenir un <strong>effet de fa\u00efen\u00e7age (checking)<\/strong> r\u00e9aliste sur les guitares avec une finition en laque nitrocellulose. Il produit un refroidissement instantan\u00e9 qui g\u00e9n\u00e8re un choc thermique contr\u00f4l\u00e9, reproduisant le vieillissement naturel des instruments vintage, et permettant de rehausser cet effet sur des zones sp\u00e9cifiques de la guitare.<\/p>\n<ul>\n<li>Refroidissement extr\u00eame instantan\u00e9<\/li>\n<li>Sp\u00e9cialement con\u00e7u pour la laque nitrocellulose<\/li>\n<li>G\u00e9n\u00e8re des fissures fines, naturelles et r\u00e9alistes<\/li>\n<li>Ne laisse ni r\u00e9sidus ni humidit\u00e9<\/li>\n<li>Application pr\u00e9cise et contr\u00f4l\u00e9e<\/li>\n<li>Id\u00e9al pour les projets relic et la restauration vintage<\/li>\n<\/ul>\n<p><strong>Spray 400 ml<\/strong><\/p>\n","protected":false},"featured_media":86204,"comment_status":"closed","ping_status":"closed","template":"","meta":{"om_disable_all_campaigns":false,"site-sidebar-layout":"no-sidebar","site-content-layout":"plain-container","ast-site-content-layout":"default","site-content-style":"default","site-sidebar-style":"default","ast-global-header-display":"","ast-banner-title-visibility":"","ast-main-header-display":"","ast-hfb-above-header-display":"","ast-hfb-below-header-display":"","ast-hfb-mobile-header-display":"","site-post-title":"disabled","ast-breadcrumbs-content":"","ast-featured-img":"disabled","footer-sml-layout":"","ast-disable-related-posts":"","theme-transparent-header-meta":"default","adv-header-id-meta":"","stick-header-meta":"default","header-above-stick-meta":"","header-main-stick-meta":"","header-below-stick-meta":"","astra-migrate-meta-layouts":"set","ast-page-background-enabled":"default","ast-page-background-meta":{"desktop":{"background-color":"var(--ast-global-color-4)","background-image":"","background-repeat":"repeat","background-position":"center center","background-size":"auto","background-attachment":"scroll","background-type":"","background-media":"","overlay-type":"","overlay-color":"","overlay-opacity":"","overlay-gradient":""},"tablet":{"background-color":"","background-image":"","background-repeat":"repeat","background-position":"center center","background-size":"auto","background-attachment":"scroll","background-type":"","background-media":"","overlay-type":"","overlay-color":"","overlay-opacity":"","overlay-gradient":""},"mobile":{"background-color":"","background-image":"","background-repeat":"repeat","background-position":"center center","background-size":"auto","background-attachment":"scroll","background-type":"","background-media":"","overlay-type":"","overlay-color":"","overlay-opacity":"","overlay-gradient":""}},"ast-content-background-meta":{"desktop":{"background-color":"var(--ast-global-color-5)","background-image":"","background-repeat":"repeat","background-position":"center center","background-size":"auto","background-attachment":"scroll","background-type":"","background-media":"","overlay-type":"","overlay-color":"","overlay-opacity":"","overlay-gradient":""},"tablet":{"background-color":"var(--ast-global-color-5)","background-image":"","background-repeat":"repeat","background-position":"center center","background-size":"auto","background-attachment":"scroll","background-type":"","background-media":"","overlay-type":"","overlay-color":"","overlay-opacity":"","overlay-gradient":""},"mobile":{"background-color":"var(--ast-global-color-5)","background-image":"","background-repeat":"repeat","background-position":"center center","background-size":"auto","background-attachment":"scroll","background-type":"","background-media":"","overlay-type":"","overlay-color":"","overlay-opacity":"","overlay-gradient":""}}},"product_brand":[],"product_cat":[85,338],"product_tag":[],"class_list":{"0":"post-85870","1":"product","2":"type-product","3":"status-publish","4":"has-post-thumbnail","6":"product_cat-accessories","7":"product_cat-divers-fr","8":"desktop-align-center","9":"tablet-align-center","10":"mobile-align-center","11":"ast-product-gallery-layout-horizontal-slider","12":"ast-product-tabs-layout-horizontal","14":"first","15":"instock","16":"taxable","17":"shipping-taxable","18":"purchasable","19":"product-type-simple"},"bundled_by":[],"bundle_stock_status":"instock","bundle_stock_quantity":null,"bundle_virtual":false,"bundle_layout":"","bundle_add_to_cart_form_location":"","bundle_editable_in_cart":false,"bundle_sold_individually_context":"","bundle_item_grouping":"","bundle_min_size":"","bundle_max_size":"","bundle_price":[],"bundled_items":[],"bundle_sell_ids":[66293],"yoast_head":"<!-- This site is optimized with the Yoast SEO plugin v27.4 - https:\/\/yoast.com\/product\/yoast-seo-wordpress\/ -->\n<title>SPRAY DE CONG\u00c9LATION | Nitorlack<\/title>\n<meta name=\"description\" content=\"Spray de cong\u00e9lation pour processus de craquelage de pr\u00e9cision. Cr\u00e9e des micro-fissures subtiles et compl\u00e8te vos vernis Relic ou Golden Age gr\u00e2ce \u00e0 un choc thermique contr\u00f4l\u00e9.\" \/>\n<meta name=\"robots\" content=\"index, follow, max-snippet:-1, max-image-preview:large, max-video-preview:-1\" \/>\n<link rel=\"canonical\" href=\"https:\/\/nitorlack.com\/fr\/barniz\/accessories\/divers-fr\/spray-de-congelation\/\" \/>\n<meta property=\"og:locale\" content=\"fr_FR\" \/>\n<meta property=\"og:type\" content=\"article\" \/>\n<meta property=\"og:title\" content=\"SPRAY DE CONG\u00c9LATION | Nitorlack\" \/>\n<meta property=\"og:description\" content=\"Spray de cong\u00e9lation pour processus de craquelage de pr\u00e9cision. Cr\u00e9e des micro-fissures subtiles et compl\u00e8te vos vernis Relic ou Golden Age gr\u00e2ce \u00e0 un choc thermique contr\u00f4l\u00e9.\" \/>\n<meta property=\"og:url\" content=\"https:\/\/nitorlack.com\/fr\/barniz\/accessories\/divers-fr\/spray-de-congelation\/\" \/>\n<meta property=\"og:site_name\" content=\"Nitorlack\" \/>\n<meta property=\"article:modified_time\" content=\"2026-03-09T10:50:03+00:00\" \/>\n<meta property=\"og:image\" content=\"https:\/\/nitorlack.com\/wp-content\/uploads\/2026\/02\/ChatGPT-Image-5-mar-2026-16_26_37-2.png\" \/>\n\t<meta property=\"og:image:width\" content=\"1536\" \/>\n\t<meta property=\"og:image:height\" content=\"1536\" \/>\n\t<meta property=\"og:image:type\" content=\"image\/png\" \/>\n<meta name=\"twitter:card\" content=\"summary_large_image\" \/>\n<meta name=\"twitter:label1\" content=\"Dur\u00e9e de lecture estim\u00e9e\" \/>\n\t<meta name=\"twitter:data1\" content=\"2 minutes\" \/>\n<script type=\"application\/ld+json\" class=\"yoast-schema-graph\">{\"@context\":\"https:\\\/\\\/schema.org\",\"@graph\":[{\"@type\":\"WebPage\",\"@id\":\"https:\\\/\\\/nitorlack.com\\\/fr\\\/barniz\\\/accessories\\\/divers-fr\\\/spray-de-congelation\\\/\",\"url\":\"https:\\\/\\\/nitorlack.com\\\/fr\\\/barniz\\\/accessories\\\/divers-fr\\\/spray-de-congelation\\\/\",\"name\":\"SPRAY DE CONG\u00c9LATION | Nitorlack\",\"isPartOf\":{\"@id\":\"https:\\\/\\\/nitorlack.com\\\/fr\\\/#website\"},\"primaryImageOfPage\":{\"@id\":\"https:\\\/\\\/nitorlack.com\\\/fr\\\/barniz\\\/accessories\\\/divers-fr\\\/spray-de-congelation\\\/#primaryimage\"},\"image\":{\"@id\":\"https:\\\/\\\/nitorlack.com\\\/fr\\\/barniz\\\/accessories\\\/divers-fr\\\/spray-de-congelation\\\/#primaryimage\"},\"thumbnailUrl\":\"https:\\\/\\\/nitorlack.com\\\/wp-content\\\/uploads\\\/2026\\\/02\\\/BOTE-freezer-WEB.jpg\",\"datePublished\":\"2026-02-27T09:01:16+00:00\",\"dateModified\":\"2026-03-09T10:50:03+00:00\",\"description\":\"Spray de cong\u00e9lation pour processus de craquelage de pr\u00e9cision. Cr\u00e9e des micro-fissures subtiles et compl\u00e8te vos vernis Relic ou Golden Age gr\u00e2ce \u00e0 un choc thermique contr\u00f4l\u00e9.\",\"breadcrumb\":{\"@id\":\"https:\\\/\\\/nitorlack.com\\\/fr\\\/barniz\\\/accessories\\\/divers-fr\\\/spray-de-congelation\\\/#breadcrumb\"},\"inLanguage\":\"fr-FR\",\"potentialAction\":[{\"@type\":\"ReadAction\",\"target\":[\"https:\\\/\\\/nitorlack.com\\\/fr\\\/barniz\\\/accessories\\\/divers-fr\\\/spray-de-congelation\\\/\"]}]},{\"@type\":\"ImageObject\",\"inLanguage\":\"fr-FR\",\"@id\":\"https:\\\/\\\/nitorlack.com\\\/fr\\\/barniz\\\/accessories\\\/divers-fr\\\/spray-de-congelation\\\/#primaryimage\",\"url\":\"https:\\\/\\\/nitorlack.com\\\/wp-content\\\/uploads\\\/2026\\\/02\\\/BOTE-freezer-WEB.jpg\",\"contentUrl\":\"https:\\\/\\\/nitorlack.com\\\/wp-content\\\/uploads\\\/2026\\\/02\\\/BOTE-freezer-WEB.jpg\",\"width\":1200,\"height\":1200,\"caption\":\"spray comgelante\"},{\"@type\":\"BreadcrumbList\",\"@id\":\"https:\\\/\\\/nitorlack.com\\\/fr\\\/barniz\\\/accessories\\\/divers-fr\\\/spray-de-congelation\\\/#breadcrumb\",\"itemListElement\":[{\"@type\":\"ListItem\",\"position\":1,\"name\":\"Page de Couverture\",\"item\":\"https:\\\/\\\/nitorlack.com\\\/fr\\\/\"},{\"@type\":\"ListItem\",\"position\":2,\"name\":\"Boutique\",\"item\":\"https:\\\/\\\/nitorlack.com\\\/fr\\\/boutique\\\/\"},{\"@type\":\"ListItem\",\"position\":3,\"name\":\"SPRAY DE CONG\u00c9LATION\"}]},{\"@type\":\"WebSite\",\"@id\":\"https:\\\/\\\/nitorlack.com\\\/fr\\\/#website\",\"url\":\"https:\\\/\\\/nitorlack.com\\\/fr\\\/\",\"name\":\"Nitorlack\",\"description\":\"Guitar Lacquers\",\"publisher\":{\"@id\":\"https:\\\/\\\/nitorlack.com\\\/fr\\\/#organization\"},\"potentialAction\":[{\"@type\":\"SearchAction\",\"target\":{\"@type\":\"EntryPoint\",\"urlTemplate\":\"https:\\\/\\\/nitorlack.com\\\/fr\\\/?s={search_term_string}\"},\"query-input\":{\"@type\":\"PropertyValueSpecification\",\"valueRequired\":true,\"valueName\":\"search_term_string\"}}],\"inLanguage\":\"fr-FR\"},{\"@type\":\"Organization\",\"@id\":\"https:\\\/\\\/nitorlack.com\\\/fr\\\/#organization\",\"name\":\"Nitorlack\",\"url\":\"https:\\\/\\\/nitorlack.com\\\/fr\\\/\",\"logo\":{\"@type\":\"ImageObject\",\"inLanguage\":\"fr-FR\",\"@id\":\"https:\\\/\\\/nitorlack.com\\\/fr\\\/#\\\/schema\\\/logo\\\/image\\\/\",\"url\":\"http:\\\/\\\/nitorlack.com\\\/wp-content\\\/uploads\\\/2016\\\/02\\\/cropped-galleta-negra-1.jpg\",\"contentUrl\":\"http:\\\/\\\/nitorlack.com\\\/wp-content\\\/uploads\\\/2016\\\/02\\\/cropped-galleta-negra-1.jpg\",\"width\":512,\"height\":512,\"caption\":\"Nitorlack\"},\"image\":{\"@id\":\"https:\\\/\\\/nitorlack.com\\\/fr\\\/#\\\/schema\\\/logo\\\/image\\\/\"}}]}<\/script>\n<!-- \/ Yoast SEO plugin. -->","yoast_head_json":{"title":"SPRAY DE CONG\u00c9LATION | Nitorlack","description":"Spray de cong\u00e9lation pour processus de craquelage de pr\u00e9cision. Cr\u00e9e des micro-fissures subtiles et compl\u00e8te vos vernis Relic ou Golden Age gr\u00e2ce \u00e0 un choc thermique contr\u00f4l\u00e9.","robots":{"index":"index","follow":"follow","max-snippet":"max-snippet:-1","max-image-preview":"max-image-preview:large","max-video-preview":"max-video-preview:-1"},"canonical":"https:\/\/nitorlack.com\/fr\/barniz\/accessories\/divers-fr\/spray-de-congelation\/","og_locale":"fr_FR","og_type":"article","og_title":"SPRAY DE CONG\u00c9LATION | Nitorlack","og_description":"Spray de cong\u00e9lation pour processus de craquelage de pr\u00e9cision. Cr\u00e9e des micro-fissures subtiles et compl\u00e8te vos vernis Relic ou Golden Age gr\u00e2ce \u00e0 un choc thermique contr\u00f4l\u00e9.","og_url":"https:\/\/nitorlack.com\/fr\/barniz\/accessories\/divers-fr\/spray-de-congelation\/","og_site_name":"Nitorlack","article_modified_time":"2026-03-09T10:50:03+00:00","og_image":[{"width":1536,"height":1536,"url":"https:\/\/nitorlack.com\/wp-content\/uploads\/2026\/02\/ChatGPT-Image-5-mar-2026-16_26_37-2.png","type":"image\/png"}],"twitter_card":"summary_large_image","twitter_misc":{"Dur\u00e9e de lecture estim\u00e9e":"2 minutes"},"schema":{"@context":"https:\/\/schema.org","@graph":[{"@type":"WebPage","@id":"https:\/\/nitorlack.com\/fr\/barniz\/accessories\/divers-fr\/spray-de-congelation\/","url":"https:\/\/nitorlack.com\/fr\/barniz\/accessories\/divers-fr\/spray-de-congelation\/","name":"SPRAY DE CONG\u00c9LATION | Nitorlack","isPartOf":{"@id":"https:\/\/nitorlack.com\/fr\/#website"},"primaryImageOfPage":{"@id":"https:\/\/nitorlack.com\/fr\/barniz\/accessories\/divers-fr\/spray-de-congelation\/#primaryimage"},"image":{"@id":"https:\/\/nitorlack.com\/fr\/barniz\/accessories\/divers-fr\/spray-de-congelation\/#primaryimage"},"thumbnailUrl":"https:\/\/nitorlack.com\/wp-content\/uploads\/2026\/02\/BOTE-freezer-WEB.jpg","datePublished":"2026-02-27T09:01:16+00:00","dateModified":"2026-03-09T10:50:03+00:00","description":"Spray de cong\u00e9lation pour processus de craquelage de pr\u00e9cision. Cr\u00e9e des micro-fissures subtiles et compl\u00e8te vos vernis Relic ou Golden Age gr\u00e2ce \u00e0 un choc thermique contr\u00f4l\u00e9.","breadcrumb":{"@id":"https:\/\/nitorlack.com\/fr\/barniz\/accessories\/divers-fr\/spray-de-congelation\/#breadcrumb"},"inLanguage":"fr-FR","potentialAction":[{"@type":"ReadAction","target":["https:\/\/nitorlack.com\/fr\/barniz\/accessories\/divers-fr\/spray-de-congelation\/"]}]},{"@type":"ImageObject","inLanguage":"fr-FR","@id":"https:\/\/nitorlack.com\/fr\/barniz\/accessories\/divers-fr\/spray-de-congelation\/#primaryimage","url":"https:\/\/nitorlack.com\/wp-content\/uploads\/2026\/02\/BOTE-freezer-WEB.jpg","contentUrl":"https:\/\/nitorlack.com\/wp-content\/uploads\/2026\/02\/BOTE-freezer-WEB.jpg","width":1200,"height":1200,"caption":"spray comgelante"},{"@type":"BreadcrumbList","@id":"https:\/\/nitorlack.com\/fr\/barniz\/accessories\/divers-fr\/spray-de-congelation\/#breadcrumb","itemListElement":[{"@type":"ListItem","position":1,"name":"Page de Couverture","item":"https:\/\/nitorlack.com\/fr\/"},{"@type":"ListItem","position":2,"name":"Boutique","item":"https:\/\/nitorlack.com\/fr\/boutique\/"},{"@type":"ListItem","position":3,"name":"SPRAY DE CONG\u00c9LATION"}]},{"@type":"WebSite","@id":"https:\/\/nitorlack.com\/fr\/#website","url":"https:\/\/nitorlack.com\/fr\/","name":"Nitorlack","description":"Guitar Lacquers","publisher":{"@id":"https:\/\/nitorlack.com\/fr\/#organization"},"potentialAction":[{"@type":"SearchAction","target":{"@type":"EntryPoint","urlTemplate":"https:\/\/nitorlack.com\/fr\/?s={search_term_string}"},"query-input":{"@type":"PropertyValueSpecification","valueRequired":true,"valueName":"search_term_string"}}],"inLanguage":"fr-FR"},{"@type":"Organization","@id":"https:\/\/nitorlack.com\/fr\/#organization","name":"Nitorlack","url":"https:\/\/nitorlack.com\/fr\/","logo":{"@type":"ImageObject","inLanguage":"fr-FR","@id":"https:\/\/nitorlack.com\/fr\/#\/schema\/logo\/image\/","url":"http:\/\/nitorlack.com\/wp-content\/uploads\/2016\/02\/cropped-galleta-negra-1.jpg","contentUrl":"http:\/\/nitorlack.com\/wp-content\/uploads\/2016\/02\/cropped-galleta-negra-1.jpg","width":512,"height":512,"caption":"Nitorlack"},"image":{"@id":"https:\/\/nitorlack.com\/fr\/#\/schema\/logo\/image\/"}}]}},"_links":{"self":[{"href":"https:\/\/nitorlack.com\/fr\/wp-json\/wp\/v2\/product\/85870","targetHints":{"allow":["GET"]}}],"collection":[{"href":"https:\/\/nitorlack.com\/fr\/wp-json\/wp\/v2\/product"}],"about":[{"href":"https:\/\/nitorlack.com\/fr\/wp-json\/wp\/v2\/types\/product"}],"replies":[{"embeddable":true,"href":"https:\/\/nitorlack.com\/fr\/wp-json\/wp\/v2\/comments?post=85870"}],"wp:featuredmedia":[{"embeddable":true,"href":"https:\/\/nitorlack.com\/fr\/wp-json\/wp\/v2\/media\/86204"}],"wp:attachment":[{"href":"https:\/\/nitorlack.com\/fr\/wp-json\/wp\/v2\/media?parent=85870"}],"wp:term":[{"taxonomy":"product_brand","embeddable":true,"href":"https:\/\/nitorlack.com\/fr\/wp-json\/wp\/v2\/product_brand?post=85870"},{"taxonomy":"product_cat","embeddable":true,"href":"https:\/\/nitorlack.com\/fr\/wp-json\/wp\/v2\/product_cat?post=85870"},{"taxonomy":"product_tag","embeddable":true,"href":"https:\/\/nitorlack.com\/fr\/wp-json\/wp\/v2\/product_tag?post=85870"}],"curies":[{"name":"wp","href":"https:\/\/api.w.org\/{rel}","templated":true}]}}