{"id":73899,"date":"2024-07-29T15:31:22","date_gmt":"2024-07-29T13:31:22","guid":{"rendered":"https:\/\/nitorlack.com\/barniz\/sin categor\u00eda\/pistolet-a-peinture-14-mm\/"},"modified":"2026-03-06T17:17:55","modified_gmt":"2026-03-06T15:17:55","slug":"pistolet-a-peinture-14-mm","status":"publish","type":"product","link":"https:\/\/nitorlack.com\/fr\/barniz\/accessories\/pistolet-de-pulverisation\/pistolet-a-peinture-14-mm\/","title":{"rendered":"PISTOLET \u00c0 PEINTURE 1,4 mm"},"content":{"rendered":"<h3>Recommandations d&rsquo;utilisation:<\/h3>\n<ul>\n<li><strong>Essais pr\u00e9liminaires<\/strong>: avant de commencer, effectuez des essais de pulv\u00e9risation sur un mat\u00e9riau de rebut afin d&rsquo;ajuster les r\u00e9glages optimaux du pistolet.<\/li>\n<li><strong>\u00c9quipement de protection individuelle<\/strong>: Portez toujours des masques et des lunettes pour vous prot\u00e9ger des vapeurs et des particules pendant l&rsquo;utilisation.<\/li>\n<li><strong>Nettoyage apr\u00e8s utilisation<\/strong>: Apr\u00e8s chaque utilisation, nettoyez le r\u00e9servoir et la buse pour \u00e9viter qu&rsquo;ils ne se bouchent et pour garantir une pulv\u00e9risation efficace.<\/li>\n<li><strong>Stockage appropri\u00e9<\/strong>: stocker le pistolet dans un endroit frais et sec, en \u00e9vitant de l&rsquo;exposer \u00e0 des temp\u00e9ratures extr\u00eames et \u00e0 une humidit\u00e9 excessive afin de pr\u00e9server l&rsquo;int\u00e9grit\u00e9 de ses composants internes.<\/li>\n<li><strong>Ventilation ad\u00e9quate<\/strong>: travailler dans un endroit bien ventil\u00e9 pour \u00e9viter l&rsquo;accumulation de fum\u00e9es toxiques.<\/li>\n<\/ul>\n<h3>Recommandations d&rsquo;entretien:<\/h3>\n<ul>\n<li><strong>Nettoyage r\u00e9gulier<\/strong>: d\u00e9montez et nettoyez r\u00e9guli\u00e8rement la buse et l&rsquo;aiguille pour \u00e9viter l&rsquo;accumulation de peinture s\u00e8che, qui peut affecter les performances du pistolet.<\/li>\n<li><strong>Inspection des joints et des<\/strong> garnitures: v\u00e9rifiez r\u00e9guli\u00e8rement les joints et les garnitures pour \u00e9viter les fuites d&rsquo;air ou de peinture, qui peuvent r\u00e9duire l&rsquo;efficacit\u00e9 du pistolet.<\/li>\n<li><strong>Remplacement des pi\u00e8ces<\/strong> us\u00e9es: Remplacer imm\u00e9diatement les pi\u00e8ces us\u00e9es ou endommag\u00e9es afin de maintenir les performances optimales du pistolet.<\/li>\n<\/ul>\n","protected":false},"excerpt":{"rendered":"<p>Le pistolet \u00e0 peinture par gravit\u00e9 HVLP de Nitorlack est un outil tr\u00e8s efficace, id\u00e9al pour les travaux de peinture professionnels. Construit avec un corps robuste en acier et en aluminium, ce pistolet garantit la durabilit\u00e9 et la facilit\u00e9 d&rsquo;application. Recommand\u00e9 pour ceux qui veulent aller plus loin dans l&rsquo;application des vernis et des peintures.<\/p>\n<h3>Caract\u00e9ristiques techniques:<\/h3>\n<ul>\n<li><strong>Buse standard de 1,4 mm<\/strong>: cette buse est d\u00e9j\u00e0 mont\u00e9e sur le pistolet de pulv\u00e9risation. Elle est g\u00e9n\u00e9ralement utilis\u00e9e pour les couleurs et les finitions.<\/li>\n<li><strong>Buse de 1,7 mm en option : <\/strong>une buse de cette taille peut \u00eatre achet\u00e9e en option, plus adapt\u00e9e aux produits \u00e0 base d&rsquo;eau et aux couches de fond, qui n\u00e9cessitent g\u00e9n\u00e9ralement un aspect plus dense pour leur application.<\/li>\n<li><strong>Ventilateur r\u00e9glable<\/strong>: le ventilateur de 160-225 mm permet une application pr\u00e9cise et uniforme du mat\u00e9riau, en s&rsquo;adaptant aux diff\u00e9rents besoins de travail.<\/li>\n<li><strong>R\u00e9gulation du produit et du d\u00e9bit d&rsquo;air :<\/strong> elle permet un contr\u00f4le absolu de la quantit\u00e9 de peinture et de la pression \u00e0 laquelle elle sera appliqu\u00e9e.<\/li>\n<li><strong>R\u00e9servoir de 600 CC : <\/strong>syst\u00e8me anti-goutte int\u00e9gr\u00e9.<\/li>\n<\/ul>\n","protected":false},"featured_media":73872,"comment_status":"open","ping_status":"closed","template":"","meta":{"om_disable_all_campaigns":false,"site-sidebar-layout":"default","site-content-layout":"","ast-site-content-layout":"default","site-content-style":"default","site-sidebar-style":"default","ast-global-header-display":"","ast-banner-title-visibility":"","ast-main-header-display":"","ast-hfb-above-header-display":"","ast-hfb-below-header-display":"","ast-hfb-mobile-header-display":"","site-post-title":"disabled","ast-breadcrumbs-content":"","ast-featured-img":"disabled","footer-sml-layout":"","ast-disable-related-posts":"","theme-transparent-header-meta":"default","adv-header-id-meta":"","stick-header-meta":"default","header-above-stick-meta":"","header-main-stick-meta":"","header-below-stick-meta":"","astra-migrate-meta-layouts":"default","ast-page-background-enabled":"default","ast-page-background-meta":{"desktop":{"background-color":"var(--ast-global-color-4)","background-image":"","background-repeat":"repeat","background-position":"center center","background-size":"auto","background-attachment":"scroll","background-type":"","background-media":"","overlay-type":"","overlay-color":"","overlay-opacity":"","overlay-gradient":""},"tablet":{"background-color":"","background-image":"","background-repeat":"repeat","background-position":"center center","background-size":"auto","background-attachment":"scroll","background-type":"","background-media":"","overlay-type":"","overlay-color":"","overlay-opacity":"","overlay-gradient":""},"mobile":{"background-color":"","background-image":"","background-repeat":"repeat","background-position":"center center","background-size":"auto","background-attachment":"scroll","background-type":"","background-media":"","overlay-type":"","overlay-color":"","overlay-opacity":"","overlay-gradient":""}},"ast-content-background-meta":{"desktop":{"background-color":"var(--ast-global-color-5)","background-image":"","background-repeat":"repeat","background-position":"center center","background-size":"auto","background-attachment":"scroll","background-type":"","background-media":"","overlay-type":"","overlay-color":"","overlay-opacity":"","overlay-gradient":""},"tablet":{"background-color":"var(--ast-global-color-5)","background-image":"","background-repeat":"repeat","background-position":"center center","background-size":"auto","background-attachment":"scroll","background-type":"","background-media":"","overlay-type":"","overlay-color":"","overlay-opacity":"","overlay-gradient":""},"mobile":{"background-color":"var(--ast-global-color-5)","background-image":"","background-repeat":"repeat","background-position":"center center","background-size":"auto","background-attachment":"scroll","background-type":"","background-media":"","overlay-type":"","overlay-color":"","overlay-opacity":"","overlay-gradient":""}}},"product_brand":[],"product_cat":[85,7914],"product_tag":[],"class_list":{"0":"post-73899","1":"product","2":"type-product","3":"status-publish","4":"has-post-thumbnail","6":"product_cat-accessories","7":"product_cat-pistolet-de-pulverisation","8":"desktop-align-center","9":"tablet-align-center","10":"mobile-align-center","11":"ast-product-gallery-layout-horizontal-slider","12":"ast-product-tabs-layout-horizontal","14":"first","15":"instock","16":"taxable","17":"shipping-taxable","18":"purchasable","19":"product-type-simple"},"bundled_by":[],"bundle_stock_status":"instock","bundle_stock_quantity":174,"bundle_virtual":false,"bundle_layout":"","bundle_add_to_cart_form_location":"","bundle_editable_in_cart":false,"bundle_sold_individually_context":"","bundle_item_grouping":"","bundle_min_size":"","bundle_max_size":"","bundle_price":[],"bundled_items":[],"bundle_sell_ids":[73901],"yoast_head":"<!-- This site is optimized with the Yoast SEO plugin v27.3 - https:\/\/yoast.com\/product\/yoast-seo-wordpress\/ -->\n<title>PISTOLET \u00c0 PEINTURE 1,4 mm | Nitorlack<\/title>\n<meta name=\"description\" content=\"Pistolet \u00e0 gravit\u00e9. Ce pistolet vous permettra d&#039;effectuer des travaux de peinture et de vernissage professionnels. Durable, pr\u00e9cis et facile \u00e0 utiliser.\" \/>\n<meta name=\"robots\" content=\"index, follow, max-snippet:-1, max-image-preview:large, max-video-preview:-1\" \/>\n<link rel=\"canonical\" href=\"https:\/\/nitorlack.com\/fr\/barniz\/accessories\/pistolet-de-pulverisation\/pistolet-a-peinture-14-mm\/\" \/>\n<meta property=\"og:locale\" content=\"fr_FR\" \/>\n<meta property=\"og:type\" content=\"article\" \/>\n<meta property=\"og:title\" content=\"PISTOLET \u00c0 PEINTURE 1,4 mm | Nitorlack\" \/>\n<meta property=\"og:description\" content=\"Pistolet \u00e0 gravit\u00e9. Ce pistolet vous permettra d&#039;effectuer des travaux de peinture et de vernissage professionnels. Durable, pr\u00e9cis et facile \u00e0 utiliser.\" \/>\n<meta property=\"og:url\" content=\"https:\/\/nitorlack.com\/fr\/barniz\/accessories\/pistolet-de-pulverisation\/pistolet-a-peinture-14-mm\/\" \/>\n<meta property=\"og:site_name\" content=\"Nitorlack\" \/>\n<meta property=\"article:modified_time\" content=\"2026-03-06T15:17:55+00:00\" \/>\n<meta property=\"og:image\" content=\"https:\/\/nitorlack.com\/wp-content\/uploads\/2024\/07\/PISTOLA-GRANDE-ACCESORIOS.jpg\" \/>\n\t<meta property=\"og:image:width\" content=\"1200\" \/>\n\t<meta property=\"og:image:height\" content=\"1200\" \/>\n\t<meta property=\"og:image:type\" content=\"image\/jpeg\" \/>\n<meta name=\"twitter:card\" content=\"summary_large_image\" \/>\n<meta name=\"twitter:label1\" content=\"Dur\u00e9e de lecture estim\u00e9e\" \/>\n\t<meta name=\"twitter:data1\" content=\"1 minute\" \/>\n<script type=\"application\/ld+json\" class=\"yoast-schema-graph\">{\"@context\":\"https:\\\/\\\/schema.org\",\"@graph\":[{\"@type\":\"WebPage\",\"@id\":\"https:\\\/\\\/nitorlack.com\\\/fr\\\/barniz\\\/accessories\\\/pistolet-de-pulverisation\\\/pistolet-a-peinture-14-mm\\\/\",\"url\":\"https:\\\/\\\/nitorlack.com\\\/fr\\\/barniz\\\/accessories\\\/pistolet-de-pulverisation\\\/pistolet-a-peinture-14-mm\\\/\",\"name\":\"PISTOLET \u00c0 PEINTURE 1,4 mm | Nitorlack\",\"isPartOf\":{\"@id\":\"https:\\\/\\\/nitorlack.com\\\/fr\\\/#website\"},\"primaryImageOfPage\":{\"@id\":\"https:\\\/\\\/nitorlack.com\\\/fr\\\/barniz\\\/accessories\\\/pistolet-de-pulverisation\\\/pistolet-a-peinture-14-mm\\\/#primaryimage\"},\"image\":{\"@id\":\"https:\\\/\\\/nitorlack.com\\\/fr\\\/barniz\\\/accessories\\\/pistolet-de-pulverisation\\\/pistolet-a-peinture-14-mm\\\/#primaryimage\"},\"thumbnailUrl\":\"https:\\\/\\\/nitorlack.com\\\/wp-content\\\/uploads\\\/2024\\\/07\\\/PISTOLA-GRANDE-ACCESORIOS.jpg\",\"datePublished\":\"2024-07-29T13:31:22+00:00\",\"dateModified\":\"2026-03-06T15:17:55+00:00\",\"description\":\"Pistolet \u00e0 gravit\u00e9. Ce pistolet vous permettra d'effectuer des travaux de peinture et de vernissage professionnels. Durable, pr\u00e9cis et facile \u00e0 utiliser.\",\"breadcrumb\":{\"@id\":\"https:\\\/\\\/nitorlack.com\\\/fr\\\/barniz\\\/accessories\\\/pistolet-de-pulverisation\\\/pistolet-a-peinture-14-mm\\\/#breadcrumb\"},\"inLanguage\":\"fr-FR\",\"potentialAction\":[{\"@type\":\"ReadAction\",\"target\":[\"https:\\\/\\\/nitorlack.com\\\/fr\\\/barniz\\\/accessories\\\/pistolet-de-pulverisation\\\/pistolet-a-peinture-14-mm\\\/\"]}]},{\"@type\":\"ImageObject\",\"inLanguage\":\"fr-FR\",\"@id\":\"https:\\\/\\\/nitorlack.com\\\/fr\\\/barniz\\\/accessories\\\/pistolet-de-pulverisation\\\/pistolet-a-peinture-14-mm\\\/#primaryimage\",\"url\":\"https:\\\/\\\/nitorlack.com\\\/wp-content\\\/uploads\\\/2024\\\/07\\\/PISTOLA-GRANDE-ACCESORIOS.jpg\",\"contentUrl\":\"https:\\\/\\\/nitorlack.com\\\/wp-content\\\/uploads\\\/2024\\\/07\\\/PISTOLA-GRANDE-ACCESORIOS.jpg\",\"width\":1200,\"height\":1200,\"caption\":\"Buse - Pistolet gravit\u00e9\"},{\"@type\":\"BreadcrumbList\",\"@id\":\"https:\\\/\\\/nitorlack.com\\\/fr\\\/barniz\\\/accessories\\\/pistolet-de-pulverisation\\\/pistolet-a-peinture-14-mm\\\/#breadcrumb\",\"itemListElement\":[{\"@type\":\"ListItem\",\"position\":1,\"name\":\"Page de Couverture\",\"item\":\"https:\\\/\\\/nitorlack.com\\\/fr\\\/\"},{\"@type\":\"ListItem\",\"position\":2,\"name\":\"Boutique\",\"item\":\"https:\\\/\\\/nitorlack.com\\\/fr\\\/boutique\\\/\"},{\"@type\":\"ListItem\",\"position\":3,\"name\":\"PISTOLET \u00c0 PEINTURE 1,4 mm\"}]},{\"@type\":\"WebSite\",\"@id\":\"https:\\\/\\\/nitorlack.com\\\/fr\\\/#website\",\"url\":\"https:\\\/\\\/nitorlack.com\\\/fr\\\/\",\"name\":\"Nitorlack\",\"description\":\"Guitar Lacquers\",\"publisher\":{\"@id\":\"https:\\\/\\\/nitorlack.com\\\/fr\\\/#organization\"},\"potentialAction\":[{\"@type\":\"SearchAction\",\"target\":{\"@type\":\"EntryPoint\",\"urlTemplate\":\"https:\\\/\\\/nitorlack.com\\\/fr\\\/?s={search_term_string}\"},\"query-input\":{\"@type\":\"PropertyValueSpecification\",\"valueRequired\":true,\"valueName\":\"search_term_string\"}}],\"inLanguage\":\"fr-FR\"},{\"@type\":\"Organization\",\"@id\":\"https:\\\/\\\/nitorlack.com\\\/fr\\\/#organization\",\"name\":\"Nitorlack\",\"url\":\"https:\\\/\\\/nitorlack.com\\\/fr\\\/\",\"logo\":{\"@type\":\"ImageObject\",\"inLanguage\":\"fr-FR\",\"@id\":\"https:\\\/\\\/nitorlack.com\\\/fr\\\/#\\\/schema\\\/logo\\\/image\\\/\",\"url\":\"http:\\\/\\\/nitorlack.com\\\/wp-content\\\/uploads\\\/2016\\\/02\\\/cropped-galleta-negra-1.jpg\",\"contentUrl\":\"http:\\\/\\\/nitorlack.com\\\/wp-content\\\/uploads\\\/2016\\\/02\\\/cropped-galleta-negra-1.jpg\",\"width\":512,\"height\":512,\"caption\":\"Nitorlack\"},\"image\":{\"@id\":\"https:\\\/\\\/nitorlack.com\\\/fr\\\/#\\\/schema\\\/logo\\\/image\\\/\"}}]}<\/script>\n<!-- \/ Yoast SEO plugin. -->","yoast_head_json":{"title":"PISTOLET \u00c0 PEINTURE 1,4 mm | Nitorlack","description":"Pistolet \u00e0 gravit\u00e9. Ce pistolet vous permettra d'effectuer des travaux de peinture et de vernissage professionnels. Durable, pr\u00e9cis et facile \u00e0 utiliser.","robots":{"index":"index","follow":"follow","max-snippet":"max-snippet:-1","max-image-preview":"max-image-preview:large","max-video-preview":"max-video-preview:-1"},"canonical":"https:\/\/nitorlack.com\/fr\/barniz\/accessories\/pistolet-de-pulverisation\/pistolet-a-peinture-14-mm\/","og_locale":"fr_FR","og_type":"article","og_title":"PISTOLET \u00c0 PEINTURE 1,4 mm | Nitorlack","og_description":"Pistolet \u00e0 gravit\u00e9. Ce pistolet vous permettra d'effectuer des travaux de peinture et de vernissage professionnels. Durable, pr\u00e9cis et facile \u00e0 utiliser.","og_url":"https:\/\/nitorlack.com\/fr\/barniz\/accessories\/pistolet-de-pulverisation\/pistolet-a-peinture-14-mm\/","og_site_name":"Nitorlack","article_modified_time":"2026-03-06T15:17:55+00:00","og_image":[{"width":1200,"height":1200,"url":"https:\/\/nitorlack.com\/wp-content\/uploads\/2024\/07\/PISTOLA-GRANDE-ACCESORIOS.jpg","type":"image\/jpeg"}],"twitter_card":"summary_large_image","twitter_misc":{"Dur\u00e9e de lecture estim\u00e9e":"1 minute"},"schema":{"@context":"https:\/\/schema.org","@graph":[{"@type":"WebPage","@id":"https:\/\/nitorlack.com\/fr\/barniz\/accessories\/pistolet-de-pulverisation\/pistolet-a-peinture-14-mm\/","url":"https:\/\/nitorlack.com\/fr\/barniz\/accessories\/pistolet-de-pulverisation\/pistolet-a-peinture-14-mm\/","name":"PISTOLET \u00c0 PEINTURE 1,4 mm | Nitorlack","isPartOf":{"@id":"https:\/\/nitorlack.com\/fr\/#website"},"primaryImageOfPage":{"@id":"https:\/\/nitorlack.com\/fr\/barniz\/accessories\/pistolet-de-pulverisation\/pistolet-a-peinture-14-mm\/#primaryimage"},"image":{"@id":"https:\/\/nitorlack.com\/fr\/barniz\/accessories\/pistolet-de-pulverisation\/pistolet-a-peinture-14-mm\/#primaryimage"},"thumbnailUrl":"https:\/\/nitorlack.com\/wp-content\/uploads\/2024\/07\/PISTOLA-GRANDE-ACCESORIOS.jpg","datePublished":"2024-07-29T13:31:22+00:00","dateModified":"2026-03-06T15:17:55+00:00","description":"Pistolet \u00e0 gravit\u00e9. Ce pistolet vous permettra d'effectuer des travaux de peinture et de vernissage professionnels. Durable, pr\u00e9cis et facile \u00e0 utiliser.","breadcrumb":{"@id":"https:\/\/nitorlack.com\/fr\/barniz\/accessories\/pistolet-de-pulverisation\/pistolet-a-peinture-14-mm\/#breadcrumb"},"inLanguage":"fr-FR","potentialAction":[{"@type":"ReadAction","target":["https:\/\/nitorlack.com\/fr\/barniz\/accessories\/pistolet-de-pulverisation\/pistolet-a-peinture-14-mm\/"]}]},{"@type":"ImageObject","inLanguage":"fr-FR","@id":"https:\/\/nitorlack.com\/fr\/barniz\/accessories\/pistolet-de-pulverisation\/pistolet-a-peinture-14-mm\/#primaryimage","url":"https:\/\/nitorlack.com\/wp-content\/uploads\/2024\/07\/PISTOLA-GRANDE-ACCESORIOS.jpg","contentUrl":"https:\/\/nitorlack.com\/wp-content\/uploads\/2024\/07\/PISTOLA-GRANDE-ACCESORIOS.jpg","width":1200,"height":1200,"caption":"Buse - Pistolet gravit\u00e9"},{"@type":"BreadcrumbList","@id":"https:\/\/nitorlack.com\/fr\/barniz\/accessories\/pistolet-de-pulverisation\/pistolet-a-peinture-14-mm\/#breadcrumb","itemListElement":[{"@type":"ListItem","position":1,"name":"Page de Couverture","item":"https:\/\/nitorlack.com\/fr\/"},{"@type":"ListItem","position":2,"name":"Boutique","item":"https:\/\/nitorlack.com\/fr\/boutique\/"},{"@type":"ListItem","position":3,"name":"PISTOLET \u00c0 PEINTURE 1,4 mm"}]},{"@type":"WebSite","@id":"https:\/\/nitorlack.com\/fr\/#website","url":"https:\/\/nitorlack.com\/fr\/","name":"Nitorlack","description":"Guitar Lacquers","publisher":{"@id":"https:\/\/nitorlack.com\/fr\/#organization"},"potentialAction":[{"@type":"SearchAction","target":{"@type":"EntryPoint","urlTemplate":"https:\/\/nitorlack.com\/fr\/?s={search_term_string}"},"query-input":{"@type":"PropertyValueSpecification","valueRequired":true,"valueName":"search_term_string"}}],"inLanguage":"fr-FR"},{"@type":"Organization","@id":"https:\/\/nitorlack.com\/fr\/#organization","name":"Nitorlack","url":"https:\/\/nitorlack.com\/fr\/","logo":{"@type":"ImageObject","inLanguage":"fr-FR","@id":"https:\/\/nitorlack.com\/fr\/#\/schema\/logo\/image\/","url":"http:\/\/nitorlack.com\/wp-content\/uploads\/2016\/02\/cropped-galleta-negra-1.jpg","contentUrl":"http:\/\/nitorlack.com\/wp-content\/uploads\/2016\/02\/cropped-galleta-negra-1.jpg","width":512,"height":512,"caption":"Nitorlack"},"image":{"@id":"https:\/\/nitorlack.com\/fr\/#\/schema\/logo\/image\/"}}]}},"_links":{"self":[{"href":"https:\/\/nitorlack.com\/fr\/wp-json\/wp\/v2\/product\/73899","targetHints":{"allow":["GET"]}}],"collection":[{"href":"https:\/\/nitorlack.com\/fr\/wp-json\/wp\/v2\/product"}],"about":[{"href":"https:\/\/nitorlack.com\/fr\/wp-json\/wp\/v2\/types\/product"}],"replies":[{"embeddable":true,"href":"https:\/\/nitorlack.com\/fr\/wp-json\/wp\/v2\/comments?post=73899"}],"wp:featuredmedia":[{"embeddable":true,"href":"https:\/\/nitorlack.com\/fr\/wp-json\/wp\/v2\/media\/73872"}],"wp:attachment":[{"href":"https:\/\/nitorlack.com\/fr\/wp-json\/wp\/v2\/media?parent=73899"}],"wp:term":[{"taxonomy":"product_brand","embeddable":true,"href":"https:\/\/nitorlack.com\/fr\/wp-json\/wp\/v2\/product_brand?post=73899"},{"taxonomy":"product_cat","embeddable":true,"href":"https:\/\/nitorlack.com\/fr\/wp-json\/wp\/v2\/product_cat?post=73899"},{"taxonomy":"product_tag","embeddable":true,"href":"https:\/\/nitorlack.com\/fr\/wp-json\/wp\/v2\/product_tag?post=73899"}],"curies":[{"name":"wp","href":"https:\/\/api.w.org\/{rel}","templated":true}]}}