{"id":72006,"date":"2024-05-06T10:44:09","date_gmt":"2024-05-06T08:44:09","guid":{"rendered":"https:\/\/nitorlack.com\/barniz\/sin%20categor\u00eda\/nitortint-caramel\/"},"modified":"2026-03-07T15:32:38","modified_gmt":"2026-03-07T13:32:38","slug":"nitortint-caramel","status":"publish","type":"product","link":"https:\/\/nitorlack.com\/fr\/barniz\/teintures-guitare-electric-fr\/classique-flamenco\/nitortint-caramel\/","title":{"rendered":"NITORTINT CARAMEL"},"content":{"rendered":"<div class=\"wpb-content-wrapper\"><p>[vc_row full_width=\u00a0\u00bbstretch_row\u00a0\u00bb css=\u00a0\u00bb.vc_custom_1581589945399{background-color: #e8e8e8 !important;}\u00a0\u00bb][vc_column width=\u00a0\u00bb1\/2&Prime;][vc_column_text]<\/p>\n<h2>Teinture couleur caramel pour guitare classique<\/h2>\n<h5>Bo\u00eete de 250 ml<\/h5>\n<p>Les colorants jaunes pour guitare flamenca NitorTINT sont sp\u00e9cialement con\u00e7us pour changer la couleur du bois avec une transparence maximale sans alt\u00e9rer le maillage du bois naturel. Il s&rsquo;agit de colorants concentr\u00e9s \u00e0 double utilit\u00e9. D&rsquo;une part, ils peuvent \u00eatre dilu\u00e9s avec un solvant pour \u00eatre appliqu\u00e9s directement sur le bois avec un colorant pour bois ou un a\u00e9rographe. D&rsquo;autre part, ils peuvent \u00eatre utilis\u00e9s pour colorer le vernis de finition. Ce sont des teintures universelles qui peuvent \u00eatre dilu\u00e9es dans <a href=\"https:\/\/nitorlack.com\/fr\/barniz\/dissolvants\/dissolvants-fr\/solvent-medium-copiar\/\">un solvant<\/a>, de l&rsquo;eau ou de l&rsquo;alcool. Dans le cas d&rsquo;une application par tamponnage, il est recommand\u00e9 d&rsquo;utiliser de l&rsquo;eau ou un diluant Nitorlack Retard. Les colorants NitorTINT doivent \u00eatre dilu\u00e9s entre 3% et 10% en fonction du type d&rsquo;application.[\/vc_column_text][\/vc_column][vc_column width=\u00a0\u00bb1\/2&Prime;][vc_single_image image=\u00a0\u00bb71993&Prime; img_size=\u00a0\u00bblarge\u00a0\u00bb css=\u00a0\u00bb\u00a0\u00bb][\/vc_column][\/vc_row][vc_row][vc_column][vc_empty_space height=\u00a0\u00bb80px\u00a0\u00bb][\/vc_column][\/vc_row][vc_row][vc_column width=\u00a0\u00bb1\/2&Prime;][vc_single_image image=\u00a0\u00bb27725&Prime; img_size=\u00a0\u00bblarge\u00a0\u00bb][\/vc_column][vc_column width=\u00a0\u00bb1\/2&Prime;][vc_column_text]<\/p>\n<h2>Fait ressortir les veines du bois<\/h2>\n<p>Mettez en valeur la beaut\u00e9 de n&rsquo;importe quel bois en soulignant son grain avec les teintures NitorTINT. Diluez la teinture avec du Solvent Retard ou de l&rsquo;eau et, \u00e0 l&rsquo;aide d&rsquo;un tampon de teinture pour bois, vous pouvez obtenir cet effet 3D sur les dessus de bois tels que l&rsquo;\u00e9rable piqu\u00e9, l&rsquo;\u00e9rable flamm\u00e9 et les bois aux veines tr\u00e8s prononc\u00e9es. Une astuce pour faire ressortir les veines du bois consiste \u00e0 appliquer une teinture noire comme base et \u00e0 poncer, puis \u00e0 appliquer la teinture de la couleur de votre choix. Vous obtiendrez un effet beaucoup plus prononc\u00e9 car la teinture noire restera sur les veines les plus prononc\u00e9es du bois et le reste avec la couleur choisie.[\/vc_column_text][\/vc_column][\/vc_row][vc_row][vc_column][vc_empty_space height=\u00a0\u00bb80px\u00a0\u00bb][\/vc_column][\/vc_row][vc_row][vc_column width=\u00a0\u00bb1\/2&Prime;][vc_column_text]<\/p>\n<h2>Teintures et vernis pour guitares flamenco et classiques<\/h2>\n<p>Chez Nitorlack, nous n&rsquo;avons pas voulu oublier les colorants pour guitare classique ou flamenco. Nous avons sp\u00e9cialement formul\u00e9 des colorants pour guitare classique espagnole, rouge flamenco, jaune, orange et vieil or. Nous recommandons de diluer les colorants NitorTINT \u00e0 2 ou 3 % et de les appliquer uniform\u00e9ment jusqu&rsquo;\u00e0 l&rsquo;obtention du ton d\u00e9sir\u00e9.[\/vc_column_text][\/vc_column][vc_column width=\u00a0\u00bb1\/2&Prime;][vc_single_image image=\u00a0\u00bb27732&Prime; img_size=\u00a0\u00bblarge\u00a0\u00bb][\/vc_column][\/vc_row][vc_row][vc_column][vc_empty_space height=\u00a0\u00bb80px\u00a0\u00bb][\/vc_column][\/vc_row][vc_row][vc_column width=\u00a0\u00bb1\/2&Prime;][vc_single_image image=\u00a0\u00bb27737&Prime; img_size=\u00a0\u00bblarge\u00a0\u00bb][\/vc_column][vc_column width=\u00a0\u00bb1\/2&Prime;][vc_column_text]<\/p>\n<h2>Appliquer facilement la teinture caramel pour guitare flamenco<\/h2>\n<h5>Spray recargable Preval<\/h5>\n<p>Si no dispones de pistola aerografica puedes aplicar el tinte de manera muy sencilla con el sistema de pulverizaci\u00f3n Preval. Este sistema de spray reemplazables constan de un dep\u00f3sito de cristal de 170 ml donde colocamos la mezcla de tinte con diluyente y unos cartuchos de spray reemplazables. A traves de un proceso de vacio Venturi extrae el medio del dep\u00f3sito adjunto y entrega un acabado profesional\u00a0 sin mezclar el propelente y el medio. Los cartuchos reemplazables son capaces de rociar hasta 650 ml. El resultado es un acabado no adulterado sin cambio de color.[\/vc_column_text][\/vc_column][\/vc_row][vc_row][vc_column][vc_column_text]Avec la garantie de VALRESA COATINGS S.A.[\/vc_column_text][\/vc_column][\/vc_row]<\/p>\n<\/div>","protected":false},"excerpt":{"rendered":"<p>Teinture de couleur caramel, largement utilis\u00e9e pour les guitares classiques et flamenco. Cette teinture pr\u00e9sente une grande transparence, un bon pouvoir nivelant, un s\u00e9chage rapide et une grande solidit\u00e9 \u00e0 la lumi\u00e8re. Vous pouvez la diluer avec d&rsquo;autres colorants pour obtenir le ton personnalis\u00e9 dont vous avez besoin. Pour diluer les colorants concentr\u00e9s, nous utiliserons un solvant, une \u00e9vaporation moyenne ou lente, de l&rsquo;eau ou de l&rsquo;alcool. Nous pouvons m\u00eame les utiliser pour teinter le gomalaca.<\/p>\n<p><a href=\"https:\/\/nitorlack.com\/wp-content\/uploads\/2025\/10\/Etiqueta-de-480050-Tinte-Concentrado-050-Amarillo.jpg\" target=\"_blank\" rel=\"noopener\"><img loading=\"lazy\" decoding=\"async\" class=\"alignnone wp-image-83650\" src=\"https:\/\/nitorlack.com\/wp-content\/uploads\/2025\/10\/Etiqueta-de-480050-Tinte-Concentrado-050-Amarillo-300x270.jpg\" alt=\"\" width=\"202\" height=\"182\" srcset=\"https:\/\/nitorlack.com\/wp-content\/uploads\/2025\/10\/Etiqueta-de-480050-Tinte-Concentrado-050-Amarillo-300x270.jpg 300w, https:\/\/nitorlack.com\/wp-content\/uploads\/2025\/10\/Etiqueta-de-480050-Tinte-Concentrado-050-Amarillo-150x135.jpg 150w, https:\/\/nitorlack.com\/wp-content\/uploads\/2025\/10\/Etiqueta-de-480050-Tinte-Concentrado-050-Amarillo-768x691.jpg 768w, https:\/\/nitorlack.com\/wp-content\/uploads\/2025\/10\/Etiqueta-de-480050-Tinte-Concentrado-050-Amarillo.jpg 784w\" sizes=\"auto, (max-width: 202px) 100vw, 202px\" \/><\/a><\/p>\n","protected":false},"featured_media":71997,"comment_status":"closed","ping_status":"closed","template":"","meta":{"om_disable_all_campaigns":false,"site-sidebar-layout":"no-sidebar","site-content-layout":"plain-container","ast-site-content-layout":"default","site-content-style":"default","site-sidebar-style":"default","ast-global-header-display":"","ast-banner-title-visibility":"","ast-main-header-display":"","ast-hfb-above-header-display":"","ast-hfb-below-header-display":"","ast-hfb-mobile-header-display":"","site-post-title":"disabled","ast-breadcrumbs-content":"","ast-featured-img":"disabled","footer-sml-layout":"","ast-disable-related-posts":"","theme-transparent-header-meta":"default","adv-header-id-meta":"","stick-header-meta":"default","header-above-stick-meta":"","header-main-stick-meta":"","header-below-stick-meta":"","astra-migrate-meta-layouts":"set","ast-page-background-enabled":"default","ast-page-background-meta":{"desktop":{"background-color":"var(--ast-global-color-4)","background-image":"","background-repeat":"repeat","background-position":"center center","background-size":"auto","background-attachment":"scroll","background-type":"","background-media":"","overlay-type":"","overlay-color":"","overlay-opacity":"","overlay-gradient":""},"tablet":{"background-color":"","background-image":"","background-repeat":"repeat","background-position":"center center","background-size":"auto","background-attachment":"scroll","background-type":"","background-media":"","overlay-type":"","overlay-color":"","overlay-opacity":"","overlay-gradient":""},"mobile":{"background-color":"","background-image":"","background-repeat":"repeat","background-position":"center center","background-size":"auto","background-attachment":"scroll","background-type":"","background-media":"","overlay-type":"","overlay-color":"","overlay-opacity":"","overlay-gradient":""}},"ast-content-background-meta":{"desktop":{"background-color":"var(--ast-global-color-5)","background-image":"","background-repeat":"repeat","background-position":"center center","background-size":"auto","background-attachment":"scroll","background-type":"","background-media":"","overlay-type":"","overlay-color":"","overlay-opacity":"","overlay-gradient":""},"tablet":{"background-color":"var(--ast-global-color-5)","background-image":"","background-repeat":"repeat","background-position":"center center","background-size":"auto","background-attachment":"scroll","background-type":"","background-media":"","overlay-type":"","overlay-color":"","overlay-opacity":"","overlay-gradient":""},"mobile":{"background-color":"var(--ast-global-color-5)","background-image":"","background-repeat":"repeat","background-position":"center center","background-size":"auto","background-attachment":"scroll","background-type":"","background-media":"","overlay-type":"","overlay-color":"","overlay-opacity":"","overlay-gradient":""}}},"product_brand":[],"product_cat":[7355,7688],"product_tag":[],"class_list":{"0":"post-72006","1":"product","2":"type-product","3":"status-publish","4":"has-post-thumbnail","6":"product_cat-classique-flamenco","7":"product_cat-teintures-guitare-electric-fr","8":"desktop-align-center","9":"tablet-align-center","10":"mobile-align-center","11":"ast-product-gallery-layout-horizontal-slider","12":"ast-product-tabs-layout-horizontal","14":"first","15":"instock","16":"taxable","17":"shipping-taxable","18":"purchasable","19":"product-type-simple"},"bundled_by":[],"bundle_stock_status":"instock","bundle_stock_quantity":4972,"bundle_virtual":false,"bundle_layout":"","bundle_add_to_cart_form_location":"","bundle_editable_in_cart":false,"bundle_sold_individually_context":"","bundle_item_grouping":"","bundle_min_size":"","bundle_max_size":"","bundle_price":[],"bundled_items":[],"bundle_sell_ids":[],"yoast_head":"<!-- This site is optimized with the Yoast SEO plugin v27.3 - https:\/\/yoast.com\/product\/yoast-seo-wordpress\/ -->\n<title>NITORTINT CARAMEL | Nitorlack<\/title>\n<meta name=\"description\" content=\"Nitorlack - Peinture nitrocellulosique pour guitares, couleurs vintage et tutoriels pour peindre votre guitare. D\u00e9couvrir NITORTINT CARAMEL\" \/>\n<meta name=\"robots\" content=\"index, follow, max-snippet:-1, max-image-preview:large, max-video-preview:-1\" \/>\n<link rel=\"canonical\" href=\"https:\/\/nitorlack.com\/fr\/barniz\/teintures-guitare-electric-fr\/classique-flamenco\/nitortint-caramel\/\" \/>\n<meta property=\"og:locale\" content=\"fr_FR\" \/>\n<meta property=\"og:type\" content=\"article\" \/>\n<meta property=\"og:title\" content=\"NITORTINT CARAMEL | Nitorlack\" \/>\n<meta property=\"og:description\" content=\"Nitorlack - Peinture nitrocellulosique pour guitares, couleurs vintage et tutoriels pour peindre votre guitare. D\u00e9couvrir NITORTINT CARAMEL\" \/>\n<meta property=\"og:url\" content=\"https:\/\/nitorlack.com\/fr\/barniz\/teintures-guitare-electric-fr\/classique-flamenco\/nitortint-caramel\/\" \/>\n<meta property=\"og:site_name\" content=\"Nitorlack\" \/>\n<meta property=\"article:modified_time\" content=\"2026-03-07T13:32:38+00:00\" \/>\n<meta property=\"og:image\" content=\"https:\/\/nitorlack.com\/wp-content\/uploads\/2024\/04\/CLASICA-CARAMELO-FRONTAL.jpg\" \/>\n\t<meta property=\"og:image:width\" content=\"1200\" \/>\n\t<meta property=\"og:image:height\" content=\"1200\" \/>\n\t<meta property=\"og:image:type\" content=\"image\/jpeg\" \/>\n<meta name=\"twitter:card\" content=\"summary_large_image\" \/>\n<meta name=\"twitter:label1\" content=\"Dur\u00e9e de lecture estim\u00e9e\" \/>\n\t<meta name=\"twitter:data1\" content=\"3 minutes\" \/>\n<script type=\"application\/ld+json\" class=\"yoast-schema-graph\">{\"@context\":\"https:\\\/\\\/schema.org\",\"@graph\":[{\"@type\":\"WebPage\",\"@id\":\"https:\\\/\\\/nitorlack.com\\\/fr\\\/barniz\\\/teintures-guitare-electric-fr\\\/classique-flamenco\\\/nitortint-caramel\\\/\",\"url\":\"https:\\\/\\\/nitorlack.com\\\/fr\\\/barniz\\\/teintures-guitare-electric-fr\\\/classique-flamenco\\\/nitortint-caramel\\\/\",\"name\":\"NITORTINT CARAMEL | Nitorlack\",\"isPartOf\":{\"@id\":\"https:\\\/\\\/nitorlack.com\\\/fr\\\/#website\"},\"primaryImageOfPage\":{\"@id\":\"https:\\\/\\\/nitorlack.com\\\/fr\\\/barniz\\\/teintures-guitare-electric-fr\\\/classique-flamenco\\\/nitortint-caramel\\\/#primaryimage\"},\"image\":{\"@id\":\"https:\\\/\\\/nitorlack.com\\\/fr\\\/barniz\\\/teintures-guitare-electric-fr\\\/classique-flamenco\\\/nitortint-caramel\\\/#primaryimage\"},\"thumbnailUrl\":\"https:\\\/\\\/nitorlack.com\\\/wp-content\\\/uploads\\\/2024\\\/04\\\/CLASICA-CARAMELO-FRONTAL.jpg\",\"datePublished\":\"2024-05-06T08:44:09+00:00\",\"dateModified\":\"2026-03-07T13:32:38+00:00\",\"description\":\"Nitorlack - Peinture nitrocellulosique pour guitares, couleurs vintage et tutoriels pour peindre votre guitare. D\u00e9couvrir NITORTINT CARAMEL\",\"breadcrumb\":{\"@id\":\"https:\\\/\\\/nitorlack.com\\\/fr\\\/barniz\\\/teintures-guitare-electric-fr\\\/classique-flamenco\\\/nitortint-caramel\\\/#breadcrumb\"},\"inLanguage\":\"fr-FR\",\"potentialAction\":[{\"@type\":\"ReadAction\",\"target\":[\"https:\\\/\\\/nitorlack.com\\\/fr\\\/barniz\\\/teintures-guitare-electric-fr\\\/classique-flamenco\\\/nitortint-caramel\\\/\"]}]},{\"@type\":\"ImageObject\",\"inLanguage\":\"fr-FR\",\"@id\":\"https:\\\/\\\/nitorlack.com\\\/fr\\\/barniz\\\/teintures-guitare-electric-fr\\\/classique-flamenco\\\/nitortint-caramel\\\/#primaryimage\",\"url\":\"https:\\\/\\\/nitorlack.com\\\/wp-content\\\/uploads\\\/2024\\\/04\\\/CLASICA-CARAMELO-FRONTAL.jpg\",\"contentUrl\":\"https:\\\/\\\/nitorlack.com\\\/wp-content\\\/uploads\\\/2024\\\/04\\\/CLASICA-CARAMELO-FRONTAL.jpg\",\"width\":1200,\"height\":1200,\"caption\":\"guitare couleur caramel\"},{\"@type\":\"BreadcrumbList\",\"@id\":\"https:\\\/\\\/nitorlack.com\\\/fr\\\/barniz\\\/teintures-guitare-electric-fr\\\/classique-flamenco\\\/nitortint-caramel\\\/#breadcrumb\",\"itemListElement\":[{\"@type\":\"ListItem\",\"position\":1,\"name\":\"Page de Couverture\",\"item\":\"https:\\\/\\\/nitorlack.com\\\/fr\\\/\"},{\"@type\":\"ListItem\",\"position\":2,\"name\":\"Boutique\",\"item\":\"https:\\\/\\\/nitorlack.com\\\/fr\\\/boutique\\\/\"},{\"@type\":\"ListItem\",\"position\":3,\"name\":\"NITORTINT CARAMEL\"}]},{\"@type\":\"WebSite\",\"@id\":\"https:\\\/\\\/nitorlack.com\\\/fr\\\/#website\",\"url\":\"https:\\\/\\\/nitorlack.com\\\/fr\\\/\",\"name\":\"Nitorlack\",\"description\":\"Guitar Lacquers\",\"publisher\":{\"@id\":\"https:\\\/\\\/nitorlack.com\\\/fr\\\/#organization\"},\"potentialAction\":[{\"@type\":\"SearchAction\",\"target\":{\"@type\":\"EntryPoint\",\"urlTemplate\":\"https:\\\/\\\/nitorlack.com\\\/fr\\\/?s={search_term_string}\"},\"query-input\":{\"@type\":\"PropertyValueSpecification\",\"valueRequired\":true,\"valueName\":\"search_term_string\"}}],\"inLanguage\":\"fr-FR\"},{\"@type\":\"Organization\",\"@id\":\"https:\\\/\\\/nitorlack.com\\\/fr\\\/#organization\",\"name\":\"Nitorlack\",\"url\":\"https:\\\/\\\/nitorlack.com\\\/fr\\\/\",\"logo\":{\"@type\":\"ImageObject\",\"inLanguage\":\"fr-FR\",\"@id\":\"https:\\\/\\\/nitorlack.com\\\/fr\\\/#\\\/schema\\\/logo\\\/image\\\/\",\"url\":\"http:\\\/\\\/nitorlack.com\\\/wp-content\\\/uploads\\\/2016\\\/02\\\/cropped-galleta-negra-1.jpg\",\"contentUrl\":\"http:\\\/\\\/nitorlack.com\\\/wp-content\\\/uploads\\\/2016\\\/02\\\/cropped-galleta-negra-1.jpg\",\"width\":512,\"height\":512,\"caption\":\"Nitorlack\"},\"image\":{\"@id\":\"https:\\\/\\\/nitorlack.com\\\/fr\\\/#\\\/schema\\\/logo\\\/image\\\/\"}}]}<\/script>\n<!-- \/ Yoast SEO plugin. -->","yoast_head_json":{"title":"NITORTINT CARAMEL | Nitorlack","description":"Nitorlack - Peinture nitrocellulosique pour guitares, couleurs vintage et tutoriels pour peindre votre guitare. D\u00e9couvrir NITORTINT CARAMEL","robots":{"index":"index","follow":"follow","max-snippet":"max-snippet:-1","max-image-preview":"max-image-preview:large","max-video-preview":"max-video-preview:-1"},"canonical":"https:\/\/nitorlack.com\/fr\/barniz\/teintures-guitare-electric-fr\/classique-flamenco\/nitortint-caramel\/","og_locale":"fr_FR","og_type":"article","og_title":"NITORTINT CARAMEL | Nitorlack","og_description":"Nitorlack - Peinture nitrocellulosique pour guitares, couleurs vintage et tutoriels pour peindre votre guitare. D\u00e9couvrir NITORTINT CARAMEL","og_url":"https:\/\/nitorlack.com\/fr\/barniz\/teintures-guitare-electric-fr\/classique-flamenco\/nitortint-caramel\/","og_site_name":"Nitorlack","article_modified_time":"2026-03-07T13:32:38+00:00","og_image":[{"width":1200,"height":1200,"url":"https:\/\/nitorlack.com\/wp-content\/uploads\/2024\/04\/CLASICA-CARAMELO-FRONTAL.jpg","type":"image\/jpeg"}],"twitter_card":"summary_large_image","twitter_misc":{"Dur\u00e9e de lecture estim\u00e9e":"3 minutes"},"schema":{"@context":"https:\/\/schema.org","@graph":[{"@type":"WebPage","@id":"https:\/\/nitorlack.com\/fr\/barniz\/teintures-guitare-electric-fr\/classique-flamenco\/nitortint-caramel\/","url":"https:\/\/nitorlack.com\/fr\/barniz\/teintures-guitare-electric-fr\/classique-flamenco\/nitortint-caramel\/","name":"NITORTINT CARAMEL | Nitorlack","isPartOf":{"@id":"https:\/\/nitorlack.com\/fr\/#website"},"primaryImageOfPage":{"@id":"https:\/\/nitorlack.com\/fr\/barniz\/teintures-guitare-electric-fr\/classique-flamenco\/nitortint-caramel\/#primaryimage"},"image":{"@id":"https:\/\/nitorlack.com\/fr\/barniz\/teintures-guitare-electric-fr\/classique-flamenco\/nitortint-caramel\/#primaryimage"},"thumbnailUrl":"https:\/\/nitorlack.com\/wp-content\/uploads\/2024\/04\/CLASICA-CARAMELO-FRONTAL.jpg","datePublished":"2024-05-06T08:44:09+00:00","dateModified":"2026-03-07T13:32:38+00:00","description":"Nitorlack - Peinture nitrocellulosique pour guitares, couleurs vintage et tutoriels pour peindre votre guitare. D\u00e9couvrir NITORTINT CARAMEL","breadcrumb":{"@id":"https:\/\/nitorlack.com\/fr\/barniz\/teintures-guitare-electric-fr\/classique-flamenco\/nitortint-caramel\/#breadcrumb"},"inLanguage":"fr-FR","potentialAction":[{"@type":"ReadAction","target":["https:\/\/nitorlack.com\/fr\/barniz\/teintures-guitare-electric-fr\/classique-flamenco\/nitortint-caramel\/"]}]},{"@type":"ImageObject","inLanguage":"fr-FR","@id":"https:\/\/nitorlack.com\/fr\/barniz\/teintures-guitare-electric-fr\/classique-flamenco\/nitortint-caramel\/#primaryimage","url":"https:\/\/nitorlack.com\/wp-content\/uploads\/2024\/04\/CLASICA-CARAMELO-FRONTAL.jpg","contentUrl":"https:\/\/nitorlack.com\/wp-content\/uploads\/2024\/04\/CLASICA-CARAMELO-FRONTAL.jpg","width":1200,"height":1200,"caption":"guitare couleur caramel"},{"@type":"BreadcrumbList","@id":"https:\/\/nitorlack.com\/fr\/barniz\/teintures-guitare-electric-fr\/classique-flamenco\/nitortint-caramel\/#breadcrumb","itemListElement":[{"@type":"ListItem","position":1,"name":"Page de Couverture","item":"https:\/\/nitorlack.com\/fr\/"},{"@type":"ListItem","position":2,"name":"Boutique","item":"https:\/\/nitorlack.com\/fr\/boutique\/"},{"@type":"ListItem","position":3,"name":"NITORTINT CARAMEL"}]},{"@type":"WebSite","@id":"https:\/\/nitorlack.com\/fr\/#website","url":"https:\/\/nitorlack.com\/fr\/","name":"Nitorlack","description":"Guitar Lacquers","publisher":{"@id":"https:\/\/nitorlack.com\/fr\/#organization"},"potentialAction":[{"@type":"SearchAction","target":{"@type":"EntryPoint","urlTemplate":"https:\/\/nitorlack.com\/fr\/?s={search_term_string}"},"query-input":{"@type":"PropertyValueSpecification","valueRequired":true,"valueName":"search_term_string"}}],"inLanguage":"fr-FR"},{"@type":"Organization","@id":"https:\/\/nitorlack.com\/fr\/#organization","name":"Nitorlack","url":"https:\/\/nitorlack.com\/fr\/","logo":{"@type":"ImageObject","inLanguage":"fr-FR","@id":"https:\/\/nitorlack.com\/fr\/#\/schema\/logo\/image\/","url":"http:\/\/nitorlack.com\/wp-content\/uploads\/2016\/02\/cropped-galleta-negra-1.jpg","contentUrl":"http:\/\/nitorlack.com\/wp-content\/uploads\/2016\/02\/cropped-galleta-negra-1.jpg","width":512,"height":512,"caption":"Nitorlack"},"image":{"@id":"https:\/\/nitorlack.com\/fr\/#\/schema\/logo\/image\/"}}]}},"_links":{"self":[{"href":"https:\/\/nitorlack.com\/fr\/wp-json\/wp\/v2\/product\/72006","targetHints":{"allow":["GET"]}}],"collection":[{"href":"https:\/\/nitorlack.com\/fr\/wp-json\/wp\/v2\/product"}],"about":[{"href":"https:\/\/nitorlack.com\/fr\/wp-json\/wp\/v2\/types\/product"}],"replies":[{"embeddable":true,"href":"https:\/\/nitorlack.com\/fr\/wp-json\/wp\/v2\/comments?post=72006"}],"wp:featuredmedia":[{"embeddable":true,"href":"https:\/\/nitorlack.com\/fr\/wp-json\/wp\/v2\/media\/71997"}],"wp:attachment":[{"href":"https:\/\/nitorlack.com\/fr\/wp-json\/wp\/v2\/media?parent=72006"}],"wp:term":[{"taxonomy":"product_brand","embeddable":true,"href":"https:\/\/nitorlack.com\/fr\/wp-json\/wp\/v2\/product_brand?post=72006"},{"taxonomy":"product_cat","embeddable":true,"href":"https:\/\/nitorlack.com\/fr\/wp-json\/wp\/v2\/product_cat?post=72006"},{"taxonomy":"product_tag","embeddable":true,"href":"https:\/\/nitorlack.com\/fr\/wp-json\/wp\/v2\/product_tag?post=72006"}],"curies":[{"name":"wp","href":"https:\/\/api.w.org\/{rel}","templated":true}]}}