{"id":67496,"date":"2023-09-13T15:42:48","date_gmt":"2023-09-13T13:42:48","guid":{"rendered":"https:\/\/nitorlack.com\/?post_type=product&#038;p=67496"},"modified":"2026-04-27T10:26:22","modified_gmt":"2026-04-27T08:26:22","slug":"puliment-superfinish","status":"publish","type":"product","link":"https:\/\/nitorlack.com\/fr\/barniz\/accessories\/pate-a-polir\/puliment-superfinish\/","title":{"rendered":"PULIMENT &#8211; SUPER FINISH"},"content":{"rendered":"<div class=\"wpb-content-wrapper\"><p>[vc_row][vc_column][vc_column_text]<\/p>\n<h2>Poli pour guitare<\/h2>\n<p><span class=\"tlid-translation translation\" lang=\"fr\"><span title=\"\">Ce poli <\/span><span class=\"\" title=\"\">est un compos\u00e9 brillant, \u00e0 grain FIN.<\/span><\/span><\/p>\n<p><span style=\"font-size: 16px;\">Il est con\u00e7u pour donner une finition brillante \u00e0 la surface, apr\u00e8s avoir utilis\u00e9 le poli de coupe auparavant.<\/span><\/p>\n<p>Le <strong>Super finish<\/strong> doit \u00eatre appliqu\u00e9 \u00e0 la machine, avec son <a href=\"https:\/\/nitorlack.com\/fr\/barniz\/accessories\/eponges-polir-fr\/eponges-de-polissage-80mm-noir\/\">\u00e9ponge de polissage noires de 80 ou 150 mm.<\/a><\/p>\n<p>Il est d\u00e9conseill\u00e9 d&rsquo;utiliser la machine \u00e0 plus de 1200 \u00e0 1500 tours\/minute, car cela pourrait surchauffer la surface. Il est donc recommand\u00e9 de v\u00e9rifier de temps en temps la temp\u00e9rature de la surface.<\/p>\n<p><span class=\"tlid-translation translation\" lang=\"fr\"><span class=\"\" title=\"\">Il est recommand\u00e9 d&rsquo;essuyer l&rsquo;exc\u00e9dent avec un chiffon humide, de pr\u00e9f\u00e9rence en microfibre. <\/span><\/span><\/p>\n<p><strong>IMPORTANT :<\/strong><\/p>\n<ul>\n<li><strong>Ce poli est un compos\u00e9 bi-phase<\/strong>, il doit \u00eatre combin\u00e9 avant utilisation, avec le <a href=\"https:\/\/nitorlack.com\/barniz\/accesorios\/pulimentos\/pulimento-compound-cut-2\/\">COMPOUND CUT<\/a>, pour obtenir le niveau de brillance optimal pour votre guitare.<\/li>\n<li>Agiter vigoureusement avant utilisation.<\/li>\n<\/ul>\n<p><strong>R\u00e9cipient de 0,250 ml<\/strong>[\/vc_column_text][\/vc_column][\/vc_row][vc_row][vc_column][vc_video link=\u00a0\u00bbhttps:\/\/www.youtube.com\/watch?v=2qSDlxVKhTo\u00a0\u00bb el_width=\u00a0\u00bb80&Prime; align=\u00a0\u00bbcenter\u00a0\u00bb css=\u00a0\u00bb\u00a0\u00bb][\/vc_column][\/vc_row]<\/p>\n<\/div>","protected":false},"excerpt":{"rendered":"<ul>\n<li>Derni\u00e8re \u00e9tape du processus de polissage, qui consiste \u00e0 nettoyer l&rsquo;ensemble de la surface et \u00e0 en faire ressortir tout l&rsquo;\u00e9clat.<\/li>\n<li>Con\u00e7u pour le polissage de tous les types de vernis, qu&rsquo;ils soient \u00e0 base d&rsquo;eau, de nitrocellulose ou de polyur\u00e9thane.<\/li>\n<li>A base d&rsquo;eau et sans silicone.<\/li>\n<li>Il est indispensable d&rsquo;agiter vigoureusement pendant quelques minutes avant utilisation.<\/li>\n<li>Ce produit est un <strong>SHINE EFFECT polish<\/strong>, et il est n\u00e9cessaire de le compl\u00e9ter apr\u00e8s avoir utilis\u00e9 le <a href=\"https:\/\/nitorlack.com\/fr\/barniz\/accessories\/pate-a-polir\/puliment-compound-cut\/\">cutting polish<\/a>.<\/li>\n<li>R\u00e9cipient de 250 ml<\/li>\n<\/ul>\n","protected":false},"featured_media":82292,"comment_status":"open","ping_status":"closed","template":"","meta":{"om_disable_all_campaigns":false,"site-sidebar-layout":"no-sidebar","site-content-layout":"plain-container","ast-site-content-layout":"default","site-content-style":"default","site-sidebar-style":"default","ast-global-header-display":"","ast-banner-title-visibility":"","ast-main-header-display":"","ast-hfb-above-header-display":"","ast-hfb-below-header-display":"","ast-hfb-mobile-header-display":"","site-post-title":"disabled","ast-breadcrumbs-content":"","ast-featured-img":"disabled","footer-sml-layout":"","ast-disable-related-posts":"","theme-transparent-header-meta":"default","adv-header-id-meta":"","stick-header-meta":"default","header-above-stick-meta":"","header-main-stick-meta":"","header-below-stick-meta":"","astra-migrate-meta-layouts":"set","ast-page-background-enabled":"default","ast-page-background-meta":{"desktop":{"background-color":"var(--ast-global-color-4)","background-image":"","background-repeat":"repeat","background-position":"center center","background-size":"auto","background-attachment":"scroll","background-type":"","background-media":"","overlay-type":"","overlay-color":"","overlay-opacity":"","overlay-gradient":""},"tablet":{"background-color":"","background-image":"","background-repeat":"repeat","background-position":"center center","background-size":"auto","background-attachment":"scroll","background-type":"","background-media":"","overlay-type":"","overlay-color":"","overlay-opacity":"","overlay-gradient":""},"mobile":{"background-color":"","background-image":"","background-repeat":"repeat","background-position":"center center","background-size":"auto","background-attachment":"scroll","background-type":"","background-media":"","overlay-type":"","overlay-color":"","overlay-opacity":"","overlay-gradient":""}},"ast-content-background-meta":{"desktop":{"background-color":"var(--ast-global-color-5)","background-image":"","background-repeat":"repeat","background-position":"center center","background-size":"auto","background-attachment":"scroll","background-type":"","background-media":"","overlay-type":"","overlay-color":"","overlay-opacity":"","overlay-gradient":""},"tablet":{"background-color":"var(--ast-global-color-5)","background-image":"","background-repeat":"repeat","background-position":"center center","background-size":"auto","background-attachment":"scroll","background-type":"","background-media":"","overlay-type":"","overlay-color":"","overlay-opacity":"","overlay-gradient":""},"mobile":{"background-color":"var(--ast-global-color-5)","background-image":"","background-repeat":"repeat","background-position":"center center","background-size":"auto","background-attachment":"scroll","background-type":"","background-media":"","overlay-type":"","overlay-color":"","overlay-opacity":"","overlay-gradient":""}}},"product_brand":[],"product_cat":[85,337],"product_tag":[],"class_list":{"0":"post-67496","1":"product","2":"type-product","3":"status-publish","4":"has-post-thumbnail","6":"product_cat-accessories","7":"product_cat-pate-a-polir","8":"desktop-align-center","9":"tablet-align-center","10":"mobile-align-center","11":"ast-product-gallery-layout-horizontal-slider","12":"ast-product-tabs-layout-horizontal","14":"first","15":"instock","16":"taxable","17":"shipping-taxable","18":"purchasable","19":"product-type-simple"},"bundled_by":[],"bundle_stock_status":"instock","bundle_stock_quantity":999945,"bundle_virtual":false,"bundle_layout":"","bundle_add_to_cart_form_location":"","bundle_editable_in_cart":false,"bundle_sold_individually_context":"","bundle_item_grouping":"","bundle_min_size":"","bundle_max_size":"","bundle_price":[],"bundled_items":[],"bundle_sell_ids":[67492],"yoast_head":"<!-- This site is optimized with the Yoast SEO plugin v27.4 - https:\/\/yoast.com\/product\/yoast-seo-wordpress\/ -->\n<title>PULIMENT - Super Finish | Nitorlack<\/title>\n<meta name=\"description\" content=\"Polish pour guitare. Elimine les impuret\u00e9s de la surface de la guitare et fait ressortir l&#039;\u00e9clat de la surface.\" \/>\n<meta name=\"robots\" content=\"index, follow, max-snippet:-1, max-image-preview:large, max-video-preview:-1\" \/>\n<link rel=\"canonical\" href=\"https:\/\/nitorlack.com\/fr\/barniz\/accessories\/pate-a-polir\/puliment-superfinish\/\" \/>\n<meta property=\"og:locale\" content=\"fr_FR\" \/>\n<meta property=\"og:type\" content=\"article\" \/>\n<meta property=\"og:title\" content=\"PULIMENT - Super Finish | Nitorlack\" \/>\n<meta property=\"og:description\" content=\"Polish pour guitare. Elimine les impuret\u00e9s de la surface de la guitare et fait ressortir l&#039;\u00e9clat de la surface.\" \/>\n<meta property=\"og:url\" content=\"https:\/\/nitorlack.com\/fr\/barniz\/accessories\/pate-a-polir\/puliment-superfinish\/\" \/>\n<meta property=\"og:site_name\" content=\"Nitorlack\" \/>\n<meta property=\"article:modified_time\" content=\"2026-04-27T08:26:22+00:00\" \/>\n<meta property=\"og:image\" content=\"https:\/\/nitorlack.com\/wp-content\/uploads\/2023\/09\/superfinish.jpg\" \/>\n\t<meta property=\"og:image:width\" content=\"1200\" \/>\n\t<meta property=\"og:image:height\" content=\"1200\" \/>\n\t<meta property=\"og:image:type\" content=\"image\/jpeg\" \/>\n<meta name=\"twitter:card\" content=\"summary_large_image\" \/>\n<meta name=\"twitter:label1\" content=\"Dur\u00e9e de lecture estim\u00e9e\" \/>\n\t<meta name=\"twitter:data1\" content=\"1 minute\" \/>\n<script type=\"application\/ld+json\" class=\"yoast-schema-graph\">{\"@context\":\"https:\\\/\\\/schema.org\",\"@graph\":[{\"@type\":\"WebPage\",\"@id\":\"https:\\\/\\\/nitorlack.com\\\/fr\\\/barniz\\\/accessories\\\/pate-a-polir\\\/puliment-superfinish\\\/\",\"url\":\"https:\\\/\\\/nitorlack.com\\\/fr\\\/barniz\\\/accessories\\\/pate-a-polir\\\/puliment-superfinish\\\/\",\"name\":\"PULIMENT - Super Finish | Nitorlack\",\"isPartOf\":{\"@id\":\"https:\\\/\\\/nitorlack.com\\\/fr\\\/#website\"},\"primaryImageOfPage\":{\"@id\":\"https:\\\/\\\/nitorlack.com\\\/fr\\\/barniz\\\/accessories\\\/pate-a-polir\\\/puliment-superfinish\\\/#primaryimage\"},\"image\":{\"@id\":\"https:\\\/\\\/nitorlack.com\\\/fr\\\/barniz\\\/accessories\\\/pate-a-polir\\\/puliment-superfinish\\\/#primaryimage\"},\"thumbnailUrl\":\"https:\\\/\\\/nitorlack.com\\\/wp-content\\\/uploads\\\/2023\\\/09\\\/superfinish.jpg\",\"datePublished\":\"2023-09-13T13:42:48+00:00\",\"dateModified\":\"2026-04-27T08:26:22+00:00\",\"description\":\"Polish pour guitare. Elimine les impuret\u00e9s de la surface de la guitare et fait ressortir l'\u00e9clat de la surface.\",\"breadcrumb\":{\"@id\":\"https:\\\/\\\/nitorlack.com\\\/fr\\\/barniz\\\/accessories\\\/pate-a-polir\\\/puliment-superfinish\\\/#breadcrumb\"},\"inLanguage\":\"fr-FR\",\"potentialAction\":[{\"@type\":\"ReadAction\",\"target\":[\"https:\\\/\\\/nitorlack.com\\\/fr\\\/barniz\\\/accessories\\\/pate-a-polir\\\/puliment-superfinish\\\/\"]}]},{\"@type\":\"ImageObject\",\"inLanguage\":\"fr-FR\",\"@id\":\"https:\\\/\\\/nitorlack.com\\\/fr\\\/barniz\\\/accessories\\\/pate-a-polir\\\/puliment-superfinish\\\/#primaryimage\",\"url\":\"https:\\\/\\\/nitorlack.com\\\/wp-content\\\/uploads\\\/2023\\\/09\\\/superfinish.jpg\",\"contentUrl\":\"https:\\\/\\\/nitorlack.com\\\/wp-content\\\/uploads\\\/2023\\\/09\\\/superfinish.jpg\",\"width\":1200,\"height\":1200,\"caption\":\"nettoyage grain fin guitare\"},{\"@type\":\"BreadcrumbList\",\"@id\":\"https:\\\/\\\/nitorlack.com\\\/fr\\\/barniz\\\/accessories\\\/pate-a-polir\\\/puliment-superfinish\\\/#breadcrumb\",\"itemListElement\":[{\"@type\":\"ListItem\",\"position\":1,\"name\":\"Page de Couverture\",\"item\":\"https:\\\/\\\/nitorlack.com\\\/fr\\\/\"},{\"@type\":\"ListItem\",\"position\":2,\"name\":\"Boutique\",\"item\":\"https:\\\/\\\/nitorlack.com\\\/fr\\\/boutique\\\/\"},{\"@type\":\"ListItem\",\"position\":3,\"name\":\"PULIMENT &#8211; SUPER FINISH\"}]},{\"@type\":\"WebSite\",\"@id\":\"https:\\\/\\\/nitorlack.com\\\/fr\\\/#website\",\"url\":\"https:\\\/\\\/nitorlack.com\\\/fr\\\/\",\"name\":\"Nitorlack\",\"description\":\"Guitar Lacquers\",\"publisher\":{\"@id\":\"https:\\\/\\\/nitorlack.com\\\/fr\\\/#organization\"},\"potentialAction\":[{\"@type\":\"SearchAction\",\"target\":{\"@type\":\"EntryPoint\",\"urlTemplate\":\"https:\\\/\\\/nitorlack.com\\\/fr\\\/?s={search_term_string}\"},\"query-input\":{\"@type\":\"PropertyValueSpecification\",\"valueRequired\":true,\"valueName\":\"search_term_string\"}}],\"inLanguage\":\"fr-FR\"},{\"@type\":\"Organization\",\"@id\":\"https:\\\/\\\/nitorlack.com\\\/fr\\\/#organization\",\"name\":\"Nitorlack\",\"url\":\"https:\\\/\\\/nitorlack.com\\\/fr\\\/\",\"logo\":{\"@type\":\"ImageObject\",\"inLanguage\":\"fr-FR\",\"@id\":\"https:\\\/\\\/nitorlack.com\\\/fr\\\/#\\\/schema\\\/logo\\\/image\\\/\",\"url\":\"http:\\\/\\\/nitorlack.com\\\/wp-content\\\/uploads\\\/2016\\\/02\\\/cropped-galleta-negra-1.jpg\",\"contentUrl\":\"http:\\\/\\\/nitorlack.com\\\/wp-content\\\/uploads\\\/2016\\\/02\\\/cropped-galleta-negra-1.jpg\",\"width\":512,\"height\":512,\"caption\":\"Nitorlack\"},\"image\":{\"@id\":\"https:\\\/\\\/nitorlack.com\\\/fr\\\/#\\\/schema\\\/logo\\\/image\\\/\"}}]}<\/script>\n<!-- \/ Yoast SEO plugin. -->","yoast_head_json":{"title":"PULIMENT - Super Finish | Nitorlack","description":"Polish pour guitare. Elimine les impuret\u00e9s de la surface de la guitare et fait ressortir l'\u00e9clat de la surface.","robots":{"index":"index","follow":"follow","max-snippet":"max-snippet:-1","max-image-preview":"max-image-preview:large","max-video-preview":"max-video-preview:-1"},"canonical":"https:\/\/nitorlack.com\/fr\/barniz\/accessories\/pate-a-polir\/puliment-superfinish\/","og_locale":"fr_FR","og_type":"article","og_title":"PULIMENT - Super Finish | Nitorlack","og_description":"Polish pour guitare. Elimine les impuret\u00e9s de la surface de la guitare et fait ressortir l'\u00e9clat de la surface.","og_url":"https:\/\/nitorlack.com\/fr\/barniz\/accessories\/pate-a-polir\/puliment-superfinish\/","og_site_name":"Nitorlack","article_modified_time":"2026-04-27T08:26:22+00:00","og_image":[{"width":1200,"height":1200,"url":"https:\/\/nitorlack.com\/wp-content\/uploads\/2023\/09\/superfinish.jpg","type":"image\/jpeg"}],"twitter_card":"summary_large_image","twitter_misc":{"Dur\u00e9e de lecture estim\u00e9e":"1 minute"},"schema":{"@context":"https:\/\/schema.org","@graph":[{"@type":"WebPage","@id":"https:\/\/nitorlack.com\/fr\/barniz\/accessories\/pate-a-polir\/puliment-superfinish\/","url":"https:\/\/nitorlack.com\/fr\/barniz\/accessories\/pate-a-polir\/puliment-superfinish\/","name":"PULIMENT - Super Finish | Nitorlack","isPartOf":{"@id":"https:\/\/nitorlack.com\/fr\/#website"},"primaryImageOfPage":{"@id":"https:\/\/nitorlack.com\/fr\/barniz\/accessories\/pate-a-polir\/puliment-superfinish\/#primaryimage"},"image":{"@id":"https:\/\/nitorlack.com\/fr\/barniz\/accessories\/pate-a-polir\/puliment-superfinish\/#primaryimage"},"thumbnailUrl":"https:\/\/nitorlack.com\/wp-content\/uploads\/2023\/09\/superfinish.jpg","datePublished":"2023-09-13T13:42:48+00:00","dateModified":"2026-04-27T08:26:22+00:00","description":"Polish pour guitare. Elimine les impuret\u00e9s de la surface de la guitare et fait ressortir l'\u00e9clat de la surface.","breadcrumb":{"@id":"https:\/\/nitorlack.com\/fr\/barniz\/accessories\/pate-a-polir\/puliment-superfinish\/#breadcrumb"},"inLanguage":"fr-FR","potentialAction":[{"@type":"ReadAction","target":["https:\/\/nitorlack.com\/fr\/barniz\/accessories\/pate-a-polir\/puliment-superfinish\/"]}]},{"@type":"ImageObject","inLanguage":"fr-FR","@id":"https:\/\/nitorlack.com\/fr\/barniz\/accessories\/pate-a-polir\/puliment-superfinish\/#primaryimage","url":"https:\/\/nitorlack.com\/wp-content\/uploads\/2023\/09\/superfinish.jpg","contentUrl":"https:\/\/nitorlack.com\/wp-content\/uploads\/2023\/09\/superfinish.jpg","width":1200,"height":1200,"caption":"nettoyage grain fin guitare"},{"@type":"BreadcrumbList","@id":"https:\/\/nitorlack.com\/fr\/barniz\/accessories\/pate-a-polir\/puliment-superfinish\/#breadcrumb","itemListElement":[{"@type":"ListItem","position":1,"name":"Page de Couverture","item":"https:\/\/nitorlack.com\/fr\/"},{"@type":"ListItem","position":2,"name":"Boutique","item":"https:\/\/nitorlack.com\/fr\/boutique\/"},{"@type":"ListItem","position":3,"name":"PULIMENT &#8211; SUPER FINISH"}]},{"@type":"WebSite","@id":"https:\/\/nitorlack.com\/fr\/#website","url":"https:\/\/nitorlack.com\/fr\/","name":"Nitorlack","description":"Guitar Lacquers","publisher":{"@id":"https:\/\/nitorlack.com\/fr\/#organization"},"potentialAction":[{"@type":"SearchAction","target":{"@type":"EntryPoint","urlTemplate":"https:\/\/nitorlack.com\/fr\/?s={search_term_string}"},"query-input":{"@type":"PropertyValueSpecification","valueRequired":true,"valueName":"search_term_string"}}],"inLanguage":"fr-FR"},{"@type":"Organization","@id":"https:\/\/nitorlack.com\/fr\/#organization","name":"Nitorlack","url":"https:\/\/nitorlack.com\/fr\/","logo":{"@type":"ImageObject","inLanguage":"fr-FR","@id":"https:\/\/nitorlack.com\/fr\/#\/schema\/logo\/image\/","url":"http:\/\/nitorlack.com\/wp-content\/uploads\/2016\/02\/cropped-galleta-negra-1.jpg","contentUrl":"http:\/\/nitorlack.com\/wp-content\/uploads\/2016\/02\/cropped-galleta-negra-1.jpg","width":512,"height":512,"caption":"Nitorlack"},"image":{"@id":"https:\/\/nitorlack.com\/fr\/#\/schema\/logo\/image\/"}}]}},"_links":{"self":[{"href":"https:\/\/nitorlack.com\/fr\/wp-json\/wp\/v2\/product\/67496","targetHints":{"allow":["GET"]}}],"collection":[{"href":"https:\/\/nitorlack.com\/fr\/wp-json\/wp\/v2\/product"}],"about":[{"href":"https:\/\/nitorlack.com\/fr\/wp-json\/wp\/v2\/types\/product"}],"replies":[{"embeddable":true,"href":"https:\/\/nitorlack.com\/fr\/wp-json\/wp\/v2\/comments?post=67496"}],"wp:featuredmedia":[{"embeddable":true,"href":"https:\/\/nitorlack.com\/fr\/wp-json\/wp\/v2\/media\/82292"}],"wp:attachment":[{"href":"https:\/\/nitorlack.com\/fr\/wp-json\/wp\/v2\/media?parent=67496"}],"wp:term":[{"taxonomy":"product_brand","embeddable":true,"href":"https:\/\/nitorlack.com\/fr\/wp-json\/wp\/v2\/product_brand?post=67496"},{"taxonomy":"product_cat","embeddable":true,"href":"https:\/\/nitorlack.com\/fr\/wp-json\/wp\/v2\/product_cat?post=67496"},{"taxonomy":"product_tag","embeddable":true,"href":"https:\/\/nitorlack.com\/fr\/wp-json\/wp\/v2\/product_tag?post=67496"}],"curies":[{"name":"wp","href":"https:\/\/api.w.org\/{rel}","templated":true}]}}