{"id":67492,"date":"2023-09-13T14:47:19","date_gmt":"2023-09-13T12:47:19","guid":{"rendered":"https:\/\/nitorlack.com\/barniz\/non%20class\u00e9\/puliment-compound-cut\/"},"modified":"2026-04-12T11:57:05","modified_gmt":"2026-04-12T09:57:05","slug":"puliment-compound-cut","status":"publish","type":"product","link":"https:\/\/nitorlack.com\/fr\/barniz\/accessories\/pate-a-polir\/puliment-compound-cut\/","title":{"rendered":"PULIMENT &#8211; COUPE COMPOS\u00c9E"},"content":{"rendered":"<div class=\"wpb-content-wrapper\"><p>[vc_row][vc_column][vc_column_text]<\/p>\n<h2>Poli pour guitare<\/h2>\n<p><span class=\"tlid-translation translation\" lang=\"fr\"><span title=\"\">Ce poli <\/span><span class=\"\" title=\"\">est un compos\u00e9 de coupe, \u00e0 gros grain.<\/span><\/span><\/p>\n<p><span class=\"tlid-translation translation\" lang=\"fr\"><span class=\"\" title=\"\">Il est sp\u00e9cialement con\u00e7u pour \u00e9liminer toutes les imperfections de la surface une fois le processus de vernissage et de pon\u00e7age termin\u00e9. <\/span><\/span><\/p>\n<p>Le Compound cut peut \u00eatre appliqu\u00e9 \u00e0 la main ou \u00e0 la machine, avec son <a href=\"https:\/\/nitorlack.com\/fr\/barniz\/accessories\/eponges-polir-fr\/eponges-de-polissage-80-blanc-couper\/\">\u00e9ponge de coupe blanche de 80 ou 150 mm.<\/a><\/p>\n<p>Le r\u00e9sultat sera toujours meilleur si vous l&rsquo;utilisez \u00e0 la machine, mais vous ne devez pas d\u00e9passer 1200 \u00e0 1500 tours\/minute, car cela pourrait surchauffer la surface. Il est donc recommand\u00e9 de v\u00e9rifier de temps en temps la temp\u00e9rature de la surface.<\/p>\n<p><span class=\"tlid-translation translation\" lang=\"fr\"><span class=\"\" title=\"\">I<\/span><span class=\"\" title=\"\">l est con\u00e7u pour maintenir la temp\u00e9rature de la surface basse lors du polissage et \u00e9limine les marques de mani\u00e8re permanente, bien qu&rsquo;une fois l&rsquo;application termin\u00e9e, il soit recommand\u00e9 d&rsquo;essuyer l&rsquo;exc\u00e9dent avec un chiffon humide. <\/span><\/span><\/p>\n<p>Important :<\/p>\n<ul>\n<li>Ce poli est un compos\u00e9 bi-phase, il doit \u00eatre combin\u00e9 apr\u00e8s utilisation avec Superfinish, pour obtenir le niveau de brillance optimal pour votre guitare.<\/li>\n<li>Agiter vigoureusement avant utilisation.<\/li>\n<\/ul>\n<p><strong>R\u00e9cipient de 0,250 ml<\/strong>[\/vc_column_text][\/vc_column][\/vc_row][vc_row][vc_column][vc_video link=\u00a0\u00bbhttps:\/\/www.youtube.com\/watch?v=2qSDlxVKhTo&amp;feature=youtu.be\u00a0\u00bb el_width=\u00a0\u00bb70&Prime; align=\u00a0\u00bbcenter\u00a0\u00bb css=\u00a0\u00bb\u00a0\u00bb][\/vc_column][\/vc_row]<\/p>\n<\/div>","protected":false},"excerpt":{"rendered":"<ul>\n<li><strong>Elimine les rayures<\/strong> caus\u00e9es par le papier de verre de finition (2000-3000) et fait ressortir la brillance de la surface.<\/li>\n<li>Con\u00e7u pour le polissage de tous les types de vernis, qu&rsquo;ils soient \u00e0 base d&rsquo;eau, de nitrocellulose ou de polyur\u00e9thane.<\/li>\n<li>A <strong>base d&rsquo;eau<\/strong> et sans silicone.<\/li>\n<li>Agiter vigoureusement pendant quelques minutes avant utilisation.<\/li>\n<li>Ce produit est un <strong>polissage de coupe<\/strong>, et doit \u00eatre compl\u00e9t\u00e9 apr\u00e8s utilisation par Superfinish Polish.<\/li>\n<\/ul>\n<p>R\u00e9cipient de <strong>250 ml<\/strong><\/p>\n","protected":false},"featured_media":82304,"comment_status":"open","ping_status":"closed","template":"","meta":{"om_disable_all_campaigns":false,"site-sidebar-layout":"no-sidebar","site-content-layout":"plain-container","ast-site-content-layout":"default","site-content-style":"default","site-sidebar-style":"default","ast-global-header-display":"","ast-banner-title-visibility":"","ast-main-header-display":"","ast-hfb-above-header-display":"","ast-hfb-below-header-display":"","ast-hfb-mobile-header-display":"","site-post-title":"disabled","ast-breadcrumbs-content":"","ast-featured-img":"disabled","footer-sml-layout":"","ast-disable-related-posts":"","theme-transparent-header-meta":"default","adv-header-id-meta":"","stick-header-meta":"default","header-above-stick-meta":"","header-main-stick-meta":"","header-below-stick-meta":"","astra-migrate-meta-layouts":"set","ast-page-background-enabled":"default","ast-page-background-meta":{"desktop":{"background-color":"var(--ast-global-color-4)","background-image":"","background-repeat":"repeat","background-position":"center center","background-size":"auto","background-attachment":"scroll","background-type":"","background-media":"","overlay-type":"","overlay-color":"","overlay-opacity":"","overlay-gradient":""},"tablet":{"background-color":"","background-image":"","background-repeat":"repeat","background-position":"center center","background-size":"auto","background-attachment":"scroll","background-type":"","background-media":"","overlay-type":"","overlay-color":"","overlay-opacity":"","overlay-gradient":""},"mobile":{"background-color":"","background-image":"","background-repeat":"repeat","background-position":"center center","background-size":"auto","background-attachment":"scroll","background-type":"","background-media":"","overlay-type":"","overlay-color":"","overlay-opacity":"","overlay-gradient":""}},"ast-content-background-meta":{"desktop":{"background-color":"var(--ast-global-color-5)","background-image":"","background-repeat":"repeat","background-position":"center center","background-size":"auto","background-attachment":"scroll","background-type":"","background-media":"","overlay-type":"","overlay-color":"","overlay-opacity":"","overlay-gradient":""},"tablet":{"background-color":"var(--ast-global-color-5)","background-image":"","background-repeat":"repeat","background-position":"center center","background-size":"auto","background-attachment":"scroll","background-type":"","background-media":"","overlay-type":"","overlay-color":"","overlay-opacity":"","overlay-gradient":""},"mobile":{"background-color":"var(--ast-global-color-5)","background-image":"","background-repeat":"repeat","background-position":"center center","background-size":"auto","background-attachment":"scroll","background-type":"","background-media":"","overlay-type":"","overlay-color":"","overlay-opacity":"","overlay-gradient":""}}},"product_brand":[],"product_cat":[85,337],"product_tag":[],"class_list":{"0":"post-67492","1":"product","2":"type-product","3":"status-publish","4":"has-post-thumbnail","6":"product_cat-accessories","7":"product_cat-pate-a-polir","8":"desktop-align-center","9":"tablet-align-center","10":"mobile-align-center","11":"ast-product-gallery-layout-horizontal-slider","12":"ast-product-tabs-layout-horizontal","14":"first","15":"instock","16":"taxable","17":"shipping-taxable","18":"purchasable","19":"product-type-simple"},"bundled_by":[],"bundle_stock_status":"instock","bundle_stock_quantity":999971,"bundle_virtual":false,"bundle_layout":"","bundle_add_to_cart_form_location":"","bundle_editable_in_cart":false,"bundle_sold_individually_context":"","bundle_item_grouping":"","bundle_min_size":"","bundle_max_size":"","bundle_price":[],"bundled_items":[],"bundle_sell_ids":[67496],"yoast_head":"<!-- This site is optimized with the Yoast SEO plugin v27.3 - https:\/\/yoast.com\/product\/yoast-seo-wordpress\/ -->\n<title>PULIMENT - Compound Cut | Nitorlack<\/title>\n<meta name=\"description\" content=\"Polish pour guitare. Elimine les impuret\u00e9s de la surface de la guitare et fait ressortir l&#039;\u00e9clat de la surface.\" \/>\n<meta name=\"robots\" content=\"index, follow, max-snippet:-1, max-image-preview:large, max-video-preview:-1\" \/>\n<link rel=\"canonical\" href=\"https:\/\/nitorlack.com\/fr\/barniz\/accessories\/pate-a-polir\/puliment-compound-cut\/\" \/>\n<meta property=\"og:locale\" content=\"fr_FR\" \/>\n<meta property=\"og:type\" content=\"article\" \/>\n<meta property=\"og:title\" content=\"PULIMENT - Compound Cut | Nitorlack\" \/>\n<meta property=\"og:description\" content=\"Polish pour guitare. Elimine les impuret\u00e9s de la surface de la guitare et fait ressortir l&#039;\u00e9clat de la surface.\" \/>\n<meta property=\"og:url\" content=\"https:\/\/nitorlack.com\/fr\/barniz\/accessories\/pate-a-polir\/puliment-compound-cut\/\" \/>\n<meta property=\"og:site_name\" content=\"Nitorlack\" \/>\n<meta property=\"article:modified_time\" content=\"2026-04-12T09:57:05+00:00\" \/>\n<meta property=\"og:image\" content=\"https:\/\/nitorlack.com\/wp-content\/uploads\/2023\/09\/Compound-cut.jpg\" \/>\n\t<meta property=\"og:image:width\" content=\"1200\" \/>\n\t<meta property=\"og:image:height\" content=\"1200\" \/>\n\t<meta property=\"og:image:type\" content=\"image\/jpeg\" \/>\n<meta name=\"twitter:card\" content=\"summary_large_image\" \/>\n<meta name=\"twitter:label1\" content=\"Dur\u00e9e de lecture estim\u00e9e\" \/>\n\t<meta name=\"twitter:data1\" content=\"1 minute\" \/>\n<script type=\"application\/ld+json\" class=\"yoast-schema-graph\">{\"@context\":\"https:\\\/\\\/schema.org\",\"@graph\":[{\"@type\":\"WebPage\",\"@id\":\"https:\\\/\\\/nitorlack.com\\\/fr\\\/barniz\\\/accessories\\\/pate-a-polir\\\/puliment-compound-cut\\\/\",\"url\":\"https:\\\/\\\/nitorlack.com\\\/fr\\\/barniz\\\/accessories\\\/pate-a-polir\\\/puliment-compound-cut\\\/\",\"name\":\"PULIMENT - Compound Cut | Nitorlack\",\"isPartOf\":{\"@id\":\"https:\\\/\\\/nitorlack.com\\\/fr\\\/#website\"},\"primaryImageOfPage\":{\"@id\":\"https:\\\/\\\/nitorlack.com\\\/fr\\\/barniz\\\/accessories\\\/pate-a-polir\\\/puliment-compound-cut\\\/#primaryimage\"},\"image\":{\"@id\":\"https:\\\/\\\/nitorlack.com\\\/fr\\\/barniz\\\/accessories\\\/pate-a-polir\\\/puliment-compound-cut\\\/#primaryimage\"},\"thumbnailUrl\":\"https:\\\/\\\/nitorlack.com\\\/wp-content\\\/uploads\\\/2023\\\/09\\\/Compound-cut.jpg\",\"datePublished\":\"2023-09-13T12:47:19+00:00\",\"dateModified\":\"2026-04-12T09:57:05+00:00\",\"description\":\"Polish pour guitare. Elimine les impuret\u00e9s de la surface de la guitare et fait ressortir l'\u00e9clat de la surface.\",\"breadcrumb\":{\"@id\":\"https:\\\/\\\/nitorlack.com\\\/fr\\\/barniz\\\/accessories\\\/pate-a-polir\\\/puliment-compound-cut\\\/#breadcrumb\"},\"inLanguage\":\"fr-FR\",\"potentialAction\":[{\"@type\":\"ReadAction\",\"target\":[\"https:\\\/\\\/nitorlack.com\\\/fr\\\/barniz\\\/accessories\\\/pate-a-polir\\\/puliment-compound-cut\\\/\"]}]},{\"@type\":\"ImageObject\",\"inLanguage\":\"fr-FR\",\"@id\":\"https:\\\/\\\/nitorlack.com\\\/fr\\\/barniz\\\/accessories\\\/pate-a-polir\\\/puliment-compound-cut\\\/#primaryimage\",\"url\":\"https:\\\/\\\/nitorlack.com\\\/wp-content\\\/uploads\\\/2023\\\/09\\\/Compound-cut.jpg\",\"contentUrl\":\"https:\\\/\\\/nitorlack.com\\\/wp-content\\\/uploads\\\/2023\\\/09\\\/Compound-cut.jpg\",\"width\":1200,\"height\":1200,\"caption\":\"polish pour guitare\"},{\"@type\":\"BreadcrumbList\",\"@id\":\"https:\\\/\\\/nitorlack.com\\\/fr\\\/barniz\\\/accessories\\\/pate-a-polir\\\/puliment-compound-cut\\\/#breadcrumb\",\"itemListElement\":[{\"@type\":\"ListItem\",\"position\":1,\"name\":\"Page de Couverture\",\"item\":\"https:\\\/\\\/nitorlack.com\\\/fr\\\/\"},{\"@type\":\"ListItem\",\"position\":2,\"name\":\"Boutique\",\"item\":\"https:\\\/\\\/nitorlack.com\\\/fr\\\/boutique\\\/\"},{\"@type\":\"ListItem\",\"position\":3,\"name\":\"PULIMENT &#8211; COUPE COMPOS\u00c9E\"}]},{\"@type\":\"WebSite\",\"@id\":\"https:\\\/\\\/nitorlack.com\\\/fr\\\/#website\",\"url\":\"https:\\\/\\\/nitorlack.com\\\/fr\\\/\",\"name\":\"Nitorlack\",\"description\":\"Guitar Lacquers\",\"publisher\":{\"@id\":\"https:\\\/\\\/nitorlack.com\\\/fr\\\/#organization\"},\"potentialAction\":[{\"@type\":\"SearchAction\",\"target\":{\"@type\":\"EntryPoint\",\"urlTemplate\":\"https:\\\/\\\/nitorlack.com\\\/fr\\\/?s={search_term_string}\"},\"query-input\":{\"@type\":\"PropertyValueSpecification\",\"valueRequired\":true,\"valueName\":\"search_term_string\"}}],\"inLanguage\":\"fr-FR\"},{\"@type\":\"Organization\",\"@id\":\"https:\\\/\\\/nitorlack.com\\\/fr\\\/#organization\",\"name\":\"Nitorlack\",\"url\":\"https:\\\/\\\/nitorlack.com\\\/fr\\\/\",\"logo\":{\"@type\":\"ImageObject\",\"inLanguage\":\"fr-FR\",\"@id\":\"https:\\\/\\\/nitorlack.com\\\/fr\\\/#\\\/schema\\\/logo\\\/image\\\/\",\"url\":\"http:\\\/\\\/nitorlack.com\\\/wp-content\\\/uploads\\\/2016\\\/02\\\/cropped-galleta-negra-1.jpg\",\"contentUrl\":\"http:\\\/\\\/nitorlack.com\\\/wp-content\\\/uploads\\\/2016\\\/02\\\/cropped-galleta-negra-1.jpg\",\"width\":512,\"height\":512,\"caption\":\"Nitorlack\"},\"image\":{\"@id\":\"https:\\\/\\\/nitorlack.com\\\/fr\\\/#\\\/schema\\\/logo\\\/image\\\/\"}}]}<\/script>\n<!-- \/ Yoast SEO plugin. -->","yoast_head_json":{"title":"PULIMENT - Compound Cut | Nitorlack","description":"Polish pour guitare. Elimine les impuret\u00e9s de la surface de la guitare et fait ressortir l'\u00e9clat de la surface.","robots":{"index":"index","follow":"follow","max-snippet":"max-snippet:-1","max-image-preview":"max-image-preview:large","max-video-preview":"max-video-preview:-1"},"canonical":"https:\/\/nitorlack.com\/fr\/barniz\/accessories\/pate-a-polir\/puliment-compound-cut\/","og_locale":"fr_FR","og_type":"article","og_title":"PULIMENT - Compound Cut | Nitorlack","og_description":"Polish pour guitare. Elimine les impuret\u00e9s de la surface de la guitare et fait ressortir l'\u00e9clat de la surface.","og_url":"https:\/\/nitorlack.com\/fr\/barniz\/accessories\/pate-a-polir\/puliment-compound-cut\/","og_site_name":"Nitorlack","article_modified_time":"2026-04-12T09:57:05+00:00","og_image":[{"width":1200,"height":1200,"url":"https:\/\/nitorlack.com\/wp-content\/uploads\/2023\/09\/Compound-cut.jpg","type":"image\/jpeg"}],"twitter_card":"summary_large_image","twitter_misc":{"Dur\u00e9e de lecture estim\u00e9e":"1 minute"},"schema":{"@context":"https:\/\/schema.org","@graph":[{"@type":"WebPage","@id":"https:\/\/nitorlack.com\/fr\/barniz\/accessories\/pate-a-polir\/puliment-compound-cut\/","url":"https:\/\/nitorlack.com\/fr\/barniz\/accessories\/pate-a-polir\/puliment-compound-cut\/","name":"PULIMENT - Compound Cut | Nitorlack","isPartOf":{"@id":"https:\/\/nitorlack.com\/fr\/#website"},"primaryImageOfPage":{"@id":"https:\/\/nitorlack.com\/fr\/barniz\/accessories\/pate-a-polir\/puliment-compound-cut\/#primaryimage"},"image":{"@id":"https:\/\/nitorlack.com\/fr\/barniz\/accessories\/pate-a-polir\/puliment-compound-cut\/#primaryimage"},"thumbnailUrl":"https:\/\/nitorlack.com\/wp-content\/uploads\/2023\/09\/Compound-cut.jpg","datePublished":"2023-09-13T12:47:19+00:00","dateModified":"2026-04-12T09:57:05+00:00","description":"Polish pour guitare. Elimine les impuret\u00e9s de la surface de la guitare et fait ressortir l'\u00e9clat de la surface.","breadcrumb":{"@id":"https:\/\/nitorlack.com\/fr\/barniz\/accessories\/pate-a-polir\/puliment-compound-cut\/#breadcrumb"},"inLanguage":"fr-FR","potentialAction":[{"@type":"ReadAction","target":["https:\/\/nitorlack.com\/fr\/barniz\/accessories\/pate-a-polir\/puliment-compound-cut\/"]}]},{"@type":"ImageObject","inLanguage":"fr-FR","@id":"https:\/\/nitorlack.com\/fr\/barniz\/accessories\/pate-a-polir\/puliment-compound-cut\/#primaryimage","url":"https:\/\/nitorlack.com\/wp-content\/uploads\/2023\/09\/Compound-cut.jpg","contentUrl":"https:\/\/nitorlack.com\/wp-content\/uploads\/2023\/09\/Compound-cut.jpg","width":1200,"height":1200,"caption":"polish pour guitare"},{"@type":"BreadcrumbList","@id":"https:\/\/nitorlack.com\/fr\/barniz\/accessories\/pate-a-polir\/puliment-compound-cut\/#breadcrumb","itemListElement":[{"@type":"ListItem","position":1,"name":"Page de Couverture","item":"https:\/\/nitorlack.com\/fr\/"},{"@type":"ListItem","position":2,"name":"Boutique","item":"https:\/\/nitorlack.com\/fr\/boutique\/"},{"@type":"ListItem","position":3,"name":"PULIMENT &#8211; COUPE COMPOS\u00c9E"}]},{"@type":"WebSite","@id":"https:\/\/nitorlack.com\/fr\/#website","url":"https:\/\/nitorlack.com\/fr\/","name":"Nitorlack","description":"Guitar Lacquers","publisher":{"@id":"https:\/\/nitorlack.com\/fr\/#organization"},"potentialAction":[{"@type":"SearchAction","target":{"@type":"EntryPoint","urlTemplate":"https:\/\/nitorlack.com\/fr\/?s={search_term_string}"},"query-input":{"@type":"PropertyValueSpecification","valueRequired":true,"valueName":"search_term_string"}}],"inLanguage":"fr-FR"},{"@type":"Organization","@id":"https:\/\/nitorlack.com\/fr\/#organization","name":"Nitorlack","url":"https:\/\/nitorlack.com\/fr\/","logo":{"@type":"ImageObject","inLanguage":"fr-FR","@id":"https:\/\/nitorlack.com\/fr\/#\/schema\/logo\/image\/","url":"http:\/\/nitorlack.com\/wp-content\/uploads\/2016\/02\/cropped-galleta-negra-1.jpg","contentUrl":"http:\/\/nitorlack.com\/wp-content\/uploads\/2016\/02\/cropped-galleta-negra-1.jpg","width":512,"height":512,"caption":"Nitorlack"},"image":{"@id":"https:\/\/nitorlack.com\/fr\/#\/schema\/logo\/image\/"}}]}},"_links":{"self":[{"href":"https:\/\/nitorlack.com\/fr\/wp-json\/wp\/v2\/product\/67492","targetHints":{"allow":["GET"]}}],"collection":[{"href":"https:\/\/nitorlack.com\/fr\/wp-json\/wp\/v2\/product"}],"about":[{"href":"https:\/\/nitorlack.com\/fr\/wp-json\/wp\/v2\/types\/product"}],"replies":[{"embeddable":true,"href":"https:\/\/nitorlack.com\/fr\/wp-json\/wp\/v2\/comments?post=67492"}],"wp:featuredmedia":[{"embeddable":true,"href":"https:\/\/nitorlack.com\/fr\/wp-json\/wp\/v2\/media\/82304"}],"wp:attachment":[{"href":"https:\/\/nitorlack.com\/fr\/wp-json\/wp\/v2\/media?parent=67492"}],"wp:term":[{"taxonomy":"product_brand","embeddable":true,"href":"https:\/\/nitorlack.com\/fr\/wp-json\/wp\/v2\/product_brand?post=67492"},{"taxonomy":"product_cat","embeddable":true,"href":"https:\/\/nitorlack.com\/fr\/wp-json\/wp\/v2\/product_cat?post=67492"},{"taxonomy":"product_tag","embeddable":true,"href":"https:\/\/nitorlack.com\/fr\/wp-json\/wp\/v2\/product_tag?post=67492"}],"curies":[{"name":"wp","href":"https:\/\/api.w.org\/{rel}","templated":true}]}}