{"id":66434,"date":"2023-07-06T11:13:49","date_gmt":"2023-07-06T09:13:51","guid":{"rendered":"https:\/\/nitorlack.com\/?post_type=product&#038;p=66434"},"modified":"2026-04-04T14:36:22","modified_gmt":"2026-04-04T12:36:22","slug":"aztec-gold","status":"publish","type":"product","link":"https:\/\/nitorlack.com\/fr\/barniz\/custom-couleurs-pot\/metallique\/aztec-gold\/","title":{"rendered":"AZTEC GOLD"},"content":{"rendered":"<div class=\"wpb-content-wrapper\"><p>[vc_row][vc_column width=\u00a0\u00bb2\/3&Prime;][vc_column_text]L&rsquo;or azt\u00e8que est une teinte m\u00e9tallique utilis\u00e9e sur les guitares qui offre un aspect distingu\u00e9 et saisissant. Cette teinte ressemble \u00e0 de l&rsquo;or antique et d\u00e9gage une lumi\u00e8re chaude et attrayante.<\/p>\n<p>Cette couleur a \u00e9t\u00e9 ajout\u00e9e au catalogue Fender en 1983 en tant que couleur personnalis\u00e9e dans la s\u00e9rie Elite (Japon 1983-1986).<\/p>\n<p>\u00c0 partir de cette date, elle a \u00e9t\u00e9 utilis\u00e9e sur plusieurs s\u00e9ries de Fender Jazzmaster, Telecaster et Stratocaster, comme la signature \u00a0LINCOLN BREWSTER. Il s&rsquo;agit d&rsquo;une couleur bas\u00e9e sur la l\u00e9gendaire voiture Buick GSX de 1972.<\/p>\n<p>Bien qu&rsquo;il pr\u00e9sente certaines similitudes avec d&rsquo;autres couleurs m\u00e9talliques utilis\u00e9es sur les guitares, telles que Goldtop et Aged Goldtop, l&rsquo;Aztec Gold poss\u00e8de des caract\u00e9ristiques uniques qui le distinguent.<\/p>\n<p>Alors que le Goldtop brille d&rsquo;un ton d&rsquo;or brillant, l&rsquo;Aztec Gold offre un ton moins intense\u00a0 ; En revanche, le Aged Goldtop se caract\u00e9rise par son ton d&rsquo;or vieilli qui simule l&rsquo;usure naturelle au fil du temps.<\/p>\n<p>[\/vc_column_text][\/vc_column][vc_column width=\u00a0\u00bb1\/3&Prime;][vc_single_image image=\u00a0\u00bb72752&Prime; img_size=\u00a0\u00bbfull\u00a0\u00bb css=\u00a0\u00bb\u00a0\u00bb][\/vc_column][\/vc_row][vc_row][vc_column][vc_column_text][\/vc_column_text][vc_column_text]<\/p>\n<h3>Guide de mise en \u0153uvre :<\/h3>\n<ul>\n<li>Nous commen\u00e7ons \u00e0 appliquer la couleur une fois que la guitare a \u00e9t\u00e9 fusionn\u00e9e avec le <strong>Nitorlack Primer.<\/strong>.<\/li>\n<li>Lorsque nous commen\u00e7ons les travaux de peinture, les pores doivent \u00eatre ferm\u00e9s et le grain ne doit pas \u00eatre marqu\u00e9.<\/li>\n<li>Appliquer le produit par pulv\u00e9risation ou au pistolet \u00e0 une distance de <strong>25 cm<\/strong>.<\/li>\n<li>Lors de l&rsquo;application, il convient de suivre un sch\u00e9ma d&rsquo;application, <strong>d&rsquo;abord horizontal puis vertical<\/strong>, en appliquant la peinture de mani\u00e8re uniforme.<\/li>\n<li>Appliquer plusieurs couches en laissant <strong>24 heures<\/strong> de s\u00e9chage entre chaque couche et en pon\u00e7ant entre chaque couche pour \u00e9liminer les impuret\u00e9s restantes.<\/li>\n<li>Ces travaux sont termin\u00e9s lorsque la surface est compl\u00e8tement lisse et exempte d&rsquo;imperfections.<\/li>\n<\/ul>\n<h3>Questions fr\u00e9quemment pos\u00e9es :<\/h3>\n<h4>Combien de sprays faut-il pour vernir une guitare ?<\/h4>\n<p>&#8211; Si la surface est bien couverte et qu&rsquo;il ne s&rsquo;agit pas de votre premier projet de peinture, vous pouvez le faire avec une bombe a\u00e9rosol, m\u00eame si vous n&rsquo;appliquerez pas beaucoup de couches. Toutefois, si vous n&rsquo;\u00eates pas un expert, nous vous recommandons d&rsquo;utiliser deux pulv\u00e9risateurs pour une finition optimale.<\/p>\n<h4>Quelle temp\u00e9rature doit atteindre la guitare pendant et apr\u00e8s le processus ?<\/h4>\n<p>&#8211; Il est recommand\u00e9 de le faire dans un endroit o\u00f9 la temp\u00e9rature se situe entre 15 et 25 degr\u00e9s Celsius. Si le processus de peinture ou de vernissage est effectu\u00e9 dans des conditions tr\u00e8s chaudes ou tr\u00e8s froides, le r\u00e9sultat final risque d&rsquo;\u00eatre m\u00e9diocre.<\/p>\n<h4>O\u00f9 dois-je effectuer la d\u00e9marche ?<\/h4>\n<p>Il est essentiel que le site soit propre, afin d&rsquo;\u00e9viter que des particules de salet\u00e9 ou de poussi\u00e8re n&rsquo;adh\u00e8rent \u00e0 la surface.<\/p>\n<h4>Le pon\u00e7age entre les couches est-il obligatoire ?<\/h4>\n<p>Cette op\u00e9ration n&rsquo;est pas syst\u00e9matique, mais elle est conseill\u00e9e pour \u00e9liminer les imperfections laiss\u00e9es dans la peinture \u00e0 la fin de chaque couche, ainsi que les particules qui peuvent y adh\u00e9rer.[\/vc_column_text][\/vc_column][\/vc_row][vc_row][vc_column][vc_column_text]<\/p>\n<h4 style=\"text-align: center;\">Partagez votre travail sur les m\u00e9dias sociaux en utilisant notre hashtag<\/h4>\n<h2 style=\"text-align: center;\">#myNitorlack<\/h2>\n<p>[\/vc_column_text][\/vc_column][\/vc_row][vc_row][vc_column][\/vc_column][\/vc_row][vc_column][vc_column_text]<\/p>\n<h4 style=\"text-align: center;\">Avec la garantie de <a href=\"https:\/\/valresa.com\/\">Valresa Coatings SA<\/a><\/h4>\n<p>[\/vc_column_text][\/vc_column][vc_column width=\u00a0\u00bb1\/2&Prime;][\/vc_column][vc_column width=\u00a0\u00bb1\/2&Prime;][\/vc_column]<\/p>\n<\/div>","protected":false},"excerpt":{"rendered":"<p>La couleur Aztec gold a \u00e9t\u00e9 ajout\u00e9e au catalogue Fender en 1983 en tant que couleur personnalis\u00e9e dans la s\u00e9rie Elite (Japon 1983-1986).<\/p>\n<p>\u00c0 partir de cette date, elle a \u00e9t\u00e9 utilis\u00e9e sur plusieurs s\u00e9ries de Fender Jazzmaster, Telecaster et Stratocaster, comme la signature \u00a0LINCOLN BREWSTER. Il s&rsquo;agit d&rsquo;une couleur bas\u00e9e sur la l\u00e9gendaire voiture Buick GSX de 1972.<\/p>\n<p>Cette couleur est disponible en :<\/p>\n<ul>\n<li><strong>400 ml de spray.<\/strong><\/li>\n<li><strong>Bouteille de 500 ml<\/strong>, qu&rsquo;il est recommand\u00e9 de diluer avec 10% de solvant.<\/li>\n<\/ul>\n","protected":false},"featured_media":72744,"comment_status":"open","ping_status":"closed","template":"","meta":{"om_disable_all_campaigns":false,"site-sidebar-layout":"no-sidebar","site-content-layout":"plain-container","ast-site-content-layout":"normal-width-container","site-content-style":"unboxed","site-sidebar-style":"unboxed","ast-global-header-display":"","ast-banner-title-visibility":"","ast-main-header-display":"","ast-hfb-above-header-display":"","ast-hfb-below-header-display":"","ast-hfb-mobile-header-display":"","site-post-title":"disabled","ast-breadcrumbs-content":"","ast-featured-img":"disabled","footer-sml-layout":"","ast-disable-related-posts":"","theme-transparent-header-meta":"default","adv-header-id-meta":"","stick-header-meta":"default","header-above-stick-meta":"","header-main-stick-meta":"","header-below-stick-meta":"","astra-migrate-meta-layouts":"set","ast-page-background-enabled":"default","ast-page-background-meta":{"desktop":{"background-color":"var(--ast-global-color-4)","background-image":"","background-repeat":"repeat","background-position":"center center","background-size":"auto","background-attachment":"scroll","background-type":"","background-media":"","overlay-type":"","overlay-color":"","overlay-opacity":"","overlay-gradient":""},"tablet":{"background-color":"","background-image":"","background-repeat":"repeat","background-position":"center center","background-size":"auto","background-attachment":"scroll","background-type":"","background-media":"","overlay-type":"","overlay-color":"","overlay-opacity":"","overlay-gradient":""},"mobile":{"background-color":"","background-image":"","background-repeat":"repeat","background-position":"center center","background-size":"auto","background-attachment":"scroll","background-type":"","background-media":"","overlay-type":"","overlay-color":"","overlay-opacity":"","overlay-gradient":""}},"ast-content-background-meta":{"desktop":{"background-color":"var(--ast-global-color-5)","background-image":"","background-repeat":"repeat","background-position":"center center","background-size":"auto","background-attachment":"scroll","background-type":"","background-media":"","overlay-type":"","overlay-color":"","overlay-opacity":"","overlay-gradient":""},"tablet":{"background-color":"var(--ast-global-color-5)","background-image":"","background-repeat":"repeat","background-position":"center center","background-size":"auto","background-attachment":"scroll","background-type":"","background-media":"","overlay-type":"","overlay-color":"","overlay-opacity":"","overlay-gradient":""},"mobile":{"background-color":"var(--ast-global-color-5)","background-image":"","background-repeat":"repeat","background-position":"center center","background-size":"auto","background-attachment":"scroll","background-type":"","background-media":"","overlay-type":"","overlay-color":"","overlay-opacity":"","overlay-gradient":""}}},"product_brand":[],"product_cat":[114,7420],"product_tag":[],"class_list":{"0":"post-66434","1":"product","2":"type-product","3":"status-publish","4":"has-post-thumbnail","6":"product_cat-custom-couleurs-pot","7":"product_cat-metallique","8":"desktop-align-center","9":"tablet-align-center","10":"mobile-align-center","11":"ast-product-gallery-layout-horizontal-slider","12":"ast-product-single-variable","13":"ast-product-tabs-layout-horizontal","15":"first","16":"instock","17":"taxable","18":"shipping-taxable","19":"purchasable","20":"product-type-variable"},"bundled_by":[],"bundle_stock_status":"instock","bundle_stock_quantity":5000,"bundle_virtual":false,"bundle_layout":"","bundle_add_to_cart_form_location":"","bundle_editable_in_cart":false,"bundle_sold_individually_context":"","bundle_item_grouping":"","bundle_min_size":"","bundle_max_size":"","bundle_price":[],"bundled_items":[],"bundle_sell_ids":[],"yoast_head":"<!-- This site is optimized with the Yoast SEO plugin v27.3 - https:\/\/yoast.com\/product\/yoast-seo-wordpress\/ -->\n<title>AZTEC GOLD | Nitorlack<\/title>\n<meta name=\"description\" content=\"Aztec Gold est un ton m\u00e9tallique utilis\u00e9 sur les guitares qui offre un aspect distingu\u00e9 et saisissant. Disponible en spray nitrocellulosique ou en bidon de 500 ml.\" \/>\n<meta name=\"robots\" content=\"index, follow, max-snippet:-1, max-image-preview:large, max-video-preview:-1\" \/>\n<link rel=\"canonical\" href=\"https:\/\/nitorlack.com\/fr\/barniz\/custom-couleurs-pot\/metallique\/aztec-gold\/\" \/>\n<meta property=\"og:locale\" content=\"fr_FR\" \/>\n<meta property=\"og:type\" content=\"article\" \/>\n<meta property=\"og:title\" content=\"AZTEC GOLD | Nitorlack\" \/>\n<meta property=\"og:description\" content=\"Aztec Gold est un ton m\u00e9tallique utilis\u00e9 sur les guitares qui offre un aspect distingu\u00e9 et saisissant. Disponible en spray nitrocellulosique ou en bidon de 500 ml.\" \/>\n<meta property=\"og:url\" content=\"https:\/\/nitorlack.com\/fr\/barniz\/custom-couleurs-pot\/metallique\/aztec-gold\/\" \/>\n<meta property=\"og:site_name\" content=\"Nitorlack\" \/>\n<meta property=\"article:modified_time\" content=\"2026-04-04T12:36:22+00:00\" \/>\n<meta property=\"og:image\" content=\"https:\/\/nitorlack.com\/wp-content\/uploads\/2024\/06\/SESION-2-GUITARRA-1-1.jpg\" \/>\n\t<meta property=\"og:image:width\" content=\"1200\" \/>\n\t<meta property=\"og:image:height\" content=\"1200\" \/>\n\t<meta property=\"og:image:type\" content=\"image\/jpeg\" \/>\n<meta name=\"twitter:card\" content=\"summary_large_image\" \/>\n<meta name=\"twitter:label1\" content=\"Dur\u00e9e de lecture estim\u00e9e\" \/>\n\t<meta name=\"twitter:data1\" content=\"3 minutes\" \/>\n<script type=\"application\/ld+json\" class=\"yoast-schema-graph\">{\"@context\":\"https:\\\/\\\/schema.org\",\"@graph\":[{\"@type\":\"WebPage\",\"@id\":\"https:\\\/\\\/nitorlack.com\\\/fr\\\/barniz\\\/custom-couleurs-pot\\\/metallique\\\/aztec-gold\\\/\",\"url\":\"https:\\\/\\\/nitorlack.com\\\/fr\\\/barniz\\\/custom-couleurs-pot\\\/metallique\\\/aztec-gold\\\/\",\"name\":\"AZTEC GOLD | Nitorlack\",\"isPartOf\":{\"@id\":\"https:\\\/\\\/nitorlack.com\\\/fr\\\/#website\"},\"primaryImageOfPage\":{\"@id\":\"https:\\\/\\\/nitorlack.com\\\/fr\\\/barniz\\\/custom-couleurs-pot\\\/metallique\\\/aztec-gold\\\/#primaryimage\"},\"image\":{\"@id\":\"https:\\\/\\\/nitorlack.com\\\/fr\\\/barniz\\\/custom-couleurs-pot\\\/metallique\\\/aztec-gold\\\/#primaryimage\"},\"thumbnailUrl\":\"https:\\\/\\\/nitorlack.com\\\/wp-content\\\/uploads\\\/2024\\\/06\\\/SESION-2-GUITARRA-1-2.jpg\",\"datePublished\":\"2023-07-06T09:13:51+00:00\",\"dateModified\":\"2026-04-04T12:36:22+00:00\",\"description\":\"Aztec Gold est un ton m\u00e9tallique utilis\u00e9 sur les guitares qui offre un aspect distingu\u00e9 et saisissant. Disponible en spray nitrocellulosique ou en bidon de 500 ml.\",\"breadcrumb\":{\"@id\":\"https:\\\/\\\/nitorlack.com\\\/fr\\\/barniz\\\/custom-couleurs-pot\\\/metallique\\\/aztec-gold\\\/#breadcrumb\"},\"inLanguage\":\"fr-FR\",\"potentialAction\":[{\"@type\":\"ReadAction\",\"target\":[\"https:\\\/\\\/nitorlack.com\\\/fr\\\/barniz\\\/custom-couleurs-pot\\\/metallique\\\/aztec-gold\\\/\"]}]},{\"@type\":\"ImageObject\",\"inLanguage\":\"fr-FR\",\"@id\":\"https:\\\/\\\/nitorlack.com\\\/fr\\\/barniz\\\/custom-couleurs-pot\\\/metallique\\\/aztec-gold\\\/#primaryimage\",\"url\":\"https:\\\/\\\/nitorlack.com\\\/wp-content\\\/uploads\\\/2024\\\/06\\\/SESION-2-GUITARRA-1-2.jpg\",\"contentUrl\":\"https:\\\/\\\/nitorlack.com\\\/wp-content\\\/uploads\\\/2024\\\/06\\\/SESION-2-GUITARRA-1-2.jpg\",\"width\":1200,\"height\":1200,\"caption\":\"aztec gold brillo\"},{\"@type\":\"BreadcrumbList\",\"@id\":\"https:\\\/\\\/nitorlack.com\\\/fr\\\/barniz\\\/custom-couleurs-pot\\\/metallique\\\/aztec-gold\\\/#breadcrumb\",\"itemListElement\":[{\"@type\":\"ListItem\",\"position\":1,\"name\":\"Page de Couverture\",\"item\":\"https:\\\/\\\/nitorlack.com\\\/fr\\\/\"},{\"@type\":\"ListItem\",\"position\":2,\"name\":\"Boutique\",\"item\":\"https:\\\/\\\/nitorlack.com\\\/fr\\\/boutique\\\/\"},{\"@type\":\"ListItem\",\"position\":3,\"name\":\"AZTEC GOLD\"}]},{\"@type\":\"WebSite\",\"@id\":\"https:\\\/\\\/nitorlack.com\\\/fr\\\/#website\",\"url\":\"https:\\\/\\\/nitorlack.com\\\/fr\\\/\",\"name\":\"Nitorlack\",\"description\":\"Guitar Lacquers\",\"publisher\":{\"@id\":\"https:\\\/\\\/nitorlack.com\\\/fr\\\/#organization\"},\"potentialAction\":[{\"@type\":\"SearchAction\",\"target\":{\"@type\":\"EntryPoint\",\"urlTemplate\":\"https:\\\/\\\/nitorlack.com\\\/fr\\\/?s={search_term_string}\"},\"query-input\":{\"@type\":\"PropertyValueSpecification\",\"valueRequired\":true,\"valueName\":\"search_term_string\"}}],\"inLanguage\":\"fr-FR\"},{\"@type\":\"Organization\",\"@id\":\"https:\\\/\\\/nitorlack.com\\\/fr\\\/#organization\",\"name\":\"Nitorlack\",\"url\":\"https:\\\/\\\/nitorlack.com\\\/fr\\\/\",\"logo\":{\"@type\":\"ImageObject\",\"inLanguage\":\"fr-FR\",\"@id\":\"https:\\\/\\\/nitorlack.com\\\/fr\\\/#\\\/schema\\\/logo\\\/image\\\/\",\"url\":\"http:\\\/\\\/nitorlack.com\\\/wp-content\\\/uploads\\\/2016\\\/02\\\/cropped-galleta-negra-1.jpg\",\"contentUrl\":\"http:\\\/\\\/nitorlack.com\\\/wp-content\\\/uploads\\\/2016\\\/02\\\/cropped-galleta-negra-1.jpg\",\"width\":512,\"height\":512,\"caption\":\"Nitorlack\"},\"image\":{\"@id\":\"https:\\\/\\\/nitorlack.com\\\/fr\\\/#\\\/schema\\\/logo\\\/image\\\/\"}}]}<\/script>\n<!-- \/ Yoast SEO plugin. -->","yoast_head_json":{"title":"AZTEC GOLD | Nitorlack","description":"Aztec Gold est un ton m\u00e9tallique utilis\u00e9 sur les guitares qui offre un aspect distingu\u00e9 et saisissant. Disponible en spray nitrocellulosique ou en bidon de 500 ml.","robots":{"index":"index","follow":"follow","max-snippet":"max-snippet:-1","max-image-preview":"max-image-preview:large","max-video-preview":"max-video-preview:-1"},"canonical":"https:\/\/nitorlack.com\/fr\/barniz\/custom-couleurs-pot\/metallique\/aztec-gold\/","og_locale":"fr_FR","og_type":"article","og_title":"AZTEC GOLD | Nitorlack","og_description":"Aztec Gold est un ton m\u00e9tallique utilis\u00e9 sur les guitares qui offre un aspect distingu\u00e9 et saisissant. Disponible en spray nitrocellulosique ou en bidon de 500 ml.","og_url":"https:\/\/nitorlack.com\/fr\/barniz\/custom-couleurs-pot\/metallique\/aztec-gold\/","og_site_name":"Nitorlack","article_modified_time":"2026-04-04T12:36:22+00:00","og_image":[{"width":1200,"height":1200,"url":"https:\/\/nitorlack.com\/wp-content\/uploads\/2024\/06\/SESION-2-GUITARRA-1-1.jpg","type":"image\/jpeg"}],"twitter_card":"summary_large_image","twitter_misc":{"Dur\u00e9e de lecture estim\u00e9e":"3 minutes"},"schema":{"@context":"https:\/\/schema.org","@graph":[{"@type":"WebPage","@id":"https:\/\/nitorlack.com\/fr\/barniz\/custom-couleurs-pot\/metallique\/aztec-gold\/","url":"https:\/\/nitorlack.com\/fr\/barniz\/custom-couleurs-pot\/metallique\/aztec-gold\/","name":"AZTEC GOLD | Nitorlack","isPartOf":{"@id":"https:\/\/nitorlack.com\/fr\/#website"},"primaryImageOfPage":{"@id":"https:\/\/nitorlack.com\/fr\/barniz\/custom-couleurs-pot\/metallique\/aztec-gold\/#primaryimage"},"image":{"@id":"https:\/\/nitorlack.com\/fr\/barniz\/custom-couleurs-pot\/metallique\/aztec-gold\/#primaryimage"},"thumbnailUrl":"https:\/\/nitorlack.com\/wp-content\/uploads\/2024\/06\/SESION-2-GUITARRA-1-2.jpg","datePublished":"2023-07-06T09:13:51+00:00","dateModified":"2026-04-04T12:36:22+00:00","description":"Aztec Gold est un ton m\u00e9tallique utilis\u00e9 sur les guitares qui offre un aspect distingu\u00e9 et saisissant. Disponible en spray nitrocellulosique ou en bidon de 500 ml.","breadcrumb":{"@id":"https:\/\/nitorlack.com\/fr\/barniz\/custom-couleurs-pot\/metallique\/aztec-gold\/#breadcrumb"},"inLanguage":"fr-FR","potentialAction":[{"@type":"ReadAction","target":["https:\/\/nitorlack.com\/fr\/barniz\/custom-couleurs-pot\/metallique\/aztec-gold\/"]}]},{"@type":"ImageObject","inLanguage":"fr-FR","@id":"https:\/\/nitorlack.com\/fr\/barniz\/custom-couleurs-pot\/metallique\/aztec-gold\/#primaryimage","url":"https:\/\/nitorlack.com\/wp-content\/uploads\/2024\/06\/SESION-2-GUITARRA-1-2.jpg","contentUrl":"https:\/\/nitorlack.com\/wp-content\/uploads\/2024\/06\/SESION-2-GUITARRA-1-2.jpg","width":1200,"height":1200,"caption":"aztec gold brillo"},{"@type":"BreadcrumbList","@id":"https:\/\/nitorlack.com\/fr\/barniz\/custom-couleurs-pot\/metallique\/aztec-gold\/#breadcrumb","itemListElement":[{"@type":"ListItem","position":1,"name":"Page de Couverture","item":"https:\/\/nitorlack.com\/fr\/"},{"@type":"ListItem","position":2,"name":"Boutique","item":"https:\/\/nitorlack.com\/fr\/boutique\/"},{"@type":"ListItem","position":3,"name":"AZTEC GOLD"}]},{"@type":"WebSite","@id":"https:\/\/nitorlack.com\/fr\/#website","url":"https:\/\/nitorlack.com\/fr\/","name":"Nitorlack","description":"Guitar Lacquers","publisher":{"@id":"https:\/\/nitorlack.com\/fr\/#organization"},"potentialAction":[{"@type":"SearchAction","target":{"@type":"EntryPoint","urlTemplate":"https:\/\/nitorlack.com\/fr\/?s={search_term_string}"},"query-input":{"@type":"PropertyValueSpecification","valueRequired":true,"valueName":"search_term_string"}}],"inLanguage":"fr-FR"},{"@type":"Organization","@id":"https:\/\/nitorlack.com\/fr\/#organization","name":"Nitorlack","url":"https:\/\/nitorlack.com\/fr\/","logo":{"@type":"ImageObject","inLanguage":"fr-FR","@id":"https:\/\/nitorlack.com\/fr\/#\/schema\/logo\/image\/","url":"http:\/\/nitorlack.com\/wp-content\/uploads\/2016\/02\/cropped-galleta-negra-1.jpg","contentUrl":"http:\/\/nitorlack.com\/wp-content\/uploads\/2016\/02\/cropped-galleta-negra-1.jpg","width":512,"height":512,"caption":"Nitorlack"},"image":{"@id":"https:\/\/nitorlack.com\/fr\/#\/schema\/logo\/image\/"}}]}},"_links":{"self":[{"href":"https:\/\/nitorlack.com\/fr\/wp-json\/wp\/v2\/product\/66434","targetHints":{"allow":["GET"]}}],"collection":[{"href":"https:\/\/nitorlack.com\/fr\/wp-json\/wp\/v2\/product"}],"about":[{"href":"https:\/\/nitorlack.com\/fr\/wp-json\/wp\/v2\/types\/product"}],"replies":[{"embeddable":true,"href":"https:\/\/nitorlack.com\/fr\/wp-json\/wp\/v2\/comments?post=66434"}],"wp:featuredmedia":[{"embeddable":true,"href":"https:\/\/nitorlack.com\/fr\/wp-json\/wp\/v2\/media\/72744"}],"wp:attachment":[{"href":"https:\/\/nitorlack.com\/fr\/wp-json\/wp\/v2\/media?parent=66434"}],"wp:term":[{"taxonomy":"product_brand","embeddable":true,"href":"https:\/\/nitorlack.com\/fr\/wp-json\/wp\/v2\/product_brand?post=66434"},{"taxonomy":"product_cat","embeddable":true,"href":"https:\/\/nitorlack.com\/fr\/wp-json\/wp\/v2\/product_cat?post=66434"},{"taxonomy":"product_tag","embeddable":true,"href":"https:\/\/nitorlack.com\/fr\/wp-json\/wp\/v2\/product_tag?post=66434"}],"curies":[{"name":"wp","href":"https:\/\/api.w.org\/{rel}","templated":true}]}}