{"id":66416,"date":"2023-07-06T09:01:54","date_gmt":"2023-07-06T07:01:57","guid":{"rendered":"https:\/\/nitorlack.com\/?post_type=product&#038;p=66416"},"modified":"2026-03-29T13:58:09","modified_gmt":"2026-03-29T11:58:09","slug":"tv-yellow","status":"publish","type":"product","link":"https:\/\/nitorlack.com\/fr\/barniz\/custom-couleurs-pot\/translucid-fr\/tv-yellow\/","title":{"rendered":"TV-YELLOW"},"content":{"rendered":"<div class=\"wpb-content-wrapper\"><p>[vc_row][vc_column][vc_video link=\u00a0\u00bbhttps:\/\/www.youtube.com\/watch?v=nMXNE4U54eE\u00a0\u00bb el_width=\u00a0\u00bb80&Prime; align=\u00a0\u00bbcenter\u00a0\u00bb css=\u00a0\u00bb\u00a0\u00bb][vc_column_text]<\/p>\n<h2>Tout sur la couleur TV Jaune<\/h2>\n<p>TV Yellow, un nom intrigant pour une couleur Gibson<\/p>\n<p>En <strong>1954<\/strong> Gibson a lanc\u00e9 le <strong>Les Paul Junior<\/strong> en tant que version \u00e9tudiante abordable du mod\u00e8le Gold Top.<\/p>\n<p>Initialement disponible en sunburst, il a rapidement \u00e9t\u00e9 lanc\u00e9 dans une couleur particuli\u00e8re appel\u00e9e <strong>TV Yellow<\/strong>. Cette finition a un <strong>ton jaun\u00e2tre l\u00e9g\u00e8rement p\u00e2le<\/strong> et est semi-translucide, ce qui laisse appara\u00eetre une partie des veines du bois.<\/p>\n<p>En 1955, le TV Yellow est \u00e9galement apparu sur le nouveau mod\u00e8le Les Paul Special. En 1960, les deux mod\u00e8les adoptent la forme SG et Gibson abandonne compl\u00e8tement la TV Yellow.<\/p>\n<p>Les raisons pour lesquelles Gibson a choisi ce nom pour sa finition font encore l&rsquo;objet de nombreuses sp\u00e9culations. Certains pr\u00e9tendent qu&rsquo;il a \u00e9t\u00e9 choisi sp\u00e9cifiquement pour faire bonne figure sur les t\u00e9l\u00e9viseurs noir et blanc. Ou qu&rsquo;elle a \u00e9t\u00e9 cr\u00e9\u00e9e parce que le jaune et le blanc ordinaires ne rendaient pas bien sur les premiers t\u00e9l\u00e9viseurs couleur (alors tout nouveaux). Ces th\u00e9ories, bien que souvent cit\u00e9es, semblent tir\u00e9es par les cheveux. Il ne serait pas tr\u00e8s logique que Gibson d\u00e9veloppe une couleur destin\u00e9e aux musiciens professionnels se produisant en direct \u00e0 la t\u00e9l\u00e9vision et l&rsquo;utilise ensuite pour des mod\u00e8les d&rsquo;entr\u00e9e de gamme moins chers. Par cons\u00e9quent, il semble \u00e9vident \u00e0 l&rsquo;\u00e9poque que Gibson aurait pr\u00e9f\u00e9r\u00e9 que les artistes jouent de leurs mod\u00e8les Gold Top et Custom, plus luxueux, \u00e0 la t\u00e9l\u00e9vision.<\/p>\n<p>Cependant, une autre th\u00e9orie semble plus cr\u00e9dible. Tout d&rsquo;abord, les t\u00e9l\u00e9viseurs du d\u00e9but des ann\u00e9es 1950 \u00e9taient dot\u00e9s d&rsquo;armoires en bois peintes dans les couleurs en vogue \u00e0 l&rsquo;\u00e9poque, telles que <strong>\u00ab\u00a0whitewashed mahogany\u00a0\u00bb<\/strong>. Cette peinture \u00e9tait facilement disponible, car son usage \u00e9tait tr\u00e8s r\u00e9pandu, un avantage pour Gibson qui pr\u00e9voyait de produire en masse une guitare de base. Le nom TV Yellow serait attrayant et familier pour le grand public am\u00e9ricain.<\/p>\n<p>Quelle que soit la raison pour laquelle Gibson l&rsquo;a appel\u00e9e TV Yellow, cette finition est certainement du plus bel effet sur ces mod\u00e8les Gibson des ann\u00e9es 1950. Cependant, il peut \u00eatre co\u00fbteux de la reproduire avec pr\u00e9cision et le ton final d\u00e9pendra d&rsquo;un certain nombre de facteurs. Une couleur jaune p\u00e2le plus claire sur un corps en acajou plus fonc\u00e9 n\u00e9cessite une sous-couche, mais le grain du bois doit rester l\u00e9g\u00e8rement visible.[\/vc_column_text][vc_single_image image=\u00a0\u00bb71901&Prime; img_size=\u00a0\u00bblarge\u00a0\u00bb alignment=\u00a0\u00bbcenter\u00a0\u00bb css=\u00a0\u00bb\u00a0\u00bb][\/vc_column][\/vc_row][vc_row][vc_column][vc_column_text][\/vc_column_text][vc_column_text]<\/p>\n<h2>Comment faire ?<\/h2>\n<ol>\n<li><strong>Pon\u00e7age :<\/strong> Il est recommand\u00e9 de poncer soigneusement la surface de la guitare pour \u00e9liminer toute imperfection et la pr\u00e9parer pour le processus de peinture.<\/li>\n<li><strong>Fond blanc :<\/strong> Appliquez une couche de fond blanche avec un <a href=\"https:\/\/nitorlack.com\/fr\/barniz\/bouche-pores\/nitrocellulose-fr-5\/nitorlack-primer-2\/\">appr\u00eat blanc<\/a>. Utilisez du ruban de masquage pour prot\u00e9ger les zones que vous ne souhaitez pas peindre.<\/li>\n<li><strong>Remplissage des pores :<\/strong> Appliquez un <a href=\"https:\/\/nitorlack.com\/fr\/barniz\/accessories\/grain-fillers-fr-2\/grain-acqua-fillers\/\">Grain Filler Rosewood<\/a> pour faire ressortir le grain du bois. Utilisez un chiffon ou une spatule pour appliquer et essuyer l&rsquo;exc\u00e8s de produit de remplissage.<\/li>\n<li><strong>Pon\u00e7age :<\/strong> \u00c0 cette \u00e9tape, vous devez obtenir une surface plane avant d&rsquo;appliquer la couleur.<\/li>\n<li><strong>Couche de couleur :<\/strong> Appliquez la couleur <strong>TV Yellow<\/strong>. L&rsquo;intensit\u00e9 de la couleur variera en fonction du nombre de couches appliqu\u00e9es.<\/li>\n<li><strong>Couche de finition :<\/strong> Appliquez plusieurs couches de <a href=\"https:\/\/nitorlack.com\/fr\/barniz\/finitions\/nitrocellulose-finitions\/nitorlack-lacquer-gloss-2\/\">finition transparente<\/a> pour prot\u00e9ger la couleur et obtenir une finition brillante. Il est recommand\u00e9 d&rsquo;appliquer suffisamment de couches pour permettre le pon\u00e7age et le polissage sans alt\u00e9rer la couleur.<\/li>\n<li><strong>Pon\u00e7age et polissage :<\/strong> Une fois que la laque a s\u00e9ch\u00e9 et durci, toute la surface doit \u00eatre polie pour obtenir la surface la plus lisse et la plus brillante possible.<\/li>\n<\/ol>\n<h3><\/h3>\n<p>&nbsp;<\/p>\n<h3>Foire aux questions :<\/h3>\n<p>&nbsp;<\/p>\n<h4>Combien de sprays ai-je besoin pour vernir une guitare ?<\/h4>\n<p>&#8211; Si la surface est bien couverte et que ce n&rsquo;est pas votre premier projet de peinture, vous pourrez le faire avec un seul spray, bien que vous n&rsquo;appliquerez pas beaucoup de couches. Cependant, si vous n&rsquo;\u00eates pas un expert, nous recommandons d&rsquo;utiliser 2 sprays pour une finition optimale.<\/p>\n<p>&nbsp;<\/p>\n<h4>\u00c0 quelle temp\u00e9rature la guitare doit-elle \u00eatre pendant et apr\u00e8s le processus ?<\/h4>\n<p>&#8211; Il est recommand\u00e9 de le faire dans un endroit dont la temp\u00e9rature se situe entre 15 et 25 degr\u00e9s Celsius. Si le processus de peinture ou de vernissage est effectu\u00e9 dans des conditions de forte chaleur ou de froid, le r\u00e9sultat final peut ne pas \u00eatre bon.<\/p>\n<p>&nbsp;<\/p>\n<h4>O\u00f9 dois-je effectuer le processus ?<\/h4>\n<p>Un endroit propre sera essentiel pour \u00e9viter que la salet\u00e9 ou les particules de poussi\u00e8re n&rsquo;adh\u00e8rent \u00e0 la surface.<\/p>\n<p>&nbsp;<\/p>\n<h4>Est-il obligatoire de poncer entre les couches ?<\/h4>\n<p>Ce n&rsquo;est pas toujours n\u00e9cessaire, mais c&rsquo;est recommand\u00e9 pour \u00e9liminer les imperfections qui restent dans la peinture \u00e0 la fin de chaque couche, ainsi que les particules qui pourraient adh\u00e9rer.[\/vc_column_text][\/vc_column][\/vc_row][vc_row][vc_column][vc_column_text]<\/p>\n<h4 style=\"text-align: center;\">Partagez votre travail sur les m\u00e9dias sociaux en utilisant notre hashtag<\/h4>\n<h2 style=\"text-align: center;\">#myNitorlack<\/h2>\n<p>[\/vc_column_text][\/vc_column][\/vc_row][vc_row][vc_column][\/vc_column][\/vc_row][vc_column][vc_column_text]<\/p>\n<h4 style=\"text-align: center;\">Avec la garantie de\u00a0 <a href=\"https:\/\/valresa.com\/\">Valresa Coatings SA<\/a>.<\/h4>\n<p>[\/vc_column_text][\/vc_column][vc_column width=\u00a0\u00bb1\/2&Prime;][\/vc_column][vc_column width=\u00a0\u00bb1\/2&Prime;][\/vc_column]<\/p>\n<\/div>","protected":false},"excerpt":{"rendered":"<p>Couleur translucide de la gamme Gibson.<\/p>\n<p>Cette couleur a commenc\u00e9 \u00e0 \u00eatre utilis\u00e9e sur les guitares en 1954, lorsque Gibson l&rsquo;a introduite dans une version Gold Top. L&rsquo;utilisation de cette couleur sur les guitares s&rsquo;est d\u00e9velopp\u00e9e pour devenir l&rsquo;une des couleurs les plus populaires de l&rsquo;\u00e9poque.<\/p>\n<p>Il a un aspect jaun\u00e2tre qui laisse appara\u00eetre les veines du bois. Toutefois, l&rsquo;aspect final d\u00e9pend de l&rsquo;essence de bois utilis\u00e9e et du processus suivi.<\/p>\n<p>Cette couleur est disponible en :<\/p>\n<ul>\n<li><strong>400 ml de spray.<\/strong><\/li>\n<li><strong>Bouteille de 500 ml<\/strong>, qu&rsquo;il est recommand\u00e9 de diluer avec 10% de solvant.<\/li>\n<\/ul>\n","protected":false},"featured_media":71917,"comment_status":"open","ping_status":"closed","template":"","meta":{"om_disable_all_campaigns":false,"site-sidebar-layout":"no-sidebar","site-content-layout":"plain-container","ast-site-content-layout":"normal-width-container","site-content-style":"unboxed","site-sidebar-style":"unboxed","ast-global-header-display":"","ast-banner-title-visibility":"","ast-main-header-display":"","ast-hfb-above-header-display":"","ast-hfb-below-header-display":"","ast-hfb-mobile-header-display":"","site-post-title":"disabled","ast-breadcrumbs-content":"","ast-featured-img":"disabled","footer-sml-layout":"","ast-disable-related-posts":"","theme-transparent-header-meta":"default","adv-header-id-meta":"","stick-header-meta":"default","header-above-stick-meta":"","header-main-stick-meta":"","header-below-stick-meta":"","astra-migrate-meta-layouts":"default","ast-page-background-enabled":"default","ast-page-background-meta":{"desktop":{"background-color":"var(--ast-global-color-4)","background-image":"","background-repeat":"repeat","background-position":"center center","background-size":"auto","background-attachment":"scroll","background-type":"","background-media":"","overlay-type":"","overlay-color":"","overlay-opacity":"","overlay-gradient":""},"tablet":{"background-color":"","background-image":"","background-repeat":"repeat","background-position":"center center","background-size":"auto","background-attachment":"scroll","background-type":"","background-media":"","overlay-type":"","overlay-color":"","overlay-opacity":"","overlay-gradient":""},"mobile":{"background-color":"","background-image":"","background-repeat":"repeat","background-position":"center center","background-size":"auto","background-attachment":"scroll","background-type":"","background-media":"","overlay-type":"","overlay-color":"","overlay-opacity":"","overlay-gradient":""}},"ast-content-background-meta":{"desktop":{"background-color":"var(--ast-global-color-5)","background-image":"","background-repeat":"repeat","background-position":"center center","background-size":"auto","background-attachment":"scroll","background-type":"","background-media":"","overlay-type":"","overlay-color":"","overlay-opacity":"","overlay-gradient":""},"tablet":{"background-color":"var(--ast-global-color-5)","background-image":"","background-repeat":"repeat","background-position":"center center","background-size":"auto","background-attachment":"scroll","background-type":"","background-media":"","overlay-type":"","overlay-color":"","overlay-opacity":"","overlay-gradient":""},"mobile":{"background-color":"var(--ast-global-color-5)","background-image":"","background-repeat":"repeat","background-position":"center center","background-size":"auto","background-attachment":"scroll","background-type":"","background-media":"","overlay-type":"","overlay-color":"","overlay-opacity":"","overlay-gradient":""}}},"product_brand":[],"product_cat":[114,7426],"product_tag":[],"class_list":{"0":"post-66416","1":"product","2":"type-product","3":"status-publish","4":"has-post-thumbnail","6":"product_cat-custom-couleurs-pot","7":"product_cat-translucid-fr","8":"desktop-align-center","9":"tablet-align-center","10":"mobile-align-center","11":"ast-product-gallery-layout-horizontal-slider","12":"ast-product-single-variable","13":"ast-product-tabs-layout-horizontal","15":"first","16":"instock","17":"taxable","18":"shipping-taxable","19":"purchasable","20":"product-type-variable"},"bundled_by":[],"bundle_stock_status":"instock","bundle_stock_quantity":5000,"bundle_virtual":false,"bundle_layout":"","bundle_add_to_cart_form_location":"","bundle_editable_in_cart":false,"bundle_sold_individually_context":"","bundle_item_grouping":"","bundle_min_size":"","bundle_max_size":"","bundle_price":[],"bundled_items":[],"bundle_sell_ids":[],"yoast_head":"<!-- This site is optimized with the Yoast SEO plugin v27.3 - https:\/\/yoast.com\/product\/yoast-seo-wordpress\/ -->\n<title>TV-YELLOW | Nitorlack<\/title>\n<meta name=\"description\" content=\"Tv yellow translucent colour. Available in nitrocellulose or polyurethane, in spray or 500ml can format.\" \/>\n<meta name=\"robots\" content=\"index, follow, max-snippet:-1, max-image-preview:large, max-video-preview:-1\" \/>\n<link rel=\"canonical\" href=\"https:\/\/nitorlack.com\/fr\/barniz\/custom-couleurs-pot\/translucid-fr\/tv-yellow\/\" \/>\n<meta property=\"og:locale\" content=\"fr_FR\" \/>\n<meta property=\"og:type\" content=\"article\" \/>\n<meta property=\"og:title\" content=\"TV-YELLOW | Nitorlack\" \/>\n<meta property=\"og:description\" content=\"Tv yellow translucent colour. Available in nitrocellulose or polyurethane, in spray or 500ml can format.\" \/>\n<meta property=\"og:url\" content=\"https:\/\/nitorlack.com\/fr\/barniz\/custom-couleurs-pot\/translucid-fr\/tv-yellow\/\" \/>\n<meta property=\"og:site_name\" content=\"Nitorlack\" \/>\n<meta property=\"article:modified_time\" content=\"2026-03-29T11:58:09+00:00\" \/>\n<meta property=\"og:image\" content=\"https:\/\/nitorlack.com\/wp-content\/uploads\/2024\/06\/NARANJA-GASTADO-FRONTAL.jpg\" \/>\n\t<meta property=\"og:image:width\" content=\"1200\" \/>\n\t<meta property=\"og:image:height\" content=\"1200\" \/>\n\t<meta property=\"og:image:type\" content=\"image\/jpeg\" \/>\n<meta name=\"twitter:card\" content=\"summary_large_image\" \/>\n<meta name=\"twitter:label1\" content=\"Dur\u00e9e de lecture estim\u00e9e\" \/>\n\t<meta name=\"twitter:data1\" content=\"5 minutes\" \/>\n<script type=\"application\/ld+json\" class=\"yoast-schema-graph\">{\"@context\":\"https:\\\/\\\/schema.org\",\"@graph\":[{\"@type\":\"WebPage\",\"@id\":\"https:\\\/\\\/nitorlack.com\\\/fr\\\/barniz\\\/custom-couleurs-pot\\\/translucid-fr\\\/tv-yellow\\\/\",\"url\":\"https:\\\/\\\/nitorlack.com\\\/fr\\\/barniz\\\/custom-couleurs-pot\\\/translucid-fr\\\/tv-yellow\\\/\",\"name\":\"TV-YELLOW | Nitorlack\",\"isPartOf\":{\"@id\":\"https:\\\/\\\/nitorlack.com\\\/fr\\\/#website\"},\"primaryImageOfPage\":{\"@id\":\"https:\\\/\\\/nitorlack.com\\\/fr\\\/barniz\\\/custom-couleurs-pot\\\/translucid-fr\\\/tv-yellow\\\/#primaryimage\"},\"image\":{\"@id\":\"https:\\\/\\\/nitorlack.com\\\/fr\\\/barniz\\\/custom-couleurs-pot\\\/translucid-fr\\\/tv-yellow\\\/#primaryimage\"},\"thumbnailUrl\":\"https:\\\/\\\/nitorlack.com\\\/wp-content\\\/uploads\\\/2024\\\/05\\\/NARANJA-GASTADO-LATERAL-1.jpg\",\"datePublished\":\"2023-07-06T07:01:57+00:00\",\"dateModified\":\"2026-03-29T11:58:09+00:00\",\"description\":\"Tv yellow translucent colour. Available in nitrocellulose or polyurethane, in spray or 500ml can format.\",\"breadcrumb\":{\"@id\":\"https:\\\/\\\/nitorlack.com\\\/fr\\\/barniz\\\/custom-couleurs-pot\\\/translucid-fr\\\/tv-yellow\\\/#breadcrumb\"},\"inLanguage\":\"fr-FR\",\"potentialAction\":[{\"@type\":\"ReadAction\",\"target\":[\"https:\\\/\\\/nitorlack.com\\\/fr\\\/barniz\\\/custom-couleurs-pot\\\/translucid-fr\\\/tv-yellow\\\/\"]}]},{\"@type\":\"ImageObject\",\"inLanguage\":\"fr-FR\",\"@id\":\"https:\\\/\\\/nitorlack.com\\\/fr\\\/barniz\\\/custom-couleurs-pot\\\/translucid-fr\\\/tv-yellow\\\/#primaryimage\",\"url\":\"https:\\\/\\\/nitorlack.com\\\/wp-content\\\/uploads\\\/2024\\\/05\\\/NARANJA-GASTADO-LATERAL-1.jpg\",\"contentUrl\":\"https:\\\/\\\/nitorlack.com\\\/wp-content\\\/uploads\\\/2024\\\/05\\\/NARANJA-GASTADO-LATERAL-1.jpg\",\"width\":1200,\"height\":1200,\"caption\":\"guitarra color tv yellow\"},{\"@type\":\"BreadcrumbList\",\"@id\":\"https:\\\/\\\/nitorlack.com\\\/fr\\\/barniz\\\/custom-couleurs-pot\\\/translucid-fr\\\/tv-yellow\\\/#breadcrumb\",\"itemListElement\":[{\"@type\":\"ListItem\",\"position\":1,\"name\":\"Page de Couverture\",\"item\":\"https:\\\/\\\/nitorlack.com\\\/fr\\\/\"},{\"@type\":\"ListItem\",\"position\":2,\"name\":\"Boutique\",\"item\":\"https:\\\/\\\/nitorlack.com\\\/fr\\\/boutique\\\/\"},{\"@type\":\"ListItem\",\"position\":3,\"name\":\"TV-YELLOW\"}]},{\"@type\":\"WebSite\",\"@id\":\"https:\\\/\\\/nitorlack.com\\\/fr\\\/#website\",\"url\":\"https:\\\/\\\/nitorlack.com\\\/fr\\\/\",\"name\":\"Nitorlack\",\"description\":\"Guitar Lacquers\",\"publisher\":{\"@id\":\"https:\\\/\\\/nitorlack.com\\\/fr\\\/#organization\"},\"potentialAction\":[{\"@type\":\"SearchAction\",\"target\":{\"@type\":\"EntryPoint\",\"urlTemplate\":\"https:\\\/\\\/nitorlack.com\\\/fr\\\/?s={search_term_string}\"},\"query-input\":{\"@type\":\"PropertyValueSpecification\",\"valueRequired\":true,\"valueName\":\"search_term_string\"}}],\"inLanguage\":\"fr-FR\"},{\"@type\":\"Organization\",\"@id\":\"https:\\\/\\\/nitorlack.com\\\/fr\\\/#organization\",\"name\":\"Nitorlack\",\"url\":\"https:\\\/\\\/nitorlack.com\\\/fr\\\/\",\"logo\":{\"@type\":\"ImageObject\",\"inLanguage\":\"fr-FR\",\"@id\":\"https:\\\/\\\/nitorlack.com\\\/fr\\\/#\\\/schema\\\/logo\\\/image\\\/\",\"url\":\"http:\\\/\\\/nitorlack.com\\\/wp-content\\\/uploads\\\/2016\\\/02\\\/cropped-galleta-negra-1.jpg\",\"contentUrl\":\"http:\\\/\\\/nitorlack.com\\\/wp-content\\\/uploads\\\/2016\\\/02\\\/cropped-galleta-negra-1.jpg\",\"width\":512,\"height\":512,\"caption\":\"Nitorlack\"},\"image\":{\"@id\":\"https:\\\/\\\/nitorlack.com\\\/fr\\\/#\\\/schema\\\/logo\\\/image\\\/\"}}]}<\/script>\n<!-- \/ Yoast SEO plugin. -->","yoast_head_json":{"title":"TV-YELLOW | Nitorlack","description":"Tv yellow translucent colour. Available in nitrocellulose or polyurethane, in spray or 500ml can format.","robots":{"index":"index","follow":"follow","max-snippet":"max-snippet:-1","max-image-preview":"max-image-preview:large","max-video-preview":"max-video-preview:-1"},"canonical":"https:\/\/nitorlack.com\/fr\/barniz\/custom-couleurs-pot\/translucid-fr\/tv-yellow\/","og_locale":"fr_FR","og_type":"article","og_title":"TV-YELLOW | Nitorlack","og_description":"Tv yellow translucent colour. Available in nitrocellulose or polyurethane, in spray or 500ml can format.","og_url":"https:\/\/nitorlack.com\/fr\/barniz\/custom-couleurs-pot\/translucid-fr\/tv-yellow\/","og_site_name":"Nitorlack","article_modified_time":"2026-03-29T11:58:09+00:00","og_image":[{"width":1200,"height":1200,"url":"https:\/\/nitorlack.com\/wp-content\/uploads\/2024\/06\/NARANJA-GASTADO-FRONTAL.jpg","type":"image\/jpeg"}],"twitter_card":"summary_large_image","twitter_misc":{"Dur\u00e9e de lecture estim\u00e9e":"5 minutes"},"schema":{"@context":"https:\/\/schema.org","@graph":[{"@type":"WebPage","@id":"https:\/\/nitorlack.com\/fr\/barniz\/custom-couleurs-pot\/translucid-fr\/tv-yellow\/","url":"https:\/\/nitorlack.com\/fr\/barniz\/custom-couleurs-pot\/translucid-fr\/tv-yellow\/","name":"TV-YELLOW | Nitorlack","isPartOf":{"@id":"https:\/\/nitorlack.com\/fr\/#website"},"primaryImageOfPage":{"@id":"https:\/\/nitorlack.com\/fr\/barniz\/custom-couleurs-pot\/translucid-fr\/tv-yellow\/#primaryimage"},"image":{"@id":"https:\/\/nitorlack.com\/fr\/barniz\/custom-couleurs-pot\/translucid-fr\/tv-yellow\/#primaryimage"},"thumbnailUrl":"https:\/\/nitorlack.com\/wp-content\/uploads\/2024\/05\/NARANJA-GASTADO-LATERAL-1.jpg","datePublished":"2023-07-06T07:01:57+00:00","dateModified":"2026-03-29T11:58:09+00:00","description":"Tv yellow translucent colour. Available in nitrocellulose or polyurethane, in spray or 500ml can format.","breadcrumb":{"@id":"https:\/\/nitorlack.com\/fr\/barniz\/custom-couleurs-pot\/translucid-fr\/tv-yellow\/#breadcrumb"},"inLanguage":"fr-FR","potentialAction":[{"@type":"ReadAction","target":["https:\/\/nitorlack.com\/fr\/barniz\/custom-couleurs-pot\/translucid-fr\/tv-yellow\/"]}]},{"@type":"ImageObject","inLanguage":"fr-FR","@id":"https:\/\/nitorlack.com\/fr\/barniz\/custom-couleurs-pot\/translucid-fr\/tv-yellow\/#primaryimage","url":"https:\/\/nitorlack.com\/wp-content\/uploads\/2024\/05\/NARANJA-GASTADO-LATERAL-1.jpg","contentUrl":"https:\/\/nitorlack.com\/wp-content\/uploads\/2024\/05\/NARANJA-GASTADO-LATERAL-1.jpg","width":1200,"height":1200,"caption":"guitarra color tv yellow"},{"@type":"BreadcrumbList","@id":"https:\/\/nitorlack.com\/fr\/barniz\/custom-couleurs-pot\/translucid-fr\/tv-yellow\/#breadcrumb","itemListElement":[{"@type":"ListItem","position":1,"name":"Page de Couverture","item":"https:\/\/nitorlack.com\/fr\/"},{"@type":"ListItem","position":2,"name":"Boutique","item":"https:\/\/nitorlack.com\/fr\/boutique\/"},{"@type":"ListItem","position":3,"name":"TV-YELLOW"}]},{"@type":"WebSite","@id":"https:\/\/nitorlack.com\/fr\/#website","url":"https:\/\/nitorlack.com\/fr\/","name":"Nitorlack","description":"Guitar Lacquers","publisher":{"@id":"https:\/\/nitorlack.com\/fr\/#organization"},"potentialAction":[{"@type":"SearchAction","target":{"@type":"EntryPoint","urlTemplate":"https:\/\/nitorlack.com\/fr\/?s={search_term_string}"},"query-input":{"@type":"PropertyValueSpecification","valueRequired":true,"valueName":"search_term_string"}}],"inLanguage":"fr-FR"},{"@type":"Organization","@id":"https:\/\/nitorlack.com\/fr\/#organization","name":"Nitorlack","url":"https:\/\/nitorlack.com\/fr\/","logo":{"@type":"ImageObject","inLanguage":"fr-FR","@id":"https:\/\/nitorlack.com\/fr\/#\/schema\/logo\/image\/","url":"http:\/\/nitorlack.com\/wp-content\/uploads\/2016\/02\/cropped-galleta-negra-1.jpg","contentUrl":"http:\/\/nitorlack.com\/wp-content\/uploads\/2016\/02\/cropped-galleta-negra-1.jpg","width":512,"height":512,"caption":"Nitorlack"},"image":{"@id":"https:\/\/nitorlack.com\/fr\/#\/schema\/logo\/image\/"}}]}},"_links":{"self":[{"href":"https:\/\/nitorlack.com\/fr\/wp-json\/wp\/v2\/product\/66416","targetHints":{"allow":["GET"]}}],"collection":[{"href":"https:\/\/nitorlack.com\/fr\/wp-json\/wp\/v2\/product"}],"about":[{"href":"https:\/\/nitorlack.com\/fr\/wp-json\/wp\/v2\/types\/product"}],"replies":[{"embeddable":true,"href":"https:\/\/nitorlack.com\/fr\/wp-json\/wp\/v2\/comments?post=66416"}],"wp:featuredmedia":[{"embeddable":true,"href":"https:\/\/nitorlack.com\/fr\/wp-json\/wp\/v2\/media\/71917"}],"wp:attachment":[{"href":"https:\/\/nitorlack.com\/fr\/wp-json\/wp\/v2\/media?parent=66416"}],"wp:term":[{"taxonomy":"product_brand","embeddable":true,"href":"https:\/\/nitorlack.com\/fr\/wp-json\/wp\/v2\/product_brand?post=66416"},{"taxonomy":"product_cat","embeddable":true,"href":"https:\/\/nitorlack.com\/fr\/wp-json\/wp\/v2\/product_cat?post=66416"},{"taxonomy":"product_tag","embeddable":true,"href":"https:\/\/nitorlack.com\/fr\/wp-json\/wp\/v2\/product_tag?post=66416"}],"curies":[{"name":"wp","href":"https:\/\/api.w.org\/{rel}","templated":true}]}}