{"id":66293,"date":"2023-06-30T12:36:56","date_gmt":"2023-06-30T10:36:56","guid":{"rendered":"https:\/\/nitorlack.com\/barniz\/non%20class\u00e9\/relic-patina\/"},"modified":"2026-04-04T14:36:23","modified_gmt":"2026-04-04T12:36:23","slug":"relic-patina","status":"publish","type":"product","link":"https:\/\/nitorlack.com\/fr\/barniz\/accessories\/relic-patina-fr\/relic-patina\/","title":{"rendered":"RELIC PATINA"},"content":{"rendered":"<div class=\"wpb-content-wrapper\"><p>[vc_row][vc_column][vc_video link=\u00a0\u00bbhttps:\/\/www.youtube.com\/watch?v=NfDhOJW7Wpk&amp;feature=youtu.be\u00a0\u00bb el_width=\u00a0\u00bb70&Prime; align=\u00a0\u00bbcenter\u00a0\u00bb][\/vc_column][\/vc_row][vc_row][vc_column][vc_column_text]<\/p>\n<h3><\/h3>\n<h3>Qu&rsquo;est-ce que la patine des reliques ?<\/h3>\n<p class=\"x_MsoNormal\">Si vous souhaitez transformer votre guitare en une authentique guitare vintage, Nitorlack Relic Patina est la solution id\u00e9ale.<\/p>\n<p class=\"x_MsoNormal\">En appliquant ce produit sur une guitare fissur\u00e9e ou bossel\u00e9e, vous obtiendrez un aspect vieilli en comblant et en soulignant ces d\u00e9fauts.<\/p>\n<p class=\"x_MsoNormal\">En revanche, si certaines parties du bois de votre guitare n&rsquo;ont pratiquement plus de vernis, vous pourrez les assombrir sans difficult\u00e9 et obtenir l&rsquo;aspect vintage souhait\u00e9. Vous pouvez donc facilement donner l&rsquo;impression que votre guitare a \u00e9t\u00e9 jou\u00e9e pendant des ann\u00e9es.<\/p>\n<h3>Guide de mise en \u0153uvre :<\/h3>\n<ul>\n<li>Il est recommand\u00e9 de le combiner avec <a href=\"https:\/\/nitorlack.com\/barniz\/acabados\/acabados-nitrocelulosa\/nitorlack-relic-gloss\/\">Lacquer Relic<\/a> ou <a href=\"https:\/\/nitorlack.com\/barniz\/acabados\/acabados-nitrocelulosa\/lacquer-golden-age\/\">Lacquer Golden age<\/a>. Lorsque la guitare sort du cong\u00e9lateur, les fissures sont plus ouvertes. C&rsquo;est \u00e0 ce moment-l\u00e0 qu&rsquo;il faut appliquer le produit.<\/li>\n<li class=\"x_MsoNormal\">Il suffit d&rsquo;appliquer une quantit\u00e9 g\u00e9n\u00e9reuse et de laisser agir pendant <strong>5 \u00e0 10 minutes<\/strong>.<\/li>\n<li class=\"x_MsoNormal\">Utilisez ensuite un chiffon propre et essuyez la surface jusqu&rsquo;\u00e0 ce qu&rsquo;elle soit compl\u00e8tement propre. En tant que produit \u00e0 base d&rsquo;eau, il s&rsquo;enl\u00e8ve facilement, mais si on le laisse s\u00e9cher pendant plus de 5 \u00e0 10 minutes, il sera plus co\u00fbteux \u00e0 enlever.<\/li>\n<li><\/li>\n<\/ul>\n<h3><\/h3>\n<h3 class=\"x_MsoNormal\"><strong>Autres applications diff\u00e9rentes :<\/strong><\/h3>\n<ul>\n<li class=\"x_MsoNormal\">Appliqu\u00e9 sur une touche en palissandre ou en pao ferro, il assombrit le bois et lui donne le ton riche du palissandre br\u00e9silien de l&rsquo;\u00e2ge d&rsquo;or, avec l&rsquo;aspect et le toucher d&rsquo;une tr\u00e8s vieille touche.<\/li>\n<li class=\"x_MsoNormal\">Lorsque nous appliquons Relic Patina \u00e0 l&rsquo;arri\u00e8re d&rsquo;un m\u00e2t qui a \u00e9t\u00e9 ponc\u00e9 jusqu&rsquo;au bois, nous obtenons un effet brun et us\u00e9.<\/li>\n<\/ul>\n<p>Ce produit est formul\u00e9 \u00e0<strong>base d&rsquo;eau<\/strong>, il est donc <strong>non toxique et n&rsquo;attaque aucun type de finition nitrocellulosique<\/strong>, seule l&rsquo;utilisation de gants est recommand\u00e9e pour son application car sa couleur est intense.<\/p>\n<p class=\"x_MsoNormal\">Un pot suffit pour <strong>une ou deux guitares<\/strong>.<\/p>\n<p>[\/vc_column_text][\/vc_column][\/vc_row]<\/p>\n<\/div>","protected":false},"excerpt":{"rendered":"<p class=\"x_MsoNormal\">Produit sp\u00e9cialement con\u00e7u pour <strong>am\u00e9liorer le vieillissement de la guitare.<\/strong>.<\/p>\n<ul>\n<li class=\"x_MsoNormal\">Vous pouvez facilement l&rsquo;appliquer \u00e0 l&rsquo;aide d&rsquo;un chiffon ou d&rsquo;un pinceau, le laisser s\u00e9cher quelques minutes et l&rsquo;enlever \u00e0 l&rsquo;aide d&rsquo;un chiffon propre.<\/li>\n<li class=\"x_MsoNormal\">Le produit assombrit les petites bosses dans le vernis, les fissures et donne un aspect vieilli aux parties en bois visibles sur la guitare.<\/li>\n<li>En quelques minutes seulement, vous pouvez donner un aspect vieilli \u00e0 votre guitare.<\/li>\n<li>Il est recommand\u00e9 de l&rsquo;utiliser en combinaison avec <strong>Lacquer Golden Age<\/strong> ou <strong>Lacquer Relic<\/strong>.<\/li>\n<\/ul>\n","protected":false},"featured_media":74739,"comment_status":"open","ping_status":"closed","template":"","meta":{"om_disable_all_campaigns":false,"site-sidebar-layout":"no-sidebar","site-content-layout":"plain-container","ast-site-content-layout":"normal-width-container","site-content-style":"unboxed","site-sidebar-style":"unboxed","ast-global-header-display":"","ast-banner-title-visibility":"","ast-main-header-display":"","ast-hfb-above-header-display":"","ast-hfb-below-header-display":"","ast-hfb-mobile-header-display":"","site-post-title":"disabled","ast-breadcrumbs-content":"","ast-featured-img":"disabled","footer-sml-layout":"","ast-disable-related-posts":"","theme-transparent-header-meta":"default","adv-header-id-meta":"","stick-header-meta":"default","header-above-stick-meta":"","header-main-stick-meta":"","header-below-stick-meta":"","astra-migrate-meta-layouts":"default","ast-page-background-enabled":"default","ast-page-background-meta":{"desktop":{"background-color":"var(--ast-global-color-4)","background-image":"","background-repeat":"repeat","background-position":"center center","background-size":"auto","background-attachment":"scroll","background-type":"","background-media":"","overlay-type":"","overlay-color":"","overlay-opacity":"","overlay-gradient":""},"tablet":{"background-color":"","background-image":"","background-repeat":"repeat","background-position":"center center","background-size":"auto","background-attachment":"scroll","background-type":"","background-media":"","overlay-type":"","overlay-color":"","overlay-opacity":"","overlay-gradient":""},"mobile":{"background-color":"","background-image":"","background-repeat":"repeat","background-position":"center center","background-size":"auto","background-attachment":"scroll","background-type":"","background-media":"","overlay-type":"","overlay-color":"","overlay-opacity":"","overlay-gradient":""}},"ast-content-background-meta":{"desktop":{"background-color":"var(--ast-global-color-5)","background-image":"","background-repeat":"repeat","background-position":"center center","background-size":"auto","background-attachment":"scroll","background-type":"","background-media":"","overlay-type":"","overlay-color":"","overlay-opacity":"","overlay-gradient":""},"tablet":{"background-color":"var(--ast-global-color-5)","background-image":"","background-repeat":"repeat","background-position":"center center","background-size":"auto","background-attachment":"scroll","background-type":"","background-media":"","overlay-type":"","overlay-color":"","overlay-opacity":"","overlay-gradient":""},"mobile":{"background-color":"var(--ast-global-color-5)","background-image":"","background-repeat":"repeat","background-position":"center center","background-size":"auto","background-attachment":"scroll","background-type":"","background-media":"","overlay-type":"","overlay-color":"","overlay-opacity":"","overlay-gradient":""}}},"product_brand":[],"product_cat":[85,7891],"product_tag":[],"class_list":{"0":"post-66293","1":"product","2":"type-product","3":"status-publish","4":"has-post-thumbnail","6":"product_cat-accessories","7":"product_cat-relic-patina-fr","8":"desktop-align-center","9":"tablet-align-center","10":"mobile-align-center","11":"ast-product-gallery-layout-horizontal-slider","12":"ast-product-tabs-layout-horizontal","14":"first","15":"instock","16":"taxable","17":"shipping-taxable","18":"purchasable","19":"product-type-simple"},"bundled_by":[],"bundle_stock_status":"instock","bundle_stock_quantity":999832,"bundle_virtual":false,"bundle_layout":"","bundle_add_to_cart_form_location":"","bundle_editable_in_cart":false,"bundle_sold_individually_context":"","bundle_item_grouping":"","bundle_min_size":"","bundle_max_size":"","bundle_price":[],"bundled_items":[],"bundle_sell_ids":[],"yoast_head":"<!-- This site is optimized with the Yoast SEO plugin v27.3 - https:\/\/yoast.com\/product\/yoast-seo-wordpress\/ -->\n<title>RELIC PATINA | Nitorlack<\/title>\n<meta name=\"description\" content=\"Obtenez un effet de vieillissement naturel sur votre guitare avec ce produit \u00e0 base d&#039;eau. Il comble les fissures et les cassures pour donner un aspect vintage \u00e0 votre guitare.\" \/>\n<meta name=\"robots\" content=\"index, follow, max-snippet:-1, max-image-preview:large, max-video-preview:-1\" \/>\n<link rel=\"canonical\" href=\"https:\/\/nitorlack.com\/fr\/barniz\/accessories\/relic-patina-fr\/relic-patina\/\" \/>\n<meta property=\"og:locale\" content=\"fr_FR\" \/>\n<meta property=\"og:type\" content=\"article\" \/>\n<meta property=\"og:title\" content=\"RELIC PATINA | Nitorlack\" \/>\n<meta property=\"og:description\" content=\"Obtenez un effet de vieillissement naturel sur votre guitare avec ce produit \u00e0 base d&#039;eau. Il comble les fissures et les cassures pour donner un aspect vintage \u00e0 votre guitare.\" \/>\n<meta property=\"og:url\" content=\"https:\/\/nitorlack.com\/fr\/barniz\/accessories\/relic-patina-fr\/relic-patina\/\" \/>\n<meta property=\"og:site_name\" content=\"Nitorlack\" \/>\n<meta property=\"article:modified_time\" content=\"2026-04-04T12:36:23+00:00\" \/>\n<meta property=\"og:image\" content=\"https:\/\/nitorlack.com\/wp-content\/uploads\/2023\/06\/IMG_5177-1-1-scaled.jpg\" \/>\n\t<meta property=\"og:image:width\" content=\"2560\" \/>\n\t<meta property=\"og:image:height\" content=\"2560\" \/>\n\t<meta property=\"og:image:type\" content=\"image\/jpeg\" \/>\n<meta name=\"twitter:card\" content=\"summary_large_image\" \/>\n<meta name=\"twitter:label1\" content=\"Dur\u00e9e de lecture estim\u00e9e\" \/>\n\t<meta name=\"twitter:data1\" content=\"2 minutes\" \/>\n<script type=\"application\/ld+json\" class=\"yoast-schema-graph\">{\"@context\":\"https:\\\/\\\/schema.org\",\"@graph\":[{\"@type\":\"WebPage\",\"@id\":\"https:\\\/\\\/nitorlack.com\\\/fr\\\/barniz\\\/accessories\\\/relic-patina-fr\\\/relic-patina\\\/\",\"url\":\"https:\\\/\\\/nitorlack.com\\\/fr\\\/barniz\\\/accessories\\\/relic-patina-fr\\\/relic-patina\\\/\",\"name\":\"RELIC PATINA | Nitorlack\",\"isPartOf\":{\"@id\":\"https:\\\/\\\/nitorlack.com\\\/fr\\\/#website\"},\"primaryImageOfPage\":{\"@id\":\"https:\\\/\\\/nitorlack.com\\\/fr\\\/barniz\\\/accessories\\\/relic-patina-fr\\\/relic-patina\\\/#primaryimage\"},\"image\":{\"@id\":\"https:\\\/\\\/nitorlack.com\\\/fr\\\/barniz\\\/accessories\\\/relic-patina-fr\\\/relic-patina\\\/#primaryimage\"},\"thumbnailUrl\":\"https:\\\/\\\/nitorlack.com\\\/wp-content\\\/uploads\\\/2024\\\/09\\\/relic-patina-1.jpg\",\"datePublished\":\"2023-06-30T10:36:56+00:00\",\"dateModified\":\"2026-04-04T12:36:23+00:00\",\"description\":\"Obtenez un effet de vieillissement naturel sur votre guitare avec ce produit \u00e0 base d'eau. Il comble les fissures et les cassures pour donner un aspect vintage \u00e0 votre guitare.\",\"breadcrumb\":{\"@id\":\"https:\\\/\\\/nitorlack.com\\\/fr\\\/barniz\\\/accessories\\\/relic-patina-fr\\\/relic-patina\\\/#breadcrumb\"},\"inLanguage\":\"fr-FR\",\"potentialAction\":[{\"@type\":\"ReadAction\",\"target\":[\"https:\\\/\\\/nitorlack.com\\\/fr\\\/barniz\\\/accessories\\\/relic-patina-fr\\\/relic-patina\\\/\"]}]},{\"@type\":\"ImageObject\",\"inLanguage\":\"fr-FR\",\"@id\":\"https:\\\/\\\/nitorlack.com\\\/fr\\\/barniz\\\/accessories\\\/relic-patina-fr\\\/relic-patina\\\/#primaryimage\",\"url\":\"https:\\\/\\\/nitorlack.com\\\/wp-content\\\/uploads\\\/2024\\\/09\\\/relic-patina-1.jpg\",\"contentUrl\":\"https:\\\/\\\/nitorlack.com\\\/wp-content\\\/uploads\\\/2024\\\/09\\\/relic-patina-1.jpg\",\"width\":1200,\"height\":1200,\"caption\":\"relic patina\"},{\"@type\":\"BreadcrumbList\",\"@id\":\"https:\\\/\\\/nitorlack.com\\\/fr\\\/barniz\\\/accessories\\\/relic-patina-fr\\\/relic-patina\\\/#breadcrumb\",\"itemListElement\":[{\"@type\":\"ListItem\",\"position\":1,\"name\":\"Page de Couverture\",\"item\":\"https:\\\/\\\/nitorlack.com\\\/fr\\\/\"},{\"@type\":\"ListItem\",\"position\":2,\"name\":\"Boutique\",\"item\":\"https:\\\/\\\/nitorlack.com\\\/fr\\\/boutique\\\/\"},{\"@type\":\"ListItem\",\"position\":3,\"name\":\"RELIC PATINA\"}]},{\"@type\":\"WebSite\",\"@id\":\"https:\\\/\\\/nitorlack.com\\\/fr\\\/#website\",\"url\":\"https:\\\/\\\/nitorlack.com\\\/fr\\\/\",\"name\":\"Nitorlack\",\"description\":\"Guitar Lacquers\",\"publisher\":{\"@id\":\"https:\\\/\\\/nitorlack.com\\\/fr\\\/#organization\"},\"potentialAction\":[{\"@type\":\"SearchAction\",\"target\":{\"@type\":\"EntryPoint\",\"urlTemplate\":\"https:\\\/\\\/nitorlack.com\\\/fr\\\/?s={search_term_string}\"},\"query-input\":{\"@type\":\"PropertyValueSpecification\",\"valueRequired\":true,\"valueName\":\"search_term_string\"}}],\"inLanguage\":\"fr-FR\"},{\"@type\":\"Organization\",\"@id\":\"https:\\\/\\\/nitorlack.com\\\/fr\\\/#organization\",\"name\":\"Nitorlack\",\"url\":\"https:\\\/\\\/nitorlack.com\\\/fr\\\/\",\"logo\":{\"@type\":\"ImageObject\",\"inLanguage\":\"fr-FR\",\"@id\":\"https:\\\/\\\/nitorlack.com\\\/fr\\\/#\\\/schema\\\/logo\\\/image\\\/\",\"url\":\"http:\\\/\\\/nitorlack.com\\\/wp-content\\\/uploads\\\/2016\\\/02\\\/cropped-galleta-negra-1.jpg\",\"contentUrl\":\"http:\\\/\\\/nitorlack.com\\\/wp-content\\\/uploads\\\/2016\\\/02\\\/cropped-galleta-negra-1.jpg\",\"width\":512,\"height\":512,\"caption\":\"Nitorlack\"},\"image\":{\"@id\":\"https:\\\/\\\/nitorlack.com\\\/fr\\\/#\\\/schema\\\/logo\\\/image\\\/\"}}]}<\/script>\n<!-- \/ Yoast SEO plugin. -->","yoast_head_json":{"title":"RELIC PATINA | Nitorlack","description":"Obtenez un effet de vieillissement naturel sur votre guitare avec ce produit \u00e0 base d'eau. Il comble les fissures et les cassures pour donner un aspect vintage \u00e0 votre guitare.","robots":{"index":"index","follow":"follow","max-snippet":"max-snippet:-1","max-image-preview":"max-image-preview:large","max-video-preview":"max-video-preview:-1"},"canonical":"https:\/\/nitorlack.com\/fr\/barniz\/accessories\/relic-patina-fr\/relic-patina\/","og_locale":"fr_FR","og_type":"article","og_title":"RELIC PATINA | Nitorlack","og_description":"Obtenez un effet de vieillissement naturel sur votre guitare avec ce produit \u00e0 base d'eau. Il comble les fissures et les cassures pour donner un aspect vintage \u00e0 votre guitare.","og_url":"https:\/\/nitorlack.com\/fr\/barniz\/accessories\/relic-patina-fr\/relic-patina\/","og_site_name":"Nitorlack","article_modified_time":"2026-04-04T12:36:23+00:00","og_image":[{"width":2560,"height":2560,"url":"https:\/\/nitorlack.com\/wp-content\/uploads\/2023\/06\/IMG_5177-1-1-scaled.jpg","type":"image\/jpeg"}],"twitter_card":"summary_large_image","twitter_misc":{"Dur\u00e9e de lecture estim\u00e9e":"2 minutes"},"schema":{"@context":"https:\/\/schema.org","@graph":[{"@type":"WebPage","@id":"https:\/\/nitorlack.com\/fr\/barniz\/accessories\/relic-patina-fr\/relic-patina\/","url":"https:\/\/nitorlack.com\/fr\/barniz\/accessories\/relic-patina-fr\/relic-patina\/","name":"RELIC PATINA | Nitorlack","isPartOf":{"@id":"https:\/\/nitorlack.com\/fr\/#website"},"primaryImageOfPage":{"@id":"https:\/\/nitorlack.com\/fr\/barniz\/accessories\/relic-patina-fr\/relic-patina\/#primaryimage"},"image":{"@id":"https:\/\/nitorlack.com\/fr\/barniz\/accessories\/relic-patina-fr\/relic-patina\/#primaryimage"},"thumbnailUrl":"https:\/\/nitorlack.com\/wp-content\/uploads\/2024\/09\/relic-patina-1.jpg","datePublished":"2023-06-30T10:36:56+00:00","dateModified":"2026-04-04T12:36:23+00:00","description":"Obtenez un effet de vieillissement naturel sur votre guitare avec ce produit \u00e0 base d'eau. Il comble les fissures et les cassures pour donner un aspect vintage \u00e0 votre guitare.","breadcrumb":{"@id":"https:\/\/nitorlack.com\/fr\/barniz\/accessories\/relic-patina-fr\/relic-patina\/#breadcrumb"},"inLanguage":"fr-FR","potentialAction":[{"@type":"ReadAction","target":["https:\/\/nitorlack.com\/fr\/barniz\/accessories\/relic-patina-fr\/relic-patina\/"]}]},{"@type":"ImageObject","inLanguage":"fr-FR","@id":"https:\/\/nitorlack.com\/fr\/barniz\/accessories\/relic-patina-fr\/relic-patina\/#primaryimage","url":"https:\/\/nitorlack.com\/wp-content\/uploads\/2024\/09\/relic-patina-1.jpg","contentUrl":"https:\/\/nitorlack.com\/wp-content\/uploads\/2024\/09\/relic-patina-1.jpg","width":1200,"height":1200,"caption":"relic patina"},{"@type":"BreadcrumbList","@id":"https:\/\/nitorlack.com\/fr\/barniz\/accessories\/relic-patina-fr\/relic-patina\/#breadcrumb","itemListElement":[{"@type":"ListItem","position":1,"name":"Page de Couverture","item":"https:\/\/nitorlack.com\/fr\/"},{"@type":"ListItem","position":2,"name":"Boutique","item":"https:\/\/nitorlack.com\/fr\/boutique\/"},{"@type":"ListItem","position":3,"name":"RELIC PATINA"}]},{"@type":"WebSite","@id":"https:\/\/nitorlack.com\/fr\/#website","url":"https:\/\/nitorlack.com\/fr\/","name":"Nitorlack","description":"Guitar Lacquers","publisher":{"@id":"https:\/\/nitorlack.com\/fr\/#organization"},"potentialAction":[{"@type":"SearchAction","target":{"@type":"EntryPoint","urlTemplate":"https:\/\/nitorlack.com\/fr\/?s={search_term_string}"},"query-input":{"@type":"PropertyValueSpecification","valueRequired":true,"valueName":"search_term_string"}}],"inLanguage":"fr-FR"},{"@type":"Organization","@id":"https:\/\/nitorlack.com\/fr\/#organization","name":"Nitorlack","url":"https:\/\/nitorlack.com\/fr\/","logo":{"@type":"ImageObject","inLanguage":"fr-FR","@id":"https:\/\/nitorlack.com\/fr\/#\/schema\/logo\/image\/","url":"http:\/\/nitorlack.com\/wp-content\/uploads\/2016\/02\/cropped-galleta-negra-1.jpg","contentUrl":"http:\/\/nitorlack.com\/wp-content\/uploads\/2016\/02\/cropped-galleta-negra-1.jpg","width":512,"height":512,"caption":"Nitorlack"},"image":{"@id":"https:\/\/nitorlack.com\/fr\/#\/schema\/logo\/image\/"}}]}},"_links":{"self":[{"href":"https:\/\/nitorlack.com\/fr\/wp-json\/wp\/v2\/product\/66293","targetHints":{"allow":["GET"]}}],"collection":[{"href":"https:\/\/nitorlack.com\/fr\/wp-json\/wp\/v2\/product"}],"about":[{"href":"https:\/\/nitorlack.com\/fr\/wp-json\/wp\/v2\/types\/product"}],"replies":[{"embeddable":true,"href":"https:\/\/nitorlack.com\/fr\/wp-json\/wp\/v2\/comments?post=66293"}],"wp:featuredmedia":[{"embeddable":true,"href":"https:\/\/nitorlack.com\/fr\/wp-json\/wp\/v2\/media\/74739"}],"wp:attachment":[{"href":"https:\/\/nitorlack.com\/fr\/wp-json\/wp\/v2\/media?parent=66293"}],"wp:term":[{"taxonomy":"product_brand","embeddable":true,"href":"https:\/\/nitorlack.com\/fr\/wp-json\/wp\/v2\/product_brand?post=66293"},{"taxonomy":"product_cat","embeddable":true,"href":"https:\/\/nitorlack.com\/fr\/wp-json\/wp\/v2\/product_cat?post=66293"},{"taxonomy":"product_tag","embeddable":true,"href":"https:\/\/nitorlack.com\/fr\/wp-json\/wp\/v2\/product_tag?post=66293"}],"curies":[{"name":"wp","href":"https:\/\/api.w.org\/{rel}","templated":true}]}}