{"id":64456,"date":"2023-03-23T11:45:43","date_gmt":"2023-03-23T09:45:43","guid":{"rendered":"https:\/\/nitorlack.com\/barniz\/non%20class\u00e9\/lacquer-golden-age\/"},"modified":"2026-05-01T20:44:05","modified_gmt":"2026-05-01T18:44:05","slug":"lacquer-golden-age","status":"publish","type":"product","link":"https:\/\/nitorlack.com\/fr\/barniz\/finitions\/nitrocellulose-finitions\/lacquer-golden-age\/","title":{"rendered":"LACQUER GOLDEN AGE"},"content":{"rendered":"<div class=\"wpb-content-wrapper\"><p>[vc_row][vc_column][vc_raw_html]JTVCQmVzdF9Xb3JkcHJlc3NfR2FsbGVyeSUyMGlkJTNEJTIyNyUyMiU1RA==[\/vc_raw_html][\/vc_column][\/vc_row][vc_row][vc_column][vc_video link=\u00a0\u00bbhttps:\/\/www.youtube.com\/watch?v=-T8k55tjnA4&Prime; el_width=\u00a0\u00bb70&Prime; align=\u00a0\u00bbcenter\u00a0\u00bb css=\u00a0\u00bb\u00a0\u00bb][\/vc_column][\/vc_row][vc_row][vc_column][vc_video link=\u00a0\u00bbhttps:\/\/youtu.be\/2WgmS2FRBfI?si=l7xtLQ3ojYjKg0TZ\u00a0\u00bb el_width=\u00a0\u00bb70&Prime; align=\u00a0\u00bbcenter\u00a0\u00bb css=\u00a0\u00bb\u00a0\u00bb][\/vc_column][\/vc_row][vc_row][vc_column][vc_column_text css=\u00a0\u00bb\u00a0\u00bb]<\/p>\n<h2>Qu&rsquo;est-ce que la nouvelle nitro sans plastifiants ?<\/h2>\n<p>Cette nouvelle nitrocellulose consiste en la recr\u00e9ation de la nitrocellulose utilis\u00e9e par Fender et Gibson tout au long des ann\u00e9es 60. Sa formulation a \u00e9t\u00e9 modifi\u00e9e en \u00e9liminant les plastifiants pour augmenter sa rigidit\u00e9 et obtenir un vernis qui permet d&rsquo;obtenir facilement un aspect plus naturel et vintage.<\/p>\n<p>Le principal avantage par rapport aux diff\u00e9rents vernis nitrocellulosiques est sa rapidit\u00e9 d&rsquo;\u00e9vaporation et de fusion entre les couches, permettant ainsi de donner un effet brillant plus marqu\u00e9 et une plus grande vibration du bois.<\/p>\n<p>&nbsp;<\/p>\n<h2>Guide d&rsquo;application :<\/h2>\n<p>&#8211; Avant de commencer le processus, la surface doit \u00eatre correctement pr\u00e9par\u00e9e. Pour cela, les pores doivent avoir \u00e9t\u00e9 bouch\u00e9s au pr\u00e9alable.<\/p>\n<p>&#8211; On commence par vernir d&rsquo;abord les c\u00f4t\u00e9s, puis on continue avec la face avant et la face arri\u00e8re.<\/p>\n<p>&#8211; <strong>Les mouvements doivent \u00eatre lin\u00e9aires<\/strong>, d&rsquo;abord horizontaux puis verticaux, et il ne faut pas surcharger la surface.<\/p>\n<p>&#8211; La distance \u00e0 laquelle le produit doit \u00eatre appliqu\u00e9 est d&rsquo;environ <strong>25 cm<\/strong>.<\/p>\n<p>&#8211; Pour obtenir les meilleurs r\u00e9sultats, la temp\u00e9rature sur le lieu d&rsquo;application doit \u00eatre comprise entre <strong>15 et 25 degr\u00e9s<\/strong>.<\/p>\n<p>&nbsp;<\/p>\n<h2><strong>Questions fr\u00e9quemment pos\u00e9es :<\/strong><\/h2>\n<p>&nbsp;<\/p>\n<h4>De combien de bombes de spray ai-je besoin pour vernir ma guitare ?<\/h4>\n<p>Cela d\u00e9pendra de l&rsquo;\u00e9paisseur des couches et de votre habilet\u00e9 avec le spray. S&rsquo;il s&rsquo;agit de votre premier projet, je vous recommande d&rsquo;utiliser 2 bombes de spray pour une finition optimale. Si vous \u00eates plus exp\u00e9riment\u00e9, une seule peut suffire.<\/p>\n<p>&nbsp;<\/p>\n<h4>O\u00f9 dois-je r\u00e9aliser le processus ?<\/h4>\n<p>Un endroit propre sera fondamental pour \u00e9viter que la salet\u00e9 ou les particules de poussi\u00e8re n&rsquo;adh\u00e8rent \u00e0 la surface. Il sera \u00e9galement important que l&rsquo;environnement ne soit pas excessivement humide ou soumis \u00e0 des temp\u00e9ratures extr\u00eames.<\/p>\n<p>&nbsp;<\/p>\n<h4>Est-il obligatoire de poncer entre les couches ?<\/h4>\n<p>Ce n&rsquo;est pas toujours obligatoire, mais c&rsquo;est recommand\u00e9 pour \u00e9liminer les imperfections qui restent dans la peinture \u00e0 la fin de chaque couche, ainsi que les particules qui pourraient y adh\u00e9rer.<\/p>\n<p>&nbsp;<\/p>\n<h4>Ce vernis va-t-il se craqueler en for\u00e7ant les changements de temp\u00e9rature ?<\/h4>\n<p>Les lignes de craquelure devraient appara\u00eetre d\u00e8s la sortie du cong\u00e9lateur si vous avez suivi correctement les \u00e9tapes pr\u00e9c\u00e9dentes. Le plus important est de respecter les temps de s\u00e9chage de la nitrocellulose, car si elle n&rsquo;est pas s\u00e8che, le processus de craquelage sera plus complexe.<\/p>\n<p>&nbsp;<\/p>\n<h4>Puis-je obtenir facilement un effet craquel\u00e9 (relic) avec ce vernis ?<\/h4>\n<p>Si vous placez la guitare au froid et qu&rsquo;\u00e0 la sortie vous couvrez la surface avec notre Relic Patina, les lignes, bien qu&rsquo;elles soient fines, se marqueront facilement.<\/p>\n<p>Une fois que la guitare revient \u00e0 temp\u00e9rature ambiante, vous pouvez continuer \u00e0 r\u00e9p\u00e9ter le processus de cong\u00e9lation en utilisant le <a href=\"https:\/\/nitorlack.com\/fr\/barniz\/accessories\/divers-fr\/spray-de-congelation\/\">Spray de cong\u00e9lation<\/a> + <a href=\"https:\/\/nitorlack.com\/fr\/barniz\/accessories\/relic-patina-fr\/relic-patina\/\">Relic Patina<\/a>. Gr\u00e2ce \u00e0 ce processus, vous pourrez obtenir un craquelage plus prononc\u00e9 sur certaines zones de la guitare, permettant ainsi de personnaliser l\u00e9g\u00e8rement l&rsquo;effet relic final.<\/p>\n<p>Pour l&rsquo;utilisation de ces deux produits, vous devrez suivre les recommandations figurant sur leur fiche produit respective.<\/p>\n<p>En suivant nos instructions et en combinant ces deux produits avec le vernis Golden Age, vous pourrez obtenir l&rsquo;effet souhait\u00e9 sur votre guitare.<\/p>\n<p>&nbsp;<\/p>\n<h2>IMPORTANT :<\/h2>\n<ul>\n<li>Le produit en spray contient une plus grande quantit\u00e9 de solvant et ne produit donc pas de craquelures tr\u00e8s marqu\u00e9es. Si vous utilisez un spray et que vous voulez un craquelage plus prononc\u00e9, vous devez utiliser le <a href=\"https:\/\/nitorlack.com\/fr\/barniz\/finitions\/nitrocellulose-finitions\/nitorlack-relic-gloss\/\">Relic Gloss<\/a>.<\/li>\n<li>Le produit en pot de 1L doit \u00eatre m\u00e9lang\u00e9 avec environ <strong>15%<\/strong> de <a href=\"https:\/\/nitorlack.com\/fr\/barniz\/dissolvants\/dissolvants-fr\/solvent-medium-copiar\/\">diluant<\/a>. Plus la proportion de diluant est \u00e9lev\u00e9e, moins le craquelage sera agressif.<\/li>\n<\/ul>\n<p><strong>Conseil suppl\u00e9mentaire :<\/strong> Quel que soit le format utilis\u00e9, si apr\u00e8s la premi\u00e8re sortie du cong\u00e9lateur les fissures n&rsquo;apparaissent pas, r\u00e9p\u00e9tez le processus de cong\u00e9lation 2 \u00e0 3 fois de plus. Combiner ce processus avec le Spray de Cong\u00e9lation rendra l&rsquo;op\u00e9ration plus efficace et personnalis\u00e9e.[\/vc_column_text][\/vc_column][\/vc_row][vc_row][vc_column][vc_column_text]<\/p>\n<h4 style=\"text-align: center;\">Partagez vos r\u00e9alisations sur les r\u00e9seaux sociaux avec notre hashtag<\/h4>\n<h2 style=\"text-align: center;\">#myNitorlack<\/h2>\n<p>[\/vc_column_text][\/vc_column][\/vc_row]<\/p>\n<\/div>","protected":false},"excerpt":{"rendered":"<p>Nouvelle formule sans additif, similaire \u00e0 celle utilis\u00e9e dans les guitares Fender et Gibson dans les ann\u00e9es 1960.<\/p>\n<ul>\n<li><strong>Ne contient pas de plastifiants<\/strong> dans sa formule<\/li>\n<li>Vous obtenez un effet moins plastique sur la finition de votre guitare, avec peu d&rsquo;\u00e9lasticit\u00e9 et un vieillissement plus rapide que la nitrocellulose traditionnelle.<\/li>\n<li>Les changements de temp\u00e9rature provoquent des craquelures \u00e0 la surface, avec des lignes beaucoup plus fines et naturelles que celles produites par les reliques nitro.<\/li>\n<li>Il se distingue des autres formules par sa grande brillance.<\/li>\n<li>Il est recommand\u00e9 de l&rsquo;utiliser en combinaison avec le <a href=\"https:\/\/nitorlack.com\/fr\/barniz\/accessories\/divers-fr\/spray-de-congelation\/\"><b data-path-to-node=\"4\" data-index-in-node=\"55\">Spray de cong\u00e9lation<\/b><\/a> + <a href=\"https:\/\/nitorlack.com\/fr\/barniz\/accessories\/relic-patina-fr\/relic-patina\/\"><b data-path-to-node=\"4\" data-index-in-node=\"78\">Relic Patina<\/b><\/a> pour rehausser facilement son aspect vieilli.<\/li>\n<li>Si les lignes n&rsquo;apparaissent pas, r\u00e9p\u00e9ter le processus de refroidissement \u00e0 intervalles de 12 heures, en alternant avec la temp\u00e9rature ambiante.<\/li>\n<\/ul>\n<p>Disponible en <strong>SPRAY et en TINS de 1 ou 5 litres.<\/strong><\/p>\n","protected":false},"featured_media":64439,"comment_status":"open","ping_status":"closed","template":"","meta":{"om_disable_all_campaigns":false,"site-sidebar-layout":"no-sidebar","site-content-layout":"plain-container","ast-site-content-layout":"normal-width-container","site-content-style":"unboxed","site-sidebar-style":"unboxed","ast-global-header-display":"","ast-banner-title-visibility":"","ast-main-header-display":"","ast-hfb-above-header-display":"","ast-hfb-below-header-display":"","ast-hfb-mobile-header-display":"","site-post-title":"disabled","ast-breadcrumbs-content":"","ast-featured-img":"disabled","footer-sml-layout":"","ast-disable-related-posts":"","theme-transparent-header-meta":"default","adv-header-id-meta":"","stick-header-meta":"default","header-above-stick-meta":"","header-main-stick-meta":"","header-below-stick-meta":"","astra-migrate-meta-layouts":"set","ast-page-background-enabled":"default","ast-page-background-meta":{"desktop":{"background-color":"var(--ast-global-color-4)","background-image":"","background-repeat":"repeat","background-position":"center center","background-size":"auto","background-attachment":"scroll","background-type":"","background-media":"","overlay-type":"","overlay-color":"","overlay-opacity":"","overlay-gradient":""},"tablet":{"background-color":"","background-image":"","background-repeat":"repeat","background-position":"center center","background-size":"auto","background-attachment":"scroll","background-type":"","background-media":"","overlay-type":"","overlay-color":"","overlay-opacity":"","overlay-gradient":""},"mobile":{"background-color":"","background-image":"","background-repeat":"repeat","background-position":"center center","background-size":"auto","background-attachment":"scroll","background-type":"","background-media":"","overlay-type":"","overlay-color":"","overlay-opacity":"","overlay-gradient":""}},"ast-content-background-meta":{"desktop":{"background-color":"var(--ast-global-color-5)","background-image":"","background-repeat":"repeat","background-position":"center center","background-size":"auto","background-attachment":"scroll","background-type":"","background-media":"","overlay-type":"","overlay-color":"","overlay-opacity":"","overlay-gradient":""},"tablet":{"background-color":"var(--ast-global-color-5)","background-image":"","background-repeat":"repeat","background-position":"center center","background-size":"auto","background-attachment":"scroll","background-type":"","background-media":"","overlay-type":"","overlay-color":"","overlay-opacity":"","overlay-gradient":""},"mobile":{"background-color":"var(--ast-global-color-5)","background-image":"","background-repeat":"repeat","background-position":"center center","background-size":"auto","background-attachment":"scroll","background-type":"","background-media":"","overlay-type":"","overlay-color":"","overlay-opacity":"","overlay-gradient":""}}},"product_brand":[],"product_cat":[80,283],"product_tag":[],"class_list":{"0":"post-64456","1":"product","2":"type-product","3":"status-publish","4":"has-post-thumbnail","6":"product_cat-finitions","7":"product_cat-nitrocellulose-finitions","8":"desktop-align-center","9":"tablet-align-center","10":"mobile-align-center","11":"ast-product-gallery-layout-horizontal-slider","12":"ast-product-single-variable","13":"ast-product-tabs-layout-horizontal","15":"first","16":"instock","17":"taxable","18":"shipping-taxable","19":"purchasable","20":"product-type-variable"},"bundled_by":[],"bundle_stock_status":"instock","bundle_stock_quantity":5000,"bundle_virtual":false,"bundle_layout":"","bundle_add_to_cart_form_location":"","bundle_editable_in_cart":false,"bundle_sold_individually_context":"","bundle_item_grouping":"","bundle_min_size":"","bundle_max_size":"","bundle_price":[],"bundled_items":[],"bundle_sell_ids":[66293],"yoast_head":"<!-- This site is optimized with the Yoast SEO plugin v27.5 - https:\/\/yoast.com\/product\/yoast-seo-wordpress\/ -->\n<title>LACQUER GOLDEN AGE | Nitorlack<\/title>\n<meta name=\"description\" content=\"Vernis nitro utilis\u00e9 dans les ann\u00e9es 60 par Fender et Gibson. Haute brillance et vieillissement rapide pour un effet vintage rapide.\" \/>\n<meta name=\"robots\" content=\"index, follow, max-snippet:-1, max-image-preview:large, max-video-preview:-1\" \/>\n<link rel=\"canonical\" href=\"https:\/\/nitorlack.com\/fr\/barniz\/finitions\/nitrocellulose-finitions\/lacquer-golden-age\/\" \/>\n<meta property=\"og:locale\" content=\"fr_FR\" \/>\n<meta property=\"og:type\" content=\"article\" \/>\n<meta property=\"og:title\" content=\"LACQUER GOLDEN AGE | Nitorlack\" \/>\n<meta property=\"og:description\" content=\"Vernis nitro utilis\u00e9 dans les ann\u00e9es 60 par Fender et Gibson. Haute brillance et vieillissement rapide pour un effet vintage rapide.\" \/>\n<meta property=\"og:url\" content=\"https:\/\/nitorlack.com\/fr\/barniz\/finitions\/nitrocellulose-finitions\/lacquer-golden-age\/\" \/>\n<meta property=\"og:site_name\" content=\"Nitorlack\" \/>\n<meta property=\"article:modified_time\" content=\"2026-05-01T18:44:05+00:00\" \/>\n<meta property=\"og:image\" content=\"https:\/\/nitorlack.com\/wp-content\/uploads\/2023\/03\/GOLDEN-AGE.jpg\" \/>\n\t<meta property=\"og:image:width\" content=\"1039\" \/>\n\t<meta property=\"og:image:height\" content=\"1016\" \/>\n\t<meta property=\"og:image:type\" content=\"image\/jpeg\" \/>\n<meta name=\"twitter:card\" content=\"summary_large_image\" \/>\n<meta name=\"twitter:label1\" content=\"Dur\u00e9e de lecture estim\u00e9e\" \/>\n\t<meta name=\"twitter:data1\" content=\"4 minutes\" \/>\n<script type=\"application\/ld+json\" class=\"yoast-schema-graph\">{\"@context\":\"https:\\\/\\\/schema.org\",\"@graph\":[{\"@type\":\"WebPage\",\"@id\":\"https:\\\/\\\/nitorlack.com\\\/fr\\\/barniz\\\/finitions\\\/nitrocellulose-finitions\\\/lacquer-golden-age\\\/\",\"url\":\"https:\\\/\\\/nitorlack.com\\\/fr\\\/barniz\\\/finitions\\\/nitrocellulose-finitions\\\/lacquer-golden-age\\\/\",\"name\":\"LACQUER GOLDEN AGE | Nitorlack\",\"isPartOf\":{\"@id\":\"https:\\\/\\\/nitorlack.com\\\/fr\\\/#website\"},\"primaryImageOfPage\":{\"@id\":\"https:\\\/\\\/nitorlack.com\\\/fr\\\/barniz\\\/finitions\\\/nitrocellulose-finitions\\\/lacquer-golden-age\\\/#primaryimage\"},\"image\":{\"@id\":\"https:\\\/\\\/nitorlack.com\\\/fr\\\/barniz\\\/finitions\\\/nitrocellulose-finitions\\\/lacquer-golden-age\\\/#primaryimage\"},\"thumbnailUrl\":\"https:\\\/\\\/nitorlack.com\\\/wp-content\\\/uploads\\\/2023\\\/03\\\/GOLDEN-AGE.jpg\",\"datePublished\":\"2023-03-23T09:45:43+00:00\",\"dateModified\":\"2026-05-01T18:44:05+00:00\",\"description\":\"Vernis nitro utilis\u00e9 dans les ann\u00e9es 60 par Fender et Gibson. Haute brillance et vieillissement rapide pour un effet vintage rapide.\",\"breadcrumb\":{\"@id\":\"https:\\\/\\\/nitorlack.com\\\/fr\\\/barniz\\\/finitions\\\/nitrocellulose-finitions\\\/lacquer-golden-age\\\/#breadcrumb\"},\"inLanguage\":\"fr-FR\",\"potentialAction\":[{\"@type\":\"ReadAction\",\"target\":[\"https:\\\/\\\/nitorlack.com\\\/fr\\\/barniz\\\/finitions\\\/nitrocellulose-finitions\\\/lacquer-golden-age\\\/\"]}]},{\"@type\":\"ImageObject\",\"inLanguage\":\"fr-FR\",\"@id\":\"https:\\\/\\\/nitorlack.com\\\/fr\\\/barniz\\\/finitions\\\/nitrocellulose-finitions\\\/lacquer-golden-age\\\/#primaryimage\",\"url\":\"https:\\\/\\\/nitorlack.com\\\/wp-content\\\/uploads\\\/2023\\\/03\\\/GOLDEN-AGE.jpg\",\"contentUrl\":\"https:\\\/\\\/nitorlack.com\\\/wp-content\\\/uploads\\\/2023\\\/03\\\/GOLDEN-AGE.jpg\",\"width\":1039,\"height\":1016,\"caption\":\"nitrocelulosa golden age\"},{\"@type\":\"BreadcrumbList\",\"@id\":\"https:\\\/\\\/nitorlack.com\\\/fr\\\/barniz\\\/finitions\\\/nitrocellulose-finitions\\\/lacquer-golden-age\\\/#breadcrumb\",\"itemListElement\":[{\"@type\":\"ListItem\",\"position\":1,\"name\":\"Page de Couverture\",\"item\":\"https:\\\/\\\/nitorlack.com\\\/fr\\\/\"},{\"@type\":\"ListItem\",\"position\":2,\"name\":\"Boutique\",\"item\":\"https:\\\/\\\/nitorlack.com\\\/fr\\\/boutique\\\/\"},{\"@type\":\"ListItem\",\"position\":3,\"name\":\"LACQUER GOLDEN AGE\"}]},{\"@type\":\"WebSite\",\"@id\":\"https:\\\/\\\/nitorlack.com\\\/fr\\\/#website\",\"url\":\"https:\\\/\\\/nitorlack.com\\\/fr\\\/\",\"name\":\"Nitorlack\",\"description\":\"Guitar Lacquers\",\"publisher\":{\"@id\":\"https:\\\/\\\/nitorlack.com\\\/fr\\\/#organization\"},\"potentialAction\":[{\"@type\":\"SearchAction\",\"target\":{\"@type\":\"EntryPoint\",\"urlTemplate\":\"https:\\\/\\\/nitorlack.com\\\/fr\\\/?s={search_term_string}\"},\"query-input\":{\"@type\":\"PropertyValueSpecification\",\"valueRequired\":true,\"valueName\":\"search_term_string\"}}],\"inLanguage\":\"fr-FR\"},{\"@type\":\"Organization\",\"@id\":\"https:\\\/\\\/nitorlack.com\\\/fr\\\/#organization\",\"name\":\"Nitorlack\",\"url\":\"https:\\\/\\\/nitorlack.com\\\/fr\\\/\",\"logo\":{\"@type\":\"ImageObject\",\"inLanguage\":\"fr-FR\",\"@id\":\"https:\\\/\\\/nitorlack.com\\\/fr\\\/#\\\/schema\\\/logo\\\/image\\\/\",\"url\":\"http:\\\/\\\/nitorlack.com\\\/wp-content\\\/uploads\\\/2016\\\/02\\\/cropped-galleta-negra-1.jpg\",\"contentUrl\":\"http:\\\/\\\/nitorlack.com\\\/wp-content\\\/uploads\\\/2016\\\/02\\\/cropped-galleta-negra-1.jpg\",\"width\":512,\"height\":512,\"caption\":\"Nitorlack\"},\"image\":{\"@id\":\"https:\\\/\\\/nitorlack.com\\\/fr\\\/#\\\/schema\\\/logo\\\/image\\\/\"}}]}<\/script>\n<!-- \/ Yoast SEO plugin. -->","yoast_head_json":{"title":"LACQUER GOLDEN AGE | Nitorlack","description":"Vernis nitro utilis\u00e9 dans les ann\u00e9es 60 par Fender et Gibson. Haute brillance et vieillissement rapide pour un effet vintage rapide.","robots":{"index":"index","follow":"follow","max-snippet":"max-snippet:-1","max-image-preview":"max-image-preview:large","max-video-preview":"max-video-preview:-1"},"canonical":"https:\/\/nitorlack.com\/fr\/barniz\/finitions\/nitrocellulose-finitions\/lacquer-golden-age\/","og_locale":"fr_FR","og_type":"article","og_title":"LACQUER GOLDEN AGE | Nitorlack","og_description":"Vernis nitro utilis\u00e9 dans les ann\u00e9es 60 par Fender et Gibson. Haute brillance et vieillissement rapide pour un effet vintage rapide.","og_url":"https:\/\/nitorlack.com\/fr\/barniz\/finitions\/nitrocellulose-finitions\/lacquer-golden-age\/","og_site_name":"Nitorlack","article_modified_time":"2026-05-01T18:44:05+00:00","og_image":[{"width":1039,"height":1016,"url":"https:\/\/nitorlack.com\/wp-content\/uploads\/2023\/03\/GOLDEN-AGE.jpg","type":"image\/jpeg"}],"twitter_card":"summary_large_image","twitter_misc":{"Dur\u00e9e de lecture estim\u00e9e":"4 minutes"},"schema":{"@context":"https:\/\/schema.org","@graph":[{"@type":"WebPage","@id":"https:\/\/nitorlack.com\/fr\/barniz\/finitions\/nitrocellulose-finitions\/lacquer-golden-age\/","url":"https:\/\/nitorlack.com\/fr\/barniz\/finitions\/nitrocellulose-finitions\/lacquer-golden-age\/","name":"LACQUER GOLDEN AGE | Nitorlack","isPartOf":{"@id":"https:\/\/nitorlack.com\/fr\/#website"},"primaryImageOfPage":{"@id":"https:\/\/nitorlack.com\/fr\/barniz\/finitions\/nitrocellulose-finitions\/lacquer-golden-age\/#primaryimage"},"image":{"@id":"https:\/\/nitorlack.com\/fr\/barniz\/finitions\/nitrocellulose-finitions\/lacquer-golden-age\/#primaryimage"},"thumbnailUrl":"https:\/\/nitorlack.com\/wp-content\/uploads\/2023\/03\/GOLDEN-AGE.jpg","datePublished":"2023-03-23T09:45:43+00:00","dateModified":"2026-05-01T18:44:05+00:00","description":"Vernis nitro utilis\u00e9 dans les ann\u00e9es 60 par Fender et Gibson. Haute brillance et vieillissement rapide pour un effet vintage rapide.","breadcrumb":{"@id":"https:\/\/nitorlack.com\/fr\/barniz\/finitions\/nitrocellulose-finitions\/lacquer-golden-age\/#breadcrumb"},"inLanguage":"fr-FR","potentialAction":[{"@type":"ReadAction","target":["https:\/\/nitorlack.com\/fr\/barniz\/finitions\/nitrocellulose-finitions\/lacquer-golden-age\/"]}]},{"@type":"ImageObject","inLanguage":"fr-FR","@id":"https:\/\/nitorlack.com\/fr\/barniz\/finitions\/nitrocellulose-finitions\/lacquer-golden-age\/#primaryimage","url":"https:\/\/nitorlack.com\/wp-content\/uploads\/2023\/03\/GOLDEN-AGE.jpg","contentUrl":"https:\/\/nitorlack.com\/wp-content\/uploads\/2023\/03\/GOLDEN-AGE.jpg","width":1039,"height":1016,"caption":"nitrocelulosa golden age"},{"@type":"BreadcrumbList","@id":"https:\/\/nitorlack.com\/fr\/barniz\/finitions\/nitrocellulose-finitions\/lacquer-golden-age\/#breadcrumb","itemListElement":[{"@type":"ListItem","position":1,"name":"Page de Couverture","item":"https:\/\/nitorlack.com\/fr\/"},{"@type":"ListItem","position":2,"name":"Boutique","item":"https:\/\/nitorlack.com\/fr\/boutique\/"},{"@type":"ListItem","position":3,"name":"LACQUER GOLDEN AGE"}]},{"@type":"WebSite","@id":"https:\/\/nitorlack.com\/fr\/#website","url":"https:\/\/nitorlack.com\/fr\/","name":"Nitorlack","description":"Guitar Lacquers","publisher":{"@id":"https:\/\/nitorlack.com\/fr\/#organization"},"potentialAction":[{"@type":"SearchAction","target":{"@type":"EntryPoint","urlTemplate":"https:\/\/nitorlack.com\/fr\/?s={search_term_string}"},"query-input":{"@type":"PropertyValueSpecification","valueRequired":true,"valueName":"search_term_string"}}],"inLanguage":"fr-FR"},{"@type":"Organization","@id":"https:\/\/nitorlack.com\/fr\/#organization","name":"Nitorlack","url":"https:\/\/nitorlack.com\/fr\/","logo":{"@type":"ImageObject","inLanguage":"fr-FR","@id":"https:\/\/nitorlack.com\/fr\/#\/schema\/logo\/image\/","url":"http:\/\/nitorlack.com\/wp-content\/uploads\/2016\/02\/cropped-galleta-negra-1.jpg","contentUrl":"http:\/\/nitorlack.com\/wp-content\/uploads\/2016\/02\/cropped-galleta-negra-1.jpg","width":512,"height":512,"caption":"Nitorlack"},"image":{"@id":"https:\/\/nitorlack.com\/fr\/#\/schema\/logo\/image\/"}}]}},"_links":{"self":[{"href":"https:\/\/nitorlack.com\/fr\/wp-json\/wp\/v2\/product\/64456","targetHints":{"allow":["GET"]}}],"collection":[{"href":"https:\/\/nitorlack.com\/fr\/wp-json\/wp\/v2\/product"}],"about":[{"href":"https:\/\/nitorlack.com\/fr\/wp-json\/wp\/v2\/types\/product"}],"replies":[{"embeddable":true,"href":"https:\/\/nitorlack.com\/fr\/wp-json\/wp\/v2\/comments?post=64456"}],"wp:featuredmedia":[{"embeddable":true,"href":"https:\/\/nitorlack.com\/fr\/wp-json\/wp\/v2\/media\/64439"}],"wp:attachment":[{"href":"https:\/\/nitorlack.com\/fr\/wp-json\/wp\/v2\/media?parent=64456"}],"wp:term":[{"taxonomy":"product_brand","embeddable":true,"href":"https:\/\/nitorlack.com\/fr\/wp-json\/wp\/v2\/product_brand?post=64456"},{"taxonomy":"product_cat","embeddable":true,"href":"https:\/\/nitorlack.com\/fr\/wp-json\/wp\/v2\/product_cat?post=64456"},{"taxonomy":"product_tag","embeddable":true,"href":"https:\/\/nitorlack.com\/fr\/wp-json\/wp\/v2\/product_tag?post=64456"}],"curies":[{"name":"wp","href":"https:\/\/api.w.org\/{rel}","templated":true}]}}