{"id":59758,"date":"2022-06-22T12:59:22","date_gmt":"2022-06-22T10:59:23","guid":{"rendered":"https:\/\/nitorlack.com\/?post_type=product&#038;p=59758"},"modified":"2026-02-16T18:16:42","modified_gmt":"2026-02-16T16:16:42","slug":"firemist-gold-metallic","status":"publish","type":"product","link":"https:\/\/nitorlack.com\/fr\/barniz\/custom-couleurs-pot\/metallique\/firemist-gold-metallic\/","title":{"rendered":"FIREMIST GOLD METALLIC"},"content":{"rendered":"<div class=\"wpb-content-wrapper\"><p>[vc_row css=\u00a0\u00bb.vc_custom_1593585132184{background-color: #ffffff !important;}\u00a0\u00bb][vc_column width=\u00a0\u00bb2\/3&Prime;][vc_column_text]<\/p>\n<h2>Nos couleurs d&rsquo;inspiration vintage<\/h2>\n<p>Les couleurs Nitorlack sont bas\u00e9es sur les couleurs originales <strong>Fender et Gibson<\/strong>. La cr\u00e9ation de ces couleurs est pr\u00e9c\u00e9d\u00e9e d&rsquo;un grand travail et d&rsquo;une \u00e9tude exhaustive par notre laboratoire et notre d\u00e9partement technique. Gr\u00e2ce \u00e0 cela, nous avons r\u00e9ussi \u00e0 recr\u00e9er fid\u00e8lement les tonalit\u00e9s des guitares Fender et Gibson des ann\u00e9es 50 et 60.<\/p>\n<p>Pendant ces ann\u00e9es jusqu&rsquo;\u00e0 aujourd&rsquo;hui, il faut tenir compte du fait que les <strong>couleurs des guitares vintage<\/strong> ont beaucoup vari\u00e9 au fil des ann\u00e9es en raison du vieillissement de la <strong>laque nitrocellulosique<\/strong> et des modifications des couleurs propres \u00e0 la marque.<\/p>\n<p>Par cons\u00e9quent, deux guitares finies en 1960 aux couleurs de Fender peuvent \u00eatre totalement diff\u00e9rentes l&rsquo;une de l&rsquo;autre ou d&rsquo;une guitare plus actuelle.[\/vc_column_text][\/vc_column][vc_column width=\u00a0\u00bb1\/3&Prime;][vc_single_image image=\u00a0\u00bb72824&Prime; css=\u00a0\u00bb\u00a0\u00bb][\/vc_column][\/vc_row][vc_row][vc_column][vc_column_text]<\/p>\n<h2>Guide de mise en \u0153uvre :<\/h2>\n<ul>\n<li>Nous commen\u00e7ons \u00e0 appliquer la couleur une fois que la guitare a \u00e9t\u00e9 festonn\u00e9e avec les \u00e9l\u00e9ments suivants<strong>Nitorlack Primer.<\/strong><\/li>\n<li>Lorsque nous commen\u00e7ons les travaux de peinture, les pores doivent \u00eatre ferm\u00e9s et le grain ne doit pas \u00eatre marqu\u00e9.<\/li>\n<li>Nous appliquons le produit soit par pulv\u00e9risation soit par pistolet \u00e0 une distance d&rsquo;environ <strong>25 cm.<\/strong><\/li>\n<li>Lors de l&rsquo;application, nous devons suivre un mod\u00e8le d&rsquo;application, <strong>d&rsquo;abord horizontalement et ensuite verticalement<\/strong>., appliquer uniform\u00e9ment la peinture.<\/li>\n<li>Appliquez plusieurs couches, en laissant <strong>24 heures<\/strong> de s\u00e9chage entre elles et en pon\u00e7ant entre elles pour \u00e9liminer les impuret\u00e9s restantes.<\/li>\n<li>Ce travail doit \u00eatre achev\u00e9 lorsque la surface est compl\u00e8tement lisse et exempte d&rsquo;imperfections..<\/li>\n<\/ul>\n<p>&nbsp;<\/p>\n<h2>Questions fr\u00e9quemment pos\u00e9es :<\/h2>\n<p>&nbsp;<\/p>\n<h4>Combien de sprays faut-il pour vernir une guitare ?<\/h4>\n<p>&#8211; Si la surface est bien couverte et que ce n&rsquo;est pas votre premier projet de peinture, vous pouvez le faire avec une bombe a\u00e9rosol, m\u00eame si vous n&rsquo;appliquerez pas beaucoup de couches. Cependant, si vous n&rsquo;\u00eates pas un expert, nous vous recommandons d&rsquo;utiliser 2 sprays pour une finition optimale.<\/p>\n<p>&nbsp;<\/p>\n<h4>\u00c0 quelle temp\u00e9rature la guitare doit-elle se trouver pendant et apr\u00e8s le processus ?<\/h4>\n<p>-Pour de meilleurs r\u00e9sultats, nous recommandons de l&rsquo;appliquer dans un endroit o\u00f9 la temp\u00e9rature est comprise entre 15 et 25 degr\u00e9s et l&rsquo;humidit\u00e9 entre 45% et 60%.<\/p>\n<p>&nbsp;<\/p>\n<h4>\u00bf O\u00f9 dois-je effectuer le processus ?<\/h4>\n<p>-Un site propre sera essentiel, afin d&rsquo;\u00e9viter que des particules de salet\u00e9 ou de poussi\u00e8re n&rsquo;adh\u00e8rent \u00e0 la surface.<\/p>\n<p>&nbsp;<\/p>\n<h4>Le pon\u00e7age entre les couches est-il obligatoire ?<\/h4>\n<p>Ce n&rsquo;est pas quelque chose que vous devez toujours faire, mais c&rsquo;est recommand\u00e9 afin d&rsquo;\u00e9liminer toute imperfection laiss\u00e9e dans la peinture \u00e0 la fin de chaque couche, ainsi que toute particule qui pourrait y adh\u00e9rer.[\/vc_column_text][\/vc_column][\/vc_row][vc_row][vc_column][vc_column_text]<\/p>\n<h4 style=\"text-align: center;\">Partagez votre travail sur les m\u00e9dias sociaux en utilisant notre hashtag.<\/h4>\n<h2 style=\"text-align: center;\">#myNitorlack<\/h2>\n<p>[\/vc_column_text][\/vc_column][\/vc_row][vc_column][vc_column_text]<\/p>\n<h4 style=\"text-align: center;\">Avec la garantie de\u00a0 <a href=\"https:\/\/valresa.com\/\">Valresa Coatings SA<\/a><\/h4>\n<p>[\/vc_column_text][\/vc_column][vc_column width=\u00a0\u00bb1\/2&Prime;][\/vc_column][vc_column width=\u00a0\u00bb1\/2&Prime;][\/vc_column]<\/p>\n<\/div>","protected":false},"excerpt":{"rendered":"<p>La couleur Firemist Gold a \u00e9t\u00e9 commercialis\u00e9e en 1964 par GM\/Cadillac sous le nom de Firemist Saddle, modifi\u00e9e ensuite en Saddle Firemist en 1965. Fender l&rsquo;a renomm\u00e9 Firemist Gold pour le rendre plus descriptif, car il a \u00e9t\u00e9 utilis\u00e9 \u00e0 partir de 1965 pour remplacer le Shoreline Gold.<\/p>\n<p>Largement utilis\u00e9 par Fender sur tous les mod\u00e8les depuis 1965.<\/p>\n","protected":false},"featured_media":72816,"comment_status":"open","ping_status":"closed","template":"","meta":{"om_disable_all_campaigns":false,"site-sidebar-layout":"no-sidebar","site-content-layout":"plain-container","ast-site-content-layout":"normal-width-container","site-content-style":"unboxed","site-sidebar-style":"unboxed","ast-global-header-display":"","ast-banner-title-visibility":"","ast-main-header-display":"","ast-hfb-above-header-display":"","ast-hfb-below-header-display":"","ast-hfb-mobile-header-display":"","site-post-title":"disabled","ast-breadcrumbs-content":"","ast-featured-img":"disabled","footer-sml-layout":"","ast-disable-related-posts":"","theme-transparent-header-meta":"default","adv-header-id-meta":"","stick-header-meta":"default","header-above-stick-meta":"","header-main-stick-meta":"","header-below-stick-meta":"","astra-migrate-meta-layouts":"set","ast-page-background-enabled":"default","ast-page-background-meta":{"desktop":{"background-color":"var(--ast-global-color-4)","background-image":"","background-repeat":"repeat","background-position":"center center","background-size":"auto","background-attachment":"scroll","background-type":"","background-media":"","overlay-type":"","overlay-color":"","overlay-opacity":"","overlay-gradient":""},"tablet":{"background-color":"","background-image":"","background-repeat":"repeat","background-position":"center center","background-size":"auto","background-attachment":"scroll","background-type":"","background-media":"","overlay-type":"","overlay-color":"","overlay-opacity":"","overlay-gradient":""},"mobile":{"background-color":"","background-image":"","background-repeat":"repeat","background-position":"center center","background-size":"auto","background-attachment":"scroll","background-type":"","background-media":"","overlay-type":"","overlay-color":"","overlay-opacity":"","overlay-gradient":""}},"ast-content-background-meta":{"desktop":{"background-color":"var(--ast-global-color-5)","background-image":"","background-repeat":"repeat","background-position":"center center","background-size":"auto","background-attachment":"scroll","background-type":"","background-media":"","overlay-type":"","overlay-color":"","overlay-opacity":"","overlay-gradient":""},"tablet":{"background-color":"var(--ast-global-color-5)","background-image":"","background-repeat":"repeat","background-position":"center center","background-size":"auto","background-attachment":"scroll","background-type":"","background-media":"","overlay-type":"","overlay-color":"","overlay-opacity":"","overlay-gradient":""},"mobile":{"background-color":"var(--ast-global-color-5)","background-image":"","background-repeat":"repeat","background-position":"center center","background-size":"auto","background-attachment":"scroll","background-type":"","background-media":"","overlay-type":"","overlay-color":"","overlay-opacity":"","overlay-gradient":""}}},"product_brand":[],"product_cat":[114,7420],"product_tag":[],"class_list":{"0":"post-59758","1":"product","2":"type-product","3":"status-publish","4":"has-post-thumbnail","6":"product_cat-custom-couleurs-pot","7":"product_cat-metallique","8":"desktop-align-center","9":"tablet-align-center","10":"mobile-align-center","11":"ast-product-gallery-layout-horizontal-slider","12":"ast-product-single-variable","13":"ast-product-tabs-layout-horizontal","15":"first","16":"instock","17":"taxable","18":"shipping-taxable","19":"purchasable","20":"product-type-variable"},"bundled_by":[],"bundle_stock_status":"instock","bundle_stock_quantity":5000,"bundle_virtual":false,"bundle_layout":"","bundle_add_to_cart_form_location":"","bundle_editable_in_cart":false,"bundle_sold_individually_context":"","bundle_item_grouping":"","bundle_min_size":"","bundle_max_size":"","bundle_price":[],"bundled_items":[],"bundle_sell_ids":[],"yoast_head":"<!-- This site is optimized with the Yoast SEO plugin v27.3 - https:\/\/yoast.com\/product\/yoast-seo-wordpress\/ -->\n<title>FIREMIST GOLD METALLIC | NitorLACK<\/title>\n<meta name=\"description\" content=\"Firemist Gold, typique de la ligne Gibson des ann\u00e9es 1960. Disponible en nitrocellulose ou en polyur\u00e9thane, ainsi qu&#039;en spray de 400 ml et en bidon de 500 ml.\" \/>\n<meta name=\"robots\" content=\"index, follow, max-snippet:-1, max-image-preview:large, max-video-preview:-1\" \/>\n<link rel=\"canonical\" href=\"https:\/\/nitorlack.com\/fr\/barniz\/custom-couleurs-pot\/metallique\/firemist-gold-metallic\/\" \/>\n<meta property=\"og:locale\" content=\"fr_FR\" \/>\n<meta property=\"og:type\" content=\"article\" \/>\n<meta property=\"og:title\" content=\"FIREMIST GOLD METALLIC | NitorLACK\" \/>\n<meta property=\"og:description\" content=\"Firemist Gold, typique de la ligne Gibson des ann\u00e9es 1960. Disponible en nitrocellulose ou en polyur\u00e9thane, ainsi qu&#039;en spray de 400 ml et en bidon de 500 ml.\" \/>\n<meta property=\"og:url\" content=\"https:\/\/nitorlack.com\/fr\/barniz\/custom-couleurs-pot\/metallique\/firemist-gold-metallic\/\" \/>\n<meta property=\"og:site_name\" content=\"Nitorlack\" \/>\n<meta property=\"article:modified_time\" content=\"2026-02-16T16:16:42+00:00\" \/>\n<meta property=\"og:image\" content=\"https:\/\/nitorlack.com\/wp-content\/uploads\/2024\/06\/SESION-2-GUITARRA-4-1.jpg\" \/>\n\t<meta property=\"og:image:width\" content=\"1200\" \/>\n\t<meta property=\"og:image:height\" content=\"1200\" \/>\n\t<meta property=\"og:image:type\" content=\"image\/jpeg\" \/>\n<meta name=\"twitter:card\" content=\"summary_large_image\" \/>\n<meta name=\"twitter:label1\" content=\"Dur\u00e9e de lecture estim\u00e9e\" \/>\n\t<meta name=\"twitter:data1\" content=\"3 minutes\" \/>\n<script type=\"application\/ld+json\" class=\"yoast-schema-graph\">{\"@context\":\"https:\\\/\\\/schema.org\",\"@graph\":[{\"@type\":\"WebPage\",\"@id\":\"https:\\\/\\\/nitorlack.com\\\/fr\\\/barniz\\\/custom-couleurs-pot\\\/metallique\\\/firemist-gold-metallic\\\/\",\"url\":\"https:\\\/\\\/nitorlack.com\\\/fr\\\/barniz\\\/custom-couleurs-pot\\\/metallique\\\/firemist-gold-metallic\\\/\",\"name\":\"FIREMIST GOLD METALLIC | NitorLACK\",\"isPartOf\":{\"@id\":\"https:\\\/\\\/nitorlack.com\\\/fr\\\/#website\"},\"primaryImageOfPage\":{\"@id\":\"https:\\\/\\\/nitorlack.com\\\/fr\\\/barniz\\\/custom-couleurs-pot\\\/metallique\\\/firemist-gold-metallic\\\/#primaryimage\"},\"image\":{\"@id\":\"https:\\\/\\\/nitorlack.com\\\/fr\\\/barniz\\\/custom-couleurs-pot\\\/metallique\\\/firemist-gold-metallic\\\/#primaryimage\"},\"thumbnailUrl\":\"https:\\\/\\\/nitorlack.com\\\/wp-content\\\/uploads\\\/2024\\\/06\\\/SESION-2-GUITARRA-4-2.jpg\",\"datePublished\":\"2022-06-22T10:59:23+00:00\",\"dateModified\":\"2026-02-16T16:16:42+00:00\",\"description\":\"Firemist Gold, typique de la ligne Gibson des ann\u00e9es 1960. Disponible en nitrocellulose ou en polyur\u00e9thane, ainsi qu'en spray de 400 ml et en bidon de 500 ml.\",\"breadcrumb\":{\"@id\":\"https:\\\/\\\/nitorlack.com\\\/fr\\\/barniz\\\/custom-couleurs-pot\\\/metallique\\\/firemist-gold-metallic\\\/#breadcrumb\"},\"inLanguage\":\"fr-FR\",\"potentialAction\":[{\"@type\":\"ReadAction\",\"target\":[\"https:\\\/\\\/nitorlack.com\\\/fr\\\/barniz\\\/custom-couleurs-pot\\\/metallique\\\/firemist-gold-metallic\\\/\"]}]},{\"@type\":\"ImageObject\",\"inLanguage\":\"fr-FR\",\"@id\":\"https:\\\/\\\/nitorlack.com\\\/fr\\\/barniz\\\/custom-couleurs-pot\\\/metallique\\\/firemist-gold-metallic\\\/#primaryimage\",\"url\":\"https:\\\/\\\/nitorlack.com\\\/wp-content\\\/uploads\\\/2024\\\/06\\\/SESION-2-GUITARRA-4-2.jpg\",\"contentUrl\":\"https:\\\/\\\/nitorlack.com\\\/wp-content\\\/uploads\\\/2024\\\/06\\\/SESION-2-GUITARRA-4-2.jpg\",\"width\":1200,\"height\":1200,\"caption\":\"firemist gold spray\"},{\"@type\":\"BreadcrumbList\",\"@id\":\"https:\\\/\\\/nitorlack.com\\\/fr\\\/barniz\\\/custom-couleurs-pot\\\/metallique\\\/firemist-gold-metallic\\\/#breadcrumb\",\"itemListElement\":[{\"@type\":\"ListItem\",\"position\":1,\"name\":\"Page de Couverture\",\"item\":\"https:\\\/\\\/nitorlack.com\\\/fr\\\/\"},{\"@type\":\"ListItem\",\"position\":2,\"name\":\"Boutique\",\"item\":\"https:\\\/\\\/nitorlack.com\\\/fr\\\/boutique\\\/\"},{\"@type\":\"ListItem\",\"position\":3,\"name\":\"FIREMIST GOLD METALLIC\"}]},{\"@type\":\"WebSite\",\"@id\":\"https:\\\/\\\/nitorlack.com\\\/fr\\\/#website\",\"url\":\"https:\\\/\\\/nitorlack.com\\\/fr\\\/\",\"name\":\"Nitorlack\",\"description\":\"Guitar Lacquers\",\"publisher\":{\"@id\":\"https:\\\/\\\/nitorlack.com\\\/fr\\\/#organization\"},\"potentialAction\":[{\"@type\":\"SearchAction\",\"target\":{\"@type\":\"EntryPoint\",\"urlTemplate\":\"https:\\\/\\\/nitorlack.com\\\/fr\\\/?s={search_term_string}\"},\"query-input\":{\"@type\":\"PropertyValueSpecification\",\"valueRequired\":true,\"valueName\":\"search_term_string\"}}],\"inLanguage\":\"fr-FR\"},{\"@type\":\"Organization\",\"@id\":\"https:\\\/\\\/nitorlack.com\\\/fr\\\/#organization\",\"name\":\"Nitorlack\",\"url\":\"https:\\\/\\\/nitorlack.com\\\/fr\\\/\",\"logo\":{\"@type\":\"ImageObject\",\"inLanguage\":\"fr-FR\",\"@id\":\"https:\\\/\\\/nitorlack.com\\\/fr\\\/#\\\/schema\\\/logo\\\/image\\\/\",\"url\":\"http:\\\/\\\/nitorlack.com\\\/wp-content\\\/uploads\\\/2016\\\/02\\\/cropped-galleta-negra-1.jpg\",\"contentUrl\":\"http:\\\/\\\/nitorlack.com\\\/wp-content\\\/uploads\\\/2016\\\/02\\\/cropped-galleta-negra-1.jpg\",\"width\":512,\"height\":512,\"caption\":\"Nitorlack\"},\"image\":{\"@id\":\"https:\\\/\\\/nitorlack.com\\\/fr\\\/#\\\/schema\\\/logo\\\/image\\\/\"}}]}<\/script>\n<!-- \/ Yoast SEO plugin. -->","yoast_head_json":{"title":"FIREMIST GOLD METALLIC | NitorLACK","description":"Firemist Gold, typique de la ligne Gibson des ann\u00e9es 1960. Disponible en nitrocellulose ou en polyur\u00e9thane, ainsi qu'en spray de 400 ml et en bidon de 500 ml.","robots":{"index":"index","follow":"follow","max-snippet":"max-snippet:-1","max-image-preview":"max-image-preview:large","max-video-preview":"max-video-preview:-1"},"canonical":"https:\/\/nitorlack.com\/fr\/barniz\/custom-couleurs-pot\/metallique\/firemist-gold-metallic\/","og_locale":"fr_FR","og_type":"article","og_title":"FIREMIST GOLD METALLIC | NitorLACK","og_description":"Firemist Gold, typique de la ligne Gibson des ann\u00e9es 1960. Disponible en nitrocellulose ou en polyur\u00e9thane, ainsi qu'en spray de 400 ml et en bidon de 500 ml.","og_url":"https:\/\/nitorlack.com\/fr\/barniz\/custom-couleurs-pot\/metallique\/firemist-gold-metallic\/","og_site_name":"Nitorlack","article_modified_time":"2026-02-16T16:16:42+00:00","og_image":[{"width":1200,"height":1200,"url":"https:\/\/nitorlack.com\/wp-content\/uploads\/2024\/06\/SESION-2-GUITARRA-4-1.jpg","type":"image\/jpeg"}],"twitter_card":"summary_large_image","twitter_misc":{"Dur\u00e9e de lecture estim\u00e9e":"3 minutes"},"schema":{"@context":"https:\/\/schema.org","@graph":[{"@type":"WebPage","@id":"https:\/\/nitorlack.com\/fr\/barniz\/custom-couleurs-pot\/metallique\/firemist-gold-metallic\/","url":"https:\/\/nitorlack.com\/fr\/barniz\/custom-couleurs-pot\/metallique\/firemist-gold-metallic\/","name":"FIREMIST GOLD METALLIC | NitorLACK","isPartOf":{"@id":"https:\/\/nitorlack.com\/fr\/#website"},"primaryImageOfPage":{"@id":"https:\/\/nitorlack.com\/fr\/barniz\/custom-couleurs-pot\/metallique\/firemist-gold-metallic\/#primaryimage"},"image":{"@id":"https:\/\/nitorlack.com\/fr\/barniz\/custom-couleurs-pot\/metallique\/firemist-gold-metallic\/#primaryimage"},"thumbnailUrl":"https:\/\/nitorlack.com\/wp-content\/uploads\/2024\/06\/SESION-2-GUITARRA-4-2.jpg","datePublished":"2022-06-22T10:59:23+00:00","dateModified":"2026-02-16T16:16:42+00:00","description":"Firemist Gold, typique de la ligne Gibson des ann\u00e9es 1960. Disponible en nitrocellulose ou en polyur\u00e9thane, ainsi qu'en spray de 400 ml et en bidon de 500 ml.","breadcrumb":{"@id":"https:\/\/nitorlack.com\/fr\/barniz\/custom-couleurs-pot\/metallique\/firemist-gold-metallic\/#breadcrumb"},"inLanguage":"fr-FR","potentialAction":[{"@type":"ReadAction","target":["https:\/\/nitorlack.com\/fr\/barniz\/custom-couleurs-pot\/metallique\/firemist-gold-metallic\/"]}]},{"@type":"ImageObject","inLanguage":"fr-FR","@id":"https:\/\/nitorlack.com\/fr\/barniz\/custom-couleurs-pot\/metallique\/firemist-gold-metallic\/#primaryimage","url":"https:\/\/nitorlack.com\/wp-content\/uploads\/2024\/06\/SESION-2-GUITARRA-4-2.jpg","contentUrl":"https:\/\/nitorlack.com\/wp-content\/uploads\/2024\/06\/SESION-2-GUITARRA-4-2.jpg","width":1200,"height":1200,"caption":"firemist gold spray"},{"@type":"BreadcrumbList","@id":"https:\/\/nitorlack.com\/fr\/barniz\/custom-couleurs-pot\/metallique\/firemist-gold-metallic\/#breadcrumb","itemListElement":[{"@type":"ListItem","position":1,"name":"Page de Couverture","item":"https:\/\/nitorlack.com\/fr\/"},{"@type":"ListItem","position":2,"name":"Boutique","item":"https:\/\/nitorlack.com\/fr\/boutique\/"},{"@type":"ListItem","position":3,"name":"FIREMIST GOLD METALLIC"}]},{"@type":"WebSite","@id":"https:\/\/nitorlack.com\/fr\/#website","url":"https:\/\/nitorlack.com\/fr\/","name":"Nitorlack","description":"Guitar Lacquers","publisher":{"@id":"https:\/\/nitorlack.com\/fr\/#organization"},"potentialAction":[{"@type":"SearchAction","target":{"@type":"EntryPoint","urlTemplate":"https:\/\/nitorlack.com\/fr\/?s={search_term_string}"},"query-input":{"@type":"PropertyValueSpecification","valueRequired":true,"valueName":"search_term_string"}}],"inLanguage":"fr-FR"},{"@type":"Organization","@id":"https:\/\/nitorlack.com\/fr\/#organization","name":"Nitorlack","url":"https:\/\/nitorlack.com\/fr\/","logo":{"@type":"ImageObject","inLanguage":"fr-FR","@id":"https:\/\/nitorlack.com\/fr\/#\/schema\/logo\/image\/","url":"http:\/\/nitorlack.com\/wp-content\/uploads\/2016\/02\/cropped-galleta-negra-1.jpg","contentUrl":"http:\/\/nitorlack.com\/wp-content\/uploads\/2016\/02\/cropped-galleta-negra-1.jpg","width":512,"height":512,"caption":"Nitorlack"},"image":{"@id":"https:\/\/nitorlack.com\/fr\/#\/schema\/logo\/image\/"}}]}},"_links":{"self":[{"href":"https:\/\/nitorlack.com\/fr\/wp-json\/wp\/v2\/product\/59758","targetHints":{"allow":["GET"]}}],"collection":[{"href":"https:\/\/nitorlack.com\/fr\/wp-json\/wp\/v2\/product"}],"about":[{"href":"https:\/\/nitorlack.com\/fr\/wp-json\/wp\/v2\/types\/product"}],"replies":[{"embeddable":true,"href":"https:\/\/nitorlack.com\/fr\/wp-json\/wp\/v2\/comments?post=59758"}],"wp:featuredmedia":[{"embeddable":true,"href":"https:\/\/nitorlack.com\/fr\/wp-json\/wp\/v2\/media\/72816"}],"wp:attachment":[{"href":"https:\/\/nitorlack.com\/fr\/wp-json\/wp\/v2\/media?parent=59758"}],"wp:term":[{"taxonomy":"product_brand","embeddable":true,"href":"https:\/\/nitorlack.com\/fr\/wp-json\/wp\/v2\/product_brand?post=59758"},{"taxonomy":"product_cat","embeddable":true,"href":"https:\/\/nitorlack.com\/fr\/wp-json\/wp\/v2\/product_cat?post=59758"},{"taxonomy":"product_tag","embeddable":true,"href":"https:\/\/nitorlack.com\/fr\/wp-json\/wp\/v2\/product_tag?post=59758"}],"curies":[{"name":"wp","href":"https:\/\/api.w.org\/{rel}","templated":true}]}}