{"id":57192,"date":"2022-01-20T16:10:31","date_gmt":"2022-01-20T14:10:31","guid":{"rendered":"https:\/\/nitorlack.com\/barniz\/non%20class\u00e9\/nitoraqua-stain-aquamarine\/"},"modified":"2026-03-02T23:49:28","modified_gmt":"2026-03-02T21:49:28","slug":"nitoraqua-stain-aquamarine","status":"publish","type":"product","link":"https:\/\/nitorlack.com\/fr\/barniz\/easy-paint-fr\/colorants-a-base-deau\/nitoraqua-stain-aquamarine\/","title":{"rendered":"STAIN Aquamarine"},"content":{"rendered":"<div class=\"wpb-content-wrapper\"><p>[vc_row][vc_column][vc_column_text]<\/p>\n<h2 style=\"font-weight: 400; text-align: center;\">TEINTURE \u00c0 BASE D&rsquo;EAU COLOR\u00c9E \u00c0 L&rsquo;EAU DE MER<\/h2>\n<p>[\/vc_column_text][\/vc_column][\/vc_row][vc_row][vc_column][vc_column_text]<br \/>\nAvec les<strong> teintures NitorAqua<\/strong>, vous pouvez obtenir les <strong>couleurs des plus grandes marques de guitares<\/strong> et donner cet effet 3D aux bois flamm\u00e9s et matelass\u00e9s, en mettant en \u00e9vidence la <strong>transparence et la r\u00e9sistance<\/strong> \u00e0 la lumi\u00e8re que nous obtenons.<\/p>\n<p><strong>Vous pouvez les m\u00e9langer entre eux et obtenir des effets Burst et des doubles teintes<\/strong>. La seule limite est votre imagination avec ces taches.<\/p>\n<p>Dans la vid\u00e9o suivante, vous trouverez un petit guide sur la fa\u00e7on d&rsquo;appliquer la teinture et, ci-dessous, un manuel \u00e9crit avec des conseils d&rsquo;application.<br \/>\n[\/vc_column_text][\/vc_column][\/vc_row][vc_row][vc_column][vc_video link=\u00a0\u00bbhttps:\/\/youtu.be\/QXoOniTUPnA?si=fufAxo-RFuNPMvUh\u00a0\u00bb el_width=\u00a0\u00bb70&Prime; align=\u00a0\u00bbcenter\u00a0\u00bb css=\u00a0\u00bb\u00a0\u00bb][\/vc_column][\/vc_row][vc_row][vc_column][vc_column_text]<br \/>\nTout d&rsquo;abord, nous vous recommandons <strong>d&rsquo;\u00eatre clair sur le dessin de la teinture<\/strong> que vous souhaitez r\u00e9aliser et, une fois la couleur choisie, vous devez utiliser un bois aussi similaire que possible \u00e0 celui de la guitare afin de faire un essai.<\/p>\n<p>Appliquez-le avec une petite \u00e9ponge ou un chiffon et testez-le avant de l&rsquo;appliquer d\u00e9finitivement sur la guitare. Avant tout, v\u00e9rifiez si l&rsquo;intensit\u00e9 de la couleur directement de la bo\u00eete correspond \u00e0 vos besoins et si vous obtenez la couleur souhait\u00e9e avec les couches que vous appliquez. Vous <strong>pouvez toujours le diluer avec de l&rsquo;eau<\/strong> pour obtenir la couleur finale en passant plusieurs couches.<\/p>\n<p>Une fois que vous \u00eates s\u00fbr de la couleur et du motif que vous voulez r\u00e9aliser, il est temps de l&rsquo;appliquer sur la guitare.<\/p>\n<h2>Comment appliquer une teinture sur le bois de votre guitare :<\/h2>\n<ul>\n<li>Pr\u00e9parez la guitare avec du papier de verre P240 jusqu&rsquo;\u00e0 ce que la surface soit lisse.<\/li>\n<li><strong>Humidifiez la surface de la guitare<\/strong> avec de l&rsquo;eau et laissez-la s\u00e9cher pour enlever le film.<\/li>\n<li>Poncez avec du papier de verre P400 pour enlever le film et<strong> laisser la guitare pr\u00eate pour l&rsquo;application<\/strong>.<\/li>\n<li>Nous recouvrons de ruban de masquage les surfaces que nous ne voulons pas teindre.<\/li>\n<li>TR\u00c8S IMPORTANT. <strong>Secouez bien la bo\u00eete<\/strong> avant de charger l&rsquo;\u00e9ponge ou le tissu \u00e9ponge.<\/li>\n<li><strong>Mettez 4 ou 5 gouttes de teinture<\/strong> sur un petit morceau d&rsquo;\u00e9ponge et appliquez-la directement sur la guitare. \u00c9talez-la bien en faisant des mouvements longitudinaux sur toute la guitare jusqu&rsquo;\u00e0 ce que la teinture soit parfaitement r\u00e9partie.<\/li>\n<li><strong>Travaillez par sections<\/strong>, par exemple en commen\u00e7ant par le c\u00f4t\u00e9 le plus bas et en remontant. Appliquez du centre de la section vers l&rsquo;ext\u00e9rieur pour \u00e9viter de d\u00e9border sur les c\u00f4t\u00e9s.<\/li>\n<li>Si nous voulons <strong>une couleur plus intense,<\/strong> nous pouvons appliquer une autre couche de teinture, en pon\u00e7ant l\u00e9g\u00e8rement avec du P400 au pr\u00e9alable.<\/li>\n<\/ul>\n<h3 style=\"font-weight: 400;\">En option :<\/h3>\n<p style=\"font-weight: 400;\">&#8211; <strong>Appliquez une deuxi\u00e8me couche<\/strong> pour intensifier la couleur.<\/p>\n<p style=\"font-weight: 400;\">&#8211; Pour une double teinture, laissez la premi\u00e8re couche s\u00e9cher pendant au moins 30 minutes, poncez jusqu&rsquo;\u00e0 ce que la teinture soit dans les grains les plus ouverts ou jusqu&rsquo;\u00e0 ce que vous le souhaitiez. Appliquez une deuxi\u00e8me couche de teinture.<\/p>\n<p style=\"font-weight: 400;\">&#8211; Pour une teinture bicolore, la couleur la plus fonc\u00e9e est normalement appliqu\u00e9e en premier.<\/p>\n<p style=\"font-weight: 400;\">&#8211; Pour un effet \u00e9clat\u00e9, <strong>la couleur la plus claire<\/strong> est appliqu\u00e9e en premier<\/p>\n<h2 style=\"font-weight: 400;\">Comment appliquer la finition :<\/h2>\n<p>Pour r\u00e9aliser la finition, vous pouvez utiliser n&rsquo;importe lequel des proc\u00e9d\u00e9s pr\u00e9sent\u00e9s dans les <strong>tutoriels<\/strong>, qu&rsquo;il s&rsquo;agisse d&rsquo;une finition \u00e0 la nitrocellulose, au polyur\u00e9thane ou \u00e0 l&rsquo;eau, dans tous les cas vous verrez le processus complet r\u00e9alis\u00e9 par un professionnel.<\/p>\n<p>Nous recommandons un processus de PRIMER et ensuite de <strong>LACQUER<\/strong>, bien que si le bois n&rsquo;est pas tr\u00e8s poreux vous pouvez utiliser la finition directement (par exemple sur l&rsquo;\u00e9rable).<br \/>\n[\/vc_column_text][\/vc_column][\/vc_row]<\/p>\n<\/div>","protected":false},"excerpt":{"rendered":"<p>Les teintures \u00e0 base d&rsquo;eau NitorAqua Stain sont tr\u00e8s <strong>faciles \u00e0 appliquer<\/strong> \u00e0 la main, avec une petite \u00e9ponge ou une petite \u00e9ponge.<\/p>\n<p>Il s&rsquo;agit de teintures \u00e0 base d&rsquo;eau qui font <strong>ressortir la couleur entre les parties dures<\/strong> et tendres du bois de votre guitare, ainsi que les pores des bois tels que le fr\u00eane.<\/p>\n<p>Mettez en \u00e9vidence les bois \u00e0 effet flamm\u00e9 et matelass\u00e9 et obtenez des effets 3D.<\/p>\n<p>Une fois appliqu\u00e9e, la guitare peut \u00eatre finie avec n&rsquo;importe quel produit Nitorlack, <strong>qu&rsquo;il soit \u00e0 base d&rsquo;eau, de nitrocellulose ou de polyur\u00e9thane.<\/strong><\/p>\n","protected":false},"featured_media":57710,"comment_status":"open","ping_status":"closed","template":"","meta":{"om_disable_all_campaigns":false,"site-sidebar-layout":"no-sidebar","site-content-layout":"plain-container","ast-site-content-layout":"normal-width-container","site-content-style":"unboxed","site-sidebar-style":"unboxed","ast-global-header-display":"","ast-banner-title-visibility":"","ast-main-header-display":"","ast-hfb-above-header-display":"","ast-hfb-below-header-display":"","ast-hfb-mobile-header-display":"","site-post-title":"disabled","ast-breadcrumbs-content":"","ast-featured-img":"disabled","footer-sml-layout":"","ast-disable-related-posts":"","theme-transparent-header-meta":"default","adv-header-id-meta":"","stick-header-meta":"default","header-above-stick-meta":"","header-main-stick-meta":"","header-below-stick-meta":"","astra-migrate-meta-layouts":"set","ast-page-background-enabled":"default","ast-page-background-meta":{"desktop":{"background-color":"var(--ast-global-color-4)","background-image":"","background-repeat":"repeat","background-position":"center center","background-size":"auto","background-attachment":"scroll","background-type":"","background-media":"","overlay-type":"","overlay-color":"","overlay-opacity":"","overlay-gradient":""},"tablet":{"background-color":"","background-image":"","background-repeat":"repeat","background-position":"center center","background-size":"auto","background-attachment":"scroll","background-type":"","background-media":"","overlay-type":"","overlay-color":"","overlay-opacity":"","overlay-gradient":""},"mobile":{"background-color":"","background-image":"","background-repeat":"repeat","background-position":"center center","background-size":"auto","background-attachment":"scroll","background-type":"","background-media":"","overlay-type":"","overlay-color":"","overlay-opacity":"","overlay-gradient":""}},"ast-content-background-meta":{"desktop":{"background-color":"var(--ast-global-color-5)","background-image":"","background-repeat":"repeat","background-position":"center center","background-size":"auto","background-attachment":"scroll","background-type":"","background-media":"","overlay-type":"","overlay-color":"","overlay-opacity":"","overlay-gradient":""},"tablet":{"background-color":"var(--ast-global-color-5)","background-image":"","background-repeat":"repeat","background-position":"center center","background-size":"auto","background-attachment":"scroll","background-type":"","background-media":"","overlay-type":"","overlay-color":"","overlay-opacity":"","overlay-gradient":""},"mobile":{"background-color":"var(--ast-global-color-5)","background-image":"","background-repeat":"repeat","background-position":"center center","background-size":"auto","background-attachment":"scroll","background-type":"","background-media":"","overlay-type":"","overlay-color":"","overlay-opacity":"","overlay-gradient":""}}},"product_brand":[],"product_cat":[7746,7745],"product_tag":[],"class_list":{"0":"post-57192","1":"product","2":"type-product","3":"status-publish","4":"has-post-thumbnail","6":"product_cat-colorants-a-base-deau","7":"product_cat-easy-paint-fr","8":"desktop-align-center","9":"tablet-align-center","10":"mobile-align-center","11":"ast-product-gallery-layout-horizontal-slider","12":"ast-product-tabs-layout-horizontal","14":"first","15":"instock","16":"taxable","17":"shipping-taxable","18":"purchasable","19":"product-type-simple"},"bundled_by":[],"bundle_stock_status":"instock","bundle_stock_quantity":4746,"bundle_virtual":false,"bundle_layout":"","bundle_add_to_cart_form_location":"","bundle_editable_in_cart":false,"bundle_sold_individually_context":"","bundle_item_grouping":"","bundle_min_size":"","bundle_max_size":"","bundle_price":[],"bundled_items":[],"bundle_sell_ids":[],"yoast_head":"<!-- This site is optimized with the Yoast SEO plugin v27.3 - https:\/\/yoast.com\/product\/yoast-seo-wordpress\/ -->\n<title>STAIN Aquamarine | Nitorlack<\/title>\n<meta name=\"description\" content=\"Nitorlack - Teinture bleu\u00e2tre \u00e0 base d&#039;eau pour le bois de guitare. - Tutoriels et vid\u00e9os du processus pour une application correcte.\" \/>\n<meta name=\"robots\" content=\"index, follow, max-snippet:-1, max-image-preview:large, max-video-preview:-1\" \/>\n<link rel=\"canonical\" href=\"https:\/\/nitorlack.com\/fr\/barniz\/easy-paint-fr\/colorants-a-base-deau\/nitoraqua-stain-aquamarine\/\" \/>\n<meta property=\"og:locale\" content=\"fr_FR\" \/>\n<meta property=\"og:type\" content=\"article\" \/>\n<meta property=\"og:title\" content=\"STAIN Aquamarine | Nitorlack\" \/>\n<meta property=\"og:description\" content=\"Nitorlack - Teinture bleu\u00e2tre \u00e0 base d&#039;eau pour le bois de guitare. - Tutoriels et vid\u00e9os du processus pour une application correcte.\" \/>\n<meta property=\"og:url\" content=\"https:\/\/nitorlack.com\/fr\/barniz\/easy-paint-fr\/colorants-a-base-deau\/nitoraqua-stain-aquamarine\/\" \/>\n<meta property=\"og:site_name\" content=\"Nitorlack\" \/>\n<meta property=\"article:modified_time\" content=\"2026-03-02T21:49:28+00:00\" \/>\n<meta property=\"og:image\" content=\"https:\/\/nitorlack.com\/wp-content\/uploads\/2022\/04\/AZ2-DSC00164-bajaLOGO.jpg\" \/>\n\t<meta property=\"og:image:width\" content=\"672\" \/>\n\t<meta property=\"og:image:height\" content=\"672\" \/>\n\t<meta property=\"og:image:type\" content=\"image\/jpeg\" \/>\n<meta name=\"twitter:card\" content=\"summary_large_image\" \/>\n<meta name=\"twitter:label1\" content=\"Dur\u00e9e de lecture estim\u00e9e\" \/>\n\t<meta name=\"twitter:data1\" content=\"3 minutes\" \/>\n<script type=\"application\/ld+json\" class=\"yoast-schema-graph\">{\"@context\":\"https:\\\/\\\/schema.org\",\"@graph\":[{\"@type\":\"WebPage\",\"@id\":\"https:\\\/\\\/nitorlack.com\\\/fr\\\/barniz\\\/easy-paint-fr\\\/colorants-a-base-deau\\\/nitoraqua-stain-aquamarine\\\/\",\"url\":\"https:\\\/\\\/nitorlack.com\\\/fr\\\/barniz\\\/easy-paint-fr\\\/colorants-a-base-deau\\\/nitoraqua-stain-aquamarine\\\/\",\"name\":\"STAIN Aquamarine | Nitorlack\",\"isPartOf\":{\"@id\":\"https:\\\/\\\/nitorlack.com\\\/fr\\\/#website\"},\"primaryImageOfPage\":{\"@id\":\"https:\\\/\\\/nitorlack.com\\\/fr\\\/barniz\\\/easy-paint-fr\\\/colorants-a-base-deau\\\/nitoraqua-stain-aquamarine\\\/#primaryimage\"},\"image\":{\"@id\":\"https:\\\/\\\/nitorlack.com\\\/fr\\\/barniz\\\/easy-paint-fr\\\/colorants-a-base-deau\\\/nitoraqua-stain-aquamarine\\\/#primaryimage\"},\"thumbnailUrl\":\"https:\\\/\\\/nitorlack.com\\\/wp-content\\\/uploads\\\/2022\\\/04\\\/AZ2-DSC00164-bajaLOGO.jpg\",\"datePublished\":\"2022-01-20T14:10:31+00:00\",\"dateModified\":\"2026-03-02T21:49:28+00:00\",\"description\":\"Nitorlack - Teinture bleu\u00e2tre \u00e0 base d'eau pour le bois de guitare. - Tutoriels et vid\u00e9os du processus pour une application correcte.\",\"breadcrumb\":{\"@id\":\"https:\\\/\\\/nitorlack.com\\\/fr\\\/barniz\\\/easy-paint-fr\\\/colorants-a-base-deau\\\/nitoraqua-stain-aquamarine\\\/#breadcrumb\"},\"inLanguage\":\"fr-FR\",\"potentialAction\":[{\"@type\":\"ReadAction\",\"target\":[\"https:\\\/\\\/nitorlack.com\\\/fr\\\/barniz\\\/easy-paint-fr\\\/colorants-a-base-deau\\\/nitoraqua-stain-aquamarine\\\/\"]}]},{\"@type\":\"ImageObject\",\"inLanguage\":\"fr-FR\",\"@id\":\"https:\\\/\\\/nitorlack.com\\\/fr\\\/barniz\\\/easy-paint-fr\\\/colorants-a-base-deau\\\/nitoraqua-stain-aquamarine\\\/#primaryimage\",\"url\":\"https:\\\/\\\/nitorlack.com\\\/wp-content\\\/uploads\\\/2022\\\/04\\\/AZ2-DSC00164-bajaLOGO.jpg\",\"contentUrl\":\"https:\\\/\\\/nitorlack.com\\\/wp-content\\\/uploads\\\/2022\\\/04\\\/AZ2-DSC00164-bajaLOGO.jpg\",\"width\":672,\"height\":672,\"caption\":\"TINTE AZUL PARA GUITARRA\"},{\"@type\":\"BreadcrumbList\",\"@id\":\"https:\\\/\\\/nitorlack.com\\\/fr\\\/barniz\\\/easy-paint-fr\\\/colorants-a-base-deau\\\/nitoraqua-stain-aquamarine\\\/#breadcrumb\",\"itemListElement\":[{\"@type\":\"ListItem\",\"position\":1,\"name\":\"Page de Couverture\",\"item\":\"https:\\\/\\\/nitorlack.com\\\/fr\\\/\"},{\"@type\":\"ListItem\",\"position\":2,\"name\":\"Boutique\",\"item\":\"https:\\\/\\\/nitorlack.com\\\/fr\\\/boutique\\\/\"},{\"@type\":\"ListItem\",\"position\":3,\"name\":\"STAIN Aquamarine\"}]},{\"@type\":\"WebSite\",\"@id\":\"https:\\\/\\\/nitorlack.com\\\/fr\\\/#website\",\"url\":\"https:\\\/\\\/nitorlack.com\\\/fr\\\/\",\"name\":\"Nitorlack\",\"description\":\"Guitar Lacquers\",\"publisher\":{\"@id\":\"https:\\\/\\\/nitorlack.com\\\/fr\\\/#organization\"},\"potentialAction\":[{\"@type\":\"SearchAction\",\"target\":{\"@type\":\"EntryPoint\",\"urlTemplate\":\"https:\\\/\\\/nitorlack.com\\\/fr\\\/?s={search_term_string}\"},\"query-input\":{\"@type\":\"PropertyValueSpecification\",\"valueRequired\":true,\"valueName\":\"search_term_string\"}}],\"inLanguage\":\"fr-FR\"},{\"@type\":\"Organization\",\"@id\":\"https:\\\/\\\/nitorlack.com\\\/fr\\\/#organization\",\"name\":\"Nitorlack\",\"url\":\"https:\\\/\\\/nitorlack.com\\\/fr\\\/\",\"logo\":{\"@type\":\"ImageObject\",\"inLanguage\":\"fr-FR\",\"@id\":\"https:\\\/\\\/nitorlack.com\\\/fr\\\/#\\\/schema\\\/logo\\\/image\\\/\",\"url\":\"http:\\\/\\\/nitorlack.com\\\/wp-content\\\/uploads\\\/2016\\\/02\\\/cropped-galleta-negra-1.jpg\",\"contentUrl\":\"http:\\\/\\\/nitorlack.com\\\/wp-content\\\/uploads\\\/2016\\\/02\\\/cropped-galleta-negra-1.jpg\",\"width\":512,\"height\":512,\"caption\":\"Nitorlack\"},\"image\":{\"@id\":\"https:\\\/\\\/nitorlack.com\\\/fr\\\/#\\\/schema\\\/logo\\\/image\\\/\"}}]}<\/script>\n<!-- \/ Yoast SEO plugin. -->","yoast_head_json":{"title":"STAIN Aquamarine | Nitorlack","description":"Nitorlack - Teinture bleu\u00e2tre \u00e0 base d'eau pour le bois de guitare. - Tutoriels et vid\u00e9os du processus pour une application correcte.","robots":{"index":"index","follow":"follow","max-snippet":"max-snippet:-1","max-image-preview":"max-image-preview:large","max-video-preview":"max-video-preview:-1"},"canonical":"https:\/\/nitorlack.com\/fr\/barniz\/easy-paint-fr\/colorants-a-base-deau\/nitoraqua-stain-aquamarine\/","og_locale":"fr_FR","og_type":"article","og_title":"STAIN Aquamarine | Nitorlack","og_description":"Nitorlack - Teinture bleu\u00e2tre \u00e0 base d'eau pour le bois de guitare. - Tutoriels et vid\u00e9os du processus pour une application correcte.","og_url":"https:\/\/nitorlack.com\/fr\/barniz\/easy-paint-fr\/colorants-a-base-deau\/nitoraqua-stain-aquamarine\/","og_site_name":"Nitorlack","article_modified_time":"2026-03-02T21:49:28+00:00","og_image":[{"width":672,"height":672,"url":"https:\/\/nitorlack.com\/wp-content\/uploads\/2022\/04\/AZ2-DSC00164-bajaLOGO.jpg","type":"image\/jpeg"}],"twitter_card":"summary_large_image","twitter_misc":{"Dur\u00e9e de lecture estim\u00e9e":"3 minutes"},"schema":{"@context":"https:\/\/schema.org","@graph":[{"@type":"WebPage","@id":"https:\/\/nitorlack.com\/fr\/barniz\/easy-paint-fr\/colorants-a-base-deau\/nitoraqua-stain-aquamarine\/","url":"https:\/\/nitorlack.com\/fr\/barniz\/easy-paint-fr\/colorants-a-base-deau\/nitoraqua-stain-aquamarine\/","name":"STAIN Aquamarine | Nitorlack","isPartOf":{"@id":"https:\/\/nitorlack.com\/fr\/#website"},"primaryImageOfPage":{"@id":"https:\/\/nitorlack.com\/fr\/barniz\/easy-paint-fr\/colorants-a-base-deau\/nitoraqua-stain-aquamarine\/#primaryimage"},"image":{"@id":"https:\/\/nitorlack.com\/fr\/barniz\/easy-paint-fr\/colorants-a-base-deau\/nitoraqua-stain-aquamarine\/#primaryimage"},"thumbnailUrl":"https:\/\/nitorlack.com\/wp-content\/uploads\/2022\/04\/AZ2-DSC00164-bajaLOGO.jpg","datePublished":"2022-01-20T14:10:31+00:00","dateModified":"2026-03-02T21:49:28+00:00","description":"Nitorlack - Teinture bleu\u00e2tre \u00e0 base d'eau pour le bois de guitare. - Tutoriels et vid\u00e9os du processus pour une application correcte.","breadcrumb":{"@id":"https:\/\/nitorlack.com\/fr\/barniz\/easy-paint-fr\/colorants-a-base-deau\/nitoraqua-stain-aquamarine\/#breadcrumb"},"inLanguage":"fr-FR","potentialAction":[{"@type":"ReadAction","target":["https:\/\/nitorlack.com\/fr\/barniz\/easy-paint-fr\/colorants-a-base-deau\/nitoraqua-stain-aquamarine\/"]}]},{"@type":"ImageObject","inLanguage":"fr-FR","@id":"https:\/\/nitorlack.com\/fr\/barniz\/easy-paint-fr\/colorants-a-base-deau\/nitoraqua-stain-aquamarine\/#primaryimage","url":"https:\/\/nitorlack.com\/wp-content\/uploads\/2022\/04\/AZ2-DSC00164-bajaLOGO.jpg","contentUrl":"https:\/\/nitorlack.com\/wp-content\/uploads\/2022\/04\/AZ2-DSC00164-bajaLOGO.jpg","width":672,"height":672,"caption":"TINTE AZUL PARA GUITARRA"},{"@type":"BreadcrumbList","@id":"https:\/\/nitorlack.com\/fr\/barniz\/easy-paint-fr\/colorants-a-base-deau\/nitoraqua-stain-aquamarine\/#breadcrumb","itemListElement":[{"@type":"ListItem","position":1,"name":"Page de Couverture","item":"https:\/\/nitorlack.com\/fr\/"},{"@type":"ListItem","position":2,"name":"Boutique","item":"https:\/\/nitorlack.com\/fr\/boutique\/"},{"@type":"ListItem","position":3,"name":"STAIN Aquamarine"}]},{"@type":"WebSite","@id":"https:\/\/nitorlack.com\/fr\/#website","url":"https:\/\/nitorlack.com\/fr\/","name":"Nitorlack","description":"Guitar Lacquers","publisher":{"@id":"https:\/\/nitorlack.com\/fr\/#organization"},"potentialAction":[{"@type":"SearchAction","target":{"@type":"EntryPoint","urlTemplate":"https:\/\/nitorlack.com\/fr\/?s={search_term_string}"},"query-input":{"@type":"PropertyValueSpecification","valueRequired":true,"valueName":"search_term_string"}}],"inLanguage":"fr-FR"},{"@type":"Organization","@id":"https:\/\/nitorlack.com\/fr\/#organization","name":"Nitorlack","url":"https:\/\/nitorlack.com\/fr\/","logo":{"@type":"ImageObject","inLanguage":"fr-FR","@id":"https:\/\/nitorlack.com\/fr\/#\/schema\/logo\/image\/","url":"http:\/\/nitorlack.com\/wp-content\/uploads\/2016\/02\/cropped-galleta-negra-1.jpg","contentUrl":"http:\/\/nitorlack.com\/wp-content\/uploads\/2016\/02\/cropped-galleta-negra-1.jpg","width":512,"height":512,"caption":"Nitorlack"},"image":{"@id":"https:\/\/nitorlack.com\/fr\/#\/schema\/logo\/image\/"}}]}},"_links":{"self":[{"href":"https:\/\/nitorlack.com\/fr\/wp-json\/wp\/v2\/product\/57192","targetHints":{"allow":["GET"]}}],"collection":[{"href":"https:\/\/nitorlack.com\/fr\/wp-json\/wp\/v2\/product"}],"about":[{"href":"https:\/\/nitorlack.com\/fr\/wp-json\/wp\/v2\/types\/product"}],"replies":[{"embeddable":true,"href":"https:\/\/nitorlack.com\/fr\/wp-json\/wp\/v2\/comments?post=57192"}],"wp:featuredmedia":[{"embeddable":true,"href":"https:\/\/nitorlack.com\/fr\/wp-json\/wp\/v2\/media\/57710"}],"wp:attachment":[{"href":"https:\/\/nitorlack.com\/fr\/wp-json\/wp\/v2\/media?parent=57192"}],"wp:term":[{"taxonomy":"product_brand","embeddable":true,"href":"https:\/\/nitorlack.com\/fr\/wp-json\/wp\/v2\/product_brand?post=57192"},{"taxonomy":"product_cat","embeddable":true,"href":"https:\/\/nitorlack.com\/fr\/wp-json\/wp\/v2\/product_cat?post=57192"},{"taxonomy":"product_tag","embeddable":true,"href":"https:\/\/nitorlack.com\/fr\/wp-json\/wp\/v2\/product_tag?post=57192"}],"curies":[{"name":"wp","href":"https:\/\/api.w.org\/{rel}","templated":true}]}}