{"id":55239,"date":"2021-11-05T10:20:18","date_gmt":"2021-11-05T08:20:18","guid":{"rendered":"http:\/\/nitorlack.com\/barniz\/non%20class\u00e9\/3-tone-sunburst-kit\/"},"modified":"2025-10-30T13:50:13","modified_gmt":"2025-10-30T11:50:13","slug":"3-tone-sunburst-kit","status":"publish","type":"product","link":"https:\/\/nitorlack.com\/fr\/barniz\/kits-fr\/3-tone-sunburst-kit\/","title":{"rendered":"3 TONE SUNBURST KIT"},"content":{"rendered":"<div class=\"wpb-content-wrapper\"><p>[vc_row][vc_column][vc_video link=\u00a0\u00bbhttps:\/\/www.youtube.com\/watch?v=X0xxSVJek4E\u00a0\u00bb el_width=\u00a0\u00bb80&Prime; align=\u00a0\u00bbcenter\u00a0\u00bb css=\u00a0\u00bb\u00a0\u00bb][vc_column_text css=\u00a0\u00bb\u00a0\u00bb]<\/p>\n<h1 style=\"text-align: center;\">Sunburst au SPRAY : comment peindre votre guitare<\/h1>\n<h3><\/h3>\n<h2>1- PR\u00c9PARATION DU GUITARE<\/h2>\n<p>Nous commen\u00e7ons par un corps de guitare d\u00e9j\u00e0 ancr\u00e9 et pr\u00eat \u00e0 appliquer le kit sunburst.<br \/>\nVous pouvez voir l&rsquo;ensemble du processus de pr\u00e9paration et acheter les produits <a href=\"https:\/\/nitorlack.com\/fr\/barniz\/kits-fr\/kit-de-finition-transparente-spray\/\">avec ce kit.<\/a><\/p>\n<h2>2- APPLICATION DU COLORANT DE BASE JAUNE<\/h2>\n<ul>\n<li>Poncez avec du papier de verre de<a href=\"https:\/\/nitorlack.com\/fr\/barniz\/accessories\/papier-de-verre-fr\/papier-de-verre-avec-mousse-grain-1200\/\"> grain P800<\/a> jusqu&rsquo;\u00e0 ce que toute la guitare soit parfaitement mate, vous obtiendrez ainsi une base parfaitement lisse et adh\u00e9rente pour la teinture jaune.<\/li>\n<li>Appliquer le spray NitorTint Yellow de mani\u00e8re uniforme sur les deux c\u00f4t\u00e9s de la guitare, en croisant l&rsquo;application pour qu&rsquo;elle soit la plus uniforme possible, il n&rsquo;est pas n\u00e9cessaire d&rsquo;appliquer les bords car nous allons les recouvrir plus tard.<\/li>\n<li>Fixez le colorant avec une couche mince de NitorLack Primer.<\/li>\n<li>Laissez-le s\u00e9cher pendant au moins une heure. (de pr\u00e9f\u00e9rence 2 \u00e0 3 heures)<\/li>\n<\/ul>\n<h2>3- APPLICATION DE LA TEINTURE NOIRE<\/h2>\n<ul>\n<li>Poncez avec du papier de verre de grain P800 jusqu&rsquo;\u00e0 ce que toute la guitare soit ombr\u00e9e, faites attention \u00e0 ne pas atteindre la teinture jaune, vous risquez de la d\u00e9coller.<\/li>\n<li>Appliquez le spray NitorTint Black le long du bord de la guitare jusqu&rsquo;\u00e0 ce qu&rsquo;il la recouvre. Essayez de l&rsquo;appliquer de l&rsquo;int\u00e9rieur vers l&rsquo;ext\u00e9rieur pour ne pas tacher le centre.<\/li>\n<li>S&rsquo;il y a une goutte de teinture au centre de la guitare que nous voulons enlever, nous allons le faire maintenant en pon\u00e7ant <a href=\"https:\/\/nitorlack.com\/fr\/barniz\/accessories\/papier-de-verre-fr\/papier-de-verre-avec-mousse-grain-1200\/\">avec P800<\/a> tr\u00e8s doucement. Toujours avant de fixer la teinture.<\/li>\n<li>Une fois termin\u00e9, nous fixons le colorant avec une fine couche de NitorLack Primer.<\/li>\n<li>Laissez-le s\u00e9cher pendant au moins une heure. (de pr\u00e9f\u00e9rence 2 \u00e0 3 heures)<\/li>\n<\/ul>\n<h2>4- APPLICATION DU COLORANT ROUGE<\/h2>\n<ul>\n<li>Poncez avec du papier de verre de grain P800 jusqu&rsquo;\u00e0 ce que toute la guitare soit ombr\u00e9e, faites attention \u00e0 ne pas atteindre la teinte jaune ou noire sur les bords, vous risqueriez de peler.<\/li>\n<li>Appliquez le NitorTint Black Spray entre le noir et le jaune. Essayez de l&rsquo;appliquer de l&rsquo;int\u00e9rieur vers l&rsquo;ext\u00e9rieur pour ne pas tacher le centre.<\/li>\n<li>S&rsquo;il y a une goutte de colorant au centre que nous voulons enlever, nous allons le faire maintenant en pon\u00e7ant avec P800 tr\u00e8s doucement. Toujours avant de fixer la teinture.<\/li>\n<li>Une fois termin\u00e9, nous fixons le colorant avec une fine couche de NitorLack Primer.<\/li>\n<li>Laissez-le s\u00e9cher pendant au moins une heure. (de pr\u00e9f\u00e9rence 2 \u00e0 3 heures)<\/li>\n<\/ul>\n<h2>5- FINITION FINALE DE LA GUITARE<\/h2>\n<ul>\n<li>Vous pouvez voir l&rsquo;ensemble du processus de finition et acheter les produits <a href=\"https:\/\/nitorlack.com\/fr\/barniz\/kits-fr\/kit-de-finition-transparente-spray\/\">avec ce kit.<\/a><\/li>\n<\/ul>\n<h3>RECOMMANDATIONS G\u00c9N\u00c9RALES<\/h3>\n<p>Agitez vigoureusement les sprays pendant 3 \u00e0 5 minutes avant l&rsquo;application. Appliquez sur une surface t\u00e9moin avant de l&rsquo;appliquer sur la guitare.<br \/>\nUne finition SUNBURST avec Nitorlack, en fonction de diff\u00e9rents facteurs, devrait avoir un total de 6 \u00e0 10 couches au total, en comptant la base &#8211; la couleur &#8211; la finition, avec un minimum de 3-4 couches de finition brillante. Cela donnera une \u00e9paisseur d&rsquo;environ 150 microns (0,15 mm) en fonction de l&rsquo;importance du pon\u00e7age, de la quantit\u00e9 de laque appliqu\u00e9e dans chaque couche et de l&rsquo;\u00e9paisseur de la finition souhait\u00e9e.<br \/>\nSi vous n&rsquo;avez jamais termin\u00e9 un instrument auparavant, il est conseill\u00e9 d&rsquo;appliquer 9 \u00e0 12 couches, afin d&rsquo;\u00eatre s\u00fbr de ne pas trop poncer ou polir la finition, ce qui laisserait des parties avec du bois \u00ab\u00a0nu\u00a0\u00bb. Au fur et \u00e0 mesure que l&rsquo;on acquiert de l&rsquo;exp\u00e9rience avec le produit et la m\u00e9thode de finition, moins de couches seront n\u00e9cessaires et des finitions plus fines pourront \u00eatre r\u00e9alis\u00e9es.<br \/>\nSi, lors de l&rsquo;application, vous obtenez accidentellement une \u00ab\u00a0goutte\u00a0\u00bb ou un \u00ab\u00a0drip\u00a0\u00bb, laissez la finition s\u00e9cher pendant 24 heures et \u00e9galisez en pon\u00e7ant avec du papier de verre P400, de pr\u00e9f\u00e9rence sur un bloc de pon\u00e7age dur. On peut aussi \u00ab\u00a0couper\u00a0\u00bb la goutte avec une lame de rasoir, ce qui est une m\u00e9thode plus rapide et \u00e9vite les accidents qui peuvent r\u00e9sulter d&rsquo;un pon\u00e7age excessif. Pour se familiariser avec le processus, il est bon de le tester sur des chutes de bois, afin d&rsquo;\u00e9valuer par soi-m\u00eame les caract\u00e9ristiques du processus de finition d&rsquo;une guitare.<br \/>\nIl est \u00e9galement conseill\u00e9 d&rsquo;utiliser une surface \u00ab\u00a0t\u00e9moin\u00a0\u00bb sur laquelle on applique les couches de laque en m\u00eame temps que sur la pi\u00e8ce \u00e0 finir. Une feuille de papier coll\u00e9e avec du ruban de masquage sur un support rigide (bois, carton \u00e9pais) est une suggestion. Ainsi, en mesurant d&rsquo;abord l&rsquo;\u00e9paisseur du papier avec un pied \u00e0 coulisse, puis en mesurant l&rsquo;\u00e9paisseur r\u00e9sultante des couches successives une fois qu&rsquo;elles sont s\u00e8ches, vous aurez une id\u00e9e assez pr\u00e9cise de l&rsquo;\u00e9paisseur de la couche \u00e0 appliquer et pourrez donc avoir une meilleure id\u00e9e de son \u00e9paisseur. Une \u00e9paisseur de 150 \u00e0 180 microns (0,15 \u00e0 0,18 mm) garantit une finition fine, qui respecte les vibrations propres de l&rsquo;instrument, tout en le prot\u00e9geant, en \u00e9vitant les \u00e9paisseurs excessives.<br \/>\nAppliquez toujours des couches fines. Laissez s\u00e9cher pendant 24 heures et poncez entre les couches. Appliquer en couches crois\u00e9es pour bien r\u00e9partir le produit. Appliquer avec une distance approximative de 15 \u00e0 20 cm.<\/p>\n<h3>RECOMMANDATIONS DE S\u00c9CURIT\u00c9<\/h3>\n<p>Appliquer dans des zones ventil\u00e9es ou extraites. Portez des gants, des v\u00eatements, des lunettes et un masque de protection. Se laver soigneusement apr\u00e8s manipulation. En cas de contact avec les yeux : Rincer abondamment \u00e0 l&rsquo;eau pendant plusieurs minutes. Retirez les lentilles de contact lorsqu&rsquo;elles sont pr\u00e9sentes et faciles \u00e0 faire. Continuez \u00e0 rincer. Liquide et vapeurs hautement inflammables. Provoque une irritation de la peau. Provoque des l\u00e9sions oculaires graves. Peut causer de la somnolence ou des \u00e9tourdissements.<br \/>\nSi vous avez d&rsquo;autres doutes sur la mani\u00e8re de r\u00e9aliser ce processus, vous trouverez \u00e9galement un article dans notre blog o\u00f9 nous parlons de cette finition sunburst.[\/vc_column_text][\/vc_column][\/vc_row]<\/p>\n<\/div>","protected":false},"excerpt":{"rendered":"<p>Tous les colorants en spray dont vous avez besoin pour peindre votre guitare en 3 tons sunburst facilement et simplement avec de la peinture en spray, sans avoir besoin de mat\u00e9riel de peinture. Nous expliquons toutes les \u00e9tapes \u00e0 suivre \u00e0 l&rsquo;aide de tutoriels et de vid\u00e9os.<\/p>\n<p>Nous avons \u00e9galement un <a href=\"https:\/\/nitorlack.com\/fr\/barniz\/kits-fr\/kit-de-finition-transparente-spray\/\">kit de finition transparent<\/a> disponible, avec les produits n\u00e9cessaires pour effectuer le processus d&rsquo;appr\u00eat et de finition, ajoutez-le \u00e0 ce kit pour avoir le processus complet.<\/p>\n<p>Contenu du kit :<\/p>\n<p>1 x NitorTint Yellow Spray<br \/>\n1 x NitorTint Red Spray<br \/>\n1 x NitorTint Black Spray<br \/>\n1 x NitorLack Primer Spray<\/p>\n","protected":false},"featured_media":55153,"comment_status":"closed","ping_status":"closed","template":"","meta":{"om_disable_all_campaigns":false,"site-sidebar-layout":"no-sidebar","site-content-layout":"plain-container","ast-site-content-layout":"default","site-content-style":"default","site-sidebar-style":"default","ast-global-header-display":"","ast-banner-title-visibility":"","ast-main-header-display":"","ast-hfb-above-header-display":"","ast-hfb-below-header-display":"","ast-hfb-mobile-header-display":"","site-post-title":"disabled","ast-breadcrumbs-content":"","ast-featured-img":"disabled","footer-sml-layout":"","ast-disable-related-posts":"","theme-transparent-header-meta":"default","adv-header-id-meta":"","stick-header-meta":"default","header-above-stick-meta":"","header-main-stick-meta":"","header-below-stick-meta":"","astra-migrate-meta-layouts":"set","ast-page-background-enabled":"default","ast-page-background-meta":{"desktop":{"background-color":"var(--ast-global-color-4)","background-image":"","background-repeat":"repeat","background-position":"center center","background-size":"auto","background-attachment":"scroll","background-type":"","background-media":"","overlay-type":"","overlay-color":"","overlay-opacity":"","overlay-gradient":""},"tablet":{"background-color":"","background-image":"","background-repeat":"repeat","background-position":"center center","background-size":"auto","background-attachment":"scroll","background-type":"","background-media":"","overlay-type":"","overlay-color":"","overlay-opacity":"","overlay-gradient":""},"mobile":{"background-color":"","background-image":"","background-repeat":"repeat","background-position":"center center","background-size":"auto","background-attachment":"scroll","background-type":"","background-media":"","overlay-type":"","overlay-color":"","overlay-opacity":"","overlay-gradient":""}},"ast-content-background-meta":{"desktop":{"background-color":"var(--ast-global-color-5)","background-image":"","background-repeat":"repeat","background-position":"center center","background-size":"auto","background-attachment":"scroll","background-type":"","background-media":"","overlay-type":"","overlay-color":"","overlay-opacity":"","overlay-gradient":""},"tablet":{"background-color":"var(--ast-global-color-5)","background-image":"","background-repeat":"repeat","background-position":"center center","background-size":"auto","background-attachment":"scroll","background-type":"","background-media":"","overlay-type":"","overlay-color":"","overlay-opacity":"","overlay-gradient":""},"mobile":{"background-color":"var(--ast-global-color-5)","background-image":"","background-repeat":"repeat","background-position":"center center","background-size":"auto","background-attachment":"scroll","background-type":"","background-media":"","overlay-type":"","overlay-color":"","overlay-opacity":"","overlay-gradient":""}}},"product_brand":[],"product_cat":[7552],"product_tag":[],"class_list":{"0":"post-55239","1":"product","2":"type-product","3":"status-publish","4":"has-post-thumbnail","6":"product_cat-kits-fr","7":"desktop-align-center","8":"tablet-align-center","9":"mobile-align-center","10":"ast-product-gallery-layout-horizontal-slider","11":"ast-product-tabs-layout-horizontal","13":"first","14":"instock","15":"virtual","16":"taxable","17":"purchasable","18":"product-type-bundle"},"bundled_by":[],"bundle_stock_status":"instock","bundle_stock_quantity":"","bundle_virtual":false,"bundle_layout":"default","bundle_add_to_cart_form_location":"default","bundle_editable_in_cart":false,"bundle_sold_individually_context":"product","bundle_item_grouping":"parent","bundle_min_size":"","bundle_max_size":"","bundle_price":{"price":{"min":{"incl_tax":"80.65","excl_tax":"80.65"},"max":{"incl_tax":"80.65","excl_tax":"80.65"}},"regular_price":{"min":{"incl_tax":"80.65","excl_tax":"80.65"},"max":{"incl_tax":"80.65","excl_tax":"80.65"}}},"bundled_items":[{"bundled_item_id":202,"product_id":55237,"menu_order":0,"quantity_min":1,"quantity_max":1,"quantity_default":1,"priced_individually":true,"shipped_individually":false,"override_title":true,"title":"","override_description":false,"description":"NITORTINT Red Spray SUN","optional":false,"hide_thumbnail":true,"discount":"","override_variations":false,"allowed_variations":[""],"override_default_variation_attributes":false,"default_variation_attributes":[],"single_product_visibility":"visible","cart_visibility":"visible","order_visibility":"visible","single_product_price_visibility":"hidden","cart_price_visibility":"hidden","order_price_visibility":"hidden","stock_status":"in_stock"},{"bundled_item_id":203,"product_id":55235,"menu_order":1,"quantity_min":1,"quantity_max":1,"quantity_default":1,"priced_individually":true,"shipped_individually":false,"override_title":true,"title":"","override_description":false,"description":"NITORTINT Yellow Spray SUN","optional":false,"hide_thumbnail":true,"discount":"","override_variations":false,"allowed_variations":[""],"override_default_variation_attributes":false,"default_variation_attributes":[],"single_product_visibility":"visible","cart_visibility":"visible","order_visibility":"visible","single_product_price_visibility":"hidden","cart_price_visibility":"hidden","order_price_visibility":"hidden","stock_status":"in_stock"},{"bundled_item_id":204,"product_id":55233,"menu_order":2,"quantity_min":1,"quantity_max":1,"quantity_default":1,"priced_individually":true,"shipped_individually":false,"override_title":true,"title":"","override_description":false,"description":"NITORTINT Black Spray SUN","optional":false,"hide_thumbnail":true,"discount":"","override_variations":false,"allowed_variations":[""],"override_default_variation_attributes":false,"default_variation_attributes":[],"single_product_visibility":"visible","cart_visibility":"visible","order_visibility":"visible","single_product_price_visibility":"hidden","cart_price_visibility":"hidden","order_price_visibility":"hidden","stock_status":"in_stock"},{"bundled_item_id":205,"product_id":40173,"menu_order":3,"quantity_min":1,"quantity_max":1,"quantity_default":1,"priced_individually":true,"shipped_individually":false,"override_title":true,"title":"","override_description":false,"description":"NITORLACK PRIMER CLEAR","optional":false,"hide_thumbnail":true,"discount":"","override_variations":false,"allowed_variations":[""],"override_default_variation_attributes":false,"default_variation_attributes":[],"single_product_visibility":"visible","cart_visibility":"visible","order_visibility":"visible","single_product_price_visibility":"hidden","cart_price_visibility":"hidden","order_price_visibility":"hidden","stock_status":"in_stock"}],"bundle_sell_ids":[],"yoast_head":"<!-- This site is optimized with the Yoast SEO plugin v27.3 - https:\/\/yoast.com\/product\/yoast-seo-wordpress\/ -->\n<title>3 tone sunburst - Nitorlack<\/title>\n<meta name=\"description\" content=\"Obtenez cette finition Sunburst de Nitorlack - Apprenez \u00e0 le faire avec nos VIDEOS ET TUTORIALS d&#039;un professionnel.\" \/>\n<meta name=\"robots\" content=\"index, follow, max-snippet:-1, max-image-preview:large, max-video-preview:-1\" \/>\n<link rel=\"canonical\" href=\"https:\/\/nitorlack.com\/fr\/barniz\/kits-fr\/3-tone-sunburst-kit\/\" \/>\n<meta property=\"og:locale\" content=\"fr_FR\" \/>\n<meta property=\"og:type\" content=\"article\" \/>\n<meta property=\"og:title\" content=\"3 tone sunburst - Nitorlack\" \/>\n<meta property=\"og:description\" content=\"Obtenez cette finition Sunburst de Nitorlack - Apprenez \u00e0 le faire avec nos VIDEOS ET TUTORIALS d&#039;un professionnel.\" \/>\n<meta property=\"og:url\" content=\"https:\/\/nitorlack.com\/fr\/barniz\/kits-fr\/3-tone-sunburst-kit\/\" \/>\n<meta property=\"og:site_name\" content=\"Nitorlack\" \/>\n<meta property=\"article:modified_time\" content=\"2025-10-30T11:50:13+00:00\" \/>\n<meta property=\"og:image\" content=\"https:\/\/nitorlack.com\/wp-content\/uploads\/2021\/11\/IMG_8846.jpg\" \/>\n\t<meta property=\"og:image:width\" content=\"900\" \/>\n\t<meta property=\"og:image:height\" content=\"1200\" \/>\n\t<meta property=\"og:image:type\" content=\"image\/jpeg\" \/>\n<meta name=\"twitter:card\" content=\"summary_large_image\" \/>\n<meta name=\"twitter:label1\" content=\"Dur\u00e9e de lecture estim\u00e9e\" \/>\n\t<meta name=\"twitter:data1\" content=\"5 minutes\" \/>\n<script type=\"application\/ld+json\" class=\"yoast-schema-graph\">{\"@context\":\"https:\\\/\\\/schema.org\",\"@graph\":[{\"@type\":\"WebPage\",\"@id\":\"https:\\\/\\\/nitorlack.com\\\/fr\\\/barniz\\\/kits-fr\\\/3-tone-sunburst-kit\\\/\",\"url\":\"https:\\\/\\\/nitorlack.com\\\/fr\\\/barniz\\\/kits-fr\\\/3-tone-sunburst-kit\\\/\",\"name\":\"3 tone sunburst - Nitorlack\",\"isPartOf\":{\"@id\":\"https:\\\/\\\/nitorlack.com\\\/fr\\\/#website\"},\"primaryImageOfPage\":{\"@id\":\"https:\\\/\\\/nitorlack.com\\\/fr\\\/barniz\\\/kits-fr\\\/3-tone-sunburst-kit\\\/#primaryimage\"},\"image\":{\"@id\":\"https:\\\/\\\/nitorlack.com\\\/fr\\\/barniz\\\/kits-fr\\\/3-tone-sunburst-kit\\\/#primaryimage\"},\"thumbnailUrl\":\"https:\\\/\\\/nitorlack.com\\\/wp-content\\\/uploads\\\/2021\\\/11\\\/IMG_8846.jpg\",\"datePublished\":\"2021-11-05T08:20:18+00:00\",\"dateModified\":\"2025-10-30T11:50:13+00:00\",\"description\":\"Obtenez cette finition Sunburst de Nitorlack - Apprenez \u00e0 le faire avec nos VIDEOS ET TUTORIALS d'un professionnel.\",\"breadcrumb\":{\"@id\":\"https:\\\/\\\/nitorlack.com\\\/fr\\\/barniz\\\/kits-fr\\\/3-tone-sunburst-kit\\\/#breadcrumb\"},\"inLanguage\":\"fr-FR\",\"potentialAction\":[{\"@type\":\"ReadAction\",\"target\":[\"https:\\\/\\\/nitorlack.com\\\/fr\\\/barniz\\\/kits-fr\\\/3-tone-sunburst-kit\\\/\"]}]},{\"@type\":\"ImageObject\",\"inLanguage\":\"fr-FR\",\"@id\":\"https:\\\/\\\/nitorlack.com\\\/fr\\\/barniz\\\/kits-fr\\\/3-tone-sunburst-kit\\\/#primaryimage\",\"url\":\"https:\\\/\\\/nitorlack.com\\\/wp-content\\\/uploads\\\/2021\\\/11\\\/IMG_8846.jpg\",\"contentUrl\":\"https:\\\/\\\/nitorlack.com\\\/wp-content\\\/uploads\\\/2021\\\/11\\\/IMG_8846.jpg\",\"width\":900,\"height\":1200,\"caption\":\"surnbust\"},{\"@type\":\"BreadcrumbList\",\"@id\":\"https:\\\/\\\/nitorlack.com\\\/fr\\\/barniz\\\/kits-fr\\\/3-tone-sunburst-kit\\\/#breadcrumb\",\"itemListElement\":[{\"@type\":\"ListItem\",\"position\":1,\"name\":\"Page de Couverture\",\"item\":\"https:\\\/\\\/nitorlack.com\\\/fr\\\/\"},{\"@type\":\"ListItem\",\"position\":2,\"name\":\"Boutique\",\"item\":\"https:\\\/\\\/nitorlack.com\\\/fr\\\/boutique\\\/\"},{\"@type\":\"ListItem\",\"position\":3,\"name\":\"3 TONE SUNBURST KIT\"}]},{\"@type\":\"WebSite\",\"@id\":\"https:\\\/\\\/nitorlack.com\\\/fr\\\/#website\",\"url\":\"https:\\\/\\\/nitorlack.com\\\/fr\\\/\",\"name\":\"Nitorlack\",\"description\":\"Guitar Lacquers\",\"publisher\":{\"@id\":\"https:\\\/\\\/nitorlack.com\\\/fr\\\/#organization\"},\"potentialAction\":[{\"@type\":\"SearchAction\",\"target\":{\"@type\":\"EntryPoint\",\"urlTemplate\":\"https:\\\/\\\/nitorlack.com\\\/fr\\\/?s={search_term_string}\"},\"query-input\":{\"@type\":\"PropertyValueSpecification\",\"valueRequired\":true,\"valueName\":\"search_term_string\"}}],\"inLanguage\":\"fr-FR\"},{\"@type\":\"Organization\",\"@id\":\"https:\\\/\\\/nitorlack.com\\\/fr\\\/#organization\",\"name\":\"Nitorlack\",\"url\":\"https:\\\/\\\/nitorlack.com\\\/fr\\\/\",\"logo\":{\"@type\":\"ImageObject\",\"inLanguage\":\"fr-FR\",\"@id\":\"https:\\\/\\\/nitorlack.com\\\/fr\\\/#\\\/schema\\\/logo\\\/image\\\/\",\"url\":\"http:\\\/\\\/nitorlack.com\\\/wp-content\\\/uploads\\\/2016\\\/02\\\/cropped-galleta-negra-1.jpg\",\"contentUrl\":\"http:\\\/\\\/nitorlack.com\\\/wp-content\\\/uploads\\\/2016\\\/02\\\/cropped-galleta-negra-1.jpg\",\"width\":512,\"height\":512,\"caption\":\"Nitorlack\"},\"image\":{\"@id\":\"https:\\\/\\\/nitorlack.com\\\/fr\\\/#\\\/schema\\\/logo\\\/image\\\/\"}}]}<\/script>\n<!-- \/ Yoast SEO plugin. -->","yoast_head_json":{"title":"3 tone sunburst - Nitorlack","description":"Obtenez cette finition Sunburst de Nitorlack - Apprenez \u00e0 le faire avec nos VIDEOS ET TUTORIALS d'un professionnel.","robots":{"index":"index","follow":"follow","max-snippet":"max-snippet:-1","max-image-preview":"max-image-preview:large","max-video-preview":"max-video-preview:-1"},"canonical":"https:\/\/nitorlack.com\/fr\/barniz\/kits-fr\/3-tone-sunburst-kit\/","og_locale":"fr_FR","og_type":"article","og_title":"3 tone sunburst - Nitorlack","og_description":"Obtenez cette finition Sunburst de Nitorlack - Apprenez \u00e0 le faire avec nos VIDEOS ET TUTORIALS d'un professionnel.","og_url":"https:\/\/nitorlack.com\/fr\/barniz\/kits-fr\/3-tone-sunburst-kit\/","og_site_name":"Nitorlack","article_modified_time":"2025-10-30T11:50:13+00:00","og_image":[{"width":900,"height":1200,"url":"https:\/\/nitorlack.com\/wp-content\/uploads\/2021\/11\/IMG_8846.jpg","type":"image\/jpeg"}],"twitter_card":"summary_large_image","twitter_misc":{"Dur\u00e9e de lecture estim\u00e9e":"5 minutes"},"schema":{"@context":"https:\/\/schema.org","@graph":[{"@type":"WebPage","@id":"https:\/\/nitorlack.com\/fr\/barniz\/kits-fr\/3-tone-sunburst-kit\/","url":"https:\/\/nitorlack.com\/fr\/barniz\/kits-fr\/3-tone-sunburst-kit\/","name":"3 tone sunburst - Nitorlack","isPartOf":{"@id":"https:\/\/nitorlack.com\/fr\/#website"},"primaryImageOfPage":{"@id":"https:\/\/nitorlack.com\/fr\/barniz\/kits-fr\/3-tone-sunburst-kit\/#primaryimage"},"image":{"@id":"https:\/\/nitorlack.com\/fr\/barniz\/kits-fr\/3-tone-sunburst-kit\/#primaryimage"},"thumbnailUrl":"https:\/\/nitorlack.com\/wp-content\/uploads\/2021\/11\/IMG_8846.jpg","datePublished":"2021-11-05T08:20:18+00:00","dateModified":"2025-10-30T11:50:13+00:00","description":"Obtenez cette finition Sunburst de Nitorlack - Apprenez \u00e0 le faire avec nos VIDEOS ET TUTORIALS d'un professionnel.","breadcrumb":{"@id":"https:\/\/nitorlack.com\/fr\/barniz\/kits-fr\/3-tone-sunburst-kit\/#breadcrumb"},"inLanguage":"fr-FR","potentialAction":[{"@type":"ReadAction","target":["https:\/\/nitorlack.com\/fr\/barniz\/kits-fr\/3-tone-sunburst-kit\/"]}]},{"@type":"ImageObject","inLanguage":"fr-FR","@id":"https:\/\/nitorlack.com\/fr\/barniz\/kits-fr\/3-tone-sunburst-kit\/#primaryimage","url":"https:\/\/nitorlack.com\/wp-content\/uploads\/2021\/11\/IMG_8846.jpg","contentUrl":"https:\/\/nitorlack.com\/wp-content\/uploads\/2021\/11\/IMG_8846.jpg","width":900,"height":1200,"caption":"surnbust"},{"@type":"BreadcrumbList","@id":"https:\/\/nitorlack.com\/fr\/barniz\/kits-fr\/3-tone-sunburst-kit\/#breadcrumb","itemListElement":[{"@type":"ListItem","position":1,"name":"Page de Couverture","item":"https:\/\/nitorlack.com\/fr\/"},{"@type":"ListItem","position":2,"name":"Boutique","item":"https:\/\/nitorlack.com\/fr\/boutique\/"},{"@type":"ListItem","position":3,"name":"3 TONE SUNBURST KIT"}]},{"@type":"WebSite","@id":"https:\/\/nitorlack.com\/fr\/#website","url":"https:\/\/nitorlack.com\/fr\/","name":"Nitorlack","description":"Guitar Lacquers","publisher":{"@id":"https:\/\/nitorlack.com\/fr\/#organization"},"potentialAction":[{"@type":"SearchAction","target":{"@type":"EntryPoint","urlTemplate":"https:\/\/nitorlack.com\/fr\/?s={search_term_string}"},"query-input":{"@type":"PropertyValueSpecification","valueRequired":true,"valueName":"search_term_string"}}],"inLanguage":"fr-FR"},{"@type":"Organization","@id":"https:\/\/nitorlack.com\/fr\/#organization","name":"Nitorlack","url":"https:\/\/nitorlack.com\/fr\/","logo":{"@type":"ImageObject","inLanguage":"fr-FR","@id":"https:\/\/nitorlack.com\/fr\/#\/schema\/logo\/image\/","url":"http:\/\/nitorlack.com\/wp-content\/uploads\/2016\/02\/cropped-galleta-negra-1.jpg","contentUrl":"http:\/\/nitorlack.com\/wp-content\/uploads\/2016\/02\/cropped-galleta-negra-1.jpg","width":512,"height":512,"caption":"Nitorlack"},"image":{"@id":"https:\/\/nitorlack.com\/fr\/#\/schema\/logo\/image\/"}}]}},"_links":{"self":[{"href":"https:\/\/nitorlack.com\/fr\/wp-json\/wp\/v2\/product\/55239","targetHints":{"allow":["GET"]}}],"collection":[{"href":"https:\/\/nitorlack.com\/fr\/wp-json\/wp\/v2\/product"}],"about":[{"href":"https:\/\/nitorlack.com\/fr\/wp-json\/wp\/v2\/types\/product"}],"replies":[{"embeddable":true,"href":"https:\/\/nitorlack.com\/fr\/wp-json\/wp\/v2\/comments?post=55239"}],"wp:featuredmedia":[{"embeddable":true,"href":"https:\/\/nitorlack.com\/fr\/wp-json\/wp\/v2\/media\/55153"}],"wp:attachment":[{"href":"https:\/\/nitorlack.com\/fr\/wp-json\/wp\/v2\/media?parent=55239"}],"wp:term":[{"taxonomy":"product_brand","embeddable":true,"href":"https:\/\/nitorlack.com\/fr\/wp-json\/wp\/v2\/product_brand?post=55239"},{"taxonomy":"product_cat","embeddable":true,"href":"https:\/\/nitorlack.com\/fr\/wp-json\/wp\/v2\/product_cat?post=55239"},{"taxonomy":"product_tag","embeddable":true,"href":"https:\/\/nitorlack.com\/fr\/wp-json\/wp\/v2\/product_tag?post=55239"}],"curies":[{"name":"wp","href":"https:\/\/api.w.org\/{rel}","templated":true}]}}