{"id":55095,"date":"2021-11-04T11:46:38","date_gmt":"2021-11-04T09:46:38","guid":{"rendered":"http:\/\/nitorlack.com\/?post_type=product&#038;p=55095"},"modified":"2026-03-22T19:49:15","modified_gmt":"2026-03-22T17:49:15","slug":"kit-de-finition-transparente-spray","status":"publish","type":"product","link":"https:\/\/nitorlack.com\/fr\/barniz\/kits-fr\/kit-de-finition-transparente-spray\/","title":{"rendered":"KIT DE FINITION TRANSPARENTE SPRAY"},"content":{"rendered":"<div class=\"wpb-content-wrapper\"><p>[vc_row][vc_column][vc_video link=\u00a0\u00bbhttps:\/\/www.youtube.com\/watch?v=1FpnAQVYH5s\u00a0\u00bb el_width=\u00a0\u00bb80&Prime; align=\u00a0\u00bbcenter\u00a0\u00bb css=\u00a0\u00bb\u00a0\u00bb][\/vc_column][\/vc_row][vc_row][vc_column][vc_column_text]<\/p>\n<h2 style=\"text-align: center;\">Kit de finition transparente spray \u00e0 partir de z\u00e9ro<\/h2>\n<h2>Tutoriel<\/h2>\n<h3>1- PR\u00c9PARATION DU SUPPORT<\/h3>\n<p>Poncez le bois avec du papier de verre de grain P240 et P400. Le bois doit \u00eatre exempt d&rsquo;imperfections et de taches.<br \/>\nL&rsquo;objectif de cette premi\u00e8re \u00e9tape est d&rsquo;obtenir une surface parfaitement lisse, sans d\u00e9faut ni asp\u00e9rit\u00e9, afin de proc\u00e9der \u00e0 l&rsquo;application des premi\u00e8res couches d&rsquo;appr\u00eat.<\/p>\n<h3>2- APPLICATION DE L&rsquo;APPR\u00caT TRANSPARENT &#8211; NITORLACK PRIMER<\/h3>\n<p>L&rsquo;appr\u00eat est la couche de vernis qui constituera la base de la finition, offrant une surface uniforme. \u00a0Nous recommandons un minimum de 2 pulv\u00e9risations pour un bon processus de sous-couche.<br \/>\nPoncer avec un <a href=\"https:\/\/nitorlack.com\/fr\/barniz\/accessories\/papier-de-verre-fr\/papier-de-verre-avec-mousse-grain-1200\/\">grain P800<\/a> entre les couches. Un minimum de 3 \u00e0 5 couches est recommand\u00e9. Nous appliquerons le produit jusqu&rsquo;\u00e0 ce que nous voyions qu&rsquo;il n&rsquo;y a pas d&rsquo;imperfections, qu&rsquo;il est parfaitement plan et que les pores du bois sont compl\u00e8tement ferm\u00e9s.<\/p>\n<h3>3- FINITION BRILLANTE OU MATE &#8211; LAQUE NITORLACK<\/h3>\n<p>Le processus d&rsquo;application de la finition est le m\u00eame que pour la couche de base. Nous appliquons des couches de finition en les pon\u00e7ant entre elles avec <a href=\"https:\/\/nitorlack.com\/fr\/barniz\/accessories\/papier-de-verre-fr\/papier-de-verre-avec-mousse-grain-1200\/\">du P800<\/a>, en laissant 24 heures de s\u00e9chage entre les couches. Il est recommand\u00e9 d&rsquo;appliquer au moins 3-4 couches.<br \/>\nDans le cas d&rsquo;une finition GLOSS, une fois que nous voyons que la finition est compl\u00e8tement uniforme et que la guitare est finie \u00e0 notre go\u00fbt, il est important de NE PAS PONCER la derni\u00e8re couche que nous avons appliqu\u00e9e et de la laisser s\u00e9cher pendant 2 \u00e0 3 semaines pour pouvoir la polir et obtenir le maximum de brillance.<br \/>\nDans le cas d&rsquo;une finition MATT, la derni\u00e8re couche sera la finition finale et ne pourra pas \u00eatre ponc\u00e9e ou polie. Il suffit de le laisser s\u00e9cher pendant 48 \u00e0 72 heures.<\/p>\n<h3>4- POLISSAGE<\/h3>\n<p>Poncez progressivement avec du papier de verre de 1200-1500-2000 grains jusqu&rsquo;\u00e0 ce que toutes les imperfections de l&rsquo;application disparaissent.<br \/>\nEssayez de poncer en ligne droite sans exercer trop de pression afin de ne pas faire de marques profondes qui seront difficiles \u00e0 enlever avec le polish. Il est conseill\u00e9 d&rsquo;appliquer quelques gouttes de savon dans l&rsquo;eau pour faciliter le pon\u00e7age.<br \/>\nAppliquez quelques gouttes de polish sur la surface de la guitare et sur l&rsquo;\u00e9ponge de polissage.<br \/>\nIl est recommand\u00e9 de polir \u00e0 1500 \u00e0 2000 tours\/minute sans pression pour \u00e9viter de surchauffer la finition. V\u00e9rifiez r\u00e9guli\u00e8rement le chauffage pendant le polissage.<br \/>\nEffectuer un premier polissage avec <a href=\"https:\/\/nitorlack.com\/fr\/barniz\/accessories\/pate-a-polir\/mirka-polarshine-10-fr\/\">MIRKA POLARSHINE 10<\/a> et<a href=\"https:\/\/nitorlack.com\/fr\/barniz\/accessories\/eponges-polir-fr\/eponges-de-polissage-80-blanc-couper\/\"> l&rsquo;\u00e9ponge BLANCHE<\/a>. Une finition miroir devrait d\u00e9j\u00e0 \u00eatre obtenue.<br \/>\nTerminez le processus de polissage avec <a href=\"https:\/\/nitorlack.com\/fr\/barniz\/accessories\/pate-a-polir\/mirka-polarshine-5-fr\/\">MIRKA POLARSHINE 5<\/a> et <a href=\"https:\/\/nitorlack.com\/fr\/barniz\/accessories\/eponges-polir-fr\/eponges-de-polissage-80mm-noir\/\">l&rsquo;\u00e9ponge NOIRE<\/a>. Avec ce dernier proc\u00e9d\u00e9, nous obtiendrons une brillance suppl\u00e9mentaire.<br \/>\nNettoyez avec un chiffon les restes de polissage et la guitare sera termin\u00e9e.<\/p>\n<h3>RECOMMANDATIONS G\u00c9N\u00c9RALES<\/h3>\n<p>Agitez vigoureusement les sprays pendant 3 \u00e0 5 minutes avant l&rsquo;application. Appliquez sur une surface t\u00e9moin avant de l&rsquo;appliquer sur la guitare.<br \/>\nUne finition Nitorlack, en fonction de diff\u00e9rents facteurs, doit comporter 6 \u00e0 10 couches au total, en comptant base &#8211; couleur &#8211; finition, avec un minimum de 3-4 couches de finition brillante. Cela donnera une \u00e9paisseur d&rsquo;environ 150 microns (0,15 mm) en fonction de la quantit\u00e9 de pon\u00e7age, de la quantit\u00e9 de laque appliqu\u00e9e dans chaque couche et de l&rsquo;\u00e9paisseur de la finition souhait\u00e9e.<br \/>\nSi vous n&rsquo;avez jamais termin\u00e9 un instrument auparavant, il est conseill\u00e9 d&rsquo;appliquer 9 \u00e0 12 couches, afin d&rsquo;\u00eatre s\u00fbr de ne pas trop poncer ou polir la finition, ce qui laisserait des parties avec du bois \u00ab\u00a0nu\u00a0\u00bb. Au fur et \u00e0 mesure que l&rsquo;on acquiert de l&rsquo;exp\u00e9rience avec le produit et la m\u00e9thode de finition, moins de couches seront n\u00e9cessaires et des finitions plus fines pourront \u00eatre r\u00e9alis\u00e9es.<br \/>\nSi, lors de l&rsquo;application, vous obtenez accidentellement une \u00ab\u00a0goutte\u00a0\u00bb ou un \u00ab\u00a0drip\u00a0\u00bb, laissez la finition s\u00e9cher pendant 24 heures et \u00e9galisez en pon\u00e7ant avec du papier de verre P400, de pr\u00e9f\u00e9rence sur un bloc de pon\u00e7age dur. On peut aussi \u00ab\u00a0couper\u00a0\u00bb la goutte avec une lame de rasoir, ce qui est une m\u00e9thode plus rapide et \u00e9vite les accidents qui peuvent r\u00e9sulter d&rsquo;un pon\u00e7age excessif. Pour se familiariser avec le processus, il est bon de tester le processus de finition d&rsquo;une guitare avec des guitares \u00ab\u00a0Nitorlack\u00a0\u00bb sur du bois de rebut, afin d&rsquo;\u00e9valuer par soi-m\u00eame les caract\u00e9ristiques du processus.<br \/>\nIl est \u00e9galement conseill\u00e9 d&rsquo;utiliser une surface \u00ab\u00a0t\u00e9moin\u00a0\u00bb sur laquelle on applique les couches de laque en m\u00eame temps que sur la pi\u00e8ce \u00e0 finir. Une feuille de papier coll\u00e9e avec du ruban adh\u00e9sif sur un support rigide (bois, carton \u00e9pais) est une suggestion. Ainsi, en mesurant d&rsquo;abord l&rsquo;\u00e9paisseur du papier avec un pied \u00e0 coulisse, puis en mesurant l&rsquo;\u00e9paisseur r\u00e9sultante des couches successives une fois qu&rsquo;elles sont s\u00e8ches, vous aurez une id\u00e9e assez pr\u00e9cise de l&rsquo;\u00e9paisseur de la couche \u00e0 appliquer et pourrez ainsi avoir une meilleure id\u00e9e de son \u00e9paisseur. Une \u00e9paisseur de 150 \u00e0 180 microns (0,15 \u00e0 0,18 mm) garantit une finition fine, qui respecte les vibrations propres de l&rsquo;instrument, tout en le prot\u00e9geant, en \u00e9vitant les \u00e9paisseurs excessives.<br \/>\nAppliquez toujours des couches fines. Laissez s\u00e9cher pendant 24 heures et poncez entre les couches. Appliquer en couches crois\u00e9es pour bien r\u00e9partir le produit. Appliquer avec une distance approximative de 15 \u00e0 20 cm.<\/p>\n<h3>RECOMMANDATIONS DE S\u00c9CURIT\u00c9<\/h3>\n<p>Appliquer dans des zones ventil\u00e9es ou extraites. Portez des gants, des v\u00eatements, des lunettes et un masque de protection. Se laver soigneusement apr\u00e8s manipulation. En cas de contact avec les yeux : Rincer abondamment \u00e0 l&rsquo;eau pendant plusieurs minutes. Retirez les lentilles de contact lorsqu&rsquo;elles sont pr\u00e9sentes et faciles \u00e0 faire. Continuez \u00e0 rincer. Liquide et vapeurs hautement inflammables. Provoque une irritation de la peau. Provoque des l\u00e9sions oculaires graves. Peut causer de la somnolence ou des \u00e9tourdissements.[\/vc_column_text][\/vc_column][\/vc_row]<\/p>\n<\/div>","protected":false},"excerpt":{"rendered":"<p>Avec ce kit, vous disposerez des sprays n\u00e9cessaires pour vernir votre guitare de mani\u00e8re transparente. Le grain et le ton du bois sont ainsi mis en valeur.<\/p>\n<p>En plus de ces produits, il est n\u00e9cessaire d&rsquo;utiliser des produits compl\u00e9mentaires tels que du papier de verre ou du polish, qui ne sont pas inclus dans ce kit.<\/p>\n<p>Vous pouvez obtenir un r\u00e9sultat professionnel en suivant les \u00e9tapes expliqu\u00e9es dans le tutoriel ci-dessous.<\/p>\n","protected":false},"featured_media":62652,"comment_status":"open","ping_status":"closed","template":"","meta":{"om_disable_all_campaigns":false,"site-sidebar-layout":"default","site-content-layout":"default","ast-site-content-layout":"default","site-content-style":"default","site-sidebar-style":"default","ast-global-header-display":"","ast-banner-title-visibility":"","ast-main-header-display":"","ast-hfb-above-header-display":"","ast-hfb-below-header-display":"","ast-hfb-mobile-header-display":"","site-post-title":"","ast-breadcrumbs-content":"","ast-featured-img":"","footer-sml-layout":"","ast-disable-related-posts":"","theme-transparent-header-meta":"default","adv-header-id-meta":"","stick-header-meta":"default","header-above-stick-meta":"","header-main-stick-meta":"","header-below-stick-meta":"","astra-migrate-meta-layouts":"set","ast-page-background-enabled":"default","ast-page-background-meta":{"desktop":{"background-color":"var(--ast-global-color-4)","background-image":"","background-repeat":"repeat","background-position":"center center","background-size":"auto","background-attachment":"scroll","background-type":"","background-media":"","overlay-type":"","overlay-color":"","overlay-opacity":"","overlay-gradient":""},"tablet":{"background-color":"","background-image":"","background-repeat":"repeat","background-position":"center center","background-size":"auto","background-attachment":"scroll","background-type":"","background-media":"","overlay-type":"","overlay-color":"","overlay-opacity":"","overlay-gradient":""},"mobile":{"background-color":"","background-image":"","background-repeat":"repeat","background-position":"center center","background-size":"auto","background-attachment":"scroll","background-type":"","background-media":"","overlay-type":"","overlay-color":"","overlay-opacity":"","overlay-gradient":""}},"ast-content-background-meta":{"desktop":{"background-color":"var(--ast-global-color-5)","background-image":"","background-repeat":"repeat","background-position":"center center","background-size":"auto","background-attachment":"scroll","background-type":"","background-media":"","overlay-type":"","overlay-color":"","overlay-opacity":"","overlay-gradient":""},"tablet":{"background-color":"var(--ast-global-color-5)","background-image":"","background-repeat":"repeat","background-position":"center center","background-size":"auto","background-attachment":"scroll","background-type":"","background-media":"","overlay-type":"","overlay-color":"","overlay-opacity":"","overlay-gradient":""},"mobile":{"background-color":"var(--ast-global-color-5)","background-image":"","background-repeat":"repeat","background-position":"center center","background-size":"auto","background-attachment":"scroll","background-type":"","background-media":"","overlay-type":"","overlay-color":"","overlay-opacity":"","overlay-gradient":""}}},"product_brand":[],"product_cat":[7552],"product_tag":[],"class_list":{"0":"post-55095","1":"product","2":"type-product","3":"status-publish","4":"has-post-thumbnail","6":"product_cat-kits-fr","7":"desktop-align-center","8":"tablet-align-center","9":"mobile-align-center","10":"ast-product-gallery-layout-horizontal-slider","11":"ast-product-tabs-layout-horizontal","13":"first","14":"instock","15":"virtual","16":"taxable","17":"purchasable","18":"product-type-bundle"},"bundled_by":[],"bundle_stock_status":"instock","bundle_stock_quantity":"","bundle_virtual":false,"bundle_layout":"tabular","bundle_add_to_cart_form_location":"default","bundle_editable_in_cart":false,"bundle_sold_individually_context":"product","bundle_item_grouping":"parent","bundle_min_size":"","bundle_max_size":"","bundle_price":{"price":{"min":{"incl_tax":"42.91","excl_tax":"42.91"},"max":{"incl_tax":"328.77","excl_tax":"328.77"}},"regular_price":{"min":{"incl_tax":"42.91","excl_tax":"42.91"},"max":{"incl_tax":"328.77","excl_tax":"328.77"}}},"bundled_items":[{"bundled_item_id":277,"product_id":79376,"menu_order":0,"quantity_min":2,"quantity_max":9,"quantity_default":2,"priced_individually":true,"shipped_individually":false,"override_title":true,"title":"","override_description":false,"description":"SPRAY PRIMER","optional":false,"hide_thumbnail":true,"discount":"","override_variations":true,"allowed_variations":[79391],"override_default_variation_attributes":false,"default_variation_attributes":[],"single_product_visibility":"visible","cart_visibility":"visible","order_visibility":"visible","single_product_price_visibility":"visible","cart_price_visibility":"visible","order_price_visibility":"visible","stock_status":"in_stock"},{"bundled_item_id":192,"product_id":40318,"menu_order":1,"quantity_min":1,"quantity_max":9,"quantity_default":1,"priced_individually":true,"shipped_individually":false,"override_title":true,"title":"","override_description":true,"description":"Avec la finition, nous allons prot\u00e9ger la couleur et lui donner de la profondeur. C'est la derni\u00e8re phase et celle qui nous donne l'aspect final. Nous recommandons d'utiliser 2 sprays si vous souhaitez une protection suppl\u00e9mentaire ou si vous devez vernir le corps et le m\u00e2t.","optional":false,"hide_thumbnail":true,"discount":"","override_variations":true,"allowed_variations":[76650,76645,40319,40320],"override_default_variation_attributes":false,"default_variation_attributes":[],"single_product_visibility":"visible","cart_visibility":"visible","order_visibility":"visible","single_product_price_visibility":"visible","cart_price_visibility":"visible","order_price_visibility":"hidden","stock_status":"in_stock"}],"bundle_sell_ids":[],"yoast_head":"<!-- This site is optimized with the Yoast SEO plugin v27.3 - https:\/\/yoast.com\/product\/yoast-seo-wordpress\/ -->\n<title>Finition transparente pour guitare KIT | NITORLACK<\/title>\n<meta name=\"description\" content=\"Tous les produits dont vous avez besoin pour obtenir un effet transparent sur votre guitare. Des tutoriels \u00e9tape par \u00e9tape et un service client\u00e8le professionnel.\" \/>\n<meta name=\"robots\" content=\"index, follow, max-snippet:-1, max-image-preview:large, max-video-preview:-1\" \/>\n<link rel=\"canonical\" href=\"https:\/\/nitorlack.com\/fr\/barniz\/kits-fr\/kit-de-finition-transparente-spray\/\" \/>\n<meta property=\"og:locale\" content=\"fr_FR\" \/>\n<meta property=\"og:type\" content=\"article\" \/>\n<meta property=\"og:title\" content=\"Finition transparente pour guitare KIT | NITORLACK\" \/>\n<meta property=\"og:description\" content=\"Tous les produits dont vous avez besoin pour obtenir un effet transparent sur votre guitare. Des tutoriels \u00e9tape par \u00e9tape et un service client\u00e8le professionnel.\" \/>\n<meta property=\"og:url\" content=\"https:\/\/nitorlack.com\/fr\/barniz\/kits-fr\/kit-de-finition-transparente-spray\/\" \/>\n<meta property=\"og:site_name\" content=\"Nitorlack\" \/>\n<meta property=\"article:modified_time\" content=\"2026-03-22T17:49:15+00:00\" \/>\n<meta property=\"og:image\" content=\"https:\/\/nitorlack.com\/wp-content\/uploads\/2022\/12\/Guitarra-transparente.jpg\" \/>\n\t<meta property=\"og:image:width\" content=\"1000\" \/>\n\t<meta property=\"og:image:height\" content=\"993\" \/>\n\t<meta property=\"og:image:type\" content=\"image\/jpeg\" \/>\n<meta name=\"twitter:card\" content=\"summary_large_image\" \/>\n<meta name=\"twitter:label1\" content=\"Dur\u00e9e de lecture estim\u00e9e\" \/>\n\t<meta name=\"twitter:data1\" content=\"5 minutes\" \/>\n<script type=\"application\/ld+json\" class=\"yoast-schema-graph\">{\"@context\":\"https:\\\/\\\/schema.org\",\"@graph\":[{\"@type\":\"WebPage\",\"@id\":\"https:\\\/\\\/nitorlack.com\\\/fr\\\/barniz\\\/kits-fr\\\/kit-de-finition-transparente-spray\\\/\",\"url\":\"https:\\\/\\\/nitorlack.com\\\/fr\\\/barniz\\\/kits-fr\\\/kit-de-finition-transparente-spray\\\/\",\"name\":\"Finition transparente pour guitare KIT | NITORLACK\",\"isPartOf\":{\"@id\":\"https:\\\/\\\/nitorlack.com\\\/fr\\\/#website\"},\"primaryImageOfPage\":{\"@id\":\"https:\\\/\\\/nitorlack.com\\\/fr\\\/barniz\\\/kits-fr\\\/kit-de-finition-transparente-spray\\\/#primaryimage\"},\"image\":{\"@id\":\"https:\\\/\\\/nitorlack.com\\\/fr\\\/barniz\\\/kits-fr\\\/kit-de-finition-transparente-spray\\\/#primaryimage\"},\"thumbnailUrl\":\"https:\\\/\\\/nitorlack.com\\\/wp-content\\\/uploads\\\/2022\\\/12\\\/Guitarra-transparente.jpg\",\"datePublished\":\"2021-11-04T09:46:38+00:00\",\"dateModified\":\"2026-03-22T17:49:15+00:00\",\"description\":\"Tous les produits dont vous avez besoin pour obtenir un effet transparent sur votre guitare. Des tutoriels \u00e9tape par \u00e9tape et un service client\u00e8le professionnel.\",\"breadcrumb\":{\"@id\":\"https:\\\/\\\/nitorlack.com\\\/fr\\\/barniz\\\/kits-fr\\\/kit-de-finition-transparente-spray\\\/#breadcrumb\"},\"inLanguage\":\"fr-FR\",\"potentialAction\":[{\"@type\":\"ReadAction\",\"target\":[\"https:\\\/\\\/nitorlack.com\\\/fr\\\/barniz\\\/kits-fr\\\/kit-de-finition-transparente-spray\\\/\"]}]},{\"@type\":\"ImageObject\",\"inLanguage\":\"fr-FR\",\"@id\":\"https:\\\/\\\/nitorlack.com\\\/fr\\\/barniz\\\/kits-fr\\\/kit-de-finition-transparente-spray\\\/#primaryimage\",\"url\":\"https:\\\/\\\/nitorlack.com\\\/wp-content\\\/uploads\\\/2022\\\/12\\\/Guitarra-transparente.jpg\",\"contentUrl\":\"https:\\\/\\\/nitorlack.com\\\/wp-content\\\/uploads\\\/2022\\\/12\\\/Guitarra-transparente.jpg\",\"width\":1000,\"height\":993,\"caption\":\"peinture de guitares \u00e0 partir de z\u00e9ro\"},{\"@type\":\"BreadcrumbList\",\"@id\":\"https:\\\/\\\/nitorlack.com\\\/fr\\\/barniz\\\/kits-fr\\\/kit-de-finition-transparente-spray\\\/#breadcrumb\",\"itemListElement\":[{\"@type\":\"ListItem\",\"position\":1,\"name\":\"Page de Couverture\",\"item\":\"https:\\\/\\\/nitorlack.com\\\/fr\\\/\"},{\"@type\":\"ListItem\",\"position\":2,\"name\":\"Boutique\",\"item\":\"https:\\\/\\\/nitorlack.com\\\/fr\\\/boutique\\\/\"},{\"@type\":\"ListItem\",\"position\":3,\"name\":\"KIT DE FINITION TRANSPARENTE SPRAY\"}]},{\"@type\":\"WebSite\",\"@id\":\"https:\\\/\\\/nitorlack.com\\\/fr\\\/#website\",\"url\":\"https:\\\/\\\/nitorlack.com\\\/fr\\\/\",\"name\":\"Nitorlack\",\"description\":\"Guitar Lacquers\",\"publisher\":{\"@id\":\"https:\\\/\\\/nitorlack.com\\\/fr\\\/#organization\"},\"potentialAction\":[{\"@type\":\"SearchAction\",\"target\":{\"@type\":\"EntryPoint\",\"urlTemplate\":\"https:\\\/\\\/nitorlack.com\\\/fr\\\/?s={search_term_string}\"},\"query-input\":{\"@type\":\"PropertyValueSpecification\",\"valueRequired\":true,\"valueName\":\"search_term_string\"}}],\"inLanguage\":\"fr-FR\"},{\"@type\":\"Organization\",\"@id\":\"https:\\\/\\\/nitorlack.com\\\/fr\\\/#organization\",\"name\":\"Nitorlack\",\"url\":\"https:\\\/\\\/nitorlack.com\\\/fr\\\/\",\"logo\":{\"@type\":\"ImageObject\",\"inLanguage\":\"fr-FR\",\"@id\":\"https:\\\/\\\/nitorlack.com\\\/fr\\\/#\\\/schema\\\/logo\\\/image\\\/\",\"url\":\"http:\\\/\\\/nitorlack.com\\\/wp-content\\\/uploads\\\/2016\\\/02\\\/cropped-galleta-negra-1.jpg\",\"contentUrl\":\"http:\\\/\\\/nitorlack.com\\\/wp-content\\\/uploads\\\/2016\\\/02\\\/cropped-galleta-negra-1.jpg\",\"width\":512,\"height\":512,\"caption\":\"Nitorlack\"},\"image\":{\"@id\":\"https:\\\/\\\/nitorlack.com\\\/fr\\\/#\\\/schema\\\/logo\\\/image\\\/\"}}]}<\/script>\n<!-- \/ Yoast SEO plugin. -->","yoast_head_json":{"title":"Finition transparente pour guitare KIT | NITORLACK","description":"Tous les produits dont vous avez besoin pour obtenir un effet transparent sur votre guitare. Des tutoriels \u00e9tape par \u00e9tape et un service client\u00e8le professionnel.","robots":{"index":"index","follow":"follow","max-snippet":"max-snippet:-1","max-image-preview":"max-image-preview:large","max-video-preview":"max-video-preview:-1"},"canonical":"https:\/\/nitorlack.com\/fr\/barniz\/kits-fr\/kit-de-finition-transparente-spray\/","og_locale":"fr_FR","og_type":"article","og_title":"Finition transparente pour guitare KIT | NITORLACK","og_description":"Tous les produits dont vous avez besoin pour obtenir un effet transparent sur votre guitare. Des tutoriels \u00e9tape par \u00e9tape et un service client\u00e8le professionnel.","og_url":"https:\/\/nitorlack.com\/fr\/barniz\/kits-fr\/kit-de-finition-transparente-spray\/","og_site_name":"Nitorlack","article_modified_time":"2026-03-22T17:49:15+00:00","og_image":[{"width":1000,"height":993,"url":"https:\/\/nitorlack.com\/wp-content\/uploads\/2022\/12\/Guitarra-transparente.jpg","type":"image\/jpeg"}],"twitter_card":"summary_large_image","twitter_misc":{"Dur\u00e9e de lecture estim\u00e9e":"5 minutes"},"schema":{"@context":"https:\/\/schema.org","@graph":[{"@type":"WebPage","@id":"https:\/\/nitorlack.com\/fr\/barniz\/kits-fr\/kit-de-finition-transparente-spray\/","url":"https:\/\/nitorlack.com\/fr\/barniz\/kits-fr\/kit-de-finition-transparente-spray\/","name":"Finition transparente pour guitare KIT | NITORLACK","isPartOf":{"@id":"https:\/\/nitorlack.com\/fr\/#website"},"primaryImageOfPage":{"@id":"https:\/\/nitorlack.com\/fr\/barniz\/kits-fr\/kit-de-finition-transparente-spray\/#primaryimage"},"image":{"@id":"https:\/\/nitorlack.com\/fr\/barniz\/kits-fr\/kit-de-finition-transparente-spray\/#primaryimage"},"thumbnailUrl":"https:\/\/nitorlack.com\/wp-content\/uploads\/2022\/12\/Guitarra-transparente.jpg","datePublished":"2021-11-04T09:46:38+00:00","dateModified":"2026-03-22T17:49:15+00:00","description":"Tous les produits dont vous avez besoin pour obtenir un effet transparent sur votre guitare. Des tutoriels \u00e9tape par \u00e9tape et un service client\u00e8le professionnel.","breadcrumb":{"@id":"https:\/\/nitorlack.com\/fr\/barniz\/kits-fr\/kit-de-finition-transparente-spray\/#breadcrumb"},"inLanguage":"fr-FR","potentialAction":[{"@type":"ReadAction","target":["https:\/\/nitorlack.com\/fr\/barniz\/kits-fr\/kit-de-finition-transparente-spray\/"]}]},{"@type":"ImageObject","inLanguage":"fr-FR","@id":"https:\/\/nitorlack.com\/fr\/barniz\/kits-fr\/kit-de-finition-transparente-spray\/#primaryimage","url":"https:\/\/nitorlack.com\/wp-content\/uploads\/2022\/12\/Guitarra-transparente.jpg","contentUrl":"https:\/\/nitorlack.com\/wp-content\/uploads\/2022\/12\/Guitarra-transparente.jpg","width":1000,"height":993,"caption":"peinture de guitares \u00e0 partir de z\u00e9ro"},{"@type":"BreadcrumbList","@id":"https:\/\/nitorlack.com\/fr\/barniz\/kits-fr\/kit-de-finition-transparente-spray\/#breadcrumb","itemListElement":[{"@type":"ListItem","position":1,"name":"Page de Couverture","item":"https:\/\/nitorlack.com\/fr\/"},{"@type":"ListItem","position":2,"name":"Boutique","item":"https:\/\/nitorlack.com\/fr\/boutique\/"},{"@type":"ListItem","position":3,"name":"KIT DE FINITION TRANSPARENTE SPRAY"}]},{"@type":"WebSite","@id":"https:\/\/nitorlack.com\/fr\/#website","url":"https:\/\/nitorlack.com\/fr\/","name":"Nitorlack","description":"Guitar Lacquers","publisher":{"@id":"https:\/\/nitorlack.com\/fr\/#organization"},"potentialAction":[{"@type":"SearchAction","target":{"@type":"EntryPoint","urlTemplate":"https:\/\/nitorlack.com\/fr\/?s={search_term_string}"},"query-input":{"@type":"PropertyValueSpecification","valueRequired":true,"valueName":"search_term_string"}}],"inLanguage":"fr-FR"},{"@type":"Organization","@id":"https:\/\/nitorlack.com\/fr\/#organization","name":"Nitorlack","url":"https:\/\/nitorlack.com\/fr\/","logo":{"@type":"ImageObject","inLanguage":"fr-FR","@id":"https:\/\/nitorlack.com\/fr\/#\/schema\/logo\/image\/","url":"http:\/\/nitorlack.com\/wp-content\/uploads\/2016\/02\/cropped-galleta-negra-1.jpg","contentUrl":"http:\/\/nitorlack.com\/wp-content\/uploads\/2016\/02\/cropped-galleta-negra-1.jpg","width":512,"height":512,"caption":"Nitorlack"},"image":{"@id":"https:\/\/nitorlack.com\/fr\/#\/schema\/logo\/image\/"}}]}},"_links":{"self":[{"href":"https:\/\/nitorlack.com\/fr\/wp-json\/wp\/v2\/product\/55095","targetHints":{"allow":["GET"]}}],"collection":[{"href":"https:\/\/nitorlack.com\/fr\/wp-json\/wp\/v2\/product"}],"about":[{"href":"https:\/\/nitorlack.com\/fr\/wp-json\/wp\/v2\/types\/product"}],"replies":[{"embeddable":true,"href":"https:\/\/nitorlack.com\/fr\/wp-json\/wp\/v2\/comments?post=55095"}],"wp:featuredmedia":[{"embeddable":true,"href":"https:\/\/nitorlack.com\/fr\/wp-json\/wp\/v2\/media\/62652"}],"wp:attachment":[{"href":"https:\/\/nitorlack.com\/fr\/wp-json\/wp\/v2\/media?parent=55095"}],"wp:term":[{"taxonomy":"product_brand","embeddable":true,"href":"https:\/\/nitorlack.com\/fr\/wp-json\/wp\/v2\/product_brand?post=55095"},{"taxonomy":"product_cat","embeddable":true,"href":"https:\/\/nitorlack.com\/fr\/wp-json\/wp\/v2\/product_cat?post=55095"},{"taxonomy":"product_tag","embeddable":true,"href":"https:\/\/nitorlack.com\/fr\/wp-json\/wp\/v2\/product_tag?post=55095"}],"curies":[{"name":"wp","href":"https:\/\/api.w.org\/{rel}","templated":true}]}}