{"id":46964,"date":"2020-11-27T15:45:11","date_gmt":"2020-11-27T13:45:11","guid":{"rendered":"http:\/\/nitorlack.com\/barniz\/non%20class\u00e9\/pierre-ponce\/"},"modified":"2026-02-19T17:14:04","modified_gmt":"2026-02-19T15:14:04","slug":"pierre-ponce","status":"publish","type":"product","link":"https:\/\/nitorlack.com\/fr\/barniz\/shellac-fr\/pierre-ponce\/","title":{"rendered":"PIERRE PONCE"},"content":{"rendered":"<h1>Pierre ponce pour guitare<\/h1>\n<p class=\"line-height-125 cke-line-height\">La <strong>pierre ponce<\/strong> est une roche ign\u00e9e ou volcanique en poudre, contient de l&rsquo;oxyde de silicium et de l&rsquo;oxyde d&rsquo;aluminium, g\u00e9n\u00e8re une poudre tr\u00e8s fine qui est utilis\u00e9e pour diverses techniques de finition.<\/p>\n<p>Obtenu \u00e0 partir de pierres de silicate de haute puret\u00e9, il est particuli\u00e8rement appr\u00e9ci\u00e9 comme <em>filler<\/em> dans les finitions de maneton ou de vernis fran\u00e7ais. Malgr\u00e9 sa coloration opaque, le m\u00e9lange de cette poudre avec de la gomme laque produit une p\u00e2te de finition transparente. Son utilisation comme <em>filler<\/em>, m\u00e9lang\u00e9e avec de l&rsquo;alcool et dans certains cas de l&rsquo;huile, pour remplir les pores, vise \u00e0 obtenir une surface lisse sur laquelle la finition finale est facile \u00e0 appliquer. Il peut \u00e9galement \u00eatre m\u00e9lang\u00e9 avec de l&rsquo;eau ou de la paraffine liquide pour d&rsquo;autres types de finitions.<\/p>\n<p class=\"line-height-125 cke-line-height\">Le but de la finition shellac est de prot\u00e9ger le bois en fermant les pores et en le rendant dur et \u00e9lastique.<\/p>\n<p>Flacon de 250 ml<\/p>\n","protected":false},"excerpt":{"rendered":"<p class=\"line-height-125 cke-line-height\">La <strong>pierre ponce<\/strong> est une roche ign\u00e9e ou volcanique en poudre, contient de l&rsquo;oxyde de silicium et de l&rsquo;oxyde d&rsquo;aluminium, g\u00e9n\u00e8re une poudre tr\u00e8s fine qui est utilis\u00e9e pour diverses techniques de finition.<\/p>\n<p class=\"line-height-125 cke-line-height\">Le but de la finition shellac est de prot\u00e9ger le bois en fermant les pores et en le rendant dur et \u00e9lastique.<\/p>\n<p>Flacon de 250 ml<\/p>\n","protected":false},"featured_media":41059,"comment_status":"open","ping_status":"closed","template":"","meta":{"om_disable_all_campaigns":false,"site-sidebar-layout":"default","site-content-layout":"","ast-site-content-layout":"default","site-content-style":"default","site-sidebar-style":"default","ast-global-header-display":"","ast-banner-title-visibility":"","ast-main-header-display":"","ast-hfb-above-header-display":"","ast-hfb-below-header-display":"","ast-hfb-mobile-header-display":"","site-post-title":"","ast-breadcrumbs-content":"","ast-featured-img":"","footer-sml-layout":"","ast-disable-related-posts":"","theme-transparent-header-meta":"default","adv-header-id-meta":"","stick-header-meta":"default","header-above-stick-meta":"","header-main-stick-meta":"","header-below-stick-meta":"","astra-migrate-meta-layouts":"default","ast-page-background-enabled":"default","ast-page-background-meta":{"desktop":{"background-color":"var(--ast-global-color-4)","background-image":"","background-repeat":"repeat","background-position":"center center","background-size":"auto","background-attachment":"scroll","background-type":"","background-media":"","overlay-type":"","overlay-color":"","overlay-opacity":"","overlay-gradient":""},"tablet":{"background-color":"","background-image":"","background-repeat":"repeat","background-position":"center center","background-size":"auto","background-attachment":"scroll","background-type":"","background-media":"","overlay-type":"","overlay-color":"","overlay-opacity":"","overlay-gradient":""},"mobile":{"background-color":"","background-image":"","background-repeat":"repeat","background-position":"center center","background-size":"auto","background-attachment":"scroll","background-type":"","background-media":"","overlay-type":"","overlay-color":"","overlay-opacity":"","overlay-gradient":""}},"ast-content-background-meta":{"desktop":{"background-color":"var(--ast-global-color-5)","background-image":"","background-repeat":"repeat","background-position":"center center","background-size":"auto","background-attachment":"scroll","background-type":"","background-media":"","overlay-type":"","overlay-color":"","overlay-opacity":"","overlay-gradient":""},"tablet":{"background-color":"var(--ast-global-color-5)","background-image":"","background-repeat":"repeat","background-position":"center center","background-size":"auto","background-attachment":"scroll","background-type":"","background-media":"","overlay-type":"","overlay-color":"","overlay-opacity":"","overlay-gradient":""},"mobile":{"background-color":"var(--ast-global-color-5)","background-image":"","background-repeat":"repeat","background-position":"center center","background-size":"auto","background-attachment":"scroll","background-type":"","background-media":"","overlay-type":"","overlay-color":"","overlay-opacity":"","overlay-gradient":""}}},"product_brand":[],"product_cat":[486],"product_tag":[],"class_list":{"0":"post-46964","1":"product","2":"type-product","3":"status-publish","4":"has-post-thumbnail","6":"product_cat-shellac-fr","7":"desktop-align-center","8":"tablet-align-center","9":"mobile-align-center","10":"ast-product-gallery-layout-horizontal-slider","11":"ast-product-gallery-with-no-image","12":"ast-product-tabs-layout-horizontal","14":"first","15":"instock","16":"taxable","17":"shipping-taxable","18":"purchasable","19":"product-type-simple"},"bundled_by":[],"bundle_stock_status":"instock","bundle_stock_quantity":4970,"bundle_virtual":false,"bundle_layout":"","bundle_add_to_cart_form_location":"","bundle_editable_in_cart":false,"bundle_sold_individually_context":"","bundle_item_grouping":"","bundle_min_size":"","bundle_max_size":"","bundle_price":[],"bundled_items":[],"bundle_sell_ids":[],"yoast_head":"<!-- This site is optimized with the Yoast SEO plugin v27.3 - https:\/\/yoast.com\/product\/yoast-seo-wordpress\/ -->\n<title>PIERRE PONCE | peinture guitare NitorLACK<\/title>\n<meta name=\"description\" content=\"Ponce pour guitares. Vernis fran\u00e7ais pour guitares. scellant pour vernis fran\u00e7ais.\" \/>\n<meta name=\"robots\" content=\"index, follow, max-snippet:-1, max-image-preview:large, max-video-preview:-1\" \/>\n<link rel=\"canonical\" href=\"https:\/\/nitorlack.com\/fr\/barniz\/shellac-fr\/pierre-ponce\/\" \/>\n<meta property=\"og:locale\" content=\"fr_FR\" \/>\n<meta property=\"og:type\" content=\"article\" \/>\n<meta property=\"og:title\" content=\"PIERRE PONCE | peinture guitare NitorLACK\" \/>\n<meta property=\"og:description\" content=\"Ponce pour guitares. Vernis fran\u00e7ais pour guitares. scellant pour vernis fran\u00e7ais.\" \/>\n<meta property=\"og:url\" content=\"https:\/\/nitorlack.com\/fr\/barniz\/shellac-fr\/pierre-ponce\/\" \/>\n<meta property=\"og:site_name\" content=\"Nitorlack\" \/>\n<meta property=\"article:modified_time\" content=\"2026-02-19T15:14:04+00:00\" \/>\n<meta property=\"og:image\" content=\"https:\/\/nitorlack.com\/wp-content\/uploads\/2020\/11\/piedra-pomez-920736212-600x805-1.jpg\" \/>\n\t<meta property=\"og:image:width\" content=\"600\" \/>\n\t<meta property=\"og:image:height\" content=\"805\" \/>\n\t<meta property=\"og:image:type\" content=\"image\/jpeg\" \/>\n<meta name=\"twitter:card\" content=\"summary_large_image\" \/>\n<meta name=\"twitter:label1\" content=\"Dur\u00e9e de lecture estim\u00e9e\" \/>\n\t<meta name=\"twitter:data1\" content=\"1 minute\" \/>\n<script type=\"application\/ld+json\" class=\"yoast-schema-graph\">{\"@context\":\"https:\\\/\\\/schema.org\",\"@graph\":[{\"@type\":\"WebPage\",\"@id\":\"https:\\\/\\\/nitorlack.com\\\/fr\\\/barniz\\\/shellac-fr\\\/pierre-ponce\\\/\",\"url\":\"https:\\\/\\\/nitorlack.com\\\/fr\\\/barniz\\\/shellac-fr\\\/pierre-ponce\\\/\",\"name\":\"PIERRE PONCE | peinture guitare NitorLACK\",\"isPartOf\":{\"@id\":\"https:\\\/\\\/nitorlack.com\\\/fr\\\/#website\"},\"primaryImageOfPage\":{\"@id\":\"https:\\\/\\\/nitorlack.com\\\/fr\\\/barniz\\\/shellac-fr\\\/pierre-ponce\\\/#primaryimage\"},\"image\":{\"@id\":\"https:\\\/\\\/nitorlack.com\\\/fr\\\/barniz\\\/shellac-fr\\\/pierre-ponce\\\/#primaryimage\"},\"thumbnailUrl\":\"https:\\\/\\\/nitorlack.com\\\/wp-content\\\/uploads\\\/2020\\\/11\\\/piedra-pomez-920736212-600x805-1.jpg\",\"datePublished\":\"2020-11-27T13:45:11+00:00\",\"dateModified\":\"2026-02-19T15:14:04+00:00\",\"description\":\"Ponce pour guitares. Vernis fran\u00e7ais pour guitares. scellant pour vernis fran\u00e7ais.\",\"breadcrumb\":{\"@id\":\"https:\\\/\\\/nitorlack.com\\\/fr\\\/barniz\\\/shellac-fr\\\/pierre-ponce\\\/#breadcrumb\"},\"inLanguage\":\"fr-FR\",\"potentialAction\":[{\"@type\":\"ReadAction\",\"target\":[\"https:\\\/\\\/nitorlack.com\\\/fr\\\/barniz\\\/shellac-fr\\\/pierre-ponce\\\/\"]}]},{\"@type\":\"ImageObject\",\"inLanguage\":\"fr-FR\",\"@id\":\"https:\\\/\\\/nitorlack.com\\\/fr\\\/barniz\\\/shellac-fr\\\/pierre-ponce\\\/#primaryimage\",\"url\":\"https:\\\/\\\/nitorlack.com\\\/wp-content\\\/uploads\\\/2020\\\/11\\\/piedra-pomez-920736212-600x805-1.jpg\",\"contentUrl\":\"https:\\\/\\\/nitorlack.com\\\/wp-content\\\/uploads\\\/2020\\\/11\\\/piedra-pomez-920736212-600x805-1.jpg\",\"width\":600,\"height\":805},{\"@type\":\"BreadcrumbList\",\"@id\":\"https:\\\/\\\/nitorlack.com\\\/fr\\\/barniz\\\/shellac-fr\\\/pierre-ponce\\\/#breadcrumb\",\"itemListElement\":[{\"@type\":\"ListItem\",\"position\":1,\"name\":\"Page de Couverture\",\"item\":\"https:\\\/\\\/nitorlack.com\\\/fr\\\/\"},{\"@type\":\"ListItem\",\"position\":2,\"name\":\"Boutique\",\"item\":\"https:\\\/\\\/nitorlack.com\\\/fr\\\/boutique\\\/\"},{\"@type\":\"ListItem\",\"position\":3,\"name\":\"PIERRE PONCE\"}]},{\"@type\":\"WebSite\",\"@id\":\"https:\\\/\\\/nitorlack.com\\\/fr\\\/#website\",\"url\":\"https:\\\/\\\/nitorlack.com\\\/fr\\\/\",\"name\":\"Nitorlack\",\"description\":\"Guitar Lacquers\",\"publisher\":{\"@id\":\"https:\\\/\\\/nitorlack.com\\\/fr\\\/#organization\"},\"potentialAction\":[{\"@type\":\"SearchAction\",\"target\":{\"@type\":\"EntryPoint\",\"urlTemplate\":\"https:\\\/\\\/nitorlack.com\\\/fr\\\/?s={search_term_string}\"},\"query-input\":{\"@type\":\"PropertyValueSpecification\",\"valueRequired\":true,\"valueName\":\"search_term_string\"}}],\"inLanguage\":\"fr-FR\"},{\"@type\":\"Organization\",\"@id\":\"https:\\\/\\\/nitorlack.com\\\/fr\\\/#organization\",\"name\":\"Nitorlack\",\"url\":\"https:\\\/\\\/nitorlack.com\\\/fr\\\/\",\"logo\":{\"@type\":\"ImageObject\",\"inLanguage\":\"fr-FR\",\"@id\":\"https:\\\/\\\/nitorlack.com\\\/fr\\\/#\\\/schema\\\/logo\\\/image\\\/\",\"url\":\"http:\\\/\\\/nitorlack.com\\\/wp-content\\\/uploads\\\/2016\\\/02\\\/cropped-galleta-negra-1.jpg\",\"contentUrl\":\"http:\\\/\\\/nitorlack.com\\\/wp-content\\\/uploads\\\/2016\\\/02\\\/cropped-galleta-negra-1.jpg\",\"width\":512,\"height\":512,\"caption\":\"Nitorlack\"},\"image\":{\"@id\":\"https:\\\/\\\/nitorlack.com\\\/fr\\\/#\\\/schema\\\/logo\\\/image\\\/\"}}]}<\/script>\n<!-- \/ Yoast SEO plugin. -->","yoast_head_json":{"title":"PIERRE PONCE | peinture guitare NitorLACK","description":"Ponce pour guitares. Vernis fran\u00e7ais pour guitares. scellant pour vernis fran\u00e7ais.","robots":{"index":"index","follow":"follow","max-snippet":"max-snippet:-1","max-image-preview":"max-image-preview:large","max-video-preview":"max-video-preview:-1"},"canonical":"https:\/\/nitorlack.com\/fr\/barniz\/shellac-fr\/pierre-ponce\/","og_locale":"fr_FR","og_type":"article","og_title":"PIERRE PONCE | peinture guitare NitorLACK","og_description":"Ponce pour guitares. Vernis fran\u00e7ais pour guitares. scellant pour vernis fran\u00e7ais.","og_url":"https:\/\/nitorlack.com\/fr\/barniz\/shellac-fr\/pierre-ponce\/","og_site_name":"Nitorlack","article_modified_time":"2026-02-19T15:14:04+00:00","og_image":[{"width":600,"height":805,"url":"https:\/\/nitorlack.com\/wp-content\/uploads\/2020\/11\/piedra-pomez-920736212-600x805-1.jpg","type":"image\/jpeg"}],"twitter_card":"summary_large_image","twitter_misc":{"Dur\u00e9e de lecture estim\u00e9e":"1 minute"},"schema":{"@context":"https:\/\/schema.org","@graph":[{"@type":"WebPage","@id":"https:\/\/nitorlack.com\/fr\/barniz\/shellac-fr\/pierre-ponce\/","url":"https:\/\/nitorlack.com\/fr\/barniz\/shellac-fr\/pierre-ponce\/","name":"PIERRE PONCE | peinture guitare NitorLACK","isPartOf":{"@id":"https:\/\/nitorlack.com\/fr\/#website"},"primaryImageOfPage":{"@id":"https:\/\/nitorlack.com\/fr\/barniz\/shellac-fr\/pierre-ponce\/#primaryimage"},"image":{"@id":"https:\/\/nitorlack.com\/fr\/barniz\/shellac-fr\/pierre-ponce\/#primaryimage"},"thumbnailUrl":"https:\/\/nitorlack.com\/wp-content\/uploads\/2020\/11\/piedra-pomez-920736212-600x805-1.jpg","datePublished":"2020-11-27T13:45:11+00:00","dateModified":"2026-02-19T15:14:04+00:00","description":"Ponce pour guitares. Vernis fran\u00e7ais pour guitares. scellant pour vernis fran\u00e7ais.","breadcrumb":{"@id":"https:\/\/nitorlack.com\/fr\/barniz\/shellac-fr\/pierre-ponce\/#breadcrumb"},"inLanguage":"fr-FR","potentialAction":[{"@type":"ReadAction","target":["https:\/\/nitorlack.com\/fr\/barniz\/shellac-fr\/pierre-ponce\/"]}]},{"@type":"ImageObject","inLanguage":"fr-FR","@id":"https:\/\/nitorlack.com\/fr\/barniz\/shellac-fr\/pierre-ponce\/#primaryimage","url":"https:\/\/nitorlack.com\/wp-content\/uploads\/2020\/11\/piedra-pomez-920736212-600x805-1.jpg","contentUrl":"https:\/\/nitorlack.com\/wp-content\/uploads\/2020\/11\/piedra-pomez-920736212-600x805-1.jpg","width":600,"height":805},{"@type":"BreadcrumbList","@id":"https:\/\/nitorlack.com\/fr\/barniz\/shellac-fr\/pierre-ponce\/#breadcrumb","itemListElement":[{"@type":"ListItem","position":1,"name":"Page de Couverture","item":"https:\/\/nitorlack.com\/fr\/"},{"@type":"ListItem","position":2,"name":"Boutique","item":"https:\/\/nitorlack.com\/fr\/boutique\/"},{"@type":"ListItem","position":3,"name":"PIERRE PONCE"}]},{"@type":"WebSite","@id":"https:\/\/nitorlack.com\/fr\/#website","url":"https:\/\/nitorlack.com\/fr\/","name":"Nitorlack","description":"Guitar Lacquers","publisher":{"@id":"https:\/\/nitorlack.com\/fr\/#organization"},"potentialAction":[{"@type":"SearchAction","target":{"@type":"EntryPoint","urlTemplate":"https:\/\/nitorlack.com\/fr\/?s={search_term_string}"},"query-input":{"@type":"PropertyValueSpecification","valueRequired":true,"valueName":"search_term_string"}}],"inLanguage":"fr-FR"},{"@type":"Organization","@id":"https:\/\/nitorlack.com\/fr\/#organization","name":"Nitorlack","url":"https:\/\/nitorlack.com\/fr\/","logo":{"@type":"ImageObject","inLanguage":"fr-FR","@id":"https:\/\/nitorlack.com\/fr\/#\/schema\/logo\/image\/","url":"http:\/\/nitorlack.com\/wp-content\/uploads\/2016\/02\/cropped-galleta-negra-1.jpg","contentUrl":"http:\/\/nitorlack.com\/wp-content\/uploads\/2016\/02\/cropped-galleta-negra-1.jpg","width":512,"height":512,"caption":"Nitorlack"},"image":{"@id":"https:\/\/nitorlack.com\/fr\/#\/schema\/logo\/image\/"}}]}},"_links":{"self":[{"href":"https:\/\/nitorlack.com\/fr\/wp-json\/wp\/v2\/product\/46964","targetHints":{"allow":["GET"]}}],"collection":[{"href":"https:\/\/nitorlack.com\/fr\/wp-json\/wp\/v2\/product"}],"about":[{"href":"https:\/\/nitorlack.com\/fr\/wp-json\/wp\/v2\/types\/product"}],"replies":[{"embeddable":true,"href":"https:\/\/nitorlack.com\/fr\/wp-json\/wp\/v2\/comments?post=46964"}],"wp:featuredmedia":[{"embeddable":true,"href":"https:\/\/nitorlack.com\/fr\/wp-json\/wp\/v2\/media\/41059"}],"wp:attachment":[{"href":"https:\/\/nitorlack.com\/fr\/wp-json\/wp\/v2\/media?parent=46964"}],"wp:term":[{"taxonomy":"product_brand","embeddable":true,"href":"https:\/\/nitorlack.com\/fr\/wp-json\/wp\/v2\/product_brand?post=46964"},{"taxonomy":"product_cat","embeddable":true,"href":"https:\/\/nitorlack.com\/fr\/wp-json\/wp\/v2\/product_cat?post=46964"},{"taxonomy":"product_tag","embeddable":true,"href":"https:\/\/nitorlack.com\/fr\/wp-json\/wp\/v2\/product_tag?post=46964"}],"curies":[{"name":"wp","href":"https:\/\/api.w.org\/{rel}","templated":true}]}}