{"id":46566,"date":"2021-03-15T15:41:49","date_gmt":"2021-03-15T13:41:52","guid":{"rendered":"http:\/\/nitorlack.com\/?post_type=product&#038;p=46566"},"modified":"2026-03-05T17:08:29","modified_gmt":"2026-03-05T15:08:29","slug":"candy-tangerine-copia","status":"publish","type":"product","link":"https:\/\/nitorlack.com\/fr\/barniz\/custom-couleurs-pot\/translucid-fr\/candy-tangerine-copia\/","title":{"rendered":"ORANGE VINTAGE GLOSS"},"content":{"rendered":"<div class=\"wpb-content-wrapper\"><h1 style=\"text-align: center;\">Nitrocelulosa guitarra ORANGE VINTAGE y todo lo necesario para pintar guitarra el\u00e9ctrica<\/h1>\n<p>[vc_row full_width=\u00a0\u00bbstretch_row\u00a0\u00bb css=\u00a0\u00bb.vc_custom_1593585138596{background-color: #ffffff !important;}\u00a0\u00bb][vc_column][vc_column_text]<\/p>\n<h1 style=\"text-align: center;\">#mynitorlack<\/h1>\n<hr \/>\n<p>[\/vc_column_text][\/vc_column][\/vc_row][vc_row css=\u00a0\u00bb.vc_custom_1615475940538{background-color: #ffffff !important;}\u00a0\u00bb][vc_column width=\u00a0\u00bb1\/3&Prime;][\/vc_column][vc_column width=\u00a0\u00bb1\/3&Prime;][\/vc_column][vc_column width=\u00a0\u00bb1\/3&Prime;][\/vc_column][\/vc_row][vc_row css=\u00a0\u00bb.vc_custom_1615458685232{background-color: #ffffff !important;}\u00a0\u00bb][vc_column][vc_empty_space height=\u00a0\u00bb50px\u00a0\u00bb][\/vc_column][\/vc_row][vc_row css=\u00a0\u00bb.vc_custom_1615458702733{background-color: #ffffff !important;}\u00a0\u00bb][vc_column width=\u00a0\u00bb2\/3&Prime;][vc_column_text]<\/p>\n<h2>Inspir\u00e9 du vintage<\/h2>\n<h3>Bas\u00e9 sur les couleurs d&rsquo;origine Fender et Gibson.<\/h3>\n<p>Pour d\u00e9velopper nos couleurs nous nous sommes bas\u00e9s sur des \u00e9chantillons originaux des ann\u00e9es 50 et 60. Apr\u00e8s un travail de grande envergure et une \u00e9tude exhaustive par notre laboratoire et notre service technique, nous avons obtenu des couleurs qui restituent fid\u00e8lement les sonorit\u00e9s des guitares Fender et des guitares Gibson vintage.<\/p>\n<p>Durant ces ann\u00e9es jusqu&rsquo;\u00e0 maintenant, il faut garder \u00e0 l&rsquo;esprit que les couleurs des guitares vintage ont beaucoup vari\u00e9 au fil des ann\u00e9es en raison du vieillissement de la nitrocellulose et des changements de couleurs des marques. C&rsquo;est pourquoi deux guitares finies en 1960 avec des couleurs de carte fender aujourd&rsquo;hui peuvent \u00eatre totalement diff\u00e9rentes entre elles ou par rapport \u00e0 une guitare plus actuelle.[\/vc_column_text][\/vc_column][vc_column width=\u00a0\u00bb1\/3&Prime;][vc_single_image image=\u00a0\u00bb27764&Prime; img_size=\u00a0\u00bbmedium\u00a0\u00bb][\/vc_column][\/vc_row][vc_row][vc_column][vc_empty_space height=\u00a0\u00bb80px\u00a0\u00bb][\/vc_column][\/vc_row][vc_row][vc_column width=\u00a0\u00bb1\/2&Prime;][vc_single_image image=\u00a0\u00bb24893&Prime; img_size=\u00a0\u00bblarge\u00a0\u00bb][\/vc_column][vc_column width=\u00a0\u00bb1\/2&Prime;][vc_column_text]<\/p>\n<h1>Spray Nitrocellulose.\u00a0Peignez votre guitare facilement avec notre spray.<\/h1>\n<p>Pour que le mat\u00e9riel de peinture ne soit pas un frein \u00e0 la peinture de votre guitare, chez Nitorlack nous avons d\u00e9velopp\u00e9 toutes nos couleurs au format Spray. Vous pouvez obtenir une finition professionnelle avec toute notre gamme de produits, des fonds et toute la gamme de couleurs, aux finitions brillantes et mates.<\/p>\n<p>Quelle quantit\u00e9 de produit dois-je acheter en spray ? Cela d\u00e9pendra beaucoup de l&rsquo;essence de bois et de la quantit\u00e9 de produit appliqu\u00e9e pour chaque couche et de la finition souhait\u00e9e, effet miroir ou \u00ab\u00a0pore ouvert\u00a0\u00bb. Mais en g\u00e9n\u00e9ral pour une guitare \u00e0 pores de bois m\u00e9dium, pour un manche de guitare \u00e9lectrique : 2 sprays de finition (brillant ou mat), pour un corps de guitare \u00e9lectrique : 1 spray de fond et 3 sprays de finition (brillant ou mat), classique ou acoustique : 1 spray de fond et 4 ou 5 spray de finition (brillant ou mat) et Ukulele : 2 spray de finition. (brillant ou mat). Si vous souhaitez appliquer n&rsquo;importe quelle couleur, entre le fond et la finition, vous devez ajouter 1 ou 2 spray de la couleur d\u00e9sir\u00e9e.<\/p>\n<p>Conseils d&rsquo;application par pulv\u00e9risation Agiter vigoureusement pendant 2 \u00e0 5 minutes avant l&rsquo;application. Il est recommand\u00e9 d&rsquo;appliquer le spray en couches fines et avec une humidit\u00e9 ambiante la plus faible possible. Appliquer avec un mouvement uniforme et \u00e0 une distance d&rsquo;environ 20 cm. Il est important d&rsquo;appliquer un appr\u00eat et de poncer au 400 avant d&rsquo;appliquer le spray pour obtenir une surface uniforme avant de colorer ou de finir. Poncer entre les couches et laisser s\u00e9cher pendant 12 \u00e0 24 heures entre les couches. Appliquer dans des zones a\u00e9r\u00e9es.[\/vc_column_text][\/vc_column][\/vc_row][vc_row][vc_column][vc_empty_space height=\u00a0\u00bb80px\u00a0\u00bb][\/vc_column][\/vc_row][vc_row][vc_column width=\u00a0\u00bb1\/2&Prime;][vc_column_text]<\/p>\n<h2><strong>Nitrocelulosa en lata<br \/>\n<\/strong><\/h2>\n<h5>Acabado profesional.<\/h5>\n<p>Si quieres conseguir en tu guitarra un acabado perfecto y dispones de un equipo de pintado (pistola y compresor) la mejor eleccion son los productos en lata, tienes un mayor rendimiento por un precio menor y con un equipo de pintado el resultado fin\u00e1l sera profesional con menos esfuerzo.<\/p>\n<p>Se recomienda diluir el producto con disolvente para ajustar la viscosidad y que la aplicaci\u00f3n sea perfecta, disponemos de dos tipos de disolventes. El disolvente habitual que se utiliza es <a href=\"http:\/\/nitorlack.com\/barniz\/disolventes\/disolventes-2\/solvent-nitorlack\/\"><strong>Solvent Medium<\/strong><\/a>, pero para condiciones ambientales de humedad y temperatura m\u00e1s extremas podemos utilizar <a href=\"http:\/\/nitorlack.com\/barniz\/disolventes\/disolventes-2\/solvent-nitorlack\/\"><strong>Solvent Retard<\/strong><\/a> para evitar hervidos y velados en el acabado. Las condiciones optimas de aplicaci\u00f3n son entre <strong>15 y 25 \u00baC de temperatura y 50 a 70 % de humedad<\/strong>. El porcentaje de diluci\u00f3n va a depender del equipo de pintura y su configuraci\u00f3n pero lo recomendable es entre un <strong>10 a 20% de disolvente<\/strong>. El <strong>pico de la pistola<\/strong> los m\u00e1s habitual es <strong>1.3 a 1.5<\/strong> y la presi\u00f3n del compresor sobre 2.5 a 3 bares.[\/vc_column_text][\/vc_column][vc_column width=\u00a0\u00bb1\/2&Prime;][vc_single_image image=\u00a0\u00bb24715&Prime; img_size=\u00a0\u00bblarge\u00a0\u00bb][\/vc_column][\/vc_row]<\/p>\n<\/div>","protected":false},"excerpt":{"rendered":"<p>Vernis nitrocellulosique tonique, l\u00e9g\u00e8rement plus orang\u00e9 que l&rsquo;Amber Vintage, offrant un ton naturel dans les premi\u00e8res couches et proche des m\u00e2ts Fender des ann\u00e9es 70 quand on applique plus de produit.<\/p>\n<p>La tonalit\u00e9 est obtenue en appliquant de fines couches de finition de la tonalit\u00e9, jusqu&rsquo;\u00e0 obtenir l&rsquo;intensit\u00e9 souhait\u00e9e.<\/p>\n","protected":false},"featured_media":46579,"comment_status":"closed","ping_status":"closed","template":"","meta":{"om_disable_all_campaigns":false,"site-sidebar-layout":"no-sidebar","site-content-layout":"plain-container","ast-site-content-layout":"default","site-content-style":"default","site-sidebar-style":"default","ast-global-header-display":"","ast-banner-title-visibility":"","ast-main-header-display":"","ast-hfb-above-header-display":"","ast-hfb-below-header-display":"","ast-hfb-mobile-header-display":"","site-post-title":"disabled","ast-breadcrumbs-content":"","ast-featured-img":"disabled","footer-sml-layout":"","ast-disable-related-posts":"","theme-transparent-header-meta":"default","adv-header-id-meta":"","stick-header-meta":"default","header-above-stick-meta":"","header-main-stick-meta":"","header-below-stick-meta":"","astra-migrate-meta-layouts":"default","ast-page-background-enabled":"default","ast-page-background-meta":{"desktop":{"background-color":"var(--ast-global-color-4)","background-image":"","background-repeat":"repeat","background-position":"center center","background-size":"auto","background-attachment":"scroll","background-type":"","background-media":"","overlay-type":"","overlay-color":"","overlay-opacity":"","overlay-gradient":""},"tablet":{"background-color":"","background-image":"","background-repeat":"repeat","background-position":"center center","background-size":"auto","background-attachment":"scroll","background-type":"","background-media":"","overlay-type":"","overlay-color":"","overlay-opacity":"","overlay-gradient":""},"mobile":{"background-color":"","background-image":"","background-repeat":"repeat","background-position":"center center","background-size":"auto","background-attachment":"scroll","background-type":"","background-media":"","overlay-type":"","overlay-color":"","overlay-opacity":"","overlay-gradient":""}},"ast-content-background-meta":{"desktop":{"background-color":"var(--ast-global-color-5)","background-image":"","background-repeat":"repeat","background-position":"center center","background-size":"auto","background-attachment":"scroll","background-type":"","background-media":"","overlay-type":"","overlay-color":"","overlay-opacity":"","overlay-gradient":""},"tablet":{"background-color":"var(--ast-global-color-5)","background-image":"","background-repeat":"repeat","background-position":"center center","background-size":"auto","background-attachment":"scroll","background-type":"","background-media":"","overlay-type":"","overlay-color":"","overlay-opacity":"","overlay-gradient":""},"mobile":{"background-color":"var(--ast-global-color-5)","background-image":"","background-repeat":"repeat","background-position":"center center","background-size":"auto","background-attachment":"scroll","background-type":"","background-media":"","overlay-type":"","overlay-color":"","overlay-opacity":"","overlay-gradient":""}}},"product_brand":[],"product_cat":[114,7426],"product_tag":[],"class_list":{"0":"post-46566","1":"product","2":"type-product","3":"status-publish","4":"has-post-thumbnail","6":"product_cat-custom-couleurs-pot","7":"product_cat-translucid-fr","8":"desktop-align-center","9":"tablet-align-center","10":"mobile-align-center","11":"ast-product-gallery-layout-horizontal-slider","12":"ast-product-gallery-with-no-image","13":"ast-product-single-variable","14":"ast-product-tabs-layout-horizontal","16":"first","17":"instock","18":"taxable","19":"shipping-taxable","20":"purchasable","21":"product-type-variable"},"bundled_by":[],"bundle_stock_status":"instock","bundle_stock_quantity":4933,"bundle_virtual":false,"bundle_layout":"","bundle_add_to_cart_form_location":"","bundle_editable_in_cart":false,"bundle_sold_individually_context":"","bundle_item_grouping":"","bundle_min_size":"","bundle_max_size":"","bundle_price":[],"bundled_items":[],"bundle_sell_ids":[],"yoast_head":"<!-- This site is optimized with the Yoast SEO plugin v27.3 - https:\/\/yoast.com\/product\/yoast-seo-wordpress\/ -->\n<title>ORANGE VINTAGE GLOSS | peinture guitare NitorLACK<\/title>\n<meta name=\"description\" content=\"| a\u00e9rosol de nitrocellulose et peinture guitare NitorLACK\" \/>\n<meta name=\"robots\" content=\"index, follow, max-snippet:-1, max-image-preview:large, max-video-preview:-1\" \/>\n<link rel=\"canonical\" href=\"https:\/\/nitorlack.com\/fr\/barniz\/custom-couleurs-pot\/translucid-fr\/candy-tangerine-copia\/\" \/>\n<meta property=\"og:locale\" content=\"fr_FR\" \/>\n<meta property=\"og:type\" content=\"article\" \/>\n<meta property=\"og:title\" content=\"ORANGE VINTAGE GLOSS | peinture guitare NitorLACK\" \/>\n<meta property=\"og:description\" content=\"| a\u00e9rosol de nitrocellulose et peinture guitare NitorLACK\" \/>\n<meta property=\"og:url\" content=\"https:\/\/nitorlack.com\/fr\/barniz\/custom-couleurs-pot\/translucid-fr\/candy-tangerine-copia\/\" \/>\n<meta property=\"og:site_name\" content=\"Nitorlack\" \/>\n<meta property=\"article:modified_time\" content=\"2026-03-05T15:08:29+00:00\" \/>\n<meta property=\"og:image\" content=\"https:\/\/nitorlack.com\/wp-content\/uploads\/2021\/03\/preview_2-01.jpg\" \/>\n\t<meta property=\"og:image:width\" content=\"700\" \/>\n\t<meta property=\"og:image:height\" content=\"866\" \/>\n\t<meta property=\"og:image:type\" content=\"image\/jpeg\" \/>\n<meta name=\"twitter:card\" content=\"summary_large_image\" \/>\n<meta name=\"twitter:label1\" content=\"Dur\u00e9e de lecture estim\u00e9e\" \/>\n\t<meta name=\"twitter:data1\" content=\"4 minutes\" \/>\n<script type=\"application\/ld+json\" class=\"yoast-schema-graph\">{\"@context\":\"https:\\\/\\\/schema.org\",\"@graph\":[{\"@type\":\"WebPage\",\"@id\":\"https:\\\/\\\/nitorlack.com\\\/fr\\\/barniz\\\/custom-couleurs-pot\\\/translucid-fr\\\/candy-tangerine-copia\\\/\",\"url\":\"https:\\\/\\\/nitorlack.com\\\/fr\\\/barniz\\\/custom-couleurs-pot\\\/translucid-fr\\\/candy-tangerine-copia\\\/\",\"name\":\"ORANGE VINTAGE GLOSS | peinture guitare NitorLACK\",\"isPartOf\":{\"@id\":\"https:\\\/\\\/nitorlack.com\\\/fr\\\/#website\"},\"primaryImageOfPage\":{\"@id\":\"https:\\\/\\\/nitorlack.com\\\/fr\\\/barniz\\\/custom-couleurs-pot\\\/translucid-fr\\\/candy-tangerine-copia\\\/#primaryimage\"},\"image\":{\"@id\":\"https:\\\/\\\/nitorlack.com\\\/fr\\\/barniz\\\/custom-couleurs-pot\\\/translucid-fr\\\/candy-tangerine-copia\\\/#primaryimage\"},\"thumbnailUrl\":\"https:\\\/\\\/nitorlack.com\\\/wp-content\\\/uploads\\\/2021\\\/03\\\/preview_2-01.jpg\",\"datePublished\":\"2021-03-15T13:41:52+00:00\",\"dateModified\":\"2026-03-05T15:08:29+00:00\",\"description\":\"| a\u00e9rosol de nitrocellulose et peinture guitare NitorLACK\",\"breadcrumb\":{\"@id\":\"https:\\\/\\\/nitorlack.com\\\/fr\\\/barniz\\\/custom-couleurs-pot\\\/translucid-fr\\\/candy-tangerine-copia\\\/#breadcrumb\"},\"inLanguage\":\"fr-FR\",\"potentialAction\":[{\"@type\":\"ReadAction\",\"target\":[\"https:\\\/\\\/nitorlack.com\\\/fr\\\/barniz\\\/custom-couleurs-pot\\\/translucid-fr\\\/candy-tangerine-copia\\\/\"]}]},{\"@type\":\"ImageObject\",\"inLanguage\":\"fr-FR\",\"@id\":\"https:\\\/\\\/nitorlack.com\\\/fr\\\/barniz\\\/custom-couleurs-pot\\\/translucid-fr\\\/candy-tangerine-copia\\\/#primaryimage\",\"url\":\"https:\\\/\\\/nitorlack.com\\\/wp-content\\\/uploads\\\/2021\\\/03\\\/preview_2-01.jpg\",\"contentUrl\":\"https:\\\/\\\/nitorlack.com\\\/wp-content\\\/uploads\\\/2021\\\/03\\\/preview_2-01.jpg\",\"width\":700,\"height\":866},{\"@type\":\"BreadcrumbList\",\"@id\":\"https:\\\/\\\/nitorlack.com\\\/fr\\\/barniz\\\/custom-couleurs-pot\\\/translucid-fr\\\/candy-tangerine-copia\\\/#breadcrumb\",\"itemListElement\":[{\"@type\":\"ListItem\",\"position\":1,\"name\":\"Page de Couverture\",\"item\":\"https:\\\/\\\/nitorlack.com\\\/fr\\\/\"},{\"@type\":\"ListItem\",\"position\":2,\"name\":\"Boutique\",\"item\":\"https:\\\/\\\/nitorlack.com\\\/fr\\\/boutique\\\/\"},{\"@type\":\"ListItem\",\"position\":3,\"name\":\"ORANGE VINTAGE GLOSS\"}]},{\"@type\":\"WebSite\",\"@id\":\"https:\\\/\\\/nitorlack.com\\\/fr\\\/#website\",\"url\":\"https:\\\/\\\/nitorlack.com\\\/fr\\\/\",\"name\":\"Nitorlack\",\"description\":\"Guitar Lacquers\",\"publisher\":{\"@id\":\"https:\\\/\\\/nitorlack.com\\\/fr\\\/#organization\"},\"potentialAction\":[{\"@type\":\"SearchAction\",\"target\":{\"@type\":\"EntryPoint\",\"urlTemplate\":\"https:\\\/\\\/nitorlack.com\\\/fr\\\/?s={search_term_string}\"},\"query-input\":{\"@type\":\"PropertyValueSpecification\",\"valueRequired\":true,\"valueName\":\"search_term_string\"}}],\"inLanguage\":\"fr-FR\"},{\"@type\":\"Organization\",\"@id\":\"https:\\\/\\\/nitorlack.com\\\/fr\\\/#organization\",\"name\":\"Nitorlack\",\"url\":\"https:\\\/\\\/nitorlack.com\\\/fr\\\/\",\"logo\":{\"@type\":\"ImageObject\",\"inLanguage\":\"fr-FR\",\"@id\":\"https:\\\/\\\/nitorlack.com\\\/fr\\\/#\\\/schema\\\/logo\\\/image\\\/\",\"url\":\"http:\\\/\\\/nitorlack.com\\\/wp-content\\\/uploads\\\/2016\\\/02\\\/cropped-galleta-negra-1.jpg\",\"contentUrl\":\"http:\\\/\\\/nitorlack.com\\\/wp-content\\\/uploads\\\/2016\\\/02\\\/cropped-galleta-negra-1.jpg\",\"width\":512,\"height\":512,\"caption\":\"Nitorlack\"},\"image\":{\"@id\":\"https:\\\/\\\/nitorlack.com\\\/fr\\\/#\\\/schema\\\/logo\\\/image\\\/\"}}]}<\/script>\n<!-- \/ Yoast SEO plugin. -->","yoast_head_json":{"title":"ORANGE VINTAGE GLOSS | peinture guitare NitorLACK","description":"| a\u00e9rosol de nitrocellulose et peinture guitare NitorLACK","robots":{"index":"index","follow":"follow","max-snippet":"max-snippet:-1","max-image-preview":"max-image-preview:large","max-video-preview":"max-video-preview:-1"},"canonical":"https:\/\/nitorlack.com\/fr\/barniz\/custom-couleurs-pot\/translucid-fr\/candy-tangerine-copia\/","og_locale":"fr_FR","og_type":"article","og_title":"ORANGE VINTAGE GLOSS | peinture guitare NitorLACK","og_description":"| a\u00e9rosol de nitrocellulose et peinture guitare NitorLACK","og_url":"https:\/\/nitorlack.com\/fr\/barniz\/custom-couleurs-pot\/translucid-fr\/candy-tangerine-copia\/","og_site_name":"Nitorlack","article_modified_time":"2026-03-05T15:08:29+00:00","og_image":[{"width":700,"height":866,"url":"https:\/\/nitorlack.com\/wp-content\/uploads\/2021\/03\/preview_2-01.jpg","type":"image\/jpeg"}],"twitter_card":"summary_large_image","twitter_misc":{"Dur\u00e9e de lecture estim\u00e9e":"4 minutes"},"schema":{"@context":"https:\/\/schema.org","@graph":[{"@type":"WebPage","@id":"https:\/\/nitorlack.com\/fr\/barniz\/custom-couleurs-pot\/translucid-fr\/candy-tangerine-copia\/","url":"https:\/\/nitorlack.com\/fr\/barniz\/custom-couleurs-pot\/translucid-fr\/candy-tangerine-copia\/","name":"ORANGE VINTAGE GLOSS | peinture guitare NitorLACK","isPartOf":{"@id":"https:\/\/nitorlack.com\/fr\/#website"},"primaryImageOfPage":{"@id":"https:\/\/nitorlack.com\/fr\/barniz\/custom-couleurs-pot\/translucid-fr\/candy-tangerine-copia\/#primaryimage"},"image":{"@id":"https:\/\/nitorlack.com\/fr\/barniz\/custom-couleurs-pot\/translucid-fr\/candy-tangerine-copia\/#primaryimage"},"thumbnailUrl":"https:\/\/nitorlack.com\/wp-content\/uploads\/2021\/03\/preview_2-01.jpg","datePublished":"2021-03-15T13:41:52+00:00","dateModified":"2026-03-05T15:08:29+00:00","description":"| a\u00e9rosol de nitrocellulose et peinture guitare NitorLACK","breadcrumb":{"@id":"https:\/\/nitorlack.com\/fr\/barniz\/custom-couleurs-pot\/translucid-fr\/candy-tangerine-copia\/#breadcrumb"},"inLanguage":"fr-FR","potentialAction":[{"@type":"ReadAction","target":["https:\/\/nitorlack.com\/fr\/barniz\/custom-couleurs-pot\/translucid-fr\/candy-tangerine-copia\/"]}]},{"@type":"ImageObject","inLanguage":"fr-FR","@id":"https:\/\/nitorlack.com\/fr\/barniz\/custom-couleurs-pot\/translucid-fr\/candy-tangerine-copia\/#primaryimage","url":"https:\/\/nitorlack.com\/wp-content\/uploads\/2021\/03\/preview_2-01.jpg","contentUrl":"https:\/\/nitorlack.com\/wp-content\/uploads\/2021\/03\/preview_2-01.jpg","width":700,"height":866},{"@type":"BreadcrumbList","@id":"https:\/\/nitorlack.com\/fr\/barniz\/custom-couleurs-pot\/translucid-fr\/candy-tangerine-copia\/#breadcrumb","itemListElement":[{"@type":"ListItem","position":1,"name":"Page de Couverture","item":"https:\/\/nitorlack.com\/fr\/"},{"@type":"ListItem","position":2,"name":"Boutique","item":"https:\/\/nitorlack.com\/fr\/boutique\/"},{"@type":"ListItem","position":3,"name":"ORANGE VINTAGE GLOSS"}]},{"@type":"WebSite","@id":"https:\/\/nitorlack.com\/fr\/#website","url":"https:\/\/nitorlack.com\/fr\/","name":"Nitorlack","description":"Guitar Lacquers","publisher":{"@id":"https:\/\/nitorlack.com\/fr\/#organization"},"potentialAction":[{"@type":"SearchAction","target":{"@type":"EntryPoint","urlTemplate":"https:\/\/nitorlack.com\/fr\/?s={search_term_string}"},"query-input":{"@type":"PropertyValueSpecification","valueRequired":true,"valueName":"search_term_string"}}],"inLanguage":"fr-FR"},{"@type":"Organization","@id":"https:\/\/nitorlack.com\/fr\/#organization","name":"Nitorlack","url":"https:\/\/nitorlack.com\/fr\/","logo":{"@type":"ImageObject","inLanguage":"fr-FR","@id":"https:\/\/nitorlack.com\/fr\/#\/schema\/logo\/image\/","url":"http:\/\/nitorlack.com\/wp-content\/uploads\/2016\/02\/cropped-galleta-negra-1.jpg","contentUrl":"http:\/\/nitorlack.com\/wp-content\/uploads\/2016\/02\/cropped-galleta-negra-1.jpg","width":512,"height":512,"caption":"Nitorlack"},"image":{"@id":"https:\/\/nitorlack.com\/fr\/#\/schema\/logo\/image\/"}}]}},"_links":{"self":[{"href":"https:\/\/nitorlack.com\/fr\/wp-json\/wp\/v2\/product\/46566","targetHints":{"allow":["GET"]}}],"collection":[{"href":"https:\/\/nitorlack.com\/fr\/wp-json\/wp\/v2\/product"}],"about":[{"href":"https:\/\/nitorlack.com\/fr\/wp-json\/wp\/v2\/types\/product"}],"replies":[{"embeddable":true,"href":"https:\/\/nitorlack.com\/fr\/wp-json\/wp\/v2\/comments?post=46566"}],"wp:featuredmedia":[{"embeddable":true,"href":"https:\/\/nitorlack.com\/fr\/wp-json\/wp\/v2\/media\/46579"}],"wp:attachment":[{"href":"https:\/\/nitorlack.com\/fr\/wp-json\/wp\/v2\/media?parent=46566"}],"wp:term":[{"taxonomy":"product_brand","embeddable":true,"href":"https:\/\/nitorlack.com\/fr\/wp-json\/wp\/v2\/product_brand?post=46566"},{"taxonomy":"product_cat","embeddable":true,"href":"https:\/\/nitorlack.com\/fr\/wp-json\/wp\/v2\/product_cat?post=46566"},{"taxonomy":"product_tag","embeddable":true,"href":"https:\/\/nitorlack.com\/fr\/wp-json\/wp\/v2\/product_tag?post=46566"}],"curies":[{"name":"wp","href":"https:\/\/api.w.org\/{rel}","templated":true}]}}