{"id":40182,"date":"2020-10-29T16:12:23","date_gmt":"2020-10-29T14:12:23","guid":{"rendered":"http:\/\/nitorlack.com\/barniz\/non%20class\u00e9\/amber-vintage-kit\/"},"modified":"2023-10-10T15:39:32","modified_gmt":"2023-10-10T13:39:32","slug":"amber-vintage-kit","status":"publish","type":"product","link":"https:\/\/nitorlack.com\/fr\/barniz\/kits-fr\/amber-vintage-kit\/","title":{"rendered":"AMBER VINTAGE KIT"},"content":{"rendered":"<h1 style=\"text-align: center;\">Kit complet pour le vernissage du manche de votre guitare<\/h1>\n<p>&nbsp;<\/p>\n<p><strong>1.- PR\u00c9PARATION DU SUPPORT<\/strong><\/p>\n<ul>\n<li>Poncer le bois avec du papier de verre \u00e0 grain P240 et P 400. Le bois doit \u00eatre exempt d&rsquo;imperfections et de taches.<\/li>\n<li>L&rsquo;objectif de cette premi\u00e8re \u00e9tape est d&rsquo;obtenir une surface parfaitement lisse sans d\u00e9faut ni rugosit\u00e9 pour proc\u00e9der \u00e0 l&rsquo;application des premi\u00e8res sous-couches.<\/li>\n<\/ul>\n<p><strong>2.- APPLICATION DU FONDS TRANSPARENT &#8211; NITORLACK PRIMER<\/strong><\/p>\n<ul>\n<li>Le fond est la couche de vernis qui constituera la base de la finition, offrant une surface uniforme. Nous choisirons le blanc pour les finitions solides ou transparent pour les finitions transparentes qui montrent le veinage du bois.<\/li>\n<li>Nous recommandons un minimum de 2 pulv\u00e9risations pour un bon processus d&rsquo;ancrage.<\/li>\n<li>Nous poncerons avec du grain P800 entre les couches. Un minimum de 3. Nous appliquerons le produit jusqu&rsquo;\u00e0 ce que nous constations qu&rsquo;il n&rsquo;y a pas d&rsquo;imperfections, qu&rsquo;il soit parfaitement de niveau et que le pore du bois soit compl\u00e8tement ferm\u00e9.<\/li>\n<\/ul>\n<p><strong>3.- APPLICATION COULEUR &#8211; AMBRE VINTAGE<\/strong><\/p>\n<ul>\n<li>Nous appliquons des couches de couleur en pon\u00e7ant entre elles avec du P800, ce qui laisse s\u00e9cher 24 heures entre les couches. Il est recommand\u00e9 d&rsquo;appliquer un minimum de 2 couches et jusqu&rsquo;\u00e0 ce que le ton souhait\u00e9 soit atteint.<\/li>\n<li>Faites particuli\u00e8rement attention lors du pon\u00e7age des premi\u00e8res couches de couleur pour \u00e9viter le pelage.<\/li>\n<\/ul>\n<p><strong>4.- FINI BRILLANT &#8211; LAQUE NITORLACK<\/strong><\/p>\n<ul>\n<li>Le processus d&rsquo;application de la finition est le m\u00eame que celui de l&rsquo;appr\u00eat. Nous appliquons les couches de finition en pon\u00e7ant entre elles avec du P800, en laissant s\u00e9cher 24 heures entre les couches. Il est recommand\u00e9 d&rsquo;appliquer un minimum de 3 couches.<\/li>\n<li>Une fois que nous voyons que la finition est parfaitement uniforme et que la guitare est finie \u00e0 notre go\u00fbt, il est important de ne pas Poncer la derni\u00e8re couche que nous avons appliqu\u00e9e et de la laisser s\u00e9cher pendant 2 \u00e0 3 semaines pour pouvoir polir et obtenir un maximum de brillance.<\/li>\n<\/ul>\n<p><strong>5.- POLI<\/strong><\/p>\n<ul>\n<li>Poncer \u00e0 l&rsquo;eau progressivement avec du papier de verre 1200-1500-2000 jusqu&rsquo;\u00e0 ce que toutes les imperfections de l&rsquo;application disparaissent.<\/li>\n<li>Essayez de poncer en ligne droite sans appliquer trop de pression pour ne pas faire de marques profondes qui avec le vernis seront difficiles \u00e0 enlever. Il est conseill\u00e9 d&rsquo;appliquer quelques gouttes de savon sur l&rsquo;eau pour faciliter le pon\u00e7age.<\/li>\n<li>Appliquez quelques gouttes de vernis sur la surface de la guitare et sur le tampon de polissage.<\/li>\n<li>Il est recommand\u00e9 de polir plus de 1500 \u00e0 2000 tr \/ min sans appliquer de pression pour \u00e9viter de surchauffer la finition. V\u00e9rifiez r\u00e9guli\u00e8rement le chauffage pendant le polissage.<br \/>\nEffectuer un premier polissage avec MIRKA POLARSHINE 10 et l&rsquo;\u00e9ponge BIANCA. Nous devons d\u00e9j\u00e0 obtenir une finition miroir.<\/li>\n<li>Terminer le polissage avec MIRKA POLARSHINE 5 et l&rsquo;\u00e9ponge NOIRE. Avec ce dernier processus, nous obtiendrons une brillance suppl\u00e9mentaire.<br \/>\nEssuyez les r\u00e9sidus de vernis avec un chiffon et la guitare sera termin\u00e9e<\/li>\n<\/ul>\n<p><strong>RECOMMANDATIONS G\u00c9N\u00c9RALES<\/strong><\/p>\n<ul>\n<li>Agitez vigoureusement les sprays pendant 3 \u00e0 5 minutes avant l&rsquo;application.<\/li>\n<li>Appliquer sur une surface t\u00e9moin avant de le faire sur la guitare.<br \/>\nUne finition avec Nitorlack, selon diff\u00e9rents facteurs, devrait avoir un total de 6 \u00e0 10 couches au total, en comptant le fond &#8211; la couleur &#8211; la finition, avec un minimum de 3-4 couches de finition brillante.<\/li>\n<li>Cela donnera une \u00e9paisseur approximative de 150 microns (0,15 mm) en fonction de la quantit\u00e9 de pon\u00e7age, de la quantit\u00e9 de laque appliqu\u00e9e sur chaque couche et de l&rsquo;\u00e9paisseur de finition souhait\u00e9e.<\/li>\n<li>Si un instrument n&rsquo;a pas \u00e9t\u00e9 fini auparavant, il est conseill\u00e9 d&rsquo;appliquer environ 9 \u00e0 12 couches, \u00e9vitant ainsi de poncer ou de polir excessivement la finition, laissant les pi\u00e8ces avec du bois \u00abnu\u00bb. Au fur et \u00e0 mesure que l&rsquo;exp\u00e9rience acquise avec le produit et la m\u00e9thode de finition, moins de couches seront n\u00e9cessaires et des finitions plus fines peuvent \u00eatre obtenues.<\/li>\n<li>Si lors de l&rsquo;application il arrive que vous ayez accidentellement un \u00ab\u00a0affaissement\u00a0\u00bb ou un \u00ab\u00a0goutte-\u00e0-goutte\u00a0\u00bb, il faut laisser la finition s\u00e9cher pendant 24 heures et niveler en pon\u00e7ant avec du papier de verre P400, de pr\u00e9f\u00e9rence sur un bloc de mat\u00e9riau dur. Vous pouvez \u00e9galement \u00ab\u00a0couper\u00a0\u00bb l&rsquo;\u00e9gouttement avec une lame de rasoir, m\u00e9thode plus rapide et permettant d&rsquo;\u00e9viter les accidents pouvant entra\u00eener un pon\u00e7age excessif.<\/li>\n<li>Pour vous familiariser avec le processus, il est pratique de faire des tests sur des d\u00e9chets de bois, afin d&rsquo;\u00e9valuer par vous-m\u00eame les caract\u00e9ristiques du processus de finition d&rsquo;une guitare avec des guitares \u00abNitorlack\u00bb.<\/li>\n<li>Il est \u00e9galement conseill\u00e9 d&rsquo;utiliser une surface \u00abt\u00e9moin\u00bb sur laquelle appliquer les couches de laque en m\u00eame temps que sur la pi\u00e8ce \u00e0 finir. Un morceau de papier coll\u00e9 sur un support rigide (bois, carton \u00e9pais) est une suggestion. Ainsi, en mesurant d&rsquo;abord l&rsquo;\u00e9paisseur du papier avec un pied \u00e0 coulisse puis en mesurant l&rsquo;\u00e9paisseur r\u00e9sultante des couches successives une fois s\u00e8ches, vous aurez une id\u00e9e assez pr\u00e9cise de l&rsquo;\u00e9paisseur de la couche qui est appliqu\u00e9e et pourrez ainsi avoir une id\u00e9e plus pr\u00e9cise de l&rsquo;\u00e9paisseur. de la m\u00eame. Une \u00e9paisseur de 150 \u00e0 180 microns (0,15 \u00e0 0,18 mm) garantit une finition fine, qui respecte les vibrations de l&rsquo;instrument, tout en le prot\u00e9geant, en \u00e9vitant une sur\u00e9paisseur<\/li>\n<li>Appliquez toujours des couches minces. Laisser s\u00e9cher 24 heures et poncer entre les couches. Appliquer en mains crois\u00e9es pour bien r\u00e9partir le produit. Appliquer \u00e0 une distance d&rsquo;environ 15 \u00e0 20 cm.<\/li>\n<\/ul>\n<p><strong>RECOMMANDATIONS DE S\u00c9CURIT\u00c9<\/strong><\/p>\n<ul>\n<li>Appliquer dans des endroits ventil\u00e9s ou avec extraction. Porter des gants de protection, des v\u00eatements, des lunettes et un masque. Bien se laver apr\u00e8s manipulation. En cas de contact avec les yeux: rincer soigneusement \u00e0 l&rsquo;eau pendant plusieurs minutes.<\/li>\n<li>Retirez les lentilles de contact lorsqu&rsquo;elles sont pr\u00e9sentes et cela peut \u00eatre fait facilement. Continuez avec le lavage. Liquide et vapeurs hautement inflammables.<\/li>\n<li>Provoque une irritation cutan\u00e9e. Provoque des l\u00e9sions oculaires graves. Peut causer de la somnolence ou des vertiges<\/li>\n<\/ul>\n","protected":false},"excerpt":{"rendered":"<p>Peignez votre cou facilement avec notre KIT VINTAGE NITROCELLULOSE AMBER SPRAY. Nous recommandons les produits et les quantit\u00e9s n\u00e9cessaires. Obtenez ce ton jaun\u00e2tre vintage des cous vintage. \u00c0 la fin du produit, vous avez un tutoriel complet sur la fa\u00e7on de peindre.<\/p>\n","protected":false},"featured_media":27483,"comment_status":"open","ping_status":"closed","template":"","meta":{"om_disable_all_campaigns":false,"site-sidebar-layout":"default","site-content-layout":"","ast-site-content-layout":"default","site-content-style":"default","site-sidebar-style":"default","ast-global-header-display":"","ast-banner-title-visibility":"","ast-main-header-display":"","ast-hfb-above-header-display":"","ast-hfb-below-header-display":"","ast-hfb-mobile-header-display":"","site-post-title":"","ast-breadcrumbs-content":"","ast-featured-img":"","footer-sml-layout":"","ast-disable-related-posts":"","theme-transparent-header-meta":"default","adv-header-id-meta":"","stick-header-meta":"default","header-above-stick-meta":"","header-main-stick-meta":"","header-below-stick-meta":"","astra-migrate-meta-layouts":"default","ast-page-background-enabled":"default","ast-page-background-meta":{"desktop":{"background-color":"var(--ast-global-color-4)","background-image":"","background-repeat":"repeat","background-position":"center center","background-size":"auto","background-attachment":"scroll","background-type":"","background-media":"","overlay-type":"","overlay-color":"","overlay-opacity":"","overlay-gradient":""},"tablet":{"background-color":"","background-image":"","background-repeat":"repeat","background-position":"center center","background-size":"auto","background-attachment":"scroll","background-type":"","background-media":"","overlay-type":"","overlay-color":"","overlay-opacity":"","overlay-gradient":""},"mobile":{"background-color":"","background-image":"","background-repeat":"repeat","background-position":"center center","background-size":"auto","background-attachment":"scroll","background-type":"","background-media":"","overlay-type":"","overlay-color":"","overlay-opacity":"","overlay-gradient":""}},"ast-content-background-meta":{"desktop":{"background-color":"var(--ast-global-color-5)","background-image":"","background-repeat":"repeat","background-position":"center center","background-size":"auto","background-attachment":"scroll","background-type":"","background-media":"","overlay-type":"","overlay-color":"","overlay-opacity":"","overlay-gradient":""},"tablet":{"background-color":"var(--ast-global-color-5)","background-image":"","background-repeat":"repeat","background-position":"center center","background-size":"auto","background-attachment":"scroll","background-type":"","background-media":"","overlay-type":"","overlay-color":"","overlay-opacity":"","overlay-gradient":""},"mobile":{"background-color":"var(--ast-global-color-5)","background-image":"","background-repeat":"repeat","background-position":"center center","background-size":"auto","background-attachment":"scroll","background-type":"","background-media":"","overlay-type":"","overlay-color":"","overlay-opacity":"","overlay-gradient":""}}},"product_brand":[],"product_cat":[7552],"product_tag":[],"class_list":{"0":"post-40182","1":"product","2":"type-product","3":"status-publish","4":"has-post-thumbnail","6":"product_cat-kits-fr","7":"desktop-align-center","8":"tablet-align-center","9":"mobile-align-center","10":"ast-product-gallery-layout-horizontal-slider","11":"ast-product-gallery-with-no-image","12":"ast-product-tabs-layout-horizontal","14":"first","15":"instock","16":"virtual","17":"taxable","18":"purchasable","19":"product-type-bundle"},"bundled_by":[],"bundle_stock_status":"instock","bundle_stock_quantity":"","bundle_virtual":false,"bundle_layout":"default","bundle_add_to_cart_form_location":"default","bundle_editable_in_cart":false,"bundle_sold_individually_context":"product","bundle_item_grouping":"parent","bundle_min_size":"","bundle_max_size":"","bundle_price":{"price":{"min":{"incl_tax":"50.86","excl_tax":"50.86"},"max":{"incl_tax":"237.32","excl_tax":"237.32"}},"regular_price":{"min":{"incl_tax":"50.86","excl_tax":"50.86"},"max":{"incl_tax":"237.32","excl_tax":"237.32"}}},"bundled_items":[{"bundled_item_id":123,"product_id":40173,"menu_order":0,"quantity_min":1,"quantity_max":1,"quantity_default":1,"priced_individually":true,"shipped_individually":false,"override_title":true,"title":"NitorLACK PRIMER Clear Spray ","override_description":true,"description":"Le processus d'application de l'appr\u00eat est tr\u00e8s important pour une bonne pr\u00e9paration du bois. Fond de nitrocellulose transparent.1 x Spray 400 ml de nitrocellulose","optional":false,"hide_thumbnail":true,"discount":"","override_variations":false,"allowed_variations":[""],"override_default_variation_attributes":false,"default_variation_attributes":[],"single_product_visibility":"visible","cart_visibility":"visible","order_visibility":"visible","single_product_price_visibility":"visible","cart_price_visibility":"visible","order_price_visibility":"visible","stock_status":"in_stock"},{"bundled_item_id":124,"product_id":40176,"menu_order":1,"quantity_min":1,"quantity_max":1,"quantity_default":1,"priced_individually":true,"shipped_individually":false,"override_title":true,"title":"NitorLACK AMBER Vintage Spray","override_description":true,"description":"Couleur ambre vintage nitrocellulosique. Spray nitrocellulosique avec ton jaune vintage. Appliquez des couches jusqu'\u00e0 l'obtention de la teinte souhait\u00e9e.1 x Spray 400 ml de nitrocellulose","optional":false,"hide_thumbnail":true,"discount":"","override_variations":false,"allowed_variations":[""],"override_default_variation_attributes":false,"default_variation_attributes":[],"single_product_visibility":"visible","cart_visibility":"visible","order_visibility":"visible","single_product_price_visibility":"visible","cart_price_visibility":"visible","order_price_visibility":"visible","stock_status":"in_stock"},{"bundled_item_id":269,"product_id":40318,"menu_order":2,"quantity_min":1,"quantity_max":9,"quantity_default":1,"priced_individually":true,"shipped_individually":false,"override_title":true,"title":"SPRAY FINITION NITRO","override_description":true,"description":"SPRAY FINITION NITRO","optional":false,"hide_thumbnail":true,"discount":"","override_variations":true,"allowed_variations":[76650,76645,40319,40320],"override_default_variation_attributes":false,"default_variation_attributes":[],"single_product_visibility":"visible","cart_visibility":"visible","order_visibility":"visible","single_product_price_visibility":"visible","cart_price_visibility":"visible","order_price_visibility":"hidden","stock_status":"in_stock"}],"bundle_sell_ids":[],"yoast_head":"<!-- This site is optimized with the Yoast SEO plugin v27.3 - https:\/\/yoast.com\/product\/yoast-seo-wordpress\/ -->\n<title>AMBER VINTAGE KIT | NitorLACK<\/title>\n<meta name=\"description\" content=\"Tout ce dont vous avez besoin pour vernir le manche de votre guitare. Contactez notre support personnalis\u00e9\" \/>\n<meta name=\"robots\" content=\"index, follow, max-snippet:-1, max-image-preview:large, max-video-preview:-1\" \/>\n<link rel=\"canonical\" href=\"https:\/\/nitorlack.com\/fr\/barniz\/kits-fr\/amber-vintage-kit\/\" \/>\n<meta property=\"og:locale\" content=\"fr_FR\" \/>\n<meta property=\"og:type\" content=\"article\" \/>\n<meta property=\"og:title\" content=\"AMBER VINTAGE KIT | NitorLACK\" \/>\n<meta property=\"og:description\" content=\"Tout ce dont vous avez besoin pour vernir le manche de votre guitare. Contactez notre support personnalis\u00e9\" \/>\n<meta property=\"og:url\" content=\"https:\/\/nitorlack.com\/fr\/barniz\/kits-fr\/amber-vintage-kit\/\" \/>\n<meta property=\"og:site_name\" content=\"Nitorlack\" \/>\n<meta property=\"article:modified_time\" content=\"2023-10-10T13:39:32+00:00\" \/>\n<meta property=\"og:image\" content=\"https:\/\/nitorlack.com\/wp-content\/uploads\/2016\/03\/palo-brillo-27.jpg\" \/>\n\t<meta property=\"og:image:width\" content=\"900\" \/>\n\t<meta property=\"og:image:height\" content=\"1200\" \/>\n\t<meta property=\"og:image:type\" content=\"image\/jpeg\" \/>\n<meta name=\"twitter:card\" content=\"summary_large_image\" \/>\n<meta name=\"twitter:label1\" content=\"Dur\u00e9e de lecture estim\u00e9e\" \/>\n\t<meta name=\"twitter:data1\" content=\"5 minutes\" \/>\n<script type=\"application\/ld+json\" class=\"yoast-schema-graph\">{\"@context\":\"https:\\\/\\\/schema.org\",\"@graph\":[{\"@type\":\"WebPage\",\"@id\":\"https:\\\/\\\/nitorlack.com\\\/fr\\\/barniz\\\/kits-fr\\\/amber-vintage-kit\\\/\",\"url\":\"https:\\\/\\\/nitorlack.com\\\/fr\\\/barniz\\\/kits-fr\\\/amber-vintage-kit\\\/\",\"name\":\"AMBER VINTAGE KIT | NitorLACK\",\"isPartOf\":{\"@id\":\"https:\\\/\\\/nitorlack.com\\\/fr\\\/#website\"},\"primaryImageOfPage\":{\"@id\":\"https:\\\/\\\/nitorlack.com\\\/fr\\\/barniz\\\/kits-fr\\\/amber-vintage-kit\\\/#primaryimage\"},\"image\":{\"@id\":\"https:\\\/\\\/nitorlack.com\\\/fr\\\/barniz\\\/kits-fr\\\/amber-vintage-kit\\\/#primaryimage\"},\"thumbnailUrl\":\"https:\\\/\\\/nitorlack.com\\\/wp-content\\\/uploads\\\/2016\\\/03\\\/palo-brillo-27.jpg\",\"datePublished\":\"2020-10-29T14:12:23+00:00\",\"dateModified\":\"2023-10-10T13:39:32+00:00\",\"description\":\"Tout ce dont vous avez besoin pour vernir le manche de votre guitare. Contactez notre support personnalis\u00e9\",\"breadcrumb\":{\"@id\":\"https:\\\/\\\/nitorlack.com\\\/fr\\\/barniz\\\/kits-fr\\\/amber-vintage-kit\\\/#breadcrumb\"},\"inLanguage\":\"fr-FR\",\"potentialAction\":[{\"@type\":\"ReadAction\",\"target\":[\"https:\\\/\\\/nitorlack.com\\\/fr\\\/barniz\\\/kits-fr\\\/amber-vintage-kit\\\/\"]}]},{\"@type\":\"ImageObject\",\"inLanguage\":\"fr-FR\",\"@id\":\"https:\\\/\\\/nitorlack.com\\\/fr\\\/barniz\\\/kits-fr\\\/amber-vintage-kit\\\/#primaryimage\",\"url\":\"https:\\\/\\\/nitorlack.com\\\/wp-content\\\/uploads\\\/2016\\\/03\\\/palo-brillo-27.jpg\",\"contentUrl\":\"https:\\\/\\\/nitorlack.com\\\/wp-content\\\/uploads\\\/2016\\\/03\\\/palo-brillo-27.jpg\",\"width\":900,\"height\":1200,\"caption\":\"amber vintage kit\"},{\"@type\":\"BreadcrumbList\",\"@id\":\"https:\\\/\\\/nitorlack.com\\\/fr\\\/barniz\\\/kits-fr\\\/amber-vintage-kit\\\/#breadcrumb\",\"itemListElement\":[{\"@type\":\"ListItem\",\"position\":1,\"name\":\"Page de Couverture\",\"item\":\"https:\\\/\\\/nitorlack.com\\\/fr\\\/\"},{\"@type\":\"ListItem\",\"position\":2,\"name\":\"Boutique\",\"item\":\"https:\\\/\\\/nitorlack.com\\\/fr\\\/boutique\\\/\"},{\"@type\":\"ListItem\",\"position\":3,\"name\":\"AMBER VINTAGE KIT\"}]},{\"@type\":\"WebSite\",\"@id\":\"https:\\\/\\\/nitorlack.com\\\/fr\\\/#website\",\"url\":\"https:\\\/\\\/nitorlack.com\\\/fr\\\/\",\"name\":\"Nitorlack\",\"description\":\"Guitar Lacquers\",\"publisher\":{\"@id\":\"https:\\\/\\\/nitorlack.com\\\/fr\\\/#organization\"},\"potentialAction\":[{\"@type\":\"SearchAction\",\"target\":{\"@type\":\"EntryPoint\",\"urlTemplate\":\"https:\\\/\\\/nitorlack.com\\\/fr\\\/?s={search_term_string}\"},\"query-input\":{\"@type\":\"PropertyValueSpecification\",\"valueRequired\":true,\"valueName\":\"search_term_string\"}}],\"inLanguage\":\"fr-FR\"},{\"@type\":\"Organization\",\"@id\":\"https:\\\/\\\/nitorlack.com\\\/fr\\\/#organization\",\"name\":\"Nitorlack\",\"url\":\"https:\\\/\\\/nitorlack.com\\\/fr\\\/\",\"logo\":{\"@type\":\"ImageObject\",\"inLanguage\":\"fr-FR\",\"@id\":\"https:\\\/\\\/nitorlack.com\\\/fr\\\/#\\\/schema\\\/logo\\\/image\\\/\",\"url\":\"http:\\\/\\\/nitorlack.com\\\/wp-content\\\/uploads\\\/2016\\\/02\\\/cropped-galleta-negra-1.jpg\",\"contentUrl\":\"http:\\\/\\\/nitorlack.com\\\/wp-content\\\/uploads\\\/2016\\\/02\\\/cropped-galleta-negra-1.jpg\",\"width\":512,\"height\":512,\"caption\":\"Nitorlack\"},\"image\":{\"@id\":\"https:\\\/\\\/nitorlack.com\\\/fr\\\/#\\\/schema\\\/logo\\\/image\\\/\"}}]}<\/script>\n<!-- \/ Yoast SEO plugin. -->","yoast_head_json":{"title":"AMBER VINTAGE KIT | NitorLACK","description":"Tout ce dont vous avez besoin pour vernir le manche de votre guitare. Contactez notre support personnalis\u00e9","robots":{"index":"index","follow":"follow","max-snippet":"max-snippet:-1","max-image-preview":"max-image-preview:large","max-video-preview":"max-video-preview:-1"},"canonical":"https:\/\/nitorlack.com\/fr\/barniz\/kits-fr\/amber-vintage-kit\/","og_locale":"fr_FR","og_type":"article","og_title":"AMBER VINTAGE KIT | NitorLACK","og_description":"Tout ce dont vous avez besoin pour vernir le manche de votre guitare. Contactez notre support personnalis\u00e9","og_url":"https:\/\/nitorlack.com\/fr\/barniz\/kits-fr\/amber-vintage-kit\/","og_site_name":"Nitorlack","article_modified_time":"2023-10-10T13:39:32+00:00","og_image":[{"width":900,"height":1200,"url":"https:\/\/nitorlack.com\/wp-content\/uploads\/2016\/03\/palo-brillo-27.jpg","type":"image\/jpeg"}],"twitter_card":"summary_large_image","twitter_misc":{"Dur\u00e9e de lecture estim\u00e9e":"5 minutes"},"schema":{"@context":"https:\/\/schema.org","@graph":[{"@type":"WebPage","@id":"https:\/\/nitorlack.com\/fr\/barniz\/kits-fr\/amber-vintage-kit\/","url":"https:\/\/nitorlack.com\/fr\/barniz\/kits-fr\/amber-vintage-kit\/","name":"AMBER VINTAGE KIT | NitorLACK","isPartOf":{"@id":"https:\/\/nitorlack.com\/fr\/#website"},"primaryImageOfPage":{"@id":"https:\/\/nitorlack.com\/fr\/barniz\/kits-fr\/amber-vintage-kit\/#primaryimage"},"image":{"@id":"https:\/\/nitorlack.com\/fr\/barniz\/kits-fr\/amber-vintage-kit\/#primaryimage"},"thumbnailUrl":"https:\/\/nitorlack.com\/wp-content\/uploads\/2016\/03\/palo-brillo-27.jpg","datePublished":"2020-10-29T14:12:23+00:00","dateModified":"2023-10-10T13:39:32+00:00","description":"Tout ce dont vous avez besoin pour vernir le manche de votre guitare. Contactez notre support personnalis\u00e9","breadcrumb":{"@id":"https:\/\/nitorlack.com\/fr\/barniz\/kits-fr\/amber-vintage-kit\/#breadcrumb"},"inLanguage":"fr-FR","potentialAction":[{"@type":"ReadAction","target":["https:\/\/nitorlack.com\/fr\/barniz\/kits-fr\/amber-vintage-kit\/"]}]},{"@type":"ImageObject","inLanguage":"fr-FR","@id":"https:\/\/nitorlack.com\/fr\/barniz\/kits-fr\/amber-vintage-kit\/#primaryimage","url":"https:\/\/nitorlack.com\/wp-content\/uploads\/2016\/03\/palo-brillo-27.jpg","contentUrl":"https:\/\/nitorlack.com\/wp-content\/uploads\/2016\/03\/palo-brillo-27.jpg","width":900,"height":1200,"caption":"amber vintage kit"},{"@type":"BreadcrumbList","@id":"https:\/\/nitorlack.com\/fr\/barniz\/kits-fr\/amber-vintage-kit\/#breadcrumb","itemListElement":[{"@type":"ListItem","position":1,"name":"Page de Couverture","item":"https:\/\/nitorlack.com\/fr\/"},{"@type":"ListItem","position":2,"name":"Boutique","item":"https:\/\/nitorlack.com\/fr\/boutique\/"},{"@type":"ListItem","position":3,"name":"AMBER VINTAGE KIT"}]},{"@type":"WebSite","@id":"https:\/\/nitorlack.com\/fr\/#website","url":"https:\/\/nitorlack.com\/fr\/","name":"Nitorlack","description":"Guitar Lacquers","publisher":{"@id":"https:\/\/nitorlack.com\/fr\/#organization"},"potentialAction":[{"@type":"SearchAction","target":{"@type":"EntryPoint","urlTemplate":"https:\/\/nitorlack.com\/fr\/?s={search_term_string}"},"query-input":{"@type":"PropertyValueSpecification","valueRequired":true,"valueName":"search_term_string"}}],"inLanguage":"fr-FR"},{"@type":"Organization","@id":"https:\/\/nitorlack.com\/fr\/#organization","name":"Nitorlack","url":"https:\/\/nitorlack.com\/fr\/","logo":{"@type":"ImageObject","inLanguage":"fr-FR","@id":"https:\/\/nitorlack.com\/fr\/#\/schema\/logo\/image\/","url":"http:\/\/nitorlack.com\/wp-content\/uploads\/2016\/02\/cropped-galleta-negra-1.jpg","contentUrl":"http:\/\/nitorlack.com\/wp-content\/uploads\/2016\/02\/cropped-galleta-negra-1.jpg","width":512,"height":512,"caption":"Nitorlack"},"image":{"@id":"https:\/\/nitorlack.com\/fr\/#\/schema\/logo\/image\/"}}]}},"_links":{"self":[{"href":"https:\/\/nitorlack.com\/fr\/wp-json\/wp\/v2\/product\/40182","targetHints":{"allow":["GET"]}}],"collection":[{"href":"https:\/\/nitorlack.com\/fr\/wp-json\/wp\/v2\/product"}],"about":[{"href":"https:\/\/nitorlack.com\/fr\/wp-json\/wp\/v2\/types\/product"}],"replies":[{"embeddable":true,"href":"https:\/\/nitorlack.com\/fr\/wp-json\/wp\/v2\/comments?post=40182"}],"wp:featuredmedia":[{"embeddable":true,"href":"https:\/\/nitorlack.com\/fr\/wp-json\/wp\/v2\/media\/27483"}],"wp:attachment":[{"href":"https:\/\/nitorlack.com\/fr\/wp-json\/wp\/v2\/media?parent=40182"}],"wp:term":[{"taxonomy":"product_brand","embeddable":true,"href":"https:\/\/nitorlack.com\/fr\/wp-json\/wp\/v2\/product_brand?post=40182"},{"taxonomy":"product_cat","embeddable":true,"href":"https:\/\/nitorlack.com\/fr\/wp-json\/wp\/v2\/product_cat?post=40182"},{"taxonomy":"product_tag","embeddable":true,"href":"https:\/\/nitorlack.com\/fr\/wp-json\/wp\/v2\/product_tag?post=40182"}],"curies":[{"name":"wp","href":"https:\/\/api.w.org\/{rel}","templated":true}]}}