{"id":40028,"date":"2020-10-27T15:11:03","date_gmt":"2020-10-27T13:11:03","guid":{"rendered":"http:\/\/nitorlack.com\/barniz\/non%20class\u00e9\/changement-de-couleur-de-guitare\/"},"modified":"2026-03-08T21:51:51","modified_gmt":"2026-03-08T19:51:51","slug":"changement-de-couleur-de-guitare","status":"publish","type":"product","link":"https:\/\/nitorlack.com\/fr\/barniz\/kits-fr\/changement-de-couleur-de-guitare\/","title":{"rendered":"CHANGEMENT DE COULEUR DE GUITARE"},"content":{"rendered":"<div class=\"wpb-content-wrapper\"><p>[vc_row][vc_column][vc_video link=\u00a0\u00bbhttps:\/\/youtu.be\/Jmxhn1rO03A?si=nc0QNKfcf2njLQLi\u00a0\u00bb el_width=\u00a0\u00bb70&Prime; align=\u00a0\u00bbcenter\u00a0\u00bb css=\u00a0\u00bb\u00a0\u00bb][vc_column_text]<\/p>\n<h2>Kit complet pour changer la couleur de votre guitare<\/h2>\n<h3>1- PR\u00c9PARATION DU SUPPORT<\/h3>\n<ul>\n<li>Poncez le bois avec du papier de verre grain P800 jusqu&rsquo;\u00e0 ce que l&rsquo;ancienne finition de la guitare soit compl\u00e8tement emm\u00eal\u00e9e afin de donner \u00e0 la peinture une bonne adh\u00e9rence.<\/li>\n<li>Si la guitare a un coup pr\u00e9c\u00e9dent, il serait n\u00e9cessaire de poncer jusqu&rsquo;\u00e0 ce que la surface soit uniforme, vous pouvez utiliser du papier de verre plus \u00e9pais mais toujours finir avec du P800.<\/li>\n<\/ul>\n<h3>2- APPLICATION DE COULEUR (1 ou 2 pulv\u00e9risations)<\/h3>\n<ul>\n<li>Nous appliquons des couches de couleur en pon\u00e7ant entre elles avec du P800, ce qui laisse s\u00e9cher 24 heures entre les couches. Il est recommand\u00e9 d&rsquo;appliquer un minimum de 2 couches et jusqu&rsquo;\u00e0 ce qu&rsquo;une finition uniforme soit obtenue.<\/li>\n<li>Faites particuli\u00e8rement attention lors du pon\u00e7age des premi\u00e8res couches de couleur pour \u00e9viter le pelage.<\/li>\n<li>Avec un spray, il y en a assez pour donner 2 \u00e0 3 couches de couleur \u00e0 un corps. S&rsquo;il est pr\u00e9alablement peint et bien ponc\u00e9, 1 suffit. Si vous voulez vous assurer que vous pouvez acheter 2 vaporisateurs.<\/li>\n<\/ul>\n<h3>3- FINI BRILLANT OU MAT &#8211; LAQUE NITORLACK (1 ou 2 pulv\u00e9risations)<\/h3>\n<ul>\n<li>Le processus d&rsquo;application de la finition est le m\u00eame que celui de l&rsquo;appr\u00eat. Nous appliquons les couches de finition en pon\u00e7ant entre elles avec du P800, en laissant s\u00e9cher 24 heures entre les couches. Il est recommand\u00e9 d&rsquo;appliquer un minimum de 3-4 couches.<\/li>\n<li>Dans le cas d&rsquo;une finition BRILLANTE, une fois que l&rsquo;on voit que la finition est compl\u00e8tement uniforme et que la guitare est finie \u00e0 notre go\u00fbt, il est important de NE PAS PONTER la derni\u00e8re couche que nous avons appliqu\u00e9e et de la laisser s\u00e9cher pendant 2 \u00e0 3 semaines pour pouvoir polir et atteindre le maximum luminosit\u00e9.<\/li>\n<li>Dans le cas d&rsquo;une finition MAT, la derni\u00e8re couche sera la finition finale, elle ne peut \u00eatre ni ponc\u00e9e ni polie. Laissez s\u00e9cher seulement 48 \u00e0 72 heures.<br \/>\nAvec un spray, il y en a assez pour donner 2 \u00e0 3 couches de finition \u00e0 un corps. Si vous voulez vous assurer que vous pouvez acheter 2 vaporisateurs.<\/li>\n<\/ul>\n<h3>4- POLISSAGE<\/h3>\n<ul>\n<li>Poncer \u00e0 l&rsquo;eau progressivement avec du papier de verre 1200-1500-2000 jusqu&rsquo;\u00e0 ce que toutes les imperfections de l&rsquo;application disparaissent.<\/li>\n<li>Essayez de poncer en ligne droite sans appliquer trop de pression pour ne pas faire de marques profondes qui avec le vernis seront difficiles \u00e0 enlever. Il est conseill\u00e9 d&rsquo;appliquer quelques gouttes de savon sur l&rsquo;eau pour faciliter le pon\u00e7age.<\/li>\n<li>Appliquez quelques gouttes de vernis sur la surface de la guitare et sur le tampon de polissage.<\/li>\n<li>Il est recommand\u00e9 de polir plus de 1500 \u00e0 2000 tr \/ min sans appliquer de pression pour \u00e9viter de surchauffer la finition. V\u00e9rifiez r\u00e9guli\u00e8rement le chauffage pendant le polissage.<br \/>\nEffectuer un premier polissage avec MIRKA POLARSHINE 10 et l&rsquo;\u00e9ponge BLANC. Nous devons d\u00e9j\u00e0 obtenir une finition miroir.<\/li>\n<li>Terminer le polissage avec MIRKA POLARSHINE 5 et l&rsquo;\u00e9ponge NOIRE. Avec ce dernier processus, nous obtiendrons une brillance suppl\u00e9mentaire.<br \/>\nEssuyez les r\u00e9sidus de vernis avec un chiffon et la guitare est termin\u00e9e.<\/li>\n<\/ul>\n<h3>RECOMMANDATIONS G\u00c9N\u00c9RALES<\/h3>\n<ul>\n<li>Agitez vigoureusement les sprays pendant 3 \u00e0 5 minutes avant l&rsquo;application. &#8211;<\/li>\n<li>Appliquer sur une surface t\u00e9moin avant de le faire sur la guitare.<br \/>\nUne finition avec Nitorlack, selon diff\u00e9rents facteurs, devrait avoir un total de 6 \u00e0 10 couches au total, en comptant le fond &#8211; la couleur &#8211; la finition, avec un minimum de 3-4 couches de finition brillante. Cela donnera une \u00e9paisseur approximative de 150 microns (0,15 mm) en fonction de la quantit\u00e9 de pon\u00e7age, de la quantit\u00e9 de laque appliqu\u00e9e sur chaque couche et de l&rsquo;\u00e9paisseur de finition souhait\u00e9e.<\/li>\n<li>Si un instrument n&rsquo;a pas \u00e9t\u00e9 fini auparavant, il est conseill\u00e9 d&rsquo;appliquer environ 9 \u00e0 12 couches, \u00e9vitant ainsi de poncer ou de polir excessivement la finition, laissant les pi\u00e8ces avec du bois \u00abnu\u00bb. Au fur et \u00e0 mesure que l&rsquo;exp\u00e9rience acquise avec le produit et la m\u00e9thode de finition, moins de couches seront n\u00e9cessaires et des finitions plus fines peuvent \u00eatre obtenues.<br \/>\nSi lors de l&rsquo;application il arrive que vous ayez accidentellement un \u00ab\u00a0affaissement\u00a0\u00bb ou un \u00ab\u00a0goutte-\u00e0-goutte\u00a0\u00bb, il faut laisser la finition s\u00e9cher pendant 24 heures et niveler en pon\u00e7ant avec du papier de verre P400, de pr\u00e9f\u00e9rence sur un bloc de mat\u00e9riau dur. Vous pouvez \u00e9galement \u00ab\u00a0couper\u00a0\u00bb l&rsquo;\u00e9gouttement avec une lame de rasoir, m\u00e9thode plus rapide et permettant d&rsquo;\u00e9viter les accidents pouvant entra\u00eener un pon\u00e7age excessif.<\/li>\n<li>Pour vous familiariser avec le processus, il est pratique de faire des tests sur des d\u00e9chets de bois, afin d&rsquo;\u00e9valuer par vous-m\u00eame les caract\u00e9ristiques du processus de finition d&rsquo;une guitare avec des guitares \u00abNitorlack\u00bb.<br \/>\nIl est \u00e9galement conseill\u00e9 d&rsquo;utiliser une surface \u00abt\u00e9moin\u00bb sur laquelle appliquer les couches de laque en m\u00eame temps que sur la pi\u00e8ce \u00e0 finir. Un morceau de papier coll\u00e9 sur un support rigide (bois, carton \u00e9pais) est une suggestion. Ainsi, en mesurant d&rsquo;abord l&rsquo;\u00e9paisseur du papier avec un pied \u00e0 coulisse puis en mesurant l&rsquo;\u00e9paisseur r\u00e9sultante des couches successives une fois s\u00e8ches, vous aurez une id\u00e9e assez pr\u00e9cise de l&rsquo;\u00e9paisseur de la couche qui est appliqu\u00e9e et pourrez ainsi avoir une id\u00e9e plus pr\u00e9cise de l&rsquo;\u00e9paisseur. de la m\u00eame. Une \u00e9paisseur de 150 \u00e0 180 microns (0,15 \u00e0 0,18 mm) garantit une finition fine, qui respecte les vibrations de l&rsquo;instrument, tout en le prot\u00e9geant, en \u00e9vitant une sur\u00e9paisseur<br \/>\nAppliquez toujours des couches minces. Laisser s\u00e9cher 24 heures et poncer entre les couches. Appliquer en mains crois\u00e9es pour bien r\u00e9partir le produit. Appliquer \u00e0 une distance d&rsquo;environ 15 \u00e0 20 cm.<\/li>\n<\/ul>\n<h3>RECOMMANDATIONS DE S\u00c9CURIT\u00c9<\/h3>\n<ul>\n<li>Appliquer dans des endroits ventil\u00e9s ou avec extraction. Porter des gants de protection, des v\u00eatements, des lunettes et un masque. Bien se laver apr\u00e8s manipulation.<\/li>\n<li>En cas de contact avec les yeux: rincer soigneusement \u00e0 l&rsquo;eau pendant plusieurs minutes. Retirez les lentilles de contact lorsqu&rsquo;elles sont pr\u00e9sentes et cela peut \u00eatre fait facilement. Continuez avec le lavage. Liquide et vapeurs hautement inflammables. Provoque une irritation cutan\u00e9e. Provoque des l\u00e9sions oculaires graves. Peut causer de la somnolence ou des vertiges<\/li>\n<\/ul>\n<p>[\/vc_column_text][\/vc_column][\/vc_row][vc_row][vc_column][\/vc_column][\/vc_row]<\/p>\n<\/div>","protected":false},"excerpt":{"rendered":"<p>Changez facilement la couleur de votre guitare gr\u00e2ce \u00e0 notre spray nitrocellulosique. Nous recommandons les produits et les quantit\u00e9s n\u00e9cessaires. Choisissez simplement la couleur que vous pr\u00e9f\u00e9rez. \u00c0 la fin du produit, vous avez un tutoriel complet sur la fa\u00e7on de peindre.<\/p>\n","protected":false},"featured_media":62648,"comment_status":"open","ping_status":"closed","template":"","meta":{"om_disable_all_campaigns":false,"site-sidebar-layout":"default","site-content-layout":"default","ast-site-content-layout":"default","site-content-style":"default","site-sidebar-style":"default","ast-global-header-display":"","ast-banner-title-visibility":"","ast-main-header-display":"","ast-hfb-above-header-display":"","ast-hfb-below-header-display":"","ast-hfb-mobile-header-display":"","site-post-title":"","ast-breadcrumbs-content":"","ast-featured-img":"","footer-sml-layout":"","ast-disable-related-posts":"","theme-transparent-header-meta":"default","adv-header-id-meta":"","stick-header-meta":"default","header-above-stick-meta":"","header-main-stick-meta":"","header-below-stick-meta":"","astra-migrate-meta-layouts":"set","ast-page-background-enabled":"default","ast-page-background-meta":{"desktop":{"background-color":"var(--ast-global-color-4)","background-image":"","background-repeat":"repeat","background-position":"center center","background-size":"auto","background-attachment":"scroll","background-type":"","background-media":"","overlay-type":"","overlay-color":"","overlay-opacity":"","overlay-gradient":""},"tablet":{"background-color":"","background-image":"","background-repeat":"repeat","background-position":"center center","background-size":"auto","background-attachment":"scroll","background-type":"","background-media":"","overlay-type":"","overlay-color":"","overlay-opacity":"","overlay-gradient":""},"mobile":{"background-color":"","background-image":"","background-repeat":"repeat","background-position":"center center","background-size":"auto","background-attachment":"scroll","background-type":"","background-media":"","overlay-type":"","overlay-color":"","overlay-opacity":"","overlay-gradient":""}},"ast-content-background-meta":{"desktop":{"background-color":"var(--ast-global-color-5)","background-image":"","background-repeat":"repeat","background-position":"center center","background-size":"auto","background-attachment":"scroll","background-type":"","background-media":"","overlay-type":"","overlay-color":"","overlay-opacity":"","overlay-gradient":""},"tablet":{"background-color":"var(--ast-global-color-5)","background-image":"","background-repeat":"repeat","background-position":"center center","background-size":"auto","background-attachment":"scroll","background-type":"","background-media":"","overlay-type":"","overlay-color":"","overlay-opacity":"","overlay-gradient":""},"mobile":{"background-color":"var(--ast-global-color-5)","background-image":"","background-repeat":"repeat","background-position":"center center","background-size":"auto","background-attachment":"scroll","background-type":"","background-media":"","overlay-type":"","overlay-color":"","overlay-opacity":"","overlay-gradient":""}}},"product_brand":[],"product_cat":[7552],"product_tag":[],"class_list":{"0":"post-40028","1":"product","2":"type-product","3":"status-publish","4":"has-post-thumbnail","6":"product_cat-kits-fr","7":"desktop-align-center","8":"tablet-align-center","9":"mobile-align-center","10":"ast-product-gallery-layout-horizontal-slider","11":"ast-product-gallery-with-no-image","12":"ast-product-tabs-layout-horizontal","14":"first","15":"instock","16":"virtual","17":"taxable","18":"purchasable","19":"product-type-bundle"},"bundled_by":[],"bundle_stock_status":"instock","bundle_stock_quantity":"","bundle_virtual":false,"bundle_layout":"tabular","bundle_add_to_cart_form_location":"default","bundle_editable_in_cart":false,"bundle_sold_individually_context":"product","bundle_item_grouping":"parent","bundle_min_size":"","bundle_max_size":"","bundle_price":{"price":{"min":{"incl_tax":"36.66","excl_tax":"36.66"},"max":{"incl_tax":"431.82","excl_tax":"431.82"}},"regular_price":{"min":{"incl_tax":"36.66","excl_tax":"36.66"},"max":{"incl_tax":"431.82","excl_tax":"431.82"}}},"bundled_items":[{"bundled_item_id":134,"product_id":40089,"menu_order":0,"quantity_min":1,"quantity_max":9,"quantity_default":1,"priced_individually":true,"shipped_individually":false,"override_title":false,"title":"SPRAY COLOR NITRO","override_description":true,"description":"Choisissez la couleur qui vous pla\u00eet le plus parmi notre gamme de couleurs classiques. Avec 1 spray vous avez de quoi appliquer 2 ou 3 couches sur un corps, choisissez 2 sprays pour \u00eatre absolument s\u00fbr de ne pas en manquer.","optional":false,"hide_thumbnail":true,"discount":"","override_variations":false,"allowed_variations":[77472,77449,77458,77086,77464,77100,40127,64910,77452,77083,77097,77471,39808,64856,61544,79342,64890,40108,40109,40110,40111,40112,40107,40106,40101,40102,40103,40104,40105,40096,40097,40098,40099,40100,40094,40095,40092,40093,40091,40090],"override_default_variation_attributes":false,"default_variation_attributes":[],"single_product_visibility":"visible","cart_visibility":"visible","order_visibility":"visible","single_product_price_visibility":"visible","cart_price_visibility":"visible","order_price_visibility":"visible","stock_status":"in_stock"},{"bundled_item_id":148,"product_id":40318,"menu_order":1,"quantity_min":1,"quantity_max":9,"quantity_default":1,"priced_individually":true,"shipped_individually":false,"override_title":false,"title":"SPRAY FINITION NITRO","override_description":true,"description":"Avec la finition, nous allons prot\u00e9ger la couleur et lui donner de la profondeur. C'est la derni\u00e8re phase et celle qui nous donne l'aspect final. Nous recommandons d'utiliser 2 sprays si vous souhaitez une protection suppl\u00e9mentaire ou si vous devez vernir le corps et le cou.","optional":false,"hide_thumbnail":true,"discount":"","override_variations":true,"allowed_variations":[76650,76645,40319,40320],"override_default_variation_attributes":false,"default_variation_attributes":[],"single_product_visibility":"visible","cart_visibility":"visible","order_visibility":"visible","single_product_price_visibility":"visible","cart_price_visibility":"visible","order_price_visibility":"visible","stock_status":"in_stock"}],"bundle_sell_ids":[],"yoast_head":"<!-- This site is optimized with the Yoast SEO plugin v27.3 - https:\/\/yoast.com\/product\/yoast-seo-wordpress\/ -->\n<title>Kit complet pour colorer votre guitare | NITORLACK<\/title>\n<meta name=\"description\" content=\"Tous les produits dont vous avez besoin pour changer la couleur de votre guitare. Des tutoriels \u00e9tape par \u00e9tape et un service client\u00e8le professionnel.\" \/>\n<meta name=\"robots\" content=\"index, follow, max-snippet:-1, max-image-preview:large, max-video-preview:-1\" \/>\n<link rel=\"canonical\" href=\"https:\/\/nitorlack.com\/fr\/barniz\/kits-fr\/changement-de-couleur-de-guitare\/\" \/>\n<meta property=\"og:locale\" content=\"fr_FR\" \/>\n<meta property=\"og:type\" content=\"article\" \/>\n<meta property=\"og:title\" content=\"Kit complet pour colorer votre guitare | NITORLACK\" \/>\n<meta property=\"og:description\" content=\"Tous les produits dont vous avez besoin pour changer la couleur de votre guitare. Des tutoriels \u00e9tape par \u00e9tape et un service client\u00e8le professionnel.\" \/>\n<meta property=\"og:url\" content=\"https:\/\/nitorlack.com\/fr\/barniz\/kits-fr\/changement-de-couleur-de-guitare\/\" \/>\n<meta property=\"og:site_name\" content=\"Nitorlack\" \/>\n<meta property=\"article:modified_time\" content=\"2026-03-08T19:51:51+00:00\" \/>\n<meta property=\"og:image\" content=\"https:\/\/nitorlack.com\/wp-content\/uploads\/2022\/12\/cambio-de-color.jpg\" \/>\n\t<meta property=\"og:image:width\" content=\"1000\" \/>\n\t<meta property=\"og:image:height\" content=\"999\" \/>\n\t<meta property=\"og:image:type\" content=\"image\/jpeg\" \/>\n<meta name=\"twitter:card\" content=\"summary_large_image\" \/>\n<meta name=\"twitter:label1\" content=\"Dur\u00e9e de lecture estim\u00e9e\" \/>\n\t<meta name=\"twitter:data1\" content=\"5 minutes\" \/>\n<script type=\"application\/ld+json\" class=\"yoast-schema-graph\">{\"@context\":\"https:\\\/\\\/schema.org\",\"@graph\":[{\"@type\":\"WebPage\",\"@id\":\"https:\\\/\\\/nitorlack.com\\\/fr\\\/barniz\\\/kits-fr\\\/changement-de-couleur-de-guitare\\\/\",\"url\":\"https:\\\/\\\/nitorlack.com\\\/fr\\\/barniz\\\/kits-fr\\\/changement-de-couleur-de-guitare\\\/\",\"name\":\"Kit complet pour colorer votre guitare | NITORLACK\",\"isPartOf\":{\"@id\":\"https:\\\/\\\/nitorlack.com\\\/fr\\\/#website\"},\"primaryImageOfPage\":{\"@id\":\"https:\\\/\\\/nitorlack.com\\\/fr\\\/barniz\\\/kits-fr\\\/changement-de-couleur-de-guitare\\\/#primaryimage\"},\"image\":{\"@id\":\"https:\\\/\\\/nitorlack.com\\\/fr\\\/barniz\\\/kits-fr\\\/changement-de-couleur-de-guitare\\\/#primaryimage\"},\"thumbnailUrl\":\"https:\\\/\\\/nitorlack.com\\\/wp-content\\\/uploads\\\/2022\\\/12\\\/cambio-de-color.jpg\",\"datePublished\":\"2020-10-27T13:11:03+00:00\",\"dateModified\":\"2026-03-08T19:51:51+00:00\",\"description\":\"Tous les produits dont vous avez besoin pour changer la couleur de votre guitare. Des tutoriels \u00e9tape par \u00e9tape et un service client\u00e8le professionnel.\",\"breadcrumb\":{\"@id\":\"https:\\\/\\\/nitorlack.com\\\/fr\\\/barniz\\\/kits-fr\\\/changement-de-couleur-de-guitare\\\/#breadcrumb\"},\"inLanguage\":\"fr-FR\",\"potentialAction\":[{\"@type\":\"ReadAction\",\"target\":[\"https:\\\/\\\/nitorlack.com\\\/fr\\\/barniz\\\/kits-fr\\\/changement-de-couleur-de-guitare\\\/\"]}]},{\"@type\":\"ImageObject\",\"inLanguage\":\"fr-FR\",\"@id\":\"https:\\\/\\\/nitorlack.com\\\/fr\\\/barniz\\\/kits-fr\\\/changement-de-couleur-de-guitare\\\/#primaryimage\",\"url\":\"https:\\\/\\\/nitorlack.com\\\/wp-content\\\/uploads\\\/2022\\\/12\\\/cambio-de-color.jpg\",\"contentUrl\":\"https:\\\/\\\/nitorlack.com\\\/wp-content\\\/uploads\\\/2022\\\/12\\\/cambio-de-color.jpg\",\"width\":1000,\"height\":999,\"caption\":\"kit cambio de color guitarra\"},{\"@type\":\"BreadcrumbList\",\"@id\":\"https:\\\/\\\/nitorlack.com\\\/fr\\\/barniz\\\/kits-fr\\\/changement-de-couleur-de-guitare\\\/#breadcrumb\",\"itemListElement\":[{\"@type\":\"ListItem\",\"position\":1,\"name\":\"Page de Couverture\",\"item\":\"https:\\\/\\\/nitorlack.com\\\/fr\\\/\"},{\"@type\":\"ListItem\",\"position\":2,\"name\":\"Boutique\",\"item\":\"https:\\\/\\\/nitorlack.com\\\/fr\\\/boutique\\\/\"},{\"@type\":\"ListItem\",\"position\":3,\"name\":\"CHANGEMENT DE COULEUR DE GUITARE\"}]},{\"@type\":\"WebSite\",\"@id\":\"https:\\\/\\\/nitorlack.com\\\/fr\\\/#website\",\"url\":\"https:\\\/\\\/nitorlack.com\\\/fr\\\/\",\"name\":\"Nitorlack\",\"description\":\"Guitar Lacquers\",\"publisher\":{\"@id\":\"https:\\\/\\\/nitorlack.com\\\/fr\\\/#organization\"},\"potentialAction\":[{\"@type\":\"SearchAction\",\"target\":{\"@type\":\"EntryPoint\",\"urlTemplate\":\"https:\\\/\\\/nitorlack.com\\\/fr\\\/?s={search_term_string}\"},\"query-input\":{\"@type\":\"PropertyValueSpecification\",\"valueRequired\":true,\"valueName\":\"search_term_string\"}}],\"inLanguage\":\"fr-FR\"},{\"@type\":\"Organization\",\"@id\":\"https:\\\/\\\/nitorlack.com\\\/fr\\\/#organization\",\"name\":\"Nitorlack\",\"url\":\"https:\\\/\\\/nitorlack.com\\\/fr\\\/\",\"logo\":{\"@type\":\"ImageObject\",\"inLanguage\":\"fr-FR\",\"@id\":\"https:\\\/\\\/nitorlack.com\\\/fr\\\/#\\\/schema\\\/logo\\\/image\\\/\",\"url\":\"http:\\\/\\\/nitorlack.com\\\/wp-content\\\/uploads\\\/2016\\\/02\\\/cropped-galleta-negra-1.jpg\",\"contentUrl\":\"http:\\\/\\\/nitorlack.com\\\/wp-content\\\/uploads\\\/2016\\\/02\\\/cropped-galleta-negra-1.jpg\",\"width\":512,\"height\":512,\"caption\":\"Nitorlack\"},\"image\":{\"@id\":\"https:\\\/\\\/nitorlack.com\\\/fr\\\/#\\\/schema\\\/logo\\\/image\\\/\"}}]}<\/script>\n<!-- \/ Yoast SEO plugin. -->","yoast_head_json":{"title":"Kit complet pour colorer votre guitare | NITORLACK","description":"Tous les produits dont vous avez besoin pour changer la couleur de votre guitare. Des tutoriels \u00e9tape par \u00e9tape et un service client\u00e8le professionnel.","robots":{"index":"index","follow":"follow","max-snippet":"max-snippet:-1","max-image-preview":"max-image-preview:large","max-video-preview":"max-video-preview:-1"},"canonical":"https:\/\/nitorlack.com\/fr\/barniz\/kits-fr\/changement-de-couleur-de-guitare\/","og_locale":"fr_FR","og_type":"article","og_title":"Kit complet pour colorer votre guitare | NITORLACK","og_description":"Tous les produits dont vous avez besoin pour changer la couleur de votre guitare. Des tutoriels \u00e9tape par \u00e9tape et un service client\u00e8le professionnel.","og_url":"https:\/\/nitorlack.com\/fr\/barniz\/kits-fr\/changement-de-couleur-de-guitare\/","og_site_name":"Nitorlack","article_modified_time":"2026-03-08T19:51:51+00:00","og_image":[{"width":1000,"height":999,"url":"https:\/\/nitorlack.com\/wp-content\/uploads\/2022\/12\/cambio-de-color.jpg","type":"image\/jpeg"}],"twitter_card":"summary_large_image","twitter_misc":{"Dur\u00e9e de lecture estim\u00e9e":"5 minutes"},"schema":{"@context":"https:\/\/schema.org","@graph":[{"@type":"WebPage","@id":"https:\/\/nitorlack.com\/fr\/barniz\/kits-fr\/changement-de-couleur-de-guitare\/","url":"https:\/\/nitorlack.com\/fr\/barniz\/kits-fr\/changement-de-couleur-de-guitare\/","name":"Kit complet pour colorer votre guitare | NITORLACK","isPartOf":{"@id":"https:\/\/nitorlack.com\/fr\/#website"},"primaryImageOfPage":{"@id":"https:\/\/nitorlack.com\/fr\/barniz\/kits-fr\/changement-de-couleur-de-guitare\/#primaryimage"},"image":{"@id":"https:\/\/nitorlack.com\/fr\/barniz\/kits-fr\/changement-de-couleur-de-guitare\/#primaryimage"},"thumbnailUrl":"https:\/\/nitorlack.com\/wp-content\/uploads\/2022\/12\/cambio-de-color.jpg","datePublished":"2020-10-27T13:11:03+00:00","dateModified":"2026-03-08T19:51:51+00:00","description":"Tous les produits dont vous avez besoin pour changer la couleur de votre guitare. Des tutoriels \u00e9tape par \u00e9tape et un service client\u00e8le professionnel.","breadcrumb":{"@id":"https:\/\/nitorlack.com\/fr\/barniz\/kits-fr\/changement-de-couleur-de-guitare\/#breadcrumb"},"inLanguage":"fr-FR","potentialAction":[{"@type":"ReadAction","target":["https:\/\/nitorlack.com\/fr\/barniz\/kits-fr\/changement-de-couleur-de-guitare\/"]}]},{"@type":"ImageObject","inLanguage":"fr-FR","@id":"https:\/\/nitorlack.com\/fr\/barniz\/kits-fr\/changement-de-couleur-de-guitare\/#primaryimage","url":"https:\/\/nitorlack.com\/wp-content\/uploads\/2022\/12\/cambio-de-color.jpg","contentUrl":"https:\/\/nitorlack.com\/wp-content\/uploads\/2022\/12\/cambio-de-color.jpg","width":1000,"height":999,"caption":"kit cambio de color guitarra"},{"@type":"BreadcrumbList","@id":"https:\/\/nitorlack.com\/fr\/barniz\/kits-fr\/changement-de-couleur-de-guitare\/#breadcrumb","itemListElement":[{"@type":"ListItem","position":1,"name":"Page de Couverture","item":"https:\/\/nitorlack.com\/fr\/"},{"@type":"ListItem","position":2,"name":"Boutique","item":"https:\/\/nitorlack.com\/fr\/boutique\/"},{"@type":"ListItem","position":3,"name":"CHANGEMENT DE COULEUR DE GUITARE"}]},{"@type":"WebSite","@id":"https:\/\/nitorlack.com\/fr\/#website","url":"https:\/\/nitorlack.com\/fr\/","name":"Nitorlack","description":"Guitar Lacquers","publisher":{"@id":"https:\/\/nitorlack.com\/fr\/#organization"},"potentialAction":[{"@type":"SearchAction","target":{"@type":"EntryPoint","urlTemplate":"https:\/\/nitorlack.com\/fr\/?s={search_term_string}"},"query-input":{"@type":"PropertyValueSpecification","valueRequired":true,"valueName":"search_term_string"}}],"inLanguage":"fr-FR"},{"@type":"Organization","@id":"https:\/\/nitorlack.com\/fr\/#organization","name":"Nitorlack","url":"https:\/\/nitorlack.com\/fr\/","logo":{"@type":"ImageObject","inLanguage":"fr-FR","@id":"https:\/\/nitorlack.com\/fr\/#\/schema\/logo\/image\/","url":"http:\/\/nitorlack.com\/wp-content\/uploads\/2016\/02\/cropped-galleta-negra-1.jpg","contentUrl":"http:\/\/nitorlack.com\/wp-content\/uploads\/2016\/02\/cropped-galleta-negra-1.jpg","width":512,"height":512,"caption":"Nitorlack"},"image":{"@id":"https:\/\/nitorlack.com\/fr\/#\/schema\/logo\/image\/"}}]}},"_links":{"self":[{"href":"https:\/\/nitorlack.com\/fr\/wp-json\/wp\/v2\/product\/40028","targetHints":{"allow":["GET"]}}],"collection":[{"href":"https:\/\/nitorlack.com\/fr\/wp-json\/wp\/v2\/product"}],"about":[{"href":"https:\/\/nitorlack.com\/fr\/wp-json\/wp\/v2\/types\/product"}],"replies":[{"embeddable":true,"href":"https:\/\/nitorlack.com\/fr\/wp-json\/wp\/v2\/comments?post=40028"}],"wp:featuredmedia":[{"embeddable":true,"href":"https:\/\/nitorlack.com\/fr\/wp-json\/wp\/v2\/media\/62648"}],"wp:attachment":[{"href":"https:\/\/nitorlack.com\/fr\/wp-json\/wp\/v2\/media?parent=40028"}],"wp:term":[{"taxonomy":"product_brand","embeddable":true,"href":"https:\/\/nitorlack.com\/fr\/wp-json\/wp\/v2\/product_brand?post=40028"},{"taxonomy":"product_cat","embeddable":true,"href":"https:\/\/nitorlack.com\/fr\/wp-json\/wp\/v2\/product_cat?post=40028"},{"taxonomy":"product_tag","embeddable":true,"href":"https:\/\/nitorlack.com\/fr\/wp-json\/wp\/v2\/product_tag?post=40028"}],"curies":[{"name":"wp","href":"https:\/\/api.w.org\/{rel}","templated":true}]}}