{"id":3448,"date":"2016-03-30T12:17:18","date_gmt":"2016-03-30T10:17:18","guid":{"rendered":"http:\/\/nitorlack.com\/product\/nitorlack-primer\/"},"modified":"2026-04-03T19:49:37","modified_gmt":"2026-04-03T17:49:37","slug":"nitorlack-primer-2","status":"publish","type":"product","link":"https:\/\/nitorlack.com\/fr\/barniz\/bouche-pores\/nitrocellulose-fr-5\/nitorlack-primer-2\/","title":{"rendered":"NITORLACK PRIMER"},"content":{"rendered":"<div class=\"wpb-content-wrapper\"><p>[vc_row][vc_column][vc_column_text css=\u00a0\u00bb\u00a0\u00bb]<\/p>\n<h2><strong>Application du NitorLack Primer<\/strong><\/h2>\n<p><strong>\u00b7 Dilution :<\/strong> Si vous utilisez le produit en pot, vous devrez le diluer de 15 \u00e0 20 % avec le Nitorlack Solvent. La proportion d\u00e9pendra du type de pistolet et de sa configuration. Nous recommandons d&rsquo;utiliser un pistolet avec une buse de 1.7 pour les fonds. Le processus de pr\u00e9paration du bois, de pon\u00e7age entre les couches et de s\u00e9chage sera similaire, que ce soit en a\u00e9rosol ou en pot.<\/p>\n<p><strong>\u00b7 Pr\u00e9paration du bois :<\/strong> Le bois doit \u00eatre uniforme et sans imperfections. Poncez progressivement (240-400-800) toujours dans le sens du grain.<\/p>\n<p><strong>\u00b7 Application :<\/strong> Appliquez au pistolet en plusieurs couches crois\u00e9es jusqu&rsquo;\u00e0 couvrir enti\u00e8rement la surface, en \u00e9vitant de surcharger le produit pour \u00e9viter les coulures. Une fois sec, poncez avec du P400 pour assurer l&rsquo;adh\u00e9rence et le nivellement, puis appliquez une nouvelle couche.<\/p>\n<p>R\u00e9p\u00e9tez le processus jusqu&rsquo;\u00e0 ce que la surface soit totalement lisse et sans imperfections, en r\u00e9ussissant \u00e0 fermer le pore du bois.<\/p>\n<p><strong>\u00b7 Temps de s\u00e9chage :<\/strong> Laissez au moins 8 \u00e0 10 heures entre les couches. Le s\u00e9chage final de la derni\u00e8re couche est obtenu en 24 \u00e0 48 heures.<\/p>\n<p>Avec les produits nitrocellulose, il est important de respecter les temps de s\u00e9chage, car sinon vous pourriez obtenir une finition finale trop molle.[\/vc_column_text][\/vc_column][\/vc_row][vc_row][vc_column][vc_column_text css=\u00a0\u00bb\u00a0\u00bb]<\/p>\n<h3>Qu&rsquo;est-ce qu&rsquo;un fond ?<\/h3>\n<p>Par \u00ab\u00a0fonds\u00a0\u00bb, on entend les couches de vernis qui sont appliqu\u00e9es en pr\u00e9paration de la finition ; cela inclut diverses acceptions telles que les scellants, les bouche-pores, etc. Les vernis de fond sont tr\u00e8s importants dans le processus de vernissage d&rsquo;une guitare. Si nous voulons une finition finale de la plus haute qualit\u00e9 sur notre instrument, il est important d&rsquo;utiliser un fond. Les caract\u00e9ristiques d&rsquo;un fond sont la <strong>transparence, l&rsquo;\u00e9lasticit\u00e9, un pon\u00e7age facile, le nivellement, la capacit\u00e9 de remplissage et la rapidit\u00e9 de s\u00e9chage.<\/strong><\/p>\n<h3>Fonctions des fonds nitrocellulose pour guitares :<\/h3>\n<p>La fonction principale de ces vernis de fond est de remplir et de boucher les pores ou les petites imperfections que le bois peut avoir, dans le but d&rsquo;obtenir des surfaces uniformes et nivel\u00e9es. En r\u00e8gle g\u00e9n\u00e9rale, ces vernis de fond doivent \u00eatre formul\u00e9s avec des agents qui facilitent le pon\u00e7age avec la <strong>transparence maximale<\/strong> s&rsquo;il s&rsquo;agit de vernis incolores, et avec la <strong>\u00e9lasticit\u00e9 maximale<\/strong> afin qu&rsquo;ils ne se fissurent pas s&rsquo;il s&rsquo;agit de vernis blancs.<\/p>\n<p>Ils doivent avoir une capacit\u00e9 suffisante pour couvrir ad\u00e9quatement les surfaces et \u00eatre \u00e0 s\u00e9chage rapide, car ce sont des couches qui doivent \u00eatre ponc\u00e9es avant d&rsquo;appliquer la couche de vernis de finition.[\/vc_column_text][\/vc_column][\/vc_row]<\/p>\n<\/div>","protected":false},"excerpt":{"rendered":"<p><strong>Vernis nitrocellulosique in\u00a0 SPRAY ou BO\u00ceTE, CLEAR ou BLANC<\/strong> pour toutes sortes d&rsquo;applications et en particulier pour les guitares.<\/p>\n<p>Particuli\u00e8rement adapt\u00e9 pour une application dans les placages en bois massif et les instruments de musique tels que la guitare qui n\u00e9cessitent une excellente couverture et le mouillage du produit de pores.<\/p>\n<p>Pour sa bonne couvrance et facile \u00e0 poncer est recommand\u00e9 d&rsquo;utiliser dans des proc\u00e9d\u00e9s n\u00e9cessitant un s\u00e9chage rapide et la facilit\u00e9 de manipulation.<\/p>\n<p>La finition de <strong>nitrocellulose<\/strong> a la particularit\u00e9 qui <strong>fusionne bien entre les couches<\/strong>, ce qui permet au bois de respirer et de donner un meilleur son.<\/p>\n","protected":false},"featured_media":58745,"comment_status":"open","ping_status":"closed","template":"","meta":{"om_disable_all_campaigns":false,"site-sidebar-layout":"no-sidebar","site-content-layout":"plain-container","ast-site-content-layout":"default","site-content-style":"default","site-sidebar-style":"default","ast-global-header-display":"","ast-banner-title-visibility":"","ast-main-header-display":"","ast-hfb-above-header-display":"","ast-hfb-below-header-display":"","ast-hfb-mobile-header-display":"","site-post-title":"disabled","ast-breadcrumbs-content":"","ast-featured-img":"disabled","footer-sml-layout":"","ast-disable-related-posts":"","theme-transparent-header-meta":"default","adv-header-id-meta":"","stick-header-meta":"default","header-above-stick-meta":"","header-main-stick-meta":"","header-below-stick-meta":"","astra-migrate-meta-layouts":"set","ast-page-background-enabled":"default","ast-page-background-meta":{"desktop":{"background-color":"var(--ast-global-color-4)","background-image":"","background-repeat":"repeat","background-position":"center center","background-size":"auto","background-attachment":"scroll","background-type":"","background-media":"","overlay-type":"","overlay-color":"","overlay-opacity":"","overlay-gradient":""},"tablet":{"background-color":"","background-image":"","background-repeat":"repeat","background-position":"center center","background-size":"auto","background-attachment":"scroll","background-type":"","background-media":"","overlay-type":"","overlay-color":"","overlay-opacity":"","overlay-gradient":""},"mobile":{"background-color":"","background-image":"","background-repeat":"repeat","background-position":"center center","background-size":"auto","background-attachment":"scroll","background-type":"","background-media":"","overlay-type":"","overlay-color":"","overlay-opacity":"","overlay-gradient":""}},"ast-content-background-meta":{"desktop":{"background-color":"var(--ast-global-color-5)","background-image":"","background-repeat":"repeat","background-position":"center center","background-size":"auto","background-attachment":"scroll","background-type":"","background-media":"","overlay-type":"","overlay-color":"","overlay-opacity":"","overlay-gradient":""},"tablet":{"background-color":"var(--ast-global-color-5)","background-image":"","background-repeat":"repeat","background-position":"center center","background-size":"auto","background-attachment":"scroll","background-type":"","background-media":"","overlay-type":"","overlay-color":"","overlay-opacity":"","overlay-gradient":""},"mobile":{"background-color":"var(--ast-global-color-5)","background-image":"","background-repeat":"repeat","background-position":"center center","background-size":"auto","background-attachment":"scroll","background-type":"","background-media":"","overlay-type":"","overlay-color":"","overlay-opacity":"","overlay-gradient":""}}},"product_brand":[],"product_cat":[119,381],"product_tag":[],"class_list":{"0":"post-3448","1":"product","2":"type-product","3":"status-publish","4":"has-post-thumbnail","6":"product_cat-bouche-pores","7":"product_cat-nitrocellulose-fr-5","8":"desktop-align-center","9":"tablet-align-center","10":"mobile-align-center","11":"ast-product-gallery-layout-horizontal-slider","12":"ast-product-gallery-with-no-image","13":"ast-product-single-variable","14":"ast-product-tabs-layout-horizontal","16":"first","17":"instock","18":"taxable","19":"shipping-taxable","20":"purchasable","21":"product-type-variable"},"bundled_by":[],"bundle_stock_status":"instock","bundle_stock_quantity":4999,"bundle_virtual":false,"bundle_layout":"","bundle_add_to_cart_form_location":"","bundle_editable_in_cart":false,"bundle_sold_individually_context":"","bundle_item_grouping":"","bundle_min_size":"","bundle_max_size":"","bundle_price":[],"bundled_items":[],"bundle_sell_ids":[],"yoast_head":"<!-- This site is optimized with the Yoast SEO plugin v27.3 - https:\/\/yoast.com\/product\/yoast-seo-wordpress\/ -->\n<title>NITORLACK PRIMER - Le meilleur scellant pour guitare<\/title>\n<meta name=\"description\" content=\"Appr\u00eat \u00e0 la nitrocellulose pour recouvrir la guitare avant de commencer le processus de peinture. Disponible en diff\u00e9rentes couleurs et emballages\" \/>\n<meta name=\"robots\" content=\"index, follow, max-snippet:-1, max-image-preview:large, max-video-preview:-1\" \/>\n<link rel=\"canonical\" href=\"https:\/\/nitorlack.com\/fr\/barniz\/bouche-pores\/nitrocellulose-fr-5\/nitorlack-primer-2\/\" \/>\n<meta property=\"og:locale\" content=\"fr_FR\" \/>\n<meta property=\"og:type\" content=\"article\" \/>\n<meta property=\"og:title\" content=\"NITORLACK PRIMER - Le meilleur scellant pour guitare\" \/>\n<meta property=\"og:description\" content=\"Appr\u00eat \u00e0 la nitrocellulose pour recouvrir la guitare avant de commencer le processus de peinture. Disponible en diff\u00e9rentes couleurs et emballages\" \/>\n<meta property=\"og:url\" content=\"https:\/\/nitorlack.com\/fr\/barniz\/bouche-pores\/nitrocellulose-fr-5\/nitorlack-primer-2\/\" \/>\n<meta property=\"og:site_name\" content=\"Nitorlack\" \/>\n<meta property=\"article:modified_time\" content=\"2026-04-03T17:49:37+00:00\" \/>\n<meta property=\"og:image\" content=\"https:\/\/nitorlack.com\/wp-content\/uploads\/2022\/05\/IMG_9332FB_baja-2-e1671113341968.jpg\" \/>\n\t<meta property=\"og:image:width\" content=\"1517\" \/>\n\t<meta property=\"og:image:height\" content=\"1500\" \/>\n\t<meta property=\"og:image:type\" content=\"image\/jpeg\" \/>\n<meta name=\"twitter:card\" content=\"summary_large_image\" \/>\n<meta name=\"twitter:label1\" content=\"Dur\u00e9e de lecture estim\u00e9e\" \/>\n\t<meta name=\"twitter:data1\" content=\"2 minutes\" \/>\n<script type=\"application\/ld+json\" class=\"yoast-schema-graph\">{\"@context\":\"https:\\\/\\\/schema.org\",\"@graph\":[{\"@type\":\"WebPage\",\"@id\":\"https:\\\/\\\/nitorlack.com\\\/fr\\\/barniz\\\/bouche-pores\\\/nitrocellulose-fr-5\\\/nitorlack-primer-2\\\/\",\"url\":\"https:\\\/\\\/nitorlack.com\\\/fr\\\/barniz\\\/bouche-pores\\\/nitrocellulose-fr-5\\\/nitorlack-primer-2\\\/\",\"name\":\"NITORLACK PRIMER - Le meilleur scellant pour guitare\",\"isPartOf\":{\"@id\":\"https:\\\/\\\/nitorlack.com\\\/fr\\\/#website\"},\"primaryImageOfPage\":{\"@id\":\"https:\\\/\\\/nitorlack.com\\\/fr\\\/barniz\\\/bouche-pores\\\/nitrocellulose-fr-5\\\/nitorlack-primer-2\\\/#primaryimage\"},\"image\":{\"@id\":\"https:\\\/\\\/nitorlack.com\\\/fr\\\/barniz\\\/bouche-pores\\\/nitrocellulose-fr-5\\\/nitorlack-primer-2\\\/#primaryimage\"},\"thumbnailUrl\":\"https:\\\/\\\/nitorlack.com\\\/wp-content\\\/uploads\\\/2022\\\/05\\\/IMG_9332FB_baja-2-e1671113341968.jpg\",\"datePublished\":\"2016-03-30T10:17:18+00:00\",\"dateModified\":\"2026-04-03T17:49:37+00:00\",\"description\":\"Appr\u00eat \u00e0 la nitrocellulose pour recouvrir la guitare avant de commencer le processus de peinture. Disponible en diff\u00e9rentes couleurs et emballages\",\"breadcrumb\":{\"@id\":\"https:\\\/\\\/nitorlack.com\\\/fr\\\/barniz\\\/bouche-pores\\\/nitrocellulose-fr-5\\\/nitorlack-primer-2\\\/#breadcrumb\"},\"inLanguage\":\"fr-FR\",\"potentialAction\":[{\"@type\":\"ReadAction\",\"target\":[\"https:\\\/\\\/nitorlack.com\\\/fr\\\/barniz\\\/bouche-pores\\\/nitrocellulose-fr-5\\\/nitorlack-primer-2\\\/\"]}]},{\"@type\":\"ImageObject\",\"inLanguage\":\"fr-FR\",\"@id\":\"https:\\\/\\\/nitorlack.com\\\/fr\\\/barniz\\\/bouche-pores\\\/nitrocellulose-fr-5\\\/nitorlack-primer-2\\\/#primaryimage\",\"url\":\"https:\\\/\\\/nitorlack.com\\\/wp-content\\\/uploads\\\/2022\\\/05\\\/IMG_9332FB_baja-2-e1671113341968.jpg\",\"contentUrl\":\"https:\\\/\\\/nitorlack.com\\\/wp-content\\\/uploads\\\/2022\\\/05\\\/IMG_9332FB_baja-2-e1671113341968.jpg\",\"width\":1517,\"height\":1500,\"caption\":\"primer pour guitare\"},{\"@type\":\"BreadcrumbList\",\"@id\":\"https:\\\/\\\/nitorlack.com\\\/fr\\\/barniz\\\/bouche-pores\\\/nitrocellulose-fr-5\\\/nitorlack-primer-2\\\/#breadcrumb\",\"itemListElement\":[{\"@type\":\"ListItem\",\"position\":1,\"name\":\"Page de Couverture\",\"item\":\"https:\\\/\\\/nitorlack.com\\\/fr\\\/\"},{\"@type\":\"ListItem\",\"position\":2,\"name\":\"Boutique\",\"item\":\"https:\\\/\\\/nitorlack.com\\\/fr\\\/boutique\\\/\"},{\"@type\":\"ListItem\",\"position\":3,\"name\":\"NITORLACK PRIMER\"}]},{\"@type\":\"WebSite\",\"@id\":\"https:\\\/\\\/nitorlack.com\\\/fr\\\/#website\",\"url\":\"https:\\\/\\\/nitorlack.com\\\/fr\\\/\",\"name\":\"Nitorlack\",\"description\":\"Guitar Lacquers\",\"publisher\":{\"@id\":\"https:\\\/\\\/nitorlack.com\\\/fr\\\/#organization\"},\"potentialAction\":[{\"@type\":\"SearchAction\",\"target\":{\"@type\":\"EntryPoint\",\"urlTemplate\":\"https:\\\/\\\/nitorlack.com\\\/fr\\\/?s={search_term_string}\"},\"query-input\":{\"@type\":\"PropertyValueSpecification\",\"valueRequired\":true,\"valueName\":\"search_term_string\"}}],\"inLanguage\":\"fr-FR\"},{\"@type\":\"Organization\",\"@id\":\"https:\\\/\\\/nitorlack.com\\\/fr\\\/#organization\",\"name\":\"Nitorlack\",\"url\":\"https:\\\/\\\/nitorlack.com\\\/fr\\\/\",\"logo\":{\"@type\":\"ImageObject\",\"inLanguage\":\"fr-FR\",\"@id\":\"https:\\\/\\\/nitorlack.com\\\/fr\\\/#\\\/schema\\\/logo\\\/image\\\/\",\"url\":\"http:\\\/\\\/nitorlack.com\\\/wp-content\\\/uploads\\\/2016\\\/02\\\/cropped-galleta-negra-1.jpg\",\"contentUrl\":\"http:\\\/\\\/nitorlack.com\\\/wp-content\\\/uploads\\\/2016\\\/02\\\/cropped-galleta-negra-1.jpg\",\"width\":512,\"height\":512,\"caption\":\"Nitorlack\"},\"image\":{\"@id\":\"https:\\\/\\\/nitorlack.com\\\/fr\\\/#\\\/schema\\\/logo\\\/image\\\/\"}}]}<\/script>\n<!-- \/ Yoast SEO plugin. -->","yoast_head_json":{"title":"NITORLACK PRIMER - Le meilleur scellant pour guitare","description":"Appr\u00eat \u00e0 la nitrocellulose pour recouvrir la guitare avant de commencer le processus de peinture. Disponible en diff\u00e9rentes couleurs et emballages","robots":{"index":"index","follow":"follow","max-snippet":"max-snippet:-1","max-image-preview":"max-image-preview:large","max-video-preview":"max-video-preview:-1"},"canonical":"https:\/\/nitorlack.com\/fr\/barniz\/bouche-pores\/nitrocellulose-fr-5\/nitorlack-primer-2\/","og_locale":"fr_FR","og_type":"article","og_title":"NITORLACK PRIMER - Le meilleur scellant pour guitare","og_description":"Appr\u00eat \u00e0 la nitrocellulose pour recouvrir la guitare avant de commencer le processus de peinture. Disponible en diff\u00e9rentes couleurs et emballages","og_url":"https:\/\/nitorlack.com\/fr\/barniz\/bouche-pores\/nitrocellulose-fr-5\/nitorlack-primer-2\/","og_site_name":"Nitorlack","article_modified_time":"2026-04-03T17:49:37+00:00","og_image":[{"width":1517,"height":1500,"url":"https:\/\/nitorlack.com\/wp-content\/uploads\/2022\/05\/IMG_9332FB_baja-2-e1671113341968.jpg","type":"image\/jpeg"}],"twitter_card":"summary_large_image","twitter_misc":{"Dur\u00e9e de lecture estim\u00e9e":"2 minutes"},"schema":{"@context":"https:\/\/schema.org","@graph":[{"@type":"WebPage","@id":"https:\/\/nitorlack.com\/fr\/barniz\/bouche-pores\/nitrocellulose-fr-5\/nitorlack-primer-2\/","url":"https:\/\/nitorlack.com\/fr\/barniz\/bouche-pores\/nitrocellulose-fr-5\/nitorlack-primer-2\/","name":"NITORLACK PRIMER - Le meilleur scellant pour guitare","isPartOf":{"@id":"https:\/\/nitorlack.com\/fr\/#website"},"primaryImageOfPage":{"@id":"https:\/\/nitorlack.com\/fr\/barniz\/bouche-pores\/nitrocellulose-fr-5\/nitorlack-primer-2\/#primaryimage"},"image":{"@id":"https:\/\/nitorlack.com\/fr\/barniz\/bouche-pores\/nitrocellulose-fr-5\/nitorlack-primer-2\/#primaryimage"},"thumbnailUrl":"https:\/\/nitorlack.com\/wp-content\/uploads\/2022\/05\/IMG_9332FB_baja-2-e1671113341968.jpg","datePublished":"2016-03-30T10:17:18+00:00","dateModified":"2026-04-03T17:49:37+00:00","description":"Appr\u00eat \u00e0 la nitrocellulose pour recouvrir la guitare avant de commencer le processus de peinture. Disponible en diff\u00e9rentes couleurs et emballages","breadcrumb":{"@id":"https:\/\/nitorlack.com\/fr\/barniz\/bouche-pores\/nitrocellulose-fr-5\/nitorlack-primer-2\/#breadcrumb"},"inLanguage":"fr-FR","potentialAction":[{"@type":"ReadAction","target":["https:\/\/nitorlack.com\/fr\/barniz\/bouche-pores\/nitrocellulose-fr-5\/nitorlack-primer-2\/"]}]},{"@type":"ImageObject","inLanguage":"fr-FR","@id":"https:\/\/nitorlack.com\/fr\/barniz\/bouche-pores\/nitrocellulose-fr-5\/nitorlack-primer-2\/#primaryimage","url":"https:\/\/nitorlack.com\/wp-content\/uploads\/2022\/05\/IMG_9332FB_baja-2-e1671113341968.jpg","contentUrl":"https:\/\/nitorlack.com\/wp-content\/uploads\/2022\/05\/IMG_9332FB_baja-2-e1671113341968.jpg","width":1517,"height":1500,"caption":"primer pour guitare"},{"@type":"BreadcrumbList","@id":"https:\/\/nitorlack.com\/fr\/barniz\/bouche-pores\/nitrocellulose-fr-5\/nitorlack-primer-2\/#breadcrumb","itemListElement":[{"@type":"ListItem","position":1,"name":"Page de Couverture","item":"https:\/\/nitorlack.com\/fr\/"},{"@type":"ListItem","position":2,"name":"Boutique","item":"https:\/\/nitorlack.com\/fr\/boutique\/"},{"@type":"ListItem","position":3,"name":"NITORLACK PRIMER"}]},{"@type":"WebSite","@id":"https:\/\/nitorlack.com\/fr\/#website","url":"https:\/\/nitorlack.com\/fr\/","name":"Nitorlack","description":"Guitar Lacquers","publisher":{"@id":"https:\/\/nitorlack.com\/fr\/#organization"},"potentialAction":[{"@type":"SearchAction","target":{"@type":"EntryPoint","urlTemplate":"https:\/\/nitorlack.com\/fr\/?s={search_term_string}"},"query-input":{"@type":"PropertyValueSpecification","valueRequired":true,"valueName":"search_term_string"}}],"inLanguage":"fr-FR"},{"@type":"Organization","@id":"https:\/\/nitorlack.com\/fr\/#organization","name":"Nitorlack","url":"https:\/\/nitorlack.com\/fr\/","logo":{"@type":"ImageObject","inLanguage":"fr-FR","@id":"https:\/\/nitorlack.com\/fr\/#\/schema\/logo\/image\/","url":"http:\/\/nitorlack.com\/wp-content\/uploads\/2016\/02\/cropped-galleta-negra-1.jpg","contentUrl":"http:\/\/nitorlack.com\/wp-content\/uploads\/2016\/02\/cropped-galleta-negra-1.jpg","width":512,"height":512,"caption":"Nitorlack"},"image":{"@id":"https:\/\/nitorlack.com\/fr\/#\/schema\/logo\/image\/"}}]}},"_links":{"self":[{"href":"https:\/\/nitorlack.com\/fr\/wp-json\/wp\/v2\/product\/3448","targetHints":{"allow":["GET"]}}],"collection":[{"href":"https:\/\/nitorlack.com\/fr\/wp-json\/wp\/v2\/product"}],"about":[{"href":"https:\/\/nitorlack.com\/fr\/wp-json\/wp\/v2\/types\/product"}],"replies":[{"embeddable":true,"href":"https:\/\/nitorlack.com\/fr\/wp-json\/wp\/v2\/comments?post=3448"}],"wp:featuredmedia":[{"embeddable":true,"href":"https:\/\/nitorlack.com\/fr\/wp-json\/wp\/v2\/media\/58745"}],"wp:attachment":[{"href":"https:\/\/nitorlack.com\/fr\/wp-json\/wp\/v2\/media?parent=3448"}],"wp:term":[{"taxonomy":"product_brand","embeddable":true,"href":"https:\/\/nitorlack.com\/fr\/wp-json\/wp\/v2\/product_brand?post=3448"},{"taxonomy":"product_cat","embeddable":true,"href":"https:\/\/nitorlack.com\/fr\/wp-json\/wp\/v2\/product_cat?post=3448"},{"taxonomy":"product_tag","embeddable":true,"href":"https:\/\/nitorlack.com\/fr\/wp-json\/wp\/v2\/product_tag?post=3448"}],"curies":[{"name":"wp","href":"https:\/\/api.w.org\/{rel}","templated":true}]}}