{"id":3436,"date":"2016-03-30T12:17:18","date_gmt":"2016-03-30T10:17:18","guid":{"rendered":"http:\/\/nitorlack.com\/product\/nitorlack-lacquer-gloss\/"},"modified":"2026-05-13T12:25:33","modified_gmt":"2026-05-13T10:25:33","slug":"nitorlack-lacquer-gloss-2","status":"publish","type":"product","link":"https:\/\/nitorlack.com\/fr\/barniz\/finitions\/nitrocellulose-finitions\/nitorlack-lacquer-gloss-2\/","title":{"rendered":"NITORLACK LACQUER"},"content":{"rendered":"<div class=\"wpb-content-wrapper\"><p>[vc_row][vc_column][vc_single_image image=\u00a0\u00bb86002&Prime; img_size=\u00a0\u00bblarge\u00a0\u00bb alignment=\u00a0\u00bbcenter\u00a0\u00bb css=\u00a0\u00bb\u00a0\u00bb][vc_column_text]<\/p>\n<h2 style=\"text-align: center;\">Finition Vernis Nitrocellulosique<\/h2>\n<p>[\/vc_column_text][\/vc_column][\/vc_row][vc_row][vc_column][vc_column_text css=\u00a0\u00bb\u00a0\u00bb]Elle permet de fusionner couche apr\u00e8s couche les mains de <strong>vernis nitro<\/strong> avec la guitare, laissant respirer le bois senza entraver ni modifier le son produit par le corps de l&rsquo;instrument, obtenant ainsi une vibration pure.<\/p>\n<p>Laque nitro \u00e0 haute \u00e9lasticit\u00e9, propri\u00e9t\u00e9s anti-fa\u00efen\u00e7age, effet miroir.<\/p>\n<p>Application, r\u00e9paration et entretien tr\u00e8s faciles.<\/p>\n<p>Ce type de <strong>vernis<\/strong> est la finition la plus utilis\u00e9e dans le monde de la guitare ; ce n&rsquo;est pas pour rien qu&rsquo;il s&rsquo;agit d&rsquo;une excellente option pour terminer le processus de personnalisation de votre guitare.<\/p>\n<p>Si vous souhaitez plus d&rsquo;informations sur le fonctionnement de la finition au <strong>nitrocellulose sur une guitare<\/strong>, vous trouverez sur notre blog un article o\u00f9 un professionnel d\u00e9taille son application, tant au niveau informatif que sous forme de tutoriel.<\/p>\n<p>&#8211;<a href=\"https:\/\/nitorlack.com\/fr\/blog\/finition-nitro-est-ce-la-meilleure-option-pour-vernir-une-guitare\/\">Comparaison entre polyur\u00e9thane et nitrocellulose<\/a><\/p>\n<p><a href=\"https:\/\/nitorlack.com\/fr\/blog\/comment-decaper-une-guitare\/\">&#8211; Comment d\u00e9caper le vernis d&rsquo;une guitare<\/a><\/p>\n<p><a href=\"https:\/\/nitorlack.com\/fr\/blog\/comment-peindre-une-guitare-en-vernis-nitrocellulosique-a-partir-de-zero-etape-par-etape\/\">&#8211; Comment peindre au nitrocellulose : guide<\/a><\/p>\n<p><a href=\"https:\/\/nitorlack.com\/fr\/blog\/vernis-nitrocellulose-tout-ce-que-vous-devez-savoir\/\">&#8211; Vernis nitro : son histoire et son application sur la guitare<\/a><\/p>\n<p><b>\u00a0 \u00a0 \u00a0 \u00a0 \u00a0 \u00a0<\/b>[\/vc_column_text][\/vc_column][\/vc_row]<\/p>\n<\/div>","protected":false},"excerpt":{"rendered":"<p>Finition <strong>NITROCELLULOSE<\/strong> INCOLORE\u00a0peinture haute brillance sp\u00e9cialement d\u00e9velopp\u00e9 pour la guitare.\u00a0\u00a0<strong>BRILLANT, SATIN ou MAT, SPRAY ou BO\u00ceTE.<\/strong><\/p>\n<p>Obtenir fusionner couche par couche des mains de vernis avec guitare, laissant le bois transpirer sans interf\u00e9rer ou modifier le son reproduit par le corps de la guitare, obtenir une vibration pure.<\/p>\n<p>Nitrocellulose avec une grande \u00e9lasticit\u00e9, anti-craquelures, effet miroir.<\/p>\n","protected":false},"featured_media":58745,"comment_status":"open","ping_status":"closed","template":"","meta":{"om_disable_all_campaigns":false,"site-sidebar-layout":"no-sidebar","site-content-layout":"plain-container","ast-site-content-layout":"normal-width-container","site-content-style":"unboxed","site-sidebar-style":"unboxed","ast-global-header-display":"","ast-banner-title-visibility":"","ast-main-header-display":"","ast-hfb-above-header-display":"","ast-hfb-below-header-display":"","ast-hfb-mobile-header-display":"","site-post-title":"disabled","ast-breadcrumbs-content":"","ast-featured-img":"disabled","footer-sml-layout":"","ast-disable-related-posts":"","theme-transparent-header-meta":"default","adv-header-id-meta":"","stick-header-meta":"default","header-above-stick-meta":"","header-main-stick-meta":"","header-below-stick-meta":"","astra-migrate-meta-layouts":"set","ast-page-background-enabled":"default","ast-page-background-meta":{"desktop":{"background-color":"var(--ast-global-color-4)","background-image":"","background-repeat":"repeat","background-position":"center center","background-size":"auto","background-attachment":"scroll","background-type":"","background-media":"","overlay-type":"","overlay-color":"","overlay-opacity":"","overlay-gradient":""},"tablet":{"background-color":"","background-image":"","background-repeat":"repeat","background-position":"center center","background-size":"auto","background-attachment":"scroll","background-type":"","background-media":"","overlay-type":"","overlay-color":"","overlay-opacity":"","overlay-gradient":""},"mobile":{"background-color":"","background-image":"","background-repeat":"repeat","background-position":"center center","background-size":"auto","background-attachment":"scroll","background-type":"","background-media":"","overlay-type":"","overlay-color":"","overlay-opacity":"","overlay-gradient":""}},"ast-content-background-meta":{"desktop":{"background-color":"var(--ast-global-color-5)","background-image":"","background-repeat":"repeat","background-position":"center center","background-size":"auto","background-attachment":"scroll","background-type":"","background-media":"","overlay-type":"","overlay-color":"","overlay-opacity":"","overlay-gradient":""},"tablet":{"background-color":"var(--ast-global-color-5)","background-image":"","background-repeat":"repeat","background-position":"center center","background-size":"auto","background-attachment":"scroll","background-type":"","background-media":"","overlay-type":"","overlay-color":"","overlay-opacity":"","overlay-gradient":""},"mobile":{"background-color":"var(--ast-global-color-5)","background-image":"","background-repeat":"repeat","background-position":"center center","background-size":"auto","background-attachment":"scroll","background-type":"","background-media":"","overlay-type":"","overlay-color":"","overlay-opacity":"","overlay-gradient":""}}},"product_brand":[],"product_cat":[80,283],"product_tag":[],"class_list":{"0":"post-3436","1":"product","2":"type-product","3":"status-publish","4":"has-post-thumbnail","6":"product_cat-finitions","7":"product_cat-nitrocellulose-finitions","8":"desktop-align-center","9":"tablet-align-center","10":"mobile-align-center","11":"ast-product-gallery-layout-horizontal-slider","12":"ast-product-gallery-with-no-image","13":"ast-product-single-variable","14":"ast-product-tabs-layout-horizontal","16":"first","17":"instock","18":"taxable","19":"shipping-taxable","20":"purchasable","21":"product-type-variable"},"bundled_by":[],"bundle_stock_status":"instock","bundle_stock_quantity":5000,"bundle_virtual":false,"bundle_layout":"","bundle_add_to_cart_form_location":"","bundle_editable_in_cart":false,"bundle_sold_individually_context":"","bundle_item_grouping":"","bundle_min_size":"","bundle_max_size":"","bundle_price":[],"bundled_items":[],"bundle_sell_ids":[],"yoast_head":"<!-- This site is optimized with the Yoast SEO plugin v27.6 - https:\/\/yoast.com\/product\/yoast-seo-wordpress\/ -->\n<title>NITORLACK LACQUER | Finition brillante pour guitare<\/title>\n<meta name=\"description\" content=\"Finition brillante pour guitares - D\u00e9velopp\u00e9e sp\u00e9cifiquement pour les guitares. Am\u00e9liore la capacit\u00e9 de vibration de la guitare et affecte positivement le son.\" \/>\n<meta name=\"robots\" content=\"index, follow, max-snippet:-1, max-image-preview:large, max-video-preview:-1\" \/>\n<link rel=\"canonical\" href=\"https:\/\/nitorlack.com\/fr\/barniz\/finitions\/nitrocellulose-finitions\/nitorlack-lacquer-gloss-2\/\" \/>\n<meta property=\"og:locale\" content=\"fr_FR\" \/>\n<meta property=\"og:type\" content=\"article\" \/>\n<meta property=\"og:title\" content=\"NITORLACK LACQUER | Finition brillante pour guitare\" \/>\n<meta property=\"og:description\" content=\"Finition brillante pour guitares - D\u00e9velopp\u00e9e sp\u00e9cifiquement pour les guitares. Am\u00e9liore la capacit\u00e9 de vibration de la guitare et affecte positivement le son.\" \/>\n<meta property=\"og:url\" content=\"https:\/\/nitorlack.com\/fr\/barniz\/finitions\/nitrocellulose-finitions\/nitorlack-lacquer-gloss-2\/\" \/>\n<meta property=\"og:site_name\" content=\"Nitorlack\" \/>\n<meta property=\"article:modified_time\" content=\"2026-05-13T10:25:33+00:00\" \/>\n<meta property=\"og:image\" content=\"https:\/\/nitorlack.com\/wp-content\/uploads\/2022\/05\/IMG_9332FB_baja-2-e1671113341968.jpg\" \/>\n\t<meta property=\"og:image:width\" content=\"1517\" \/>\n\t<meta property=\"og:image:height\" content=\"1500\" \/>\n\t<meta property=\"og:image:type\" content=\"image\/jpeg\" \/>\n<meta name=\"twitter:card\" content=\"summary_large_image\" \/>\n<meta name=\"twitter:label1\" content=\"Dur\u00e9e de lecture estim\u00e9e\" \/>\n\t<meta name=\"twitter:data1\" content=\"2 minutes\" \/>\n<script type=\"application\/ld+json\" class=\"yoast-schema-graph\">{\"@context\":\"https:\\\/\\\/schema.org\",\"@graph\":[{\"@type\":\"WebPage\",\"@id\":\"https:\\\/\\\/nitorlack.com\\\/fr\\\/barniz\\\/finitions\\\/nitrocellulose-finitions\\\/nitorlack-lacquer-gloss-2\\\/\",\"url\":\"https:\\\/\\\/nitorlack.com\\\/fr\\\/barniz\\\/finitions\\\/nitrocellulose-finitions\\\/nitorlack-lacquer-gloss-2\\\/\",\"name\":\"NITORLACK LACQUER | Finition brillante pour guitare\",\"isPartOf\":{\"@id\":\"https:\\\/\\\/nitorlack.com\\\/fr\\\/#website\"},\"primaryImageOfPage\":{\"@id\":\"https:\\\/\\\/nitorlack.com\\\/fr\\\/barniz\\\/finitions\\\/nitrocellulose-finitions\\\/nitorlack-lacquer-gloss-2\\\/#primaryimage\"},\"image\":{\"@id\":\"https:\\\/\\\/nitorlack.com\\\/fr\\\/barniz\\\/finitions\\\/nitrocellulose-finitions\\\/nitorlack-lacquer-gloss-2\\\/#primaryimage\"},\"thumbnailUrl\":\"https:\\\/\\\/nitorlack.com\\\/wp-content\\\/uploads\\\/2022\\\/05\\\/IMG_9332FB_baja-2-e1671113341968.jpg\",\"datePublished\":\"2016-03-30T10:17:18+00:00\",\"dateModified\":\"2026-05-13T10:25:33+00:00\",\"description\":\"Finition brillante pour guitares - D\u00e9velopp\u00e9e sp\u00e9cifiquement pour les guitares. Am\u00e9liore la capacit\u00e9 de vibration de la guitare et affecte positivement le son.\",\"breadcrumb\":{\"@id\":\"https:\\\/\\\/nitorlack.com\\\/fr\\\/barniz\\\/finitions\\\/nitrocellulose-finitions\\\/nitorlack-lacquer-gloss-2\\\/#breadcrumb\"},\"inLanguage\":\"fr-FR\",\"potentialAction\":[{\"@type\":\"ReadAction\",\"target\":[\"https:\\\/\\\/nitorlack.com\\\/fr\\\/barniz\\\/finitions\\\/nitrocellulose-finitions\\\/nitorlack-lacquer-gloss-2\\\/\"]}]},{\"@type\":\"ImageObject\",\"inLanguage\":\"fr-FR\",\"@id\":\"https:\\\/\\\/nitorlack.com\\\/fr\\\/barniz\\\/finitions\\\/nitrocellulose-finitions\\\/nitorlack-lacquer-gloss-2\\\/#primaryimage\",\"url\":\"https:\\\/\\\/nitorlack.com\\\/wp-content\\\/uploads\\\/2022\\\/05\\\/IMG_9332FB_baja-2-e1671113341968.jpg\",\"contentUrl\":\"https:\\\/\\\/nitorlack.com\\\/wp-content\\\/uploads\\\/2022\\\/05\\\/IMG_9332FB_baja-2-e1671113341968.jpg\",\"width\":1517,\"height\":1500,\"caption\":\"primer pour guitare\"},{\"@type\":\"BreadcrumbList\",\"@id\":\"https:\\\/\\\/nitorlack.com\\\/fr\\\/barniz\\\/finitions\\\/nitrocellulose-finitions\\\/nitorlack-lacquer-gloss-2\\\/#breadcrumb\",\"itemListElement\":[{\"@type\":\"ListItem\",\"position\":1,\"name\":\"Page de Couverture\",\"item\":\"https:\\\/\\\/nitorlack.com\\\/fr\\\/\"},{\"@type\":\"ListItem\",\"position\":2,\"name\":\"Boutique\",\"item\":\"https:\\\/\\\/nitorlack.com\\\/fr\\\/boutique\\\/\"},{\"@type\":\"ListItem\",\"position\":3,\"name\":\"NITORLACK LACQUER\"}]},{\"@type\":\"WebSite\",\"@id\":\"https:\\\/\\\/nitorlack.com\\\/fr\\\/#website\",\"url\":\"https:\\\/\\\/nitorlack.com\\\/fr\\\/\",\"name\":\"Nitorlack\",\"description\":\"Guitar Lacquers\",\"publisher\":{\"@id\":\"https:\\\/\\\/nitorlack.com\\\/fr\\\/#organization\"},\"potentialAction\":[{\"@type\":\"SearchAction\",\"target\":{\"@type\":\"EntryPoint\",\"urlTemplate\":\"https:\\\/\\\/nitorlack.com\\\/fr\\\/?s={search_term_string}\"},\"query-input\":{\"@type\":\"PropertyValueSpecification\",\"valueRequired\":true,\"valueName\":\"search_term_string\"}}],\"inLanguage\":\"fr-FR\"},{\"@type\":\"Organization\",\"@id\":\"https:\\\/\\\/nitorlack.com\\\/fr\\\/#organization\",\"name\":\"Nitorlack\",\"url\":\"https:\\\/\\\/nitorlack.com\\\/fr\\\/\",\"logo\":{\"@type\":\"ImageObject\",\"inLanguage\":\"fr-FR\",\"@id\":\"https:\\\/\\\/nitorlack.com\\\/fr\\\/#\\\/schema\\\/logo\\\/image\\\/\",\"url\":\"http:\\\/\\\/nitorlack.com\\\/wp-content\\\/uploads\\\/2016\\\/02\\\/cropped-galleta-negra-1.jpg\",\"contentUrl\":\"http:\\\/\\\/nitorlack.com\\\/wp-content\\\/uploads\\\/2016\\\/02\\\/cropped-galleta-negra-1.jpg\",\"width\":512,\"height\":512,\"caption\":\"Nitorlack\"},\"image\":{\"@id\":\"https:\\\/\\\/nitorlack.com\\\/fr\\\/#\\\/schema\\\/logo\\\/image\\\/\"}}]}<\/script>\n<!-- \/ Yoast SEO plugin. -->","yoast_head_json":{"title":"NITORLACK LACQUER | Finition brillante pour guitare","description":"Finition brillante pour guitares - D\u00e9velopp\u00e9e sp\u00e9cifiquement pour les guitares. Am\u00e9liore la capacit\u00e9 de vibration de la guitare et affecte positivement le son.","robots":{"index":"index","follow":"follow","max-snippet":"max-snippet:-1","max-image-preview":"max-image-preview:large","max-video-preview":"max-video-preview:-1"},"canonical":"https:\/\/nitorlack.com\/fr\/barniz\/finitions\/nitrocellulose-finitions\/nitorlack-lacquer-gloss-2\/","og_locale":"fr_FR","og_type":"article","og_title":"NITORLACK LACQUER | Finition brillante pour guitare","og_description":"Finition brillante pour guitares - D\u00e9velopp\u00e9e sp\u00e9cifiquement pour les guitares. Am\u00e9liore la capacit\u00e9 de vibration de la guitare et affecte positivement le son.","og_url":"https:\/\/nitorlack.com\/fr\/barniz\/finitions\/nitrocellulose-finitions\/nitorlack-lacquer-gloss-2\/","og_site_name":"Nitorlack","article_modified_time":"2026-05-13T10:25:33+00:00","og_image":[{"width":1517,"height":1500,"url":"https:\/\/nitorlack.com\/wp-content\/uploads\/2022\/05\/IMG_9332FB_baja-2-e1671113341968.jpg","type":"image\/jpeg"}],"twitter_card":"summary_large_image","twitter_misc":{"Dur\u00e9e de lecture estim\u00e9e":"2 minutes"},"schema":{"@context":"https:\/\/schema.org","@graph":[{"@type":"WebPage","@id":"https:\/\/nitorlack.com\/fr\/barniz\/finitions\/nitrocellulose-finitions\/nitorlack-lacquer-gloss-2\/","url":"https:\/\/nitorlack.com\/fr\/barniz\/finitions\/nitrocellulose-finitions\/nitorlack-lacquer-gloss-2\/","name":"NITORLACK LACQUER | Finition brillante pour guitare","isPartOf":{"@id":"https:\/\/nitorlack.com\/fr\/#website"},"primaryImageOfPage":{"@id":"https:\/\/nitorlack.com\/fr\/barniz\/finitions\/nitrocellulose-finitions\/nitorlack-lacquer-gloss-2\/#primaryimage"},"image":{"@id":"https:\/\/nitorlack.com\/fr\/barniz\/finitions\/nitrocellulose-finitions\/nitorlack-lacquer-gloss-2\/#primaryimage"},"thumbnailUrl":"https:\/\/nitorlack.com\/wp-content\/uploads\/2022\/05\/IMG_9332FB_baja-2-e1671113341968.jpg","datePublished":"2016-03-30T10:17:18+00:00","dateModified":"2026-05-13T10:25:33+00:00","description":"Finition brillante pour guitares - D\u00e9velopp\u00e9e sp\u00e9cifiquement pour les guitares. Am\u00e9liore la capacit\u00e9 de vibration de la guitare et affecte positivement le son.","breadcrumb":{"@id":"https:\/\/nitorlack.com\/fr\/barniz\/finitions\/nitrocellulose-finitions\/nitorlack-lacquer-gloss-2\/#breadcrumb"},"inLanguage":"fr-FR","potentialAction":[{"@type":"ReadAction","target":["https:\/\/nitorlack.com\/fr\/barniz\/finitions\/nitrocellulose-finitions\/nitorlack-lacquer-gloss-2\/"]}]},{"@type":"ImageObject","inLanguage":"fr-FR","@id":"https:\/\/nitorlack.com\/fr\/barniz\/finitions\/nitrocellulose-finitions\/nitorlack-lacquer-gloss-2\/#primaryimage","url":"https:\/\/nitorlack.com\/wp-content\/uploads\/2022\/05\/IMG_9332FB_baja-2-e1671113341968.jpg","contentUrl":"https:\/\/nitorlack.com\/wp-content\/uploads\/2022\/05\/IMG_9332FB_baja-2-e1671113341968.jpg","width":1517,"height":1500,"caption":"primer pour guitare"},{"@type":"BreadcrumbList","@id":"https:\/\/nitorlack.com\/fr\/barniz\/finitions\/nitrocellulose-finitions\/nitorlack-lacquer-gloss-2\/#breadcrumb","itemListElement":[{"@type":"ListItem","position":1,"name":"Page de Couverture","item":"https:\/\/nitorlack.com\/fr\/"},{"@type":"ListItem","position":2,"name":"Boutique","item":"https:\/\/nitorlack.com\/fr\/boutique\/"},{"@type":"ListItem","position":3,"name":"NITORLACK LACQUER"}]},{"@type":"WebSite","@id":"https:\/\/nitorlack.com\/fr\/#website","url":"https:\/\/nitorlack.com\/fr\/","name":"Nitorlack","description":"Guitar Lacquers","publisher":{"@id":"https:\/\/nitorlack.com\/fr\/#organization"},"potentialAction":[{"@type":"SearchAction","target":{"@type":"EntryPoint","urlTemplate":"https:\/\/nitorlack.com\/fr\/?s={search_term_string}"},"query-input":{"@type":"PropertyValueSpecification","valueRequired":true,"valueName":"search_term_string"}}],"inLanguage":"fr-FR"},{"@type":"Organization","@id":"https:\/\/nitorlack.com\/fr\/#organization","name":"Nitorlack","url":"https:\/\/nitorlack.com\/fr\/","logo":{"@type":"ImageObject","inLanguage":"fr-FR","@id":"https:\/\/nitorlack.com\/fr\/#\/schema\/logo\/image\/","url":"http:\/\/nitorlack.com\/wp-content\/uploads\/2016\/02\/cropped-galleta-negra-1.jpg","contentUrl":"http:\/\/nitorlack.com\/wp-content\/uploads\/2016\/02\/cropped-galleta-negra-1.jpg","width":512,"height":512,"caption":"Nitorlack"},"image":{"@id":"https:\/\/nitorlack.com\/fr\/#\/schema\/logo\/image\/"}}]}},"_links":{"self":[{"href":"https:\/\/nitorlack.com\/fr\/wp-json\/wp\/v2\/product\/3436","targetHints":{"allow":["GET"]}}],"collection":[{"href":"https:\/\/nitorlack.com\/fr\/wp-json\/wp\/v2\/product"}],"about":[{"href":"https:\/\/nitorlack.com\/fr\/wp-json\/wp\/v2\/types\/product"}],"replies":[{"embeddable":true,"href":"https:\/\/nitorlack.com\/fr\/wp-json\/wp\/v2\/comments?post=3436"}],"wp:featuredmedia":[{"embeddable":true,"href":"https:\/\/nitorlack.com\/fr\/wp-json\/wp\/v2\/media\/58745"}],"wp:attachment":[{"href":"https:\/\/nitorlack.com\/fr\/wp-json\/wp\/v2\/media?parent=3436"}],"wp:term":[{"taxonomy":"product_brand","embeddable":true,"href":"https:\/\/nitorlack.com\/fr\/wp-json\/wp\/v2\/product_brand?post=3436"},{"taxonomy":"product_cat","embeddable":true,"href":"https:\/\/nitorlack.com\/fr\/wp-json\/wp\/v2\/product_cat?post=3436"},{"taxonomy":"product_tag","embeddable":true,"href":"https:\/\/nitorlack.com\/fr\/wp-json\/wp\/v2\/product_tag?post=3436"}],"curies":[{"name":"wp","href":"https:\/\/api.w.org\/{rel}","templated":true}]}}