{"id":34305,"date":"2020-07-27T09:07:32","date_gmt":"2020-07-27T07:07:32","guid":{"rendered":"http:\/\/nitorlack.com\/barniz\/non%20class\u00e9\/nitorlack-polish-cleaner-nettoyant-pour-guitare\/"},"modified":"2026-04-08T19:08:24","modified_gmt":"2026-04-08T17:08:24","slug":"nitorlack-polish-cleaner-nettoyant-pour-guitare","status":"publish","type":"product","link":"https:\/\/nitorlack.com\/fr\/barniz\/accessories\/divers-fr\/nitorlack-polish-cleaner-nettoyant-pour-guitare\/","title":{"rendered":"POLISH &#038; CLEANER"},"content":{"rendered":"<div class=\"wpb-content-wrapper\"><p>[vc_row][vc_column][vc_column_text]<\/p>\n<h2 style=\"text-align: left;\">Nettoyant et polish pour guitare<\/h2>\n<p><strong>Nitorlack Polish &amp; Cleaner<\/strong> est Guitar polish et nettoyant con\u00e7u pour l&rsquo;entretien quotidien de votre guitare et pour nettoyer toutes sortes d&rsquo;instruments avec toutes sortes de finitions.<\/p>\n<p>Notre nettoyeur et polisseur de guitare est le r\u00e9sultat de toute notre exp\u00e9rience dans la fabrication de vernis pour instruments de musique, qui mieux que nous pour fabriquer un produit pour l&rsquo;entretien de la finition de la guitare.<\/p>\n<p>\u00c9liminez les traces de poussi\u00e8re, empreintes digitales, marques de surface et am\u00e9liorez la luminosit\u00e9 de votre instrument. De plus, avec une utilisation continue, l&rsquo;instrument acquiert un parfum de vanille \u00ab\u00a0vintage\u00a0\u00bb tr\u00e8s agr\u00e9able. Chaque musicien sait qu&rsquo;un entretien r\u00e9gulier des instruments est un must pour votre guitare bien-aim\u00e9e.<\/p>\n<p>Le nettoyant Nitorlack a \u00e9t\u00e9 sp\u00e9cialement con\u00e7u pour garder votre guitare brillante et propre. Il est \u00e9galement compatible avec les finitions nitrocellulosique et polyur\u00e9thane. Nitorlack Polish &amp; Cleaner <strong>ne contient pas de silicones.<\/strong><\/p>\n<p>Am\u00e9liorez la brillance de votre guitare en cr\u00e9ant une microcouche protectrice et r\u00e9sistante.<\/p>\n<p><strong>-Comment utiliser: <\/strong><\/p>\n<ul>\n<li>Agitez vigoureusement le produit avant de l&rsquo;utiliser.<\/li>\n<li>Appliquer directement sur la surface \u00e0 traiter ou sur un chiffon et frotter jusqu&rsquo;\u00e0 ce qu&rsquo;il ne reste plus de produit sur l&rsquo;instrument.<\/li>\n<li>Facile \u00e0 appliquer. Nettoie, adoucit, am\u00e9liore la brillance et \u00e9limine les traces de sueur, de salet\u00e9 et de traces de doigts.<\/li>\n<li>Non toxique Biod\u00e9gradable PAS de silicone Compatible avec toutes sortes de finitions Bouteille de 125 ml<\/li>\n<\/ul>\n<p>[\/vc_column_text][\/vc_column][\/vc_row][vc_row][vc_column][vc_video link=\u00a0\u00bbhttps:\/\/youtu.be\/Ev2mTQYq4wU?si=TGZUdYhdclQNffL7&Prime; el_width=\u00a0\u00bb80&Prime; align=\u00a0\u00bbcenter\u00a0\u00bb css=\u00a0\u00bb\u00a0\u00bb][\/vc_column][\/vc_row]<\/p>\n<\/div>","protected":false},"excerpt":{"rendered":"<p><strong>Nitorlack Polish &amp; Cleaner<\/strong> est Guitar polish et nettoyant con\u00e7u pour l&rsquo;entretien quotidien de votre guitare et pour nettoyer toutes sortes d&rsquo;instruments avec toutes sortes de finitions.<\/p>\n<p>Am\u00e9liorez la brillance de votre guitare en cr\u00e9ant une microcouche protectrice et r\u00e9sistante.<\/p>\n<ul>\n<li>Non toxique<\/li>\n<li>Biod\u00e9gradable<\/li>\n<li>PAS de silicone<\/li>\n<li>Compatible avec toutes sortes de finitions<\/li>\n<\/ul>\n<p>Bouteille de 125 ml<\/p>\n","protected":false},"featured_media":74727,"comment_status":"open","ping_status":"closed","template":"","meta":{"om_disable_all_campaigns":false,"site-sidebar-layout":"no-sidebar","site-content-layout":"plain-container","ast-site-content-layout":"normal-width-container","site-content-style":"unboxed","site-sidebar-style":"unboxed","ast-global-header-display":"","ast-banner-title-visibility":"","ast-main-header-display":"","ast-hfb-above-header-display":"","ast-hfb-below-header-display":"","ast-hfb-mobile-header-display":"","site-post-title":"disabled","ast-breadcrumbs-content":"","ast-featured-img":"disabled","footer-sml-layout":"","ast-disable-related-posts":"","theme-transparent-header-meta":"default","adv-header-id-meta":"","stick-header-meta":"default","header-above-stick-meta":"","header-main-stick-meta":"","header-below-stick-meta":"","astra-migrate-meta-layouts":"set","ast-page-background-enabled":"default","ast-page-background-meta":{"desktop":{"background-color":"var(--ast-global-color-4)","background-image":"","background-repeat":"repeat","background-position":"center center","background-size":"auto","background-attachment":"scroll","background-type":"","background-media":"","overlay-type":"","overlay-color":"","overlay-opacity":"","overlay-gradient":""},"tablet":{"background-color":"","background-image":"","background-repeat":"repeat","background-position":"center center","background-size":"auto","background-attachment":"scroll","background-type":"","background-media":"","overlay-type":"","overlay-color":"","overlay-opacity":"","overlay-gradient":""},"mobile":{"background-color":"","background-image":"","background-repeat":"repeat","background-position":"center center","background-size":"auto","background-attachment":"scroll","background-type":"","background-media":"","overlay-type":"","overlay-color":"","overlay-opacity":"","overlay-gradient":""}},"ast-content-background-meta":{"desktop":{"background-color":"var(--ast-global-color-5)","background-image":"","background-repeat":"repeat","background-position":"center center","background-size":"auto","background-attachment":"scroll","background-type":"","background-media":"","overlay-type":"","overlay-color":"","overlay-opacity":"","overlay-gradient":""},"tablet":{"background-color":"var(--ast-global-color-5)","background-image":"","background-repeat":"repeat","background-position":"center center","background-size":"auto","background-attachment":"scroll","background-type":"","background-media":"","overlay-type":"","overlay-color":"","overlay-opacity":"","overlay-gradient":""},"mobile":{"background-color":"var(--ast-global-color-5)","background-image":"","background-repeat":"repeat","background-position":"center center","background-size":"auto","background-attachment":"scroll","background-type":"","background-media":"","overlay-type":"","overlay-color":"","overlay-opacity":"","overlay-gradient":""}}},"product_brand":[],"product_cat":[85,338],"product_tag":[],"class_list":{"0":"post-34305","1":"product","2":"type-product","3":"status-publish","4":"has-post-thumbnail","6":"product_cat-accessories","7":"product_cat-divers-fr","8":"desktop-align-center","9":"tablet-align-center","10":"mobile-align-center","11":"ast-product-gallery-layout-horizontal-slider","12":"ast-product-gallery-with-no-image","13":"ast-product-tabs-layout-horizontal","15":"first","16":"instock","17":"featured","18":"taxable","19":"shipping-taxable","20":"purchasable","21":"product-type-simple"},"bundled_by":[],"bundle_stock_status":"instock","bundle_stock_quantity":591,"bundle_virtual":false,"bundle_layout":"","bundle_add_to_cart_form_location":"","bundle_editable_in_cart":false,"bundle_sold_individually_context":"","bundle_item_grouping":"","bundle_min_size":"","bundle_max_size":"","bundle_price":[],"bundled_items":[],"bundle_sell_ids":[],"yoast_head":"<!-- This site is optimized with the Yoast SEO plugin v27.3 - https:\/\/yoast.com\/product\/yoast-seo-wordpress\/ -->\n<title>Nettoyant pour guitare Nitorlack | POLISH &amp; CLEANER<\/title>\n<meta name=\"description\" content=\"Nettoyant pour guitare indiqu\u00e9 pour l&#039;entretien quotidien et pour faire briller votre guitare. Compatible avec la nitrocellulose.\" \/>\n<meta name=\"robots\" content=\"index, follow, max-snippet:-1, max-image-preview:large, max-video-preview:-1\" \/>\n<link rel=\"canonical\" href=\"https:\/\/nitorlack.com\/fr\/barniz\/accessories\/divers-fr\/nitorlack-polish-cleaner-nettoyant-pour-guitare\/\" \/>\n<meta property=\"og:locale\" content=\"fr_FR\" \/>\n<meta property=\"og:type\" content=\"article\" \/>\n<meta property=\"og:title\" content=\"Nettoyant pour guitare Nitorlack | POLISH &amp; CLEANER\" \/>\n<meta property=\"og:description\" content=\"Nettoyant pour guitare indiqu\u00e9 pour l&#039;entretien quotidien et pour faire briller votre guitare. Compatible avec la nitrocellulose.\" \/>\n<meta property=\"og:url\" content=\"https:\/\/nitorlack.com\/fr\/barniz\/accessories\/divers-fr\/nitorlack-polish-cleaner-nettoyant-pour-guitare\/\" \/>\n<meta property=\"og:site_name\" content=\"Nitorlack\" \/>\n<meta property=\"article:modified_time\" content=\"2026-04-08T17:08:24+00:00\" \/>\n<meta property=\"og:image\" content=\"https:\/\/nitorlack.com\/wp-content\/uploads\/2024\/09\/limpiador.jpg\" \/>\n\t<meta property=\"og:image:width\" content=\"1200\" \/>\n\t<meta property=\"og:image:height\" content=\"1200\" \/>\n\t<meta property=\"og:image:type\" content=\"image\/jpeg\" \/>\n<meta name=\"twitter:card\" content=\"summary_large_image\" \/>\n<meta name=\"twitter:label1\" content=\"Dur\u00e9e de lecture estim\u00e9e\" \/>\n\t<meta name=\"twitter:data1\" content=\"1 minute\" \/>\n<script type=\"application\/ld+json\" class=\"yoast-schema-graph\">{\"@context\":\"https:\\\/\\\/schema.org\",\"@graph\":[{\"@type\":\"WebPage\",\"@id\":\"https:\\\/\\\/nitorlack.com\\\/fr\\\/barniz\\\/accessories\\\/divers-fr\\\/nitorlack-polish-cleaner-nettoyant-pour-guitare\\\/\",\"url\":\"https:\\\/\\\/nitorlack.com\\\/fr\\\/barniz\\\/accessories\\\/divers-fr\\\/nitorlack-polish-cleaner-nettoyant-pour-guitare\\\/\",\"name\":\"Nettoyant pour guitare Nitorlack | POLISH & CLEANER\",\"isPartOf\":{\"@id\":\"https:\\\/\\\/nitorlack.com\\\/fr\\\/#website\"},\"primaryImageOfPage\":{\"@id\":\"https:\\\/\\\/nitorlack.com\\\/fr\\\/barniz\\\/accessories\\\/divers-fr\\\/nitorlack-polish-cleaner-nettoyant-pour-guitare\\\/#primaryimage\"},\"image\":{\"@id\":\"https:\\\/\\\/nitorlack.com\\\/fr\\\/barniz\\\/accessories\\\/divers-fr\\\/nitorlack-polish-cleaner-nettoyant-pour-guitare\\\/#primaryimage\"},\"thumbnailUrl\":\"https:\\\/\\\/nitorlack.com\\\/wp-content\\\/uploads\\\/2024\\\/09\\\/limpiador.jpg\",\"datePublished\":\"2020-07-27T07:07:32+00:00\",\"dateModified\":\"2026-04-08T17:08:24+00:00\",\"description\":\"Nettoyant pour guitare indiqu\u00e9 pour l'entretien quotidien et pour faire briller votre guitare. Compatible avec la nitrocellulose.\",\"breadcrumb\":{\"@id\":\"https:\\\/\\\/nitorlack.com\\\/fr\\\/barniz\\\/accessories\\\/divers-fr\\\/nitorlack-polish-cleaner-nettoyant-pour-guitare\\\/#breadcrumb\"},\"inLanguage\":\"fr-FR\",\"potentialAction\":[{\"@type\":\"ReadAction\",\"target\":[\"https:\\\/\\\/nitorlack.com\\\/fr\\\/barniz\\\/accessories\\\/divers-fr\\\/nitorlack-polish-cleaner-nettoyant-pour-guitare\\\/\"]}]},{\"@type\":\"ImageObject\",\"inLanguage\":\"fr-FR\",\"@id\":\"https:\\\/\\\/nitorlack.com\\\/fr\\\/barniz\\\/accessories\\\/divers-fr\\\/nitorlack-polish-cleaner-nettoyant-pour-guitare\\\/#primaryimage\",\"url\":\"https:\\\/\\\/nitorlack.com\\\/wp-content\\\/uploads\\\/2024\\\/09\\\/limpiador.jpg\",\"contentUrl\":\"https:\\\/\\\/nitorlack.com\\\/wp-content\\\/uploads\\\/2024\\\/09\\\/limpiador.jpg\",\"width\":1200,\"height\":1200,\"caption\":\"limpiador de guitarra\"},{\"@type\":\"BreadcrumbList\",\"@id\":\"https:\\\/\\\/nitorlack.com\\\/fr\\\/barniz\\\/accessories\\\/divers-fr\\\/nitorlack-polish-cleaner-nettoyant-pour-guitare\\\/#breadcrumb\",\"itemListElement\":[{\"@type\":\"ListItem\",\"position\":1,\"name\":\"Page de Couverture\",\"item\":\"https:\\\/\\\/nitorlack.com\\\/fr\\\/\"},{\"@type\":\"ListItem\",\"position\":2,\"name\":\"Boutique\",\"item\":\"https:\\\/\\\/nitorlack.com\\\/fr\\\/boutique\\\/\"},{\"@type\":\"ListItem\",\"position\":3,\"name\":\"POLISH &#038; CLEANER\"}]},{\"@type\":\"WebSite\",\"@id\":\"https:\\\/\\\/nitorlack.com\\\/fr\\\/#website\",\"url\":\"https:\\\/\\\/nitorlack.com\\\/fr\\\/\",\"name\":\"Nitorlack\",\"description\":\"Guitar Lacquers\",\"publisher\":{\"@id\":\"https:\\\/\\\/nitorlack.com\\\/fr\\\/#organization\"},\"potentialAction\":[{\"@type\":\"SearchAction\",\"target\":{\"@type\":\"EntryPoint\",\"urlTemplate\":\"https:\\\/\\\/nitorlack.com\\\/fr\\\/?s={search_term_string}\"},\"query-input\":{\"@type\":\"PropertyValueSpecification\",\"valueRequired\":true,\"valueName\":\"search_term_string\"}}],\"inLanguage\":\"fr-FR\"},{\"@type\":\"Organization\",\"@id\":\"https:\\\/\\\/nitorlack.com\\\/fr\\\/#organization\",\"name\":\"Nitorlack\",\"url\":\"https:\\\/\\\/nitorlack.com\\\/fr\\\/\",\"logo\":{\"@type\":\"ImageObject\",\"inLanguage\":\"fr-FR\",\"@id\":\"https:\\\/\\\/nitorlack.com\\\/fr\\\/#\\\/schema\\\/logo\\\/image\\\/\",\"url\":\"http:\\\/\\\/nitorlack.com\\\/wp-content\\\/uploads\\\/2016\\\/02\\\/cropped-galleta-negra-1.jpg\",\"contentUrl\":\"http:\\\/\\\/nitorlack.com\\\/wp-content\\\/uploads\\\/2016\\\/02\\\/cropped-galleta-negra-1.jpg\",\"width\":512,\"height\":512,\"caption\":\"Nitorlack\"},\"image\":{\"@id\":\"https:\\\/\\\/nitorlack.com\\\/fr\\\/#\\\/schema\\\/logo\\\/image\\\/\"}}]}<\/script>\n<!-- \/ Yoast SEO plugin. -->","yoast_head_json":{"title":"Nettoyant pour guitare Nitorlack | POLISH & CLEANER","description":"Nettoyant pour guitare indiqu\u00e9 pour l'entretien quotidien et pour faire briller votre guitare. Compatible avec la nitrocellulose.","robots":{"index":"index","follow":"follow","max-snippet":"max-snippet:-1","max-image-preview":"max-image-preview:large","max-video-preview":"max-video-preview:-1"},"canonical":"https:\/\/nitorlack.com\/fr\/barniz\/accessories\/divers-fr\/nitorlack-polish-cleaner-nettoyant-pour-guitare\/","og_locale":"fr_FR","og_type":"article","og_title":"Nettoyant pour guitare Nitorlack | POLISH & CLEANER","og_description":"Nettoyant pour guitare indiqu\u00e9 pour l'entretien quotidien et pour faire briller votre guitare. Compatible avec la nitrocellulose.","og_url":"https:\/\/nitorlack.com\/fr\/barniz\/accessories\/divers-fr\/nitorlack-polish-cleaner-nettoyant-pour-guitare\/","og_site_name":"Nitorlack","article_modified_time":"2026-04-08T17:08:24+00:00","og_image":[{"width":1200,"height":1200,"url":"https:\/\/nitorlack.com\/wp-content\/uploads\/2024\/09\/limpiador.jpg","type":"image\/jpeg"}],"twitter_card":"summary_large_image","twitter_misc":{"Dur\u00e9e de lecture estim\u00e9e":"1 minute"},"schema":{"@context":"https:\/\/schema.org","@graph":[{"@type":"WebPage","@id":"https:\/\/nitorlack.com\/fr\/barniz\/accessories\/divers-fr\/nitorlack-polish-cleaner-nettoyant-pour-guitare\/","url":"https:\/\/nitorlack.com\/fr\/barniz\/accessories\/divers-fr\/nitorlack-polish-cleaner-nettoyant-pour-guitare\/","name":"Nettoyant pour guitare Nitorlack | POLISH & CLEANER","isPartOf":{"@id":"https:\/\/nitorlack.com\/fr\/#website"},"primaryImageOfPage":{"@id":"https:\/\/nitorlack.com\/fr\/barniz\/accessories\/divers-fr\/nitorlack-polish-cleaner-nettoyant-pour-guitare\/#primaryimage"},"image":{"@id":"https:\/\/nitorlack.com\/fr\/barniz\/accessories\/divers-fr\/nitorlack-polish-cleaner-nettoyant-pour-guitare\/#primaryimage"},"thumbnailUrl":"https:\/\/nitorlack.com\/wp-content\/uploads\/2024\/09\/limpiador.jpg","datePublished":"2020-07-27T07:07:32+00:00","dateModified":"2026-04-08T17:08:24+00:00","description":"Nettoyant pour guitare indiqu\u00e9 pour l'entretien quotidien et pour faire briller votre guitare. Compatible avec la nitrocellulose.","breadcrumb":{"@id":"https:\/\/nitorlack.com\/fr\/barniz\/accessories\/divers-fr\/nitorlack-polish-cleaner-nettoyant-pour-guitare\/#breadcrumb"},"inLanguage":"fr-FR","potentialAction":[{"@type":"ReadAction","target":["https:\/\/nitorlack.com\/fr\/barniz\/accessories\/divers-fr\/nitorlack-polish-cleaner-nettoyant-pour-guitare\/"]}]},{"@type":"ImageObject","inLanguage":"fr-FR","@id":"https:\/\/nitorlack.com\/fr\/barniz\/accessories\/divers-fr\/nitorlack-polish-cleaner-nettoyant-pour-guitare\/#primaryimage","url":"https:\/\/nitorlack.com\/wp-content\/uploads\/2024\/09\/limpiador.jpg","contentUrl":"https:\/\/nitorlack.com\/wp-content\/uploads\/2024\/09\/limpiador.jpg","width":1200,"height":1200,"caption":"limpiador de guitarra"},{"@type":"BreadcrumbList","@id":"https:\/\/nitorlack.com\/fr\/barniz\/accessories\/divers-fr\/nitorlack-polish-cleaner-nettoyant-pour-guitare\/#breadcrumb","itemListElement":[{"@type":"ListItem","position":1,"name":"Page de Couverture","item":"https:\/\/nitorlack.com\/fr\/"},{"@type":"ListItem","position":2,"name":"Boutique","item":"https:\/\/nitorlack.com\/fr\/boutique\/"},{"@type":"ListItem","position":3,"name":"POLISH &#038; CLEANER"}]},{"@type":"WebSite","@id":"https:\/\/nitorlack.com\/fr\/#website","url":"https:\/\/nitorlack.com\/fr\/","name":"Nitorlack","description":"Guitar Lacquers","publisher":{"@id":"https:\/\/nitorlack.com\/fr\/#organization"},"potentialAction":[{"@type":"SearchAction","target":{"@type":"EntryPoint","urlTemplate":"https:\/\/nitorlack.com\/fr\/?s={search_term_string}"},"query-input":{"@type":"PropertyValueSpecification","valueRequired":true,"valueName":"search_term_string"}}],"inLanguage":"fr-FR"},{"@type":"Organization","@id":"https:\/\/nitorlack.com\/fr\/#organization","name":"Nitorlack","url":"https:\/\/nitorlack.com\/fr\/","logo":{"@type":"ImageObject","inLanguage":"fr-FR","@id":"https:\/\/nitorlack.com\/fr\/#\/schema\/logo\/image\/","url":"http:\/\/nitorlack.com\/wp-content\/uploads\/2016\/02\/cropped-galleta-negra-1.jpg","contentUrl":"http:\/\/nitorlack.com\/wp-content\/uploads\/2016\/02\/cropped-galleta-negra-1.jpg","width":512,"height":512,"caption":"Nitorlack"},"image":{"@id":"https:\/\/nitorlack.com\/fr\/#\/schema\/logo\/image\/"}}]}},"_links":{"self":[{"href":"https:\/\/nitorlack.com\/fr\/wp-json\/wp\/v2\/product\/34305","targetHints":{"allow":["GET"]}}],"collection":[{"href":"https:\/\/nitorlack.com\/fr\/wp-json\/wp\/v2\/product"}],"about":[{"href":"https:\/\/nitorlack.com\/fr\/wp-json\/wp\/v2\/types\/product"}],"replies":[{"embeddable":true,"href":"https:\/\/nitorlack.com\/fr\/wp-json\/wp\/v2\/comments?post=34305"}],"wp:featuredmedia":[{"embeddable":true,"href":"https:\/\/nitorlack.com\/fr\/wp-json\/wp\/v2\/media\/74727"}],"wp:attachment":[{"href":"https:\/\/nitorlack.com\/fr\/wp-json\/wp\/v2\/media?parent=34305"}],"wp:term":[{"taxonomy":"product_brand","embeddable":true,"href":"https:\/\/nitorlack.com\/fr\/wp-json\/wp\/v2\/product_brand?post=34305"},{"taxonomy":"product_cat","embeddable":true,"href":"https:\/\/nitorlack.com\/fr\/wp-json\/wp\/v2\/product_cat?post=34305"},{"taxonomy":"product_tag","embeddable":true,"href":"https:\/\/nitorlack.com\/fr\/wp-json\/wp\/v2\/product_tag?post=34305"}],"curies":[{"name":"wp","href":"https:\/\/api.w.org\/{rel}","templated":true}]}}